{"id":10636,"date":"2025-03-26T10:16:37","date_gmt":"2025-03-26T10:16:37","guid":{"rendered":"https:\/\/lottomat.net\/informacije-o-lutriji\/powerball-informacije\/"},"modified":"2025-10-05T16:32:21","modified_gmt":"2025-10-05T16:32:21","slug":"powerball","status":"publish","type":"page","link":"https:\/\/lottomat.com\/hr\/lutrije\/powerball\/","title":{"rendered":"Powerball Nagrade, Pravila &#038; Jackpot"},"content":{"rendered":"\n\n<div class=\"kk-star-ratings kksr-auto kksr-align-left kksr-valign-top\"\n    data-payload='{&quot;align&quot;:&quot;left&quot;,&quot;id&quot;:&quot;10636&quot;,&quot;slug&quot;:&quot;default&quot;,&quot;valign&quot;:&quot;top&quot;,&quot;ignore&quot;:&quot;&quot;,&quot;reference&quot;:&quot;auto&quot;,&quot;class&quot;:&quot;&quot;,&quot;count&quot;:&quot;0&quot;,&quot;legendonly&quot;:&quot;&quot;,&quot;readonly&quot;:&quot;&quot;,&quot;score&quot;:&quot;0&quot;,&quot;starsonly&quot;:&quot;&quot;,&quot;best&quot;:&quot;5&quot;,&quot;gap&quot;:&quot;5&quot;,&quot;greet&quot;:&quot;Rate this page&quot;,&quot;legend&quot;:&quot;0\\\/5 - (0 votes)&quot;,&quot;size&quot;:&quot;30&quot;,&quot;title&quot;:&quot;Powerball Nagrade, Pravila \\u0026amp; Jackpot&quot;,&quot;width&quot;:&quot;0&quot;,&quot;_legend&quot;:&quot;{score}\\\/{best} - ({count} {votes})&quot;,&quot;font_factor&quot;:&quot;1.25&quot;}'>\n            \n<div class=\"kksr-stars\">\n    \n<div class=\"kksr-stars-inactive\">\n            <div class=\"kksr-star\" data-star=\"1\" style=\"padding-right: 5px\">\n            \n\n<div class=\"kksr-icon\" style=\"width: 30px; height: 30px;\"><\/div>\n        <\/div>\n            <div class=\"kksr-star\" data-star=\"2\" style=\"padding-right: 5px\">\n            \n\n<div class=\"kksr-icon\" style=\"width: 30px; height: 30px;\"><\/div>\n        <\/div>\n            <div class=\"kksr-star\" data-star=\"3\" style=\"padding-right: 5px\">\n            \n\n<div class=\"kksr-icon\" style=\"width: 30px; height: 30px;\"><\/div>\n        <\/div>\n            <div class=\"kksr-star\" data-star=\"4\" style=\"padding-right: 5px\">\n            \n\n<div class=\"kksr-icon\" style=\"width: 30px; height: 30px;\"><\/div>\n        <\/div>\n            <div class=\"kksr-star\" data-star=\"5\" style=\"padding-right: 5px\">\n            \n\n<div class=\"kksr-icon\" style=\"width: 30px; height: 30px;\"><\/div>\n        <\/div>\n    <\/div>\n    \n<div class=\"kksr-stars-active\" style=\"width: 0px;\">\n            <div class=\"kksr-star\" style=\"padding-right: 5px\">\n            \n\n<div class=\"kksr-icon\" style=\"width: 30px; height: 30px;\"><\/div>\n        <\/div>\n            <div class=\"kksr-star\" style=\"padding-right: 5px\">\n            \n\n<div class=\"kksr-icon\" style=\"width: 30px; height: 30px;\"><\/div>\n        <\/div>\n            <div class=\"kksr-star\" style=\"padding-right: 5px\">\n            \n\n<div class=\"kksr-icon\" style=\"width: 30px; height: 30px;\"><\/div>\n        <\/div>\n            <div class=\"kksr-star\" style=\"padding-right: 5px\">\n            \n\n<div class=\"kksr-icon\" style=\"width: 30px; height: 30px;\"><\/div>\n        <\/div>\n            <div class=\"kksr-star\" style=\"padding-right: 5px\">\n            \n\n<div class=\"kksr-icon\" style=\"width: 30px; height: 30px;\"><\/div>\n        <\/div>\n    <\/div>\n<\/div>\n                \n\n<div class=\"kksr-legend\" style=\"font-size: 24px;\">\n            <span class=\"kksr-muted\">Rate this page<\/span>\n    <\/div>\n    <\/div>\n<p>Saznajte vi\u0161e o Powerball nagradama, jackpota i pravilima igre. Powerball Lotto \u2013 Igra na sre\u0107u ili lutrija jedna je od najpopularnijih oblika zabave kockanjem u svijetu. Ve\u0107ina nas sudjelovala je barem jednom u izvla\u010denju lutrije. Lutrije su vrlo jednostavne i uzbudljive igre s jasnim pravilima. U njima nema ni\u010deg kompliciranog, i svatko mo\u017ee vrlo brzo nau\u010diti pravila bilo koje lutrije. Ako ste ljubitelj igara s brojevima i jo\u0161 uvijek tra\u017eite novu i zanimljivu lutriju za isprobati, trebali biste pro\u010ditati ovaj \u010dlanak. Re\u0107i \u0107emo vam \u0161to je najpoznatiji Powerball lotto na svijetu, kako funkcionira igra, koje su \u0161anse i rizici te koliko se mo\u017ee osvojiti (Powerball nagrade i jackpot).<\/p>\n<h2><img loading=\"lazy\" decoding=\"async\" class=\"alignleft wp-image-252449\" src=\"https:\/\/lottomat.com\/wp-content\/uploads\/2025\/10\/Powerball-jackpot-300x300.webp\" alt=\"Powerball jackpot\" width=\"200\" height=\"200\" srcset=\"https:\/\/lottomat.com\/wp-content\/uploads\/2025\/10\/Powerball-jackpot-300x300.webp 300w, https:\/\/lottomat.com\/wp-content\/uploads\/2025\/10\/Powerball-jackpot-150x150.webp 150w, https:\/\/lottomat.com\/wp-content\/uploads\/2025\/10\/Powerball-jackpot-100x100.webp 100w, https:\/\/lottomat.com\/wp-content\/uploads\/2025\/10\/Powerball-jackpot.webp 400w\" sizes=\"auto, (max-width: 200px) 100vw, 200px\" \/>\u0160to je Powerball Lutrija?<\/h2>\n<p>Powerball je ameri\u010dka lutrija koja postoji od <strong>1988<\/strong>. Nekada je bila poznata kao Lotto America, ali je <strong>1992<\/strong>. godine preimenovana u dana\u0161nji Powerball. Ameri\u010dki Powerball jedna je od <a href=\"https:\/\/lottomat.com\/hr\/\">najpopularnijih lutrija na svijetu<\/a>; ima urede u SAD-u u \u010dak <strong>45 saveznih dr\u017eava<\/strong>, kao i u Distriktu Columbia, Portoriku i Djevi\u010danskim Otocima. Vrijedi spomenuti da je lutrija bila prete\u010da izvla\u010denja iz dva bubnja, \u0161to je omogu\u0107avalo ve\u0107e dobitke. Powerball lotto izvla\u010denja odr\u017eavaju se svakog <strong>ponedjeljka, srijede i subote u 22:59 EST<\/strong>. Studio Florida Lottery obi\u010dno je mjesto izvla\u010denja. Ako ne \u017eivite ili ne boravite u Sjedinjenim Dr\u017eavama i nemate mogu\u0107nost <a href=\"https:\/\/lottomat.com\/hr\/igrajte\/powerball\/\">kupnje Powerball lotto tickets online<\/a>, sve \u0161to trebate u\u010diniti jest koristiti na\u0161 <strong>LottoMat website<\/strong>. Ovdje mo\u017eete igrati Powerball lotto putem interneta, \u010ditati zanimljive \u010dlanke i <a href=\"https:\/\/lottomat.com\/hr\/rezultati\/powerball\/\">provjeriti najnovije rezultate Powerball izvla\u010denja<\/a>.<\/p>\n<h2>Koja su Pravila Igranja Powerball Lutrije?<\/h2>\n<p>Od stvaranja lutrije, pravila su se vi\u0161e puta mijenjala; obi\u010dno su se modernizirala kako bi igra\u010dima omogu\u0107ila osvajanje ve\u0107ih Powerball nagrada. U po\u010detku je trebalo odabrati sedam brojeva iz skupa od 40. Zatim je dodan izbor drugog bonus broja iz manjeg skupa. Veli\u010dina skupa mijenjala se nekoliko puta dok kona\u010dno nije dogovoreno da se odabire <strong>pet brojeva od 69 i jedan od 26<\/strong> takozvanih Powerballs. Ta pravila vrijede i danas. Broj iz glavnog izvla\u010denja mo\u017ee biti identi\u010dan s drugim.<\/p>\n<h2>Koji su Rizici i \u0160anse za Dobitak Powerball Nagrada?<\/h2>\n<p>Jednom rije\u010dju \u2013 veliki. Vjerojatnost osvajanja nagrade prve razine je <strong>1:292 milijuna<\/strong>. \u0160anse za osvajanje nagrade druge razine iznose samo <strong>1:11,5 milijuna<\/strong>, \u0161to je ogroman jaz, a \u0161anse postaju jo\u0161 manje. Za usporedbu, \u0161anse za osvajanje glavne nagrade u poljskom Lottu su 1:14 milijuna. U Powerball lottu, <strong>1 od svakih 25 poslanih tickets osvaja nagradu<\/strong>. Dakle, rizik nije mali, ali ni dobici nisu mali; zapravo, jedni su od najve\u0107ih u svijetu. Zato, unato\u010d tako malim izgledima, broj ljudi zainteresiranih za Powerball ne opada, nego svake godine raste. Minimalna uplata za Powerball je <strong>5 dolara<\/strong>, \u0161to je vrlo privla\u010dno ve\u0107ini igra\u010da, posebno s obzirom na visoke dobitke.<\/p>\n<h2><img loading=\"lazy\" decoding=\"async\" class=\"wp-image-252479 alignright\" src=\"https:\/\/lottomat.com\/wp-content\/uploads\/2025\/10\/Powerball-prizes-300x300.webp\" alt=\"Powerball nagrade\" width=\"200\" height=\"200\" srcset=\"https:\/\/lottomat.com\/wp-content\/uploads\/2025\/10\/Powerball-prizes-300x300.webp 300w, https:\/\/lottomat.com\/wp-content\/uploads\/2025\/10\/Powerball-prizes-150x150.webp 150w, https:\/\/lottomat.com\/wp-content\/uploads\/2025\/10\/Powerball-prizes-100x100.webp 100w, https:\/\/lottomat.com\/wp-content\/uploads\/2025\/10\/Powerball-prizes.webp 400w\" sizes=\"auto, (max-width: 200px) 100vw, 200px\" \/><\/h2>\n<h2>Koje su Powerball Nagrade \u2013 Koliko se Mo\u017ee Dobiti?<\/h2>\n<p>Re\u0107i da Powerball nudi vrlo visoke dobitke je kao da niste ni\u0161ta rekli. Govorimo o ogromnim iznosima; te\u0161ko je zamisliti \u0161to biste u\u010dinili s tolikom nagradom. Ako osvojite, va\u0161a djeca, unuci, praunuci i pra-praunuci nikada vi\u0161e ne\u0107e morati raditi. Najni\u017ei zajam\u010deni dobitak u Powerballu iznosi <strong>20 milijuna dolara<\/strong>. Da ne spominjemo da je prosje\u010dni dobitak oko 110-120 milijuna dolara. Dobici druge razine izgledaju manje privla\u010dno. To je \u201eskromnih\u201c <strong>jedan milijun dolara<\/strong>. Me\u0111utim, dovoljno je pogoditi pet to\u010dnih brojeva da biste postali sretni dobitnik. Sve se, me\u0111utim, mijenja kada se dogodi rollover. Oh, da! Rollover jackpot u Powerballu je \u010dista ludost.<\/p>\n<h2>Kakvi su Powerball Rollovers?<\/h2>\n<p>Ono \u0161to prije svega razlikuje Powerball od, primjerice, poljskog Lotta jesu masivni rollovers, koji ubrzavaju otkucaje srca, a jackpotovi koji s njima dolaze nevjerojatno su visoki. Kako emocije ne bi sko\u010dile u nebo kada Powerball <strong>nema gornje granice rollovers<\/strong>? To zna\u010di da, ako igra\u010di imaju sre\u0107e i nekoliko puta nitko ne osvoji glavnu nagradu, fond se akumulira sve dok se ne izvuku to\u010dni brojevi. Rollover jackpot obi\u010dno se dijeli me\u0111u nekoliko igra\u010da, \u0161to zna\u010di da se nagrada proporcionalno raspodjeljuje. No, vi\u0161e se puta u povijesti Powerballa dogodilo da je samo jedna osoba pogodila izvu\u010dene brojeve i osvojila cijeli jackpot za sebe.<\/p>\n<h2>Koji je Bio Rekordan Dobitak u Powerball Lutriji?<img loading=\"lazy\" decoding=\"async\" class=\"wp-image-252509 alignleft\" src=\"https:\/\/lottomat.com\/wp-content\/uploads\/2025\/10\/Powerball-rules-300x300.webp\" alt=\"Powerball pravila\" width=\"200\" height=\"200\" srcset=\"https:\/\/lottomat.com\/wp-content\/uploads\/2025\/10\/Powerball-rules-300x300.webp 300w, https:\/\/lottomat.com\/wp-content\/uploads\/2025\/10\/Powerball-rules-150x150.webp 150w, https:\/\/lottomat.com\/wp-content\/uploads\/2025\/10\/Powerball-rules-100x100.webp 100w, https:\/\/lottomat.com\/wp-content\/uploads\/2025\/10\/Powerball-rules.webp 400w\" sizes=\"auto, (max-width: 200px) 100vw, 200px\" \/><\/h2>\n<p>Rekordni jackpot u povijesti Powerballa osvojen je <strong>7. studenog 2022<\/strong>. i iznosio je nevjerojatnih <strong>2,04 milijarde dolara<\/strong> s gotovinskom vrijedno\u0161\u0107u od <strong>997,6 milijuna dolara<\/strong>. To i dalje ostaje najve\u0107i lutrijski jackpot ikada osvojen u svijetu. Dobitni ticket prodan je u Kaliforniji i preuzeo ga je jedan dobitnik. Drugi najve\u0107i Powerball jackpot iznosio je <strong>1,787 milijardi dolara<\/strong>, osvojen u rujnu 2025. putem tickets prodanih u Missouriju i Texasu.<\/p>\n<h2>Tko Mo\u017ee Igrati Powerball i Osvojiti Powerball Nagrade?<\/h2>\n<p>Svatko ima priliku igrati sve dok je punoljetan. Ne tako davno, Powerball je bio dostupan samo Amerikancima ili bilo kome na teritoriju SAD-a tko je mogao koristiti ured lutrije. Sada je sve druga\u010dije. A sve to zahvaljuju\u0107i internetskim lutrijama i na\u0161em <a href=\"https:\/\/lottomat.com\/hr\/\"><strong>LottoMat websiteu<\/strong><\/a>. Nije va\u017eno \u017eivite li u Africi, Aziji ili Europi. Ili sjedite li za stolom, le\u017eite u krevetu, tr\u010dite ili se opu\u0161tate u dvori\u0161tu. Mo\u017eete igrati Powerball i osvojiti Powerball jackpot bilo gdje. Internetske lutrije postale su nevjerojatno popularne; ve\u0107ina igra\u010da koristi ovu vrstu rje\u0161enja jer je prakti\u010dna. Sve \u0161to vam treba je <strong>pristup internetu<\/strong>. To igra\u010dima daje puno slobode diljem svijeta.<\/p>\n<h2>Kako Igrati Powerball Preko Interneta?<\/h2>\n<p>Sve \u0161to trebate u\u010diniti jest prijaviti se na <strong>LottoMat website<\/strong> i ispuniti ticket sa svojim omiljenim brojevima. To je sve. Zatim \u010dekate izvla\u010denje i provjerite rezultate Powerballa. Oni se tako\u0111er lako mogu pogledati na na\u0161oj stranici. Igranje Powerballa preko interneta izuzetno je jednostavno i donosi mnogo uzbu\u0111enja.<\/p>\n<h2>Kada se Odr\u017eavaju Powerball Lotto Izvla\u010denja?<\/h2>\n<p>Izvla\u010denja Powerballa odr\u017eavaju se <strong>tri puta tjedno \u2013 ponedjeljkom, srijedom i subotom<\/strong>. Tra\u017eite sna\u017ena uzbu\u0111enja i fantasti\u010dne dobitke? Igrajte Powerball lotto online \u2013 brzo, prakti\u010dno i bez napu\u0161tanja ku\u0107e. Sretno!<\/p>\n<h2>Tablica Powerball Nagrada i \u0160ansi za Dobitak<\/h2>\n","protected":false},"excerpt":{"rendered":"<p>Saznajte vi\u0161e o Powerball nagradama, jackpota i pravilima igre. Powerball Lotto \u2013 Igra na sre\u0107u ili lutrija jedna je od najpopularnijih oblika zabave kockanjem u svijetu. Ve\u0107ina nas sudjelovala je barem jednom u izvla\u010denju lutrije. Lutrije su vrlo jednostavne i uzbudljive igre s jasnim pravilima. U njima nema ni\u010deg kompliciranog, i svatko mo\u017ee vrlo brzo [&hellip;]<\/p>\n","protected":false},"author":1,"featured_media":0,"parent":7067,"menu_order":1,"comment_status":"closed","ping_status":"closed","template":"powerball-usa-info.php","meta":{"_et_pb_use_builder":"","_et_pb_old_content":"","_et_gb_content_width":"","exclude_from_search":false,"footnotes":""},"class_list":["post-10636","page","type-page","status-publish","hentry"],"yoast_head":"<!-- This site is optimized with the Yoast SEO plugin v23.8 - https:\/\/yoast.com\/wordpress\/plugins\/seo\/ -->\n<title>Powerball Nagrade, Pravila &amp; Jackpot - Lottomat Hrvatska<\/title>\n<meta name=\"description\" content=\"Provjerite Powerball nagrade, jackpot i pravila igre Powerball. Saznajte vi\u0161e o svojim \u0161ansama za dobitak na ovoj ameri\u010dkoj lutriji.\" \/>\n<meta name=\"robots\" content=\"index, follow, max-snippet:-1, max-image-preview:large, max-video-preview:-1\" \/>\n<link rel=\"canonical\" href=\"https:\/\/lottomat.com\/hr\/lutrije\/powerball\/\" \/>\n<meta property=\"og:locale\" content=\"hr_HR\" \/>\n<meta property=\"og:type\" content=\"article\" \/>\n<meta property=\"og:title\" content=\"Powerball Nagrade, Pravila &amp; Jackpot - Lottomat Hrvatska\" \/>\n<meta property=\"og:description\" content=\"Provjerite Powerball nagrade, jackpot i pravila igre Powerball. Saznajte vi\u0161e o svojim \u0161ansama za dobitak na ovoj ameri\u010dkoj lutriji.\" \/>\n<meta property=\"og:url\" content=\"https:\/\/lottomat.com\/hr\/lutrije\/powerball\/\" \/>\n<meta property=\"og:site_name\" content=\"Lottomat\" \/>\n<meta property=\"article:modified_time\" content=\"2025-10-05T16:32:21+00:00\" \/>\n<meta property=\"og:image\" content=\"https:\/\/lottomat.com\/wp-content\/uploads\/2025\/10\/Powerball-jackpot-300x300.webp\" \/>\n<meta name=\"twitter:card\" content=\"summary_large_image\" \/>\n<meta name=\"twitter:label1\" content=\"Procijenjeno vrijeme \u010ditanja\" \/>\n\t<meta name=\"twitter:data1\" content=\"5 minuta\" \/>\n<script type=\"application\/ld+json\" class=\"yoast-schema-graph\">{\"@context\":\"https:\/\/schema.org\",\"@graph\":[{\"@type\":\"WebPage\",\"@id\":\"https:\/\/lottomat.com\/hr\/lutrije\/powerball\/\",\"url\":\"https:\/\/lottomat.com\/hr\/lutrije\/powerball\/\",\"name\":\"Powerball Nagrade, Pravila & Jackpot - Lottomat Hrvatska\",\"isPartOf\":{\"@id\":\"https:\/\/lottomat.com\/hr\/#website\"},\"primaryImageOfPage\":{\"@id\":\"https:\/\/lottomat.com\/hr\/lutrije\/powerball\/#primaryimage\"},\"image\":{\"@id\":\"https:\/\/lottomat.com\/hr\/lutrije\/powerball\/#primaryimage\"},\"thumbnailUrl\":\"https:\/\/lottomat.com\/wp-content\/uploads\/2025\/10\/Powerball-jackpot-300x300.webp\",\"datePublished\":\"2025-03-26T10:16:37+00:00\",\"dateModified\":\"2025-10-05T16:32:21+00:00\",\"description\":\"Provjerite Powerball nagrade, jackpot i pravila igre Powerball. Saznajte vi\u0161e o svojim \u0161ansama za dobitak na ovoj ameri\u010dkoj lutriji.\",\"breadcrumb\":{\"@id\":\"https:\/\/lottomat.com\/hr\/lutrije\/powerball\/#breadcrumb\"},\"inLanguage\":\"hr\",\"potentialAction\":[{\"@type\":\"ReadAction\",\"target\":[\"https:\/\/lottomat.com\/hr\/lutrije\/powerball\/\"]}]},{\"@type\":\"ImageObject\",\"inLanguage\":\"hr\",\"@id\":\"https:\/\/lottomat.com\/hr\/lutrije\/powerball\/#primaryimage\",\"url\":\"https:\/\/lottomat.com\/wp-content\/uploads\/2025\/10\/Powerball-jackpot-300x300.webp\",\"contentUrl\":\"https:\/\/lottomat.com\/wp-content\/uploads\/2025\/10\/Powerball-jackpot-300x300.webp\"},{\"@type\":\"BreadcrumbList\",\"@id\":\"https:\/\/lottomat.com\/hr\/lutrije\/powerball\/#breadcrumb\",\"itemListElement\":[{\"@type\":\"ListItem\",\"position\":1,\"name\":\"Home\",\"item\":\"https:\/\/lottomat.com\/hr\/\"},{\"@type\":\"ListItem\",\"position\":2,\"name\":\"Pravila lutrije: Nagrade, Jackpot i Izgledi\",\"item\":\"https:\/\/lottomat.com\/hr\/lutrije\/\"},{\"@type\":\"ListItem\",\"position\":3,\"name\":\"Powerball Nagrade, Pravila &#038; Jackpot\"}]},{\"@type\":\"WebSite\",\"@id\":\"https:\/\/lottomat.com\/hr\/#website\",\"url\":\"https:\/\/lottomat.com\/hr\/\",\"name\":\"Lottomat\",\"description\":\"\",\"potentialAction\":[{\"@type\":\"SearchAction\",\"target\":{\"@type\":\"EntryPoint\",\"urlTemplate\":\"https:\/\/lottomat.com\/hr\/?s={search_term_string}\"},\"query-input\":{\"@type\":\"PropertyValueSpecification\",\"valueRequired\":true,\"valueName\":\"search_term_string\"}}],\"inLanguage\":\"hr\"}]}<\/script>\n<!-- \/ Yoast SEO plugin. -->","yoast_head_json":{"title":"Powerball Nagrade, Pravila & Jackpot - Lottomat Hrvatska","description":"Provjerite Powerball nagrade, jackpot i pravila igre Powerball. Saznajte vi\u0161e o svojim \u0161ansama za dobitak na ovoj ameri\u010dkoj lutriji.","robots":{"index":"index","follow":"follow","max-snippet":"max-snippet:-1","max-image-preview":"max-image-preview:large","max-video-preview":"max-video-preview:-1"},"canonical":"https:\/\/lottomat.com\/hr\/lutrije\/powerball\/","og_locale":"hr_HR","og_type":"article","og_title":"Powerball Nagrade, Pravila & Jackpot - Lottomat Hrvatska","og_description":"Provjerite Powerball nagrade, jackpot i pravila igre Powerball. Saznajte vi\u0161e o svojim \u0161ansama za dobitak na ovoj ameri\u010dkoj lutriji.","og_url":"https:\/\/lottomat.com\/hr\/lutrije\/powerball\/","og_site_name":"Lottomat","article_modified_time":"2025-10-05T16:32:21+00:00","og_image":[{"url":"https:\/\/lottomat.com\/wp-content\/uploads\/2025\/10\/Powerball-jackpot-300x300.webp"}],"twitter_card":"summary_large_image","twitter_misc":{"Procijenjeno vrijeme \u010ditanja":"5 minuta"},"schema":{"@context":"https:\/\/schema.org","@graph":[{"@type":"WebPage","@id":"https:\/\/lottomat.com\/hr\/lutrije\/powerball\/","url":"https:\/\/lottomat.com\/hr\/lutrije\/powerball\/","name":"Powerball Nagrade, Pravila & Jackpot - Lottomat Hrvatska","isPartOf":{"@id":"https:\/\/lottomat.com\/hr\/#website"},"primaryImageOfPage":{"@id":"https:\/\/lottomat.com\/hr\/lutrije\/powerball\/#primaryimage"},"image":{"@id":"https:\/\/lottomat.com\/hr\/lutrije\/powerball\/#primaryimage"},"thumbnailUrl":"https:\/\/lottomat.com\/wp-content\/uploads\/2025\/10\/Powerball-jackpot-300x300.webp","datePublished":"2025-03-26T10:16:37+00:00","dateModified":"2025-10-05T16:32:21+00:00","description":"Provjerite Powerball nagrade, jackpot i pravila igre Powerball. Saznajte vi\u0161e o svojim \u0161ansama za dobitak na ovoj ameri\u010dkoj lutriji.","breadcrumb":{"@id":"https:\/\/lottomat.com\/hr\/lutrije\/powerball\/#breadcrumb"},"inLanguage":"hr","potentialAction":[{"@type":"ReadAction","target":["https:\/\/lottomat.com\/hr\/lutrije\/powerball\/"]}]},{"@type":"ImageObject","inLanguage":"hr","@id":"https:\/\/lottomat.com\/hr\/lutrije\/powerball\/#primaryimage","url":"https:\/\/lottomat.com\/wp-content\/uploads\/2025\/10\/Powerball-jackpot-300x300.webp","contentUrl":"https:\/\/lottomat.com\/wp-content\/uploads\/2025\/10\/Powerball-jackpot-300x300.webp"},{"@type":"BreadcrumbList","@id":"https:\/\/lottomat.com\/hr\/lutrije\/powerball\/#breadcrumb","itemListElement":[{"@type":"ListItem","position":1,"name":"Home","item":"https:\/\/lottomat.com\/hr\/"},{"@type":"ListItem","position":2,"name":"Pravila lutrije: Nagrade, Jackpot i Izgledi","item":"https:\/\/lottomat.com\/hr\/lutrije\/"},{"@type":"ListItem","position":3,"name":"Powerball Nagrade, Pravila &#038; Jackpot"}]},{"@type":"WebSite","@id":"https:\/\/lottomat.com\/hr\/#website","url":"https:\/\/lottomat.com\/hr\/","name":"Lottomat","description":"","potentialAction":[{"@type":"SearchAction","target":{"@type":"EntryPoint","urlTemplate":"https:\/\/lottomat.com\/hr\/?s={search_term_string}"},"query-input":{"@type":"PropertyValueSpecification","valueRequired":true,"valueName":"search_term_string"}}],"inLanguage":"hr"}]}},"_links":{"self":[{"href":"https:\/\/lottomat.com\/hr\/wp-json\/wp\/v2\/pages\/10636","targetHints":{"allow":["GET"]}}],"collection":[{"href":"https:\/\/lottomat.com\/hr\/wp-json\/wp\/v2\/pages"}],"about":[{"href":"https:\/\/lottomat.com\/hr\/wp-json\/wp\/v2\/types\/page"}],"author":[{"embeddable":true,"href":"https:\/\/lottomat.com\/hr\/wp-json\/wp\/v2\/users\/1"}],"replies":[{"embeddable":true,"href":"https:\/\/lottomat.com\/hr\/wp-json\/wp\/v2\/comments?post=10636"}],"version-history":[{"count":2,"href":"https:\/\/lottomat.com\/hr\/wp-json\/wp\/v2\/pages\/10636\/revisions"}],"predecessor-version":[{"id":253060,"href":"https:\/\/lottomat.com\/hr\/wp-json\/wp\/v2\/pages\/10636\/revisions\/253060"}],"up":[{"embeddable":true,"href":"https:\/\/lottomat.com\/hr\/wp-json\/wp\/v2\/pages\/7067"}],"wp:attachment":[{"href":"https:\/\/lottomat.com\/hr\/wp-json\/wp\/v2\/media?parent=10636"}],"curies":[{"name":"wp","href":"https:\/\/api.w.org\/{rel}","templated":true}]}}