{"id":10124,"date":"2025-03-26T13:41:46","date_gmt":"2025-03-26T13:41:46","guid":{"rendered":"https:\/\/lottomat.net\/informacije-o-lutriji\/informacije-o-mega-milijunima\/"},"modified":"2026-02-26T20:28:05","modified_gmt":"2026-02-26T20:28:05","slug":"mega-millions","status":"publish","type":"page","link":"https:\/\/lottomat.com\/hr\/lutrije\/mega-millions\/","title":{"rendered":"Mega Millions Nagrade, Pravila &#038; D\u017eekpot"},"content":{"rendered":"\n\n<div class=\"kk-star-ratings kksr-auto kksr-align-left kksr-valign-top\"\n    data-payload='{&quot;align&quot;:&quot;left&quot;,&quot;id&quot;:&quot;10124&quot;,&quot;slug&quot;:&quot;default&quot;,&quot;valign&quot;:&quot;top&quot;,&quot;ignore&quot;:&quot;&quot;,&quot;reference&quot;:&quot;auto&quot;,&quot;class&quot;:&quot;&quot;,&quot;count&quot;:&quot;0&quot;,&quot;legendonly&quot;:&quot;&quot;,&quot;readonly&quot;:&quot;&quot;,&quot;score&quot;:&quot;0&quot;,&quot;starsonly&quot;:&quot;&quot;,&quot;best&quot;:&quot;5&quot;,&quot;gap&quot;:&quot;5&quot;,&quot;greet&quot;:&quot;Rate this page&quot;,&quot;legend&quot;:&quot;0\\\/5 - (0 votes)&quot;,&quot;size&quot;:&quot;30&quot;,&quot;title&quot;:&quot;Mega Millions Nagrade, Pravila \\u0026amp; D\u017eekpot&quot;,&quot;width&quot;:&quot;0&quot;,&quot;_legend&quot;:&quot;{score}\\\/{best} - ({count} {votes})&quot;,&quot;font_factor&quot;:&quot;1.25&quot;}'>\n            \n<div class=\"kksr-stars\">\n    \n<div class=\"kksr-stars-inactive\">\n            <div class=\"kksr-star\" data-star=\"1\" style=\"padding-right: 5px\">\n            \n\n<div class=\"kksr-icon\" style=\"width: 30px; height: 30px;\"><\/div>\n        <\/div>\n            <div class=\"kksr-star\" data-star=\"2\" style=\"padding-right: 5px\">\n            \n\n<div class=\"kksr-icon\" style=\"width: 30px; height: 30px;\"><\/div>\n        <\/div>\n            <div class=\"kksr-star\" data-star=\"3\" style=\"padding-right: 5px\">\n            \n\n<div class=\"kksr-icon\" style=\"width: 30px; height: 30px;\"><\/div>\n        <\/div>\n            <div class=\"kksr-star\" data-star=\"4\" style=\"padding-right: 5px\">\n            \n\n<div class=\"kksr-icon\" style=\"width: 30px; height: 30px;\"><\/div>\n        <\/div>\n            <div class=\"kksr-star\" data-star=\"5\" style=\"padding-right: 5px\">\n            \n\n<div class=\"kksr-icon\" style=\"width: 30px; height: 30px;\"><\/div>\n        <\/div>\n    <\/div>\n    \n<div class=\"kksr-stars-active\" style=\"width: 0px;\">\n            <div class=\"kksr-star\" style=\"padding-right: 5px\">\n            \n\n<div class=\"kksr-icon\" style=\"width: 30px; height: 30px;\"><\/div>\n        <\/div>\n            <div class=\"kksr-star\" style=\"padding-right: 5px\">\n            \n\n<div class=\"kksr-icon\" style=\"width: 30px; height: 30px;\"><\/div>\n        <\/div>\n            <div class=\"kksr-star\" style=\"padding-right: 5px\">\n            \n\n<div class=\"kksr-icon\" style=\"width: 30px; height: 30px;\"><\/div>\n        <\/div>\n            <div class=\"kksr-star\" style=\"padding-right: 5px\">\n            \n\n<div class=\"kksr-icon\" style=\"width: 30px; height: 30px;\"><\/div>\n        <\/div>\n            <div class=\"kksr-star\" style=\"padding-right: 5px\">\n            \n\n<div class=\"kksr-icon\" style=\"width: 30px; height: 30px;\"><\/div>\n        <\/div>\n    <\/div>\n<\/div>\n                \n\n<div class=\"kksr-legend\" style=\"font-size: 24px;\">\n            <span class=\"kksr-muted\">Rate this page<\/span>\n    <\/div>\n    <\/div>\n<p><strong>Da li \u017eeli\u0161 da osvoji\u0161 Mega Millions nagrade i d\u017eekpotove?<\/strong> Igra\u010di iz celog sveta se stalno pitaju kako da provale sistem u igrama sa brojevima, na koju lutriju da se klade, da li da igraju kombinacije ili da se dr\u017ee dosledno jedne igre. Na\u017ealost, ne postoji jedinstven i univerzalan odgovor na to pitanje. Svaki iskusni igra\u010d ima svoje teorije, uverenja i navike. Ono \u0161to se mo\u017ee uraditi, pre svega, jeste da se nau\u010di \u0161to vi\u0161e o razli\u010ditim onlajn lutrijama kako bi se donela informisana odluka \u0161ta igrati. Sve \u0161to treba da zna\u0161 o najboljim i najpopularnijim onlajn igrama na sre\u0107u nalazi se na sajtu LottoMat. Tamo mo\u017ee\u0161 i da igra\u0161 svoju omiljenu lutriju ili da <a href=\"https:\/\/lottomat.com\/hr\/rezultati\/\">proveri\u0161 najnovije rezultate izvla\u010denja<\/a>. U \u010dlanku ispod fokusira\u0107emo se na nagrade, pravila i osnovne informacije o Mega Millions.<\/p>\n<h2>\u0160ta je Mega Millions lutrija?<img loading=\"lazy\" decoding=\"async\" class=\"alignright wp-image-253136\" src=\"https:\/\/lottomat.com\/wp-content\/uploads\/2025\/10\/prizes-and-jackpot.webp\" alt=\"nagrade i d\u017eekpot\" width=\"200\" height=\"200\" srcset=\"https:\/\/lottomat.com\/wp-content\/uploads\/2025\/10\/prizes-and-jackpot.webp 400w, https:\/\/lottomat.com\/wp-content\/uploads\/2025\/10\/prizes-and-jackpot-300x300.webp 300w, https:\/\/lottomat.com\/wp-content\/uploads\/2025\/10\/prizes-and-jackpot-150x150.webp 150w, https:\/\/lottomat.com\/wp-content\/uploads\/2025\/10\/prizes-and-jackpot-100x100.webp 100w\" sizes=\"auto, (max-width: 200px) 100vw, 200px\" \/><\/h2>\n<p>Mega Millions online, zajedno sa Powerball igrom, najpopularnija je ameri\u010dka lutrija zasnovana na izvla\u010denju brojeva. Popularnost je stekla zahvaljuju\u0107i jednostavnim pravilima, astronomskim dobicima i, pre svega, neverovatnim \u0161ansama za dobitak. Nevi\u0111ene emocije prate svako izvla\u010denje, a kada se pojavi Mega Millions d\u017eekpot, ne polude samo igra\u010di, ve\u0107 i oni koji uop\u0161te ne u\u010destvuju. Karte za ovu lutriju kupuje skoro svaki Amerikanac, \u010dak i oni koji se ina\u010de ne zanimaju za igre na sre\u0107u. D\u017eekpotovi ne uzbu\u0111uju samo Amerikance, ve\u0107 je igra popularna \u0161irom sveta. Zahvaljuju\u0107i mogu\u0107nosti da <a href=\"https:\/\/lottomat.com\/hr\/igrajte\/mega-millions\/\">igra\u0161 Mega Millions online<\/a>, svaki punoletan mo\u017ee u\u010destvovati u ovoj neverovatnoj lutriji bilo gde u svetu.<\/p>\n<h2>Koja je istorija Mega Millions?<\/h2>\n<p>Ova lutrija je osnovana 1996. godine i prvobitno se zvala The Big Game, da bi \u0161est godina kasnije dobila ime koje danas poznajemo: Mega Millions. U po\u010detku je bila dostupna samo u \u0161est saveznih dr\u017eava: D\u017eord\u017eija, Merilend, Ilinois, Masa\u010dusets, Vird\u017einija i Mi\u010digen. Danas Mega Millions ima kancelarije u <strong>45 dr\u017eava, Distriktu Kolumbija i Ameri\u010dkim Devi\u010danskim Ostrvima<\/strong>. Izvla\u010denja Mega Millions odr\u017eavaju se svake <strong>srede i subote uve\u010de u 03:00 UTC<\/strong>, uklju\u010duju\u0107i i praznike koje obele\u017eava D\u017eord\u017eija lutrija. Izvla\u010denja za nagrade Mega Millions i glavni d\u017eekpot odr\u017eavaju se u D\u017eord\u017eiji, u Atlanti.<\/p>\n<h2><img loading=\"lazy\" decoding=\"async\" class=\"alignleft wp-image-253166\" src=\"https:\/\/lottomat.com\/wp-content\/uploads\/2025\/10\/Mega-Millions-jackpot.webp\" alt=\"Mega Millions d\u017eekpot\" width=\"200\" height=\"200\" srcset=\"https:\/\/lottomat.com\/wp-content\/uploads\/2025\/10\/Mega-Millions-jackpot.webp 400w, https:\/\/lottomat.com\/wp-content\/uploads\/2025\/10\/Mega-Millions-jackpot-300x300.webp 300w, https:\/\/lottomat.com\/wp-content\/uploads\/2025\/10\/Mega-Millions-jackpot-150x150.webp 150w, https:\/\/lottomat.com\/wp-content\/uploads\/2025\/10\/Mega-Millions-jackpot-100x100.webp 100w\" sizes=\"auto, (max-width: 200px) 100vw, 200px\" \/>Koja su pravila Mega Millions?<\/h2>\n<p>Trenutna pravila Mega Millions su jednostavna, sli\u010dna pravilima drugih lutrija. Da bi igrao, bira\u0161 <strong>pet brojeva iz skupa od 70<\/strong> i jedan dodatni broj (nazvan Mega Ball) iz <strong>skupa od 24 zlatne lopte<\/strong>. Dodatni broj, Mega Ball, izvla\u010di se iz drugog skupa brojeva, \u0161to mu omogu\u0107ava da se poklopi sa glavnim brojem.<\/p>\n<h3>Klju\u010dne promene u 2025.<\/h3>\n<ul class=\"list\">\n<li><strong>Cena tiketa:<\/strong> Sada ko\u0161ta 5$ po igri (pove\u0107ano sa 2$)<\/li>\n<li><strong>Ugra\u0111eni multiplikator:<\/strong> Svaki tiket automatski uklju\u010duje multiplikator (2X, 3X, 4X, 5X ili 10X)<\/li>\n<li><strong>Po\u010detni d\u017eekpot:<\/strong> Pove\u0107an sa 20 miliona $ na 50 miliona $<\/li>\n<li><strong>Bolje \u0161anse:<\/strong> \u0160anse za d\u017eekpot pobolj\u0161ane sa 1 prema 302.575.350 na 1 prema 290.472.336<\/li>\n<li><strong>Skup Mega Ball:<\/strong> Smanjen sa 25 na 24 broja<\/li>\n<\/ul>\n<p><strong>Poga\u0111anje svih \u0161est brojeva<\/strong> donosi ti glavnu nagradu. <strong>Nagrade drugog nivoa kre\u0107u se od 2 miliona $ do 10 miliona $<\/strong> (u zavisnosti od multiplikatora), a igra\u010di mogu da osvoje poga\u0111anjem pet osnovnih brojeva iz ve\u0107eg skupa. <strong>Ogromne razlike razdvajaju<\/strong> nagrade prvog i drugog nivoa! Ako se desi da niko ne pogodi sve brojeve nakon izvla\u010denja, sledi rollover. D\u017eekpot tokom Mega Millions roll-overa mo\u017ee dosti\u0107i neverovatno visoke sume. Uglavnom je dobra ideja kupiti Mega Millions tikete online tokom roll-overa.<\/p>\n<h2>Koji su najve\u0107i Mega Millions d\u017eekpotovi u istoriji?<img loading=\"lazy\" decoding=\"async\" class=\"alignright wp-image-253196\" src=\"https:\/\/lottomat.com\/wp-content\/uploads\/2025\/10\/rules-of-playing.webp\" alt=\"pravila igranja\" width=\"200\" height=\"200\" srcset=\"https:\/\/lottomat.com\/wp-content\/uploads\/2025\/10\/rules-of-playing.webp 400w, https:\/\/lottomat.com\/wp-content\/uploads\/2025\/10\/rules-of-playing-300x300.webp 300w, https:\/\/lottomat.com\/wp-content\/uploads\/2025\/10\/rules-of-playing-150x150.webp 150w, https:\/\/lottomat.com\/wp-content\/uploads\/2025\/10\/rules-of-playing-100x100.webp 100w\" sizes=\"auto, (max-width: 200px) 100vw, 200px\" \/><\/h2>\n<p>Pet najve\u0107ih Mega Millions d\u017eekpotova ikada osvojenih su:<\/p>\n<ol class=\"list\">\n<li><strong>1,602 milijarde $<\/strong> (8. avgust 2023) \u2013 osvojen na Floridi<\/li>\n<li><strong>1,537 milijarde $<\/strong> (23. oktobar 2018) \u2013 osvojen u Ju\u017enoj Karolini<\/li>\n<li><strong>1,35 milijarde $<\/strong> (13. januar 2023) \u2013 osvojen u Mejnu<\/li>\n<li><strong>1,337 milijarde $<\/strong> (29. jul 2022) \u2013 osvojen u Ilinoisu<\/li>\n<li><strong>1,22 milijarde $<\/strong> (27. decembar 2024) \u2013 osvojen u Kaliforniji<\/li>\n<\/ol>\n<p>Ovi rekordni d\u017eekpotovi pokazuju neverovatan potencijal Mega Millions roll-overa i dokazuju kako je igra stvorila neke od najve\u0107ih lutrijskih nagrada u istoriji sveta.<\/p>\n<h2>Koji je rizik igranja Mega Millions?<\/h2>\n<p>\u010cesto se ka\u017ee da \u201enema zabave bez rizika\u201d, i to je istina. Kada je re\u010d o Mega Millions, ova izreka dobija posebno zna\u010denje. A rizik je, na\u017ealost, ogroman. \u0160anse da osvoji\u0161 Mega Millions d\u017eekpot i pogodi\u0161 svih \u0161est brojeva su <strong>1 prema 290.472.336<\/strong> (od 2025). Takva mala verovatno\u0107a mo\u017ee obeshrabriti mnoge igra\u010de, ali Mega Millions ipak ima svoje redovne entuzijaste. Rizik je nesumnjivo veliki, ali njegovo preuzimanje mo\u017ee biti veoma isplativo. Mega Millions je igra za odva\u017ene igra\u010de koji vole da igraju odlu\u010dno i \u017eele da osvoje milione. Igra\u010di koji preferiraju sigurniju igru i male rizike verovatno ne\u0107e biti zainteresovani za Mega Millions. Sre\u0107om, na <a href=\"https:\/\/lottomat.com\/hr\/\">sajtu LottoMat<\/a>, svako mo\u017ee prona\u0107i onlajn lutriju koja mu najbolje odgovara.<\/p>\n<h2><img loading=\"lazy\" decoding=\"async\" class=\"alignleft wp-image-253226\" src=\"https:\/\/lottomat.com\/wp-content\/uploads\/2025\/10\/Mega-Millions-rules.webp\" alt=\"pravila Mega Millions\" width=\"200\" height=\"200\" srcset=\"https:\/\/lottomat.com\/wp-content\/uploads\/2025\/10\/Mega-Millions-rules.webp 400w, https:\/\/lottomat.com\/wp-content\/uploads\/2025\/10\/Mega-Millions-rules-300x300.webp 300w, https:\/\/lottomat.com\/wp-content\/uploads\/2025\/10\/Mega-Millions-rules-150x150.webp 150w, https:\/\/lottomat.com\/wp-content\/uploads\/2025\/10\/Mega-Millions-rules-100x100.webp 100w\" sizes=\"auto, (max-width: 200px) 100vw, 200px\" \/>Koje su nagrade Mega Millions i koliko mo\u017ee\u0161 osvojiti?<\/h2>\n<p>Zagarantovana vrednost nagrade prvog nivoa sada je <strong>50 miliona $<\/strong> kao po\u010detni d\u017eekpot, znatno pove\u0107an u odnosu na prethodne pragove od 15 miliona $ i 20 miliona $. Ova promena je igru u\u010dinila jo\u0161 intenzivnijom i privla\u010dnijom za igra\u010de. Mega Millions nudi devet razli\u010ditih nivoa nagrada, od poga\u0111anja samo Mega Ball do osvajanja celog d\u017eekpota. Format iz 2025. uklju\u010duje <strong>ugra\u0111enu funkciju multiplikatora<\/strong>, koja mo\u017ee pove\u0107ati nagrade koje nisu d\u017eekpot 2, 3, 4, 5 ili 10 puta u odnosu na osnovni iznos. To zna\u010di da i manji dobici mogu postati zna\u010dajne nagrade. Nagrada drugog nivoa (poga\u0111anje pet glavnih brojeva bez Mega Ball) sada mo\u017ee da se kre\u0107e od <strong>2 miliona $ do 10 miliona $<\/strong>, u zavisnosti od izvu\u010denog multiplikatora. Svi ostali nivoi nagrada tako\u0111e imaju korist od ove automatske funkcije multiplikacije, \u0161to \u010dini svaki tiket potencijalno vrednijim nego ranije.<\/p>\n<h2>Ko mo\u017ee igrati Mega Millions i osvajati nagrade?<\/h2>\n<p>Ako si u Sjedinjenim Dr\u017eavama, mo\u017ee\u0161 kupiti tiket na fizi\u010dkom prodajnom mestu. Ako si van SAD, mo\u017ee\u0161 koristiti sajt LottoMat, koji nudi mogu\u0107nost kupovine tiketa. Ukratko, Mega Millions mo\u017ee igrati <strong>bilo ko punoletan sa internet pristupom<\/strong>, \u0161to zna\u010di stariji od osamnaest godina. Danas igra\u010di \u0161irom sveta imaju privilegiju da po\u0161alju tiket za bilo koju lutriju jednim klikom, popune koliko \u017eele tiketa i to sa bilo kog mesta na svetu. Bez \u010dekanja u redovima, bez tra\u017eenja kancelarije, mirno, bez stresa i \u017eurbe pri izboru brojeva. Na sajtu LottoMat ima\u0161 priliku ne samo da igra\u0161 Mega Millions, ve\u0107 i da sazna\u0161 sve o izvla\u010denjima, kako da igra\u0161 da bi pobedio, i da <a href=\"https:\/\/lottomat.com\/hr\/rezultati\/mega-millions\/\">proveri\u0161 najnovije rezultate Mega Millions<\/a>.<\/p>\n<h2>Koje su tvoje \u0161anse da osvoji\u0161 Mega Millions?<img loading=\"lazy\" decoding=\"async\" class=\"alignright wp-image-253256\" src=\"https:\/\/lottomat.com\/wp-content\/uploads\/2025\/10\/Mega-Millions-prizes.webp\" alt=\"nagrade Mega Millions\" width=\"200\" height=\"200\" srcset=\"https:\/\/lottomat.com\/wp-content\/uploads\/2025\/10\/Mega-Millions-prizes.webp 400w, https:\/\/lottomat.com\/wp-content\/uploads\/2025\/10\/Mega-Millions-prizes-300x300.webp 300w, https:\/\/lottomat.com\/wp-content\/uploads\/2025\/10\/Mega-Millions-prizes-150x150.webp 150w, https:\/\/lottomat.com\/wp-content\/uploads\/2025\/10\/Mega-Millions-prizes-100x100.webp 100w\" sizes=\"auto, (max-width: 200px) 100vw, 200px\" \/><\/h2>\n<p>Ukupne \u0161anse da osvoji\u0161 bilo koju nagradu na Mega Millions su <strong>1 prema 23<\/strong> (pobolj\u0161ane sa 1 prema 24 u 2025). Iako su \u0161anse za d\u017eekpot astronomske, postoji vi\u0161e nivoa nagrada koji nude bolje izglede za manje dobitke. <strong>Zapamti:<\/strong> Svako izvla\u010denje je nasumi\u010dno i svaka kombinacija brojeva ima istu \u0161ansu da bude izabrana kao i bilo koja druga. Ugra\u0111ena multiplikatorska funkcija iz 2025. osigurava da \u010dak i nagrade koje nisu d\u017eekpot mogu biti zna\u010dajne, sa potencijalom da donesu do <strong>10 puta<\/strong> ve\u0107u vrednost od osnovne. Sa d\u017eekpotovima koji redovno prelaze stotine miliona i povremeno probijaju granicu od milijardu dolara, Mega Millions i dalje pru\u017ea igra\u010dima \u0161irom sveta san o trenutnom bogatstvu.<\/p>\n<h2>Tabela Nagrada &amp; \u0160ansi Mega Millions<\/h2>\n","protected":false},"excerpt":{"rendered":"<p>Da li \u017eeli\u0161 da osvoji\u0161 Mega Millions nagrade i d\u017eekpotove? Igra\u010di iz celog sveta se stalno pitaju kako da provale sistem u igrama sa brojevima, na koju lutriju da se klade, da li da igraju kombinacije ili da se dr\u017ee dosledno jedne igre. Na\u017ealost, ne postoji jedinstven i univerzalan odgovor na to pitanje. Svaki iskusni [&hellip;]<\/p>\n","protected":false},"author":2,"featured_media":0,"parent":7067,"menu_order":2,"comment_status":"closed","ping_status":"closed","template":"megamillion-info.php","meta":{"_et_pb_use_builder":"","_et_pb_old_content":"","_et_gb_content_width":"","exclude_from_search":false,"footnotes":""},"class_list":["post-10124","page","type-page","status-publish","hentry"],"yoast_head":"<!-- This site is optimized with the Yoast SEO plugin v23.8 - https:\/\/yoast.com\/wordpress\/plugins\/seo\/ -->\n<title>Mega Millions Nagrade, Pravila &amp; D\u017eekpot - LottoMat Hrvatska<\/title>\n<meta name=\"description\" content=\"Imate priliku osvojiti Mega Millions nagrade i jackpot. Mega Millions je nevjerojatna lutrija u kojoj jackpot raste nevjerojatnom brzinom.\" \/>\n<meta name=\"robots\" content=\"index, follow, max-snippet:-1, max-image-preview:large, max-video-preview:-1\" \/>\n<link rel=\"canonical\" href=\"https:\/\/lottomat.com\/hr\/lutrije\/mega-millions\/\" \/>\n<meta property=\"og:locale\" content=\"hr_HR\" \/>\n<meta property=\"og:type\" content=\"article\" \/>\n<meta property=\"og:title\" content=\"Mega Millions Nagrade, Pravila &amp; D\u017eekpot - LottoMat Hrvatska\" \/>\n<meta property=\"og:description\" content=\"Imate priliku osvojiti Mega Millions nagrade i jackpot. Mega Millions je nevjerojatna lutrija u kojoj jackpot raste nevjerojatnom brzinom.\" \/>\n<meta property=\"og:url\" content=\"https:\/\/lottomat.com\/hr\/lutrije\/mega-millions\/\" \/>\n<meta property=\"og:site_name\" content=\"Lottomat\" \/>\n<meta property=\"article:modified_time\" content=\"2026-02-26T20:28:05+00:00\" \/>\n<meta property=\"og:image\" content=\"https:\/\/lottomat.com\/wp-content\/uploads\/2025\/10\/prizes-and-jackpot.webp\" \/>\n\t<meta property=\"og:image:width\" content=\"400\" \/>\n\t<meta property=\"og:image:height\" content=\"400\" \/>\n\t<meta property=\"og:image:type\" content=\"image\/webp\" \/>\n<meta name=\"twitter:card\" content=\"summary_large_image\" \/>\n<meta name=\"twitter:label1\" content=\"Procijenjeno vrijeme \u010ditanja\" \/>\n\t<meta name=\"twitter:data1\" content=\"6 minuta\" \/>\n<script type=\"application\/ld+json\" class=\"yoast-schema-graph\">{\"@context\":\"https:\/\/schema.org\",\"@graph\":[{\"@type\":\"WebPage\",\"@id\":\"https:\/\/lottomat.com\/hr\/lutrije\/mega-millions\/\",\"url\":\"https:\/\/lottomat.com\/hr\/lutrije\/mega-millions\/\",\"name\":\"Mega Millions Nagrade, Pravila & D\u017eekpot - LottoMat Hrvatska\",\"isPartOf\":{\"@id\":\"https:\/\/lottomat.com\/hr\/#website\"},\"primaryImageOfPage\":{\"@id\":\"https:\/\/lottomat.com\/hr\/lutrije\/mega-millions\/#primaryimage\"},\"image\":{\"@id\":\"https:\/\/lottomat.com\/hr\/lutrije\/mega-millions\/#primaryimage\"},\"thumbnailUrl\":\"https:\/\/lottomat.com\/wp-content\/uploads\/2025\/10\/prizes-and-jackpot.webp\",\"datePublished\":\"2025-03-26T13:41:46+00:00\",\"dateModified\":\"2026-02-26T20:28:05+00:00\",\"description\":\"Imate priliku osvojiti Mega Millions nagrade i jackpot. Mega Millions je nevjerojatna lutrija u kojoj jackpot raste nevjerojatnom brzinom.\",\"breadcrumb\":{\"@id\":\"https:\/\/lottomat.com\/hr\/lutrije\/mega-millions\/#breadcrumb\"},\"inLanguage\":\"hr\",\"potentialAction\":[{\"@type\":\"ReadAction\",\"target\":[\"https:\/\/lottomat.com\/hr\/lutrije\/mega-millions\/\"]}]},{\"@type\":\"ImageObject\",\"inLanguage\":\"hr\",\"@id\":\"https:\/\/lottomat.com\/hr\/lutrije\/mega-millions\/#primaryimage\",\"url\":\"https:\/\/lottomat.com\/wp-content\/uploads\/2025\/10\/prizes-and-jackpot.webp\",\"contentUrl\":\"https:\/\/lottomat.com\/wp-content\/uploads\/2025\/10\/prizes-and-jackpot.webp\"},{\"@type\":\"BreadcrumbList\",\"@id\":\"https:\/\/lottomat.com\/hr\/lutrije\/mega-millions\/#breadcrumb\",\"itemListElement\":[{\"@type\":\"ListItem\",\"position\":1,\"name\":\"Home\",\"item\":\"https:\/\/lottomat.com\/hr\/\"},{\"@type\":\"ListItem\",\"position\":2,\"name\":\"Pravila lutrije: Nagrade, Jackpot i Izgledi\",\"item\":\"https:\/\/lottomat.com\/hr\/lutrije\/\"},{\"@type\":\"ListItem\",\"position\":3,\"name\":\"Mega Millions Nagrade, Pravila &#038; D\u017eekpot\"}]},{\"@type\":\"WebSite\",\"@id\":\"https:\/\/lottomat.com\/hr\/#website\",\"url\":\"https:\/\/lottomat.com\/hr\/\",\"name\":\"Lottomat\",\"description\":\"\",\"potentialAction\":[{\"@type\":\"SearchAction\",\"target\":{\"@type\":\"EntryPoint\",\"urlTemplate\":\"https:\/\/lottomat.com\/hr\/?s={search_term_string}\"},\"query-input\":{\"@type\":\"PropertyValueSpecification\",\"valueRequired\":true,\"valueName\":\"search_term_string\"}}],\"inLanguage\":\"hr\"}]}<\/script>\n<!-- \/ Yoast SEO plugin. -->","yoast_head_json":{"title":"Mega Millions Nagrade, Pravila & D\u017eekpot - LottoMat Hrvatska","description":"Imate priliku osvojiti Mega Millions nagrade i jackpot. Mega Millions je nevjerojatna lutrija u kojoj jackpot raste nevjerojatnom brzinom.","robots":{"index":"index","follow":"follow","max-snippet":"max-snippet:-1","max-image-preview":"max-image-preview:large","max-video-preview":"max-video-preview:-1"},"canonical":"https:\/\/lottomat.com\/hr\/lutrije\/mega-millions\/","og_locale":"hr_HR","og_type":"article","og_title":"Mega Millions Nagrade, Pravila & D\u017eekpot - LottoMat Hrvatska","og_description":"Imate priliku osvojiti Mega Millions nagrade i jackpot. Mega Millions je nevjerojatna lutrija u kojoj jackpot raste nevjerojatnom brzinom.","og_url":"https:\/\/lottomat.com\/hr\/lutrije\/mega-millions\/","og_site_name":"Lottomat","article_modified_time":"2026-02-26T20:28:05+00:00","og_image":[{"width":400,"height":400,"url":"https:\/\/lottomat.com\/wp-content\/uploads\/2025\/10\/prizes-and-jackpot.webp","type":"image\/webp"}],"twitter_card":"summary_large_image","twitter_misc":{"Procijenjeno vrijeme \u010ditanja":"6 minuta"},"schema":{"@context":"https:\/\/schema.org","@graph":[{"@type":"WebPage","@id":"https:\/\/lottomat.com\/hr\/lutrije\/mega-millions\/","url":"https:\/\/lottomat.com\/hr\/lutrije\/mega-millions\/","name":"Mega Millions Nagrade, Pravila & D\u017eekpot - LottoMat Hrvatska","isPartOf":{"@id":"https:\/\/lottomat.com\/hr\/#website"},"primaryImageOfPage":{"@id":"https:\/\/lottomat.com\/hr\/lutrije\/mega-millions\/#primaryimage"},"image":{"@id":"https:\/\/lottomat.com\/hr\/lutrije\/mega-millions\/#primaryimage"},"thumbnailUrl":"https:\/\/lottomat.com\/wp-content\/uploads\/2025\/10\/prizes-and-jackpot.webp","datePublished":"2025-03-26T13:41:46+00:00","dateModified":"2026-02-26T20:28:05+00:00","description":"Imate priliku osvojiti Mega Millions nagrade i jackpot. Mega Millions je nevjerojatna lutrija u kojoj jackpot raste nevjerojatnom brzinom.","breadcrumb":{"@id":"https:\/\/lottomat.com\/hr\/lutrije\/mega-millions\/#breadcrumb"},"inLanguage":"hr","potentialAction":[{"@type":"ReadAction","target":["https:\/\/lottomat.com\/hr\/lutrije\/mega-millions\/"]}]},{"@type":"ImageObject","inLanguage":"hr","@id":"https:\/\/lottomat.com\/hr\/lutrije\/mega-millions\/#primaryimage","url":"https:\/\/lottomat.com\/wp-content\/uploads\/2025\/10\/prizes-and-jackpot.webp","contentUrl":"https:\/\/lottomat.com\/wp-content\/uploads\/2025\/10\/prizes-and-jackpot.webp"},{"@type":"BreadcrumbList","@id":"https:\/\/lottomat.com\/hr\/lutrije\/mega-millions\/#breadcrumb","itemListElement":[{"@type":"ListItem","position":1,"name":"Home","item":"https:\/\/lottomat.com\/hr\/"},{"@type":"ListItem","position":2,"name":"Pravila lutrije: Nagrade, Jackpot i Izgledi","item":"https:\/\/lottomat.com\/hr\/lutrije\/"},{"@type":"ListItem","position":3,"name":"Mega Millions Nagrade, Pravila &#038; D\u017eekpot"}]},{"@type":"WebSite","@id":"https:\/\/lottomat.com\/hr\/#website","url":"https:\/\/lottomat.com\/hr\/","name":"Lottomat","description":"","potentialAction":[{"@type":"SearchAction","target":{"@type":"EntryPoint","urlTemplate":"https:\/\/lottomat.com\/hr\/?s={search_term_string}"},"query-input":{"@type":"PropertyValueSpecification","valueRequired":true,"valueName":"search_term_string"}}],"inLanguage":"hr"}]}},"_links":{"self":[{"href":"https:\/\/lottomat.com\/hr\/wp-json\/wp\/v2\/pages\/10124","targetHints":{"allow":["GET"]}}],"collection":[{"href":"https:\/\/lottomat.com\/hr\/wp-json\/wp\/v2\/pages"}],"about":[{"href":"https:\/\/lottomat.com\/hr\/wp-json\/wp\/v2\/types\/page"}],"author":[{"embeddable":true,"href":"https:\/\/lottomat.com\/hr\/wp-json\/wp\/v2\/users\/2"}],"replies":[{"embeddable":true,"href":"https:\/\/lottomat.com\/hr\/wp-json\/wp\/v2\/comments?post=10124"}],"version-history":[{"count":3,"href":"https:\/\/lottomat.com\/hr\/wp-json\/wp\/v2\/pages\/10124\/revisions"}],"predecessor-version":[{"id":272045,"href":"https:\/\/lottomat.com\/hr\/wp-json\/wp\/v2\/pages\/10124\/revisions\/272045"}],"up":[{"embeddable":true,"href":"https:\/\/lottomat.com\/hr\/wp-json\/wp\/v2\/pages\/7067"}],"wp:attachment":[{"href":"https:\/\/lottomat.com\/hr\/wp-json\/wp\/v2\/media?parent=10124"}],"curies":[{"name":"wp","href":"https:\/\/api.w.org\/{rel}","templated":true}]}}