{"id":9459,"date":"2025-03-26T08:35:10","date_gmt":"2025-03-26T08:35:10","guid":{"rendered":"https:\/\/lottomat.net\/jouer-a-la-loterie\/jouer-au-superenalotto-en-ligne\/"},"modified":"2026-01-01T18:46:46","modified_gmt":"2026-01-01T18:46:46","slug":"superenalotto","status":"publish","type":"page","link":"https:\/\/lottomat.com\/fr\/jouer\/superenalotto\/","title":{"rendered":"SuperEnalotto Online &#8211; Coupons SuperEnalotto"},"content":{"rendered":"\n\n<div class=\"kk-star-ratings kksr-auto kksr-align-left kksr-valign-top\"\n    data-payload='{&quot;align&quot;:&quot;left&quot;,&quot;id&quot;:&quot;9459&quot;,&quot;slug&quot;:&quot;default&quot;,&quot;valign&quot;:&quot;top&quot;,&quot;ignore&quot;:&quot;&quot;,&quot;reference&quot;:&quot;auto&quot;,&quot;class&quot;:&quot;&quot;,&quot;count&quot;:&quot;0&quot;,&quot;legendonly&quot;:&quot;&quot;,&quot;readonly&quot;:&quot;&quot;,&quot;score&quot;:&quot;0&quot;,&quot;starsonly&quot;:&quot;&quot;,&quot;best&quot;:&quot;5&quot;,&quot;gap&quot;:&quot;5&quot;,&quot;greet&quot;:&quot;Rate this page&quot;,&quot;legend&quot;:&quot;0\\\/5 - (0 vote)&quot;,&quot;size&quot;:&quot;30&quot;,&quot;title&quot;:&quot;SuperEnalotto Online - Coupons SuperEnalotto&quot;,&quot;width&quot;:&quot;0&quot;,&quot;_legend&quot;:&quot;{score}\\\/{best} - ({count} {votes})&quot;,&quot;font_factor&quot;:&quot;1.25&quot;}'>\n            \n<div class=\"kksr-stars\">\n    \n<div class=\"kksr-stars-inactive\">\n            <div class=\"kksr-star\" data-star=\"1\" style=\"padding-right: 5px\">\n            \n\n<div class=\"kksr-icon\" style=\"width: 30px; height: 30px;\"><\/div>\n        <\/div>\n            <div class=\"kksr-star\" data-star=\"2\" style=\"padding-right: 5px\">\n            \n\n<div class=\"kksr-icon\" style=\"width: 30px; height: 30px;\"><\/div>\n        <\/div>\n            <div class=\"kksr-star\" data-star=\"3\" style=\"padding-right: 5px\">\n            \n\n<div class=\"kksr-icon\" style=\"width: 30px; height: 30px;\"><\/div>\n        <\/div>\n            <div class=\"kksr-star\" data-star=\"4\" style=\"padding-right: 5px\">\n            \n\n<div class=\"kksr-icon\" style=\"width: 30px; height: 30px;\"><\/div>\n        <\/div>\n            <div class=\"kksr-star\" data-star=\"5\" style=\"padding-right: 5px\">\n            \n\n<div class=\"kksr-icon\" style=\"width: 30px; height: 30px;\"><\/div>\n        <\/div>\n    <\/div>\n    \n<div class=\"kksr-stars-active\" style=\"width: 0px;\">\n            <div class=\"kksr-star\" style=\"padding-right: 5px\">\n            \n\n<div class=\"kksr-icon\" style=\"width: 30px; height: 30px;\"><\/div>\n        <\/div>\n            <div class=\"kksr-star\" style=\"padding-right: 5px\">\n            \n\n<div class=\"kksr-icon\" style=\"width: 30px; height: 30px;\"><\/div>\n        <\/div>\n            <div class=\"kksr-star\" style=\"padding-right: 5px\">\n            \n\n<div class=\"kksr-icon\" style=\"width: 30px; height: 30px;\"><\/div>\n        <\/div>\n            <div class=\"kksr-star\" style=\"padding-right: 5px\">\n            \n\n<div class=\"kksr-icon\" style=\"width: 30px; height: 30px;\"><\/div>\n        <\/div>\n            <div class=\"kksr-star\" style=\"padding-right: 5px\">\n            \n\n<div class=\"kksr-icon\" style=\"width: 30px; height: 30px;\"><\/div>\n        <\/div>\n    <\/div>\n<\/div>\n                \n\n<div class=\"kksr-legend\" style=\"font-size: 24px;\">\n            <span class=\"kksr-muted\">Rate this page<\/span>\n    <\/div>\n    <\/div>\n<h2><img loading=\"lazy\" decoding=\"async\" class=\"alignleft wp-image-252554\" src=\"https:\/\/lottomat.com\/wp-content\/uploads\/2025\/10\/Italian-lottery-online-300x300.webp\" alt=\"Loterie italienne en ligne\" width=\"200\" height=\"200\" srcset=\"https:\/\/lottomat.com\/wp-content\/uploads\/2025\/10\/Italian-lottery-online-300x300.webp 300w, https:\/\/lottomat.com\/wp-content\/uploads\/2025\/10\/Italian-lottery-online-150x150.webp 150w, https:\/\/lottomat.com\/wp-content\/uploads\/2025\/10\/Italian-lottery-online-100x100.webp 100w, https:\/\/lottomat.com\/wp-content\/uploads\/2025\/10\/Italian-lottery-online.webp 400w\" sizes=\"auto, (max-width: 200px) 100vw, 200px\" \/>Qu\u2019est-ce que le SuperEnalotto ?<\/h2>\n<p><strong>Le SuperEnalotto est la loterie la plus populaire et la plus prestigieuse d\u2019Italie<\/strong>, r\u00e9put\u00e9e pour offrir certains des plus gros jackpots de l\u2019histoire des loteries europ\u00e9ennes. Cette loterie italienne embl\u00e9matique captive les joueurs depuis 1997 gr\u00e2ce \u00e0 son format unique et \u00e0 son \u00e9norme potentiel de gains. <strong>Les tirages du SuperEnalotto ont lieu trois fois par semaine<\/strong> \u2013 les mardis, jeudis et samedis \u2013 offrant aux joueurs de multiples occasions de remporter des sommes qui peuvent changer une vie. Ce qui distingue cette loterie italienne, c\u2019est l\u2019absence de plafond pour le jackpot : les gains peuvent s\u2019accumuler ind\u00e9finiment jusqu\u2019\u00e0 ce qu\u2019un joueur gagne, atteignant souvent des montants astronomiques qui attirent l\u2019attention du monde entier. Vous voulez jouer au SuperEnalotto en ligne ? D\u00e9couvrons-en davantage !<\/p>\n<h2><img loading=\"lazy\" decoding=\"async\" class=\"alignright wp-image-252584\" src=\"https:\/\/lottomat.com\/wp-content\/uploads\/2025\/10\/play-SuperEnalotto-300x300.webp\" alt=\"jouer au SuperEnalotto\" width=\"200\" height=\"200\" srcset=\"https:\/\/lottomat.com\/wp-content\/uploads\/2025\/10\/play-SuperEnalotto-300x300.webp 300w, https:\/\/lottomat.com\/wp-content\/uploads\/2025\/10\/play-SuperEnalotto-150x150.webp 150w, https:\/\/lottomat.com\/wp-content\/uploads\/2025\/10\/play-SuperEnalotto-100x100.webp 100w, https:\/\/lottomat.com\/wp-content\/uploads\/2025\/10\/play-SuperEnalotto.webp 400w\" sizes=\"auto, (max-width: 200px) 100vw, 200px\" \/>Comment jouer au SuperEnalotto en ligne ?<\/h2>\n<p><strong>Jouer au SuperEnalotto en ligne via LottoMat est incroyablement pratique et accessible depuis n\u2019importe o\u00f9 dans le monde, \u00e0 tout moment<\/strong>. Le processus est simple et convivial : il suffit de s\u2019inscrire sur <a href=\"https:\/\/lottomat.com\/fr\/\">le site web de LottoMat<\/a>, de choisir vos num\u00e9ros porte-bonheur et d\u2019acheter vos coupons en ligne sans quitter votre domicile. <strong>Vous pouvez choisir vos num\u00e9ros manuellement selon votre propre strat\u00e9gie, ou utiliser l\u2019option Quick Pick pour une s\u00e9lection al\u00e9atoire<\/strong>. Cette flexibilit\u00e9 permet aussi bien aux joueurs strat\u00e9giques qu\u2019\u00e0 ceux qui pr\u00e9f\u00e8rent laisser le hasard d\u00e9cider de profiter de l\u2019excitation de la principale loterie italienne. Le jeu en ligne supprime les barri\u00e8res g\u00e9ographiques, permettant aux joueurs internationaux de participer \u00e0 l\u2019une des loteries les plus passionnantes d\u2019Europe.<\/p>\n<h2>Comment acheter des coupons SuperEnalotto en ligne ?<\/h2>\n<p><strong>L\u2019achat de coupons SuperEnalotto en ligne n\u00e9cessite l\u2019utilisation de votre m\u00e9thode de paiement pr\u00e9f\u00e9r\u00e9e via la plateforme s\u00e9curis\u00e9e LottoMat<\/strong>. Tous les coupons sont disponibles sur le site de LottoMat, vous assurant de ne jamais manquer un tirage. <strong>Nous garantissons l\u2019authenticit\u00e9 de votre participation en scannant les coupons originaux achet\u00e9s par nos agents agr\u00e9\u00e9s directement en Italie<\/strong>. Ce processus garantit que <a href=\"https:\/\/lottomat.com\/fr\/jouer\/\">vos coupons de loterie en ligne<\/a> sont associ\u00e9s \u00e0 de v\u00e9ritables coupons physiques achet\u00e9s aupr\u00e8s de d\u00e9taillants italiens autoris\u00e9s. Les copies num\u00e9riques de vos coupons sont stock\u00e9es en toute s\u00e9curit\u00e9 dans votre compte, vous offrant une transparence et une s\u00e9curit\u00e9 totales pour vos investissements dans la loterie. Ce syst\u00e8me combine la commodit\u00e9 du jeu en ligne avec la fiabilit\u00e9 de l\u2019achat traditionnel de coupons.<\/p>\n<h2><img loading=\"lazy\" decoding=\"async\" class=\"wp-image-252614 alignleft\" src=\"https:\/\/lottomat.com\/wp-content\/uploads\/2025\/10\/SuperEnalotto-online-300x300.webp\" alt=\"SuperEnalotto en ligne\" width=\"200\" height=\"200\" srcset=\"https:\/\/lottomat.com\/wp-content\/uploads\/2025\/10\/SuperEnalotto-online-300x300.webp 300w, https:\/\/lottomat.com\/wp-content\/uploads\/2025\/10\/SuperEnalotto-online-150x150.webp 150w, https:\/\/lottomat.com\/wp-content\/uploads\/2025\/10\/SuperEnalotto-online-100x100.webp 100w, https:\/\/lottomat.com\/wp-content\/uploads\/2025\/10\/SuperEnalotto-online.webp 400w\" sizes=\"auto, (max-width: 200px) 100vw, 200px\" \/>Peut-on acheter plusieurs coupons SuperEnalotto ?<\/h2>\n<p><strong>Oui, vous pouvez augmenter consid\u00e9rablement vos chances de gagner en achetant plusieurs coupons SuperEnalotto en une seule transaction<\/strong>. LottoMat propose l\u2019option pratique \u00ab plus de lignes \u00bb, qui vous permet d\u2019acheter jusqu\u2019\u00e0 20 coupons SuperEnalotto \u00e0 la fois. Cette fonction est id\u00e9ale pour les joueurs souhaitant maximiser leurs chances de gains ou pour les syndicats de loterie qui souhaitent mutualiser leurs ressources. <strong>Acheter plusieurs coupons augmente non seulement vos chances, mais facilite \u00e9galement la gestion de vos participations<\/strong> en une seule op\u00e9ration simple.<\/p>\n<h2>Peut-on acheter des coupons SuperEnalotto pour plusieurs tirages ?<\/h2>\n<p><strong>Absolument ! LottoMat vous permet d\u2019acheter des coupons SuperEnalotto pour jusqu\u2019\u00e0 8 tirages cons\u00e9cutifs<\/strong>, afin que vous ne manquiez jamais une opportunit\u00e9 de gagner. Cette option d\u2019achat \u00e0 l\u2019avance est id\u00e9ale pour les joueurs occup\u00e9s qui souhaitent participer r\u00e9guli\u00e8rement sans avoir \u00e0 se souvenir d\u2019acheter des coupons avant chaque tirage. <strong>Jouer plusieurs tirages avec les m\u00eames num\u00e9ros peut faire partie d\u2019une strat\u00e9gie \u00e0 long terme<\/strong>, et de nombreux joueurs pr\u00e9f\u00e8rent cette m\u00e9thode pour sa simplicit\u00e9 et sa constance.<\/p>\n<h2>Quel est le prix des coupons SuperEnalotto en ligne ?<img loading=\"lazy\" decoding=\"async\" class=\"alignright wp-image-252644\" src=\"https:\/\/lottomat.com\/wp-content\/uploads\/2025\/10\/SuperEnalotto-tickets-300x300.webp\" alt=\"Coupons SuperEnalotto\" width=\"200\" height=\"200\" srcset=\"https:\/\/lottomat.com\/wp-content\/uploads\/2025\/10\/SuperEnalotto-tickets-300x300.webp 300w, https:\/\/lottomat.com\/wp-content\/uploads\/2025\/10\/SuperEnalotto-tickets-150x150.webp 150w, https:\/\/lottomat.com\/wp-content\/uploads\/2025\/10\/SuperEnalotto-tickets-100x100.webp 100w, https:\/\/lottomat.com\/wp-content\/uploads\/2025\/10\/SuperEnalotto-tickets.webp 400w\" sizes=\"auto, (max-width: 200px) 100vw, 200px\" \/><\/h2>\n<p><strong>Apr\u00e8s avoir s\u00e9lectionn\u00e9 le nombre de lignes souhait\u00e9 sur LottoMat, notre calculateur automatique affichera imm\u00e9diatement le co\u00fbt total de vos coupons SuperEnalotto<\/strong>. Le prix est transparent et clairement indiqu\u00e9 avant la finalisation de l\u2019achat, vous assurant qu\u2019il n\u2019y a pas de frais cach\u00e9s ni de mauvaises surprises. <strong>Notre syst\u00e8me de tarification prend en compte le nombre de lignes, les tirages et toutes les options suppl\u00e9mentaires que vous avez choisies<\/strong>, vous offrant une vue compl\u00e8te de votre investissement dans la loterie. Cette fonctionnalit\u00e9 rend la gestion de votre budget de jeu simple et claire.<\/p>\n<h2>Quels sont les meilleurs conseils pour jouer au SuperEnalotto en ligne ?<\/h2>\n<p><strong>Jouer efficacement au SuperEnalotto combine strat\u00e9gie et jeu responsable<\/strong>. Pensez \u00e0 utiliser un m\u00e9lange de num\u00e9ros \u00ab chauds \u00bb (souvent tir\u00e9s) et de num\u00e9ros \u00ab froids \u00bb (plus rares), tout en gardant \u00e0 l\u2019esprit que chaque tirage est ind\u00e9pendant et al\u00e9atoire. <strong>Les jeux en syst\u00e8me peuvent augmenter vos chances de gagner en couvrant davantage de combinaisons<\/strong>, tandis que jouer r\u00e9guli\u00e8rement avec les m\u00eames num\u00e9ros s\u00e9duit de nombreux joueurs fid\u00e8les. Fixez-vous un budget confortable et respectez-le, en consid\u00e9rant la loterie comme un divertissement plut\u00f4t qu\u2019une strat\u00e9gie d\u2019investissement. <strong>Profitez des options multi-tirages pour maintenir la r\u00e9gularit\u00e9<\/strong> et envisagez de rejoindre un syndicat pour mutualiser les ressources et augmenter les chances collectives de gain. De nombreux joueurs avis\u00e9s suivent <a href=\"https:\/\/lottomat.com\/fr\/resultats\/resultats-du-superenalotto\/\">les r\u00e9sultats des tirages du SuperEnalotto<\/a> et leurs tendances, mais il est important de se rappeler que la loterie repose sur le hasard. <strong>L\u2019essentiel est de jouer de mani\u00e8re responsable tout en profitant du plaisir et de l\u2019excitation de cette grande loterie italienne<\/strong>.<\/p>\n<h2>Le SuperEnalotto en ligne en vaut-il la peine ?<\/h2>\n<p><strong>Jouer au SuperEnalotto en ligne offre une valeur exceptionnelle aux amateurs de loterie \u00e0 la recherche des plus gros jackpots d\u2019Europe<\/strong>. La commodit\u00e9 du jeu en ligne, combin\u00e9e au potentiel illimit\u00e9 du jackpot du SuperEnalotto, en fait une option attrayante pour les joueurs passionn\u00e9s. <strong>La possibilit\u00e9 de participer depuis n\u2019importe o\u00f9 dans le monde, \u00e0 tout moment, sans restrictions g\u00e9ographiques, ajoute une valeur consid\u00e9rable<\/strong>. Avec trois tirages par semaine et certains des plus grands prix de l\u2019histoire des loteries, le SuperEnalotto offre plus d\u2019opportunit\u00e9s et de meilleures r\u00e9compenses que de nombreuses autres loteries europ\u00e9ennes. <strong>La combinaison d\u2019accessibilit\u00e9, de s\u00e9curit\u00e9 et d\u2019un potentiel de gain colossal fait du SuperEnalotto en ligne un choix vraiment judicieux<\/strong>. En savoir plus sur <a href=\"https:\/\/lottomat.com\/fr\/loterie\/superenalotto\/\">les prix et jackpots du SuperEnalotto<\/a> sur notre site web.<\/p>\n<h2>Les coupons SuperEnalotto achet\u00e9s en ligne via LottoMat sont-ils s\u00fbrs ?<\/h2>\n<p><strong>Oui, les coupons SuperEnalotto achet\u00e9s via LottoMat sont totalement s\u00fbrs<\/strong>. Nous garantissons le stockage et la gestion s\u00e9curis\u00e9s de tous vos coupons gr\u00e2ce \u00e0 notre syst\u00e8me num\u00e9rique avanc\u00e9. <strong>Chaque coupon est scann\u00e9 professionnellement et stock\u00e9 dans votre compte personnel<\/strong>, vous offrant un acc\u00e8s permanent \u00e0 vos participations et \u00e9liminant tout risque de perte ou de d\u00e9t\u00e9rioration des coupons physiques. Nos agents agr\u00e9\u00e9s ach\u00e8tent les coupons originaux directement aupr\u00e8s des d\u00e9taillants italiens autoris\u00e9s, garantissant leur authenticit\u00e9 et leur l\u00e9gitimit\u00e9. <strong>Les mesures de s\u00e9curit\u00e9 de LottoMat incluent des transactions crypt\u00e9es, un stockage s\u00e9curis\u00e9 des donn\u00e9es et une conformit\u00e9 totale avec les r\u00e9glementations<\/strong>, vous assurant que vos investissements dans la loterie sont prot\u00e9g\u00e9s. Vos gains sont garantis et cr\u00e9dit\u00e9s automatiquement sur votre compte, rendant l\u2019ensemble du processus transparent et fiable.<\/p>\n","protected":false},"excerpt":{"rendered":"<p>Qu\u2019est-ce que le SuperEnalotto ? Le SuperEnalotto est la loterie la plus populaire et la plus prestigieuse d\u2019Italie, r\u00e9put\u00e9e pour offrir certains des plus gros jackpots de l\u2019histoire des loteries europ\u00e9ennes. Cette loterie italienne embl\u00e9matique captive les joueurs depuis 1997 gr\u00e2ce \u00e0 son format unique et \u00e0 son \u00e9norme potentiel de gains. Les tirages du [&hellip;]<\/p>\n","protected":false},"author":1,"featured_media":0,"parent":6768,"menu_order":5,"comment_status":"closed","ping_status":"closed","template":"superenalotto.php","meta":{"_et_pb_use_builder":"","_et_pb_old_content":"","_et_gb_content_width":"","exclude_from_search":false,"footnotes":""},"class_list":["post-9459","page","type-page","status-publish","hentry"],"yoast_head":"<!-- This site is optimized with the Yoast SEO plugin v23.8 - https:\/\/yoast.com\/wordpress\/plugins\/seo\/ -->\n<title>SuperEnalotto Online - Coupons SuperEnalotto - LottoMat<\/title>\n<meta name=\"description\" content=\"Jouez \u00e0 la loterie italienne SuperEnalotto en ligne et gagnez une fortune ! Achetez vos coupons SuperEnalotto sur Lottomat et participez au prochain.\" \/>\n<meta name=\"robots\" content=\"index, follow, max-snippet:-1, max-image-preview:large, max-video-preview:-1\" \/>\n<link rel=\"canonical\" href=\"https:\/\/lottomat.com\/fr\/jouer\/superenalotto\/\" \/>\n<meta property=\"og:locale\" content=\"fr_FR\" \/>\n<meta property=\"og:type\" content=\"article\" \/>\n<meta property=\"og:title\" content=\"SuperEnalotto Online - Coupons SuperEnalotto - LottoMat\" \/>\n<meta property=\"og:description\" content=\"Jouez \u00e0 la loterie italienne SuperEnalotto en ligne et gagnez une fortune ! Achetez vos coupons SuperEnalotto sur Lottomat et participez au prochain.\" \/>\n<meta property=\"og:url\" content=\"https:\/\/lottomat.com\/fr\/jouer\/superenalotto\/\" \/>\n<meta property=\"og:site_name\" content=\"Lottomat\" \/>\n<meta property=\"article:modified_time\" content=\"2026-01-01T18:46:46+00:00\" \/>\n<meta property=\"og:image\" content=\"https:\/\/lottomat.com\/wp-content\/uploads\/2025\/10\/Italian-lottery-online-300x300.webp\" \/>\n<meta name=\"twitter:card\" content=\"summary_large_image\" \/>\n<meta name=\"twitter:label1\" content=\"Dur\u00e9e de lecture estim\u00e9e\" \/>\n\t<meta name=\"twitter:data1\" content=\"6 minutes\" \/>\n<script type=\"application\/ld+json\" class=\"yoast-schema-graph\">{\"@context\":\"https:\/\/schema.org\",\"@graph\":[{\"@type\":\"WebPage\",\"@id\":\"https:\/\/lottomat.com\/fr\/jouer\/superenalotto\/\",\"url\":\"https:\/\/lottomat.com\/fr\/jouer\/superenalotto\/\",\"name\":\"SuperEnalotto Online - Coupons SuperEnalotto - LottoMat\",\"isPartOf\":{\"@id\":\"https:\/\/lottomat.com\/fr\/#website\"},\"primaryImageOfPage\":{\"@id\":\"https:\/\/lottomat.com\/fr\/jouer\/superenalotto\/#primaryimage\"},\"image\":{\"@id\":\"https:\/\/lottomat.com\/fr\/jouer\/superenalotto\/#primaryimage\"},\"thumbnailUrl\":\"https:\/\/lottomat.com\/wp-content\/uploads\/2025\/10\/Italian-lottery-online-300x300.webp\",\"datePublished\":\"2025-03-26T08:35:10+00:00\",\"dateModified\":\"2026-01-01T18:46:46+00:00\",\"description\":\"Jouez \u00e0 la loterie italienne SuperEnalotto en ligne et gagnez une fortune ! Achetez vos coupons SuperEnalotto sur Lottomat et participez au prochain.\",\"breadcrumb\":{\"@id\":\"https:\/\/lottomat.com\/fr\/jouer\/superenalotto\/#breadcrumb\"},\"inLanguage\":\"fr-FR\",\"potentialAction\":[{\"@type\":\"ReadAction\",\"target\":[\"https:\/\/lottomat.com\/fr\/jouer\/superenalotto\/\"]}]},{\"@type\":\"ImageObject\",\"inLanguage\":\"fr-FR\",\"@id\":\"https:\/\/lottomat.com\/fr\/jouer\/superenalotto\/#primaryimage\",\"url\":\"https:\/\/lottomat.com\/wp-content\/uploads\/2025\/10\/Italian-lottery-online-300x300.webp\",\"contentUrl\":\"https:\/\/lottomat.com\/wp-content\/uploads\/2025\/10\/Italian-lottery-online-300x300.webp\"},{\"@type\":\"BreadcrumbList\",\"@id\":\"https:\/\/lottomat.com\/fr\/jouer\/superenalotto\/#breadcrumb\",\"itemListElement\":[{\"@type\":\"ListItem\",\"position\":1,\"name\":\"Home\",\"item\":\"https:\/\/lottomat.com\/fr\/\"},{\"@type\":\"ListItem\",\"position\":2,\"name\":\"Jouer \u00e0 la loterie\",\"item\":\"https:\/\/lottomat.com\/fr\/jouer\/\"},{\"@type\":\"ListItem\",\"position\":3,\"name\":\"SuperEnalotto Online &#8211; Coupons SuperEnalotto\"}]},{\"@type\":\"WebSite\",\"@id\":\"https:\/\/lottomat.com\/fr\/#website\",\"url\":\"https:\/\/lottomat.com\/fr\/\",\"name\":\"Lottomat\",\"description\":\"\",\"potentialAction\":[{\"@type\":\"SearchAction\",\"target\":{\"@type\":\"EntryPoint\",\"urlTemplate\":\"https:\/\/lottomat.com\/fr\/?s={search_term_string}\"},\"query-input\":{\"@type\":\"PropertyValueSpecification\",\"valueRequired\":true,\"valueName\":\"search_term_string\"}}],\"inLanguage\":\"fr-FR\"}]}<\/script>\n<!-- \/ Yoast SEO plugin. -->","yoast_head_json":{"title":"SuperEnalotto Online - Coupons SuperEnalotto - LottoMat","description":"Jouez \u00e0 la loterie italienne SuperEnalotto en ligne et gagnez une fortune ! Achetez vos coupons SuperEnalotto sur Lottomat et participez au prochain.","robots":{"index":"index","follow":"follow","max-snippet":"max-snippet:-1","max-image-preview":"max-image-preview:large","max-video-preview":"max-video-preview:-1"},"canonical":"https:\/\/lottomat.com\/fr\/jouer\/superenalotto\/","og_locale":"fr_FR","og_type":"article","og_title":"SuperEnalotto Online - Coupons SuperEnalotto - LottoMat","og_description":"Jouez \u00e0 la loterie italienne SuperEnalotto en ligne et gagnez une fortune ! Achetez vos coupons SuperEnalotto sur Lottomat et participez au prochain.","og_url":"https:\/\/lottomat.com\/fr\/jouer\/superenalotto\/","og_site_name":"Lottomat","article_modified_time":"2026-01-01T18:46:46+00:00","og_image":[{"url":"https:\/\/lottomat.com\/wp-content\/uploads\/2025\/10\/Italian-lottery-online-300x300.webp"}],"twitter_card":"summary_large_image","twitter_misc":{"Dur\u00e9e de lecture estim\u00e9e":"6 minutes"},"schema":{"@context":"https:\/\/schema.org","@graph":[{"@type":"WebPage","@id":"https:\/\/lottomat.com\/fr\/jouer\/superenalotto\/","url":"https:\/\/lottomat.com\/fr\/jouer\/superenalotto\/","name":"SuperEnalotto Online - Coupons SuperEnalotto - LottoMat","isPartOf":{"@id":"https:\/\/lottomat.com\/fr\/#website"},"primaryImageOfPage":{"@id":"https:\/\/lottomat.com\/fr\/jouer\/superenalotto\/#primaryimage"},"image":{"@id":"https:\/\/lottomat.com\/fr\/jouer\/superenalotto\/#primaryimage"},"thumbnailUrl":"https:\/\/lottomat.com\/wp-content\/uploads\/2025\/10\/Italian-lottery-online-300x300.webp","datePublished":"2025-03-26T08:35:10+00:00","dateModified":"2026-01-01T18:46:46+00:00","description":"Jouez \u00e0 la loterie italienne SuperEnalotto en ligne et gagnez une fortune ! Achetez vos coupons SuperEnalotto sur Lottomat et participez au prochain.","breadcrumb":{"@id":"https:\/\/lottomat.com\/fr\/jouer\/superenalotto\/#breadcrumb"},"inLanguage":"fr-FR","potentialAction":[{"@type":"ReadAction","target":["https:\/\/lottomat.com\/fr\/jouer\/superenalotto\/"]}]},{"@type":"ImageObject","inLanguage":"fr-FR","@id":"https:\/\/lottomat.com\/fr\/jouer\/superenalotto\/#primaryimage","url":"https:\/\/lottomat.com\/wp-content\/uploads\/2025\/10\/Italian-lottery-online-300x300.webp","contentUrl":"https:\/\/lottomat.com\/wp-content\/uploads\/2025\/10\/Italian-lottery-online-300x300.webp"},{"@type":"BreadcrumbList","@id":"https:\/\/lottomat.com\/fr\/jouer\/superenalotto\/#breadcrumb","itemListElement":[{"@type":"ListItem","position":1,"name":"Home","item":"https:\/\/lottomat.com\/fr\/"},{"@type":"ListItem","position":2,"name":"Jouer \u00e0 la loterie","item":"https:\/\/lottomat.com\/fr\/jouer\/"},{"@type":"ListItem","position":3,"name":"SuperEnalotto Online &#8211; Coupons SuperEnalotto"}]},{"@type":"WebSite","@id":"https:\/\/lottomat.com\/fr\/#website","url":"https:\/\/lottomat.com\/fr\/","name":"Lottomat","description":"","potentialAction":[{"@type":"SearchAction","target":{"@type":"EntryPoint","urlTemplate":"https:\/\/lottomat.com\/fr\/?s={search_term_string}"},"query-input":{"@type":"PropertyValueSpecification","valueRequired":true,"valueName":"search_term_string"}}],"inLanguage":"fr-FR"}]}},"_links":{"self":[{"href":"https:\/\/lottomat.com\/fr\/wp-json\/wp\/v2\/pages\/9459","targetHints":{"allow":["GET"]}}],"collection":[{"href":"https:\/\/lottomat.com\/fr\/wp-json\/wp\/v2\/pages"}],"about":[{"href":"https:\/\/lottomat.com\/fr\/wp-json\/wp\/v2\/types\/page"}],"author":[{"embeddable":true,"href":"https:\/\/lottomat.com\/fr\/wp-json\/wp\/v2\/users\/1"}],"replies":[{"embeddable":true,"href":"https:\/\/lottomat.com\/fr\/wp-json\/wp\/v2\/comments?post=9459"}],"version-history":[{"count":3,"href":"https:\/\/lottomat.com\/fr\/wp-json\/wp\/v2\/pages\/9459\/revisions"}],"predecessor-version":[{"id":263822,"href":"https:\/\/lottomat.com\/fr\/wp-json\/wp\/v2\/pages\/9459\/revisions\/263822"}],"up":[{"embeddable":true,"href":"https:\/\/lottomat.com\/fr\/wp-json\/wp\/v2\/pages\/6768"}],"wp:attachment":[{"href":"https:\/\/lottomat.com\/fr\/wp-json\/wp\/v2\/media?parent=9459"}],"curies":[{"name":"wp","href":"https:\/\/api.w.org\/{rel}","templated":true}]}}