{"id":8586,"date":"2025-03-26T07:54:05","date_gmt":"2025-03-26T07:54:05","guid":{"rendered":"https:\/\/lottomat.net\/jouer-a-la-loterie\/jouer-au-mega-millions-en-ligne\/"},"modified":"2026-03-02T21:42:31","modified_gmt":"2026-03-02T21:42:31","slug":"megamillions","status":"publish","type":"page","link":"https:\/\/lottomat.com\/fr\/jouer\/megamillions\/","title":{"rendered":"Jouez \u00e0 Mega Millions en ligne \u2013 Billets Mega Millions"},"content":{"rendered":"\n\n<div class=\"kk-star-ratings kksr-auto kksr-align-left kksr-valign-top\"\n    data-payload='{&quot;align&quot;:&quot;left&quot;,&quot;id&quot;:&quot;8586&quot;,&quot;slug&quot;:&quot;default&quot;,&quot;valign&quot;:&quot;top&quot;,&quot;ignore&quot;:&quot;&quot;,&quot;reference&quot;:&quot;auto&quot;,&quot;class&quot;:&quot;&quot;,&quot;count&quot;:&quot;0&quot;,&quot;legendonly&quot;:&quot;&quot;,&quot;readonly&quot;:&quot;&quot;,&quot;score&quot;:&quot;0&quot;,&quot;starsonly&quot;:&quot;&quot;,&quot;best&quot;:&quot;5&quot;,&quot;gap&quot;:&quot;5&quot;,&quot;greet&quot;:&quot;Rate this page&quot;,&quot;legend&quot;:&quot;0\\\/5 - (0 vote)&quot;,&quot;size&quot;:&quot;30&quot;,&quot;title&quot;:&quot;Jouez \u00e0 Mega Millions en ligne \u2013 Billets Mega Millions&quot;,&quot;width&quot;:&quot;0&quot;,&quot;_legend&quot;:&quot;{score}\\\/{best} - ({count} {votes})&quot;,&quot;font_factor&quot;:&quot;1.25&quot;}'>\n            \n<div class=\"kksr-stars\">\n    \n<div class=\"kksr-stars-inactive\">\n            <div class=\"kksr-star\" data-star=\"1\" style=\"padding-right: 5px\">\n            \n\n<div class=\"kksr-icon\" style=\"width: 30px; height: 30px;\"><\/div>\n        <\/div>\n            <div class=\"kksr-star\" data-star=\"2\" style=\"padding-right: 5px\">\n            \n\n<div class=\"kksr-icon\" style=\"width: 30px; height: 30px;\"><\/div>\n        <\/div>\n            <div class=\"kksr-star\" data-star=\"3\" style=\"padding-right: 5px\">\n            \n\n<div class=\"kksr-icon\" style=\"width: 30px; height: 30px;\"><\/div>\n        <\/div>\n            <div class=\"kksr-star\" data-star=\"4\" style=\"padding-right: 5px\">\n            \n\n<div class=\"kksr-icon\" style=\"width: 30px; height: 30px;\"><\/div>\n        <\/div>\n            <div class=\"kksr-star\" data-star=\"5\" style=\"padding-right: 5px\">\n            \n\n<div class=\"kksr-icon\" style=\"width: 30px; height: 30px;\"><\/div>\n        <\/div>\n    <\/div>\n    \n<div class=\"kksr-stars-active\" style=\"width: 0px;\">\n            <div class=\"kksr-star\" style=\"padding-right: 5px\">\n            \n\n<div class=\"kksr-icon\" style=\"width: 30px; height: 30px;\"><\/div>\n        <\/div>\n            <div class=\"kksr-star\" style=\"padding-right: 5px\">\n            \n\n<div class=\"kksr-icon\" style=\"width: 30px; height: 30px;\"><\/div>\n        <\/div>\n            <div class=\"kksr-star\" style=\"padding-right: 5px\">\n            \n\n<div class=\"kksr-icon\" style=\"width: 30px; height: 30px;\"><\/div>\n        <\/div>\n            <div class=\"kksr-star\" style=\"padding-right: 5px\">\n            \n\n<div class=\"kksr-icon\" style=\"width: 30px; height: 30px;\"><\/div>\n        <\/div>\n            <div class=\"kksr-star\" style=\"padding-right: 5px\">\n            \n\n<div class=\"kksr-icon\" style=\"width: 30px; height: 30px;\"><\/div>\n        <\/div>\n    <\/div>\n<\/div>\n                \n\n<div class=\"kksr-legend\" style=\"font-size: 24px;\">\n            <span class=\"kksr-muted\">Rate this page<\/span>\n    <\/div>\n    <\/div>\n<h2>Comment fonctionne la loterie Mega Millions ?<\/h2>\n<p>La loterie en ligne Mega Millions est un jeu de chiffres simple, avec des r\u00e8gles faciles \u00e0 retenir. Chaque joueur doit choisir cinq num\u00e9ros principaux entre 1 et 70 ainsi que le num\u00e9ro Mega Ball, qui est un num\u00e9ro bonus unique compris entre 1 et 24. Le gros lot est attribu\u00e9 au joueur dont le billet contient les six num\u00e9ros tir\u00e9s \u2014 cinq num\u00e9ros principaux et un num\u00e9ro bonus. Il est important de noter que <strong>Mega Millions est une loterie qui propose neuf niveaux de gains<\/strong>, permettant \u00e0 chaque joueur de remporter un prix en argent. De plus, un billet Mega Millions avec uniquement le num\u00e9ro Mega Ball correctement s\u00e9lectionn\u00e9 est \u00e9galement gagnant. Comme mentionn\u00e9 pr\u00e9c\u00e9demment, Mega Millions est une loterie qui offre de r\u00e9elles chances de gagner des millions de dollars. Lisez <a href=\"https:\/\/lottomat.com\/fr\/loterie\/mega-millions\/\">plus d\u2019informations sur les r\u00e8gles de Mega Millions<\/a> sur notre site et d\u00e9couvrez-en davantage.<\/p>\n<h2><img loading=\"lazy\" decoding=\"async\" class=\"alignleft wp-image-251833\" src=\"https:\/\/lottomat.com\/wp-content\/uploads\/2025\/10\/play-Mega-Millions.webp\" alt=\"jouer \u00e0 Mega Millions\" width=\"200\" height=\"200\" srcset=\"https:\/\/lottomat.com\/wp-content\/uploads\/2025\/10\/play-Mega-Millions.webp 400w, https:\/\/lottomat.com\/wp-content\/uploads\/2025\/10\/play-Mega-Millions-300x300.webp 300w, https:\/\/lottomat.com\/wp-content\/uploads\/2025\/10\/play-Mega-Millions-150x150.webp 150w, https:\/\/lottomat.com\/wp-content\/uploads\/2025\/10\/play-Mega-Millions-100x100.webp 100w\" sizes=\"auto, (max-width: 200px) 100vw, 200px\" \/>Combien pouvez-vous gagner gr\u00e2ce \u00e0 Mega Millions en ligne ?<\/h2>\n<p>Choisir correctement tous les num\u00e9ros tir\u00e9s garantit le gros lot ou une part de celui-ci s\u2019il y a plusieurs gagnants. Si plusieurs joueurs trouvent tous les num\u00e9ros gagnants, le prix principal est r\u00e9parti proportionnellement entre eux. Si vous trouvez les cinq num\u00e9ros principaux mais pas le Mega Ball, vous recevez un <strong>gain garanti de 1 000 000 $<\/strong> (oui, vous avez bien lu \u2014 un million de dollars pour cinq num\u00e9ros corrects !). Mega Millions est une loterie avec des jackpots fr\u00e9quents pouvant atteindre des sommes inimaginables, ce qui signifie que les billets gagnants peuvent offrir des gains tr\u00e8s importants. Mega Millions propose \u00e9galement deux options int\u00e9ressantes. Malheureusement, ces options suppl\u00e9mentaires \u2014 notamment la possibilit\u00e9 d\u2019acheter un billet moins cher uniquement pour le jackpot ou de multiplier les gains des niveaux inf\u00e9rieurs \u2014 sont disponibles uniquement pour les r\u00e9sidents de certains \u00c9tats am\u00e9ricains. Toutefois, le gros lot et les niveaux inf\u00e9rieurs restent accessibles \u00e0 tous les autres joueurs.<\/p>\n<h2>Quel est le prix d\u2019un billet Mega Millions en ligne ?<\/h2>\n<p>Pour v\u00e9rifier le co\u00fbt d\u2019un billet ou d\u2019un plus grand nombre, utilisez le site Lottomat et l\u2019option de s\u00e9lection des num\u00e9ros gagnants. Apr\u00e8s avoir rempli le billet, son prix sera affich\u00e9 en dessous. <strong>Le calculateur d\u00e9terminera automatiquement le montant \u00e0 payer<\/strong> en fonction du nombre de billets Mega Millions en ligne s\u00e9lectionn\u00e9s. Le prix d\u2019un billet comprend son co\u00fbt ainsi que toutes les commissions applicables et constitue le montant final. Vous n\u2019avez rien d\u2019autre \u00e0 faire \u2014 il vous suffit d\u2019attendre <a href=\"https:\/\/lottomat.com\/fr\/resultats\/mega-millions\/\">les r\u00e9sultats actuels du tirage Mega Millions<\/a>.<\/p>\n<h2>Comment acheter un billet Mega Millions en ligne ?<img loading=\"lazy\" decoding=\"async\" class=\"alignright wp-image-251863\" src=\"https:\/\/lottomat.com\/wp-content\/uploads\/2025\/10\/Mega-Millions-tickets.webp\" alt=\"billets Mega Millions\" width=\"200\" height=\"200\" srcset=\"https:\/\/lottomat.com\/wp-content\/uploads\/2025\/10\/Mega-Millions-tickets.webp 400w, https:\/\/lottomat.com\/wp-content\/uploads\/2025\/10\/Mega-Millions-tickets-300x300.webp 300w, https:\/\/lottomat.com\/wp-content\/uploads\/2025\/10\/Mega-Millions-tickets-150x150.webp 150w, https:\/\/lottomat.com\/wp-content\/uploads\/2025\/10\/Mega-Millions-tickets-100x100.webp 100w\" sizes=\"auto, (max-width: 200px) 100vw, 200px\" \/><\/h2>\n<p>Pour participer aux tirages Mega Millions, il n\u2019est pas obligatoire de vivre aux \u00c9tats-Unis, mais <strong>la seule option est d\u2019acheter un billet Mega Millions en ligne<\/strong>. Les points de vente physiques sont disponibles uniquement aux \u00c9tats-Unis. Il vous suffit de remplir un billet sur le site Lottomat, puis de proc\u00e9der au paiement (plusieurs m\u00e9thodes de paiement sont propos\u00e9es). Des millions de dollars sont \u00e0 port\u00e9e de main, sans quitter votre domicile, 24 heures sur 24 et 7 jours sur 7. Aujourd\u2019hui, vous pouvez jouer \u00e0 la loterie Mega Millions en ligne confortablement depuis votre fauteuil. Les loteries en ligne constituent d\u00e9sormais la base de ce secteur.<\/p>\n<h3>Calendrier des tirages et r\u00e9sultats<\/h3>\n<p>Votre billet participera \u00e0 la loterie am\u00e9ricaine et, en cas de gain, le prix sera vers\u00e9 en totalit\u00e9 ou en plusieurs fois, selon l\u2019option choisie. <strong>Les tirages ont lieu le mercredi et le samedi<\/strong>, et <a href=\"https:\/\/lottomat.com\/fr\/resultats\/\">les r\u00e9sultats actuels des tirages<\/a> peuvent \u00eatre consult\u00e9s sur le site Lottomat. Acc\u00e9dez \u00e0 l\u2019option \u00ab Jouer \u00bb et d\u00e9couvrez \u00e0 quel point il est simple d\u2019acheter un billet de loterie en ligne. Pour gagner, il suffit d\u2019un peu de chance !<\/p>\n<h2>Comment jouer \u00e0 la loterie Mega Millions en ligne ?<\/h2>\n<p>Gr\u00e2ce \u00e0 notre site, vous n\u2019avez pas besoin de vous rendre aux \u00c9tats-Unis pour acheter un billet Mega Millions. Il vous suffit de s\u00e9lectionner cinq num\u00e9ros principaux entre 1 et 70 et un num\u00e9ro suppl\u00e9mentaire Mega Ball entre 1 et 24. Vous pouvez \u00e9galement utiliser l\u2019option al\u00e9atoire (Quick Pick), o\u00f9 les num\u00e9ros sont choisis automatiquement. Pour remporter le gros lot, vous devez s\u00e9lectionner correctement tous les num\u00e9ros tir\u00e9s. Moins vous avez de num\u00e9ros corrects, plus votre gain sera faible. <strong>S\u00e9lectionnez cinq num\u00e9ros principaux entre 1 et 70 et un num\u00e9ro unique appel\u00e9 Mega Ball entre 1 et 24.<\/strong> Choisissez vos num\u00e9ros et jouez pour des millions d\u00e8s aujourd\u2019hui !<\/p>\n<h2><img loading=\"lazy\" decoding=\"async\" class=\"alignleft wp-image-251893\" src=\"https:\/\/lottomat.com\/wp-content\/uploads\/2025\/10\/buy-Mega-Millions-tickets.webp\" alt=\"acheter des billets Mega Millions\" width=\"200\" height=\"200\" srcset=\"https:\/\/lottomat.com\/wp-content\/uploads\/2025\/10\/buy-Mega-Millions-tickets.webp 400w, https:\/\/lottomat.com\/wp-content\/uploads\/2025\/10\/buy-Mega-Millions-tickets-300x300.webp 300w, https:\/\/lottomat.com\/wp-content\/uploads\/2025\/10\/buy-Mega-Millions-tickets-150x150.webp 150w, https:\/\/lottomat.com\/wp-content\/uploads\/2025\/10\/buy-Mega-Millions-tickets-100x100.webp 100w\" sizes=\"auto, (max-width: 200px) 100vw, 200px\" \/>Quels sont les meilleurs conseils pour jouer \u00e0 Mega Millions en ligne et gagner ?<\/h2>\n<p>Jouer intelligemment est la cl\u00e9 pour maximiser votre exp\u00e9rience de la loterie tout en g\u00e9rant efficacement votre budget. Voici quelques strat\u00e9gies \u00e9prouv\u00e9es qui peuvent am\u00e9liorer vos chances de gagner.<\/p>\n<h3>Strat\u00e9gie de jeu en groupe<\/h3>\n<p>Comment \u00e9viter de d\u00e9penser une fortune tout en participant \u00e0 la loterie avec un nombre important de billets ? C\u2019est simple \u2014 <strong>jouez uniquement lorsqu\u2019il y a une cagnotte report\u00e9e et invitez vos amis ou votre famille \u00e0 jouer<\/strong>. C\u2019est la meilleure fa\u00e7on d\u2019augmenter vos chances, en partageant le co\u00fbt des billets Mega Millions entre les participants. N\u2019oubliez pas que vos chances de gagner augmentent avec le nombre de billets achet\u00e9s.<\/p>\n<h3>M\u00e9thodes de s\u00e9lection des num\u00e9ros<\/h3>\n<p>La mani\u00e8re de choisir vos num\u00e9ros d\u00e9pend uniquement de vous. Vous pouvez utiliser l\u2019option al\u00e9atoire (Quick Pick) pour remplir votre billet Mega Millions avec des num\u00e9ros g\u00e9n\u00e9r\u00e9s automatiquement ou utiliser vos num\u00e9ros porte-bonheur. Si vous le souhaitez, vous pouvez \u00e9galement consulter les r\u00e9sultats des tirages pr\u00e9c\u00e9dents afin d\u2019identifier les num\u00e9ros les plus et les moins fr\u00e9quemment tir\u00e9s dans Mega Millions et \u00e9laborer votre propre strat\u00e9gie. <a href=\"https:\/\/lottomat.com\/fr\/jouer\/\">acheter un billet de loterie<\/a>, et nous vous souhaitons bonne chance !<\/p>\n<h2>Pouvez-vous acheter plus de billets Mega Millions en ligne ?<\/h2>\n<p>Oui, profitez de l\u2019option <strong>\u00ab\u00a0Plus de lignes\u00a0\u00bb<\/strong> et s\u00e9lectionnez autant de lignes que n\u00e9cessaire. Cette fonctionnalit\u00e9 vous permet d\u2019augmenter vos chances de gagner en achetant plusieurs billets en une seule transaction. Plus vous jouez de lignes, meilleures sont vos chances de trouver la combinaison gagnante.<\/p>\n<h2>Pouvez-vous acheter des billets Mega Millions en ligne pour plusieurs tirages ?<img loading=\"lazy\" decoding=\"async\" class=\"alignright wp-image-251923\" src=\"https:\/\/lottomat.com\/wp-content\/uploads\/2025\/10\/Mega-Millions-online.webp\" alt=\"Mega Millions en ligne\" width=\"200\" height=\"200\" srcset=\"https:\/\/lottomat.com\/wp-content\/uploads\/2025\/10\/Mega-Millions-online.webp 400w, https:\/\/lottomat.com\/wp-content\/uploads\/2025\/10\/Mega-Millions-online-300x300.webp 300w, https:\/\/lottomat.com\/wp-content\/uploads\/2025\/10\/Mega-Millions-online-150x150.webp 150w, https:\/\/lottomat.com\/wp-content\/uploads\/2025\/10\/Mega-Millions-online-100x100.webp 100w\" sizes=\"auto, (max-width: 200px) 100vw, 200px\" \/><\/h2>\n<p>Oui, sur le site Lottomat, vous pouvez <strong>acheter des billets \u00e0 l\u2019avance pour jusqu\u2019\u00e0 8 tirages<\/strong>. Cette option pratique signifie que vous n\u2019avez pas \u00e0 vous souvenir d\u2019acheter des billets pour chaque tirage individuel. Vous pouvez d\u00e9finir vos num\u00e9ros une seule fois et les laisser participer automatiquement aux tirages cons\u00e9cutifs. Cette option d\u2019achat anticip\u00e9 est parfaite pour les joueurs qui ont leurs num\u00e9ros favoris et souhaitent \u00eatre s\u00fbrs de ne manquer aucun tirage.<\/p>\n<h2>Est-il s\u00fbr de jouer \u00e0 Mega Millions en ligne ?<\/h2>\n<p>Jouer sur le site Lottomat est <strong>totalement s\u00fbr et s\u00e9curis\u00e9<\/strong>. Nous scannons tous les billets et prenons grand soin de nos clients, en veillant \u00e0 ce que vos informations personnelles et financi\u00e8res soient prot\u00e9g\u00e9es selon les normes de s\u00e9curit\u00e9 les plus \u00e9lev\u00e9es. Notre plateforme utilise une technologie de cryptage avanc\u00e9e pour s\u00e9curiser toutes les transactions et achats de billets. Cependant, il est important de se rappeler que <strong>jouer \u00e0 Mega Millions doit \u00eatre consid\u00e9r\u00e9 comme un divertissement<\/strong>. Vous ne devez jamais risquer de l\u2019argent que vous ne pouvez pas vous permettre de perdre. Jouez toujours de mani\u00e8re responsable et selon vos moyens, en consid\u00e9rant les billets de loterie comme une forme de loisir plut\u00f4t qu\u2019une strat\u00e9gie d\u2019investissement.<\/p>\n","protected":false},"excerpt":{"rendered":"<p>Comment fonctionne la loterie Mega Millions ? La loterie en ligne Mega Millions est un jeu de chiffres simple, avec des r\u00e8gles faciles \u00e0 retenir. Chaque joueur doit choisir cinq num\u00e9ros principaux entre 1 et 70 ainsi que le num\u00e9ro Mega Ball, qui est un num\u00e9ro bonus unique compris entre 1 et 24. Le gros [&hellip;]<\/p>\n","protected":false},"author":1,"featured_media":0,"parent":6768,"menu_order":2,"comment_status":"closed","ping_status":"closed","template":"megamillion.php","meta":{"_et_pb_use_builder":"","_et_pb_old_content":"","_et_gb_content_width":"","exclude_from_search":false,"footnotes":""},"class_list":["post-8586","page","type-page","status-publish","hentry"],"yoast_head":"<!-- This site is optimized with the Yoast SEO plugin v23.8 - https:\/\/yoast.com\/wordpress\/plugins\/seo\/ -->\n<title>Loterie Mega Millions - Jouer au Mega Millions en ligne [5\/70 + 1\/25]<\/title>\n<meta name=\"description\" content=\"Jouez \u00e0 la loterie en ligne Mega Millions sur le site Lottomat et gagnez une fortune ! Achetez des billets Mega Millions en ligne d\u00e8s aujourd\u2019hui\" \/>\n<meta name=\"robots\" content=\"index, follow, max-snippet:-1, max-image-preview:large, max-video-preview:-1\" \/>\n<link rel=\"canonical\" href=\"https:\/\/lottomat.com\/fr\/jouer\/megamillions\/\" \/>\n<meta property=\"og:locale\" content=\"fr_FR\" \/>\n<meta property=\"og:type\" content=\"article\" \/>\n<meta property=\"og:title\" content=\"Loterie Mega Millions - Jouer au Mega Millions en ligne [5\/70 + 1\/25]\" \/>\n<meta property=\"og:description\" content=\"Jouez \u00e0 la loterie en ligne Mega Millions sur le site Lottomat et gagnez une fortune ! Achetez des billets Mega Millions en ligne d\u00e8s aujourd\u2019hui\" \/>\n<meta property=\"og:url\" content=\"https:\/\/lottomat.com\/fr\/jouer\/megamillions\/\" \/>\n<meta property=\"og:site_name\" content=\"Lottomat\" \/>\n<meta property=\"article:modified_time\" content=\"2026-03-02T21:42:31+00:00\" \/>\n<meta property=\"og:image\" content=\"https:\/\/lottomat.com\/wp-content\/uploads\/2025\/10\/play-Mega-Millions.webp\" \/>\n\t<meta property=\"og:image:width\" content=\"400\" \/>\n\t<meta property=\"og:image:height\" content=\"400\" \/>\n\t<meta property=\"og:image:type\" content=\"image\/webp\" \/>\n<meta name=\"twitter:card\" content=\"summary_large_image\" \/>\n<meta name=\"twitter:label1\" content=\"Dur\u00e9e de lecture estim\u00e9e\" \/>\n\t<meta name=\"twitter:data1\" content=\"6 minutes\" \/>\n<script type=\"application\/ld+json\" class=\"yoast-schema-graph\">{\"@context\":\"https:\/\/schema.org\",\"@graph\":[{\"@type\":\"WebPage\",\"@id\":\"https:\/\/lottomat.com\/fr\/jouer\/megamillions\/\",\"url\":\"https:\/\/lottomat.com\/fr\/jouer\/megamillions\/\",\"name\":\"Loterie Mega Millions - Jouer au Mega Millions en ligne [5\/70 + 1\/25]\",\"isPartOf\":{\"@id\":\"https:\/\/lottomat.com\/fr\/#website\"},\"primaryImageOfPage\":{\"@id\":\"https:\/\/lottomat.com\/fr\/jouer\/megamillions\/#primaryimage\"},\"image\":{\"@id\":\"https:\/\/lottomat.com\/fr\/jouer\/megamillions\/#primaryimage\"},\"thumbnailUrl\":\"https:\/\/lottomat.com\/wp-content\/uploads\/2025\/10\/play-Mega-Millions.webp\",\"datePublished\":\"2025-03-26T07:54:05+00:00\",\"dateModified\":\"2026-03-02T21:42:31+00:00\",\"description\":\"Jouez \u00e0 la loterie en ligne Mega Millions sur le site Lottomat et gagnez une fortune ! Achetez des billets Mega Millions en ligne d\u00e8s aujourd\u2019hui\",\"breadcrumb\":{\"@id\":\"https:\/\/lottomat.com\/fr\/jouer\/megamillions\/#breadcrumb\"},\"inLanguage\":\"fr-FR\",\"potentialAction\":[{\"@type\":\"ReadAction\",\"target\":[\"https:\/\/lottomat.com\/fr\/jouer\/megamillions\/\"]}]},{\"@type\":\"ImageObject\",\"inLanguage\":\"fr-FR\",\"@id\":\"https:\/\/lottomat.com\/fr\/jouer\/megamillions\/#primaryimage\",\"url\":\"https:\/\/lottomat.com\/wp-content\/uploads\/2025\/10\/play-Mega-Millions.webp\",\"contentUrl\":\"https:\/\/lottomat.com\/wp-content\/uploads\/2025\/10\/play-Mega-Millions.webp\"},{\"@type\":\"BreadcrumbList\",\"@id\":\"https:\/\/lottomat.com\/fr\/jouer\/megamillions\/#breadcrumb\",\"itemListElement\":[{\"@type\":\"ListItem\",\"position\":1,\"name\":\"Home\",\"item\":\"https:\/\/lottomat.com\/fr\/\"},{\"@type\":\"ListItem\",\"position\":2,\"name\":\"Jouer \u00e0 la loterie\",\"item\":\"https:\/\/lottomat.com\/fr\/jouer\/\"},{\"@type\":\"ListItem\",\"position\":3,\"name\":\"Jouez \u00e0 Mega Millions en ligne \u2013 Billets Mega Millions\"}]},{\"@type\":\"WebSite\",\"@id\":\"https:\/\/lottomat.com\/fr\/#website\",\"url\":\"https:\/\/lottomat.com\/fr\/\",\"name\":\"Lottomat\",\"description\":\"\",\"potentialAction\":[{\"@type\":\"SearchAction\",\"target\":{\"@type\":\"EntryPoint\",\"urlTemplate\":\"https:\/\/lottomat.com\/fr\/?s={search_term_string}\"},\"query-input\":{\"@type\":\"PropertyValueSpecification\",\"valueRequired\":true,\"valueName\":\"search_term_string\"}}],\"inLanguage\":\"fr-FR\"}]}<\/script>\n<!-- \/ Yoast SEO plugin. -->","yoast_head_json":{"title":"Loterie Mega Millions - Jouer au Mega Millions en ligne [5\/70 + 1\/25]","description":"Jouez \u00e0 la loterie en ligne Mega Millions sur le site Lottomat et gagnez une fortune ! Achetez des billets Mega Millions en ligne d\u00e8s aujourd\u2019hui","robots":{"index":"index","follow":"follow","max-snippet":"max-snippet:-1","max-image-preview":"max-image-preview:large","max-video-preview":"max-video-preview:-1"},"canonical":"https:\/\/lottomat.com\/fr\/jouer\/megamillions\/","og_locale":"fr_FR","og_type":"article","og_title":"Loterie Mega Millions - Jouer au Mega Millions en ligne [5\/70 + 1\/25]","og_description":"Jouez \u00e0 la loterie en ligne Mega Millions sur le site Lottomat et gagnez une fortune ! Achetez des billets Mega Millions en ligne d\u00e8s aujourd\u2019hui","og_url":"https:\/\/lottomat.com\/fr\/jouer\/megamillions\/","og_site_name":"Lottomat","article_modified_time":"2026-03-02T21:42:31+00:00","og_image":[{"width":400,"height":400,"url":"https:\/\/lottomat.com\/wp-content\/uploads\/2025\/10\/play-Mega-Millions.webp","type":"image\/webp"}],"twitter_card":"summary_large_image","twitter_misc":{"Dur\u00e9e de lecture estim\u00e9e":"6 minutes"},"schema":{"@context":"https:\/\/schema.org","@graph":[{"@type":"WebPage","@id":"https:\/\/lottomat.com\/fr\/jouer\/megamillions\/","url":"https:\/\/lottomat.com\/fr\/jouer\/megamillions\/","name":"Loterie Mega Millions - Jouer au Mega Millions en ligne [5\/70 + 1\/25]","isPartOf":{"@id":"https:\/\/lottomat.com\/fr\/#website"},"primaryImageOfPage":{"@id":"https:\/\/lottomat.com\/fr\/jouer\/megamillions\/#primaryimage"},"image":{"@id":"https:\/\/lottomat.com\/fr\/jouer\/megamillions\/#primaryimage"},"thumbnailUrl":"https:\/\/lottomat.com\/wp-content\/uploads\/2025\/10\/play-Mega-Millions.webp","datePublished":"2025-03-26T07:54:05+00:00","dateModified":"2026-03-02T21:42:31+00:00","description":"Jouez \u00e0 la loterie en ligne Mega Millions sur le site Lottomat et gagnez une fortune ! Achetez des billets Mega Millions en ligne d\u00e8s aujourd\u2019hui","breadcrumb":{"@id":"https:\/\/lottomat.com\/fr\/jouer\/megamillions\/#breadcrumb"},"inLanguage":"fr-FR","potentialAction":[{"@type":"ReadAction","target":["https:\/\/lottomat.com\/fr\/jouer\/megamillions\/"]}]},{"@type":"ImageObject","inLanguage":"fr-FR","@id":"https:\/\/lottomat.com\/fr\/jouer\/megamillions\/#primaryimage","url":"https:\/\/lottomat.com\/wp-content\/uploads\/2025\/10\/play-Mega-Millions.webp","contentUrl":"https:\/\/lottomat.com\/wp-content\/uploads\/2025\/10\/play-Mega-Millions.webp"},{"@type":"BreadcrumbList","@id":"https:\/\/lottomat.com\/fr\/jouer\/megamillions\/#breadcrumb","itemListElement":[{"@type":"ListItem","position":1,"name":"Home","item":"https:\/\/lottomat.com\/fr\/"},{"@type":"ListItem","position":2,"name":"Jouer \u00e0 la loterie","item":"https:\/\/lottomat.com\/fr\/jouer\/"},{"@type":"ListItem","position":3,"name":"Jouez \u00e0 Mega Millions en ligne \u2013 Billets Mega Millions"}]},{"@type":"WebSite","@id":"https:\/\/lottomat.com\/fr\/#website","url":"https:\/\/lottomat.com\/fr\/","name":"Lottomat","description":"","potentialAction":[{"@type":"SearchAction","target":{"@type":"EntryPoint","urlTemplate":"https:\/\/lottomat.com\/fr\/?s={search_term_string}"},"query-input":{"@type":"PropertyValueSpecification","valueRequired":true,"valueName":"search_term_string"}}],"inLanguage":"fr-FR"}]}},"_links":{"self":[{"href":"https:\/\/lottomat.com\/fr\/wp-json\/wp\/v2\/pages\/8586","targetHints":{"allow":["GET"]}}],"collection":[{"href":"https:\/\/lottomat.com\/fr\/wp-json\/wp\/v2\/pages"}],"about":[{"href":"https:\/\/lottomat.com\/fr\/wp-json\/wp\/v2\/types\/page"}],"author":[{"embeddable":true,"href":"https:\/\/lottomat.com\/fr\/wp-json\/wp\/v2\/users\/1"}],"replies":[{"embeddable":true,"href":"https:\/\/lottomat.com\/fr\/wp-json\/wp\/v2\/comments?post=8586"}],"version-history":[{"count":3,"href":"https:\/\/lottomat.com\/fr\/wp-json\/wp\/v2\/pages\/8586\/revisions"}],"predecessor-version":[{"id":272458,"href":"https:\/\/lottomat.com\/fr\/wp-json\/wp\/v2\/pages\/8586\/revisions\/272458"}],"up":[{"embeddable":true,"href":"https:\/\/lottomat.com\/fr\/wp-json\/wp\/v2\/pages\/6768"}],"wp:attachment":[{"href":"https:\/\/lottomat.com\/fr\/wp-json\/wp\/v2\/media?parent=8586"}],"curies":[{"name":"wp","href":"https:\/\/api.w.org\/{rel}","templated":true}]}}