{"id":8383,"date":"2025-03-26T07:52:23","date_gmt":"2025-03-26T07:52:23","guid":{"rendered":"https:\/\/lottomat.net\/jouer-a-la-loterie\/jouer-au-powerball-en-ligne\/"},"modified":"2025-11-13T16:03:14","modified_gmt":"2025-11-13T16:03:14","slug":"powerball","status":"publish","type":"page","link":"https:\/\/lottomat.com\/fr\/jouer\/powerball\/","title":{"rendered":"Jouez \u00e0 Powerball en ligne &#8211; Billets Powerball"},"content":{"rendered":"\n\n<div class=\"kk-star-ratings kksr-auto kksr-align-left kksr-valign-top\"\n    data-payload='{&quot;align&quot;:&quot;left&quot;,&quot;id&quot;:&quot;8383&quot;,&quot;slug&quot;:&quot;default&quot;,&quot;valign&quot;:&quot;top&quot;,&quot;ignore&quot;:&quot;&quot;,&quot;reference&quot;:&quot;auto&quot;,&quot;class&quot;:&quot;&quot;,&quot;count&quot;:&quot;0&quot;,&quot;legendonly&quot;:&quot;&quot;,&quot;readonly&quot;:&quot;&quot;,&quot;score&quot;:&quot;0&quot;,&quot;starsonly&quot;:&quot;&quot;,&quot;best&quot;:&quot;5&quot;,&quot;gap&quot;:&quot;5&quot;,&quot;greet&quot;:&quot;Rate this page&quot;,&quot;legend&quot;:&quot;0\\\/5 - (0 vote)&quot;,&quot;size&quot;:&quot;30&quot;,&quot;title&quot;:&quot;Jouez \u00e0 Powerball en ligne - Billets Powerball&quot;,&quot;width&quot;:&quot;0&quot;,&quot;_legend&quot;:&quot;{score}\\\/{best} - ({count} {votes})&quot;,&quot;font_factor&quot;:&quot;1.25&quot;}'>\n            \n<div class=\"kksr-stars\">\n    \n<div class=\"kksr-stars-inactive\">\n            <div class=\"kksr-star\" data-star=\"1\" style=\"padding-right: 5px\">\n            \n\n<div class=\"kksr-icon\" style=\"width: 30px; height: 30px;\"><\/div>\n        <\/div>\n            <div class=\"kksr-star\" data-star=\"2\" style=\"padding-right: 5px\">\n            \n\n<div class=\"kksr-icon\" style=\"width: 30px; height: 30px;\"><\/div>\n        <\/div>\n            <div class=\"kksr-star\" data-star=\"3\" style=\"padding-right: 5px\">\n            \n\n<div class=\"kksr-icon\" style=\"width: 30px; height: 30px;\"><\/div>\n        <\/div>\n            <div class=\"kksr-star\" data-star=\"4\" style=\"padding-right: 5px\">\n            \n\n<div class=\"kksr-icon\" style=\"width: 30px; height: 30px;\"><\/div>\n        <\/div>\n            <div class=\"kksr-star\" data-star=\"5\" style=\"padding-right: 5px\">\n            \n\n<div class=\"kksr-icon\" style=\"width: 30px; height: 30px;\"><\/div>\n        <\/div>\n    <\/div>\n    \n<div class=\"kksr-stars-active\" style=\"width: 0px;\">\n            <div class=\"kksr-star\" style=\"padding-right: 5px\">\n            \n\n<div class=\"kksr-icon\" style=\"width: 30px; height: 30px;\"><\/div>\n        <\/div>\n            <div class=\"kksr-star\" style=\"padding-right: 5px\">\n            \n\n<div class=\"kksr-icon\" style=\"width: 30px; height: 30px;\"><\/div>\n        <\/div>\n            <div class=\"kksr-star\" style=\"padding-right: 5px\">\n            \n\n<div class=\"kksr-icon\" style=\"width: 30px; height: 30px;\"><\/div>\n        <\/div>\n            <div class=\"kksr-star\" style=\"padding-right: 5px\">\n            \n\n<div class=\"kksr-icon\" style=\"width: 30px; height: 30px;\"><\/div>\n        <\/div>\n            <div class=\"kksr-star\" style=\"padding-right: 5px\">\n            \n\n<div class=\"kksr-icon\" style=\"width: 30px; height: 30px;\"><\/div>\n        <\/div>\n    <\/div>\n<\/div>\n                \n\n<div class=\"kksr-legend\" style=\"font-size: 24px;\">\n            <span class=\"kksr-muted\">Rate this page<\/span>\n    <\/div>\n    <\/div>\n<h2><img loading=\"lazy\" decoding=\"async\" class=\"alignleft wp-image-252142\" src=\"https:\/\/lottomat.com\/wp-content\/uploads\/2025\/10\/play-Powerball-150x150.webp\" alt=\"jouer \u00e0 Powerball\" width=\"200\" height=\"200\" srcset=\"https:\/\/lottomat.com\/wp-content\/uploads\/2025\/10\/play-Powerball-150x150.webp 150w, https:\/\/lottomat.com\/wp-content\/uploads\/2025\/10\/play-Powerball-300x300.webp 300w, https:\/\/lottomat.com\/wp-content\/uploads\/2025\/10\/play-Powerball-100x100.webp 100w, https:\/\/lottomat.com\/wp-content\/uploads\/2025\/10\/play-Powerball.webp 400w\" sizes=\"auto, (max-width: 200px) 100vw, 200px\" \/>Qu\u2019est-ce que la loterie Powerball ?<\/h2>\n<p>Commen\u00e7ons par les r\u00e8gles de cette c\u00e9l\u00e8bre loterie, tr\u00e8s simples \u00e0 comprendre \u2014 vous apprendrez rapidement \u00e0 jouer \u00e0 Powerball en ligne. Le jeu consiste \u00e0 choisir cinq num\u00e9ros parmi 1 \u00e0 69 et un num\u00e9ro suppl\u00e9mentaire, appel\u00e9 Power Ball, parmi 1 \u00e0 26. Si le joueur devine tous les num\u00e9ros gagnants, il remporte le jackpot garanti, mais souvenez-vous qu\u2019il existe <strong>9 niveaux de gains<\/strong>. Un joueur gagne \u00e9galement un prix s\u2019il ne devine que le num\u00e9ro Power Ball suppl\u00e9mentaire, le num\u00e9ro bonus. Dans la loterie Powerball en ligne, il existe aussi une option int\u00e9ressante pour les joueurs appel\u00e9e <strong>Power Play<\/strong>. C\u2019est une option suppl\u00e9mentaire qui permet de multiplier les gains, \u00e0 l\u2019exception du jackpot principal. Cependant, cette option est disponible uniquement sur le territoire des \u00c9tats-Unis, lors de l\u2019achat d\u2019un billet en personne dans un point Powerball. Un joueur qui trouve les 5 num\u00e9ros principaux mais pas le num\u00e9ro bonus Powerball remporte un prix garanti de <strong>1 000 000 de dollars<\/strong>. En d\u2019autres termes, celui qui devine 5 num\u00e9ros principaux gagne un million de dollars. Cliquez et lisez <a href=\"https:\/\/lottomat.com\/fr\/loterie\/powerball\/\">plus d\u2019informations sur les r\u00e8gles et les prix de Powerball<\/a> sur notre site web. Bien s\u00fbr, comme dans les autres <a href=\"https:\/\/lottomat.com\/fr\/\">meilleures loteries du monde<\/a>, lorsqu\u2019il n\u2019y a pas de gagnant, le jackpot est report\u00e9, offrant la possibilit\u00e9 de gagner des sommes d\u2019argent \u00e9normes. Powerball est devenue c\u00e9l\u00e8bre gr\u00e2ce \u00e0 ses billets gagnants transform\u00e9s en millions de dollars. Le plus grand jackpot de la loterie am\u00e9ricaine a eu lieu le <strong>7 novembre 2022<\/strong> et s\u2019\u00e9levait \u00e0 <strong>2,04 milliards de dollars<\/strong>, avec une valeur en esp\u00e8ces de <strong>997,6 millions de dollars<\/strong>.<\/p>\n<h2>Comment acheter des billets Powerball ?<img loading=\"lazy\" decoding=\"async\" class=\"alignright wp-image-252172\" src=\"https:\/\/lottomat.com\/wp-content\/uploads\/2025\/10\/Powerball-lottery-tickets-300x300.webp\" alt=\"billets Powerball\" width=\"200\" height=\"200\" srcset=\"https:\/\/lottomat.com\/wp-content\/uploads\/2025\/10\/Powerball-lottery-tickets-300x300.webp 300w, https:\/\/lottomat.com\/wp-content\/uploads\/2025\/10\/Powerball-lottery-tickets-150x150.webp 150w, https:\/\/lottomat.com\/wp-content\/uploads\/2025\/10\/Powerball-lottery-tickets-100x100.webp 100w, https:\/\/lottomat.com\/wp-content\/uploads\/2025\/10\/Powerball-lottery-tickets.webp 400w\" sizes=\"auto, (max-width: 200px) 100vw, 200px\" \/><\/h2>\n<p>Gr\u00e2ce aux changements dans les r\u00e8gles du Powerball, vous n\u2019avez pas besoin d\u2019\u00eatre citoyen am\u00e9ricain ni de vous trouver sur le territoire des \u00c9tats-Unis. Vous pouvez participer \u00e0 la <strong>loterie Powerball en ligne via le site LottoMat<\/strong>. C\u2019est tr\u00e8s pratique \u2014 vous pouvez acheter vos billets Powerball \u00e0 tout moment, de jour comme de nuit, sept jours sur sept. Il vous suffit de choisir l\u2019option Jouer sur le site LottoMat et de remplir le nombre souhait\u00e9 de billets. Ensuite, il suffit d\u2019attendre le tirage, qui a lieu chaque <strong>mardi, jeudi et dimanche \u00e0 02h59 UTC<\/strong>. Le site LottoMat garantit que votre billet est valide et participe au tirage officiel Powerball. Vous pouvez acheter vos billets \u00e0 l\u2019aide d\u2019un ordinateur ou d\u2019un t\u00e9l\u00e9phone portable <strong>de n\u2019importe o\u00f9 dans le monde et \u00e0 tout moment<\/strong>. Il vous suffit de cr\u00e9er un compte utilisateur s\u00e9curis\u00e9, d\u2019acheter un billet et d\u2019attendre vos gains !<\/p>\n<h2>Quel est le prix d\u2019un billet Powerball en ligne ?<\/h2>\n<p>Pour calculer le co\u00fbt d\u2019un billet, il suffit de remplir un ou plusieurs billets sur le site LottoMat. Apr\u00e8s avoir choisi vos num\u00e9ros, <strong>le prix appara\u00eetra sous tous les billets<\/strong>. Si vous remplissez plusieurs billets, la calculatrice indiquera automatiquement le montant total d\u00fb, c\u2019est-\u00e0-dire le prix final. Il comprend le prix de tous les billets Powerball et les frais de commission.<\/p>\n<h2><img loading=\"lazy\" decoding=\"async\" class=\"alignleft wp-image-252202\" src=\"https:\/\/lottomat.com\/wp-content\/uploads\/2025\/10\/Powerball-online-tickets-300x300.webp\" alt=\"billets Powerball en ligne\" width=\"200\" height=\"200\" srcset=\"https:\/\/lottomat.com\/wp-content\/uploads\/2025\/10\/Powerball-online-tickets-300x300.webp 300w, https:\/\/lottomat.com\/wp-content\/uploads\/2025\/10\/Powerball-online-tickets-150x150.webp 150w, https:\/\/lottomat.com\/wp-content\/uploads\/2025\/10\/Powerball-online-tickets-100x100.webp 100w, https:\/\/lottomat.com\/wp-content\/uploads\/2025\/10\/Powerball-online-tickets.webp 400w\" sizes=\"auto, (max-width: 200px) 100vw, 200px\" \/><\/h2>\n<h2>Comment jouer \u00e0 Powerball en ligne ?<\/h2>\n<p>Gr\u00e2ce \u00e0 notre site, la loterie la plus populaire du monde est d\u00e9sormais accessible sans quitter votre domicile. Pour jouer \u00e0 Powerball en ligne, choisissez <strong>cinq num\u00e9ros principaux de 1 \u00e0 69 et un num\u00e9ro Power Ball suppl\u00e9mentaire de 1 \u00e0 26<\/strong>. Vous pouvez choisir vos num\u00e9ros manuellement ou utiliser l\u2019option <strong>Choix rapide<\/strong> pour une s\u00e9lection al\u00e9atoire. C\u2019est aussi simple que cela ! Jouer avec LottoMat est totalement s\u00fbr. <strong>Nous scannons tous les billets achet\u00e9s afin d\u2019assurer leur validit\u00e9 et votre tranquillit\u00e9 d\u2019esprit.<\/strong> Avec LottoMat, vous pouvez jouer \u00e0 Powerball en ligne depuis n\u2019importe o\u00f9 dans le monde \u2014 tout ce dont vous avez besoin est <strong>un acc\u00e8s \u00e0 Internet et un moyen de paiement en ligne.<\/strong> Cette accessibilit\u00e9 mondiale rend la participation \u00e0 l\u2019une des loteries les plus passionnantes du monde plus facile que jamais.<\/p>\n<h2>Puis-je acheter plusieurs billets Powerball en ligne ?<\/h2>\n<p><strong>Oui, vous pouvez tout \u00e0 fait acheter plusieurs billets Powerball en ligne<\/strong> afin d\u2019augmenter vos chances de gagner. Il vous suffit de s\u00e9lectionner l\u2019option <strong>\u00ab\u00a0plus de lignes\u00a0\u00bb<\/strong> pendant le jeu et de choisir le nombre de lignes que vous souhaitez jouer. Chaque ligne suppl\u00e9mentaire repr\u00e9sente une autre chance de gagner le jackpot ou l\u2019un des autres prix secondaires. Plus vous achetez de billets, meilleures sont vos chances de trouver les num\u00e9ros gagnants.<\/p>\n<h2>Puis-je acheter des billets Powerball en ligne pour plusieurs tirages ?<\/h2>\n<h2><img loading=\"lazy\" decoding=\"async\" class=\"alignright wp-image-252232\" src=\"https:\/\/lottomat.com\/wp-content\/uploads\/2025\/10\/Powerball-online-300x300.webp\" alt=\"Powerball en ligne\" width=\"200\" height=\"200\" srcset=\"https:\/\/lottomat.com\/wp-content\/uploads\/2025\/10\/Powerball-online-300x300.webp 300w, https:\/\/lottomat.com\/wp-content\/uploads\/2025\/10\/Powerball-online-150x150.webp 150w, https:\/\/lottomat.com\/wp-content\/uploads\/2025\/10\/Powerball-online-100x100.webp 100w, https:\/\/lottomat.com\/wp-content\/uploads\/2025\/10\/Powerball-online.webp 400w\" sizes=\"auto, (max-width: 200px) 100vw, 200px\" \/><\/h2>\n<p>Absolument ! Sur LottoMat, vous pouvez <strong>acheter des billets Powerball \u00e0 l\u2019avance pour jusqu\u2019\u00e0 8 tirages cons\u00e9cutifs<\/strong>. Cette fonctionnalit\u00e9 pratique signifie que vous n\u2019avez pas besoin de penser \u00e0 acheter un billet avant chaque tirage \u2014 vos num\u00e9ros seront automatiquement enregistr\u00e9s pour plusieurs tirages futurs. Cette option d\u2019achat \u00e0 l\u2019avance garantit que <strong>vous ne manquerez jamais un tirage<\/strong> et vous permet de participer \u00e0 la loterie plusieurs semaines de suite.<\/p>\n<h2>Comment v\u00e9rifier les r\u00e9sultats de la loterie Powerball en ligne ?<\/h2>\n<p>Vous pouvez facilement consulter <a href=\"https:\/\/lottomat.com\/fr\/resultats\/powerball\/\">les derniers r\u00e9sultats Powerball et les r\u00e9sultats archiv\u00e9s<\/a> directement sur le site LottoMat. Notre page de r\u00e9sultats est mise \u00e0 jour imm\u00e9diatement apr\u00e8s chaque tirage, vous fournissant <strong>les num\u00e9ros gagnants pr\u00e9cis et \u00e0 jour.<\/strong> Que vous souhaitiez v\u00e9rifier les tirages r\u00e9cents ou consulter les r\u00e9sultats historiques, toutes les informations sont disponibles en un seul endroit. Cette fonctionnalit\u00e9 pratique vous permet de v\u00e9rifier rapidement si vos num\u00e9ros ont gagn\u00e9, sans devoir chercher ailleurs.<\/p>\n<h2><img loading=\"lazy\" decoding=\"async\" class=\"alignleft wp-image-252262\" src=\"https:\/\/lottomat.com\/wp-content\/uploads\/2025\/10\/Powerball-tickets-300x300.webp\" alt=\"billets Powerball\" width=\"200\" height=\"200\" srcset=\"https:\/\/lottomat.com\/wp-content\/uploads\/2025\/10\/Powerball-tickets-300x300.webp 300w, https:\/\/lottomat.com\/wp-content\/uploads\/2025\/10\/Powerball-tickets-150x150.webp 150w, https:\/\/lottomat.com\/wp-content\/uploads\/2025\/10\/Powerball-tickets-100x100.webp 100w, https:\/\/lottomat.com\/wp-content\/uploads\/2025\/10\/Powerball-tickets.webp 400w\" sizes=\"auto, (max-width: 200px) 100vw, 200px\" \/>LottoMat scanne-t-il les billets Powerball en ligne ?<\/h2>\n<p><strong>Oui, absolument !<\/strong> Nos agents autoris\u00e9s ach\u00e8tent physiquement les billets Powerball dans des points de vente officiels et agr\u00e9\u00e9s en votre nom. <strong>Nous scannons et stockons les billets originaux en toute s\u00e9curit\u00e9<\/strong> afin d\u2019assurer une transparence et une s\u00e9curit\u00e9 totales pour nos joueurs. Cela signifie que vous avez une preuve d\u2019achat et pouvez \u00eatre certain que votre participation est valide pour le tirage officiel Powerball. Les billets originaux sont conserv\u00e9s dans des installations s\u00e9curis\u00e9es, vous offrant ainsi une tranquillit\u00e9 d\u2019esprit concernant votre investissement.<\/p>\n<h2>Quels sont les meilleurs conseils pour jouer \u00e0 Powerball en ligne ?<\/h2>\n<p>Jouez, surtout lorsqu\u2019il y a un jackpot accumul\u00e9. <strong>Powerball a les plus gros jackpots du monde,<\/strong> et m\u00eame avec un seul billet, vous avez une chance de gagner. Le plus grand jackpot a atteint <strong>2,04 milliards de dollars !<\/strong> Vous pouvez \u00e9galement utiliser les num\u00e9ros les plus fr\u00e9quemment tir\u00e9s, que vous trouverez sur la <a href=\"https:\/\/lottomat.com\/fr\/resultats\/\">page des r\u00e9sultats de la loterie<\/a>. Elle contient les r\u00e9sultats actuels ainsi que les anciens. N\u2019oubliez pas que <strong>jouer \u00e0 Powerball en ligne doit rester un divertissement,<\/strong> il est donc important de jouer de mani\u00e8re responsable et raisonnable. Fixez-vous un budget et respectez-le, en consid\u00e9rant les billets comme une activit\u00e9 amusante plut\u00f4t qu\u2019une strat\u00e9gie d\u2019investissement.<\/p>\n<h3>Conseils pour augmenter vos chances de gagner<\/h3>\n<p>Acheter plus d\u2019un billet Powerball signifie que chaque billet suppl\u00e9mentaire augmente vos chances d\u2019obtenir les bons num\u00e9ros. Assurez-vous que les num\u00e9ros que vous choisissez soient vari\u00e9s, car la plage est large \u2014 ne vous limitez pas aux dates de naissance, qui r\u00e9duisent consid\u00e9rablement vos possibilit\u00e9s. Pour r\u00e9duire le co\u00fbt de <a href=\"https:\/\/lottomat.com\/fr\/jouer\/\">l\u2019achat de billets de loterie en ligne<\/a>, vous pouvez inviter vos proches \u00e0 jouer avec vous, ce qui augmente les chances de gagner. Les co\u00fbts des billets peuvent \u00eatre partag\u00e9s entre plusieurs personnes, rendant le jeu plus abordable. Jouez lorsque les <a href=\"https:\/\/lottomat.com\/fr\/loterie\/\">jackpots sont les plus \u00e9lev\u00e9s<\/a>, car tout l\u2019int\u00e9r\u00eat de Powerball est la chance de gagner ! <strong>Vous pouvez acheter un billet gagnant \u00e0 tout moment et devenir millionnaire !<\/strong><\/p>\n","protected":false},"excerpt":{"rendered":"<p>Qu\u2019est-ce que la loterie Powerball ? Commen\u00e7ons par les r\u00e8gles de cette c\u00e9l\u00e8bre loterie, tr\u00e8s simples \u00e0 comprendre \u2014 vous apprendrez rapidement \u00e0 jouer \u00e0 Powerball en ligne. Le jeu consiste \u00e0 choisir cinq num\u00e9ros parmi 1 \u00e0 69 et un num\u00e9ro suppl\u00e9mentaire, appel\u00e9 Power Ball, parmi 1 \u00e0 26. Si le joueur devine tous [&hellip;]<\/p>\n","protected":false},"author":1,"featured_media":0,"parent":6768,"menu_order":1,"comment_status":"closed","ping_status":"closed","template":"powerball-usa.php","meta":{"_et_pb_use_builder":"","_et_pb_old_content":"","_et_gb_content_width":"","exclude_from_search":false,"footnotes":""},"class_list":["post-8383","page","type-page","status-publish","hentry"],"yoast_head":"<!-- This site is optimized with the Yoast SEO plugin v23.8 - https:\/\/yoast.com\/wordpress\/plugins\/seo\/ -->\n<title>Jouez \u00e0 Powerball en ligne - Billets Powerball - LottoMat<\/title>\n<meta name=\"description\" content=\"Vous voulez jouer \u00e0 la loterie Powerball en ligne ? Apprenez \u00e0 jouer \u00e0 Powerball et devenez millionnaire ! Achetez vos billets Powerball en ligne \u00e0 tout moment !\" \/>\n<meta name=\"robots\" content=\"index, follow, max-snippet:-1, max-image-preview:large, max-video-preview:-1\" \/>\n<link rel=\"canonical\" href=\"https:\/\/lottomat.com\/fr\/jouer\/powerball\/\" \/>\n<meta property=\"og:locale\" content=\"fr_FR\" \/>\n<meta property=\"og:type\" content=\"article\" \/>\n<meta property=\"og:title\" content=\"Jouez \u00e0 Powerball en ligne - Billets Powerball - LottoMat\" \/>\n<meta property=\"og:description\" content=\"Vous voulez jouer \u00e0 la loterie Powerball en ligne ? Apprenez \u00e0 jouer \u00e0 Powerball et devenez millionnaire ! Achetez vos billets Powerball en ligne \u00e0 tout moment !\" \/>\n<meta property=\"og:url\" content=\"https:\/\/lottomat.com\/fr\/jouer\/powerball\/\" \/>\n<meta property=\"og:site_name\" content=\"Lottomat\" \/>\n<meta property=\"article:modified_time\" content=\"2025-11-13T16:03:14+00:00\" \/>\n<meta property=\"og:image\" content=\"https:\/\/lottomat.com\/wp-content\/uploads\/2025\/10\/play-Powerball-150x150.webp\" \/>\n<meta name=\"twitter:card\" content=\"summary_large_image\" \/>\n<meta name=\"twitter:label1\" content=\"Dur\u00e9e de lecture estim\u00e9e\" \/>\n\t<meta name=\"twitter:data1\" content=\"7 minutes\" \/>\n<script type=\"application\/ld+json\" class=\"yoast-schema-graph\">{\"@context\":\"https:\/\/schema.org\",\"@graph\":[{\"@type\":\"WebPage\",\"@id\":\"https:\/\/lottomat.com\/fr\/jouer\/powerball\/\",\"url\":\"https:\/\/lottomat.com\/fr\/jouer\/powerball\/\",\"name\":\"Jouez \u00e0 Powerball en ligne - Billets Powerball - LottoMat\",\"isPartOf\":{\"@id\":\"https:\/\/lottomat.com\/fr\/#website\"},\"primaryImageOfPage\":{\"@id\":\"https:\/\/lottomat.com\/fr\/jouer\/powerball\/#primaryimage\"},\"image\":{\"@id\":\"https:\/\/lottomat.com\/fr\/jouer\/powerball\/#primaryimage\"},\"thumbnailUrl\":\"https:\/\/lottomat.com\/wp-content\/uploads\/2025\/10\/play-Powerball-150x150.webp\",\"datePublished\":\"2025-03-26T07:52:23+00:00\",\"dateModified\":\"2025-11-13T16:03:14+00:00\",\"description\":\"Vous voulez jouer \u00e0 la loterie Powerball en ligne ? Apprenez \u00e0 jouer \u00e0 Powerball et devenez millionnaire ! Achetez vos billets Powerball en ligne \u00e0 tout moment !\",\"breadcrumb\":{\"@id\":\"https:\/\/lottomat.com\/fr\/jouer\/powerball\/#breadcrumb\"},\"inLanguage\":\"fr-FR\",\"potentialAction\":[{\"@type\":\"ReadAction\",\"target\":[\"https:\/\/lottomat.com\/fr\/jouer\/powerball\/\"]}]},{\"@type\":\"ImageObject\",\"inLanguage\":\"fr-FR\",\"@id\":\"https:\/\/lottomat.com\/fr\/jouer\/powerball\/#primaryimage\",\"url\":\"https:\/\/lottomat.com\/wp-content\/uploads\/2025\/10\/play-Powerball-150x150.webp\",\"contentUrl\":\"https:\/\/lottomat.com\/wp-content\/uploads\/2025\/10\/play-Powerball-150x150.webp\"},{\"@type\":\"BreadcrumbList\",\"@id\":\"https:\/\/lottomat.com\/fr\/jouer\/powerball\/#breadcrumb\",\"itemListElement\":[{\"@type\":\"ListItem\",\"position\":1,\"name\":\"Home\",\"item\":\"https:\/\/lottomat.com\/fr\/\"},{\"@type\":\"ListItem\",\"position\":2,\"name\":\"Jouer \u00e0 la loterie\",\"item\":\"https:\/\/lottomat.com\/fr\/jouer\/\"},{\"@type\":\"ListItem\",\"position\":3,\"name\":\"Jouez \u00e0 Powerball en ligne &#8211; Billets Powerball\"}]},{\"@type\":\"WebSite\",\"@id\":\"https:\/\/lottomat.com\/fr\/#website\",\"url\":\"https:\/\/lottomat.com\/fr\/\",\"name\":\"Lottomat\",\"description\":\"\",\"potentialAction\":[{\"@type\":\"SearchAction\",\"target\":{\"@type\":\"EntryPoint\",\"urlTemplate\":\"https:\/\/lottomat.com\/fr\/?s={search_term_string}\"},\"query-input\":{\"@type\":\"PropertyValueSpecification\",\"valueRequired\":true,\"valueName\":\"search_term_string\"}}],\"inLanguage\":\"fr-FR\"}]}<\/script>\n<!-- \/ Yoast SEO plugin. -->","yoast_head_json":{"title":"Jouez \u00e0 Powerball en ligne - Billets Powerball - LottoMat","description":"Vous voulez jouer \u00e0 la loterie Powerball en ligne ? Apprenez \u00e0 jouer \u00e0 Powerball et devenez millionnaire ! Achetez vos billets Powerball en ligne \u00e0 tout moment !","robots":{"index":"index","follow":"follow","max-snippet":"max-snippet:-1","max-image-preview":"max-image-preview:large","max-video-preview":"max-video-preview:-1"},"canonical":"https:\/\/lottomat.com\/fr\/jouer\/powerball\/","og_locale":"fr_FR","og_type":"article","og_title":"Jouez \u00e0 Powerball en ligne - Billets Powerball - LottoMat","og_description":"Vous voulez jouer \u00e0 la loterie Powerball en ligne ? Apprenez \u00e0 jouer \u00e0 Powerball et devenez millionnaire ! Achetez vos billets Powerball en ligne \u00e0 tout moment !","og_url":"https:\/\/lottomat.com\/fr\/jouer\/powerball\/","og_site_name":"Lottomat","article_modified_time":"2025-11-13T16:03:14+00:00","og_image":[{"url":"https:\/\/lottomat.com\/wp-content\/uploads\/2025\/10\/play-Powerball-150x150.webp"}],"twitter_card":"summary_large_image","twitter_misc":{"Dur\u00e9e de lecture estim\u00e9e":"7 minutes"},"schema":{"@context":"https:\/\/schema.org","@graph":[{"@type":"WebPage","@id":"https:\/\/lottomat.com\/fr\/jouer\/powerball\/","url":"https:\/\/lottomat.com\/fr\/jouer\/powerball\/","name":"Jouez \u00e0 Powerball en ligne - Billets Powerball - LottoMat","isPartOf":{"@id":"https:\/\/lottomat.com\/fr\/#website"},"primaryImageOfPage":{"@id":"https:\/\/lottomat.com\/fr\/jouer\/powerball\/#primaryimage"},"image":{"@id":"https:\/\/lottomat.com\/fr\/jouer\/powerball\/#primaryimage"},"thumbnailUrl":"https:\/\/lottomat.com\/wp-content\/uploads\/2025\/10\/play-Powerball-150x150.webp","datePublished":"2025-03-26T07:52:23+00:00","dateModified":"2025-11-13T16:03:14+00:00","description":"Vous voulez jouer \u00e0 la loterie Powerball en ligne ? Apprenez \u00e0 jouer \u00e0 Powerball et devenez millionnaire ! Achetez vos billets Powerball en ligne \u00e0 tout moment !","breadcrumb":{"@id":"https:\/\/lottomat.com\/fr\/jouer\/powerball\/#breadcrumb"},"inLanguage":"fr-FR","potentialAction":[{"@type":"ReadAction","target":["https:\/\/lottomat.com\/fr\/jouer\/powerball\/"]}]},{"@type":"ImageObject","inLanguage":"fr-FR","@id":"https:\/\/lottomat.com\/fr\/jouer\/powerball\/#primaryimage","url":"https:\/\/lottomat.com\/wp-content\/uploads\/2025\/10\/play-Powerball-150x150.webp","contentUrl":"https:\/\/lottomat.com\/wp-content\/uploads\/2025\/10\/play-Powerball-150x150.webp"},{"@type":"BreadcrumbList","@id":"https:\/\/lottomat.com\/fr\/jouer\/powerball\/#breadcrumb","itemListElement":[{"@type":"ListItem","position":1,"name":"Home","item":"https:\/\/lottomat.com\/fr\/"},{"@type":"ListItem","position":2,"name":"Jouer \u00e0 la loterie","item":"https:\/\/lottomat.com\/fr\/jouer\/"},{"@type":"ListItem","position":3,"name":"Jouez \u00e0 Powerball en ligne &#8211; Billets Powerball"}]},{"@type":"WebSite","@id":"https:\/\/lottomat.com\/fr\/#website","url":"https:\/\/lottomat.com\/fr\/","name":"Lottomat","description":"","potentialAction":[{"@type":"SearchAction","target":{"@type":"EntryPoint","urlTemplate":"https:\/\/lottomat.com\/fr\/?s={search_term_string}"},"query-input":{"@type":"PropertyValueSpecification","valueRequired":true,"valueName":"search_term_string"}}],"inLanguage":"fr-FR"}]}},"_links":{"self":[{"href":"https:\/\/lottomat.com\/fr\/wp-json\/wp\/v2\/pages\/8383","targetHints":{"allow":["GET"]}}],"collection":[{"href":"https:\/\/lottomat.com\/fr\/wp-json\/wp\/v2\/pages"}],"about":[{"href":"https:\/\/lottomat.com\/fr\/wp-json\/wp\/v2\/types\/page"}],"author":[{"embeddable":true,"href":"https:\/\/lottomat.com\/fr\/wp-json\/wp\/v2\/users\/1"}],"replies":[{"embeddable":true,"href":"https:\/\/lottomat.com\/fr\/wp-json\/wp\/v2\/comments?post=8383"}],"version-history":[{"count":3,"href":"https:\/\/lottomat.com\/fr\/wp-json\/wp\/v2\/pages\/8383\/revisions"}],"predecessor-version":[{"id":257358,"href":"https:\/\/lottomat.com\/fr\/wp-json\/wp\/v2\/pages\/8383\/revisions\/257358"}],"up":[{"embeddable":true,"href":"https:\/\/lottomat.com\/fr\/wp-json\/wp\/v2\/pages\/6768"}],"wp:attachment":[{"href":"https:\/\/lottomat.com\/fr\/wp-json\/wp\/v2\/media?parent=8383"}],"curies":[{"name":"wp","href":"https:\/\/api.w.org\/{rel}","templated":true}]}}