{"id":6391,"date":"2025-03-26T07:12:15","date_gmt":"2025-03-26T07:12:15","guid":{"rendered":"https:\/\/lottomat.net\/accueil-les-plus-grandes-loteries-du-monde-en-un-seul-endroit\/"},"modified":"2026-02-13T11:30:05","modified_gmt":"2026-02-13T11:30:05","slug":"accueil-les-plus-grandes-loteries-du-monde-en-un-seul-endroit","status":"publish","type":"page","link":"https:\/\/lottomat.com\/fr\/","title":{"rendered":"Lottomat &#8211; les plus grandes loteries du monde en un seul endroit"},"content":{"rendered":"\n\n<div class=\"kk-star-ratings kksr-auto kksr-align-left kksr-valign-top\"\n    data-payload='{&quot;align&quot;:&quot;left&quot;,&quot;id&quot;:&quot;6391&quot;,&quot;slug&quot;:&quot;default&quot;,&quot;valign&quot;:&quot;top&quot;,&quot;ignore&quot;:&quot;&quot;,&quot;reference&quot;:&quot;auto&quot;,&quot;class&quot;:&quot;&quot;,&quot;count&quot;:&quot;0&quot;,&quot;legendonly&quot;:&quot;&quot;,&quot;readonly&quot;:&quot;&quot;,&quot;score&quot;:&quot;0&quot;,&quot;starsonly&quot;:&quot;&quot;,&quot;best&quot;:&quot;5&quot;,&quot;gap&quot;:&quot;5&quot;,&quot;greet&quot;:&quot;Rate this page&quot;,&quot;legend&quot;:&quot;0\\\/5 - (0 vote)&quot;,&quot;size&quot;:&quot;30&quot;,&quot;title&quot;:&quot;Lottomat - les plus grandes loteries du monde en un seul endroit&quot;,&quot;width&quot;:&quot;0&quot;,&quot;_legend&quot;:&quot;{score}\\\/{best} - ({count} {votes})&quot;,&quot;font_factor&quot;:&quot;1.25&quot;}'>\n            \n<div class=\"kksr-stars\">\n    \n<div class=\"kksr-stars-inactive\">\n            <div class=\"kksr-star\" data-star=\"1\" style=\"padding-right: 5px\">\n            \n\n<div class=\"kksr-icon\" style=\"width: 30px; height: 30px;\"><\/div>\n        <\/div>\n            <div class=\"kksr-star\" data-star=\"2\" style=\"padding-right: 5px\">\n            \n\n<div class=\"kksr-icon\" style=\"width: 30px; height: 30px;\"><\/div>\n        <\/div>\n            <div class=\"kksr-star\" data-star=\"3\" style=\"padding-right: 5px\">\n            \n\n<div class=\"kksr-icon\" style=\"width: 30px; height: 30px;\"><\/div>\n        <\/div>\n            <div class=\"kksr-star\" data-star=\"4\" style=\"padding-right: 5px\">\n            \n\n<div class=\"kksr-icon\" style=\"width: 30px; height: 30px;\"><\/div>\n        <\/div>\n            <div class=\"kksr-star\" data-star=\"5\" style=\"padding-right: 5px\">\n            \n\n<div class=\"kksr-icon\" style=\"width: 30px; height: 30px;\"><\/div>\n        <\/div>\n    <\/div>\n    \n<div class=\"kksr-stars-active\" style=\"width: 0px;\">\n            <div class=\"kksr-star\" style=\"padding-right: 5px\">\n            \n\n<div class=\"kksr-icon\" style=\"width: 30px; height: 30px;\"><\/div>\n        <\/div>\n            <div class=\"kksr-star\" style=\"padding-right: 5px\">\n            \n\n<div class=\"kksr-icon\" style=\"width: 30px; height: 30px;\"><\/div>\n        <\/div>\n            <div class=\"kksr-star\" style=\"padding-right: 5px\">\n            \n\n<div class=\"kksr-icon\" style=\"width: 30px; height: 30px;\"><\/div>\n        <\/div>\n            <div class=\"kksr-star\" style=\"padding-right: 5px\">\n            \n\n<div class=\"kksr-icon\" style=\"width: 30px; height: 30px;\"><\/div>\n        <\/div>\n            <div class=\"kksr-star\" style=\"padding-right: 5px\">\n            \n\n<div class=\"kksr-icon\" style=\"width: 30px; height: 30px;\"><\/div>\n        <\/div>\n    <\/div>\n<\/div>\n                \n\n<div class=\"kksr-legend\" style=\"font-size: 24px;\">\n            <span class=\"kksr-muted\">Rate this page<\/span>\n    <\/div>\n    <\/div>\n<h2 style=\"text-align: left;\"><img loading=\"lazy\" decoding=\"async\" class=\"alignleft wp-image-1091\" src=\"https:\/\/lottomat.com\/wp-content\/uploads\/2025\/03\/play-lotteries-available-in-other-countries-300x300.png\" alt=\"jouer aux loteries disponibles dans d'autres pays\" width=\"130\" height=\"130\" srcset=\"https:\/\/lottomat.com\/wp-content\/uploads\/2025\/03\/play-lotteries-available-in-other-countries-300x300.png 300w, https:\/\/lottomat.com\/wp-content\/uploads\/2025\/03\/play-lotteries-available-in-other-countries-150x150.png 150w, https:\/\/lottomat.com\/wp-content\/uploads\/2025\/03\/play-lotteries-available-in-other-countries-100x100.png 100w, https:\/\/lottomat.com\/wp-content\/uploads\/2025\/03\/play-lotteries-available-in-other-countries.png 400w\" sizes=\"auto, (max-width: 130px) 100vw, 130px\" \/>Puis-je jouer aux loteries disponibles dans d&rsquo;autres pays ?<\/h2>\n<p>Oui, oui, oui ! La r\u00e9ponse \u00e0 la question la plus fr\u00e9quemment pos\u00e9e par nos joueurs est oui &#8211; vous pouvez jouer aux plus grandes loteries du monde quel que soit votre pays de r\u00e9sidence. Sur le site Lottomat, les plus grandes loteries sont \u00e0 votre disposition sans avoir besoin de vous rendre dans un bureau de loterie, y compris le plus proche de votre pays de r\u00e9sidence. Chez Lottomat, vous trouverez des loteries qui garantissent les plus gros gains, parmi elles le SuperEnalotto, dans lequel pour remporter le prix principal, vous devez trouver correctement 6 num\u00e9ros parmi 90. Il y a \u00e9galement l&rsquo;Eurojackpot et l&rsquo;EuroMillions, qui sont les plus grandes loteries europ\u00e9ennes ; pour gagner, vous devez seulement choisir cinq num\u00e9ros parmi 50. Chez nous, vous pouvez \u00e9galement jouer au French Lotto, au UK Lotto ou aux deux fantastiques loteries espagnoles, El Gordo et La Primitiva, offrant une forte chance de gain. Dans notre portefeuille, vous trouverez \u00e9galement les plus grandes loteries am\u00e9ricaines, dont le Powerball, Mega Millions et de nombreuses autres options attrayantes, qui vous offrent la possibilit\u00e9 d&rsquo;augmenter vos chances de gagner.<\/p>\n<hr \/>\n<h2><img loading=\"lazy\" decoding=\"async\" class=\"alignleft wp-image-21538 lazy loaded\" src=\"https:\/\/lottomat.net\/wp-content\/uploads\/2020\/06\/euro-jackpot-2.png\" alt=\"euro jackpot\" width=\"130\" height=\"130\" data-src=\"https:\/\/lottomat.net\/wp-content\/uploads\/2020\/06\/euro-jackpot-2.png\" data-was-processed=\"true\" srcset=\"https:\/\/lottomat.com\/wp-content\/uploads\/2020\/06\/euro-jackpot-2.png 400w, https:\/\/lottomat.com\/wp-content\/uploads\/2020\/06\/euro-jackpot-2-300x300.png 300w, https:\/\/lottomat.com\/wp-content\/uploads\/2020\/06\/euro-jackpot-2-150x150.png 150w, https:\/\/lottomat.com\/wp-content\/uploads\/2020\/06\/euro-jackpot-2-100x100.png 100w\" sizes=\"auto, (max-width: 130px) 100vw, 130px\" \/>Comment puis-je acheter les billets ?<\/h2>\n<p>Acheter des billets de loterie en ligne est extr\u00eamement simple, rapide et surtout s\u00e9curis\u00e9. Tout ce que vous avez \u00e0 faire est de choisir une loterie, s\u00e9lectionner les num\u00e9ros, compl\u00e9ter une simple inscription, payer le coupon et v\u00e9rifier que vous avez correctement s\u00e9lectionn\u00e9 apr\u00e8s le tirage.<\/p>\n<hr \/>\n<h2><img loading=\"lazy\" decoding=\"async\" class=\"alignleft wp-image-21566 lazy loaded\" src=\"https:\/\/lottomat.net\/wp-content\/uploads\/2020\/06\/Euro-Million.png\" alt=\"Euro Million\" width=\"130\" height=\"130\" data-src=\"https:\/\/lottomat.net\/wp-content\/uploads\/2020\/06\/Euro-Million.png\" data-was-processed=\"true\" srcset=\"https:\/\/lottomat.com\/wp-content\/uploads\/2020\/06\/Euro-Million.png 400w, https:\/\/lottomat.com\/wp-content\/uploads\/2020\/06\/Euro-Million-300x300.png 300w, https:\/\/lottomat.com\/wp-content\/uploads\/2020\/06\/Euro-Million-150x150.png 150w, https:\/\/lottomat.com\/wp-content\/uploads\/2020\/06\/Euro-Million-100x100.png 100w\" sizes=\"auto, (max-width: 130px) 100vw, 130px\" \/>Que se passe-t-il apr\u00e8s que j&rsquo;ai command\u00e9 le coupon en ligne ?<\/h2>\n<p>L&rsquo;un de nos repr\u00e9sentants ach\u00e8tera un coupon officiel en votre nom selon les num\u00e9ros que vous avez choisis. Votre coupon sera d\u00e9pos\u00e9 dans le coffre-fort jusqu&rsquo;au tirage, et les num\u00e9ros que vous avez s\u00e9lectionn\u00e9s seront sur votre compte utilisateur sur notre site. De plus, lorsque vous effectuez un achat, Lottomat vous informera \u00e9galement par e-mail du montant d\u00e9pens\u00e9 pour l&rsquo;achat de billets, de la m\u00e9thode de paiement et des num\u00e9ros que vous avez choisis. En outre, un scan du coupon achet\u00e9 sera plac\u00e9 sur votre compte.<\/p>\n<hr \/>\n<h2><img loading=\"lazy\" decoding=\"async\" class=\"alignleft wp-image-21594 lazy loaded\" src=\"https:\/\/lottomat.net\/wp-content\/uploads\/2020\/06\/Euro-Millions.png\" alt=\"Euro Millions\" width=\"122\" height=\"122\" data-src=\"https:\/\/lottomat.net\/wp-content\/uploads\/2020\/06\/Euro-Millions.png\" data-was-processed=\"true\" srcset=\"https:\/\/lottomat.com\/wp-content\/uploads\/2020\/06\/Euro-Millions.png 400w, https:\/\/lottomat.com\/wp-content\/uploads\/2020\/06\/Euro-Millions-300x300.png 300w, https:\/\/lottomat.com\/wp-content\/uploads\/2020\/06\/Euro-Millions-150x150.png 150w, https:\/\/lottomat.com\/wp-content\/uploads\/2020\/06\/Euro-Millions-100x100.png 100w\" sizes=\"auto, (max-width: 122px) 100vw, 122px\" \/>Comment ne pas manquer les jackpots ?<\/h2>\n<p>Lottomat vous tiendra inform\u00e9 des jackpots \u00e0 venir. Vous recevrez un e-mail \u00e0 l&rsquo;avance pour vous rappeler le tirage \u00e0 venir, et vous pourrez planifier votre calendrier de jeu en utilisant l&rsquo;option d&rsquo;abonnement.<\/p>\n<p>&nbsp;<\/p>\n<hr \/>\n<h2><img loading=\"lazy\" decoding=\"async\" class=\"alignleft wp-image-21622 lazy loaded\" src=\"https:\/\/lottomat.net\/wp-content\/uploads\/2020\/06\/mega-millions.png\" alt=\"mega millions\" width=\"130\" height=\"130\" data-src=\"https:\/\/lottomat.net\/wp-content\/uploads\/2020\/06\/mega-millions.png\" data-was-processed=\"true\" srcset=\"https:\/\/lottomat.com\/wp-content\/uploads\/2020\/06\/mega-millions.png 400w, https:\/\/lottomat.com\/wp-content\/uploads\/2020\/06\/mega-millions-300x300.png 300w, https:\/\/lottomat.com\/wp-content\/uploads\/2020\/06\/mega-millions-150x150.png 150w, https:\/\/lottomat.com\/wp-content\/uploads\/2020\/06\/mega-millions-100x100.png 100w\" sizes=\"auto, (max-width: 130px) 100vw, 130px\" \/>Que se passe-t-il si je gagne ?<\/h2>\n<p>\u00c9galement, \u00e0 ce moment-l\u00e0, Lottomat vous facilite la collecte de vos gains. Tous vos gains, jusqu&rsquo;\u00e0 2 500 EUR, sont automatiquement cr\u00e9dit\u00e9s sur votre compte dans notre syst\u00e8me imm\u00e9diatement apr\u00e8s le tirage et peuvent \u00eatre utilis\u00e9s pour vos achats ult\u00e9rieurs ou demand\u00e9s en tant que retrait de votre compte. Vous faites tout cela en ligne &#8211; de mani\u00e8re pratique et s\u00e9curis\u00e9e. Dans le cas de prix importants, Lottomat vous aidera \u00e0 s\u00e9lectionner la forme la plus pratique de r\u00e9ception du prix. Les gros prix sont g\u00e9n\u00e9ralement d\u00e9pos\u00e9s sur le compte bancaire que vous indiquez et, dans certains cas, peuvent n\u00e9cessiter votre pr\u00e9sence pour r\u00e9clamer les gains. Nous organiserons \u00e9galement cela afin que vous puissiez profiter pleinement des gains, comme l&rsquo;ont fait beaucoup de nos gagnants actuels.<\/p>\n<hr \/>\n<h2><img loading=\"lazy\" decoding=\"async\" class=\"alignleft wp-image-21650 lazy loaded\" src=\"https:\/\/lottomat.net\/wp-content\/uploads\/2020\/06\/online-lotto.png\" alt=\"lotto en ligne\" width=\"130\" height=\"130\" data-src=\"https:\/\/lottomat.net\/wp-content\/uploads\/2020\/06\/online-lotto.png\" data-was-processed=\"true\" srcset=\"https:\/\/lottomat.com\/wp-content\/uploads\/2020\/06\/online-lotto.png 400w, https:\/\/lottomat.com\/wp-content\/uploads\/2020\/06\/online-lotto-300x300.png 300w, https:\/\/lottomat.com\/wp-content\/uploads\/2020\/06\/online-lotto-150x150.png 150w, https:\/\/lottomat.com\/wp-content\/uploads\/2020\/06\/online-lotto-100x100.png 100w\" sizes=\"auto, (max-width: 130px) 100vw, 130px\" \/>Existe-t-il des m\u00e9thodes pour gagner ?<\/h2>\n<p>Nous tenons \u00e0 vous assurer que nous ne connaissons pas de telles m\u00e9thodes. Les loteries, comme la plupart des jeux de num\u00e9ros, sont bas\u00e9es sur le hasard. Vous avez probablement entendu dire que quelqu&rsquo;un a d\u00e9couvert un syst\u00e8me pour le jeu de Lotto ou un autre jeu de hasard. Malgr\u00e9 des preuves sugg\u00e9rant que certains num\u00e9ros sont tir\u00e9s plus souvent que d&rsquo;autres, les experts s&rsquo;accordent \u00e0 dire qu&rsquo;il n&rsquo;existe aucun syst\u00e8me prouv\u00e9. C&rsquo;est le paradoxe du Lotto. Tout le monde a les m\u00eames chances ici, alors peut-\u00eatre que justement aujourd&rsquo;hui votre s\u00e9rie de num\u00e9ros va gagner. Alors jouons r\u00e9guli\u00e8rement, car la chance peut sourire \u00e0 tout moment. Nos gagnants actuels sugg\u00e8rent que la r\u00e9gularit\u00e9 et le jeu constant sont les cl\u00e9s pour gagner.<\/p>\n<hr \/>\n<h2 style=\"text-align: center;\"><span style=\"color: #00b3ff;\">Avec nous, vous pouvez jouer 24h\/24, 7j\/7, 365 jours par an.<\/span><\/h2>\n","protected":false},"excerpt":{"rendered":"<p>Puis-je jouer aux loteries disponibles dans d&rsquo;autres pays ? Oui, oui, oui ! La r\u00e9ponse \u00e0 la question la plus fr\u00e9quemment pos\u00e9e par nos joueurs est oui &#8211; vous pouvez jouer aux plus grandes loteries du monde quel que soit votre pays de r\u00e9sidence. Sur le site Lottomat, les plus grandes loteries sont \u00e0 votre [&hellip;]<\/p>\n","protected":false},"author":1,"featured_media":0,"parent":0,"menu_order":1,"comment_status":"closed","ping_status":"closed","template":"lotto.php","meta":{"_et_pb_use_builder":"","_et_pb_old_content":"","_et_gb_content_width":"","exclude_from_search":false,"footnotes":""},"class_list":["post-6391","page","type-page","status-publish","hentry"],"yoast_head":"<!-- This site is optimized with the Yoast SEO plugin v23.8 - https:\/\/yoast.com\/wordpress\/plugins\/seo\/ -->\n<title>Lotto en ligne - acheter des billets de loterie en ligne - Lottomat<\/title>\n<meta name=\"description\" content=\"Lottomat propose les plus grandes loteries du monde avec les meilleurs jackpots. Jouez en ligne et gagnez gros ! Achetez les billets et v\u00e9rifiez les r\u00e9sultats.\" \/>\n<meta name=\"robots\" content=\"index, follow, max-snippet:-1, max-image-preview:large, max-video-preview:-1\" \/>\n<link rel=\"canonical\" href=\"https:\/\/lottomat.com\/fr\/\" \/>\n<meta property=\"og:locale\" content=\"fr_FR\" \/>\n<meta property=\"og:type\" content=\"article\" \/>\n<meta property=\"og:title\" content=\"Lotto en ligne - acheter des billets de loterie en ligne - Lottomat\" \/>\n<meta property=\"og:description\" content=\"Lottomat propose les plus grandes loteries du monde avec les meilleurs jackpots. Jouez en ligne et gagnez gros ! Achetez les billets et v\u00e9rifiez les r\u00e9sultats.\" \/>\n<meta property=\"og:url\" content=\"https:\/\/lottomat.com\/fr\/\" \/>\n<meta property=\"og:site_name\" content=\"Lottomat\" \/>\n<meta property=\"article:modified_time\" content=\"2026-02-13T11:30:05+00:00\" \/>\n<meta property=\"og:image\" content=\"https:\/\/lottomat.com\/wp-content\/uploads\/2025\/03\/play-lotteries-available-in-other-countries-300x300.png\" \/>\n<meta name=\"twitter:card\" content=\"summary_large_image\" \/>\n<meta name=\"twitter:label1\" content=\"Dur\u00e9e de lecture estim\u00e9e\" \/>\n\t<meta name=\"twitter:data1\" content=\"5 minutes\" \/>\n<script type=\"application\/ld+json\" class=\"yoast-schema-graph\">{\"@context\":\"https:\/\/schema.org\",\"@graph\":[{\"@type\":\"WebPage\",\"@id\":\"https:\/\/lottomat.com\/fr\/\",\"url\":\"https:\/\/lottomat.com\/fr\/\",\"name\":\"Lotto en ligne - acheter des billets de loterie en ligne - Lottomat\",\"isPartOf\":{\"@id\":\"https:\/\/lottomat.com\/fr\/#website\"},\"primaryImageOfPage\":{\"@id\":\"https:\/\/lottomat.com\/fr\/#primaryimage\"},\"image\":{\"@id\":\"https:\/\/lottomat.com\/fr\/#primaryimage\"},\"thumbnailUrl\":\"https:\/\/lottomat.com\/wp-content\/uploads\/2025\/03\/play-lotteries-available-in-other-countries-300x300.png\",\"datePublished\":\"2025-03-26T07:12:15+00:00\",\"dateModified\":\"2026-02-13T11:30:05+00:00\",\"description\":\"Lottomat propose les plus grandes loteries du monde avec les meilleurs jackpots. Jouez en ligne et gagnez gros ! Achetez les billets et v\u00e9rifiez les r\u00e9sultats.\",\"breadcrumb\":{\"@id\":\"https:\/\/lottomat.com\/fr\/#breadcrumb\"},\"inLanguage\":\"fr-FR\",\"potentialAction\":[{\"@type\":\"ReadAction\",\"target\":[\"https:\/\/lottomat.com\/fr\/\"]}]},{\"@type\":\"ImageObject\",\"inLanguage\":\"fr-FR\",\"@id\":\"https:\/\/lottomat.com\/fr\/#primaryimage\",\"url\":\"https:\/\/lottomat.com\/wp-content\/uploads\/2025\/03\/play-lotteries-available-in-other-countries-300x300.png\",\"contentUrl\":\"https:\/\/lottomat.com\/wp-content\/uploads\/2025\/03\/play-lotteries-available-in-other-countries-300x300.png\"},{\"@type\":\"BreadcrumbList\",\"@id\":\"https:\/\/lottomat.com\/fr\/#breadcrumb\",\"itemListElement\":[{\"@type\":\"ListItem\",\"position\":1,\"name\":\"Home\",\"item\":\"https:\/\/lottomat.com\/fr\/\"},{\"@type\":\"ListItem\",\"position\":2,\"name\":\"Lottomat &#8211; les plus grandes loteries du monde en un seul endroit\"}]},{\"@type\":\"WebSite\",\"@id\":\"https:\/\/lottomat.com\/fr\/#website\",\"url\":\"https:\/\/lottomat.com\/fr\/\",\"name\":\"Lottomat\",\"description\":\"\",\"potentialAction\":[{\"@type\":\"SearchAction\",\"target\":{\"@type\":\"EntryPoint\",\"urlTemplate\":\"https:\/\/lottomat.com\/fr\/?s={search_term_string}\"},\"query-input\":{\"@type\":\"PropertyValueSpecification\",\"valueRequired\":true,\"valueName\":\"search_term_string\"}}],\"inLanguage\":\"fr-FR\"}]}<\/script>\n<!-- \/ Yoast SEO plugin. -->","yoast_head_json":{"title":"Lotto en ligne - acheter des billets de loterie en ligne - Lottomat","description":"Lottomat propose les plus grandes loteries du monde avec les meilleurs jackpots. Jouez en ligne et gagnez gros ! Achetez les billets et v\u00e9rifiez les r\u00e9sultats.","robots":{"index":"index","follow":"follow","max-snippet":"max-snippet:-1","max-image-preview":"max-image-preview:large","max-video-preview":"max-video-preview:-1"},"canonical":"https:\/\/lottomat.com\/fr\/","og_locale":"fr_FR","og_type":"article","og_title":"Lotto en ligne - acheter des billets de loterie en ligne - Lottomat","og_description":"Lottomat propose les plus grandes loteries du monde avec les meilleurs jackpots. Jouez en ligne et gagnez gros ! Achetez les billets et v\u00e9rifiez les r\u00e9sultats.","og_url":"https:\/\/lottomat.com\/fr\/","og_site_name":"Lottomat","article_modified_time":"2026-02-13T11:30:05+00:00","og_image":[{"url":"https:\/\/lottomat.com\/wp-content\/uploads\/2025\/03\/play-lotteries-available-in-other-countries-300x300.png"}],"twitter_card":"summary_large_image","twitter_misc":{"Dur\u00e9e de lecture estim\u00e9e":"5 minutes"},"schema":{"@context":"https:\/\/schema.org","@graph":[{"@type":"WebPage","@id":"https:\/\/lottomat.com\/fr\/","url":"https:\/\/lottomat.com\/fr\/","name":"Lotto en ligne - acheter des billets de loterie en ligne - Lottomat","isPartOf":{"@id":"https:\/\/lottomat.com\/fr\/#website"},"primaryImageOfPage":{"@id":"https:\/\/lottomat.com\/fr\/#primaryimage"},"image":{"@id":"https:\/\/lottomat.com\/fr\/#primaryimage"},"thumbnailUrl":"https:\/\/lottomat.com\/wp-content\/uploads\/2025\/03\/play-lotteries-available-in-other-countries-300x300.png","datePublished":"2025-03-26T07:12:15+00:00","dateModified":"2026-02-13T11:30:05+00:00","description":"Lottomat propose les plus grandes loteries du monde avec les meilleurs jackpots. Jouez en ligne et gagnez gros ! Achetez les billets et v\u00e9rifiez les r\u00e9sultats.","breadcrumb":{"@id":"https:\/\/lottomat.com\/fr\/#breadcrumb"},"inLanguage":"fr-FR","potentialAction":[{"@type":"ReadAction","target":["https:\/\/lottomat.com\/fr\/"]}]},{"@type":"ImageObject","inLanguage":"fr-FR","@id":"https:\/\/lottomat.com\/fr\/#primaryimage","url":"https:\/\/lottomat.com\/wp-content\/uploads\/2025\/03\/play-lotteries-available-in-other-countries-300x300.png","contentUrl":"https:\/\/lottomat.com\/wp-content\/uploads\/2025\/03\/play-lotteries-available-in-other-countries-300x300.png"},{"@type":"BreadcrumbList","@id":"https:\/\/lottomat.com\/fr\/#breadcrumb","itemListElement":[{"@type":"ListItem","position":1,"name":"Home","item":"https:\/\/lottomat.com\/fr\/"},{"@type":"ListItem","position":2,"name":"Lottomat &#8211; les plus grandes loteries du monde en un seul endroit"}]},{"@type":"WebSite","@id":"https:\/\/lottomat.com\/fr\/#website","url":"https:\/\/lottomat.com\/fr\/","name":"Lottomat","description":"","potentialAction":[{"@type":"SearchAction","target":{"@type":"EntryPoint","urlTemplate":"https:\/\/lottomat.com\/fr\/?s={search_term_string}"},"query-input":{"@type":"PropertyValueSpecification","valueRequired":true,"valueName":"search_term_string"}}],"inLanguage":"fr-FR"}]}},"_links":{"self":[{"href":"https:\/\/lottomat.com\/fr\/wp-json\/wp\/v2\/pages\/6391","targetHints":{"allow":["GET"]}}],"collection":[{"href":"https:\/\/lottomat.com\/fr\/wp-json\/wp\/v2\/pages"}],"about":[{"href":"https:\/\/lottomat.com\/fr\/wp-json\/wp\/v2\/types\/page"}],"author":[{"embeddable":true,"href":"https:\/\/lottomat.com\/fr\/wp-json\/wp\/v2\/users\/1"}],"replies":[{"embeddable":true,"href":"https:\/\/lottomat.com\/fr\/wp-json\/wp\/v2\/comments?post=6391"}],"version-history":[{"count":1,"href":"https:\/\/lottomat.com\/fr\/wp-json\/wp\/v2\/pages\/6391\/revisions"}],"predecessor-version":[{"id":270982,"href":"https:\/\/lottomat.com\/fr\/wp-json\/wp\/v2\/pages\/6391\/revisions\/270982"}],"wp:attachment":[{"href":"https:\/\/lottomat.com\/fr\/wp-json\/wp\/v2\/media?parent=6391"}],"curies":[{"name":"wp","href":"https:\/\/api.w.org\/{rel}","templated":true}]}}