{"id":272961,"date":"2025-05-18T16:33:53","date_gmt":"2025-05-18T16:33:53","guid":{"rendered":"https:\/\/lottomat.com\/?page_id=272961"},"modified":"2026-03-10T06:13:11","modified_gmt":"2026-03-10T06:13:11","slug":"regles-deuromillions-autriche-prix-jackpot","status":"publish","type":"page","link":"https:\/\/lottomat.com\/fr\/loterie\/regles-deuromillions-autriche-prix-jackpot\/","title":{"rendered":"R\u00e8gles d&rsquo;EuroMillions Autriche : Prix &#038; Jackpot"},"content":{"rendered":"\n\n<div class=\"kk-star-ratings kksr-auto kksr-align-left kksr-valign-top\"\n    data-payload='{&quot;align&quot;:&quot;left&quot;,&quot;id&quot;:&quot;272961&quot;,&quot;slug&quot;:&quot;default&quot;,&quot;valign&quot;:&quot;top&quot;,&quot;ignore&quot;:&quot;&quot;,&quot;reference&quot;:&quot;auto&quot;,&quot;class&quot;:&quot;&quot;,&quot;count&quot;:&quot;0&quot;,&quot;legendonly&quot;:&quot;&quot;,&quot;readonly&quot;:&quot;&quot;,&quot;score&quot;:&quot;0&quot;,&quot;starsonly&quot;:&quot;&quot;,&quot;best&quot;:&quot;5&quot;,&quot;gap&quot;:&quot;5&quot;,&quot;greet&quot;:&quot;Rate this page&quot;,&quot;legend&quot;:&quot;0\\\/5 - (0 vote)&quot;,&quot;size&quot;:&quot;30&quot;,&quot;title&quot;:&quot;R\u00e8gles d\\u0026#039;EuroMillions Autriche : Prix \\u0026amp; Jackpot&quot;,&quot;width&quot;:&quot;0&quot;,&quot;_legend&quot;:&quot;{score}\\\/{best} - ({count} {votes})&quot;,&quot;font_factor&quot;:&quot;1.25&quot;}'>\n            \n<div class=\"kksr-stars\">\n    \n<div class=\"kksr-stars-inactive\">\n            <div class=\"kksr-star\" data-star=\"1\" style=\"padding-right: 5px\">\n            \n\n<div class=\"kksr-icon\" style=\"width: 30px; height: 30px;\"><\/div>\n        <\/div>\n            <div class=\"kksr-star\" data-star=\"2\" style=\"padding-right: 5px\">\n            \n\n<div class=\"kksr-icon\" style=\"width: 30px; height: 30px;\"><\/div>\n        <\/div>\n            <div class=\"kksr-star\" data-star=\"3\" style=\"padding-right: 5px\">\n            \n\n<div class=\"kksr-icon\" style=\"width: 30px; height: 30px;\"><\/div>\n        <\/div>\n            <div class=\"kksr-star\" data-star=\"4\" style=\"padding-right: 5px\">\n            \n\n<div class=\"kksr-icon\" style=\"width: 30px; height: 30px;\"><\/div>\n        <\/div>\n            <div class=\"kksr-star\" data-star=\"5\" style=\"padding-right: 5px\">\n            \n\n<div class=\"kksr-icon\" style=\"width: 30px; height: 30px;\"><\/div>\n        <\/div>\n    <\/div>\n    \n<div class=\"kksr-stars-active\" style=\"width: 0px;\">\n            <div class=\"kksr-star\" style=\"padding-right: 5px\">\n            \n\n<div class=\"kksr-icon\" style=\"width: 30px; height: 30px;\"><\/div>\n        <\/div>\n            <div class=\"kksr-star\" style=\"padding-right: 5px\">\n            \n\n<div class=\"kksr-icon\" style=\"width: 30px; height: 30px;\"><\/div>\n        <\/div>\n            <div class=\"kksr-star\" style=\"padding-right: 5px\">\n            \n\n<div class=\"kksr-icon\" style=\"width: 30px; height: 30px;\"><\/div>\n        <\/div>\n            <div class=\"kksr-star\" style=\"padding-right: 5px\">\n            \n\n<div class=\"kksr-icon\" style=\"width: 30px; height: 30px;\"><\/div>\n        <\/div>\n            <div class=\"kksr-star\" style=\"padding-right: 5px\">\n            \n\n<div class=\"kksr-icon\" style=\"width: 30px; height: 30px;\"><\/div>\n        <\/div>\n    <\/div>\n<\/div>\n                \n\n<div class=\"kksr-legend\" style=\"font-size: 24px;\">\n            <span class=\"kksr-muted\">Rate this page<\/span>\n    <\/div>\n    <\/div>\n<h2>D\u00e9couvrez les sensations d&rsquo;EuroMillions Autriche \u2013 Votre porte d&rsquo;entr\u00e9e vers des gains qui changent la vie !<\/h2>\n<p><img loading=\"lazy\" decoding=\"async\" class=\"alignleft wp-image-268187\" src=\"https:\/\/lottomat.com\/wp-content\/uploads\/2026\/01\/Austrian-EuroMillions-prizes.webp\" alt=\"Prix d'EuroMillions Autriche\" width=\"200\" height=\"200\" srcset=\"https:\/\/lottomat.com\/wp-content\/uploads\/2026\/01\/Austrian-EuroMillions-prizes.webp 400w, https:\/\/lottomat.com\/wp-content\/uploads\/2026\/01\/Austrian-EuroMillions-prizes-300x300.webp 300w, https:\/\/lottomat.com\/wp-content\/uploads\/2026\/01\/Austrian-EuroMillions-prizes-150x150.webp 150w, https:\/\/lottomat.com\/wp-content\/uploads\/2026\/01\/Austrian-EuroMillions-prizes-100x100.webp 100w\" sizes=\"auto, (max-width: 200px) 100vw, 200px\" \/>Imaginez-vous vous r\u00e9veiller demain et r\u00e9aliser que vos r\u00eaves peuvent enfin devenir r\u00e9alit\u00e9 \u2013 une maison luxueuse, des vacances exotiques, la s\u00e9curit\u00e9 financi\u00e8re pour vos proches et la libert\u00e9 de vivre selon vos propres r\u00e8gles. Avec EuroMillions Autriche, officiellement connu sous le nom d&rsquo;EuroMillions EU, ce r\u00eave pourrait devenir votre r\u00e9alit\u00e9 ! En tant que l&rsquo;une des loteries les plus populaires et les plus passionnantes d&rsquo;Europe, EuroMillions Autriche vous offre la chance unique de remporter des jackpots \u00e9poustouflants et de vivre une exp\u00e9rience palpitante qui change la vie. D\u00e9couvrez tout ce que vous devez savoir sur cette incroyable loterie et ce qui la distingue de son homologue britannique. Apprenez-en plus sur les r\u00e8gles d&rsquo;EuroMillions Autriche, puis&#8230; <a href=\"https:\/\/lottomat.com\/fr\/jouer\/euromillions-eu\/\">jouez \u00e0 EuroMillions Autriche en ligne<\/a> sur Lottomat !<\/p>\n<h2>Qu&rsquo;est-ce qu&rsquo;EuroMillions Autriche (EuroMillions EU) ?<\/h2>\n<p>EuroMillions Autriche repr\u00e9sente la participation autrichienne \u00e0 la c\u00e9l\u00e8bre loterie EuroMillions, une loterie europ\u00e9enne transnationale qui r\u00e9unit des joueurs d&rsquo;Autriche, d&rsquo;Espagne, de France, de Belgique, d&rsquo;Irlande, du Luxembourg, du Portugal et de Suisse. Lanc\u00e9 en 2004, EuroMillions est rapidement devenu un ph\u00e9nom\u00e8ne \u00e0 travers le continent, gr\u00e2ce \u00e0 ses jackpots colossaux et \u00e0 son gameplay simple et captivant.<\/p>\n<p>Pour jouer \u00e0 EuroMillions Autriche, les participants s\u00e9lectionnent cinq num\u00e9ros principaux de 1 \u00e0 50 et deux num\u00e9ros \u00c9toile de 1 \u00e0 12. Les tirages ont lieu chaque mardi et vendredi soir \u00e0 Paris, et l&rsquo;effervescence est au rendez-vous lorsque des millions d&rsquo;Europ\u00e9ens retiennent leur souffle, esp\u00e9rant voir leurs num\u00e9ros sortir !<\/p>\n<h2>Comment fonctionne EuroMillions Autriche ? Les r\u00e8gles d&rsquo;EuroMillions Autriche<img loading=\"lazy\" decoding=\"async\" class=\"alignright wp-image-268217\" src=\"https:\/\/lottomat.com\/wp-content\/uploads\/2026\/01\/Austrian-EuroMillions-rules.webp\" alt=\"R\u00e8gles d'EuroMillions Autriche\" width=\"200\" height=\"200\" srcset=\"https:\/\/lottomat.com\/wp-content\/uploads\/2026\/01\/Austrian-EuroMillions-rules.webp 400w, https:\/\/lottomat.com\/wp-content\/uploads\/2026\/01\/Austrian-EuroMillions-rules-300x300.webp 300w, https:\/\/lottomat.com\/wp-content\/uploads\/2026\/01\/Austrian-EuroMillions-rules-150x150.webp 150w, https:\/\/lottomat.com\/wp-content\/uploads\/2026\/01\/Austrian-EuroMillions-rules-100x100.webp 100w\" sizes=\"auto, (max-width: 200px) 100vw, 200px\" \/><\/h2>\n<p>Commencer est simple et accessible \u00e0 tous. <a href=\"https:\/\/lottomat.com\/fr\/jouer\/\">Vous pouvez acheter vos billets de loterie<\/a> dans les points de vente agr\u00e9\u00e9s \u00e0 travers l&rsquo;Autriche ou jouer en ligne depuis le confort de votre domicile. Le jackpot minimum commence \u00e0 un impressionnant 17 millions d&rsquo;euros, mais avec les reports, il peut atteindre un montant vertigineux de 240 millions d&rsquo;euros ! Il existe 13 niveaux de prix diff\u00e9rents, ce qui signifie que vous avez de multiples chances de gagner, m\u00eame si vous ne d\u00e9crochez pas le jackpot.<\/p>\n<p>Lorsque vous jouez \u00e0 EuroMillions Autriche, vous ne participez pas seulement \u00e0 une loterie \u2013 vous rejoignez une communaut\u00e9 de r\u00eaveurs, tous en qu\u00eate de ce moment magique o\u00f9 leur vie se transforme \u00e0 jamais. Que vous remportiez un prix modeste ou que vous d\u00e9crochiez le jackpot record, chaque billet porte en lui la promesse d&rsquo;un avenir plus radieux.<\/p>\n<h2>EuroMillions Autriche vs EuroMillions UK \u2013 Les diff\u00e9rences essentielles<\/h2>\n<p><img loading=\"lazy\" decoding=\"async\" class=\"alignleft wp-image-268247\" src=\"https:\/\/lottomat.com\/wp-content\/uploads\/2026\/01\/EuroMillions-Austria-jackpot.webp\" alt=\"Jackpot EuroMillions Autriche\" width=\"200\" height=\"200\" srcset=\"https:\/\/lottomat.com\/wp-content\/uploads\/2026\/01\/EuroMillions-Austria-jackpot.webp 400w, https:\/\/lottomat.com\/wp-content\/uploads\/2026\/01\/EuroMillions-Austria-jackpot-300x300.webp 300w, https:\/\/lottomat.com\/wp-content\/uploads\/2026\/01\/EuroMillions-Austria-jackpot-150x150.webp 150w, https:\/\/lottomat.com\/wp-content\/uploads\/2026\/01\/EuroMillions-Austria-jackpot-100x100.webp 100w\" sizes=\"auto, (max-width: 200px) 100vw, 200px\" \/>Bien que l&rsquo;Autriche et le Royaume-Uni participent tous deux \u00e0 l&rsquo;EuroMillions, il existe quelques diff\u00e9rences importantes \u00e0 conna\u00eetre :<\/p>\n<ol>\n<li><strong>Prix du billet<\/strong> : En Autriche, un <a href=\"https:\/\/lottomat.com\/fr\/jouer\/euromillions-eu\/\">billet EuroMillions Autriche<\/a> est libell\u00e9 en euros. Au Royaume-Uni, le prix du billet est calcul\u00e9 en livres sterling et est l\u00e9g\u00e8rement plus \u00e9lev\u00e9 qu&rsquo;en Autriche, car il inclut la participation au jeu UK Millionaire Maker, qui garantit au moins un millionnaire britannique \u00e0 chaque tirage.<\/li>\n<li><strong>Devise et prix<\/strong> : Les prix d&rsquo;EuroMillions Autriche sont vers\u00e9s en euros, tandis que les joueurs britanniques re\u00e7oivent leurs gains en livres sterling. La valeur des prix secondaires peut varier l\u00e9g\u00e8rement en fonction des taux de change.<\/li>\n<li><strong>Jeux suppl\u00e9mentaires<\/strong> : Les joueurs autrichiens peuvent participer \u00e0 l&rsquo;\u00ab \u00d6sterreich Bonus \u00bb \u2013 un tirage suppl\u00e9mentaire exclusif qui vous offre encore plus de chances de gagner. L&rsquo;\u00e9quivalent britannique est le Millionaire Maker, inclus automatiquement avec chaque billet.<\/li>\n<li><strong>Fiscalit\u00e9<\/strong> : En Autriche, les gains de loterie sont exon\u00e9r\u00e9s d&rsquo;imp\u00f4ts, vous conservez donc chaque centime de votre prix ! Au Royaume-Uni, les gains de loterie sont \u00e9galement exon\u00e9r\u00e9s d&rsquo;imp\u00f4ts \u00e0 l&rsquo;heure actuelle, mais v\u00e9rifiez toujours les derni\u00e8res r\u00e9glementations en vigueur.<\/li>\n<\/ol>\n<h2>Pourquoi jouer \u00e0 EuroMillions Autriche ? La magie des gains qui changent la vie<\/h2>\n<p>EuroMillions Autriche ne se r\u00e9sume pas \u00e0 de grosses sommes d&rsquo;argent \u2013 c&rsquo;est une question d&rsquo;espoir, d&rsquo;enthousiasme et du frisson des possibles. Chaque tirage est une nouvelle occasion de changer de vie, de faire plaisir \u00e0 votre famille, de soutenir des associations caritatives ou de partir \u00e0 la conqu\u00eate des grandes aventures dont vous avez toujours r\u00eav\u00e9. Les histoires de gens ordinaires devenus millionnaires du jour au lendemain sont bien r\u00e9elles et inspirantes \u2013 vous pourriez \u00eatre le prochain !<img loading=\"lazy\" decoding=\"async\" class=\"alignright wp-image-268278\" src=\"https:\/\/lottomat.com\/wp-content\/uploads\/2026\/01\/EuroMillions-Austria-rules.webp\" alt=\"R\u00e8gles EuroMillions Autriche\" width=\"200\" height=\"200\" srcset=\"https:\/\/lottomat.com\/wp-content\/uploads\/2026\/01\/EuroMillions-Austria-rules.webp 400w, https:\/\/lottomat.com\/wp-content\/uploads\/2026\/01\/EuroMillions-Austria-rules-300x300.webp 300w, https:\/\/lottomat.com\/wp-content\/uploads\/2026\/01\/EuroMillions-Austria-rules-150x150.webp 150w, https:\/\/lottomat.com\/wp-content\/uploads\/2026\/01\/EuroMillions-Austria-rules-100x100.webp 100w\" sizes=\"auto, (max-width: 200px) 100vw, 200px\" \/><\/p>\n<p>Qu&rsquo;attendez-vous ? Le prochain tirage d&rsquo;EuroMillions Autriche pourrait \u00eatre votre billet vers un avenir rempli de joie, de luxe et de possibilit\u00e9s sans limites. Achetez votre billet, voyez grand et laissez-vous emporter par l&rsquo;excitation \u2013 car avec EuroMillions Autriche, tout est possible !<\/p>\n<p><strong>Rejoignez l&rsquo;aventure d\u00e8s aujourd&rsquo;hui \u2013 et laissez vos r\u00eaves prendre leur envol avec EuroMillions Autriche ! Consultez les <a href=\"https:\/\/lottomat.com\/fr\/resultats\/euromillions-eu\/\">num\u00e9ros gagnants d&rsquo;EuroMillions Autriche<\/a>.<\/strong><\/p>\n","protected":false},"excerpt":{"rendered":"<p>D\u00e9couvrez les sensations d&rsquo;EuroMillions Autriche \u2013 Votre porte d&rsquo;entr\u00e9e vers des gains qui changent la vie ! Imaginez-vous vous r\u00e9veiller demain et r\u00e9aliser que vos r\u00eaves peuvent enfin devenir r\u00e9alit\u00e9 \u2013 une maison luxueuse, des vacances exotiques, la s\u00e9curit\u00e9 financi\u00e8re pour vos proches et la libert\u00e9 de vivre selon vos propres r\u00e8gles. Avec EuroMillions Autriche, [&hellip;]<\/p>\n","protected":false},"author":2,"featured_media":0,"parent":6863,"menu_order":0,"comment_status":"closed","ping_status":"closed","template":"euromillions-at-info.php","meta":{"_et_pb_use_builder":"","_et_pb_old_content":"","_et_gb_content_width":"","exclude_from_search":false,"footnotes":""},"class_list":["post-272961","page","type-page","status-publish","hentry"],"yoast_head":"<!-- This site is optimized with the Yoast SEO plugin v23.8 - https:\/\/yoast.com\/wordpress\/plugins\/seo\/ -->\n<title>R\u00e8gles d&#039;EuroMillions Autriche : Prix &amp; Jackpot - Lottomat<\/title>\n<meta name=\"description\" content=\"En savoir plus sur les r\u00e8gles de jeu d&#039;EuroMillions Autriche. Consultez ici les prix et le jackpot d&#039;EuroMillions Autriche. V\u00e9rifiez vos chances.\" \/>\n<meta name=\"robots\" content=\"index, follow, max-snippet:-1, max-image-preview:large, max-video-preview:-1\" \/>\n<link rel=\"canonical\" href=\"https:\/\/lottomat.com\/fr\/loterie\/regles-deuromillions-autriche-prix-jackpot\/\" \/>\n<meta property=\"og:locale\" content=\"fr_FR\" \/>\n<meta property=\"og:type\" content=\"article\" \/>\n<meta property=\"og:title\" content=\"R\u00e8gles d&#039;EuroMillions Autriche : Prix &amp; Jackpot - Lottomat\" \/>\n<meta property=\"og:description\" content=\"En savoir plus sur les r\u00e8gles de jeu d&#039;EuroMillions Autriche. Consultez ici les prix et le jackpot d&#039;EuroMillions Autriche. V\u00e9rifiez vos chances.\" \/>\n<meta property=\"og:url\" content=\"https:\/\/lottomat.com\/fr\/loterie\/regles-deuromillions-autriche-prix-jackpot\/\" \/>\n<meta property=\"og:site_name\" content=\"Lottomat\" \/>\n<meta property=\"article:modified_time\" content=\"2026-03-10T06:13:11+00:00\" \/>\n<meta property=\"og:image\" content=\"https:\/\/lottomat.com\/wp-content\/uploads\/2026\/01\/Austrian-EuroMillions-prizes.webp\" \/>\n\t<meta property=\"og:image:width\" content=\"400\" \/>\n\t<meta property=\"og:image:height\" content=\"400\" \/>\n\t<meta property=\"og:image:type\" content=\"image\/webp\" \/>\n<meta name=\"twitter:card\" content=\"summary_large_image\" \/>\n<meta name=\"twitter:label1\" content=\"Dur\u00e9e de lecture estim\u00e9e\" \/>\n\t<meta name=\"twitter:data1\" content=\"5 minutes\" \/>\n<script type=\"application\/ld+json\" class=\"yoast-schema-graph\">{\"@context\":\"https:\/\/schema.org\",\"@graph\":[{\"@type\":\"WebPage\",\"@id\":\"https:\/\/lottomat.com\/fr\/loterie\/regles-deuromillions-autriche-prix-jackpot\/\",\"url\":\"https:\/\/lottomat.com\/fr\/loterie\/regles-deuromillions-autriche-prix-jackpot\/\",\"name\":\"R\u00e8gles d'EuroMillions Autriche : Prix & Jackpot - Lottomat\",\"isPartOf\":{\"@id\":\"https:\/\/lottomat.com\/fr\/#website\"},\"primaryImageOfPage\":{\"@id\":\"https:\/\/lottomat.com\/fr\/loterie\/regles-deuromillions-autriche-prix-jackpot\/#primaryimage\"},\"image\":{\"@id\":\"https:\/\/lottomat.com\/fr\/loterie\/regles-deuromillions-autriche-prix-jackpot\/#primaryimage\"},\"thumbnailUrl\":\"https:\/\/lottomat.com\/wp-content\/uploads\/2026\/01\/Austrian-EuroMillions-prizes.webp\",\"datePublished\":\"2025-05-18T16:33:53+00:00\",\"dateModified\":\"2026-03-10T06:13:11+00:00\",\"description\":\"En savoir plus sur les r\u00e8gles de jeu d'EuroMillions Autriche. Consultez ici les prix et le jackpot d'EuroMillions Autriche. V\u00e9rifiez vos chances.\",\"breadcrumb\":{\"@id\":\"https:\/\/lottomat.com\/fr\/loterie\/regles-deuromillions-autriche-prix-jackpot\/#breadcrumb\"},\"inLanguage\":\"fr-FR\",\"potentialAction\":[{\"@type\":\"ReadAction\",\"target\":[\"https:\/\/lottomat.com\/fr\/loterie\/regles-deuromillions-autriche-prix-jackpot\/\"]}]},{\"@type\":\"ImageObject\",\"inLanguage\":\"fr-FR\",\"@id\":\"https:\/\/lottomat.com\/fr\/loterie\/regles-deuromillions-autriche-prix-jackpot\/#primaryimage\",\"url\":\"https:\/\/lottomat.com\/wp-content\/uploads\/2026\/01\/Austrian-EuroMillions-prizes.webp\",\"contentUrl\":\"https:\/\/lottomat.com\/wp-content\/uploads\/2026\/01\/Austrian-EuroMillions-prizes.webp\"},{\"@type\":\"BreadcrumbList\",\"@id\":\"https:\/\/lottomat.com\/fr\/loterie\/regles-deuromillions-autriche-prix-jackpot\/#breadcrumb\",\"itemListElement\":[{\"@type\":\"ListItem\",\"position\":1,\"name\":\"Home\",\"item\":\"https:\/\/lottomat.com\/fr\/\"},{\"@type\":\"ListItem\",\"position\":2,\"name\":\"R\u00e8gles de la loterie : Gains, Jackpot et Probabilit\u00e9s\",\"item\":\"https:\/\/lottomat.com\/fr\/loterie\/\"},{\"@type\":\"ListItem\",\"position\":3,\"name\":\"R\u00e8gles d&#8217;EuroMillions Autriche : Prix &#038; Jackpot\"}]},{\"@type\":\"WebSite\",\"@id\":\"https:\/\/lottomat.com\/fr\/#website\",\"url\":\"https:\/\/lottomat.com\/fr\/\",\"name\":\"Lottomat\",\"description\":\"\",\"potentialAction\":[{\"@type\":\"SearchAction\",\"target\":{\"@type\":\"EntryPoint\",\"urlTemplate\":\"https:\/\/lottomat.com\/fr\/?s={search_term_string}\"},\"query-input\":{\"@type\":\"PropertyValueSpecification\",\"valueRequired\":true,\"valueName\":\"search_term_string\"}}],\"inLanguage\":\"fr-FR\"}]}<\/script>\n<!-- \/ Yoast SEO plugin. -->","yoast_head_json":{"title":"R\u00e8gles d'EuroMillions Autriche : Prix & Jackpot - Lottomat","description":"En savoir plus sur les r\u00e8gles de jeu d'EuroMillions Autriche. Consultez ici les prix et le jackpot d'EuroMillions Autriche. V\u00e9rifiez vos chances.","robots":{"index":"index","follow":"follow","max-snippet":"max-snippet:-1","max-image-preview":"max-image-preview:large","max-video-preview":"max-video-preview:-1"},"canonical":"https:\/\/lottomat.com\/fr\/loterie\/regles-deuromillions-autriche-prix-jackpot\/","og_locale":"fr_FR","og_type":"article","og_title":"R\u00e8gles d'EuroMillions Autriche : Prix & Jackpot - Lottomat","og_description":"En savoir plus sur les r\u00e8gles de jeu d'EuroMillions Autriche. Consultez ici les prix et le jackpot d'EuroMillions Autriche. V\u00e9rifiez vos chances.","og_url":"https:\/\/lottomat.com\/fr\/loterie\/regles-deuromillions-autriche-prix-jackpot\/","og_site_name":"Lottomat","article_modified_time":"2026-03-10T06:13:11+00:00","og_image":[{"width":400,"height":400,"url":"https:\/\/lottomat.com\/wp-content\/uploads\/2026\/01\/Austrian-EuroMillions-prizes.webp","type":"image\/webp"}],"twitter_card":"summary_large_image","twitter_misc":{"Dur\u00e9e de lecture estim\u00e9e":"5 minutes"},"schema":{"@context":"https:\/\/schema.org","@graph":[{"@type":"WebPage","@id":"https:\/\/lottomat.com\/fr\/loterie\/regles-deuromillions-autriche-prix-jackpot\/","url":"https:\/\/lottomat.com\/fr\/loterie\/regles-deuromillions-autriche-prix-jackpot\/","name":"R\u00e8gles d'EuroMillions Autriche : Prix & Jackpot - Lottomat","isPartOf":{"@id":"https:\/\/lottomat.com\/fr\/#website"},"primaryImageOfPage":{"@id":"https:\/\/lottomat.com\/fr\/loterie\/regles-deuromillions-autriche-prix-jackpot\/#primaryimage"},"image":{"@id":"https:\/\/lottomat.com\/fr\/loterie\/regles-deuromillions-autriche-prix-jackpot\/#primaryimage"},"thumbnailUrl":"https:\/\/lottomat.com\/wp-content\/uploads\/2026\/01\/Austrian-EuroMillions-prizes.webp","datePublished":"2025-05-18T16:33:53+00:00","dateModified":"2026-03-10T06:13:11+00:00","description":"En savoir plus sur les r\u00e8gles de jeu d'EuroMillions Autriche. Consultez ici les prix et le jackpot d'EuroMillions Autriche. V\u00e9rifiez vos chances.","breadcrumb":{"@id":"https:\/\/lottomat.com\/fr\/loterie\/regles-deuromillions-autriche-prix-jackpot\/#breadcrumb"},"inLanguage":"fr-FR","potentialAction":[{"@type":"ReadAction","target":["https:\/\/lottomat.com\/fr\/loterie\/regles-deuromillions-autriche-prix-jackpot\/"]}]},{"@type":"ImageObject","inLanguage":"fr-FR","@id":"https:\/\/lottomat.com\/fr\/loterie\/regles-deuromillions-autriche-prix-jackpot\/#primaryimage","url":"https:\/\/lottomat.com\/wp-content\/uploads\/2026\/01\/Austrian-EuroMillions-prizes.webp","contentUrl":"https:\/\/lottomat.com\/wp-content\/uploads\/2026\/01\/Austrian-EuroMillions-prizes.webp"},{"@type":"BreadcrumbList","@id":"https:\/\/lottomat.com\/fr\/loterie\/regles-deuromillions-autriche-prix-jackpot\/#breadcrumb","itemListElement":[{"@type":"ListItem","position":1,"name":"Home","item":"https:\/\/lottomat.com\/fr\/"},{"@type":"ListItem","position":2,"name":"R\u00e8gles de la loterie : Gains, Jackpot et Probabilit\u00e9s","item":"https:\/\/lottomat.com\/fr\/loterie\/"},{"@type":"ListItem","position":3,"name":"R\u00e8gles d&#8217;EuroMillions Autriche : Prix &#038; Jackpot"}]},{"@type":"WebSite","@id":"https:\/\/lottomat.com\/fr\/#website","url":"https:\/\/lottomat.com\/fr\/","name":"Lottomat","description":"","potentialAction":[{"@type":"SearchAction","target":{"@type":"EntryPoint","urlTemplate":"https:\/\/lottomat.com\/fr\/?s={search_term_string}"},"query-input":{"@type":"PropertyValueSpecification","valueRequired":true,"valueName":"search_term_string"}}],"inLanguage":"fr-FR"}]}},"_links":{"self":[{"href":"https:\/\/lottomat.com\/fr\/wp-json\/wp\/v2\/pages\/272961","targetHints":{"allow":["GET"]}}],"collection":[{"href":"https:\/\/lottomat.com\/fr\/wp-json\/wp\/v2\/pages"}],"about":[{"href":"https:\/\/lottomat.com\/fr\/wp-json\/wp\/v2\/types\/page"}],"author":[{"embeddable":true,"href":"https:\/\/lottomat.com\/fr\/wp-json\/wp\/v2\/users\/2"}],"replies":[{"embeddable":true,"href":"https:\/\/lottomat.com\/fr\/wp-json\/wp\/v2\/comments?post=272961"}],"version-history":[{"count":2,"href":"https:\/\/lottomat.com\/fr\/wp-json\/wp\/v2\/pages\/272961\/revisions"}],"predecessor-version":[{"id":272963,"href":"https:\/\/lottomat.com\/fr\/wp-json\/wp\/v2\/pages\/272961\/revisions\/272963"}],"up":[{"embeddable":true,"href":"https:\/\/lottomat.com\/fr\/wp-json\/wp\/v2\/pages\/6863"}],"wp:attachment":[{"href":"https:\/\/lottomat.com\/fr\/wp-json\/wp\/v2\/media?parent=272961"}],"curies":[{"name":"wp","href":"https:\/\/api.w.org\/{rel}","templated":true}]}}