{"id":272398,"date":"2025-05-18T16:34:38","date_gmt":"2025-05-18T16:34:38","guid":{"rendered":"https:\/\/lottomat.com\/?page_id=272398"},"modified":"2026-03-02T20:44:07","modified_gmt":"2026-03-02T20:44:07","slug":"euromillions-eu","status":"publish","type":"page","link":"https:\/\/lottomat.com\/fr\/resultats\/euromillions-eu\/","title":{"rendered":"R\u00e9sultats EuroMillions Autriche \u2013 num\u00e9ros gagnants EuroMillions UE"},"content":{"rendered":"\n\n<div class=\"kk-star-ratings kksr-auto kksr-align-left kksr-valign-top\"\n    data-payload='{&quot;align&quot;:&quot;left&quot;,&quot;id&quot;:&quot;272398&quot;,&quot;slug&quot;:&quot;default&quot;,&quot;valign&quot;:&quot;top&quot;,&quot;ignore&quot;:&quot;&quot;,&quot;reference&quot;:&quot;auto&quot;,&quot;class&quot;:&quot;&quot;,&quot;count&quot;:&quot;0&quot;,&quot;legendonly&quot;:&quot;&quot;,&quot;readonly&quot;:&quot;&quot;,&quot;score&quot;:&quot;0&quot;,&quot;starsonly&quot;:&quot;&quot;,&quot;best&quot;:&quot;5&quot;,&quot;gap&quot;:&quot;5&quot;,&quot;greet&quot;:&quot;Rate this page&quot;,&quot;legend&quot;:&quot;0\\\/5 - (0 vote)&quot;,&quot;size&quot;:&quot;30&quot;,&quot;title&quot;:&quot;R\u00e9sultats EuroMillions Autriche \u2013 num\u00e9ros gagnants EuroMillions UE&quot;,&quot;width&quot;:&quot;0&quot;,&quot;_legend&quot;:&quot;{score}\\\/{best} - ({count} {votes})&quot;,&quot;font_factor&quot;:&quot;1.25&quot;}'>\n            \n<div class=\"kksr-stars\">\n    \n<div class=\"kksr-stars-inactive\">\n            <div class=\"kksr-star\" data-star=\"1\" style=\"padding-right: 5px\">\n            \n\n<div class=\"kksr-icon\" style=\"width: 30px; height: 30px;\"><\/div>\n        <\/div>\n            <div class=\"kksr-star\" data-star=\"2\" style=\"padding-right: 5px\">\n            \n\n<div class=\"kksr-icon\" style=\"width: 30px; height: 30px;\"><\/div>\n        <\/div>\n            <div class=\"kksr-star\" data-star=\"3\" style=\"padding-right: 5px\">\n            \n\n<div class=\"kksr-icon\" style=\"width: 30px; height: 30px;\"><\/div>\n        <\/div>\n            <div class=\"kksr-star\" data-star=\"4\" style=\"padding-right: 5px\">\n            \n\n<div class=\"kksr-icon\" style=\"width: 30px; height: 30px;\"><\/div>\n        <\/div>\n            <div class=\"kksr-star\" data-star=\"5\" style=\"padding-right: 5px\">\n            \n\n<div class=\"kksr-icon\" style=\"width: 30px; height: 30px;\"><\/div>\n        <\/div>\n    <\/div>\n    \n<div class=\"kksr-stars-active\" style=\"width: 0px;\">\n            <div class=\"kksr-star\" style=\"padding-right: 5px\">\n            \n\n<div class=\"kksr-icon\" style=\"width: 30px; height: 30px;\"><\/div>\n        <\/div>\n            <div class=\"kksr-star\" style=\"padding-right: 5px\">\n            \n\n<div class=\"kksr-icon\" style=\"width: 30px; height: 30px;\"><\/div>\n        <\/div>\n            <div class=\"kksr-star\" style=\"padding-right: 5px\">\n            \n\n<div class=\"kksr-icon\" style=\"width: 30px; height: 30px;\"><\/div>\n        <\/div>\n            <div class=\"kksr-star\" style=\"padding-right: 5px\">\n            \n\n<div class=\"kksr-icon\" style=\"width: 30px; height: 30px;\"><\/div>\n        <\/div>\n            <div class=\"kksr-star\" style=\"padding-right: 5px\">\n            \n\n<div class=\"kksr-icon\" style=\"width: 30px; height: 30px;\"><\/div>\n        <\/div>\n    <\/div>\n<\/div>\n                \n\n<div class=\"kksr-legend\" style=\"font-size: 24px;\">\n            <span class=\"kksr-muted\">Rate this page<\/span>\n    <\/div>\n    <\/div>\n<h2>D\u00e9couvrez l\u2019\u00e9motion des r\u00e9sultats EuroMillions Autriche<img loading=\"lazy\" decoding=\"async\" class=\"alignright wp-image-268309\" src=\"https:\/\/lottomat.com\/wp-content\/uploads\/2026\/01\/Austrian-EuroMillions-draw.webp\" alt=\"Tirage EuroMillions en Autriche\" width=\"200\" height=\"200\" srcset=\"https:\/\/lottomat.com\/wp-content\/uploads\/2026\/01\/Austrian-EuroMillions-draw.webp 400w, https:\/\/lottomat.com\/wp-content\/uploads\/2026\/01\/Austrian-EuroMillions-draw-300x300.webp 300w, https:\/\/lottomat.com\/wp-content\/uploads\/2026\/01\/Austrian-EuroMillions-draw-150x150.webp 150w, https:\/\/lottomat.com\/wp-content\/uploads\/2026\/01\/Austrian-EuroMillions-draw-100x100.webp 100w\" sizes=\"auto, (max-width: 200px) 100vw, 200px\" \/><\/h2>\n<p>Si vous avez d\u00e9j\u00e0 r\u00eav\u00e9 de changer de vie du jour au lendemain, EuroMillions Autriche est la loterie qui transforme les r\u00eaves en r\u00e9alit\u00e9. Avec ses tirages palpitants, ses jackpots qui changent une vie et les histoires de gagnants incroyables, EuroMillions Autriche fait r\u00eaver des millions de personnes \u00e0 travers l\u2019Europe chaque semaine. Que vous soyez un joueur exp\u00e9riment\u00e9 ou que vous envisagiez simplement d\u2019acheter votre premier billet, consulter les r\u00e9sultats et d\u00e9couvrir les possibilit\u00e9s peut faire na\u00eetre un sentiment d\u2019excitation et d\u2019espoir. Plongeons dans l\u2019univers des r\u00e9sultats EuroMillions Autriche, explorons les plus grands gains et voyons \u00e0 quelle fr\u00e9quence la chance sourit aux joueurs les plus chanceux\u00a0!<\/p>\n<h2>Gains records\u00a0: d\u00e9couvrez les plus grands gagnants EuroMillions Autriche<\/h2>\n<p>En mati\u00e8re de jackpots \u00e9poustouflants, EuroMillions Autriche a v\u00e9ritablement marqu\u00e9 l\u2019histoire. Cette loterie, qui fait partie du consortium EuroMillions, propose r\u00e9guli\u00e8rement des prix pouvant atteindre des montants extraordinaires, parfois sup\u00e9rieurs \u00e0 100\u00a0millions d\u2019euros. Au fil des ann\u00e9es, des gains remarquables ont \u00e9t\u00e9 remport\u00e9s en Autriche, changeant \u00e0 jamais la vie de ceux qui d\u00e9tenaient les billets gagnants.<img loading=\"lazy\" decoding=\"async\" class=\"alignleft wp-image-268340\" src=\"https:\/\/lottomat.com\/wp-content\/uploads\/2026\/01\/Austrian-EuroMillions-numbers.webp\" alt=\"Num\u00e9ros EuroMillions Autriche\" width=\"200\" height=\"200\" srcset=\"https:\/\/lottomat.com\/wp-content\/uploads\/2026\/01\/Austrian-EuroMillions-numbers.webp 400w, https:\/\/lottomat.com\/wp-content\/uploads\/2026\/01\/Austrian-EuroMillions-numbers-300x300.webp 300w, https:\/\/lottomat.com\/wp-content\/uploads\/2026\/01\/Austrian-EuroMillions-numbers-150x150.webp 150w, https:\/\/lottomat.com\/wp-content\/uploads\/2026\/01\/Austrian-EuroMillions-numbers-100x100.webp 100w\" sizes=\"auto, (max-width: 200px) 100vw, 200px\" \/><\/p>\n<p>L\u2019un des gains les plus c\u00e9l\u00e8bres en Autriche a eu lieu en ao\u00fbt 2020, lorsqu\u2019un groupe de coll\u00e8gues de Vienne a remport\u00e9 l\u2019incroyable somme de 45\u00a0millions d\u2019euros. Leur histoire est devenue une v\u00e9ritable sensation dans tout le pays\u00a0: amis et famille ont c\u00e9l\u00e9br\u00e9 l\u2019\u00e9v\u00e9nement, et les gagnants avaient du mal \u00e0 croire \u00e0 leur chance. Ce n\u2019\u00e9tait pas seulement la victoire d\u2019un individu, mais celle d\u2019une \u00e9quipe dont la vie a \u00e9t\u00e9 transform\u00e9e collectivement.<\/p>\n<p>Un autre moment inoubliable s\u2019est produit en 2018, lorsqu\u2019un joueur de Salzbourg a trouv\u00e9 les cinq num\u00e9ros principaux ainsi que les deux Lucky Stars, d\u00e9crochant ainsi un jackpot de 30\u00a0millions d\u2019euros. Le gagnant a choisi de rester anonyme, mais les m\u00e9dias locaux ont rapport\u00e9 une vague d\u2019enthousiasme \u00e0 Salzbourg, la ville vibrant de sp\u00e9culations et de joie \u00e0 l\u2019annonce de la nouvelle.<\/p>\n<p>Bien que ces gains figurent parmi les plus importants, ils sont loin d\u2019\u00eatre les seuls r\u00e9cits de fortune. \u00c0 travers toute l\u2019Autriche, de Graz \u00e0 Innsbruck, EuroMillions a cr\u00e9\u00e9 de nouveaux millionnaires, chacun avec sa propre histoire unique sur la fa\u00e7on dont un seul billet a tout chang\u00e9.<\/p>\n<h2>\u00c0 quelle fr\u00e9quence les gains EuroMillions Autriche ont-ils lieu\u00a0?<\/h2>\n<p>L\u2019un des aspects les plus passionnants d\u2019EuroMillions Autriche est la fr\u00e9quence \u00e0 laquelle des <a href=\"https:\/\/lottomat.com\/fr\/loterie\/euromillions\/\">gains EuroMillions Autriche qui changent une vie<\/a> sont remport\u00e9s. Avec deux tirages par semaine \u2013 le mardi et le vendredi \u2013 les occasions de gagner sont nombreuses. En effet, les statistiques montrent que les joueurs autrichiens remportent r\u00e9guli\u00e8rement des prix importants, aussi bien au niveau du jackpot que dans les rangs secondaires.<\/p>\n<p>Les chances de gagner un prix \u00e0 EuroMillions sont encourageantes, avec une probabilit\u00e9 de 1 sur 13, ce qui signifie que presque chaque tirage apporte une nouvelle vague de gagnants. En Autriche, des centaines de milliers de joueurs remportent des prix chaque ann\u00e9e, allant de petits gains en esp\u00e8ces \u00e0 des jackpots de plusieurs millions d\u2019euros.<img loading=\"lazy\" decoding=\"async\" class=\"alignright wp-image-268370\" src=\"https:\/\/lottomat.com\/wp-content\/uploads\/2026\/01\/EuroMillions-Austria-draw.webp\" alt=\"Tirage EuroMillions Autriche\" width=\"200\" height=\"200\" srcset=\"https:\/\/lottomat.com\/wp-content\/uploads\/2026\/01\/EuroMillions-Austria-draw.webp 400w, https:\/\/lottomat.com\/wp-content\/uploads\/2026\/01\/EuroMillions-Austria-draw-300x300.webp 300w, https:\/\/lottomat.com\/wp-content\/uploads\/2026\/01\/EuroMillions-Austria-draw-150x150.webp 150w, https:\/\/lottomat.com\/wp-content\/uploads\/2026\/01\/EuroMillions-Austria-draw-100x100.webp 100w\" sizes=\"auto, (max-width: 200px) 100vw, 200px\" \/><\/p>\n<p>Encore plus excitant, EuroMillions Autriche est souvent report\u00e9, augmentant le jackpot \u00e0 chaque tirage jusqu\u2019\u00e0 ce qu\u2019un joueur trouve tous les num\u00e9ros. Cela peut entra\u00eener une forte hausse des ventes de billets et un sentiment palpable d\u2019attente \u00e0 travers tout le pays \u00e0 mesure que le jackpot grimpe toujours plus haut.<\/p>\n<p>Il n\u2019y a pas que les individus qui gagnent. Les syndicats \u2013 groupes d\u2019amis, de familles ou de coll\u00e8gues \u2013 s\u2019associent r\u00e9guli\u00e8rement pour acheter ensemble des billets EuroMillions Autriche, augmentant leurs chances de gain et, dans bien des cas, partageant la joie d\u2019un gros lot.<\/p>\n<h2>La joie et les possibilit\u00e9s d\u2019un gain EuroMillions<\/h2>\n<p>Imaginez vous r\u00e9veiller et d\u00e9couvrir que vous \u00eates le nouveau millionnaire d\u2019Autriche. Les possibilit\u00e9s sont infinies\u00a0: voyager \u00e0 travers le monde, acheter la maison de vos r\u00eaves, soutenir vos proches ou investir dans un projet passionnant dont vous avez toujours r\u00eav\u00e9. Pour de nombreux gagnants EuroMillions Autriche, la r\u00e9alit\u00e9 d\u2019un grand gain est encore meilleure qu\u2019ils ne l\u2019avaient imagin\u00e9e.<\/p>\n<p>Les histoires abondent de gagnants qui ont utilis\u00e9 leur nouvelle fortune pour faire la diff\u00e9rence \u2013 non seulement dans leur propre vie, mais aussi dans leur communaut\u00e9. Certains ont fait des dons \u00e0 des associations locales, cr\u00e9\u00e9 des entreprises g\u00e9n\u00e9rant des emplois ou r\u00e9alis\u00e9 des r\u00eaves de toute une vie. Qu\u2019il s\u2019agisse d\u2019une aventure spontan\u00e9e ou d\u2019une retraite soigneusement planifi\u00e9e, la libert\u00e9 qu\u2019offre un gain EuroMillions est v\u00e9ritablement remarquable.<\/p>\n<p>Chaque mardi et vendredi, lorsque les r\u00e9sultats sont annonc\u00e9s, des milliers d\u2019Autrichiens ressentent une mont\u00e9e d\u2019adr\u00e9naline. V\u00e9rifier ses num\u00e9ros, imaginer ce que l\u2019on ferait en cas de victoire et partager l\u2019excitation avec ses proches \u2013 tout cela fait partie de la magie qui rend EuroMillions Autriche si sp\u00e9cial.<\/p>\n<h2>V\u00e9rifier les r\u00e9sultats EuroMillions Autriche\u00a0: votre premier pas vers une nouvelle vie<\/h2>\n<p><img loading=\"lazy\" decoding=\"async\" class=\"alignleft wp-image-268401\" src=\"https:\/\/lottomat.com\/wp-content\/uploads\/2026\/01\/EuroMillions-Austria-results.webp\" alt=\"R\u00e9sultats EuroMillions Autriche\" width=\"200\" height=\"200\" srcset=\"https:\/\/lottomat.com\/wp-content\/uploads\/2026\/01\/EuroMillions-Austria-results.webp 400w, https:\/\/lottomat.com\/wp-content\/uploads\/2026\/01\/EuroMillions-Austria-results-300x300.webp 300w, https:\/\/lottomat.com\/wp-content\/uploads\/2026\/01\/EuroMillions-Austria-results-150x150.webp 150w, https:\/\/lottomat.com\/wp-content\/uploads\/2026\/01\/EuroMillions-Austria-results-100x100.webp 100w\" sizes=\"auto, (max-width: 200px) 100vw, 200px\" \/>Rester inform\u00e9 des derniers r\u00e9sultats EuroMillions Autriche est essentiel pour chaque joueur. <a href=\"https:\/\/lottomat.com\/fr\/resultats\/\">Les r\u00e9sultats officiels de la loterie<\/a> sont publi\u00e9s peu apr\u00e8s chaque tirage, et il n\u2019a jamais \u00e9t\u00e9 aussi simple de les consulter \u2013 en ligne, via les applications officielles ou chez votre d\u00e9taillant de loterie local. Lorsque les num\u00e9ros gagnants sont d\u00e9voil\u00e9s, les c\u0153urs s\u2019emballent et les espoirs s\u2019envolent, tandis que les joueurs \u00e0 travers l\u2019Autriche attendent de savoir s\u2019ils seront les prochains gagnants.<\/p>\n<p>Si vous d\u00e9tenez un billet gagnant, la proc\u00e9dure est simple. Les gains importants peuvent \u00eatre r\u00e9clam\u00e9s au si\u00e8ge des Austrian Lotteries, avec un accompagnement complet \u00e0 chaque \u00e9tape. M\u00eame pour un gain plus modeste, vous pouvez retirer votre prix aupr\u00e8s des d\u00e9taillants autoris\u00e9s, rendant chaque victoire accessible et s\u00e9curis\u00e9e.<\/p>\n<p>N\u2019oubliez pas\u00a0: chaque tirage EuroMillions Autriche apporte de nouvelles possibilit\u00e9s. M\u00eame si vous ne remportez pas le jackpot, il existe douze rangs de gains diff\u00e9rents, ce qui signifie que des milliers d\u2019Autrichiens profitent de gains \u2013 petits et grands \u2013 chaque semaine.<\/p>\n<hr \/>\n<p>EuroMillions Autriche est bien plus qu\u2019un simple jeu \u2013 c\u2019est une porte ouverte sur les r\u00eaves, l\u2019excitation et la chance de vivre la vie d\u2019une toute nouvelle mani\u00e8re. \u00c0 chaque tirage, de nouvelles histoires s\u2019\u00e9crivent et de nouveaux gagnants entrent sous les projecteurs. Serez-vous le prochain \u00e0 les rejoindre\u00a0? <a href=\"https:\/\/lottomat.com\/fr\/jouer\/euromillions-eu\/\">Jouez \u00e0 EuroMillions Autriche en ligne<\/a>, consultez les derniers r\u00e9sultats EuroMillions Autriche et osez r\u00eaver en grand\u00a0!<\/p>\n","protected":false},"excerpt":{"rendered":"<p>D\u00e9couvrez l\u2019\u00e9motion des r\u00e9sultats EuroMillions Autriche Si vous avez d\u00e9j\u00e0 r\u00eav\u00e9 de changer de vie du jour au lendemain, EuroMillions Autriche est la loterie qui transforme les r\u00eaves en r\u00e9alit\u00e9. Avec ses tirages palpitants, ses jackpots qui changent une vie et les histoires de gagnants incroyables, EuroMillions Autriche fait r\u00eaver des millions de personnes \u00e0 [&hellip;]<\/p>\n","protected":false},"author":11,"featured_media":0,"parent":7408,"menu_order":0,"comment_status":"closed","ping_status":"closed","template":"euromillions-results.php","meta":{"_et_pb_use_builder":"","_et_pb_old_content":"","_et_gb_content_width":"","exclude_from_search":false,"footnotes":""},"class_list":["post-272398","page","type-page","status-publish","hentry"],"yoast_head":"<!-- This site is optimized with the Yoast SEO plugin v23.8 - https:\/\/yoast.com\/wordpress\/plugins\/seo\/ -->\n<title>R\u00e9sultats et num\u00e9ros gagnants EuroMillions Autriche \u2013 Lottomat<\/title>\n<meta name=\"description\" content=\"Consultez les derniers r\u00e9sultats EuroMillions Autriche et les num\u00e9ros gagnants. D\u00e9couvrez-en plus sur les r\u00e9sultats officiels du tirage.\" \/>\n<meta name=\"robots\" content=\"index, follow, max-snippet:-1, max-image-preview:large, max-video-preview:-1\" \/>\n<link rel=\"canonical\" href=\"https:\/\/lottomat.com\/fr\/resultats\/euromillions-eu\/\" \/>\n<meta property=\"og:locale\" content=\"fr_FR\" \/>\n<meta property=\"og:type\" content=\"article\" \/>\n<meta property=\"og:title\" content=\"R\u00e9sultats et num\u00e9ros gagnants EuroMillions Autriche \u2013 Lottomat\" \/>\n<meta property=\"og:description\" content=\"Consultez les derniers r\u00e9sultats EuroMillions Autriche et les num\u00e9ros gagnants. D\u00e9couvrez-en plus sur les r\u00e9sultats officiels du tirage.\" \/>\n<meta property=\"og:url\" content=\"https:\/\/lottomat.com\/fr\/resultats\/euromillions-eu\/\" \/>\n<meta property=\"og:site_name\" content=\"Lottomat\" \/>\n<meta property=\"article:modified_time\" content=\"2026-03-02T20:44:07+00:00\" \/>\n<meta property=\"og:image\" content=\"https:\/\/lottomat.com\/wp-content\/uploads\/2026\/01\/Austrian-EuroMillions-draw.webp\" \/>\n\t<meta property=\"og:image:width\" content=\"400\" \/>\n\t<meta property=\"og:image:height\" content=\"400\" \/>\n\t<meta property=\"og:image:type\" content=\"image\/webp\" \/>\n<meta name=\"twitter:card\" content=\"summary_large_image\" \/>\n<meta name=\"twitter:label1\" content=\"Dur\u00e9e de lecture estim\u00e9e\" \/>\n\t<meta name=\"twitter:data1\" content=\"6 minutes\" \/>\n<script type=\"application\/ld+json\" class=\"yoast-schema-graph\">{\"@context\":\"https:\/\/schema.org\",\"@graph\":[{\"@type\":\"WebPage\",\"@id\":\"https:\/\/lottomat.com\/fr\/resultats\/euromillions-eu\/\",\"url\":\"https:\/\/lottomat.com\/fr\/resultats\/euromillions-eu\/\",\"name\":\"R\u00e9sultats et num\u00e9ros gagnants EuroMillions Autriche \u2013 Lottomat\",\"isPartOf\":{\"@id\":\"https:\/\/lottomat.com\/fr\/#website\"},\"primaryImageOfPage\":{\"@id\":\"https:\/\/lottomat.com\/fr\/resultats\/euromillions-eu\/#primaryimage\"},\"image\":{\"@id\":\"https:\/\/lottomat.com\/fr\/resultats\/euromillions-eu\/#primaryimage\"},\"thumbnailUrl\":\"https:\/\/lottomat.com\/wp-content\/uploads\/2026\/01\/Austrian-EuroMillions-draw.webp\",\"datePublished\":\"2025-05-18T16:34:38+00:00\",\"dateModified\":\"2026-03-02T20:44:07+00:00\",\"description\":\"Consultez les derniers r\u00e9sultats EuroMillions Autriche et les num\u00e9ros gagnants. D\u00e9couvrez-en plus sur les r\u00e9sultats officiels du tirage.\",\"breadcrumb\":{\"@id\":\"https:\/\/lottomat.com\/fr\/resultats\/euromillions-eu\/#breadcrumb\"},\"inLanguage\":\"fr-FR\",\"potentialAction\":[{\"@type\":\"ReadAction\",\"target\":[\"https:\/\/lottomat.com\/fr\/resultats\/euromillions-eu\/\"]}]},{\"@type\":\"ImageObject\",\"inLanguage\":\"fr-FR\",\"@id\":\"https:\/\/lottomat.com\/fr\/resultats\/euromillions-eu\/#primaryimage\",\"url\":\"https:\/\/lottomat.com\/wp-content\/uploads\/2026\/01\/Austrian-EuroMillions-draw.webp\",\"contentUrl\":\"https:\/\/lottomat.com\/wp-content\/uploads\/2026\/01\/Austrian-EuroMillions-draw.webp\"},{\"@type\":\"BreadcrumbList\",\"@id\":\"https:\/\/lottomat.com\/fr\/resultats\/euromillions-eu\/#breadcrumb\",\"itemListElement\":[{\"@type\":\"ListItem\",\"position\":1,\"name\":\"Home\",\"item\":\"https:\/\/lottomat.com\/fr\/\"},{\"@type\":\"ListItem\",\"position\":2,\"name\":\"Les derniers r\u00e9sultats de loterie et num\u00e9ros gagnants\",\"item\":\"https:\/\/lottomat.com\/fr\/resultats\/\"},{\"@type\":\"ListItem\",\"position\":3,\"name\":\"R\u00e9sultats EuroMillions Autriche \u2013 num\u00e9ros gagnants EuroMillions UE\"}]},{\"@type\":\"WebSite\",\"@id\":\"https:\/\/lottomat.com\/fr\/#website\",\"url\":\"https:\/\/lottomat.com\/fr\/\",\"name\":\"Lottomat\",\"description\":\"\",\"potentialAction\":[{\"@type\":\"SearchAction\",\"target\":{\"@type\":\"EntryPoint\",\"urlTemplate\":\"https:\/\/lottomat.com\/fr\/?s={search_term_string}\"},\"query-input\":{\"@type\":\"PropertyValueSpecification\",\"valueRequired\":true,\"valueName\":\"search_term_string\"}}],\"inLanguage\":\"fr-FR\"}]}<\/script>\n<!-- \/ Yoast SEO plugin. -->","yoast_head_json":{"title":"R\u00e9sultats et num\u00e9ros gagnants EuroMillions Autriche \u2013 Lottomat","description":"Consultez les derniers r\u00e9sultats EuroMillions Autriche et les num\u00e9ros gagnants. D\u00e9couvrez-en plus sur les r\u00e9sultats officiels du tirage.","robots":{"index":"index","follow":"follow","max-snippet":"max-snippet:-1","max-image-preview":"max-image-preview:large","max-video-preview":"max-video-preview:-1"},"canonical":"https:\/\/lottomat.com\/fr\/resultats\/euromillions-eu\/","og_locale":"fr_FR","og_type":"article","og_title":"R\u00e9sultats et num\u00e9ros gagnants EuroMillions Autriche \u2013 Lottomat","og_description":"Consultez les derniers r\u00e9sultats EuroMillions Autriche et les num\u00e9ros gagnants. D\u00e9couvrez-en plus sur les r\u00e9sultats officiels du tirage.","og_url":"https:\/\/lottomat.com\/fr\/resultats\/euromillions-eu\/","og_site_name":"Lottomat","article_modified_time":"2026-03-02T20:44:07+00:00","og_image":[{"width":400,"height":400,"url":"https:\/\/lottomat.com\/wp-content\/uploads\/2026\/01\/Austrian-EuroMillions-draw.webp","type":"image\/webp"}],"twitter_card":"summary_large_image","twitter_misc":{"Dur\u00e9e de lecture estim\u00e9e":"6 minutes"},"schema":{"@context":"https:\/\/schema.org","@graph":[{"@type":"WebPage","@id":"https:\/\/lottomat.com\/fr\/resultats\/euromillions-eu\/","url":"https:\/\/lottomat.com\/fr\/resultats\/euromillions-eu\/","name":"R\u00e9sultats et num\u00e9ros gagnants EuroMillions Autriche \u2013 Lottomat","isPartOf":{"@id":"https:\/\/lottomat.com\/fr\/#website"},"primaryImageOfPage":{"@id":"https:\/\/lottomat.com\/fr\/resultats\/euromillions-eu\/#primaryimage"},"image":{"@id":"https:\/\/lottomat.com\/fr\/resultats\/euromillions-eu\/#primaryimage"},"thumbnailUrl":"https:\/\/lottomat.com\/wp-content\/uploads\/2026\/01\/Austrian-EuroMillions-draw.webp","datePublished":"2025-05-18T16:34:38+00:00","dateModified":"2026-03-02T20:44:07+00:00","description":"Consultez les derniers r\u00e9sultats EuroMillions Autriche et les num\u00e9ros gagnants. D\u00e9couvrez-en plus sur les r\u00e9sultats officiels du tirage.","breadcrumb":{"@id":"https:\/\/lottomat.com\/fr\/resultats\/euromillions-eu\/#breadcrumb"},"inLanguage":"fr-FR","potentialAction":[{"@type":"ReadAction","target":["https:\/\/lottomat.com\/fr\/resultats\/euromillions-eu\/"]}]},{"@type":"ImageObject","inLanguage":"fr-FR","@id":"https:\/\/lottomat.com\/fr\/resultats\/euromillions-eu\/#primaryimage","url":"https:\/\/lottomat.com\/wp-content\/uploads\/2026\/01\/Austrian-EuroMillions-draw.webp","contentUrl":"https:\/\/lottomat.com\/wp-content\/uploads\/2026\/01\/Austrian-EuroMillions-draw.webp"},{"@type":"BreadcrumbList","@id":"https:\/\/lottomat.com\/fr\/resultats\/euromillions-eu\/#breadcrumb","itemListElement":[{"@type":"ListItem","position":1,"name":"Home","item":"https:\/\/lottomat.com\/fr\/"},{"@type":"ListItem","position":2,"name":"Les derniers r\u00e9sultats de loterie et num\u00e9ros gagnants","item":"https:\/\/lottomat.com\/fr\/resultats\/"},{"@type":"ListItem","position":3,"name":"R\u00e9sultats EuroMillions Autriche \u2013 num\u00e9ros gagnants EuroMillions UE"}]},{"@type":"WebSite","@id":"https:\/\/lottomat.com\/fr\/#website","url":"https:\/\/lottomat.com\/fr\/","name":"Lottomat","description":"","potentialAction":[{"@type":"SearchAction","target":{"@type":"EntryPoint","urlTemplate":"https:\/\/lottomat.com\/fr\/?s={search_term_string}"},"query-input":{"@type":"PropertyValueSpecification","valueRequired":true,"valueName":"search_term_string"}}],"inLanguage":"fr-FR"}]}},"_links":{"self":[{"href":"https:\/\/lottomat.com\/fr\/wp-json\/wp\/v2\/pages\/272398","targetHints":{"allow":["GET"]}}],"collection":[{"href":"https:\/\/lottomat.com\/fr\/wp-json\/wp\/v2\/pages"}],"about":[{"href":"https:\/\/lottomat.com\/fr\/wp-json\/wp\/v2\/types\/page"}],"author":[{"embeddable":true,"href":"https:\/\/lottomat.com\/fr\/wp-json\/wp\/v2\/users\/11"}],"replies":[{"embeddable":true,"href":"https:\/\/lottomat.com\/fr\/wp-json\/wp\/v2\/comments?post=272398"}],"version-history":[{"count":2,"href":"https:\/\/lottomat.com\/fr\/wp-json\/wp\/v2\/pages\/272398\/revisions"}],"predecessor-version":[{"id":272405,"href":"https:\/\/lottomat.com\/fr\/wp-json\/wp\/v2\/pages\/272398\/revisions\/272405"}],"up":[{"embeddable":true,"href":"https:\/\/lottomat.com\/fr\/wp-json\/wp\/v2\/pages\/7408"}],"wp:attachment":[{"href":"https:\/\/lottomat.com\/fr\/wp-json\/wp\/v2\/media?parent=272398"}],"curies":[{"name":"wp","href":"https:\/\/api.w.org\/{rel}","templated":true}]}}