{"id":272390,"date":"2025-05-18T16:39:08","date_gmt":"2025-05-18T16:39:08","guid":{"rendered":"https:\/\/lottomat.com\/?page_id=272390"},"modified":"2026-03-02T20:34:26","modified_gmt":"2026-03-02T20:34:26","slug":"euromillions-eu","status":"publish","type":"page","link":"https:\/\/lottomat.com\/fr\/jouer\/euromillions-eu\/","title":{"rendered":"Euromillions EU en ligne &#8211; billets EuroMillions Autriche"},"content":{"rendered":"\n\n<div class=\"kk-star-ratings kksr-auto kksr-align-left kksr-valign-top\"\n    data-payload='{&quot;align&quot;:&quot;left&quot;,&quot;id&quot;:&quot;272390&quot;,&quot;slug&quot;:&quot;default&quot;,&quot;valign&quot;:&quot;top&quot;,&quot;ignore&quot;:&quot;&quot;,&quot;reference&quot;:&quot;auto&quot;,&quot;class&quot;:&quot;&quot;,&quot;count&quot;:&quot;0&quot;,&quot;legendonly&quot;:&quot;&quot;,&quot;readonly&quot;:&quot;&quot;,&quot;score&quot;:&quot;0&quot;,&quot;starsonly&quot;:&quot;&quot;,&quot;best&quot;:&quot;5&quot;,&quot;gap&quot;:&quot;5&quot;,&quot;greet&quot;:&quot;Rate this page&quot;,&quot;legend&quot;:&quot;0\\\/5 - (0 vote)&quot;,&quot;size&quot;:&quot;30&quot;,&quot;title&quot;:&quot;Euromillions EU en ligne - billets EuroMillions Autriche&quot;,&quot;width&quot;:&quot;0&quot;,&quot;_legend&quot;:&quot;{score}\\\/{best} - ({count} {votes})&quot;,&quot;font_factor&quot;:&quot;1.25&quot;}'>\n            \n<div class=\"kksr-stars\">\n    \n<div class=\"kksr-stars-inactive\">\n            <div class=\"kksr-star\" data-star=\"1\" style=\"padding-right: 5px\">\n            \n\n<div class=\"kksr-icon\" style=\"width: 30px; height: 30px;\"><\/div>\n        <\/div>\n            <div class=\"kksr-star\" data-star=\"2\" style=\"padding-right: 5px\">\n            \n\n<div class=\"kksr-icon\" style=\"width: 30px; height: 30px;\"><\/div>\n        <\/div>\n            <div class=\"kksr-star\" data-star=\"3\" style=\"padding-right: 5px\">\n            \n\n<div class=\"kksr-icon\" style=\"width: 30px; height: 30px;\"><\/div>\n        <\/div>\n            <div class=\"kksr-star\" data-star=\"4\" style=\"padding-right: 5px\">\n            \n\n<div class=\"kksr-icon\" style=\"width: 30px; height: 30px;\"><\/div>\n        <\/div>\n            <div class=\"kksr-star\" data-star=\"5\" style=\"padding-right: 5px\">\n            \n\n<div class=\"kksr-icon\" style=\"width: 30px; height: 30px;\"><\/div>\n        <\/div>\n    <\/div>\n    \n<div class=\"kksr-stars-active\" style=\"width: 0px;\">\n            <div class=\"kksr-star\" style=\"padding-right: 5px\">\n            \n\n<div class=\"kksr-icon\" style=\"width: 30px; height: 30px;\"><\/div>\n        <\/div>\n            <div class=\"kksr-star\" style=\"padding-right: 5px\">\n            \n\n<div class=\"kksr-icon\" style=\"width: 30px; height: 30px;\"><\/div>\n        <\/div>\n            <div class=\"kksr-star\" style=\"padding-right: 5px\">\n            \n\n<div class=\"kksr-icon\" style=\"width: 30px; height: 30px;\"><\/div>\n        <\/div>\n            <div class=\"kksr-star\" style=\"padding-right: 5px\">\n            \n\n<div class=\"kksr-icon\" style=\"width: 30px; height: 30px;\"><\/div>\n        <\/div>\n            <div class=\"kksr-star\" style=\"padding-right: 5px\">\n            \n\n<div class=\"kksr-icon\" style=\"width: 30px; height: 30px;\"><\/div>\n        <\/div>\n    <\/div>\n<\/div>\n                \n\n<div class=\"kksr-legend\" style=\"font-size: 24px;\">\n            <span class=\"kksr-muted\">Rate this page<\/span>\n    <\/div>\n    <\/div>\n<h2>D\u00e9couvrez l\u2019excitation de Euromillions EU \u2013 la voie autrichienne vers les grands gains<\/h2>\n<p><img loading=\"lazy\" decoding=\"async\" class=\"alignright wp-image-268063\" src=\"https:\/\/lottomat.com\/wp-content\/uploads\/2026\/01\/Austrian-EuroMillions.webp\" alt=\"EuroMillions Autriche\" width=\"200\" height=\"200\" srcset=\"https:\/\/lottomat.com\/wp-content\/uploads\/2026\/01\/Austrian-EuroMillions.webp 400w, https:\/\/lottomat.com\/wp-content\/uploads\/2026\/01\/Austrian-EuroMillions-300x300.webp 300w, https:\/\/lottomat.com\/wp-content\/uploads\/2026\/01\/Austrian-EuroMillions-150x150.webp 150w, https:\/\/lottomat.com\/wp-content\/uploads\/2026\/01\/Austrian-EuroMillions-100x100.webp 100w\" sizes=\"auto, (max-width: 200px) 100vw, 200px\" \/><\/p>\n<p>Imaginez-vous vous r\u00e9veiller dans une vie o\u00f9 tous vos r\u00eaves sont \u00e0 port\u00e9e de main, o\u00f9 les num\u00e9ros que vous avez choisis hier soir ont transform\u00e9 votre avenir \u00e0 jamais. Voil\u00e0 l\u2019\u00e9motion qui attend chaque participant de <strong>Euromillions EU<\/strong>, \u00e9galement connu sous le nom de <strong>EuroMillions Autriche<\/strong>. Avec des jackpots qui font r\u00eaver et l\u2019enthousiasme de millions de joueurs, cette loterie est votre billet pour un monde de possibilit\u00e9s.<\/p>\n<p>Euromillions EU n\u2019est pas une simple loterie \u2013 c\u2019est une exp\u00e9rience qui rassemble des joueurs de tout le continent autour d\u2019un espoir commun : d\u00e9crocher le gros lot. L\u2019attente, l\u2019effervescence du soir du tirage et la chance de rejoindre les plus grands gagnants d\u2019Europe \u2013 tout commence avec un seul billet.<\/p>\n<h2>Qu\u2019est-ce qui rend EuroMillions Autriche unique ?<\/h2>\n<p>Si vous connaissez le ph\u00e9nom\u00e8ne mondial EuroMillions, vous vous demandez peut-\u00eatre ce qui distingue la version EU \u2013 en particulier EuroMillions Autriche \u2013 de son homologue britannique. La r\u00e9ponse se trouve dans les d\u00e9tails, et pour les passionn\u00e9s de loterie, ces d\u00e9tails comptent.<\/p>\n<p><img loading=\"lazy\" decoding=\"async\" class=\"alignleft wp-image-268094\" src=\"https:\/\/lottomat.com\/wp-content\/uploads\/2026\/01\/EuroMillions-Austria-online.webp\" alt=\"EuroMillions Autriche en ligne\" width=\"200\" height=\"200\" srcset=\"https:\/\/lottomat.com\/wp-content\/uploads\/2026\/01\/EuroMillions-Austria-online.webp 400w, https:\/\/lottomat.com\/wp-content\/uploads\/2026\/01\/EuroMillions-Austria-online-300x300.webp 300w, https:\/\/lottomat.com\/wp-content\/uploads\/2026\/01\/EuroMillions-Austria-online-150x150.webp 150w, https:\/\/lottomat.com\/wp-content\/uploads\/2026\/01\/EuroMillions-Austria-online-100x100.webp 100w\" sizes=\"auto, (max-width: 200px) 100vw, 200px\" \/>Euromillions EU suit le <a href=\"https:\/\/lottomat.com\/fr\/loterie\/euromillions\/\">format classique EuroMillions<\/a>, mais les billets sont achet\u00e9s et les gains sont vers\u00e9s selon les r\u00e8gles et la fiscalit\u00e9 autrichiennes. Cela implique souvent des structures de paiement diff\u00e9rentes et parfois des conditions fiscales plus avantageuses pour les gagnants, selon votre pays de r\u00e9sidence. Contrairement \u00e0 la version britannique, o\u00f9 les billets sont achet\u00e9s en livres sterling et soumis \u00e0 la r\u00e9glementation du Royaume-Uni, EuroMillions Autriche fonctionne en euros et respecte la l\u00e9gislation autrichienne sur les jeux. Cela peut faire une diff\u00e9rence non seulement dans la fa\u00e7on dont vous jouez, mais aussi dans le montant que vous emporterez r\u00e9ellement en cas de gain.<\/p>\n<p>Une autre diff\u00e9rence notable r\u00e9side dans les jeux additionnels et tombolas qui accompagnent parfois les tirages EuroMillions UK, comme le UK Millionaire Maker. Bien que ceux-ci soient r\u00e9serv\u00e9s aux participants britanniques, jouer via Euromillions EU signifie faire partie d\u2019une v\u00e9ritable exp\u00e9rience paneurop\u00e9enne, en partageant l\u2019excitation avec des joueurs d\u2019Autriche, d\u2019Espagne, de France, du Portugal, de Belgique, d\u2019Irlande, du Luxembourg et de Suisse. Le sentiment de communaut\u00e9 et l\u2019ampleur du jeu font de chaque tirage un \u00e9v\u00e9nement v\u00e9ritablement international.<\/p>\n<h2>Le rythme de l\u2019excitation \u2013 quand ont lieu les tirages ?<\/h2>\n<p>Euromillions EU entretient l\u2019excitation avec deux tirages par semaine, organis\u00e9s chaque mardi et vendredi soir. Ce rythme r\u00e9gulier signifie que l\u2019opportunit\u00e9 de changer votre vie n\u2019est jamais loin \u2013 seulement quelques jours s\u00e9parent chaque chance de devenir le prochain grand gagnant europ\u00e9en. L\u2019attente monte tout au long de la semaine, et chaque tirage marque un nouveau d\u00e9part, une nouvelle chance que la fortune frappe \u00e0 votre porte.<\/p>\n<p>Il y a quelque chose de magique \u00e0 savoir que deux fois par semaine, quelqu\u2019un, quelque part en Europe, verra ses num\u00e9ros sortir. Pourquoi pas vous ? Avec des tirages aussi fr\u00e9quents, Euromillions EU offre de nombreuses occasions de jouer, r\u00eaver et gagner.<\/p>\n<h2>Pourquoi jouer \u00e0 EuroMillions Autriche ? Le plaisir de viser grand<\/h2>\n<p>Le v\u00e9ritable attrait de Euromillions EU r\u00e9side dans les possibilit\u00e9s de changer de vie qu\u2019il offre. Les jackpots atteignent r\u00e9guli\u00e8rement des montants vertigineux, d\u00e9passant parfois 200 millions d\u2019euros. Imaginez ce que vous pourriez faire avec un tel gain \u2013 voyager \u00e0 travers le monde, acheter la maison de vos r\u00eaves, assurer l\u2019avenir de votre famille ou soutenir les causes qui vous tiennent \u00e0 c\u0153ur. L\u2019horizon s\u2019\u00e9largit et la seule limite est votre imagination.<\/p>\n<p>Mais au-del\u00e0 des gains colossaux, il est profond\u00e9ment gratifiant de faire partie d\u2019une loterie aussi embl\u00e9matique. Chaque billet est une promesse d\u2019espoir, un petit investissement dans la conviction que la chance pourrait vous sourire la prochaine fois. L\u2019attente du tirage, le moment o\u00f9 vos num\u00e9ros sont annonc\u00e9s et la mont\u00e9e d\u2019adr\u00e9naline qui suit \u2013 c\u2019est une exp\u00e9rience qui apporte de l\u2019\u00e9motion au quotidien.<img loading=\"lazy\" decoding=\"async\" class=\"alignright wp-image-268125\" src=\"https:\/\/lottomat.com\/wp-content\/uploads\/2026\/01\/EuroMillions-Austria-tickets.webp\" alt=\"billets EuroMillions Autriche\" width=\"200\" height=\"200\" srcset=\"https:\/\/lottomat.com\/wp-content\/uploads\/2026\/01\/EuroMillions-Austria-tickets.webp 400w, https:\/\/lottomat.com\/wp-content\/uploads\/2026\/01\/EuroMillions-Austria-tickets-300x300.webp 300w, https:\/\/lottomat.com\/wp-content\/uploads\/2026\/01\/EuroMillions-Austria-tickets-150x150.webp 150w, https:\/\/lottomat.com\/wp-content\/uploads\/2026\/01\/EuroMillions-Austria-tickets-100x100.webp 100w\" sizes=\"auto, (max-width: 200px) 100vw, 200px\" \/><\/p>\n<p>Pour adopter pleinement le style de vie des joueurs de loterie, la r\u00e9gularit\u00e9 est essentielle. Les joueurs les plus avis\u00e9s savent que jouer r\u00e9guli\u00e8rement est la cl\u00e9 pour augmenter ses chances. Chaque tirage manqu\u00e9 est une opportunit\u00e9 perdue, alors faites-en une habitude \u2013 achetez vos billets, choisissez vos num\u00e9ros, consultez les <a href=\"https:\/\/lottomat.com\/fr\/jouer\/euromillions\/\">r\u00e9sultats officiels EuroMillions Autriche<\/a> et restez dans la course. Apr\u00e8s tout, on ne peut pas gagner si l\u2019on ne joue pas, et vous ne savez jamais quand votre jour de chance arrivera.<\/p>\n<h2>Plus que Euromillions \u2013 le monde vous attend sur Lottomat<\/h2>\n<p>Bien que Euromillions EU et sa version britannique figurent parmi <a href=\"https:\/\/lottomat.com\/fr\/jouer\/\">les loteries les plus populaires d\u2019Europe<\/a>, elles ne sont qu\u2019un d\u00e9but de ce que Lottomat peut vous offrir. Notre plateforme met le monde entier des loteries \u00e0 port\u00e9e de main \u2013 du puissant Powerball et <a href=\"https:\/\/lottomat.com\/fr\/jouer\/megamillions\/\">Mega Millions<\/a> aux \u00c9tats-Unis, au <a href=\"https:\/\/lottomat.com\/fr\/jouer\/superenalotto\/\">SuperEnalotto<\/a> italien, en passant par El Gordo en Espagne et bien d\u2019autres encore. Chaque loterie poss\u00e8de sa propre identit\u00e9, ses probabilit\u00e9s et ses jackpots, vous offrant d\u2019innombrables fa\u00e7ons de jouer et de gagner.<\/p>\n<p>Jouer \u00e0 plusieurs loteries est une strat\u00e9gie adopt\u00e9e par de nombreux joueurs exp\u00e9riment\u00e9s. En diversifiant vos mises, vous \u00e9largissez non seulement vos horizons, mais augmentez \u00e9galement consid\u00e9rablement vos chances de d\u00e9crocher un gain important. Chaque billet est une nouvelle opportunit\u00e9, chaque tirage une nouvelle aventure. Sur Lottomat, vous avez la libert\u00e9 d\u2019explorer, d\u2019exp\u00e9rimenter et de trouver les jeux qui correspondent le mieux \u00e0 votre soif d\u2019\u00e9motion.<\/p>\n<p>Le monde des loteries regorge d\u2019histoires \u2013 celles de personnes ordinaires dont la vie a chang\u00e9 en un instant, de r\u00eaves devenus r\u00e9alit\u00e9 et de destins r\u00e9\u00e9crits. \u00c0 chaque billet achet\u00e9, vous rejoignez cette communaut\u00e9 mondiale de r\u00eaveurs et de gagnants. La prochaine histoire pourrait \u00eatre la v\u00f4tre.<\/p>\n<h2>Votre voyage vers la fortune commence ici<\/h2>\n<p><img loading=\"lazy\" decoding=\"async\" class=\"alignleft wp-image-268155\" src=\"https:\/\/lottomat.com\/wp-content\/uploads\/2026\/01\/play-EuroMillions-Austria.webp\" alt=\"jouez \u00e0 EuroMillions Autriche\" width=\"200\" height=\"200\" srcset=\"https:\/\/lottomat.com\/wp-content\/uploads\/2026\/01\/play-EuroMillions-Austria.webp 400w, https:\/\/lottomat.com\/wp-content\/uploads\/2026\/01\/play-EuroMillions-Austria-300x300.webp 300w, https:\/\/lottomat.com\/wp-content\/uploads\/2026\/01\/play-EuroMillions-Austria-150x150.webp 150w, https:\/\/lottomat.com\/wp-content\/uploads\/2026\/01\/play-EuroMillions-Austria-100x100.webp 100w\" sizes=\"auto, (max-width: 200px) 100vw, 200px\" \/>Euromillions EU est bien plus qu\u2019un jeu \u2013 c\u2019est une porte ouverte vers un avenir plus radieux. L\u2019excitation de l\u2019attente, la joie des possibilit\u00e9s et la chance de devenir l\u2019un des plus grands gagnants d\u2019Europe sont \u00e0 votre port\u00e9e. Que vous jouiez pour la premi\u00e8re fois ou que vous soyez un passionn\u00e9 de longue date, il n\u2019y a pas de meilleur moment pour vous lancer.<\/p>\n<p>Rappelez-vous, la cl\u00e9 de la victoire est la participation. Plus vous jouez, plus vous augmentez vos chances de rejoindre le cercle des chanceux dont la vie a \u00e9t\u00e9 transform\u00e9e par un seul billet. Ne laissez pas passer un autre tirage \u2013 saisissez votre chance, vibrez au rythme de l\u2019excitation et laissez Euromillions EU ouvrir les portes de la vie dont vous avez toujours r\u00eav\u00e9.<\/p>\n<p>Et si vous souhaitez multiplier encore vos chances, explorez la riche s\u00e9lection de loteries internationales sur Lottomat. Chaque jeu est une nouvelle possibilit\u00e9, un nouvel horizon et une nouvelle raison de croire que la fortune sourit aux audacieux. Votre aventure commence maintenant \u2013 \u00eates-vous pr\u00eat \u00e0 jouer ?<\/p>\n","protected":false},"excerpt":{"rendered":"<p>D\u00e9couvrez l\u2019excitation de Euromillions EU \u2013 la voie autrichienne vers les grands gains Imaginez-vous vous r\u00e9veiller dans une vie o\u00f9 tous vos r\u00eaves sont \u00e0 port\u00e9e de main, o\u00f9 les num\u00e9ros que vous avez choisis hier soir ont transform\u00e9 votre avenir \u00e0 jamais. Voil\u00e0 l\u2019\u00e9motion qui attend chaque participant de Euromillions EU, \u00e9galement connu sous [&hellip;]<\/p>\n","protected":false},"author":11,"featured_media":0,"parent":6768,"menu_order":0,"comment_status":"closed","ping_status":"closed","template":"euromillions-at.php","meta":{"_et_pb_use_builder":"","_et_pb_old_content":"","_et_gb_content_width":"","exclude_from_search":false,"footnotes":""},"class_list":["post-272390","page","type-page","status-publish","hentry"],"yoast_head":"<!-- This site is optimized with the Yoast SEO plugin v23.8 - https:\/\/yoast.com\/wordpress\/plugins\/seo\/ -->\n<title>EuroMillions Autriche en ligne - Achetez des billets - Lottomat<\/title>\n<meta name=\"description\" content=\"Jouez \u00e0 EuroMillions Autriche en ligne sur Lottomat. Ici, vous pouvez acheter des billets EuroMillions Autriche en ligne pour le prochain tirage.\" \/>\n<meta name=\"robots\" content=\"index, follow, max-snippet:-1, max-image-preview:large, max-video-preview:-1\" \/>\n<link rel=\"canonical\" href=\"https:\/\/lottomat.com\/fr\/jouer\/euromillions-eu\/\" \/>\n<meta property=\"og:locale\" content=\"fr_FR\" \/>\n<meta property=\"og:type\" content=\"article\" \/>\n<meta property=\"og:title\" content=\"EuroMillions Autriche en ligne - Achetez des billets - Lottomat\" \/>\n<meta property=\"og:description\" content=\"Jouez \u00e0 EuroMillions Autriche en ligne sur Lottomat. Ici, vous pouvez acheter des billets EuroMillions Autriche en ligne pour le prochain tirage.\" \/>\n<meta property=\"og:url\" content=\"https:\/\/lottomat.com\/fr\/jouer\/euromillions-eu\/\" \/>\n<meta property=\"og:site_name\" content=\"Lottomat\" \/>\n<meta property=\"article:modified_time\" content=\"2026-03-02T20:34:26+00:00\" \/>\n<meta property=\"og:image\" content=\"https:\/\/lottomat.com\/wp-content\/uploads\/2026\/01\/Austrian-EuroMillions.webp\" \/>\n\t<meta property=\"og:image:width\" content=\"400\" \/>\n\t<meta property=\"og:image:height\" content=\"400\" \/>\n\t<meta property=\"og:image:type\" content=\"image\/webp\" \/>\n<meta name=\"twitter:card\" content=\"summary_large_image\" \/>\n<meta name=\"twitter:label1\" content=\"Dur\u00e9e de lecture estim\u00e9e\" \/>\n\t<meta name=\"twitter:data1\" content=\"6 minutes\" \/>\n<script type=\"application\/ld+json\" class=\"yoast-schema-graph\">{\"@context\":\"https:\/\/schema.org\",\"@graph\":[{\"@type\":\"WebPage\",\"@id\":\"https:\/\/lottomat.com\/fr\/jouer\/euromillions-eu\/\",\"url\":\"https:\/\/lottomat.com\/fr\/jouer\/euromillions-eu\/\",\"name\":\"EuroMillions Autriche en ligne - Achetez des billets - Lottomat\",\"isPartOf\":{\"@id\":\"https:\/\/lottomat.com\/fr\/#website\"},\"primaryImageOfPage\":{\"@id\":\"https:\/\/lottomat.com\/fr\/jouer\/euromillions-eu\/#primaryimage\"},\"image\":{\"@id\":\"https:\/\/lottomat.com\/fr\/jouer\/euromillions-eu\/#primaryimage\"},\"thumbnailUrl\":\"https:\/\/lottomat.com\/wp-content\/uploads\/2026\/01\/Austrian-EuroMillions.webp\",\"datePublished\":\"2025-05-18T16:39:08+00:00\",\"dateModified\":\"2026-03-02T20:34:26+00:00\",\"description\":\"Jouez \u00e0 EuroMillions Autriche en ligne sur Lottomat. Ici, vous pouvez acheter des billets EuroMillions Autriche en ligne pour le prochain tirage.\",\"breadcrumb\":{\"@id\":\"https:\/\/lottomat.com\/fr\/jouer\/euromillions-eu\/#breadcrumb\"},\"inLanguage\":\"fr-FR\",\"potentialAction\":[{\"@type\":\"ReadAction\",\"target\":[\"https:\/\/lottomat.com\/fr\/jouer\/euromillions-eu\/\"]}]},{\"@type\":\"ImageObject\",\"inLanguage\":\"fr-FR\",\"@id\":\"https:\/\/lottomat.com\/fr\/jouer\/euromillions-eu\/#primaryimage\",\"url\":\"https:\/\/lottomat.com\/wp-content\/uploads\/2026\/01\/Austrian-EuroMillions.webp\",\"contentUrl\":\"https:\/\/lottomat.com\/wp-content\/uploads\/2026\/01\/Austrian-EuroMillions.webp\"},{\"@type\":\"BreadcrumbList\",\"@id\":\"https:\/\/lottomat.com\/fr\/jouer\/euromillions-eu\/#breadcrumb\",\"itemListElement\":[{\"@type\":\"ListItem\",\"position\":1,\"name\":\"Home\",\"item\":\"https:\/\/lottomat.com\/fr\/\"},{\"@type\":\"ListItem\",\"position\":2,\"name\":\"Jouer \u00e0 la loterie\",\"item\":\"https:\/\/lottomat.com\/fr\/jouer\/\"},{\"@type\":\"ListItem\",\"position\":3,\"name\":\"Euromillions EU en ligne &#8211; billets EuroMillions Autriche\"}]},{\"@type\":\"WebSite\",\"@id\":\"https:\/\/lottomat.com\/fr\/#website\",\"url\":\"https:\/\/lottomat.com\/fr\/\",\"name\":\"Lottomat\",\"description\":\"\",\"potentialAction\":[{\"@type\":\"SearchAction\",\"target\":{\"@type\":\"EntryPoint\",\"urlTemplate\":\"https:\/\/lottomat.com\/fr\/?s={search_term_string}\"},\"query-input\":{\"@type\":\"PropertyValueSpecification\",\"valueRequired\":true,\"valueName\":\"search_term_string\"}}],\"inLanguage\":\"fr-FR\"}]}<\/script>\n<!-- \/ Yoast SEO plugin. -->","yoast_head_json":{"title":"EuroMillions Autriche en ligne - Achetez des billets - Lottomat","description":"Jouez \u00e0 EuroMillions Autriche en ligne sur Lottomat. Ici, vous pouvez acheter des billets EuroMillions Autriche en ligne pour le prochain tirage.","robots":{"index":"index","follow":"follow","max-snippet":"max-snippet:-1","max-image-preview":"max-image-preview:large","max-video-preview":"max-video-preview:-1"},"canonical":"https:\/\/lottomat.com\/fr\/jouer\/euromillions-eu\/","og_locale":"fr_FR","og_type":"article","og_title":"EuroMillions Autriche en ligne - Achetez des billets - Lottomat","og_description":"Jouez \u00e0 EuroMillions Autriche en ligne sur Lottomat. Ici, vous pouvez acheter des billets EuroMillions Autriche en ligne pour le prochain tirage.","og_url":"https:\/\/lottomat.com\/fr\/jouer\/euromillions-eu\/","og_site_name":"Lottomat","article_modified_time":"2026-03-02T20:34:26+00:00","og_image":[{"width":400,"height":400,"url":"https:\/\/lottomat.com\/wp-content\/uploads\/2026\/01\/Austrian-EuroMillions.webp","type":"image\/webp"}],"twitter_card":"summary_large_image","twitter_misc":{"Dur\u00e9e de lecture estim\u00e9e":"6 minutes"},"schema":{"@context":"https:\/\/schema.org","@graph":[{"@type":"WebPage","@id":"https:\/\/lottomat.com\/fr\/jouer\/euromillions-eu\/","url":"https:\/\/lottomat.com\/fr\/jouer\/euromillions-eu\/","name":"EuroMillions Autriche en ligne - Achetez des billets - Lottomat","isPartOf":{"@id":"https:\/\/lottomat.com\/fr\/#website"},"primaryImageOfPage":{"@id":"https:\/\/lottomat.com\/fr\/jouer\/euromillions-eu\/#primaryimage"},"image":{"@id":"https:\/\/lottomat.com\/fr\/jouer\/euromillions-eu\/#primaryimage"},"thumbnailUrl":"https:\/\/lottomat.com\/wp-content\/uploads\/2026\/01\/Austrian-EuroMillions.webp","datePublished":"2025-05-18T16:39:08+00:00","dateModified":"2026-03-02T20:34:26+00:00","description":"Jouez \u00e0 EuroMillions Autriche en ligne sur Lottomat. Ici, vous pouvez acheter des billets EuroMillions Autriche en ligne pour le prochain tirage.","breadcrumb":{"@id":"https:\/\/lottomat.com\/fr\/jouer\/euromillions-eu\/#breadcrumb"},"inLanguage":"fr-FR","potentialAction":[{"@type":"ReadAction","target":["https:\/\/lottomat.com\/fr\/jouer\/euromillions-eu\/"]}]},{"@type":"ImageObject","inLanguage":"fr-FR","@id":"https:\/\/lottomat.com\/fr\/jouer\/euromillions-eu\/#primaryimage","url":"https:\/\/lottomat.com\/wp-content\/uploads\/2026\/01\/Austrian-EuroMillions.webp","contentUrl":"https:\/\/lottomat.com\/wp-content\/uploads\/2026\/01\/Austrian-EuroMillions.webp"},{"@type":"BreadcrumbList","@id":"https:\/\/lottomat.com\/fr\/jouer\/euromillions-eu\/#breadcrumb","itemListElement":[{"@type":"ListItem","position":1,"name":"Home","item":"https:\/\/lottomat.com\/fr\/"},{"@type":"ListItem","position":2,"name":"Jouer \u00e0 la loterie","item":"https:\/\/lottomat.com\/fr\/jouer\/"},{"@type":"ListItem","position":3,"name":"Euromillions EU en ligne &#8211; billets EuroMillions Autriche"}]},{"@type":"WebSite","@id":"https:\/\/lottomat.com\/fr\/#website","url":"https:\/\/lottomat.com\/fr\/","name":"Lottomat","description":"","potentialAction":[{"@type":"SearchAction","target":{"@type":"EntryPoint","urlTemplate":"https:\/\/lottomat.com\/fr\/?s={search_term_string}"},"query-input":{"@type":"PropertyValueSpecification","valueRequired":true,"valueName":"search_term_string"}}],"inLanguage":"fr-FR"}]}},"_links":{"self":[{"href":"https:\/\/lottomat.com\/fr\/wp-json\/wp\/v2\/pages\/272390","targetHints":{"allow":["GET"]}}],"collection":[{"href":"https:\/\/lottomat.com\/fr\/wp-json\/wp\/v2\/pages"}],"about":[{"href":"https:\/\/lottomat.com\/fr\/wp-json\/wp\/v2\/types\/page"}],"author":[{"embeddable":true,"href":"https:\/\/lottomat.com\/fr\/wp-json\/wp\/v2\/users\/11"}],"replies":[{"embeddable":true,"href":"https:\/\/lottomat.com\/fr\/wp-json\/wp\/v2\/comments?post=272390"}],"version-history":[{"count":2,"href":"https:\/\/lottomat.com\/fr\/wp-json\/wp\/v2\/pages\/272390\/revisions"}],"predecessor-version":[{"id":272395,"href":"https:\/\/lottomat.com\/fr\/wp-json\/wp\/v2\/pages\/272390\/revisions\/272395"}],"up":[{"embeddable":true,"href":"https:\/\/lottomat.com\/fr\/wp-json\/wp\/v2\/pages\/6768"}],"wp:attachment":[{"href":"https:\/\/lottomat.com\/fr\/wp-json\/wp\/v2\/media?parent=272390"}],"curies":[{"name":"wp","href":"https:\/\/api.w.org\/{rel}","templated":true}]}}