{"id":237797,"date":"2025-04-07T19:24:29","date_gmt":"2025-04-07T19:24:29","guid":{"rendered":"https:\/\/lottomat.net\/resultats-de-loterie\/resultats-du-mega-millions\/"},"modified":"2025-11-11T16:27:03","modified_gmt":"2025-11-11T16:27:03","slug":"mega-millions","status":"publish","type":"page","link":"https:\/\/lottomat.com\/fr\/resultats\/mega-millions\/","title":{"rendered":"R\u00e9sultats Mega Millions et Num\u00e9ros Gagnants"},"content":{"rendered":"\n\n<div class=\"kk-star-ratings kksr-auto kksr-align-left kksr-valign-top\"\n    data-payload='{&quot;align&quot;:&quot;left&quot;,&quot;id&quot;:&quot;237797&quot;,&quot;slug&quot;:&quot;default&quot;,&quot;valign&quot;:&quot;top&quot;,&quot;ignore&quot;:&quot;&quot;,&quot;reference&quot;:&quot;auto&quot;,&quot;class&quot;:&quot;&quot;,&quot;count&quot;:&quot;0&quot;,&quot;legendonly&quot;:&quot;&quot;,&quot;readonly&quot;:&quot;&quot;,&quot;score&quot;:&quot;0&quot;,&quot;starsonly&quot;:&quot;&quot;,&quot;best&quot;:&quot;5&quot;,&quot;gap&quot;:&quot;5&quot;,&quot;greet&quot;:&quot;Rate this page&quot;,&quot;legend&quot;:&quot;0\\\/5 - (0 vote)&quot;,&quot;size&quot;:&quot;30&quot;,&quot;title&quot;:&quot;R\u00e9sultats Mega Millions et Num\u00e9ros Gagnants&quot;,&quot;width&quot;:&quot;0&quot;,&quot;_legend&quot;:&quot;{score}\\\/{best} - ({count} {votes})&quot;,&quot;font_factor&quot;:&quot;1.25&quot;}'>\n            \n<div class=\"kksr-stars\">\n    \n<div class=\"kksr-stars-inactive\">\n            <div class=\"kksr-star\" data-star=\"1\" style=\"padding-right: 5px\">\n            \n\n<div class=\"kksr-icon\" style=\"width: 30px; height: 30px;\"><\/div>\n        <\/div>\n            <div class=\"kksr-star\" data-star=\"2\" style=\"padding-right: 5px\">\n            \n\n<div class=\"kksr-icon\" style=\"width: 30px; height: 30px;\"><\/div>\n        <\/div>\n            <div class=\"kksr-star\" data-star=\"3\" style=\"padding-right: 5px\">\n            \n\n<div class=\"kksr-icon\" style=\"width: 30px; height: 30px;\"><\/div>\n        <\/div>\n            <div class=\"kksr-star\" data-star=\"4\" style=\"padding-right: 5px\">\n            \n\n<div class=\"kksr-icon\" style=\"width: 30px; height: 30px;\"><\/div>\n        <\/div>\n            <div class=\"kksr-star\" data-star=\"5\" style=\"padding-right: 5px\">\n            \n\n<div class=\"kksr-icon\" style=\"width: 30px; height: 30px;\"><\/div>\n        <\/div>\n    <\/div>\n    \n<div class=\"kksr-stars-active\" style=\"width: 0px;\">\n            <div class=\"kksr-star\" style=\"padding-right: 5px\">\n            \n\n<div class=\"kksr-icon\" style=\"width: 30px; height: 30px;\"><\/div>\n        <\/div>\n            <div class=\"kksr-star\" style=\"padding-right: 5px\">\n            \n\n<div class=\"kksr-icon\" style=\"width: 30px; height: 30px;\"><\/div>\n        <\/div>\n            <div class=\"kksr-star\" style=\"padding-right: 5px\">\n            \n\n<div class=\"kksr-icon\" style=\"width: 30px; height: 30px;\"><\/div>\n        <\/div>\n            <div class=\"kksr-star\" style=\"padding-right: 5px\">\n            \n\n<div class=\"kksr-icon\" style=\"width: 30px; height: 30px;\"><\/div>\n        <\/div>\n            <div class=\"kksr-star\" style=\"padding-right: 5px\">\n            \n\n<div class=\"kksr-icon\" style=\"width: 30px; height: 30px;\"><\/div>\n        <\/div>\n    <\/div>\n<\/div>\n                \n\n<div class=\"kksr-legend\" style=\"font-size: 24px;\">\n            <span class=\"kksr-muted\">Rate this page<\/span>\n    <\/div>\n    <\/div>\n<p>Les tickets Mega Millions sont achet\u00e9s, les num\u00e9ros gagnants Mega Millions sont s\u00e9lectionn\u00e9s, et vous vous concentrez simplement sur des projets heureux et des r\u00eaves qui pourraient se r\u00e9aliser si vous rejoignez le cercle des millionnaires. Il n\u2019y a rien de mal \u00e0 cela \u2014 nous avons tous nos r\u00eaves. Il est probable que les pens\u00e9es de chaque joueur tournent autour de la victoire avant m\u00eame de d\u00e9couvrir les r\u00e9sultats du tirage Mega Millions, et <strong>Mega Millions est un jeu qui peut vraiment offrir beaucoup<\/strong>.<\/p>\n<h2>Est-il Possible de Gagner avec les Num\u00e9ros de Mega Millions ?<img loading=\"lazy\" decoding=\"async\" class=\"alignright wp-image-251955\" src=\"https:\/\/lottomat.com\/wp-content\/uploads\/2025\/10\/Mega-Millions-winning-numbers.webp\" alt=\"Num\u00e9ros gagnants Mega Millions\" width=\"200\" height=\"200\" srcset=\"https:\/\/lottomat.com\/wp-content\/uploads\/2025\/10\/Mega-Millions-winning-numbers.webp 400w, https:\/\/lottomat.com\/wp-content\/uploads\/2025\/10\/Mega-Millions-winning-numbers-300x300.webp 300w, https:\/\/lottomat.com\/wp-content\/uploads\/2025\/10\/Mega-Millions-winning-numbers-150x150.webp 150w, https:\/\/lottomat.com\/wp-content\/uploads\/2025\/10\/Mega-Millions-winning-numbers-100x100.webp 100w\" sizes=\"auto, (max-width: 200px) 100vw, 200px\" \/><\/h2>\n<p>Tant que vous ne <a href=\"https:\/\/lottomat.com\/fr\/resultats\/\">v\u00e9rifiez pas les r\u00e9sultats actuels du tirage de la loterie<\/a>, vous pouvez r\u00eaver, mais seul le tirage des num\u00e9ros que vous avez choisis peut transformer ce beau r\u00eave en r\u00e9alit\u00e9. Il n\u2019y a donc aucune raison d\u2019attendre \u2013 jouez et v\u00e9rifiez. Tout ce que vous avez \u00e0 faire apr\u00e8s le tirage, c\u2019est de <a href=\"https:\/\/lottomat.com\/fr\/\">visiter le site Lottomat<\/a> sur la page des r\u00e9sultats Mega Millions et voir quels num\u00e9ros ont gagn\u00e9 lors de ce tirage particulier. S\u2019ils correspondent \u00e0 votre ticket, cela signifie que vous faites partie des gagnants des <a href=\"https:\/\/lottomat.com\/fr\/loterie\/mega-millions\/\">prix et du jackpot Mega Millions<\/a>. <strong>Le tirage Mega Millions a lieu r\u00e9guli\u00e8rement deux fois par semaine, chaque mercredi et samedi \u00e0 03h00 UTC<\/strong>. Nous publions les r\u00e9sultats actuels de Mega Millions en ligne imm\u00e9diatement apr\u00e8s la fin du tirage, et ils proviennent des sources officielles de la loterie, ce qui les rend 100 % v\u00e9rifi\u00e9s et fiables. La seule chose \u00e0 ne pas oublier est d\u2019ajuster l\u2019heure \u00e0 votre fuseau horaire local.<\/p>\n<h2>Comment V\u00e9rifier les R\u00e9sultats Mega Millions d\u2019Aujourd\u2019hui ?<\/h2>\n<p><strong>Les r\u00e9sultats actuels de Mega Millions sont disponibles sur le site Lottomat imm\u00e9diatement apr\u00e8s chaque tirage<\/strong>. Tous les r\u00e9sultats publi\u00e9s proviennent directement de sources officielles de la loterie, garantissant une pr\u00e9cision et une fiabilit\u00e9 totales. Vous pouvez acc\u00e9der aux derniers num\u00e9ros gagnants en visitant notre page d\u00e9di\u00e9e aux r\u00e9sultats Mega Millions. Les r\u00e9sultats sont mis \u00e0 jour en temps r\u00e9el apr\u00e8s chaque tirage, de sorte que vous ayez toujours les informations les plus r\u00e9centes. Il vous suffit de vous rendre dans la section des r\u00e9sultats pour d\u00e9couvrir si vos num\u00e9ros ont fait de vous le prochain gagnant du Mega Millions.<\/p>\n<h2><img loading=\"lazy\" decoding=\"async\" class=\"alignleft wp-image-251985\" src=\"https:\/\/lottomat.com\/wp-content\/uploads\/2025\/10\/Mega-Millions-results.webp\" alt=\"R\u00e9sultats Mega Millions\" width=\"200\" height=\"200\" srcset=\"https:\/\/lottomat.com\/wp-content\/uploads\/2025\/10\/Mega-Millions-results.webp 400w, https:\/\/lottomat.com\/wp-content\/uploads\/2025\/10\/Mega-Millions-results-300x300.webp 300w, https:\/\/lottomat.com\/wp-content\/uploads\/2025\/10\/Mega-Millions-results-150x150.webp 150w, https:\/\/lottomat.com\/wp-content\/uploads\/2025\/10\/Mega-Millions-results-100x100.webp 100w\" sizes=\"auto, (max-width: 200px) 100vw, 200px\" \/>Comment V\u00e9rifier les R\u00e9sultats Historiques de Mega Millions et les Num\u00e9ros Gagnants ?<\/h2>\n<p>Nous savons combien les r\u00e9sultats archiv\u00e9s des loteries sont importants pour beaucoup d\u2019entre nous, car certains joueurs \u00e9laborent leur strat\u00e9gie pour les tirages suivants \u00e0 partir de ces donn\u00e9es. Pour les consulter, il vous suffit d\u2019aller sur notre calendrier des r\u00e9sultats. Il est disponible en haut \u00e0 droite. Apr\u00e8s avoir cliqu\u00e9 sur une date, vous pouvez librement passer \u00e0 d\u2019autres p\u00e9riodes. <strong>Vous pouvez y v\u00e9rifier les num\u00e9ros gagnants de Mega Millions tir\u00e9s ces derni\u00e8res semaines et voir \u00e0 quel point il est important d\u2019avoir une s\u00e9lection vari\u00e9e de num\u00e9ros sur vos tickets<\/strong>.<\/p>\n<h2>Comment Utiliser l\u2019Archive des Num\u00e9ros Gagnants Mega Millions ?<\/h2>\n<p>L\u2019archive historique des r\u00e9sultats Mega Millions est un outil pr\u00e9cieux pour les joueurs qui souhaitent analyser les tendances et d\u00e9velopper leurs strat\u00e9gies de jeu. En \u00e9tudiant les tirages pass\u00e9s, vous pouvez identifier les tendances de fr\u00e9quence des num\u00e9ros et prendre des d\u00e9cisions plus \u00e9clair\u00e9es quant \u00e0 votre s\u00e9lection. <strong>L\u2019archive vous permet de suivre quels num\u00e9ros sont apparus fr\u00e9quemment ensemble, vous aidant \u00e0 comprendre les sch\u00e9mas du jeu au fil du temps<\/strong>. De nombreux joueurs exp\u00e9riment\u00e9s utilisent ces donn\u00e9es historiques pour cr\u00e9er des approches syst\u00e9matiques de s\u00e9lection des num\u00e9ros, bien qu\u2019il soit important de se rappeler que chaque tirage est ind\u00e9pendant et al\u00e9atoire. L\u2019archive fournit un aper\u00e7u des combinaisons de num\u00e9ros qui ont \u00e9t\u00e9 tir\u00e9es plusieurs fois, vous offrant une base pour cr\u00e9er votre propre m\u00e9thodologie de s\u00e9lection. Cependant, les performances pass\u00e9es ne garantissent pas les r\u00e9sultats futurs dans les jeux de loterie.<\/p>\n<h2>Quels Sont les Num\u00e9ros les Plus Tir\u00e9s dans Mega Millions ?<img loading=\"lazy\" decoding=\"async\" class=\"alignright wp-image-252015\" src=\"https:\/\/lottomat.com\/wp-content\/uploads\/2025\/10\/drawing-results.webp\" alt=\"r\u00e9sultats du tirage\" width=\"200\" height=\"200\" srcset=\"https:\/\/lottomat.com\/wp-content\/uploads\/2025\/10\/drawing-results.webp 400w, https:\/\/lottomat.com\/wp-content\/uploads\/2025\/10\/drawing-results-300x300.webp 300w, https:\/\/lottomat.com\/wp-content\/uploads\/2025\/10\/drawing-results-150x150.webp 150w, https:\/\/lottomat.com\/wp-content\/uploads\/2025\/10\/drawing-results-100x100.webp 100w\" sizes=\"auto, (max-width: 200px) 100vw, 200px\" \/><\/h2>\n<p>Nous avons d\u00e9j\u00e0 mentionn\u00e9 la pr\u00e9paration d\u2019une bonne strat\u00e9gie en utilisant les num\u00e9ros tir\u00e9s pr\u00e9c\u00e9demment, mais il existe un soutien tout aussi utile sous forme de statistiques concernant certains num\u00e9ros. Il s\u2019av\u00e8re qu\u2019il y a des num\u00e9ros qui sont tir\u00e9s beaucoup plus souvent que d\u2019autres. Sur le site Lottomat, vous trouverez toutes ces informations pour chaque loterie. <strong>Les num\u00e9ros les plus tir\u00e9s pour Mega Millions sont : 29, 4, 48 et 36<\/strong>. Le num\u00e9ro 48 a d\u00e9j\u00e0 \u00e9t\u00e9 tir\u00e9 80 fois depuis 2005. <strong>Quant au Mega Ball, les num\u00e9ros les plus tir\u00e9s sont : 35, 9, 36 et 7<\/strong>. Nous vous souhaitons uniquement les r\u00e9sultats Mega Millions les plus profitables !<\/p>\n<h2>Quels Sont les Num\u00e9ros les Moins Tir\u00e9s dans Mega Millions ?<\/h2>\n<p>Alors que certains num\u00e9ros apparaissent fr\u00e9quemment dans les tirages Mega Millions, d\u2019autres semblent \u00eatre tir\u00e9s moins souvent, ce que les joueurs appellent des \u00ab num\u00e9ros froids \u00bb. <strong>Ces num\u00e9ros moins souvent tir\u00e9s peuvent \u00eatre tout aussi pr\u00e9cieux pour cr\u00e9er une strat\u00e9gie de loterie \u00e9quilibr\u00e9e<\/strong>. Certains joueurs pr\u00e9f\u00e8rent inclure ces num\u00e9ros rares dans leurs s\u00e9lections, croyant que \u00ab leur tour viendra \u00bb. <strong>Les principaux num\u00e9ros les moins tir\u00e9s dans l\u2019histoire de Mega Millions incluent : 50, 51, 65, 66 et 67<\/strong>. Ces num\u00e9ros ont \u00e9t\u00e9 tir\u00e9s beaucoup moins souvent par rapport aux plus fr\u00e9quents, certains apparaissant seulement 66 \u00e0 84 fois dans toute l\u2019histoire du jeu. Parmi les num\u00e9ros Mega Ball, certains, comme le 15 et les num\u00e9ros plus \u00e9lev\u00e9s, ont tendance \u00e0 appara\u00eetre moins fr\u00e9quemment dans les tirages r\u00e9cents. Les principaux num\u00e9ros les moins tir\u00e9s comprennent historiquement plusieurs num\u00e9ros plus \u00e9lev\u00e9s de la plage disponible, bien que les num\u00e9ros sp\u00e9cifiques changent avec le temps \u00e0 mesure que de nouveaux tirages ont lieu. <strong>Le num\u00e9ro 50 se distingue comme l\u2019un des plus \u00ab froids \u00bb, ayant \u00e9t\u00e9 tir\u00e9 seulement 66 fois depuis le d\u00e9but du jeu<\/strong>. Il convient de noter que, dans un syst\u00e8me v\u00e9ritablement al\u00e9atoire, tous les num\u00e9ros ont la m\u00eame probabilit\u00e9 d\u2019\u00eatre tir\u00e9s \u00e0 chaque tirage, quelle que soit leur fr\u00e9quence historique.<\/p>\n<h2><img loading=\"lazy\" decoding=\"async\" class=\"alignleft wp-image-252045\" src=\"https:\/\/lottomat.com\/wp-content\/uploads\/2025\/10\/Mega-Millions-draw.webp\" alt=\"tirage Mega Millions\" width=\"200\" height=\"200\" srcset=\"https:\/\/lottomat.com\/wp-content\/uploads\/2025\/10\/Mega-Millions-draw.webp 400w, https:\/\/lottomat.com\/wp-content\/uploads\/2025\/10\/Mega-Millions-draw-300x300.webp 300w, https:\/\/lottomat.com\/wp-content\/uploads\/2025\/10\/Mega-Millions-draw-150x150.webp 150w, https:\/\/lottomat.com\/wp-content\/uploads\/2025\/10\/Mega-Millions-draw-100x100.webp 100w\" sizes=\"auto, (max-width: 200px) 100vw, 200px\" \/>Peut-on Pr\u00e9dire les R\u00e9sultats de Mega Millions ?<\/h2>\n<p>La question de savoir s\u2019il est possible de pr\u00e9dire les r\u00e9sultats de la loterie fascine les joueurs depuis des g\u00e9n\u00e9rations. <strong>Les tirages Mega Millions sont effectu\u00e9s \u00e0 l\u2019aide de m\u00e9thodes certifi\u00e9es de g\u00e9n\u00e9ration de nombres al\u00e9atoires, ce qui rend toute pr\u00e9diction v\u00e9ritablement impossible sur le plan math\u00e9matique<\/strong>. Chaque boule a une chance \u00e9gale d\u2019\u00eatre tir\u00e9e \u00e0 chaque tirage, quelle que soit la derni\u00e8re fois qu\u2019elle est apparue. Bien que l\u2019analyse statistique des r\u00e9sultats pass\u00e9s puisse r\u00e9v\u00e9ler des sch\u00e9mas et des fr\u00e9quences int\u00e9ressants, ces mod\u00e8les ne peuvent pas pr\u00e9dire de mani\u00e8re fiable les r\u00e9sultats futurs. La nature al\u00e9atoire des tirages signifie que toute combinaison de num\u00e9ros a la m\u00eame probabilit\u00e9 de gagner qu\u2019une autre, qu\u2019il s\u2019agisse d\u2019une s\u00e9quence 1-2-3-4-5 ou d\u2019un m\u00e9lange apparemment al\u00e9atoire de num\u00e9ros. <strong>La meilleure approche consiste \u00e0 <a href=\"https:\/\/lottomat.com\/fr\/jouer\/megamillions\/\">jouer \u00e0 Mega Millions en ligne<\/a> de mani\u00e8re responsable et \u00e0 se rappeler que les jeux de loterie sont con\u00e7us comme des jeux de hasard, et non de comp\u00e9tence ou de pr\u00e9diction<\/strong>.<\/p>\n","protected":false},"excerpt":{"rendered":"<p>Les tickets Mega Millions sont achet\u00e9s, les num\u00e9ros gagnants Mega Millions sont s\u00e9lectionn\u00e9s, et vous vous concentrez simplement sur des projets heureux et des r\u00eaves qui pourraient se r\u00e9aliser si vous rejoignez le cercle des millionnaires. Il n\u2019y a rien de mal \u00e0 cela \u2014 nous avons tous nos r\u00eaves. Il est probable que les [&hellip;]<\/p>\n","protected":false},"author":1,"featured_media":0,"parent":7408,"menu_order":2,"comment_status":"closed","ping_status":"closed","template":"megamillion-results.php","meta":{"_et_pb_use_builder":"","_et_pb_old_content":"","_et_gb_content_width":"","exclude_from_search":false,"footnotes":""},"class_list":["post-237797","page","type-page","status-publish","hentry"],"yoast_head":"<!-- This site is optimized with the Yoast SEO plugin v23.8 - https:\/\/yoast.com\/wordpress\/plugins\/seo\/ -->\n<title>R\u00e9sultats Mega Millions et Num\u00e9ros Gagnants - LottoMat<\/title>\n<meta name=\"description\" content=\"V\u00e9rifiez ici les derniers r\u00e9sultats de Mega Millions et les num\u00e9ros gagnants. D\u00e9couvrez quels num\u00e9ros ont \u00e9t\u00e9 tir\u00e9s lors du dernier tirage Mega Millions.\" \/>\n<meta name=\"robots\" content=\"index, follow, max-snippet:-1, max-image-preview:large, max-video-preview:-1\" \/>\n<link rel=\"canonical\" href=\"https:\/\/lottomat.com\/fr\/resultats\/mega-millions\/\" \/>\n<meta property=\"og:locale\" content=\"fr_FR\" \/>\n<meta property=\"og:type\" content=\"article\" \/>\n<meta property=\"og:title\" content=\"R\u00e9sultats Mega Millions et Num\u00e9ros Gagnants - LottoMat\" \/>\n<meta property=\"og:description\" content=\"V\u00e9rifiez ici les derniers r\u00e9sultats de Mega Millions et les num\u00e9ros gagnants. D\u00e9couvrez quels num\u00e9ros ont \u00e9t\u00e9 tir\u00e9s lors du dernier tirage Mega Millions.\" \/>\n<meta property=\"og:url\" content=\"https:\/\/lottomat.com\/fr\/resultats\/mega-millions\/\" \/>\n<meta property=\"og:site_name\" content=\"Lottomat\" \/>\n<meta property=\"article:modified_time\" content=\"2025-11-11T16:27:03+00:00\" \/>\n<meta property=\"og:image\" content=\"https:\/\/lottomat.com\/wp-content\/uploads\/2025\/10\/Mega-Millions-winning-numbers.webp\" \/>\n<meta name=\"twitter:card\" content=\"summary_large_image\" \/>\n<meta name=\"twitter:label1\" content=\"Dur\u00e9e de lecture estim\u00e9e\" \/>\n\t<meta name=\"twitter:data1\" content=\"6 minutes\" \/>\n<script type=\"application\/ld+json\" class=\"yoast-schema-graph\">{\"@context\":\"https:\/\/schema.org\",\"@graph\":[{\"@type\":\"WebPage\",\"@id\":\"https:\/\/lottomat.com\/fr\/resultats\/mega-millions\/\",\"url\":\"https:\/\/lottomat.com\/fr\/resultats\/mega-millions\/\",\"name\":\"R\u00e9sultats Mega Millions et Num\u00e9ros Gagnants - LottoMat\",\"isPartOf\":{\"@id\":\"https:\/\/lottomat.com\/fr\/#website\"},\"primaryImageOfPage\":{\"@id\":\"https:\/\/lottomat.com\/fr\/resultats\/mega-millions\/#primaryimage\"},\"image\":{\"@id\":\"https:\/\/lottomat.com\/fr\/resultats\/mega-millions\/#primaryimage\"},\"thumbnailUrl\":\"https:\/\/lottomat.com\/wp-content\/uploads\/2025\/10\/Mega-Millions-winning-numbers.webp\",\"datePublished\":\"2025-04-07T19:24:29+00:00\",\"dateModified\":\"2025-11-11T16:27:03+00:00\",\"description\":\"V\u00e9rifiez ici les derniers r\u00e9sultats de Mega Millions et les num\u00e9ros gagnants. D\u00e9couvrez quels num\u00e9ros ont \u00e9t\u00e9 tir\u00e9s lors du dernier tirage Mega Millions.\",\"breadcrumb\":{\"@id\":\"https:\/\/lottomat.com\/fr\/resultats\/mega-millions\/#breadcrumb\"},\"inLanguage\":\"fr-FR\",\"potentialAction\":[{\"@type\":\"ReadAction\",\"target\":[\"https:\/\/lottomat.com\/fr\/resultats\/mega-millions\/\"]}]},{\"@type\":\"ImageObject\",\"inLanguage\":\"fr-FR\",\"@id\":\"https:\/\/lottomat.com\/fr\/resultats\/mega-millions\/#primaryimage\",\"url\":\"https:\/\/lottomat.com\/wp-content\/uploads\/2025\/10\/Mega-Millions-winning-numbers.webp\",\"contentUrl\":\"https:\/\/lottomat.com\/wp-content\/uploads\/2025\/10\/Mega-Millions-winning-numbers.webp\"},{\"@type\":\"BreadcrumbList\",\"@id\":\"https:\/\/lottomat.com\/fr\/resultats\/mega-millions\/#breadcrumb\",\"itemListElement\":[{\"@type\":\"ListItem\",\"position\":1,\"name\":\"Home\",\"item\":\"https:\/\/lottomat.com\/fr\/\"},{\"@type\":\"ListItem\",\"position\":2,\"name\":\"Les derniers r\u00e9sultats de loterie et num\u00e9ros gagnants\",\"item\":\"https:\/\/lottomat.com\/fr\/resultats\/\"},{\"@type\":\"ListItem\",\"position\":3,\"name\":\"R\u00e9sultats Mega Millions et Num\u00e9ros Gagnants\"}]},{\"@type\":\"WebSite\",\"@id\":\"https:\/\/lottomat.com\/fr\/#website\",\"url\":\"https:\/\/lottomat.com\/fr\/\",\"name\":\"Lottomat\",\"description\":\"\",\"potentialAction\":[{\"@type\":\"SearchAction\",\"target\":{\"@type\":\"EntryPoint\",\"urlTemplate\":\"https:\/\/lottomat.com\/fr\/?s={search_term_string}\"},\"query-input\":{\"@type\":\"PropertyValueSpecification\",\"valueRequired\":true,\"valueName\":\"search_term_string\"}}],\"inLanguage\":\"fr-FR\"}]}<\/script>\n<!-- \/ Yoast SEO plugin. -->","yoast_head_json":{"title":"R\u00e9sultats Mega Millions et Num\u00e9ros Gagnants - LottoMat","description":"V\u00e9rifiez ici les derniers r\u00e9sultats de Mega Millions et les num\u00e9ros gagnants. D\u00e9couvrez quels num\u00e9ros ont \u00e9t\u00e9 tir\u00e9s lors du dernier tirage Mega Millions.","robots":{"index":"index","follow":"follow","max-snippet":"max-snippet:-1","max-image-preview":"max-image-preview:large","max-video-preview":"max-video-preview:-1"},"canonical":"https:\/\/lottomat.com\/fr\/resultats\/mega-millions\/","og_locale":"fr_FR","og_type":"article","og_title":"R\u00e9sultats Mega Millions et Num\u00e9ros Gagnants - LottoMat","og_description":"V\u00e9rifiez ici les derniers r\u00e9sultats de Mega Millions et les num\u00e9ros gagnants. D\u00e9couvrez quels num\u00e9ros ont \u00e9t\u00e9 tir\u00e9s lors du dernier tirage Mega Millions.","og_url":"https:\/\/lottomat.com\/fr\/resultats\/mega-millions\/","og_site_name":"Lottomat","article_modified_time":"2025-11-11T16:27:03+00:00","og_image":[{"url":"https:\/\/lottomat.com\/wp-content\/uploads\/2025\/10\/Mega-Millions-winning-numbers.webp"}],"twitter_card":"summary_large_image","twitter_misc":{"Dur\u00e9e de lecture estim\u00e9e":"6 minutes"},"schema":{"@context":"https:\/\/schema.org","@graph":[{"@type":"WebPage","@id":"https:\/\/lottomat.com\/fr\/resultats\/mega-millions\/","url":"https:\/\/lottomat.com\/fr\/resultats\/mega-millions\/","name":"R\u00e9sultats Mega Millions et Num\u00e9ros Gagnants - LottoMat","isPartOf":{"@id":"https:\/\/lottomat.com\/fr\/#website"},"primaryImageOfPage":{"@id":"https:\/\/lottomat.com\/fr\/resultats\/mega-millions\/#primaryimage"},"image":{"@id":"https:\/\/lottomat.com\/fr\/resultats\/mega-millions\/#primaryimage"},"thumbnailUrl":"https:\/\/lottomat.com\/wp-content\/uploads\/2025\/10\/Mega-Millions-winning-numbers.webp","datePublished":"2025-04-07T19:24:29+00:00","dateModified":"2025-11-11T16:27:03+00:00","description":"V\u00e9rifiez ici les derniers r\u00e9sultats de Mega Millions et les num\u00e9ros gagnants. D\u00e9couvrez quels num\u00e9ros ont \u00e9t\u00e9 tir\u00e9s lors du dernier tirage Mega Millions.","breadcrumb":{"@id":"https:\/\/lottomat.com\/fr\/resultats\/mega-millions\/#breadcrumb"},"inLanguage":"fr-FR","potentialAction":[{"@type":"ReadAction","target":["https:\/\/lottomat.com\/fr\/resultats\/mega-millions\/"]}]},{"@type":"ImageObject","inLanguage":"fr-FR","@id":"https:\/\/lottomat.com\/fr\/resultats\/mega-millions\/#primaryimage","url":"https:\/\/lottomat.com\/wp-content\/uploads\/2025\/10\/Mega-Millions-winning-numbers.webp","contentUrl":"https:\/\/lottomat.com\/wp-content\/uploads\/2025\/10\/Mega-Millions-winning-numbers.webp"},{"@type":"BreadcrumbList","@id":"https:\/\/lottomat.com\/fr\/resultats\/mega-millions\/#breadcrumb","itemListElement":[{"@type":"ListItem","position":1,"name":"Home","item":"https:\/\/lottomat.com\/fr\/"},{"@type":"ListItem","position":2,"name":"Les derniers r\u00e9sultats de loterie et num\u00e9ros gagnants","item":"https:\/\/lottomat.com\/fr\/resultats\/"},{"@type":"ListItem","position":3,"name":"R\u00e9sultats Mega Millions et Num\u00e9ros Gagnants"}]},{"@type":"WebSite","@id":"https:\/\/lottomat.com\/fr\/#website","url":"https:\/\/lottomat.com\/fr\/","name":"Lottomat","description":"","potentialAction":[{"@type":"SearchAction","target":{"@type":"EntryPoint","urlTemplate":"https:\/\/lottomat.com\/fr\/?s={search_term_string}"},"query-input":{"@type":"PropertyValueSpecification","valueRequired":true,"valueName":"search_term_string"}}],"inLanguage":"fr-FR"}]}},"_links":{"self":[{"href":"https:\/\/lottomat.com\/fr\/wp-json\/wp\/v2\/pages\/237797","targetHints":{"allow":["GET"]}}],"collection":[{"href":"https:\/\/lottomat.com\/fr\/wp-json\/wp\/v2\/pages"}],"about":[{"href":"https:\/\/lottomat.com\/fr\/wp-json\/wp\/v2\/types\/page"}],"author":[{"embeddable":true,"href":"https:\/\/lottomat.com\/fr\/wp-json\/wp\/v2\/users\/1"}],"replies":[{"embeddable":true,"href":"https:\/\/lottomat.com\/fr\/wp-json\/wp\/v2\/comments?post=237797"}],"version-history":[{"count":3,"href":"https:\/\/lottomat.com\/fr\/wp-json\/wp\/v2\/pages\/237797\/revisions"}],"predecessor-version":[{"id":257207,"href":"https:\/\/lottomat.com\/fr\/wp-json\/wp\/v2\/pages\/237797\/revisions\/257207"}],"up":[{"embeddable":true,"href":"https:\/\/lottomat.com\/fr\/wp-json\/wp\/v2\/pages\/7408"}],"wp:attachment":[{"href":"https:\/\/lottomat.com\/fr\/wp-json\/wp\/v2\/media?parent=237797"}],"curies":[{"name":"wp","href":"https:\/\/api.w.org\/{rel}","templated":true}]}}