{"id":237773,"date":"2025-04-07T19:23:03","date_gmt":"2025-04-07T19:23:03","guid":{"rendered":"https:\/\/lottomat.net\/resultats-de-loterie\/resultats-du-powerball\/"},"modified":"2025-11-16T10:35:42","modified_gmt":"2025-11-16T10:35:42","slug":"powerball","status":"publish","type":"page","link":"https:\/\/lottomat.com\/fr\/resultats\/powerball\/","title":{"rendered":"R\u00e9sultats Powerball et Num\u00e9ros Gagnants"},"content":{"rendered":"\n\n<div class=\"kk-star-ratings kksr-auto kksr-align-left kksr-valign-top\"\n    data-payload='{&quot;align&quot;:&quot;left&quot;,&quot;id&quot;:&quot;237773&quot;,&quot;slug&quot;:&quot;default&quot;,&quot;valign&quot;:&quot;top&quot;,&quot;ignore&quot;:&quot;&quot;,&quot;reference&quot;:&quot;auto&quot;,&quot;class&quot;:&quot;&quot;,&quot;count&quot;:&quot;0&quot;,&quot;legendonly&quot;:&quot;&quot;,&quot;readonly&quot;:&quot;&quot;,&quot;score&quot;:&quot;0&quot;,&quot;starsonly&quot;:&quot;&quot;,&quot;best&quot;:&quot;5&quot;,&quot;gap&quot;:&quot;5&quot;,&quot;greet&quot;:&quot;Rate this page&quot;,&quot;legend&quot;:&quot;0\\\/5 - (0 vote)&quot;,&quot;size&quot;:&quot;30&quot;,&quot;title&quot;:&quot;R\u00e9sultats Powerball et Num\u00e9ros Gagnants&quot;,&quot;width&quot;:&quot;0&quot;,&quot;_legend&quot;:&quot;{score}\\\/{best} - ({count} {votes})&quot;,&quot;font_factor&quot;:&quot;1.25&quot;}'>\n            \n<div class=\"kksr-stars\">\n    \n<div class=\"kksr-stars-inactive\">\n            <div class=\"kksr-star\" data-star=\"1\" style=\"padding-right: 5px\">\n            \n\n<div class=\"kksr-icon\" style=\"width: 30px; height: 30px;\"><\/div>\n        <\/div>\n            <div class=\"kksr-star\" data-star=\"2\" style=\"padding-right: 5px\">\n            \n\n<div class=\"kksr-icon\" style=\"width: 30px; height: 30px;\"><\/div>\n        <\/div>\n            <div class=\"kksr-star\" data-star=\"3\" style=\"padding-right: 5px\">\n            \n\n<div class=\"kksr-icon\" style=\"width: 30px; height: 30px;\"><\/div>\n        <\/div>\n            <div class=\"kksr-star\" data-star=\"4\" style=\"padding-right: 5px\">\n            \n\n<div class=\"kksr-icon\" style=\"width: 30px; height: 30px;\"><\/div>\n        <\/div>\n            <div class=\"kksr-star\" data-star=\"5\" style=\"padding-right: 5px\">\n            \n\n<div class=\"kksr-icon\" style=\"width: 30px; height: 30px;\"><\/div>\n        <\/div>\n    <\/div>\n    \n<div class=\"kksr-stars-active\" style=\"width: 0px;\">\n            <div class=\"kksr-star\" style=\"padding-right: 5px\">\n            \n\n<div class=\"kksr-icon\" style=\"width: 30px; height: 30px;\"><\/div>\n        <\/div>\n            <div class=\"kksr-star\" style=\"padding-right: 5px\">\n            \n\n<div class=\"kksr-icon\" style=\"width: 30px; height: 30px;\"><\/div>\n        <\/div>\n            <div class=\"kksr-star\" style=\"padding-right: 5px\">\n            \n\n<div class=\"kksr-icon\" style=\"width: 30px; height: 30px;\"><\/div>\n        <\/div>\n            <div class=\"kksr-star\" style=\"padding-right: 5px\">\n            \n\n<div class=\"kksr-icon\" style=\"width: 30px; height: 30px;\"><\/div>\n        <\/div>\n            <div class=\"kksr-star\" style=\"padding-right: 5px\">\n            \n\n<div class=\"kksr-icon\" style=\"width: 30px; height: 30px;\"><\/div>\n        <\/div>\n    <\/div>\n<\/div>\n                \n\n<div class=\"kksr-legend\" style=\"font-size: 24px;\">\n            <span class=\"kksr-muted\">Rate this page<\/span>\n    <\/div>\n    <\/div>\n<p>Apr\u00e8s avoir achet\u00e9 vos billets et s\u00e9lectionn\u00e9 cinq num\u00e9ros principaux ainsi qu\u2019un num\u00e9ro bonus Powerball, il ne vous reste plus qu\u2019\u00e0 attendre patiemment les r\u00e9sultats du tirage, qui appara\u00eetront \u00e0 la vitesse de la lumi\u00e8re sur le <a href=\"https:\/\/lottomat.com\/fr\/\"><strong>site LottoMat<\/strong><\/a>. Toutes les informations que nous publions concernant les num\u00e9ros tir\u00e9s proviennent directement de l\u2019organisateur du tirage, afin que vous puissiez \u00eatre certain que <strong>les r\u00e9sultats Powerball sont 100 % conformes au tirage officiel<\/strong>.<img loading=\"lazy\" decoding=\"async\" class=\"alignleft wp-image-252294\" src=\"https:\/\/lottomat.com\/wp-content\/uploads\/2025\/10\/jackpot-and-prizes-300x300.webp\" alt=\"jackpot et prix\" width=\"200\" height=\"200\" srcset=\"https:\/\/lottomat.com\/wp-content\/uploads\/2025\/10\/jackpot-and-prizes-300x300.webp 300w, https:\/\/lottomat.com\/wp-content\/uploads\/2025\/10\/jackpot-and-prizes-150x150.webp 150w, https:\/\/lottomat.com\/wp-content\/uploads\/2025\/10\/jackpot-and-prizes-100x100.webp 100w, https:\/\/lottomat.com\/wp-content\/uploads\/2025\/10\/jackpot-and-prizes.webp 400w\" sizes=\"auto, (max-width: 200px) 100vw, 200px\" \/><\/p>\n<h2>Comment v\u00e9rifier les r\u00e9sultats actuels du Powerball ?<\/h2>\n<p>Sur le site LottoMat, vous trouverez toujours <strong>les derniers r\u00e9sultats de la loterie Powerball<\/strong>, encore tout frais. Nous mettons les r\u00e9sultats Powerball \u00e0 jour imm\u00e9diatement apr\u00e8s le tirage ; ils proviennent de sources officielles, \u00e0 savoir l\u2019organisateur de la loterie, et sont donc <strong>totalement fiables<\/strong>. Une fois sur la page des r\u00e9sultats Powerball, il vous suffit de comparer les num\u00e9ros de votre billet avec ceux affich\u00e9s dans le tableau des r\u00e9sultats. Si votre billet contient les six num\u00e9ros tir\u00e9s, f\u00e9licitations, <strong>vous venez de devenir millionnaire !<\/strong> Sinon, pas d\u2019inqui\u00e9tude : Powerball propose <strong>neuf niveaux de gains garantis<\/strong>. Cela signifie que vous n\u2019avez pas besoin d\u2019obtenir une combinaison compl\u00e8te pour remporter un prix en argent ; il vous suffit simplement d\u2019<a href=\"https:\/\/lottomat.com\/fr\/jouer\/powerball\/\">acheter un billet Powerball en ligne<\/a> !<\/p>\n<h2>Comment v\u00e9rifier les r\u00e9sultats Powerball d\u2019hier ?<img loading=\"lazy\" decoding=\"async\" class=\"wp-image-252354 alignright\" src=\"https:\/\/lottomat.com\/wp-content\/uploads\/2025\/10\/Powerball-Numbers-300x300.webp\" alt=\"Num\u00e9ros Powerball\" width=\"200\" height=\"200\" srcset=\"https:\/\/lottomat.com\/wp-content\/uploads\/2025\/10\/Powerball-Numbers-300x300.webp 300w, https:\/\/lottomat.com\/wp-content\/uploads\/2025\/10\/Powerball-Numbers-150x150.webp 150w, https:\/\/lottomat.com\/wp-content\/uploads\/2025\/10\/Powerball-Numbers-100x100.webp 100w, https:\/\/lottomat.com\/wp-content\/uploads\/2025\/10\/Powerball-Numbers.webp 400w\" sizes=\"auto, (max-width: 200px) 100vw, 200px\" \/><\/h2>\n<p>Que vous recherchiez les r\u00e9sultats d\u2019aujourd\u2019hui, les num\u00e9ros d\u2019hier ou ceux de la semaine derni\u00e8re, <strong>vous trouverez facilement tous les r\u00e9sultats Powerball sur LottoMat<\/strong>. Notre base de donn\u00e9es compl\u00e8te vous permet d\u2019acc\u00e9der rapidement et efficacement \u00e0 toutes les informations de tirage. Il vous suffit de naviguer vers la section des r\u00e9sultats et de choisir la date qui vous int\u00e9resse. Cette fonctionnalit\u00e9 pratique vous garantit de <strong>ne jamais manquer la v\u00e9rification de vos billets<\/strong>, quelle que soit la date du tirage.<\/p>\n<h2>Comment utiliser les r\u00e9sultats archiv\u00e9s des tirages Powerball ?<\/h2>\n<p>Le site LottoMat vous propose \u00e9galement <strong>les r\u00e9sultats archiv\u00e9s des tirages Powerball<\/strong>. Pour les consulter, il vous suffit d\u2019utiliser notre calendrier des r\u00e9sultats, situ\u00e9 sur le c\u00f4t\u00e9 droit des num\u00e9ros actuellement tir\u00e9s. Apr\u00e8s avoir ouvert la liste, vous pouvez parcourir les tirages pr\u00e9c\u00e9dents jusqu\u2019\u00e0 <strong>douze mois en arri\u00e8re<\/strong>.<\/p>\n<h3><img loading=\"lazy\" decoding=\"async\" class=\"alignleft wp-image-252324\" src=\"https:\/\/lottomat.com\/wp-content\/uploads\/2025\/10\/Powerball-Draw-300x300.webp\" alt=\"Tirage Powerball\" width=\"200\" height=\"200\" srcset=\"https:\/\/lottomat.com\/wp-content\/uploads\/2025\/10\/Powerball-Draw-300x300.webp 300w, https:\/\/lottomat.com\/wp-content\/uploads\/2025\/10\/Powerball-Draw-150x150.webp 150w, https:\/\/lottomat.com\/wp-content\/uploads\/2025\/10\/Powerball-Draw-100x100.webp 100w, https:\/\/lottomat.com\/wp-content\/uploads\/2025\/10\/Powerball-Draw.webp 400w\" sizes=\"auto, (max-width: 200px) 100vw, 200px\" \/>Quels sont les avantages d\u2019utiliser les r\u00e9sultats Powerball archiv\u00e9s ?<\/h3>\n<p>\u00c0 quoi servent les r\u00e9sultats archiv\u00e9s de la loterie ? \u00c0 plusieurs choses, en r\u00e9alit\u00e9. Tout d\u2019abord, ils peuvent vous aider \u00e0 <strong>cr\u00e9er votre propre strat\u00e9gie de s\u00e9lection des num\u00e9ros<\/strong> lors du remplissage de nouveaux billets, afin d\u2019augmenter vos chances de succ\u00e8s lors des prochains tirages. Vous pouvez \u00e9galement <a href=\"https:\/\/lottomat.com\/fr\/resultats\/\">utiliser les r\u00e9sultats archiv\u00e9s<\/a> pour voir quels num\u00e9ros ont \u00e9t\u00e9 tir\u00e9s le plus r\u00e9cemment, lesquels ne sont pas apparus depuis plusieurs semaines, et comprendre l\u2019importance de choisir des num\u00e9ros vari\u00e9s issus de diff\u00e9rentes plages. Il est bien connu qu\u2019il ne faut jamais se limiter lors du choix de ses num\u00e9ros. Chaque num\u00e9ro du pool disponible compte, mais de nombreux joueurs choisissent un ensemble fixe bas\u00e9 sur des dates de naissance, ce qui r\u00e9duit consid\u00e9rablement le champ des possibilit\u00e9s et diminue leurs chances de gagner au Powerball. Les r\u00e9sultats archiv\u00e9s contiennent \u00e9galement des informations sur les derniers jackpots accumul\u00e9s, la valeur des prix et le nombre de gagnants ayant remport\u00e9 le jackpot Powerball.<\/p>\n<h2>Quels sont les num\u00e9ros les plus souvent tir\u00e9s au Powerball ?<\/h2>\n<p>Sur le site LottoMat, vous trouverez toutes les informations essentielles concernant les loteries. Non seulement les r\u00e9sultats, mais aussi les r\u00e8gles du Powerball, des faits int\u00e9ressants, les conditions d\u2019utilisation et une foule de conseils pour faciliter vos jeux. Nous avons pr\u00e9par\u00e9 pour vous un <strong>guide complet et instructif<\/strong> qui indique quels num\u00e9ros ont \u00e9t\u00e9 tir\u00e9s le plus souvent au Powerball, et lesquels le moins souvent. Cela vous aidera \u00e0 planifier le choix de vos num\u00e9ros sur vos nouveaux billets, car les statistiques montrent clairement quelles combinaisons sont les plus probables. Profitez de ces donn\u00e9es et rappelez-vous : le num\u00e9ro Powerball est tir\u00e9 d\u2019une plage distincte, donc un m\u00eame num\u00e9ro peut appara\u00eetre \u00e0 la fois parmi les num\u00e9ros principaux et comme num\u00e9ro bonus Powerball. Vous n\u2019avez plus besoin de rechercher d\u2019anciens r\u00e9sultats : tout est d\u00e9j\u00e0 \u00e0 votre disposition. <strong>Les num\u00e9ros les plus souvent tir\u00e9s \u00e0 la loterie Powerball sont : 8, 26, 22, 23 et 36<\/strong>. Cr\u00e9ez votre propre strat\u00e9gie en choisissant les num\u00e9ros qui vous inspirent, mais n\u2019oubliez pas de tenir compte de nos suggestions, car <strong>les statistiques ne mentent jamais<\/strong>.<\/p>\n<h2>Quels sont les num\u00e9ros Powerball les moins souvent tir\u00e9s ?<img loading=\"lazy\" decoding=\"async\" class=\"alignright wp-image-252384\" src=\"https:\/\/lottomat.com\/wp-content\/uploads\/2025\/10\/Powerball-Results-300x300.webp\" alt=\"R\u00e9sultats Powerball\" width=\"200\" height=\"200\" srcset=\"https:\/\/lottomat.com\/wp-content\/uploads\/2025\/10\/Powerball-Results-300x300.webp 300w, https:\/\/lottomat.com\/wp-content\/uploads\/2025\/10\/Powerball-Results-150x150.webp 150w, https:\/\/lottomat.com\/wp-content\/uploads\/2025\/10\/Powerball-Results-100x100.webp 100w, https:\/\/lottomat.com\/wp-content\/uploads\/2025\/10\/Powerball-Results.webp 400w\" sizes=\"auto, (max-width: 200px) 100vw, 200px\" \/><\/h2>\n<p>Savoir quels num\u00e9ros apparaissent le moins fr\u00e9quemment dans les tirages Powerball peut \u00eatre aussi utile que de conna\u00eetre les plus fr\u00e9quents. L\u2019analyse statistique r\u00e9v\u00e8le que certains num\u00e9ros <strong>ont \u00e9t\u00e9 r\u00e9guli\u00e8rement sous-repr\u00e9sent\u00e9s dans les tirages pass\u00e9s<\/strong>. Les num\u00e9ros les moins souvent tir\u00e9s sont : 15, 51, 37, 47, 12, 4 et 24. Certains joueurs pensent que ces num\u00e9ros \u00ab froids \u00bb sont \u00ab dus pour un retour \u00bb et les incluent dans leur strat\u00e9gie de s\u00e9lection. Bien que les r\u00e9sultats pass\u00e9s ne garantissent pas les futurs, l\u2019analyse de ces tendances peut vous aider \u00e0 faire des choix plus \u00e9clair\u00e9s lors de la s\u00e9lection de vos num\u00e9ros Powerball pour les prochains tirages.<\/p>\n<h2>Combien de joueurs ont gagn\u00e9 et combien dans le dernier tirage Powerball ?<\/h2>\n<p>Chaque tirage Powerball g\u00e9n\u00e8re <strong>des milliers de gagnants \u00e0 tous les niveaux de prix<\/strong>, ce qui en fait l\u2019une des loteries les plus lucratives au monde. La r\u00e9partition des prix comprend g\u00e9n\u00e9ralement un gagnant du jackpot ou plusieurs gagnants partageant le grand prix, plusieurs millionnaires ayant trouv\u00e9 les cinq num\u00e9ros principaux, ainsi que des centaines de milliers de gagnants de prix secondaires. Le montant des prix varie selon le nombre de gagnants dans chaque cat\u00e9gorie et le total des ventes de billets pour ce tirage. Sur le site LottoMat, vous pouvez trouver <strong>la r\u00e9partition d\u00e9taill\u00e9e du nombre de gagnants et des montants des prix<\/strong> pour chaque niveau, imm\u00e9diatement apr\u00e8s chaque tirage. Ces informations vous aident \u00e0 comprendre les probabilit\u00e9s et les gains potentiels pour diff\u00e9rentes combinaisons. Si vous souhaitez en savoir plus sur les prix du prochain tirage, <a href=\"https:\/\/lottomat.com\/fr\/loterie\/powerball\/\">lisez \u00e0 propos des prix et jackpots du Powerball<\/a>.<\/p>\n<h2><img loading=\"lazy\" decoding=\"async\" class=\"alignleft wp-image-252414\" src=\"https:\/\/lottomat.com\/wp-content\/uploads\/2025\/10\/Powerball-Winning-Numbers-300x300.webp\" alt=\"Num\u00e9ros gagnants Powerball\" width=\"200\" height=\"200\" srcset=\"https:\/\/lottomat.com\/wp-content\/uploads\/2025\/10\/Powerball-Winning-Numbers-300x300.webp 300w, https:\/\/lottomat.com\/wp-content\/uploads\/2025\/10\/Powerball-Winning-Numbers-150x150.webp 150w, https:\/\/lottomat.com\/wp-content\/uploads\/2025\/10\/Powerball-Winning-Numbers-100x100.webp 100w, https:\/\/lottomat.com\/wp-content\/uploads\/2025\/10\/Powerball-Winning-Numbers.webp 400w\" sizes=\"auto, (max-width: 200px) 100vw, 200px\" \/><\/h2>\n<h2>Comment pr\u00e9dire les r\u00e9sultats et les num\u00e9ros gagnants du Powerball ?<\/h2>\n<p>Bien que Powerball soit un jeu de hasard et que <strong>aucune m\u00e9thode ne puisse garantir des num\u00e9ros gagnants<\/strong>, de nombreux joueurs utilisent diverses strat\u00e9gies pour am\u00e9liorer leur s\u00e9lection. Certains analysent les tableaux de fr\u00e9quence pour identifier les num\u00e9ros \u00ab chauds \u00bb et \u00ab froids \u00bb, tandis que d\u2019autres utilisent des syst\u00e8mes math\u00e9matiques comme le \u00ab wheeling \u00bb ou l\u2019analyse delta. Les g\u00e9n\u00e9rateurs de nombres al\u00e9atoires peuvent aider \u00e0 \u00e9liminer les biais humains dans le choix des num\u00e9ros. N\u2019oubliez pas que chaque tirage est ind\u00e9pendant et que chaque combinaison de num\u00e9ros a une chance \u00e9gale d\u2019\u00eatre tir\u00e9e. L\u2019essentiel est de <strong>jouer r\u00e9guli\u00e8rement avec les num\u00e9ros en lesquels vous avez confiance<\/strong>, qu\u2019ils soient bas\u00e9s sur une analyse statistique, une signification personnelle ou une simple intuition. Le plus important est de jouer de mani\u00e8re responsable et dans les limites de votre budget. Vous savez maintenant s\u2019il est possible de pr\u00e9dire les r\u00e9sultats du Powerball. Une chose est s\u00fbre : pour gagner, il faut jouer. Alors <a href=\"https:\/\/lottomat.com\/fr\/jouer\/\">achetez un billet pour n\u2019importe quelle loterie<\/a> et attendez les r\u00e9sultats qui vous rendront heureux.<\/p>\n","protected":false},"excerpt":{"rendered":"<p>Apr\u00e8s avoir achet\u00e9 vos billets et s\u00e9lectionn\u00e9 cinq num\u00e9ros principaux ainsi qu\u2019un num\u00e9ro bonus Powerball, il ne vous reste plus qu\u2019\u00e0 attendre patiemment les r\u00e9sultats du tirage, qui appara\u00eetront \u00e0 la vitesse de la lumi\u00e8re sur le site LottoMat. Toutes les informations que nous publions concernant les num\u00e9ros tir\u00e9s proviennent directement de l\u2019organisateur du tirage, [&hellip;]<\/p>\n","protected":false},"author":1,"featured_media":0,"parent":7408,"menu_order":1,"comment_status":"closed","ping_status":"closed","template":"powerball-usa-results.php","meta":{"_et_pb_use_builder":"","_et_pb_old_content":"","_et_gb_content_width":"","exclude_from_search":false,"footnotes":""},"class_list":["post-237773","page","type-page","status-publish","hentry"],"yoast_head":"<!-- This site is optimized with the Yoast SEO plugin v23.8 - https:\/\/yoast.com\/wordpress\/plugins\/seo\/ -->\n<title>R\u00e9sultats Powerball et Num\u00e9ros Gagnants - LottoMat<\/title>\n<meta name=\"description\" content=\"Consultez les derniers r\u00e9sultats du Powerball et les num\u00e9ros gagnants sur LottoMat. Comparez vos num\u00e9ros avec les r\u00e9sultats officiels du tirage pour.\" \/>\n<meta name=\"robots\" content=\"index, follow, max-snippet:-1, max-image-preview:large, max-video-preview:-1\" \/>\n<link rel=\"canonical\" href=\"https:\/\/lottomat.com\/fr\/resultats\/powerball\/\" \/>\n<meta property=\"og:locale\" content=\"fr_FR\" \/>\n<meta property=\"og:type\" content=\"article\" \/>\n<meta property=\"og:title\" content=\"R\u00e9sultats Powerball et Num\u00e9ros Gagnants - LottoMat\" \/>\n<meta property=\"og:description\" content=\"Consultez les derniers r\u00e9sultats du Powerball et les num\u00e9ros gagnants sur LottoMat. Comparez vos num\u00e9ros avec les r\u00e9sultats officiels du tirage pour.\" \/>\n<meta property=\"og:url\" content=\"https:\/\/lottomat.com\/fr\/resultats\/powerball\/\" \/>\n<meta property=\"og:site_name\" content=\"Lottomat\" \/>\n<meta property=\"article:modified_time\" content=\"2025-11-16T10:35:42+00:00\" \/>\n<meta property=\"og:image\" content=\"https:\/\/lottomat.com\/wp-content\/uploads\/2025\/10\/jackpot-and-prizes-300x300.webp\" \/>\n<meta name=\"twitter:card\" content=\"summary_large_image\" \/>\n<meta name=\"twitter:label1\" content=\"Dur\u00e9e de lecture estim\u00e9e\" \/>\n\t<meta name=\"twitter:data1\" content=\"7 minutes\" \/>\n<script type=\"application\/ld+json\" class=\"yoast-schema-graph\">{\"@context\":\"https:\/\/schema.org\",\"@graph\":[{\"@type\":\"WebPage\",\"@id\":\"https:\/\/lottomat.com\/fr\/resultats\/powerball\/\",\"url\":\"https:\/\/lottomat.com\/fr\/resultats\/powerball\/\",\"name\":\"R\u00e9sultats Powerball et Num\u00e9ros Gagnants - LottoMat\",\"isPartOf\":{\"@id\":\"https:\/\/lottomat.com\/fr\/#website\"},\"primaryImageOfPage\":{\"@id\":\"https:\/\/lottomat.com\/fr\/resultats\/powerball\/#primaryimage\"},\"image\":{\"@id\":\"https:\/\/lottomat.com\/fr\/resultats\/powerball\/#primaryimage\"},\"thumbnailUrl\":\"https:\/\/lottomat.com\/wp-content\/uploads\/2025\/10\/jackpot-and-prizes-300x300.webp\",\"datePublished\":\"2025-04-07T19:23:03+00:00\",\"dateModified\":\"2025-11-16T10:35:42+00:00\",\"description\":\"Consultez les derniers r\u00e9sultats du Powerball et les num\u00e9ros gagnants sur LottoMat. Comparez vos num\u00e9ros avec les r\u00e9sultats officiels du tirage pour.\",\"breadcrumb\":{\"@id\":\"https:\/\/lottomat.com\/fr\/resultats\/powerball\/#breadcrumb\"},\"inLanguage\":\"fr-FR\",\"potentialAction\":[{\"@type\":\"ReadAction\",\"target\":[\"https:\/\/lottomat.com\/fr\/resultats\/powerball\/\"]}]},{\"@type\":\"ImageObject\",\"inLanguage\":\"fr-FR\",\"@id\":\"https:\/\/lottomat.com\/fr\/resultats\/powerball\/#primaryimage\",\"url\":\"https:\/\/lottomat.com\/wp-content\/uploads\/2025\/10\/jackpot-and-prizes-300x300.webp\",\"contentUrl\":\"https:\/\/lottomat.com\/wp-content\/uploads\/2025\/10\/jackpot-and-prizes-300x300.webp\"},{\"@type\":\"BreadcrumbList\",\"@id\":\"https:\/\/lottomat.com\/fr\/resultats\/powerball\/#breadcrumb\",\"itemListElement\":[{\"@type\":\"ListItem\",\"position\":1,\"name\":\"Home\",\"item\":\"https:\/\/lottomat.com\/fr\/\"},{\"@type\":\"ListItem\",\"position\":2,\"name\":\"Les derniers r\u00e9sultats de loterie et num\u00e9ros gagnants\",\"item\":\"https:\/\/lottomat.com\/fr\/resultats\/\"},{\"@type\":\"ListItem\",\"position\":3,\"name\":\"R\u00e9sultats Powerball et Num\u00e9ros Gagnants\"}]},{\"@type\":\"WebSite\",\"@id\":\"https:\/\/lottomat.com\/fr\/#website\",\"url\":\"https:\/\/lottomat.com\/fr\/\",\"name\":\"Lottomat\",\"description\":\"\",\"potentialAction\":[{\"@type\":\"SearchAction\",\"target\":{\"@type\":\"EntryPoint\",\"urlTemplate\":\"https:\/\/lottomat.com\/fr\/?s={search_term_string}\"},\"query-input\":{\"@type\":\"PropertyValueSpecification\",\"valueRequired\":true,\"valueName\":\"search_term_string\"}}],\"inLanguage\":\"fr-FR\"}]}<\/script>\n<!-- \/ Yoast SEO plugin. -->","yoast_head_json":{"title":"R\u00e9sultats Powerball et Num\u00e9ros Gagnants - LottoMat","description":"Consultez les derniers r\u00e9sultats du Powerball et les num\u00e9ros gagnants sur LottoMat. Comparez vos num\u00e9ros avec les r\u00e9sultats officiels du tirage pour.","robots":{"index":"index","follow":"follow","max-snippet":"max-snippet:-1","max-image-preview":"max-image-preview:large","max-video-preview":"max-video-preview:-1"},"canonical":"https:\/\/lottomat.com\/fr\/resultats\/powerball\/","og_locale":"fr_FR","og_type":"article","og_title":"R\u00e9sultats Powerball et Num\u00e9ros Gagnants - LottoMat","og_description":"Consultez les derniers r\u00e9sultats du Powerball et les num\u00e9ros gagnants sur LottoMat. Comparez vos num\u00e9ros avec les r\u00e9sultats officiels du tirage pour.","og_url":"https:\/\/lottomat.com\/fr\/resultats\/powerball\/","og_site_name":"Lottomat","article_modified_time":"2025-11-16T10:35:42+00:00","og_image":[{"url":"https:\/\/lottomat.com\/wp-content\/uploads\/2025\/10\/jackpot-and-prizes-300x300.webp"}],"twitter_card":"summary_large_image","twitter_misc":{"Dur\u00e9e de lecture estim\u00e9e":"7 minutes"},"schema":{"@context":"https:\/\/schema.org","@graph":[{"@type":"WebPage","@id":"https:\/\/lottomat.com\/fr\/resultats\/powerball\/","url":"https:\/\/lottomat.com\/fr\/resultats\/powerball\/","name":"R\u00e9sultats Powerball et Num\u00e9ros Gagnants - LottoMat","isPartOf":{"@id":"https:\/\/lottomat.com\/fr\/#website"},"primaryImageOfPage":{"@id":"https:\/\/lottomat.com\/fr\/resultats\/powerball\/#primaryimage"},"image":{"@id":"https:\/\/lottomat.com\/fr\/resultats\/powerball\/#primaryimage"},"thumbnailUrl":"https:\/\/lottomat.com\/wp-content\/uploads\/2025\/10\/jackpot-and-prizes-300x300.webp","datePublished":"2025-04-07T19:23:03+00:00","dateModified":"2025-11-16T10:35:42+00:00","description":"Consultez les derniers r\u00e9sultats du Powerball et les num\u00e9ros gagnants sur LottoMat. Comparez vos num\u00e9ros avec les r\u00e9sultats officiels du tirage pour.","breadcrumb":{"@id":"https:\/\/lottomat.com\/fr\/resultats\/powerball\/#breadcrumb"},"inLanguage":"fr-FR","potentialAction":[{"@type":"ReadAction","target":["https:\/\/lottomat.com\/fr\/resultats\/powerball\/"]}]},{"@type":"ImageObject","inLanguage":"fr-FR","@id":"https:\/\/lottomat.com\/fr\/resultats\/powerball\/#primaryimage","url":"https:\/\/lottomat.com\/wp-content\/uploads\/2025\/10\/jackpot-and-prizes-300x300.webp","contentUrl":"https:\/\/lottomat.com\/wp-content\/uploads\/2025\/10\/jackpot-and-prizes-300x300.webp"},{"@type":"BreadcrumbList","@id":"https:\/\/lottomat.com\/fr\/resultats\/powerball\/#breadcrumb","itemListElement":[{"@type":"ListItem","position":1,"name":"Home","item":"https:\/\/lottomat.com\/fr\/"},{"@type":"ListItem","position":2,"name":"Les derniers r\u00e9sultats de loterie et num\u00e9ros gagnants","item":"https:\/\/lottomat.com\/fr\/resultats\/"},{"@type":"ListItem","position":3,"name":"R\u00e9sultats Powerball et Num\u00e9ros Gagnants"}]},{"@type":"WebSite","@id":"https:\/\/lottomat.com\/fr\/#website","url":"https:\/\/lottomat.com\/fr\/","name":"Lottomat","description":"","potentialAction":[{"@type":"SearchAction","target":{"@type":"EntryPoint","urlTemplate":"https:\/\/lottomat.com\/fr\/?s={search_term_string}"},"query-input":{"@type":"PropertyValueSpecification","valueRequired":true,"valueName":"search_term_string"}}],"inLanguage":"fr-FR"}]}},"_links":{"self":[{"href":"https:\/\/lottomat.com\/fr\/wp-json\/wp\/v2\/pages\/237773","targetHints":{"allow":["GET"]}}],"collection":[{"href":"https:\/\/lottomat.com\/fr\/wp-json\/wp\/v2\/pages"}],"about":[{"href":"https:\/\/lottomat.com\/fr\/wp-json\/wp\/v2\/types\/page"}],"author":[{"embeddable":true,"href":"https:\/\/lottomat.com\/fr\/wp-json\/wp\/v2\/users\/1"}],"replies":[{"embeddable":true,"href":"https:\/\/lottomat.com\/fr\/wp-json\/wp\/v2\/comments?post=237773"}],"version-history":[{"count":2,"href":"https:\/\/lottomat.com\/fr\/wp-json\/wp\/v2\/pages\/237773\/revisions"}],"predecessor-version":[{"id":257494,"href":"https:\/\/lottomat.com\/fr\/wp-json\/wp\/v2\/pages\/237773\/revisions\/257494"}],"up":[{"embeddable":true,"href":"https:\/\/lottomat.com\/fr\/wp-json\/wp\/v2\/pages\/7408"}],"wp:attachment":[{"href":"https:\/\/lottomat.com\/fr\/wp-json\/wp\/v2\/media?parent=237773"}],"curies":[{"name":"wp","href":"https:\/\/api.w.org\/{rel}","templated":true}]}}