{"id":232598,"date":"2025-03-27T10:35:32","date_gmt":"2025-03-27T10:35:32","guid":{"rendered":"https:\/\/lottomat.net\/resultats-de-loterie\/resultats-de-leurojackpot\/"},"modified":"2025-12-21T16:51:08","modified_gmt":"2025-12-21T16:51:08","slug":"eurojackpot","status":"publish","type":"page","link":"https:\/\/lottomat.com\/fr\/resultats\/eurojackpot\/","title":{"rendered":"R\u00e9sultats Eurojackpot et Num\u00e9ros Gagnants"},"content":{"rendered":"\n\n<div class=\"kk-star-ratings kksr-auto kksr-align-left kksr-valign-top\"\n    data-payload='{&quot;align&quot;:&quot;left&quot;,&quot;id&quot;:&quot;232598&quot;,&quot;slug&quot;:&quot;default&quot;,&quot;valign&quot;:&quot;top&quot;,&quot;ignore&quot;:&quot;&quot;,&quot;reference&quot;:&quot;auto&quot;,&quot;class&quot;:&quot;&quot;,&quot;count&quot;:&quot;0&quot;,&quot;legendonly&quot;:&quot;&quot;,&quot;readonly&quot;:&quot;&quot;,&quot;score&quot;:&quot;0&quot;,&quot;starsonly&quot;:&quot;&quot;,&quot;best&quot;:&quot;5&quot;,&quot;gap&quot;:&quot;5&quot;,&quot;greet&quot;:&quot;Rate this page&quot;,&quot;legend&quot;:&quot;0\\\/5 - (0 vote)&quot;,&quot;size&quot;:&quot;30&quot;,&quot;title&quot;:&quot;R\u00e9sultats Eurojackpot et Num\u00e9ros Gagnants&quot;,&quot;width&quot;:&quot;0&quot;,&quot;_legend&quot;:&quot;{score}\\\/{best} - ({count} {votes})&quot;,&quot;font_factor&quot;:&quot;1.25&quot;}'>\n            \n<div class=\"kksr-stars\">\n    \n<div class=\"kksr-stars-inactive\">\n            <div class=\"kksr-star\" data-star=\"1\" style=\"padding-right: 5px\">\n            \n\n<div class=\"kksr-icon\" style=\"width: 30px; height: 30px;\"><\/div>\n        <\/div>\n            <div class=\"kksr-star\" data-star=\"2\" style=\"padding-right: 5px\">\n            \n\n<div class=\"kksr-icon\" style=\"width: 30px; height: 30px;\"><\/div>\n        <\/div>\n            <div class=\"kksr-star\" data-star=\"3\" style=\"padding-right: 5px\">\n            \n\n<div class=\"kksr-icon\" style=\"width: 30px; height: 30px;\"><\/div>\n        <\/div>\n            <div class=\"kksr-star\" data-star=\"4\" style=\"padding-right: 5px\">\n            \n\n<div class=\"kksr-icon\" style=\"width: 30px; height: 30px;\"><\/div>\n        <\/div>\n            <div class=\"kksr-star\" data-star=\"5\" style=\"padding-right: 5px\">\n            \n\n<div class=\"kksr-icon\" style=\"width: 30px; height: 30px;\"><\/div>\n        <\/div>\n    <\/div>\n    \n<div class=\"kksr-stars-active\" style=\"width: 0px;\">\n            <div class=\"kksr-star\" style=\"padding-right: 5px\">\n            \n\n<div class=\"kksr-icon\" style=\"width: 30px; height: 30px;\"><\/div>\n        <\/div>\n            <div class=\"kksr-star\" style=\"padding-right: 5px\">\n            \n\n<div class=\"kksr-icon\" style=\"width: 30px; height: 30px;\"><\/div>\n        <\/div>\n            <div class=\"kksr-star\" style=\"padding-right: 5px\">\n            \n\n<div class=\"kksr-icon\" style=\"width: 30px; height: 30px;\"><\/div>\n        <\/div>\n            <div class=\"kksr-star\" style=\"padding-right: 5px\">\n            \n\n<div class=\"kksr-icon\" style=\"width: 30px; height: 30px;\"><\/div>\n        <\/div>\n            <div class=\"kksr-star\" style=\"padding-right: 5px\">\n            \n\n<div class=\"kksr-icon\" style=\"width: 30px; height: 30px;\"><\/div>\n        <\/div>\n    <\/div>\n<\/div>\n                \n\n<div class=\"kksr-legend\" style=\"font-size: 24px;\">\n            <span class=\"kksr-muted\">Rate this page<\/span>\n    <\/div>\n    <\/div>\n<p>Avez-vous achet\u00e9 des billets Eurojackpot et vous demandez-vous si vous avez gagn\u00e9 ? Tant que vous ne connaissez pas les num\u00e9ros tir\u00e9s, tout est possible, et vous pouvez consulter <a href=\"https:\/\/lottomat.com\/fr\/resultats\/\">les r\u00e9sultats de la loterie sur ce site<\/a>. Nous les publions ultra-rapidement d\u00e8s que nous recevons l\u2019information depuis le site de l\u2019organisateur de l\u2019Eurojackpot, ce qui vous garantit des r\u00e9sultats confirm\u00e9s, fiables et 100 % r\u00e9els. Analysez d\u00e8s maintenant les r\u00e9sultats et les num\u00e9ros gagnants Eurojackpot !<\/p>\n<h2>Comment v\u00e9rifier les r\u00e9sultats Eurojackpot d\u2019aujourd\u2019hui ?<img loading=\"lazy\" decoding=\"async\" class=\"alignright wp-image-257716\" src=\"https:\/\/lottomat.com\/wp-content\/uploads\/2025\/11\/Eurojackpot-online-1.webp\" alt=\"Eurojackpot en ligne\" width=\"200\" height=\"200\" srcset=\"https:\/\/lottomat.com\/wp-content\/uploads\/2025\/11\/Eurojackpot-online-1.webp 400w, https:\/\/lottomat.com\/wp-content\/uploads\/2025\/11\/Eurojackpot-online-1-300x300.webp 300w, https:\/\/lottomat.com\/wp-content\/uploads\/2025\/11\/Eurojackpot-online-1-150x150.webp 150w, https:\/\/lottomat.com\/wp-content\/uploads\/2025\/11\/Eurojackpot-online-1-100x100.webp 100w\" sizes=\"auto, (max-width: 200px) 100vw, 200px\" \/><\/h2>\n<p>La mani\u00e8re la plus simple de v\u00e9rifier les derniers r\u00e9sultats Eurojackpot est de consulter notre site. Nous fournissons des <strong>r\u00e9sultats de tirages 100 % fiables<\/strong>, auxquels vous pouvez faire enti\u00e8rement confiance. Notre plateforme garantit que tous les num\u00e9ros gagnants Eurojackpot sont <strong>mis \u00e0 jour imm\u00e9diatement apr\u00e8s chaque tirage officiel<\/strong>. Que vous v\u00e9rifiiez les combinaisons gagnantes, la r\u00e9partition des gains ou le montant du jackpot, vous trouverez ici des informations pr\u00e9cises et \u00e0 jour. Nous savons \u00e0 quel point il est important pour les joueurs d\u2019obtenir rapidement des r\u00e9sultats v\u00e9rifi\u00e9s, c\u2019est pourquoi nous privil\u00e9gions la <strong>rapidit\u00e9 et la pr\u00e9cision<\/strong> dans la diffusion des r\u00e9sultats Eurojackpot.<\/p>\n<h2>Comment v\u00e9rifier les r\u00e9sultats Eurojackpot d\u2019hier ?<\/h2>\n<p>Vous pouvez \u00e9galement consulter les r\u00e9sultats Eurojackpot d\u2019hier sur <a href=\"https:\/\/lottomat.com\/fr\/\">notre site Lottomat<\/a>, car nous pr\u00e9sentons non seulement les r\u00e9sultats actuels, mais aussi des <strong>donn\u00e9es historiques des tirages pr\u00e9c\u00e9dents<\/strong>. Notre base de donn\u00e9es compl\u00e8te comprend <strong>les r\u00e9sultats d\u2019aujourd\u2019hui, les tirages d\u2019hier ainsi que ceux des semaines, mois ou m\u00eame ann\u00e9es pass\u00e9es<\/strong>. Cette vaste archive vous permet de suivre des sch\u00e9mas, d\u2019analyser des tendances et de revoir n\u2019importe quel tirage qui vous int\u00e9resse. Que vous ayez oubli\u00e9 de v\u00e9rifier vos billets hier ou que vous souhaitiez confirmer d\u2019anciens num\u00e9ros gagnants, notre plateforme offre un acc\u00e8s facile \u00e0 tous les r\u00e9sultats historiques Eurojackpot avec une <strong>pr\u00e9cision et une fiabilit\u00e9 totales<\/strong>.<\/p>\n<h2>Comment consulter les r\u00e9sultats Eurojackpot archiv\u00e9s ?<\/h2>\n<p>Pour voir les r\u00e9sultats Eurojackpot archiv\u00e9s, il vous suffit d\u2019utiliser le calendrier des r\u00e9sultats sur le site Lottomat. Il se trouve sous la date du dernier tirage. Il ne vous reste plus qu\u2019\u00e0 s\u00e9lectionner la date qui vous int\u00e9resse le plus et \u00e0 consulter les r\u00e9sultats du jeu \u00e0 ce moment-l\u00e0.<\/p>\n<h2><img loading=\"lazy\" decoding=\"async\" class=\"alignleft wp-image-257746\" src=\"https:\/\/lottomat.com\/wp-content\/uploads\/2025\/11\/Eurojackpot-tickets-1.webp\" alt=\"billets Eurojackpot\" width=\"200\" height=\"200\" srcset=\"https:\/\/lottomat.com\/wp-content\/uploads\/2025\/11\/Eurojackpot-tickets-1.webp 400w, https:\/\/lottomat.com\/wp-content\/uploads\/2025\/11\/Eurojackpot-tickets-1-300x300.webp 300w, https:\/\/lottomat.com\/wp-content\/uploads\/2025\/11\/Eurojackpot-tickets-1-150x150.webp 150w, https:\/\/lottomat.com\/wp-content\/uploads\/2025\/11\/Eurojackpot-tickets-1-100x100.webp 100w\" sizes=\"auto, (max-width: 200px) 100vw, 200px\" \/>Comment utiliser les r\u00e9sultats archiv\u00e9s et les num\u00e9ros gagnants Eurojackpot ?<\/h2>\n<p>Les r\u00e9sultats r\u00e9cents et archiv\u00e9s vous permettent de v\u00e9rifier quels num\u00e9ros ont \u00e9t\u00e9 tir\u00e9s lors des tirages pr\u00e9c\u00e9dents, la fr\u00e9quence des reports dans une loterie donn\u00e9e, le nombre de gagnants et les gains records. Tout cela vous aide \u00e0 \u00e9laborer une strat\u00e9gie pour jouer \u00e0 l\u2019Eurojackpot et \u00e0 d\u00e9velopper votre propre m\u00e9thode de s\u00e9lection des num\u00e9ros. D\u2019autre part, si vous souhaitez choisir vos num\u00e9ros plus rapidement tout en utilisant des statistiques, vous pouvez profiter de nos conseils sur les num\u00e9ros les plus et les moins fr\u00e9quemment tir\u00e9s \u00e0 l\u2019Eurojackpot. Toutes les donn\u00e9es et informations n\u00e9cessaires sont disponibles sur le site Lottomat. N\u2019oubliez pas de ne pas vous limiter uniquement aux tirages pass\u00e9s. Il est donc judicieux de s\u00e9lectionner parmi l\u2019ensemble des num\u00e9ros disponibles lors de votre mise, car cela augmente vos chances de remporter le gros lot.<\/p>\n<h2>Quels sont les num\u00e9ros les plus fr\u00e9quemment tir\u00e9s \u00e0 l\u2019Eurojackpot ?<\/h2>\n<p>Selon l\u2019analyse statistique des tirages Eurojackpot depuis le lancement de la loterie en 2012, les num\u00e9ros principaux les plus fr\u00e9quemment tir\u00e9s sont <strong>14, 16, 18, 19, 25, 33 et 40<\/strong>. Ces \u00ab num\u00e9ros chauds \u00bb sont apparus plus souvent que les autres au fil de l\u2019histoire de la loterie. En ce qui concerne les num\u00e9ros Euro bonus, les num\u00e9ros <strong>5 et 8 ont \u00e9t\u00e9 tir\u00e9s le plus souvent : 83 fois chacun<\/strong>. De nombreux joueurs utilisent ces statistiques de num\u00e9ros chauds pour orienter leur strat\u00e9gie de s\u00e9lection. Bien que chaque num\u00e9ro ait th\u00e9oriquement la m\u00eame probabilit\u00e9 d\u2019\u00eatre tir\u00e9, certains joueurs pr\u00e9f\u00e8rent choisir parmi ces num\u00e9ros fr\u00e9quemment apparus lors de leurs s\u00e9lections Eurojackpot. Il convient de noter que <strong>la fr\u00e9quence pass\u00e9e ne garantit pas les r\u00e9sultats futurs<\/strong>, mais ces statistiques peuvent offrir des informations int\u00e9ressantes aux passionn\u00e9s de loterie.<\/p>\n<h2>Quels sont les num\u00e9ros les moins fr\u00e9quemment tir\u00e9s \u00e0 l\u2019Eurojackpot ?<\/h2>\n<p>\u00c0 l\u2019autre extr\u00e9mit\u00e9 du spectre, certains num\u00e9ros apparaissent moins souvent dans les tirages Eurojackpot et sont qualifi\u00e9s de \u00ab num\u00e9ros froids \u00bb. Les num\u00e9ros Eurojackpot les moins fr\u00e9quemment tir\u00e9s sont : <strong>48, 2, 36, 50 ainsi qu\u2019une \u00e9galit\u00e9 entre 24, 27 et 31<\/strong>. Les num\u00e9ros Euro les moins tir\u00e9s sont <strong>9 et 10<\/strong>. Certains joueurs pensent que ces num\u00e9ros froids sont \u00ab dus \u00bb et devraient appara\u00eetre prochainement, bien qu\u2019il soit important de comprendre que <strong>chaque tirage est totalement al\u00e9atoire et ind\u00e9pendant<\/strong>. M\u00eame si ce n\u2019est pas ainsi que fonctionnent les loteries \u2014 chaque tirage est enti\u00e8rement al\u00e9atoire et sans lien avec le pr\u00e9c\u00e9dent \u2014 il reste amusant de d\u00e9couvrir quels num\u00e9ros sont apparus le moins souvent. Que vous choisissiez des num\u00e9ros chauds, froids ou un m\u00e9lange des deux, rappelez-vous que <strong>les r\u00e9sultats de la loterie reposent en fin de compte sur le hasard<\/strong>.<\/p>\n<h2>Combien de personnes ont gagn\u00e9 lors du dernier tirage Eurojackpot ?<img loading=\"lazy\" decoding=\"async\" class=\"alignright wp-image-257777\" src=\"https:\/\/lottomat.com\/wp-content\/uploads\/2025\/11\/play-Eurojackpot-1.webp\" alt=\"jouer \u00e0 Eurojackpot\" width=\"200\" height=\"200\" srcset=\"https:\/\/lottomat.com\/wp-content\/uploads\/2025\/11\/play-Eurojackpot-1.webp 400w, https:\/\/lottomat.com\/wp-content\/uploads\/2025\/11\/play-Eurojackpot-1-300x300.webp 300w, https:\/\/lottomat.com\/wp-content\/uploads\/2025\/11\/play-Eurojackpot-1-150x150.webp 150w, https:\/\/lottomat.com\/wp-content\/uploads\/2025\/11\/play-Eurojackpot-1-100x100.webp 100w\" sizes=\"auto, (max-width: 200px) 100vw, 200px\" \/><\/h2>\n<p>Sur notre site, vous trouverez un tableau d\u00e9taill\u00e9 contenant des informations compl\u00e8tes sur les r\u00e9sultats du dernier tirage Eurojackpot, notamment <strong>le nombre de personnes ayant remport\u00e9 des gains dans chaque cat\u00e9gorie<\/strong> et <strong>le montant exact de chaque gain en euros<\/strong>. Cette r\u00e9partition pr\u00e9sente des gagnants dans les <strong>douze cat\u00e9gories de prix<\/strong>, du gagnant du jackpot \u00e0 ceux ayant valid\u00e9 la combinaison minimale gagnante. En consultant ces informations, vous constaterez que <strong>les joueurs gagnent r\u00e9guli\u00e8rement \u00e0 l\u2019Eurojackpot<\/strong> \u00e0 tous les niveaux de gains. La r\u00e9partition des prix d\u00e9montre l\u2019attrait de la loterie, avec <strong>de multiples fa\u00e7ons de gagner et des gains substantiels<\/strong> m\u00eame pour les cat\u00e9gories inf\u00e9rieures. Cette transparence aide les joueurs \u00e0 comprendre leurs chances et \u00e0 voir l\u2019impact r\u00e9el des tirages Eurojackpot sur les gagnants dans les pays participants. \u00cates-vous pr\u00eat \u00e0 rejoindre le meilleur divertissement ? <a href=\"https:\/\/lottomat.com\/fr\/jouer\/eurojackpot\/\">Jouez \u00e0 l\u2019Eurojackpot en ligne<\/a> sur Lottomat et gagnez gros.<\/p>\n<h2>Que se passe-t-il lorsque personne ne remporte le jackpot ?<\/h2>\n<p>Lorsque aucun joueur ne correspond aux cinq num\u00e9ros principaux et aux deux num\u00e9ros Euro, le montant du jackpot <strong>est report\u00e9 au tirage suivant<\/strong>, cr\u00e9ant ce que l\u2019on appelle un report ou une accumulation. Ce processus signifie que <strong>la cagnotte continue d\u2019augmenter<\/strong> jusqu\u2019\u00e0 ce qu\u2019un joueur remporte le premier prix, rendant les tirages suivants encore plus excitants. Le m\u00e9canisme de report permet aux jackpots d\u2019atteindre des montants consid\u00e9rables, avec un <strong>plafond maximal fix\u00e9 \u00e0 120 millions d\u2019euros<\/strong>. Une fois ce plafond atteint, tous les fonds suppl\u00e9mentaires qui auraient \u00e9t\u00e9 ajout\u00e9s au jackpot sont redistribu\u00e9s aux gagnants de la cat\u00e9gorie de prix suivante. Ce syst\u00e8me permet \u00e0 d\u2019\u00e9normes gains de s\u2019accumuler au fil du temps, offrant la possibilit\u00e9 de gains qui changent la vie et attirant des millions de joueurs \u00e0 travers l\u2019Europe. En savoir plus sur <a href=\"https:\/\/lottomat.com\/fr\/loterie\/eurojackpot\/\">les gains et le jackpot Eurojackpot<\/a> sur notre site.<\/p>\n<h2><img loading=\"lazy\" decoding=\"async\" class=\"alignleft wp-image-257807\" src=\"https:\/\/lottomat.com\/wp-content\/uploads\/2025\/11\/tickets-online.webp\" alt=\"billets en ligne\" width=\"200\" height=\"200\" srcset=\"https:\/\/lottomat.com\/wp-content\/uploads\/2025\/11\/tickets-online.webp 400w, https:\/\/lottomat.com\/wp-content\/uploads\/2025\/11\/tickets-online-300x300.webp 300w, https:\/\/lottomat.com\/wp-content\/uploads\/2025\/11\/tickets-online-150x150.webp 150w, https:\/\/lottomat.com\/wp-content\/uploads\/2025\/11\/tickets-online-100x100.webp 100w\" sizes=\"auto, (max-width: 200px) 100vw, 200px\" \/>Les r\u00e9sultats des tirages Eurojackpot peuvent-ils \u00eatre pr\u00e9dits ?<\/h2>\n<p><strong>Non, les r\u00e9sultats des tirages Eurojackpot ne peuvent pas \u00eatre pr\u00e9dits<\/strong> avec certitude. La loterie utilise un <strong>syst\u00e8me de tirage enti\u00e8rement al\u00e9atoire<\/strong>, dans lequel chaque combinaison de num\u00e9ros a exactement la m\u00eame probabilit\u00e9 math\u00e9matique d\u2019\u00eatre s\u00e9lectionn\u00e9e \u00e0 chaque tirage. Bien que l\u2019analyse statistique puisse montrer quels num\u00e9ros ont \u00e9t\u00e9 tir\u00e9s plus ou moins fr\u00e9quemment dans le pass\u00e9, ces donn\u00e9es historiques <strong>n\u2019ont aucune influence sur les tirages futurs<\/strong>. Chaque tirage Eurojackpot est un <strong>\u00e9v\u00e9nement ind\u00e9pendant<\/strong>, ce qui signifie que les r\u00e9sultats pr\u00e9c\u00e9dents n\u2019influencent pas les suivants. Tout syst\u00e8me ou strat\u00e9gie pr\u00e9tendant pr\u00e9dire les num\u00e9ros de la loterie est fondamentalement erron\u00e9, car <strong>le v\u00e9ritable hasard ne peut \u00eatre pr\u00e9dit<\/strong> ni manipul\u00e9 par l\u2019analyse ou des mod\u00e8les. Qu\u2019attendez-vous ? Les billets sont peu chers et les chances sont \u00e9lev\u00e9es, alors pr\u00e9parez-vous \u00e0 choisir vos num\u00e9ros et \u00e0 voir ce qui se passera ensuite. <strong>Vous pouvez \u00e9galement <a href=\"https:\/\/lottomat.com\/fr\/jouer\/\">consulter la liste compl\u00e8te de nos loteries en ligne<\/a> avec les jackpots les plus \u00e9lev\u00e9s !<\/strong><\/p>\n","protected":false},"excerpt":{"rendered":"<p>Avez-vous achet\u00e9 des billets Eurojackpot et vous demandez-vous si vous avez gagn\u00e9 ? Tant que vous ne connaissez pas les num\u00e9ros tir\u00e9s, tout est possible, et vous pouvez consulter les r\u00e9sultats de la loterie sur ce site. Nous les publions ultra-rapidement d\u00e8s que nous recevons l\u2019information depuis le site de l\u2019organisateur de l\u2019Eurojackpot, ce qui [&hellip;]<\/p>\n","protected":false},"author":1,"featured_media":0,"parent":7408,"menu_order":4,"comment_status":"closed","ping_status":"closed","template":"eurojackpot-results.php","meta":{"_et_pb_use_builder":"","_et_pb_old_content":"","_et_gb_content_width":"","exclude_from_search":false,"footnotes":""},"class_list":["post-232598","page","type-page","status-publish","hentry"],"yoast_head":"<!-- This site is optimized with the Yoast SEO plugin v23.8 - https:\/\/yoast.com\/wordpress\/plugins\/seo\/ -->\n<title>R\u00e9sultats Eurojackpot \u2013 Num\u00e9ros Gagnants Eurojackpot \u2013 LottoMat<\/title>\n<meta name=\"description\" content=\"Consultez les derniers r\u00e9sultats Eurojackpot. Ici, vous pouvez comparer vos num\u00e9ros avec les num\u00e9ros gagnants officiels de l\u2019Eurojackpot.\" \/>\n<meta name=\"robots\" content=\"index, follow, max-snippet:-1, max-image-preview:large, max-video-preview:-1\" \/>\n<link rel=\"canonical\" href=\"https:\/\/lottomat.com\/fr\/resultats\/eurojackpot\/\" \/>\n<meta property=\"og:locale\" content=\"fr_FR\" \/>\n<meta property=\"og:type\" content=\"article\" \/>\n<meta property=\"og:title\" content=\"R\u00e9sultats Eurojackpot \u2013 Num\u00e9ros Gagnants Eurojackpot \u2013 LottoMat\" \/>\n<meta property=\"og:description\" content=\"Consultez les derniers r\u00e9sultats Eurojackpot. Ici, vous pouvez comparer vos num\u00e9ros avec les num\u00e9ros gagnants officiels de l\u2019Eurojackpot.\" \/>\n<meta property=\"og:url\" content=\"https:\/\/lottomat.com\/fr\/resultats\/eurojackpot\/\" \/>\n<meta property=\"og:site_name\" content=\"Lottomat\" \/>\n<meta property=\"article:modified_time\" content=\"2025-12-21T16:51:08+00:00\" \/>\n<meta property=\"og:image\" content=\"https:\/\/lottomat.com\/wp-content\/uploads\/2025\/11\/Eurojackpot-online-1.webp\" \/>\n<meta name=\"twitter:card\" content=\"summary_large_image\" \/>\n<meta name=\"twitter:label1\" content=\"Dur\u00e9e de lecture estim\u00e9e\" \/>\n\t<meta name=\"twitter:data1\" content=\"7 minutes\" \/>\n<script type=\"application\/ld+json\" class=\"yoast-schema-graph\">{\"@context\":\"https:\/\/schema.org\",\"@graph\":[{\"@type\":\"WebPage\",\"@id\":\"https:\/\/lottomat.com\/fr\/resultats\/eurojackpot\/\",\"url\":\"https:\/\/lottomat.com\/fr\/resultats\/eurojackpot\/\",\"name\":\"R\u00e9sultats Eurojackpot \u2013 Num\u00e9ros Gagnants Eurojackpot \u2013 LottoMat\",\"isPartOf\":{\"@id\":\"https:\/\/lottomat.com\/fr\/#website\"},\"primaryImageOfPage\":{\"@id\":\"https:\/\/lottomat.com\/fr\/resultats\/eurojackpot\/#primaryimage\"},\"image\":{\"@id\":\"https:\/\/lottomat.com\/fr\/resultats\/eurojackpot\/#primaryimage\"},\"thumbnailUrl\":\"https:\/\/lottomat.com\/wp-content\/uploads\/2025\/11\/Eurojackpot-online-1.webp\",\"datePublished\":\"2025-03-27T10:35:32+00:00\",\"dateModified\":\"2025-12-21T16:51:08+00:00\",\"description\":\"Consultez les derniers r\u00e9sultats Eurojackpot. Ici, vous pouvez comparer vos num\u00e9ros avec les num\u00e9ros gagnants officiels de l\u2019Eurojackpot.\",\"breadcrumb\":{\"@id\":\"https:\/\/lottomat.com\/fr\/resultats\/eurojackpot\/#breadcrumb\"},\"inLanguage\":\"fr-FR\",\"potentialAction\":[{\"@type\":\"ReadAction\",\"target\":[\"https:\/\/lottomat.com\/fr\/resultats\/eurojackpot\/\"]}]},{\"@type\":\"ImageObject\",\"inLanguage\":\"fr-FR\",\"@id\":\"https:\/\/lottomat.com\/fr\/resultats\/eurojackpot\/#primaryimage\",\"url\":\"https:\/\/lottomat.com\/wp-content\/uploads\/2025\/11\/Eurojackpot-online-1.webp\",\"contentUrl\":\"https:\/\/lottomat.com\/wp-content\/uploads\/2025\/11\/Eurojackpot-online-1.webp\"},{\"@type\":\"BreadcrumbList\",\"@id\":\"https:\/\/lottomat.com\/fr\/resultats\/eurojackpot\/#breadcrumb\",\"itemListElement\":[{\"@type\":\"ListItem\",\"position\":1,\"name\":\"Home\",\"item\":\"https:\/\/lottomat.com\/fr\/\"},{\"@type\":\"ListItem\",\"position\":2,\"name\":\"Les derniers r\u00e9sultats de loterie et num\u00e9ros gagnants\",\"item\":\"https:\/\/lottomat.com\/fr\/resultats\/\"},{\"@type\":\"ListItem\",\"position\":3,\"name\":\"R\u00e9sultats Eurojackpot et Num\u00e9ros Gagnants\"}]},{\"@type\":\"WebSite\",\"@id\":\"https:\/\/lottomat.com\/fr\/#website\",\"url\":\"https:\/\/lottomat.com\/fr\/\",\"name\":\"Lottomat\",\"description\":\"\",\"potentialAction\":[{\"@type\":\"SearchAction\",\"target\":{\"@type\":\"EntryPoint\",\"urlTemplate\":\"https:\/\/lottomat.com\/fr\/?s={search_term_string}\"},\"query-input\":{\"@type\":\"PropertyValueSpecification\",\"valueRequired\":true,\"valueName\":\"search_term_string\"}}],\"inLanguage\":\"fr-FR\"}]}<\/script>\n<!-- \/ Yoast SEO plugin. -->","yoast_head_json":{"title":"R\u00e9sultats Eurojackpot \u2013 Num\u00e9ros Gagnants Eurojackpot \u2013 LottoMat","description":"Consultez les derniers r\u00e9sultats Eurojackpot. Ici, vous pouvez comparer vos num\u00e9ros avec les num\u00e9ros gagnants officiels de l\u2019Eurojackpot.","robots":{"index":"index","follow":"follow","max-snippet":"max-snippet:-1","max-image-preview":"max-image-preview:large","max-video-preview":"max-video-preview:-1"},"canonical":"https:\/\/lottomat.com\/fr\/resultats\/eurojackpot\/","og_locale":"fr_FR","og_type":"article","og_title":"R\u00e9sultats Eurojackpot \u2013 Num\u00e9ros Gagnants Eurojackpot \u2013 LottoMat","og_description":"Consultez les derniers r\u00e9sultats Eurojackpot. Ici, vous pouvez comparer vos num\u00e9ros avec les num\u00e9ros gagnants officiels de l\u2019Eurojackpot.","og_url":"https:\/\/lottomat.com\/fr\/resultats\/eurojackpot\/","og_site_name":"Lottomat","article_modified_time":"2025-12-21T16:51:08+00:00","og_image":[{"url":"https:\/\/lottomat.com\/wp-content\/uploads\/2025\/11\/Eurojackpot-online-1.webp"}],"twitter_card":"summary_large_image","twitter_misc":{"Dur\u00e9e de lecture estim\u00e9e":"7 minutes"},"schema":{"@context":"https:\/\/schema.org","@graph":[{"@type":"WebPage","@id":"https:\/\/lottomat.com\/fr\/resultats\/eurojackpot\/","url":"https:\/\/lottomat.com\/fr\/resultats\/eurojackpot\/","name":"R\u00e9sultats Eurojackpot \u2013 Num\u00e9ros Gagnants Eurojackpot \u2013 LottoMat","isPartOf":{"@id":"https:\/\/lottomat.com\/fr\/#website"},"primaryImageOfPage":{"@id":"https:\/\/lottomat.com\/fr\/resultats\/eurojackpot\/#primaryimage"},"image":{"@id":"https:\/\/lottomat.com\/fr\/resultats\/eurojackpot\/#primaryimage"},"thumbnailUrl":"https:\/\/lottomat.com\/wp-content\/uploads\/2025\/11\/Eurojackpot-online-1.webp","datePublished":"2025-03-27T10:35:32+00:00","dateModified":"2025-12-21T16:51:08+00:00","description":"Consultez les derniers r\u00e9sultats Eurojackpot. Ici, vous pouvez comparer vos num\u00e9ros avec les num\u00e9ros gagnants officiels de l\u2019Eurojackpot.","breadcrumb":{"@id":"https:\/\/lottomat.com\/fr\/resultats\/eurojackpot\/#breadcrumb"},"inLanguage":"fr-FR","potentialAction":[{"@type":"ReadAction","target":["https:\/\/lottomat.com\/fr\/resultats\/eurojackpot\/"]}]},{"@type":"ImageObject","inLanguage":"fr-FR","@id":"https:\/\/lottomat.com\/fr\/resultats\/eurojackpot\/#primaryimage","url":"https:\/\/lottomat.com\/wp-content\/uploads\/2025\/11\/Eurojackpot-online-1.webp","contentUrl":"https:\/\/lottomat.com\/wp-content\/uploads\/2025\/11\/Eurojackpot-online-1.webp"},{"@type":"BreadcrumbList","@id":"https:\/\/lottomat.com\/fr\/resultats\/eurojackpot\/#breadcrumb","itemListElement":[{"@type":"ListItem","position":1,"name":"Home","item":"https:\/\/lottomat.com\/fr\/"},{"@type":"ListItem","position":2,"name":"Les derniers r\u00e9sultats de loterie et num\u00e9ros gagnants","item":"https:\/\/lottomat.com\/fr\/resultats\/"},{"@type":"ListItem","position":3,"name":"R\u00e9sultats Eurojackpot et Num\u00e9ros Gagnants"}]},{"@type":"WebSite","@id":"https:\/\/lottomat.com\/fr\/#website","url":"https:\/\/lottomat.com\/fr\/","name":"Lottomat","description":"","potentialAction":[{"@type":"SearchAction","target":{"@type":"EntryPoint","urlTemplate":"https:\/\/lottomat.com\/fr\/?s={search_term_string}"},"query-input":{"@type":"PropertyValueSpecification","valueRequired":true,"valueName":"search_term_string"}}],"inLanguage":"fr-FR"}]}},"_links":{"self":[{"href":"https:\/\/lottomat.com\/fr\/wp-json\/wp\/v2\/pages\/232598","targetHints":{"allow":["GET"]}}],"collection":[{"href":"https:\/\/lottomat.com\/fr\/wp-json\/wp\/v2\/pages"}],"about":[{"href":"https:\/\/lottomat.com\/fr\/wp-json\/wp\/v2\/types\/page"}],"author":[{"embeddable":true,"href":"https:\/\/lottomat.com\/fr\/wp-json\/wp\/v2\/users\/1"}],"replies":[{"embeddable":true,"href":"https:\/\/lottomat.com\/fr\/wp-json\/wp\/v2\/comments?post=232598"}],"version-history":[{"count":1,"href":"https:\/\/lottomat.com\/fr\/wp-json\/wp\/v2\/pages\/232598\/revisions"}],"predecessor-version":[{"id":263229,"href":"https:\/\/lottomat.com\/fr\/wp-json\/wp\/v2\/pages\/232598\/revisions\/263229"}],"up":[{"embeddable":true,"href":"https:\/\/lottomat.com\/fr\/wp-json\/wp\/v2\/pages\/7408"}],"wp:attachment":[{"href":"https:\/\/lottomat.com\/fr\/wp-json\/wp\/v2\/media?parent=232598"}],"curies":[{"name":"wp","href":"https:\/\/api.w.org\/{rel}","templated":true}]}}