{"id":10613,"date":"2025-03-26T10:16:37","date_gmt":"2025-03-26T10:16:37","guid":{"rendered":"https:\/\/lottomat.net\/informations-sur-les-loteries\/informations-sur-le-powerball\/"},"modified":"2025-11-16T11:11:28","modified_gmt":"2025-11-16T11:11:28","slug":"powerball","status":"publish","type":"page","link":"https:\/\/lottomat.com\/fr\/loterie\/powerball\/","title":{"rendered":"Powerball Prix, R\u00e8gles et Jackpot"},"content":{"rendered":"\n\n<div class=\"kk-star-ratings kksr-auto kksr-align-left kksr-valign-top\"\n    data-payload='{&quot;align&quot;:&quot;left&quot;,&quot;id&quot;:&quot;10613&quot;,&quot;slug&quot;:&quot;default&quot;,&quot;valign&quot;:&quot;top&quot;,&quot;ignore&quot;:&quot;&quot;,&quot;reference&quot;:&quot;auto&quot;,&quot;class&quot;:&quot;&quot;,&quot;count&quot;:&quot;0&quot;,&quot;legendonly&quot;:&quot;&quot;,&quot;readonly&quot;:&quot;&quot;,&quot;score&quot;:&quot;0&quot;,&quot;starsonly&quot;:&quot;&quot;,&quot;best&quot;:&quot;5&quot;,&quot;gap&quot;:&quot;5&quot;,&quot;greet&quot;:&quot;Rate this page&quot;,&quot;legend&quot;:&quot;0\\\/5 - (0 vote)&quot;,&quot;size&quot;:&quot;30&quot;,&quot;title&quot;:&quot;Powerball Prix, R\u00e8gles et Jackpot&quot;,&quot;width&quot;:&quot;0&quot;,&quot;_legend&quot;:&quot;{score}\\\/{best} - ({count} {votes})&quot;,&quot;font_factor&quot;:&quot;1.25&quot;}'>\n            \n<div class=\"kksr-stars\">\n    \n<div class=\"kksr-stars-inactive\">\n            <div class=\"kksr-star\" data-star=\"1\" style=\"padding-right: 5px\">\n            \n\n<div class=\"kksr-icon\" style=\"width: 30px; height: 30px;\"><\/div>\n        <\/div>\n            <div class=\"kksr-star\" data-star=\"2\" style=\"padding-right: 5px\">\n            \n\n<div class=\"kksr-icon\" style=\"width: 30px; height: 30px;\"><\/div>\n        <\/div>\n            <div class=\"kksr-star\" data-star=\"3\" style=\"padding-right: 5px\">\n            \n\n<div class=\"kksr-icon\" style=\"width: 30px; height: 30px;\"><\/div>\n        <\/div>\n            <div class=\"kksr-star\" data-star=\"4\" style=\"padding-right: 5px\">\n            \n\n<div class=\"kksr-icon\" style=\"width: 30px; height: 30px;\"><\/div>\n        <\/div>\n            <div class=\"kksr-star\" data-star=\"5\" style=\"padding-right: 5px\">\n            \n\n<div class=\"kksr-icon\" style=\"width: 30px; height: 30px;\"><\/div>\n        <\/div>\n    <\/div>\n    \n<div class=\"kksr-stars-active\" style=\"width: 0px;\">\n            <div class=\"kksr-star\" style=\"padding-right: 5px\">\n            \n\n<div class=\"kksr-icon\" style=\"width: 30px; height: 30px;\"><\/div>\n        <\/div>\n            <div class=\"kksr-star\" style=\"padding-right: 5px\">\n            \n\n<div class=\"kksr-icon\" style=\"width: 30px; height: 30px;\"><\/div>\n        <\/div>\n            <div class=\"kksr-star\" style=\"padding-right: 5px\">\n            \n\n<div class=\"kksr-icon\" style=\"width: 30px; height: 30px;\"><\/div>\n        <\/div>\n            <div class=\"kksr-star\" style=\"padding-right: 5px\">\n            \n\n<div class=\"kksr-icon\" style=\"width: 30px; height: 30px;\"><\/div>\n        <\/div>\n            <div class=\"kksr-star\" style=\"padding-right: 5px\">\n            \n\n<div class=\"kksr-icon\" style=\"width: 30px; height: 30px;\"><\/div>\n        <\/div>\n    <\/div>\n<\/div>\n                \n\n<div class=\"kksr-legend\" style=\"font-size: 24px;\">\n            <span class=\"kksr-muted\">Rate this page<\/span>\n    <\/div>\n    <\/div>\n<p>Apprenez-en plus sur les prix Powerball, le jackpot et les r\u00e8gles du jeu. Powerball Lotto \u2013 un jeu de hasard ou une loterie \u2013 est l\u2019une des formes de divertissement les plus populaires au monde dans le domaine des jeux d\u2019argent. La plupart d\u2019entre nous ont d\u00e9j\u00e0 particip\u00e9 \u00e0 un tirage de loterie au moins une fois. Les loteries sont des jeux tr\u00e8s simples et passionnants avec des r\u00e8gles claires. Il n\u2019y a rien de compliqu\u00e9, et tout le monde peut apprendre rapidement les r\u00e8gles de n\u2019importe quelle loterie. Si vous aimez les jeux de nombres et que vous recherchez une nouvelle loterie int\u00e9ressante \u00e0 essayer, vous devriez lire la suite de cet article. Nous allons vous expliquer ce qu\u2019est la c\u00e9l\u00e8bre Powerball lotto, comment le jeu fonctionne, quelles sont les chances et les risques, et combien on peut gagner (prix Powerball et jackpot).<\/p>\n<h2><img loading=\"lazy\" decoding=\"async\" class=\"alignleft wp-image-252449\" src=\"https:\/\/lottomat.com\/wp-content\/uploads\/2025\/10\/Powerball-jackpot-300x300.webp\" alt=\"Powerball jackpot\" width=\"200\" height=\"200\" srcset=\"https:\/\/lottomat.com\/wp-content\/uploads\/2025\/10\/Powerball-jackpot-300x300.webp 300w, https:\/\/lottomat.com\/wp-content\/uploads\/2025\/10\/Powerball-jackpot-150x150.webp 150w, https:\/\/lottomat.com\/wp-content\/uploads\/2025\/10\/Powerball-jackpot-100x100.webp 100w, https:\/\/lottomat.com\/wp-content\/uploads\/2025\/10\/Powerball-jackpot.webp 400w\" sizes=\"auto, (max-width: 200px) 100vw, 200px\" \/>Qu\u2019est-ce que la loterie Powerball ?<\/h2>\n<p>Powerball est une loterie am\u00e9ricaine qui existe depuis <strong>1988<\/strong>. Elle s\u2019appelait autrefois Lotto America, mais en <strong>1992<\/strong>, le nom a \u00e9t\u00e9 chang\u00e9 pour devenir Powerball. La Powerball am\u00e9ricaine est l\u2019une des <a href=\"https:\/\/lottomat.com\/fr\/\">loteries les plus populaires au monde<\/a>; elle dispose de bureaux dans <strong>45 \u00c9tats<\/strong> des \u00c9tats-Unis, ainsi que dans le District de Columbia, \u00e0 Porto Rico et aux \u00celes Vierges. Il convient de noter que cette loterie a \u00e9t\u00e9 la premi\u00e8re \u00e0 introduire le tirage \u00e0 deux tambours, permettant des gains plus \u00e9lev\u00e9s. Les tirages Powerball lotto ont lieu chaque <strong>lundi, mercredi et samedi \u00e0 22h59 EST<\/strong>. Le studio de la Florida Lottery est g\u00e9n\u00e9ralement le lieu du tirage. Si vous ne vivez pas aux \u00c9tats-Unis et ne pouvez pas <a href=\"https:\/\/lottomat.com\/fr\/jouer\/powerball\/\">acheter un ticket Powerball lotto en ligne<\/a>, il vous suffit d\u2019utiliser notre <strong>site LottoMat<\/strong>. Ici, vous pouvez jouer \u00e0 la Powerball lotto sur Internet, lire des articles int\u00e9ressants et <a href=\"https:\/\/lottomat.com\/fr\/resultats\/powerball\/\">consulter les derniers r\u00e9sultats Powerball<\/a>.<\/p>\n<h2>Quelles sont les r\u00e8gles du jeu Powerball ?<\/h2>\n<p>Depuis la cr\u00e9ation de la loterie, les r\u00e8gles ont chang\u00e9 plusieurs fois ; elles ont g\u00e9n\u00e9ralement \u00e9t\u00e9 modernis\u00e9es pour permettre aux joueurs de gagner des prix Powerball plus \u00e9lev\u00e9s. Au d\u00e9part, il fallait s\u00e9lectionner sept num\u00e9ros parmi 40. Ensuite, un second num\u00e9ro bonus a \u00e9t\u00e9 ajout\u00e9 \u00e0 partir d\u2019un ensemble plus petit. La taille de l\u2019ensemble a chang\u00e9 plusieurs fois jusqu\u2019\u00e0 ce qu\u2019il soit finalement \u00e9tabli qu\u2019il faut choisir <strong>cinq num\u00e9ros sur 69 et un sur 26<\/strong> appel\u00e9s Powerballs. Ces r\u00e8gles sont toujours en vigueur aujourd\u2019hui. Un num\u00e9ro du tirage principal peut \u00eatre identique au second.<\/p>\n<h2>Quels sont les risques et les chances de gagner des prix Powerball ?<\/h2>\n<p>En un mot, ils sont faibles. La probabilit\u00e9 de gagner le premier prix est de <strong>1 sur 292 millions<\/strong>. Les chances de gagner le deuxi\u00e8me prix sont de <strong>1 sur 11,5 millions<\/strong>, ce qui repr\u00e9sente un \u00e9cart \u00e9norme, et elles diminuent encore ensuite. \u00c0 titre de comparaison, les chances de gagner le gros lot du Lotto polonais sont de 1 sur 14 millions. Dans la Powerball lotto, <strong>1 ticket sur 25 envoy\u00e9s gagne<\/strong>. Le risque n\u2019est donc pas faible, mais les gains ne le sont pas non plus ; en fait, ils figurent parmi les plus \u00e9lev\u00e9s au monde. C\u2019est pourquoi, malgr\u00e9 de faibles probabilit\u00e9s, le nombre de personnes int\u00e9ress\u00e9es par la Powerball ne cesse d\u2019augmenter chaque ann\u00e9e. La mise minimale Powerball est de <strong>5 dollars<\/strong>, ce qui reste tr\u00e8s attractif pour la plupart des joueurs, surtout compte tenu des gains \u00e9lev\u00e9s.<\/p>\n<h2><img loading=\"lazy\" decoding=\"async\" class=\"wp-image-252479 alignright\" src=\"https:\/\/lottomat.com\/wp-content\/uploads\/2025\/10\/Powerball-prizes-300x300.webp\" alt=\"Powerball prix\" width=\"200\" height=\"200\" srcset=\"https:\/\/lottomat.com\/wp-content\/uploads\/2025\/10\/Powerball-prizes-300x300.webp 300w, https:\/\/lottomat.com\/wp-content\/uploads\/2025\/10\/Powerball-prizes-150x150.webp 150w, https:\/\/lottomat.com\/wp-content\/uploads\/2025\/10\/Powerball-prizes-100x100.webp 100w, https:\/\/lottomat.com\/wp-content\/uploads\/2025\/10\/Powerball-prizes.webp 400w\" sizes=\"auto, (max-width: 200px) 100vw, 200px\" \/><\/h2>\n<h2>Quels sont les prix Powerball \u2013 combien peut-on gagner ?<\/h2>\n<p>Dire que Powerball offre des gains tr\u00e8s \u00e9lev\u00e9s est un euph\u00e9misme. Nous parlons de sommes \u00e9normes ; il est difficile d\u2019imaginer quoi faire avec un tel montant. Si vous gagnez, vos enfants, petits-enfants et arri\u00e8re-petits-enfants n\u2019auront plus jamais besoin de travailler. Le gain minimum garanti de Powerball est de <strong>20 millions de dollars<\/strong>. Sans parler des gains moyens, qui tournent autour de 110 \u00e0 120 millions de dollars. Les gains de second niveau paraissent plus modestes \u2013 un \u00ab simple \u00bb <strong>million de dollars<\/strong>. Cependant, il suffit de cocher cinq bons num\u00e9ros pour devenir un heureux gagnant. Tout change, cependant, lorsqu\u2019un rollover se produit. Oh oui ! Un jackpot rollover \u00e0 Powerball est une v\u00e9ritable folie.<\/p>\n<h2>Comment fonctionnent les rollovers Powerball ?<\/h2>\n<p>Ce qui distingue principalement Powerball, par exemple du Lotto polonais, ce sont les \u00e9normes rollovers qui font battre le c\u0153ur plus vite, et les jackpots qui les accompagnent sont incroyablement \u00e9lev\u00e9s. Comment ne pas s\u2019enthousiasmer lorsque Powerball <strong>n\u2019a pas de limite sup\u00e9rieure de rollover<\/strong> ? Cela signifie que, si plusieurs tirages cons\u00e9cutifs ne produisent aucun gagnant du premier prix, le fonds s\u2019accumule jusqu\u2019\u00e0 ce que les bons num\u00e9ros soient tir\u00e9s. Le jackpot rollover est g\u00e9n\u00e9ralement partag\u00e9 entre plusieurs joueurs, ce qui signifie que le gain est r\u00e9parti proportionnellement. Mais il est d\u00e9j\u00e0 arriv\u00e9 dans l\u2019histoire de Powerball qu\u2019une seule personne ait choisi les bons num\u00e9ros et remport\u00e9 le jackpot entier.<\/p>\n<h2>Quel a \u00e9t\u00e9 le gain record de la loterie Powerball ?<img loading=\"lazy\" decoding=\"async\" class=\"wp-image-252509 alignleft\" src=\"https:\/\/lottomat.com\/wp-content\/uploads\/2025\/10\/Powerball-rules-300x300.webp\" alt=\"Powerball r\u00e8gles\" width=\"200\" height=\"200\" srcset=\"https:\/\/lottomat.com\/wp-content\/uploads\/2025\/10\/Powerball-rules-300x300.webp 300w, https:\/\/lottomat.com\/wp-content\/uploads\/2025\/10\/Powerball-rules-150x150.webp 150w, https:\/\/lottomat.com\/wp-content\/uploads\/2025\/10\/Powerball-rules-100x100.webp 100w, https:\/\/lottomat.com\/wp-content\/uploads\/2025\/10\/Powerball-rules.webp 400w\" sizes=\"auto, (max-width: 200px) 100vw, 200px\" \/><\/h2>\n<p>Le jackpot record de l\u2019histoire de Powerball a \u00e9t\u00e9 remport\u00e9 le <strong>7 novembre 2022<\/strong>, atteignant un incroyable <strong>2,04 milliards de dollars<\/strong> avec une valeur en esp\u00e8ces de <strong>997,6 millions de dollars<\/strong>. Cela reste le plus grand jackpot de loterie jamais gagn\u00e9 dans le monde. Le ticket gagnant a \u00e9t\u00e9 vendu en Californie et remport\u00e9 par un seul gagnant. Le deuxi\u00e8me plus grand jackpot Powerball s\u2019\u00e9levait \u00e0 <strong>1,787 milliard de dollars<\/strong>, remport\u00e9 en septembre 2025 gr\u00e2ce \u00e0 des tickets vendus au Missouri et au Texas.<\/p>\n<h2>Qui peut jouer \u00e0 Powerball et gagner des prix Powerball ?<\/h2>\n<p>Tout le monde peut jouer, \u00e0 condition d\u2019\u00eatre majeur. Il n\u2019y a pas si longtemps, Powerball \u00e9tait r\u00e9serv\u00e9 aux Am\u00e9ricains ou \u00e0 toute personne se trouvant sur le territoire des \u00c9tats-Unis pouvant acc\u00e9der \u00e0 un bureau de loterie. Aujourd\u2019hui, tout est diff\u00e9rent. Et cela gr\u00e2ce aux loteries en ligne et \u00e0 notre <a href=\"https:\/\/lottomat.com\/fr\/\"><strong>site LottoMat<\/strong><\/a>. Peu importe si vous vivez en Afrique, en Asie ou en Europe. Que vous soyez assis \u00e0 votre bureau, allong\u00e9 dans votre lit, en train de courir ou de vous d\u00e9tendre dans votre jardin. Vous pouvez jouer \u00e0 Powerball et gagner le jackpot Powerball o\u00f9 que vous soyez. Les loteries en ligne sont devenues incroyablement populaires ; la plupart des joueurs pr\u00e9f\u00e8rent cette solution car elle est pratique. Tout ce dont vous avez besoin, c\u2019est d\u2019un <strong>acc\u00e8s \u00e0 Internet<\/strong>. Cela donne aux joueurs une grande libert\u00e9 dans le monde entier.<\/p>\n<h2>Comment jouer \u00e0 Powerball sur Internet ?<\/h2>\n<p>Il vous suffit de vous connecter sur le <strong>site LottoMat<\/strong> et de remplir un ticket avec vos num\u00e9ros pr\u00e9f\u00e9r\u00e9s. C\u2019est tout. Ensuite, attendez le tirage et consultez les r\u00e9sultats Powerball. Ils sont \u00e9galement faciles \u00e0 v\u00e9rifier sur notre site. Jouer \u00e0 Powerball en ligne est extr\u00eamement simple et procure beaucoup d\u2019\u00e9motions.<\/p>\n<h2>Quand ont lieu les tirages Powerball Lotto ?<\/h2>\n<p>Les tirages Powerball ont lieu <strong>trois fois par semaine \u2013 le lundi, le mercredi et le samedi<\/strong>. Vous cherchez de fortes \u00e9motions et des gains fantastiques ? Jouez \u00e0 Powerball lotto en ligne \u2013 rapidement, facilement et sans quitter la maison. Bonne chance !<\/p>\n<h2>Tableau des prix Powerball et des chances de gagner<\/h2>\n","protected":false},"excerpt":{"rendered":"<p>Apprenez-en plus sur les prix Powerball, le jackpot et les r\u00e8gles du jeu. Powerball Lotto \u2013 un jeu de hasard ou une loterie \u2013 est l\u2019une des formes de divertissement les plus populaires au monde dans le domaine des jeux d\u2019argent. La plupart d\u2019entre nous ont d\u00e9j\u00e0 particip\u00e9 \u00e0 un tirage de loterie au moins [&hellip;]<\/p>\n","protected":false},"author":1,"featured_media":0,"parent":6863,"menu_order":1,"comment_status":"closed","ping_status":"closed","template":"powerball-usa-info.php","meta":{"_et_pb_use_builder":"","_et_pb_old_content":"","_et_gb_content_width":"","exclude_from_search":false,"footnotes":""},"class_list":["post-10613","page","type-page","status-publish","hentry"],"yoast_head":"<!-- This site is optimized with the Yoast SEO plugin v23.8 - https:\/\/yoast.com\/wordpress\/plugins\/seo\/ -->\n<title>Prix, r\u00e8gles et jackpot du Powerball - Informations sur le Powerball - LottoMat<\/title>\n<meta name=\"description\" content=\"V\u00e9rifiez les prix Powerball, le jackpot et les r\u00e8gles du jeu Powerball. D\u00e9couvrez vos chances de gagner \u00e0 cette loterie am\u00e9ricaine.\" \/>\n<meta name=\"robots\" content=\"index, follow, max-snippet:-1, max-image-preview:large, max-video-preview:-1\" \/>\n<link rel=\"canonical\" href=\"https:\/\/lottomat.com\/fr\/loterie\/powerball\/\" \/>\n<meta property=\"og:locale\" content=\"fr_FR\" \/>\n<meta property=\"og:type\" content=\"article\" \/>\n<meta property=\"og:title\" content=\"Prix, r\u00e8gles et jackpot du Powerball - Informations sur le Powerball - LottoMat\" \/>\n<meta property=\"og:description\" content=\"V\u00e9rifiez les prix Powerball, le jackpot et les r\u00e8gles du jeu Powerball. D\u00e9couvrez vos chances de gagner \u00e0 cette loterie am\u00e9ricaine.\" \/>\n<meta property=\"og:url\" content=\"https:\/\/lottomat.com\/fr\/loterie\/powerball\/\" \/>\n<meta property=\"og:site_name\" content=\"Lottomat\" \/>\n<meta property=\"article:modified_time\" content=\"2025-11-16T11:11:28+00:00\" \/>\n<meta property=\"og:image\" content=\"https:\/\/lottomat.com\/wp-content\/uploads\/2025\/10\/Powerball-jackpot-300x300.webp\" \/>\n<meta name=\"twitter:card\" content=\"summary_large_image\" \/>\n<meta name=\"twitter:label1\" content=\"Dur\u00e9e de lecture estim\u00e9e\" \/>\n\t<meta name=\"twitter:data1\" content=\"6 minutes\" \/>\n<script type=\"application\/ld+json\" class=\"yoast-schema-graph\">{\"@context\":\"https:\/\/schema.org\",\"@graph\":[{\"@type\":\"WebPage\",\"@id\":\"https:\/\/lottomat.com\/fr\/loterie\/powerball\/\",\"url\":\"https:\/\/lottomat.com\/fr\/loterie\/powerball\/\",\"name\":\"Prix, r\u00e8gles et jackpot du Powerball - Informations sur le Powerball - LottoMat\",\"isPartOf\":{\"@id\":\"https:\/\/lottomat.com\/fr\/#website\"},\"primaryImageOfPage\":{\"@id\":\"https:\/\/lottomat.com\/fr\/loterie\/powerball\/#primaryimage\"},\"image\":{\"@id\":\"https:\/\/lottomat.com\/fr\/loterie\/powerball\/#primaryimage\"},\"thumbnailUrl\":\"https:\/\/lottomat.com\/wp-content\/uploads\/2025\/10\/Powerball-jackpot-300x300.webp\",\"datePublished\":\"2025-03-26T10:16:37+00:00\",\"dateModified\":\"2025-11-16T11:11:28+00:00\",\"description\":\"V\u00e9rifiez les prix Powerball, le jackpot et les r\u00e8gles du jeu Powerball. D\u00e9couvrez vos chances de gagner \u00e0 cette loterie am\u00e9ricaine.\",\"breadcrumb\":{\"@id\":\"https:\/\/lottomat.com\/fr\/loterie\/powerball\/#breadcrumb\"},\"inLanguage\":\"fr-FR\",\"potentialAction\":[{\"@type\":\"ReadAction\",\"target\":[\"https:\/\/lottomat.com\/fr\/loterie\/powerball\/\"]}]},{\"@type\":\"ImageObject\",\"inLanguage\":\"fr-FR\",\"@id\":\"https:\/\/lottomat.com\/fr\/loterie\/powerball\/#primaryimage\",\"url\":\"https:\/\/lottomat.com\/wp-content\/uploads\/2025\/10\/Powerball-jackpot-300x300.webp\",\"contentUrl\":\"https:\/\/lottomat.com\/wp-content\/uploads\/2025\/10\/Powerball-jackpot-300x300.webp\"},{\"@type\":\"BreadcrumbList\",\"@id\":\"https:\/\/lottomat.com\/fr\/loterie\/powerball\/#breadcrumb\",\"itemListElement\":[{\"@type\":\"ListItem\",\"position\":1,\"name\":\"Home\",\"item\":\"https:\/\/lottomat.com\/fr\/\"},{\"@type\":\"ListItem\",\"position\":2,\"name\":\"R\u00e8gles de la loterie : Gains, Jackpot et Probabilit\u00e9s\",\"item\":\"https:\/\/lottomat.com\/fr\/loterie\/\"},{\"@type\":\"ListItem\",\"position\":3,\"name\":\"Powerball Prix, R\u00e8gles et Jackpot\"}]},{\"@type\":\"WebSite\",\"@id\":\"https:\/\/lottomat.com\/fr\/#website\",\"url\":\"https:\/\/lottomat.com\/fr\/\",\"name\":\"Lottomat\",\"description\":\"\",\"potentialAction\":[{\"@type\":\"SearchAction\",\"target\":{\"@type\":\"EntryPoint\",\"urlTemplate\":\"https:\/\/lottomat.com\/fr\/?s={search_term_string}\"},\"query-input\":{\"@type\":\"PropertyValueSpecification\",\"valueRequired\":true,\"valueName\":\"search_term_string\"}}],\"inLanguage\":\"fr-FR\"}]}<\/script>\n<!-- \/ Yoast SEO plugin. -->","yoast_head_json":{"title":"Prix, r\u00e8gles et jackpot du Powerball - Informations sur le Powerball - LottoMat","description":"V\u00e9rifiez les prix Powerball, le jackpot et les r\u00e8gles du jeu Powerball. D\u00e9couvrez vos chances de gagner \u00e0 cette loterie am\u00e9ricaine.","robots":{"index":"index","follow":"follow","max-snippet":"max-snippet:-1","max-image-preview":"max-image-preview:large","max-video-preview":"max-video-preview:-1"},"canonical":"https:\/\/lottomat.com\/fr\/loterie\/powerball\/","og_locale":"fr_FR","og_type":"article","og_title":"Prix, r\u00e8gles et jackpot du Powerball - Informations sur le Powerball - LottoMat","og_description":"V\u00e9rifiez les prix Powerball, le jackpot et les r\u00e8gles du jeu Powerball. D\u00e9couvrez vos chances de gagner \u00e0 cette loterie am\u00e9ricaine.","og_url":"https:\/\/lottomat.com\/fr\/loterie\/powerball\/","og_site_name":"Lottomat","article_modified_time":"2025-11-16T11:11:28+00:00","og_image":[{"url":"https:\/\/lottomat.com\/wp-content\/uploads\/2025\/10\/Powerball-jackpot-300x300.webp"}],"twitter_card":"summary_large_image","twitter_misc":{"Dur\u00e9e de lecture estim\u00e9e":"6 minutes"},"schema":{"@context":"https:\/\/schema.org","@graph":[{"@type":"WebPage","@id":"https:\/\/lottomat.com\/fr\/loterie\/powerball\/","url":"https:\/\/lottomat.com\/fr\/loterie\/powerball\/","name":"Prix, r\u00e8gles et jackpot du Powerball - Informations sur le Powerball - LottoMat","isPartOf":{"@id":"https:\/\/lottomat.com\/fr\/#website"},"primaryImageOfPage":{"@id":"https:\/\/lottomat.com\/fr\/loterie\/powerball\/#primaryimage"},"image":{"@id":"https:\/\/lottomat.com\/fr\/loterie\/powerball\/#primaryimage"},"thumbnailUrl":"https:\/\/lottomat.com\/wp-content\/uploads\/2025\/10\/Powerball-jackpot-300x300.webp","datePublished":"2025-03-26T10:16:37+00:00","dateModified":"2025-11-16T11:11:28+00:00","description":"V\u00e9rifiez les prix Powerball, le jackpot et les r\u00e8gles du jeu Powerball. D\u00e9couvrez vos chances de gagner \u00e0 cette loterie am\u00e9ricaine.","breadcrumb":{"@id":"https:\/\/lottomat.com\/fr\/loterie\/powerball\/#breadcrumb"},"inLanguage":"fr-FR","potentialAction":[{"@type":"ReadAction","target":["https:\/\/lottomat.com\/fr\/loterie\/powerball\/"]}]},{"@type":"ImageObject","inLanguage":"fr-FR","@id":"https:\/\/lottomat.com\/fr\/loterie\/powerball\/#primaryimage","url":"https:\/\/lottomat.com\/wp-content\/uploads\/2025\/10\/Powerball-jackpot-300x300.webp","contentUrl":"https:\/\/lottomat.com\/wp-content\/uploads\/2025\/10\/Powerball-jackpot-300x300.webp"},{"@type":"BreadcrumbList","@id":"https:\/\/lottomat.com\/fr\/loterie\/powerball\/#breadcrumb","itemListElement":[{"@type":"ListItem","position":1,"name":"Home","item":"https:\/\/lottomat.com\/fr\/"},{"@type":"ListItem","position":2,"name":"R\u00e8gles de la loterie : Gains, Jackpot et Probabilit\u00e9s","item":"https:\/\/lottomat.com\/fr\/loterie\/"},{"@type":"ListItem","position":3,"name":"Powerball Prix, R\u00e8gles et Jackpot"}]},{"@type":"WebSite","@id":"https:\/\/lottomat.com\/fr\/#website","url":"https:\/\/lottomat.com\/fr\/","name":"Lottomat","description":"","potentialAction":[{"@type":"SearchAction","target":{"@type":"EntryPoint","urlTemplate":"https:\/\/lottomat.com\/fr\/?s={search_term_string}"},"query-input":{"@type":"PropertyValueSpecification","valueRequired":true,"valueName":"search_term_string"}}],"inLanguage":"fr-FR"}]}},"_links":{"self":[{"href":"https:\/\/lottomat.com\/fr\/wp-json\/wp\/v2\/pages\/10613","targetHints":{"allow":["GET"]}}],"collection":[{"href":"https:\/\/lottomat.com\/fr\/wp-json\/wp\/v2\/pages"}],"about":[{"href":"https:\/\/lottomat.com\/fr\/wp-json\/wp\/v2\/types\/page"}],"author":[{"embeddable":true,"href":"https:\/\/lottomat.com\/fr\/wp-json\/wp\/v2\/users\/1"}],"replies":[{"embeddable":true,"href":"https:\/\/lottomat.com\/fr\/wp-json\/wp\/v2\/comments?post=10613"}],"version-history":[{"count":2,"href":"https:\/\/lottomat.com\/fr\/wp-json\/wp\/v2\/pages\/10613\/revisions"}],"predecessor-version":[{"id":257511,"href":"https:\/\/lottomat.com\/fr\/wp-json\/wp\/v2\/pages\/10613\/revisions\/257511"}],"up":[{"embeddable":true,"href":"https:\/\/lottomat.com\/fr\/wp-json\/wp\/v2\/pages\/6863"}],"wp:attachment":[{"href":"https:\/\/lottomat.com\/fr\/wp-json\/wp\/v2\/media?parent=10613"}],"curies":[{"name":"wp","href":"https:\/\/api.w.org\/{rel}","templated":true}]}}