{"id":10050,"date":"2025-03-26T13:41:46","date_gmt":"2025-03-26T13:41:46","guid":{"rendered":"https:\/\/lottomat.net\/informations-sur-les-loteries\/informations-sur-mega-millions\/"},"modified":"2026-02-26T20:32:03","modified_gmt":"2026-02-26T20:32:03","slug":"mega-millions","status":"publish","type":"page","link":"https:\/\/lottomat.com\/fr\/loterie\/mega-millions\/","title":{"rendered":"Mega Millions Prix, R\u00e8gles et Jackpot"},"content":{"rendered":"\n\n<div class=\"kk-star-ratings kksr-auto kksr-align-left kksr-valign-top\"\n    data-payload='{&quot;align&quot;:&quot;left&quot;,&quot;id&quot;:&quot;10050&quot;,&quot;slug&quot;:&quot;default&quot;,&quot;valign&quot;:&quot;top&quot;,&quot;ignore&quot;:&quot;&quot;,&quot;reference&quot;:&quot;auto&quot;,&quot;class&quot;:&quot;&quot;,&quot;count&quot;:&quot;0&quot;,&quot;legendonly&quot;:&quot;&quot;,&quot;readonly&quot;:&quot;&quot;,&quot;score&quot;:&quot;0&quot;,&quot;starsonly&quot;:&quot;&quot;,&quot;best&quot;:&quot;5&quot;,&quot;gap&quot;:&quot;5&quot;,&quot;greet&quot;:&quot;Rate this page&quot;,&quot;legend&quot;:&quot;0\\\/5 - (0 vote)&quot;,&quot;size&quot;:&quot;30&quot;,&quot;title&quot;:&quot;Mega Millions Prix, R\u00e8gles et Jackpot&quot;,&quot;width&quot;:&quot;0&quot;,&quot;_legend&quot;:&quot;{score}\\\/{best} - ({count} {votes})&quot;,&quot;font_factor&quot;:&quot;1.25&quot;}'>\n            \n<div class=\"kksr-stars\">\n    \n<div class=\"kksr-stars-inactive\">\n            <div class=\"kksr-star\" data-star=\"1\" style=\"padding-right: 5px\">\n            \n\n<div class=\"kksr-icon\" style=\"width: 30px; height: 30px;\"><\/div>\n        <\/div>\n            <div class=\"kksr-star\" data-star=\"2\" style=\"padding-right: 5px\">\n            \n\n<div class=\"kksr-icon\" style=\"width: 30px; height: 30px;\"><\/div>\n        <\/div>\n            <div class=\"kksr-star\" data-star=\"3\" style=\"padding-right: 5px\">\n            \n\n<div class=\"kksr-icon\" style=\"width: 30px; height: 30px;\"><\/div>\n        <\/div>\n            <div class=\"kksr-star\" data-star=\"4\" style=\"padding-right: 5px\">\n            \n\n<div class=\"kksr-icon\" style=\"width: 30px; height: 30px;\"><\/div>\n        <\/div>\n            <div class=\"kksr-star\" data-star=\"5\" style=\"padding-right: 5px\">\n            \n\n<div class=\"kksr-icon\" style=\"width: 30px; height: 30px;\"><\/div>\n        <\/div>\n    <\/div>\n    \n<div class=\"kksr-stars-active\" style=\"width: 0px;\">\n            <div class=\"kksr-star\" style=\"padding-right: 5px\">\n            \n\n<div class=\"kksr-icon\" style=\"width: 30px; height: 30px;\"><\/div>\n        <\/div>\n            <div class=\"kksr-star\" style=\"padding-right: 5px\">\n            \n\n<div class=\"kksr-icon\" style=\"width: 30px; height: 30px;\"><\/div>\n        <\/div>\n            <div class=\"kksr-star\" style=\"padding-right: 5px\">\n            \n\n<div class=\"kksr-icon\" style=\"width: 30px; height: 30px;\"><\/div>\n        <\/div>\n            <div class=\"kksr-star\" style=\"padding-right: 5px\">\n            \n\n<div class=\"kksr-icon\" style=\"width: 30px; height: 30px;\"><\/div>\n        <\/div>\n            <div class=\"kksr-star\" style=\"padding-right: 5px\">\n            \n\n<div class=\"kksr-icon\" style=\"width: 30px; height: 30px;\"><\/div>\n        <\/div>\n    <\/div>\n<\/div>\n                \n\n<div class=\"kksr-legend\" style=\"font-size: 24px;\">\n            <span class=\"kksr-muted\">Rate this page<\/span>\n    <\/div>\n    <\/div>\n<p><strong>Voulez-vous gagner des prix et des jackpots Mega Millions ?<\/strong> Les joueurs du monde entier se demandent sans cesse comment percer le syst\u00e8me des jeux de nombres, sur quelle loterie parier, s\u2019il vaut mieux jouer des combinaisons ou rester fid\u00e8le \u00e0 un seul jeu. Malheureusement, il n\u2019existe pas de r\u00e9ponse unique \u00e0 cette question. Chaque joueur exp\u00e9riment\u00e9 a ses propres th\u00e9ories, croyances et habitudes. Ce que vous pouvez faire, avant tout, c\u2019est en apprendre le plus possible sur les diff\u00e9rentes loteries en ligne afin de faire un choix \u00e9clair\u00e9 sur celle \u00e0 laquelle jouer. Tout ce qu\u2019il faut savoir sur les meilleurs et les plus populaires jeux de hasard en ligne se trouve sur le site LottoMat. Vous pouvez \u00e9galement y jouer \u00e0 votre loterie pr\u00e9f\u00e9r\u00e9e ou <a href=\"https:\/\/lottomat.com\/fr\/resultats\/\">consulter les derniers r\u00e9sultats des tirages<\/a>. Dans l\u2019article ci-dessous, nous nous concentrerons sur les prix, les r\u00e8gles et les informations essentielles de Mega Millions.<\/p>\n<h2>Qu\u2019est-ce que la loterie Mega Millions ?<img loading=\"lazy\" decoding=\"async\" class=\"alignright wp-image-253136\" src=\"https:\/\/lottomat.com\/wp-content\/uploads\/2025\/10\/prizes-and-jackpot.webp\" alt=\"prix et jackpot\" width=\"200\" height=\"200\" srcset=\"https:\/\/lottomat.com\/wp-content\/uploads\/2025\/10\/prizes-and-jackpot.webp 400w, https:\/\/lottomat.com\/wp-content\/uploads\/2025\/10\/prizes-and-jackpot-300x300.webp 300w, https:\/\/lottomat.com\/wp-content\/uploads\/2025\/10\/prizes-and-jackpot-150x150.webp 150w, https:\/\/lottomat.com\/wp-content\/uploads\/2025\/10\/prizes-and-jackpot-100x100.webp 100w\" sizes=\"auto, (max-width: 200px) 100vw, 200px\" \/><\/h2>\n<p>Mega Millions en ligne, avec le Powerball, est la loterie am\u00e9ricaine la plus populaire. Elle a gagn\u00e9 en popularit\u00e9 gr\u00e2ce \u00e0 ses r\u00e8gles simples, sa facilit\u00e9 de jeu, ses gains astronomiques et, surtout, ses incroyables chances de victoire. Des \u00e9motions intenses accompagnent chaque tirage, et lorsqu\u2019un jackpot Mega Millions est en jeu, ce n\u2019est pas seulement les joueurs qui s\u2019enthousiasment, mais aussi ceux qui n\u2019y participent m\u00eame pas. Presque tous les Am\u00e9ricains ach\u00e8tent un billet pour cette loterie, m\u00eame ceux qui ne s\u2019int\u00e9ressent pas particuli\u00e8rement aux jeux de hasard. Les jackpots passionnent non seulement les Am\u00e9ricains, mais le jeu est \u00e9galement populaire dans le monde entier. Gr\u00e2ce \u00e0 la possibilit\u00e9 de <a href=\"https:\/\/lottomat.com\/fr\/jouer\/megamillions\/\">jouer \u00e0 Mega Millions en ligne<\/a>, tout adulte peut participer \u00e0 cette incroyable loterie depuis n\u2019importe o\u00f9 dans le monde.<\/p>\n<h2>Quelle est l\u2019histoire de Mega Millions ?<\/h2>\n<p>Cette loterie a \u00e9t\u00e9 fond\u00e9e en 1996 et s\u2019appelait \u00e0 l\u2019origine The Big Game. Six ans plus tard, elle a \u00e9t\u00e9 rebaptis\u00e9e sous le nom qu\u2019on lui conna\u00eet aujourd\u2019hui : Mega Millions. Au d\u00e9part, elle n\u2019\u00e9tait disponible que dans six \u00c9tats : la G\u00e9orgie, le Maryland, l\u2019Illinois, le Massachusetts, la Virginie et le Michigan. Aujourd\u2019hui, Mega Millions est pr\u00e9sente dans <strong>45 \u00c9tats, le district de Columbia et les \u00eeles Vierges am\u00e9ricaines<\/strong>. Les tirages Mega Millions ont lieu chaque <strong>mercredi et samedi soir \u00e0 03:00 UTC<\/strong>, y compris pendant les jours f\u00e9ri\u00e9s reconnus par la loterie de G\u00e9orgie. Les tirages des prix et du jackpot principal Mega Millions se d\u00e9roulent \u00e0 Atlanta, en G\u00e9orgie.<\/p>\n<h2><img loading=\"lazy\" decoding=\"async\" class=\"alignleft wp-image-253166\" src=\"https:\/\/lottomat.com\/wp-content\/uploads\/2025\/10\/Mega-Millions-jackpot.webp\" alt=\"jackpot Mega Millions\" width=\"200\" height=\"200\" srcset=\"https:\/\/lottomat.com\/wp-content\/uploads\/2025\/10\/Mega-Millions-jackpot.webp 400w, https:\/\/lottomat.com\/wp-content\/uploads\/2025\/10\/Mega-Millions-jackpot-300x300.webp 300w, https:\/\/lottomat.com\/wp-content\/uploads\/2025\/10\/Mega-Millions-jackpot-150x150.webp 150w, https:\/\/lottomat.com\/wp-content\/uploads\/2025\/10\/Mega-Millions-jackpot-100x100.webp 100w\" sizes=\"auto, (max-width: 200px) 100vw, 200px\" \/>Quelles sont les r\u00e8gles de Mega Millions ?<\/h2>\n<p>Les r\u00e8gles actuelles de Mega Millions sont simples, similaires \u00e0 celles d\u2019autres loteries. Pour jouer, vous devez s\u00e9lectionner <strong>cinq num\u00e9ros parmi 70<\/strong> et un num\u00e9ro suppl\u00e9mentaire (appel\u00e9 Mega Ball) parmi <strong>24 boules dor\u00e9es<\/strong>. Ce num\u00e9ro suppl\u00e9mentaire, le Mega Ball, est tir\u00e9 d\u2019un second ensemble de num\u00e9ros, ce qui lui permet de correspondre \u00e0 un num\u00e9ro principal.<\/p>\n<h3>Changements cl\u00e9s en 2025<\/h3>\n<ul class=\"list\">\n<li><strong>Prix du billet :<\/strong> il co\u00fbte d\u00e9sormais 5 $ par jeu (au lieu de 2 $)<\/li>\n<li><strong>Multiplicateur int\u00e9gr\u00e9 :<\/strong> chaque billet inclut automatiquement un multiplicateur (2X, 3X, 4X, 5X ou 10X)<\/li>\n<li><strong>Jackpot de d\u00e9part :<\/strong> augment\u00e9 de 20 millions \u00e0 50 millions de dollars<\/li>\n<li><strong>Meilleures chances :<\/strong> les chances de gagner le jackpot sont pass\u00e9es de 1 sur 302 575 350 \u00e0 1 sur 290 472 336<\/li>\n<li><strong>Ensemble de Mega Ball :<\/strong> r\u00e9duit de 25 \u00e0 24 num\u00e9ros<\/li>\n<\/ul>\n<p><strong>Deviner correctement les six num\u00e9ros<\/strong> vous fait remporter le grand prix. <strong>Les prix de second niveau varient de 2 \u00e0 10 millions de dollars<\/strong> (selon le multiplicateur), et les joueurs peuvent gagner en devinant cinq num\u00e9ros principaux parmi la grande s\u00e9rie. <strong>Des diff\u00e9rences colossales s\u00e9parent<\/strong> le premier et le deuxi\u00e8me niveau des prix Mega Millions ! Si aucun joueur ne devine tous les num\u00e9ros apr\u00e8s un tirage, le jackpot est report\u00e9. Un jackpot Mega Millions cumul\u00e9 peut atteindre des sommes incroyables. C\u2019est donc une excellente id\u00e9e d\u2019acheter des billets Mega Millions en ligne pendant une accumulation.<\/p>\n<h2>Quels sont les plus grands jackpots Mega Millions de l\u2019histoire ?<img loading=\"lazy\" decoding=\"async\" class=\"alignright wp-image-253196\" src=\"https:\/\/lottomat.com\/wp-content\/uploads\/2025\/10\/rules-of-playing.webp\" alt=\"r\u00e8gles du jeu\" width=\"200\" height=\"200\" srcset=\"https:\/\/lottomat.com\/wp-content\/uploads\/2025\/10\/rules-of-playing.webp 400w, https:\/\/lottomat.com\/wp-content\/uploads\/2025\/10\/rules-of-playing-300x300.webp 300w, https:\/\/lottomat.com\/wp-content\/uploads\/2025\/10\/rules-of-playing-150x150.webp 150w, https:\/\/lottomat.com\/wp-content\/uploads\/2025\/10\/rules-of-playing-100x100.webp 100w\" sizes=\"auto, (max-width: 200px) 100vw, 200px\" \/><\/h2>\n<p>Les cinq plus grands jackpots Mega Millions jamais remport\u00e9s sont :<\/p>\n<ol class=\"list\">\n<li><strong>1,602 milliard $<\/strong> (8 ao\u00fbt 2023) \u2014 gagn\u00e9 en Floride<\/li>\n<li><strong>1,537 milliard $<\/strong> (23 octobre 2018) \u2014 gagn\u00e9 en Caroline du Sud<\/li>\n<li><strong>1,35 milliard $<\/strong> (13 janvier 2023) \u2014 gagn\u00e9 dans le Maine<\/li>\n<li><strong>1,337 milliard $<\/strong> (29 juillet 2022) \u2014 gagn\u00e9 dans l\u2019Illinois<\/li>\n<li><strong>1,22 milliard $<\/strong> (27 d\u00e9cembre 2024) \u2014 gagn\u00e9 en Californie<\/li>\n<\/ol>\n<p>Ces jackpots record d\u00e9montrent l\u2019incroyable potentiel des accumulations Mega Millions et montrent que le jeu a produit certains des plus grands gains de loterie de l\u2019histoire mondiale.<\/p>\n<h2>Quel est le risque de jouer \u00e0 Mega Millions ?<\/h2>\n<p>On dit souvent qu\u2019il n\u2019y a pas de plaisir sans risque \u2014 et c\u2019est vrai. Dans le cas de Mega Millions, ce dicton prend tout son sens. Et malheureusement, le risque est \u00e9norme. Les chances de gagner le jackpot Mega Millions et de deviner les six num\u00e9ros sont de <strong>1 sur 290 472 336<\/strong> (en 2025). Une probabilit\u00e9 aussi faible peut d\u00e9courager de nombreux joueurs, mais Mega Millions a ses passionn\u00e9s fid\u00e8les. Le risque est sans aucun doute \u00e9lev\u00e9, mais le prendre peut s\u2019av\u00e9rer tr\u00e8s lucratif. Mega Millions est un jeu pour les joueurs audacieux, ceux qui aiment prendre des risques et viser des millions. Les joueurs prudents, qui pr\u00e9f\u00e8rent minimiser le risque, seront probablement moins int\u00e9ress\u00e9s. Heureusement, sur le <a href=\"https:\/\/lottomat.com\/fr\/\">site LottoMat<\/a>, chacun peut trouver la loterie en ligne qui lui convient le mieux.<\/p>\n<h2><img loading=\"lazy\" decoding=\"async\" class=\"alignleft wp-image-253226\" src=\"https:\/\/lottomat.com\/wp-content\/uploads\/2025\/10\/Mega-Millions-rules.webp\" alt=\"r\u00e8gles Mega Millions\" width=\"200\" height=\"200\" srcset=\"https:\/\/lottomat.com\/wp-content\/uploads\/2025\/10\/Mega-Millions-rules.webp 400w, https:\/\/lottomat.com\/wp-content\/uploads\/2025\/10\/Mega-Millions-rules-300x300.webp 300w, https:\/\/lottomat.com\/wp-content\/uploads\/2025\/10\/Mega-Millions-rules-150x150.webp 150w, https:\/\/lottomat.com\/wp-content\/uploads\/2025\/10\/Mega-Millions-rules-100x100.webp 100w\" sizes=\"auto, (max-width: 200px) 100vw, 200px\" \/>Quels sont les prix de Mega Millions et combien peut-on gagner ?<\/h2>\n<p>La valeur garantie du prix de premier niveau est d\u00e9sormais de <strong>50 millions de dollars<\/strong> comme jackpot initial, une augmentation significative par rapport aux seuils pr\u00e9c\u00e9dents de 15 puis 20 millions de dollars. Ce changement a rendu le jeu encore plus intense et attrayant pour les joueurs. Mega Millions propose neuf niveaux de prix diff\u00e9rents \u2014 du simple Mega Ball jusqu\u2019au jackpot complet. Le format 2025 inclut une <strong>fonction de multiplicateur int\u00e9gr\u00e9e<\/strong> qui peut augmenter les gains hors jackpot de 2, 3, 4, 5 ou 10 fois la mise de base. Cela signifie que m\u00eame les petites victoires peuvent se transformer en gains consid\u00e9rables. Le prix de second niveau (cinq num\u00e9ros principaux sans Mega Ball) peut d\u00e9sormais varier entre <strong>2 et 10 millions de dollars<\/strong> selon le multiplicateur tir\u00e9. Tous les autres niveaux de prix b\u00e9n\u00e9ficient \u00e9galement de cette fonction automatique de multiplication, rendant chaque billet potentiellement plus pr\u00e9cieux qu\u2019auparavant.<\/p>\n<h2>Qui peut jouer \u00e0 Mega Millions et gagner ?<\/h2>\n<p>Si vous \u00eates aux \u00c9tats-Unis, vous pouvez acheter un billet dans un point de vente physique. Si vous \u00eates en dehors des \u00c9tats-Unis, vous pouvez utiliser le site LottoMat, qui permet d\u2019acheter des billets en ligne. En termes simples, Mega Millions peut \u00eatre jou\u00e9 par <strong>tout adulte ayant acc\u00e8s \u00e0 Internet<\/strong>, c\u2019est-\u00e0-dire \u00e2g\u00e9 de plus de 18 ans. Aujourd\u2019hui, les joueurs du monde entier ont la possibilit\u00e9 d\u2019envoyer des billets pour n\u2019importe quelle loterie en un seul clic, d\u2019en remplir autant qu\u2019ils le souhaitent, et ce, depuis n\u2019importe o\u00f9 dans le monde. Pas de files d\u2019attente, pas de recherche de point de vente, tout en tranquillit\u00e9, sans stress ni pr\u00e9cipitation. Sur le site LottoMat, vous pouvez non seulement jouer \u00e0 Mega Millions, mais aussi d\u00e9couvrir des informations sur les tirages, comment jouer pour gagner et <a href=\"https:\/\/lottomat.com\/fr\/resultats\/mega-millions\/\">consulter les derniers r\u00e9sultats du Mega Millions<\/a>.<\/p>\n<h2>Quelles sont vos chances de gagner \u00e0 Mega Millions ?<img loading=\"lazy\" decoding=\"async\" class=\"alignright wp-image-253256\" src=\"https:\/\/lottomat.com\/wp-content\/uploads\/2025\/10\/Mega-Millions-prizes.webp\" alt=\"prix Mega Millions\" width=\"200\" height=\"200\" srcset=\"https:\/\/lottomat.com\/wp-content\/uploads\/2025\/10\/Mega-Millions-prizes.webp 400w, https:\/\/lottomat.com\/wp-content\/uploads\/2025\/10\/Mega-Millions-prizes-300x300.webp 300w, https:\/\/lottomat.com\/wp-content\/uploads\/2025\/10\/Mega-Millions-prizes-150x150.webp 150w, https:\/\/lottomat.com\/wp-content\/uploads\/2025\/10\/Mega-Millions-prizes-100x100.webp 100w\" sizes=\"auto, (max-width: 200px) 100vw, 200px\" \/><\/h2>\n<p>Les chances globales de gagner un prix quelconque au Mega Millions sont de <strong>1 sur 23<\/strong> (contre 1 sur 24 auparavant, am\u00e9lior\u00e9es en 2025). Bien que les chances de gagner le jackpot soient astronomiques, il existe plusieurs niveaux de prix offrant de meilleures probabilit\u00e9s pour des gains plus modestes. <strong>Souvenez-vous :<\/strong> chaque tirage est al\u00e9atoire, et chaque combinaison de num\u00e9ros a les m\u00eames chances d\u2019\u00eatre tir\u00e9e. La fonction de multiplicateur int\u00e9gr\u00e9e en 2025 garantit que m\u00eame les prix hors jackpot peuvent \u00eatre substantiels, avec la possibilit\u00e9 de gagner jusqu\u2019\u00e0 <strong>10 fois<\/strong> le montant de base. Avec des jackpots d\u00e9passant r\u00e9guli\u00e8rement des centaines de millions et franchissant parfois la barre du milliard de dollars, Mega Millions continue d\u2019offrir aux joueurs du monde entier le r\u00eave d\u2019une richesse instantan\u00e9e.<\/p>\n<h2>Tableau des prix et des probabilit\u00e9s de Mega Millions<\/h2>\n","protected":false},"excerpt":{"rendered":"<p>Voulez-vous gagner des prix et des jackpots Mega Millions ? Les joueurs du monde entier se demandent sans cesse comment percer le syst\u00e8me des jeux de nombres, sur quelle loterie parier, s\u2019il vaut mieux jouer des combinaisons ou rester fid\u00e8le \u00e0 un seul jeu. Malheureusement, il n\u2019existe pas de r\u00e9ponse unique \u00e0 cette question. Chaque [&hellip;]<\/p>\n","protected":false},"author":2,"featured_media":0,"parent":6863,"menu_order":2,"comment_status":"closed","ping_status":"closed","template":"megamillion-info.php","meta":{"_et_pb_use_builder":"","_et_pb_old_content":"","_et_gb_content_width":"","exclude_from_search":false,"footnotes":""},"class_list":["post-10050","page","type-page","status-publish","hentry"],"yoast_head":"<!-- This site is optimized with the Yoast SEO plugin v23.8 - https:\/\/yoast.com\/wordpress\/plugins\/seo\/ -->\n<title>Prix et jackpot Mega Millions [5\/70 + 1\/25] - Lottomat<\/title>\n<meta name=\"description\" content=\"Vous avez la possibilit\u00e9 de gagner des prix et le jackpot Mega Millions. Mega Millions est une loterie incroyable dans laquelle les jackpots augmentent.\" \/>\n<meta name=\"robots\" content=\"index, follow, max-snippet:-1, max-image-preview:large, max-video-preview:-1\" \/>\n<link rel=\"canonical\" href=\"https:\/\/lottomat.com\/fr\/loterie\/mega-millions\/\" \/>\n<meta property=\"og:locale\" content=\"fr_FR\" \/>\n<meta property=\"og:type\" content=\"article\" \/>\n<meta property=\"og:title\" content=\"Prix et jackpot Mega Millions [5\/70 + 1\/25] - Lottomat\" \/>\n<meta property=\"og:description\" content=\"Vous avez la possibilit\u00e9 de gagner des prix et le jackpot Mega Millions. Mega Millions est une loterie incroyable dans laquelle les jackpots augmentent.\" \/>\n<meta property=\"og:url\" content=\"https:\/\/lottomat.com\/fr\/loterie\/mega-millions\/\" \/>\n<meta property=\"og:site_name\" content=\"Lottomat\" \/>\n<meta property=\"article:modified_time\" content=\"2026-02-26T20:32:03+00:00\" \/>\n<meta property=\"og:image\" content=\"https:\/\/lottomat.com\/wp-content\/uploads\/2025\/10\/prizes-and-jackpot.webp\" \/>\n\t<meta property=\"og:image:width\" content=\"400\" \/>\n\t<meta property=\"og:image:height\" content=\"400\" \/>\n\t<meta property=\"og:image:type\" content=\"image\/webp\" \/>\n<meta name=\"twitter:card\" content=\"summary_large_image\" \/>\n<meta name=\"twitter:label1\" content=\"Dur\u00e9e de lecture estim\u00e9e\" \/>\n\t<meta name=\"twitter:data1\" content=\"7 minutes\" \/>\n<script type=\"application\/ld+json\" class=\"yoast-schema-graph\">{\"@context\":\"https:\/\/schema.org\",\"@graph\":[{\"@type\":\"WebPage\",\"@id\":\"https:\/\/lottomat.com\/fr\/loterie\/mega-millions\/\",\"url\":\"https:\/\/lottomat.com\/fr\/loterie\/mega-millions\/\",\"name\":\"Prix et jackpot Mega Millions [5\/70 + 1\/25] - Lottomat\",\"isPartOf\":{\"@id\":\"https:\/\/lottomat.com\/fr\/#website\"},\"primaryImageOfPage\":{\"@id\":\"https:\/\/lottomat.com\/fr\/loterie\/mega-millions\/#primaryimage\"},\"image\":{\"@id\":\"https:\/\/lottomat.com\/fr\/loterie\/mega-millions\/#primaryimage\"},\"thumbnailUrl\":\"https:\/\/lottomat.com\/wp-content\/uploads\/2025\/10\/prizes-and-jackpot.webp\",\"datePublished\":\"2025-03-26T13:41:46+00:00\",\"dateModified\":\"2026-02-26T20:32:03+00:00\",\"description\":\"Vous avez la possibilit\u00e9 de gagner des prix et le jackpot Mega Millions. Mega Millions est une loterie incroyable dans laquelle les jackpots augmentent.\",\"breadcrumb\":{\"@id\":\"https:\/\/lottomat.com\/fr\/loterie\/mega-millions\/#breadcrumb\"},\"inLanguage\":\"fr-FR\",\"potentialAction\":[{\"@type\":\"ReadAction\",\"target\":[\"https:\/\/lottomat.com\/fr\/loterie\/mega-millions\/\"]}]},{\"@type\":\"ImageObject\",\"inLanguage\":\"fr-FR\",\"@id\":\"https:\/\/lottomat.com\/fr\/loterie\/mega-millions\/#primaryimage\",\"url\":\"https:\/\/lottomat.com\/wp-content\/uploads\/2025\/10\/prizes-and-jackpot.webp\",\"contentUrl\":\"https:\/\/lottomat.com\/wp-content\/uploads\/2025\/10\/prizes-and-jackpot.webp\"},{\"@type\":\"BreadcrumbList\",\"@id\":\"https:\/\/lottomat.com\/fr\/loterie\/mega-millions\/#breadcrumb\",\"itemListElement\":[{\"@type\":\"ListItem\",\"position\":1,\"name\":\"Home\",\"item\":\"https:\/\/lottomat.com\/fr\/\"},{\"@type\":\"ListItem\",\"position\":2,\"name\":\"R\u00e8gles de la loterie : Gains, Jackpot et Probabilit\u00e9s\",\"item\":\"https:\/\/lottomat.com\/fr\/loterie\/\"},{\"@type\":\"ListItem\",\"position\":3,\"name\":\"Mega Millions Prix, R\u00e8gles et Jackpot\"}]},{\"@type\":\"WebSite\",\"@id\":\"https:\/\/lottomat.com\/fr\/#website\",\"url\":\"https:\/\/lottomat.com\/fr\/\",\"name\":\"Lottomat\",\"description\":\"\",\"potentialAction\":[{\"@type\":\"SearchAction\",\"target\":{\"@type\":\"EntryPoint\",\"urlTemplate\":\"https:\/\/lottomat.com\/fr\/?s={search_term_string}\"},\"query-input\":{\"@type\":\"PropertyValueSpecification\",\"valueRequired\":true,\"valueName\":\"search_term_string\"}}],\"inLanguage\":\"fr-FR\"}]}<\/script>\n<!-- \/ Yoast SEO plugin. -->","yoast_head_json":{"title":"Prix et jackpot Mega Millions [5\/70 + 1\/25] - Lottomat","description":"Vous avez la possibilit\u00e9 de gagner des prix et le jackpot Mega Millions. Mega Millions est une loterie incroyable dans laquelle les jackpots augmentent.","robots":{"index":"index","follow":"follow","max-snippet":"max-snippet:-1","max-image-preview":"max-image-preview:large","max-video-preview":"max-video-preview:-1"},"canonical":"https:\/\/lottomat.com\/fr\/loterie\/mega-millions\/","og_locale":"fr_FR","og_type":"article","og_title":"Prix et jackpot Mega Millions [5\/70 + 1\/25] - Lottomat","og_description":"Vous avez la possibilit\u00e9 de gagner des prix et le jackpot Mega Millions. Mega Millions est une loterie incroyable dans laquelle les jackpots augmentent.","og_url":"https:\/\/lottomat.com\/fr\/loterie\/mega-millions\/","og_site_name":"Lottomat","article_modified_time":"2026-02-26T20:32:03+00:00","og_image":[{"width":400,"height":400,"url":"https:\/\/lottomat.com\/wp-content\/uploads\/2025\/10\/prizes-and-jackpot.webp","type":"image\/webp"}],"twitter_card":"summary_large_image","twitter_misc":{"Dur\u00e9e de lecture estim\u00e9e":"7 minutes"},"schema":{"@context":"https:\/\/schema.org","@graph":[{"@type":"WebPage","@id":"https:\/\/lottomat.com\/fr\/loterie\/mega-millions\/","url":"https:\/\/lottomat.com\/fr\/loterie\/mega-millions\/","name":"Prix et jackpot Mega Millions [5\/70 + 1\/25] - Lottomat","isPartOf":{"@id":"https:\/\/lottomat.com\/fr\/#website"},"primaryImageOfPage":{"@id":"https:\/\/lottomat.com\/fr\/loterie\/mega-millions\/#primaryimage"},"image":{"@id":"https:\/\/lottomat.com\/fr\/loterie\/mega-millions\/#primaryimage"},"thumbnailUrl":"https:\/\/lottomat.com\/wp-content\/uploads\/2025\/10\/prizes-and-jackpot.webp","datePublished":"2025-03-26T13:41:46+00:00","dateModified":"2026-02-26T20:32:03+00:00","description":"Vous avez la possibilit\u00e9 de gagner des prix et le jackpot Mega Millions. Mega Millions est une loterie incroyable dans laquelle les jackpots augmentent.","breadcrumb":{"@id":"https:\/\/lottomat.com\/fr\/loterie\/mega-millions\/#breadcrumb"},"inLanguage":"fr-FR","potentialAction":[{"@type":"ReadAction","target":["https:\/\/lottomat.com\/fr\/loterie\/mega-millions\/"]}]},{"@type":"ImageObject","inLanguage":"fr-FR","@id":"https:\/\/lottomat.com\/fr\/loterie\/mega-millions\/#primaryimage","url":"https:\/\/lottomat.com\/wp-content\/uploads\/2025\/10\/prizes-and-jackpot.webp","contentUrl":"https:\/\/lottomat.com\/wp-content\/uploads\/2025\/10\/prizes-and-jackpot.webp"},{"@type":"BreadcrumbList","@id":"https:\/\/lottomat.com\/fr\/loterie\/mega-millions\/#breadcrumb","itemListElement":[{"@type":"ListItem","position":1,"name":"Home","item":"https:\/\/lottomat.com\/fr\/"},{"@type":"ListItem","position":2,"name":"R\u00e8gles de la loterie : Gains, Jackpot et Probabilit\u00e9s","item":"https:\/\/lottomat.com\/fr\/loterie\/"},{"@type":"ListItem","position":3,"name":"Mega Millions Prix, R\u00e8gles et Jackpot"}]},{"@type":"WebSite","@id":"https:\/\/lottomat.com\/fr\/#website","url":"https:\/\/lottomat.com\/fr\/","name":"Lottomat","description":"","potentialAction":[{"@type":"SearchAction","target":{"@type":"EntryPoint","urlTemplate":"https:\/\/lottomat.com\/fr\/?s={search_term_string}"},"query-input":{"@type":"PropertyValueSpecification","valueRequired":true,"valueName":"search_term_string"}}],"inLanguage":"fr-FR"}]}},"_links":{"self":[{"href":"https:\/\/lottomat.com\/fr\/wp-json\/wp\/v2\/pages\/10050","targetHints":{"allow":["GET"]}}],"collection":[{"href":"https:\/\/lottomat.com\/fr\/wp-json\/wp\/v2\/pages"}],"about":[{"href":"https:\/\/lottomat.com\/fr\/wp-json\/wp\/v2\/types\/page"}],"author":[{"embeddable":true,"href":"https:\/\/lottomat.com\/fr\/wp-json\/wp\/v2\/users\/2"}],"replies":[{"embeddable":true,"href":"https:\/\/lottomat.com\/fr\/wp-json\/wp\/v2\/comments?post=10050"}],"version-history":[{"count":3,"href":"https:\/\/lottomat.com\/fr\/wp-json\/wp\/v2\/pages\/10050\/revisions"}],"predecessor-version":[{"id":257275,"href":"https:\/\/lottomat.com\/fr\/wp-json\/wp\/v2\/pages\/10050\/revisions\/257275"}],"up":[{"embeddable":true,"href":"https:\/\/lottomat.com\/fr\/wp-json\/wp\/v2\/pages\/6863"}],"wp:attachment":[{"href":"https:\/\/lottomat.com\/fr\/wp-json\/wp\/v2\/media?parent=10050"}],"curies":[{"name":"wp","href":"https:\/\/api.w.org\/{rel}","templated":true}]}}