{"id":9538,"date":"2025-03-26T08:35:10","date_gmt":"2025-03-26T08:35:10","guid":{"rendered":"https:\/\/lottomat.net\/jugar-a-la-loteria\/jugar-a-superenalotto-en-linea\/"},"modified":"2026-02-24T09:10:36","modified_gmt":"2026-02-24T09:10:36","slug":"jugar-a-superenalotto-en-linea","status":"publish","type":"page","link":"https:\/\/lottomat.com\/es\/jugar\/jugar-a-superenalotto-en-linea\/","title":{"rendered":"SuperEnalotto Online &#8211; Boletos de SuperEnalotto"},"content":{"rendered":"\n\n<div class=\"kk-star-ratings kksr-auto kksr-align-left kksr-valign-top\"\n    data-payload='{&quot;align&quot;:&quot;left&quot;,&quot;id&quot;:&quot;9538&quot;,&quot;slug&quot;:&quot;default&quot;,&quot;valign&quot;:&quot;top&quot;,&quot;ignore&quot;:&quot;&quot;,&quot;reference&quot;:&quot;auto&quot;,&quot;class&quot;:&quot;&quot;,&quot;count&quot;:&quot;0&quot;,&quot;legendonly&quot;:&quot;&quot;,&quot;readonly&quot;:&quot;&quot;,&quot;score&quot;:&quot;0&quot;,&quot;starsonly&quot;:&quot;&quot;,&quot;best&quot;:&quot;5&quot;,&quot;gap&quot;:&quot;5&quot;,&quot;greet&quot;:&quot;Rate this page&quot;,&quot;legend&quot;:&quot;0\\\/5 - (0 votos)&quot;,&quot;size&quot;:&quot;30&quot;,&quot;title&quot;:&quot;SuperEnalotto Online - Boletos de SuperEnalotto&quot;,&quot;width&quot;:&quot;0&quot;,&quot;_legend&quot;:&quot;{score}\\\/{best} - ({count} {votes})&quot;,&quot;font_factor&quot;:&quot;1.25&quot;}'>\n            \n<div class=\"kksr-stars\">\n    \n<div class=\"kksr-stars-inactive\">\n            <div class=\"kksr-star\" data-star=\"1\" style=\"padding-right: 5px\">\n            \n\n<div class=\"kksr-icon\" style=\"width: 30px; height: 30px;\"><\/div>\n        <\/div>\n            <div class=\"kksr-star\" data-star=\"2\" style=\"padding-right: 5px\">\n            \n\n<div class=\"kksr-icon\" style=\"width: 30px; height: 30px;\"><\/div>\n        <\/div>\n            <div class=\"kksr-star\" data-star=\"3\" style=\"padding-right: 5px\">\n            \n\n<div class=\"kksr-icon\" style=\"width: 30px; height: 30px;\"><\/div>\n        <\/div>\n            <div class=\"kksr-star\" data-star=\"4\" style=\"padding-right: 5px\">\n            \n\n<div class=\"kksr-icon\" style=\"width: 30px; height: 30px;\"><\/div>\n        <\/div>\n            <div class=\"kksr-star\" data-star=\"5\" style=\"padding-right: 5px\">\n            \n\n<div class=\"kksr-icon\" style=\"width: 30px; height: 30px;\"><\/div>\n        <\/div>\n    <\/div>\n    \n<div class=\"kksr-stars-active\" style=\"width: 0px;\">\n            <div class=\"kksr-star\" style=\"padding-right: 5px\">\n            \n\n<div class=\"kksr-icon\" style=\"width: 30px; height: 30px;\"><\/div>\n        <\/div>\n            <div class=\"kksr-star\" style=\"padding-right: 5px\">\n            \n\n<div class=\"kksr-icon\" style=\"width: 30px; height: 30px;\"><\/div>\n        <\/div>\n            <div class=\"kksr-star\" style=\"padding-right: 5px\">\n            \n\n<div class=\"kksr-icon\" style=\"width: 30px; height: 30px;\"><\/div>\n        <\/div>\n            <div class=\"kksr-star\" style=\"padding-right: 5px\">\n            \n\n<div class=\"kksr-icon\" style=\"width: 30px; height: 30px;\"><\/div>\n        <\/div>\n            <div class=\"kksr-star\" style=\"padding-right: 5px\">\n            \n\n<div class=\"kksr-icon\" style=\"width: 30px; height: 30px;\"><\/div>\n        <\/div>\n    <\/div>\n<\/div>\n                \n\n<div class=\"kksr-legend\" style=\"font-size: 24px;\">\n            <span class=\"kksr-muted\">Rate this page<\/span>\n    <\/div>\n    <\/div>\n<h2><img loading=\"lazy\" decoding=\"async\" class=\"alignleft wp-image-252554\" src=\"https:\/\/lottomat.com\/wp-content\/uploads\/2025\/10\/Italian-lottery-online-300x300.webp\" alt=\"Loter\u00eda italiana online\" width=\"200\" height=\"200\" srcset=\"https:\/\/lottomat.com\/wp-content\/uploads\/2025\/10\/Italian-lottery-online-300x300.webp 300w, https:\/\/lottomat.com\/wp-content\/uploads\/2025\/10\/Italian-lottery-online-150x150.webp 150w, https:\/\/lottomat.com\/wp-content\/uploads\/2025\/10\/Italian-lottery-online-100x100.webp 100w, https:\/\/lottomat.com\/wp-content\/uploads\/2025\/10\/Italian-lottery-online.webp 400w\" sizes=\"auto, (max-width: 200px) 100vw, 200px\" \/>\u00bfQu\u00e9 es el SuperEnalotto?<\/h2>\n<p><strong>El SuperEnalotto es el juego de loter\u00eda m\u00e1s popular y prestigioso de Italia<\/strong>, reconocido por ofrecer algunos de los botes m\u00e1s grandes en la historia de las loter\u00edas europeas. Esta emblem\u00e1tica loter\u00eda italiana lleva cautivando a los jugadores desde 1997 con su formato \u00fanico y su excepcional potencial de premios. <strong>Los sorteos del SuperEnalotto se celebran tres veces por semana<\/strong> \u2014 los martes, jueves y s\u00e1bados \u2014 brindando a los jugadores m\u00faltiples oportunidades de ganar sumas que cambian vidas. Lo que distingue a esta loter\u00eda italiana es la ausencia de un l\u00edmite en el bote, lo que significa que los premios pueden acumularse indefinidamente hasta que alguien gane, alcanzando a menudo cifras astron\u00f3micas que captan la atenci\u00f3n internacional. \u00bfQuieres jugar al SuperEnalotto online? \u00a1Sigue leyendo para saber m\u00e1s!<\/p>\n<h2><img loading=\"lazy\" decoding=\"async\" class=\"alignright wp-image-252584\" src=\"https:\/\/lottomat.com\/wp-content\/uploads\/2025\/10\/play-SuperEnalotto-300x300.webp\" alt=\"jugar al SuperEnalotto\" width=\"200\" height=\"200\" srcset=\"https:\/\/lottomat.com\/wp-content\/uploads\/2025\/10\/play-SuperEnalotto-300x300.webp 300w, https:\/\/lottomat.com\/wp-content\/uploads\/2025\/10\/play-SuperEnalotto-150x150.webp 150w, https:\/\/lottomat.com\/wp-content\/uploads\/2025\/10\/play-SuperEnalotto-100x100.webp 100w, https:\/\/lottomat.com\/wp-content\/uploads\/2025\/10\/play-SuperEnalotto.webp 400w\" sizes=\"auto, (max-width: 200px) 100vw, 200px\" \/>\u00bfC\u00f3mo jugar al SuperEnalotto online?<\/h2>\n<p><strong>Jugar al SuperEnalotto online a trav\u00e9s de LottoMat es incre\u00edblemente c\u00f3modo y accesible desde cualquier parte del mundo, en cualquier momento<\/strong>. El proceso es sencillo e intuitivo: simplemente reg\u00edstrate en <a href=\"https:\/\/lottomat.com\/es\/\">la web de LottoMat<\/a>, elige tus n\u00fameros de la suerte y compra tus boletos online sin moverte de casa. <strong>Puedes elegir tus n\u00fameros manualmente seg\u00fan tu propia estrategia o utilizar la opci\u00f3n Selecci\u00f3n R\u00e1pida para una elecci\u00f3n aleatoria<\/strong>. Esta flexibilidad permite disfrutar de la emoci\u00f3n de la loter\u00eda m\u00e1s importante de Italia tanto a los jugadores m\u00e1s estrat\u00e9gicos como a quienes prefieren dejar todo en manos del azar. Jugar online elimina las barreras geogr\u00e1ficas, haciendo posible que jugadores de todo el mundo participen en uno de los juegos de loter\u00eda m\u00e1s emocionantes de Europa.<\/p>\n<h2>\u00bfC\u00f3mo comprar boletos de SuperEnalotto online?<\/h2>\n<p><strong>Para adquirir boletos de SuperEnalotto online, basta con utilizar tu m\u00e9todo de pago preferido a trav\u00e9s de la plataforma segura de LottoMat<\/strong>. Todos los boletos est\u00e1n disponibles en la web de LottoMat, para que nunca te pierdas ning\u00fan sorteo. <strong>Garantizamos la autenticidad de tus participaciones escaneando los boletos originales adquiridos por nuestros agentes autorizados directamente en Italia<\/strong>. Este proceso asegura que tus <a href=\"https:\/\/lottomat.com\/es\/jugar\/\">boletos de loter\u00eda online<\/a> est\u00e9n respaldados por boletos f\u00edsicos aut\u00e9nticos, comprados en establecimientos italianos autorizados. Las copias digitales de tus boletos se almacenan de forma segura en tu cuenta, ofreciendo total transparencia y seguridad para tus inversiones en loter\u00eda. Este sistema combina la comodidad del juego online con la fiabilidad de la compra tradicional de boletos.<\/p>\n<h2><img loading=\"lazy\" decoding=\"async\" class=\"wp-image-252614 alignleft\" src=\"https:\/\/lottomat.com\/wp-content\/uploads\/2025\/10\/SuperEnalotto-online-300x300.webp\" alt=\"SuperEnalotto online\" width=\"200\" height=\"200\" srcset=\"https:\/\/lottomat.com\/wp-content\/uploads\/2025\/10\/SuperEnalotto-online-300x300.webp 300w, https:\/\/lottomat.com\/wp-content\/uploads\/2025\/10\/SuperEnalotto-online-150x150.webp 150w, https:\/\/lottomat.com\/wp-content\/uploads\/2025\/10\/SuperEnalotto-online-100x100.webp 100w, https:\/\/lottomat.com\/wp-content\/uploads\/2025\/10\/SuperEnalotto-online.webp 400w\" sizes=\"auto, (max-width: 200px) 100vw, 200px\" \/>\u00bfPuedes comprar varios boletos de SuperEnalotto?<\/h2>\n<p><strong>\u00a1S\u00ed! Puedes aumentar considerablemente tus probabilidades de ganar comprando varios boletos de SuperEnalotto en una sola transacci\u00f3n<\/strong>. LottoMat ofrece la c\u00f3moda opci\u00f3n de \u00abm\u00e1s l\u00edneas\u00bb, que te permite adquirir hasta 20 boletos de SuperEnalotto a la vez. Esta funci\u00f3n es perfecta para los jugadores que quieren maximizar sus posibilidades de ganar o para las pe\u00f1as de loter\u00eda que desean aunar recursos. <strong>Comprar varios boletos no solo aumenta tus probabilidades, sino que tambi\u00e9n facilita la gesti\u00f3n de tus participaciones<\/strong> en una \u00fanica y sencilla transacci\u00f3n.<\/p>\n<h2>\u00bfPuedes comprar boletos de SuperEnalotto para varios sorteos?<\/h2>\n<p><strong>\u00a1Por supuesto! LottoMat te permite adquirir boletos de SuperEnalotto para hasta 8 sorteos consecutivos<\/strong>, de modo que nunca pierdas una oportunidad de ganar. Esta opci\u00f3n de compra anticipada es ideal para los jugadores con poco tiempo que desean mantener una participaci\u00f3n constante sin tener que acordarse de comprar boletos antes de cada sorteo. <strong>Jugar varios sorteos con los mismos n\u00fameros puede formar parte de una estrategia de loter\u00eda a largo plazo<\/strong>, y muchos jugadores prefieren este enfoque por su comodidad y consistencia.<\/p>\n<h2>\u00bfCu\u00e1nto cuestan los boletos de SuperEnalotto online?<img loading=\"lazy\" decoding=\"async\" class=\"alignright wp-image-252644\" src=\"https:\/\/lottomat.com\/wp-content\/uploads\/2025\/10\/SuperEnalotto-tickets-300x300.webp\" alt=\"boletos de SuperEnalotto\" width=\"200\" height=\"200\" srcset=\"https:\/\/lottomat.com\/wp-content\/uploads\/2025\/10\/SuperEnalotto-tickets-300x300.webp 300w, https:\/\/lottomat.com\/wp-content\/uploads\/2025\/10\/SuperEnalotto-tickets-150x150.webp 150w, https:\/\/lottomat.com\/wp-content\/uploads\/2025\/10\/SuperEnalotto-tickets-100x100.webp 100w, https:\/\/lottomat.com\/wp-content\/uploads\/2025\/10\/SuperEnalotto-tickets.webp 400w\" sizes=\"auto, (max-width: 200px) 100vw, 200px\" \/><\/h2>\n<p><strong>Una vez que hayas seleccionado el n\u00famero de l\u00edneas deseado en LottoMat, nuestra calculadora autom\u00e1tica calcular\u00e1 al instante el coste total de tus boletos de SuperEnalotto<\/strong>. Los precios son transparentes y se muestran claramente antes de que completes tu compra, sin costes ocultos ni sorpresas de \u00faltima hora. <strong>Nuestro sistema de precios tiene en cuenta el n\u00famero de l\u00edneas, sorteos y cualquier opci\u00f3n adicional que hayas seleccionado<\/strong>, ofreci\u00e9ndote un desglose completo de tu inversi\u00f3n en loter\u00eda. Esta funci\u00f3n de c\u00e1lculo autom\u00e1tico hace que planificar tu presupuesto para el juego sea algo f\u00e1cil y sin complicaciones.<\/p>\n<h2>\u00bfCu\u00e1les son los mejores consejos para jugar al SuperEnalotto online?<\/h2>\n<p><strong>Una buena estrategia en el SuperEnalotto combina t\u00e1ctica con una pr\u00e1ctica de juego responsable<\/strong>. Considera usar una mezcla de n\u00fameros \u00abcalientes\u00bb \u2014los que salen con m\u00e1s frecuencia\u2014 y n\u00fameros \u00abfr\u00edos\u00bb \u2014los menos habituales\u2014, aunque recuerda que cada sorteo es independiente y aleatorio. <strong>Las apuestas en sistema pueden aumentar tus probabilidades de ganar al cubrir m\u00e1s combinaciones de n\u00fameros<\/strong>, mientras que jugar siempre con los mismos n\u00fameros es una opci\u00f3n muy recurrida entre los jugadores m\u00e1s fieles. Establece un presupuesto con el que te sientas c\u00f3modo y c\u00ed\u00f1ete a \u00e9l, considerando el juego como un entretenimiento y no como una estrategia de inversi\u00f3n. <strong>Aprovecha las opciones de sorteos m\u00faltiples para mantener la regularidad<\/strong>, y considera unirte a una pe\u00f1a o crear la tuya propia para aunar recursos y aumentar las posibilidades colectivas del grupo. Muchos jugadores habituales siguen los <a href=\"https:\/\/lottomat.com\/es\/resultados\/resultados-de-superenalotto\/\">resultados y patrones de los sorteos del SuperEnalotto<\/a>, aunque es importante recordar que los juegos de loter\u00eda se basan, en \u00faltima instancia, en el azar. <strong>La clave est\u00e1 en jugar con responsabilidad mientras disfrutas al m\u00e1ximo de esta emocionante loter\u00eda italiana<\/strong>.<\/p>\n<h2>\u00bfVale la pena jugar al SuperEnalotto online?<\/h2>\n<p><strong>Jugar al SuperEnalotto online ofrece un valor excepcional para los amantes de la loter\u00eda que buscan los botes m\u00e1s grandes de Europa<\/strong>. La comodidad del juego online, combinada con el potencial ilimitado del bote del SuperEnalotto, lo convierte en una opci\u00f3n muy atractiva para los jugadores m\u00e1s serios. <strong>La posibilidad de participar desde cualquier lugar del mundo, en cualquier momento y sin restricciones geogr\u00e1ficas, a\u00f1ade un valor incalculable<\/strong>. Con tres sorteos semanales y algunos de los premios m\u00e1s grandes en la historia de la loter\u00eda, el SuperEnalotto ofrece m\u00e1s oportunidades y recompensas potenciales mayores que muchas otras loter\u00edas europeas. <strong>La combinaci\u00f3n de accesibilidad, seguridad y un enorme potencial de premios hace que jugar al SuperEnalotto online sea una opci\u00f3n que merece la pena para los jugadores m\u00e1s comprometidos<\/strong>. Lee m\u00e1s sobre los <a href=\"https:\/\/lottomat.com\/es\/informacion\/informacion-de-superenalotto\/\">premios y el bote del SuperEnalotto<\/a> en nuestra web.<\/p>\n<h2>\u00bfSon seguros los boletos de SuperEnalotto comprados online a trav\u00e9s de LottoMat?<\/h2>\n<p><strong>S\u00ed, los boletos de SuperEnalotto adquiridos a trav\u00e9s de LottoMat son completamente seguros y fiables<\/strong>. Garantizamos el almacenamiento y la gesti\u00f3n seguros de todos tus boletos de loter\u00eda mediante nuestro avanzado sistema digital. <strong>Cada boleto es escaneado profesionalmente y guardado en tu cuenta personal<\/strong>, lo que te proporciona acceso permanente a tus participaciones y elimina cualquier riesgo de p\u00e9rdida o deterioro de los boletos f\u00edsicos. Nuestros agentes autorizados adquieren boletos originales directamente en establecimientos italianos certificados, garantizando su total autenticidad y legitimidad. <strong>Las medidas de seguridad de LottoMat incluyen transacciones cifradas, almacenamiento seguro de datos y pleno cumplimiento normativo<\/strong>, d\u00e1ndote la tranquilidad de saber que tus inversiones en loter\u00eda est\u00e1n protegidas. Tus ganancias est\u00e1n garantizadas y se acreditan autom\u00e1ticamente en tu cuenta, haciendo que todo el proceso sea transparente y de total confianza.<\/p>\n","protected":false},"excerpt":{"rendered":"<p>\u00bfQu\u00e9 es el SuperEnalotto? El SuperEnalotto es el juego de loter\u00eda m\u00e1s popular y prestigioso de Italia, reconocido por ofrecer algunos de los botes m\u00e1s grandes en la historia de las loter\u00edas europeas. Esta emblem\u00e1tica loter\u00eda italiana lleva cautivando a los jugadores desde 1997 con su formato \u00fanico y su excepcional potencial de premios. Los [&hellip;]<\/p>\n","protected":false},"author":1,"featured_media":0,"parent":6813,"menu_order":5,"comment_status":"closed","ping_status":"closed","template":"superenalotto.php","meta":{"_et_pb_use_builder":"","_et_pb_old_content":"","_et_gb_content_width":"","exclude_from_search":false,"footnotes":""},"class_list":["post-9538","page","type-page","status-publish","hentry"],"yoast_head":"<!-- This site is optimized with the Yoast SEO plugin v23.8 - https:\/\/yoast.com\/wordpress\/plugins\/seo\/ -->\n<title>SuperEnalotto Online - Boletos de SuperEnalotto - Lottomat<\/title>\n<meta name=\"description\" content=\"\u00a1Juega al SuperEnalotto italiano online y gana una fortuna! Compra boletos de SuperEnalotto en Lottomat y participa en el pr\u00f3ximo sorteo de la loter\u00eda italiana.\" \/>\n<meta name=\"robots\" content=\"index, follow, max-snippet:-1, max-image-preview:large, max-video-preview:-1\" \/>\n<link rel=\"canonical\" href=\"https:\/\/lottomat.com\/es\/jugar\/jugar-a-superenalotto-en-linea\/\" \/>\n<meta property=\"og:locale\" content=\"es_ES\" \/>\n<meta property=\"og:type\" content=\"article\" \/>\n<meta property=\"og:title\" content=\"SuperEnalotto Online - Boletos de SuperEnalotto - Lottomat\" \/>\n<meta property=\"og:description\" content=\"\u00a1Juega al SuperEnalotto italiano online y gana una fortuna! Compra boletos de SuperEnalotto en Lottomat y participa en el pr\u00f3ximo sorteo de la loter\u00eda italiana.\" \/>\n<meta property=\"og:url\" content=\"https:\/\/lottomat.com\/es\/jugar\/jugar-a-superenalotto-en-linea\/\" \/>\n<meta property=\"og:site_name\" content=\"Lottomat\" \/>\n<meta property=\"article:modified_time\" content=\"2026-02-24T09:10:36+00:00\" \/>\n<meta property=\"og:image\" content=\"https:\/\/lottomat.com\/wp-content\/uploads\/2025\/10\/Italian-lottery-online.webp\" \/>\n\t<meta property=\"og:image:width\" content=\"400\" \/>\n\t<meta property=\"og:image:height\" content=\"400\" \/>\n\t<meta property=\"og:image:type\" content=\"image\/webp\" \/>\n<meta name=\"twitter:card\" content=\"summary_large_image\" \/>\n<meta name=\"twitter:label1\" content=\"Tiempo de lectura\" \/>\n\t<meta name=\"twitter:data1\" content=\"6 minutos\" \/>\n<script type=\"application\/ld+json\" class=\"yoast-schema-graph\">{\"@context\":\"https:\/\/schema.org\",\"@graph\":[{\"@type\":\"WebPage\",\"@id\":\"https:\/\/lottomat.com\/es\/jugar\/jugar-a-superenalotto-en-linea\/\",\"url\":\"https:\/\/lottomat.com\/es\/jugar\/jugar-a-superenalotto-en-linea\/\",\"name\":\"SuperEnalotto Online - Boletos de SuperEnalotto - Lottomat\",\"isPartOf\":{\"@id\":\"https:\/\/lottomat.com\/es\/#website\"},\"primaryImageOfPage\":{\"@id\":\"https:\/\/lottomat.com\/es\/jugar\/jugar-a-superenalotto-en-linea\/#primaryimage\"},\"image\":{\"@id\":\"https:\/\/lottomat.com\/es\/jugar\/jugar-a-superenalotto-en-linea\/#primaryimage\"},\"thumbnailUrl\":\"https:\/\/lottomat.com\/wp-content\/uploads\/2025\/10\/Italian-lottery-online-300x300.webp\",\"datePublished\":\"2025-03-26T08:35:10+00:00\",\"dateModified\":\"2026-02-24T09:10:36+00:00\",\"description\":\"\u00a1Juega al SuperEnalotto italiano online y gana una fortuna! Compra boletos de SuperEnalotto en Lottomat y participa en el pr\u00f3ximo sorteo de la loter\u00eda italiana.\",\"breadcrumb\":{\"@id\":\"https:\/\/lottomat.com\/es\/jugar\/jugar-a-superenalotto-en-linea\/#breadcrumb\"},\"inLanguage\":\"es\",\"potentialAction\":[{\"@type\":\"ReadAction\",\"target\":[\"https:\/\/lottomat.com\/es\/jugar\/jugar-a-superenalotto-en-linea\/\"]}]},{\"@type\":\"ImageObject\",\"inLanguage\":\"es\",\"@id\":\"https:\/\/lottomat.com\/es\/jugar\/jugar-a-superenalotto-en-linea\/#primaryimage\",\"url\":\"https:\/\/lottomat.com\/wp-content\/uploads\/2025\/10\/Italian-lottery-online-300x300.webp\",\"contentUrl\":\"https:\/\/lottomat.com\/wp-content\/uploads\/2025\/10\/Italian-lottery-online-300x300.webp\"},{\"@type\":\"BreadcrumbList\",\"@id\":\"https:\/\/lottomat.com\/es\/jugar\/jugar-a-superenalotto-en-linea\/#breadcrumb\",\"itemListElement\":[{\"@type\":\"ListItem\",\"position\":1,\"name\":\"Home\",\"item\":\"https:\/\/lottomat.com\/es\/\"},{\"@type\":\"ListItem\",\"position\":2,\"name\":\"Jugar a la loter\u00eda\",\"item\":\"https:\/\/lottomat.com\/es\/jugar\/\"},{\"@type\":\"ListItem\",\"position\":3,\"name\":\"SuperEnalotto Online &#8211; Boletos de SuperEnalotto\"}]},{\"@type\":\"WebSite\",\"@id\":\"https:\/\/lottomat.com\/es\/#website\",\"url\":\"https:\/\/lottomat.com\/es\/\",\"name\":\"Lottomat\",\"description\":\"\",\"potentialAction\":[{\"@type\":\"SearchAction\",\"target\":{\"@type\":\"EntryPoint\",\"urlTemplate\":\"https:\/\/lottomat.com\/es\/?s={search_term_string}\"},\"query-input\":{\"@type\":\"PropertyValueSpecification\",\"valueRequired\":true,\"valueName\":\"search_term_string\"}}],\"inLanguage\":\"es\"}]}<\/script>\n<!-- \/ Yoast SEO plugin. -->","yoast_head_json":{"title":"SuperEnalotto Online - Boletos de SuperEnalotto - Lottomat","description":"\u00a1Juega al SuperEnalotto italiano online y gana una fortuna! Compra boletos de SuperEnalotto en Lottomat y participa en el pr\u00f3ximo sorteo de la loter\u00eda italiana.","robots":{"index":"index","follow":"follow","max-snippet":"max-snippet:-1","max-image-preview":"max-image-preview:large","max-video-preview":"max-video-preview:-1"},"canonical":"https:\/\/lottomat.com\/es\/jugar\/jugar-a-superenalotto-en-linea\/","og_locale":"es_ES","og_type":"article","og_title":"SuperEnalotto Online - Boletos de SuperEnalotto - Lottomat","og_description":"\u00a1Juega al SuperEnalotto italiano online y gana una fortuna! Compra boletos de SuperEnalotto en Lottomat y participa en el pr\u00f3ximo sorteo de la loter\u00eda italiana.","og_url":"https:\/\/lottomat.com\/es\/jugar\/jugar-a-superenalotto-en-linea\/","og_site_name":"Lottomat","article_modified_time":"2026-02-24T09:10:36+00:00","og_image":[{"width":400,"height":400,"url":"https:\/\/lottomat.com\/wp-content\/uploads\/2025\/10\/Italian-lottery-online.webp","type":"image\/webp"}],"twitter_card":"summary_large_image","twitter_misc":{"Tiempo de lectura":"6 minutos"},"schema":{"@context":"https:\/\/schema.org","@graph":[{"@type":"WebPage","@id":"https:\/\/lottomat.com\/es\/jugar\/jugar-a-superenalotto-en-linea\/","url":"https:\/\/lottomat.com\/es\/jugar\/jugar-a-superenalotto-en-linea\/","name":"SuperEnalotto Online - Boletos de SuperEnalotto - Lottomat","isPartOf":{"@id":"https:\/\/lottomat.com\/es\/#website"},"primaryImageOfPage":{"@id":"https:\/\/lottomat.com\/es\/jugar\/jugar-a-superenalotto-en-linea\/#primaryimage"},"image":{"@id":"https:\/\/lottomat.com\/es\/jugar\/jugar-a-superenalotto-en-linea\/#primaryimage"},"thumbnailUrl":"https:\/\/lottomat.com\/wp-content\/uploads\/2025\/10\/Italian-lottery-online-300x300.webp","datePublished":"2025-03-26T08:35:10+00:00","dateModified":"2026-02-24T09:10:36+00:00","description":"\u00a1Juega al SuperEnalotto italiano online y gana una fortuna! Compra boletos de SuperEnalotto en Lottomat y participa en el pr\u00f3ximo sorteo de la loter\u00eda italiana.","breadcrumb":{"@id":"https:\/\/lottomat.com\/es\/jugar\/jugar-a-superenalotto-en-linea\/#breadcrumb"},"inLanguage":"es","potentialAction":[{"@type":"ReadAction","target":["https:\/\/lottomat.com\/es\/jugar\/jugar-a-superenalotto-en-linea\/"]}]},{"@type":"ImageObject","inLanguage":"es","@id":"https:\/\/lottomat.com\/es\/jugar\/jugar-a-superenalotto-en-linea\/#primaryimage","url":"https:\/\/lottomat.com\/wp-content\/uploads\/2025\/10\/Italian-lottery-online-300x300.webp","contentUrl":"https:\/\/lottomat.com\/wp-content\/uploads\/2025\/10\/Italian-lottery-online-300x300.webp"},{"@type":"BreadcrumbList","@id":"https:\/\/lottomat.com\/es\/jugar\/jugar-a-superenalotto-en-linea\/#breadcrumb","itemListElement":[{"@type":"ListItem","position":1,"name":"Home","item":"https:\/\/lottomat.com\/es\/"},{"@type":"ListItem","position":2,"name":"Jugar a la loter\u00eda","item":"https:\/\/lottomat.com\/es\/jugar\/"},{"@type":"ListItem","position":3,"name":"SuperEnalotto Online &#8211; Boletos de SuperEnalotto"}]},{"@type":"WebSite","@id":"https:\/\/lottomat.com\/es\/#website","url":"https:\/\/lottomat.com\/es\/","name":"Lottomat","description":"","potentialAction":[{"@type":"SearchAction","target":{"@type":"EntryPoint","urlTemplate":"https:\/\/lottomat.com\/es\/?s={search_term_string}"},"query-input":{"@type":"PropertyValueSpecification","valueRequired":true,"valueName":"search_term_string"}}],"inLanguage":"es"}]}},"_links":{"self":[{"href":"https:\/\/lottomat.com\/es\/wp-json\/wp\/v2\/pages\/9538","targetHints":{"allow":["GET"]}}],"collection":[{"href":"https:\/\/lottomat.com\/es\/wp-json\/wp\/v2\/pages"}],"about":[{"href":"https:\/\/lottomat.com\/es\/wp-json\/wp\/v2\/types\/page"}],"author":[{"embeddable":true,"href":"https:\/\/lottomat.com\/es\/wp-json\/wp\/v2\/users\/1"}],"replies":[{"embeddable":true,"href":"https:\/\/lottomat.com\/es\/wp-json\/wp\/v2\/comments?post=9538"}],"version-history":[{"count":3,"href":"https:\/\/lottomat.com\/es\/wp-json\/wp\/v2\/pages\/9538\/revisions"}],"predecessor-version":[{"id":271494,"href":"https:\/\/lottomat.com\/es\/wp-json\/wp\/v2\/pages\/9538\/revisions\/271494"}],"up":[{"embeddable":true,"href":"https:\/\/lottomat.com\/es\/wp-json\/wp\/v2\/pages\/6813"}],"wp:attachment":[{"href":"https:\/\/lottomat.com\/es\/wp-json\/wp\/v2\/media?parent=9538"}],"curies":[{"name":"wp","href":"https:\/\/api.w.org\/{rel}","templated":true}]}}