{"id":8704,"date":"2025-03-26T07:54:05","date_gmt":"2025-03-26T07:54:05","guid":{"rendered":"https:\/\/lottomat.net\/jugar-a-la-loteria\/jugar-a-mega-millions-en-linea\/"},"modified":"2026-02-13T10:33:08","modified_gmt":"2026-02-13T10:33:08","slug":"jugar-a-mega-millions-en-linea","status":"publish","type":"page","link":"https:\/\/lottomat.com\/es\/jugar\/jugar-a-mega-millions-en-linea\/","title":{"rendered":"Juega Mega Millions en l\u00ednea \u2013 Boletos de Mega Millions"},"content":{"rendered":"\n\n<div class=\"kk-star-ratings kksr-auto kksr-align-left kksr-valign-top\"\n    data-payload='{&quot;align&quot;:&quot;left&quot;,&quot;id&quot;:&quot;8704&quot;,&quot;slug&quot;:&quot;default&quot;,&quot;valign&quot;:&quot;top&quot;,&quot;ignore&quot;:&quot;&quot;,&quot;reference&quot;:&quot;auto&quot;,&quot;class&quot;:&quot;&quot;,&quot;count&quot;:&quot;0&quot;,&quot;legendonly&quot;:&quot;&quot;,&quot;readonly&quot;:&quot;&quot;,&quot;score&quot;:&quot;0&quot;,&quot;starsonly&quot;:&quot;&quot;,&quot;best&quot;:&quot;5&quot;,&quot;gap&quot;:&quot;5&quot;,&quot;greet&quot;:&quot;Rate this page&quot;,&quot;legend&quot;:&quot;0\\\/5 - (0 votos)&quot;,&quot;size&quot;:&quot;30&quot;,&quot;title&quot;:&quot;Juega Mega Millions en l\u00ednea \u2013 Boletos de Mega Millions&quot;,&quot;width&quot;:&quot;0&quot;,&quot;_legend&quot;:&quot;{score}\\\/{best} - ({count} {votes})&quot;,&quot;font_factor&quot;:&quot;1.25&quot;}'>\n            \n<div class=\"kksr-stars\">\n    \n<div class=\"kksr-stars-inactive\">\n            <div class=\"kksr-star\" data-star=\"1\" style=\"padding-right: 5px\">\n            \n\n<div class=\"kksr-icon\" style=\"width: 30px; height: 30px;\"><\/div>\n        <\/div>\n            <div class=\"kksr-star\" data-star=\"2\" style=\"padding-right: 5px\">\n            \n\n<div class=\"kksr-icon\" style=\"width: 30px; height: 30px;\"><\/div>\n        <\/div>\n            <div class=\"kksr-star\" data-star=\"3\" style=\"padding-right: 5px\">\n            \n\n<div class=\"kksr-icon\" style=\"width: 30px; height: 30px;\"><\/div>\n        <\/div>\n            <div class=\"kksr-star\" data-star=\"4\" style=\"padding-right: 5px\">\n            \n\n<div class=\"kksr-icon\" style=\"width: 30px; height: 30px;\"><\/div>\n        <\/div>\n            <div class=\"kksr-star\" data-star=\"5\" style=\"padding-right: 5px\">\n            \n\n<div class=\"kksr-icon\" style=\"width: 30px; height: 30px;\"><\/div>\n        <\/div>\n    <\/div>\n    \n<div class=\"kksr-stars-active\" style=\"width: 0px;\">\n            <div class=\"kksr-star\" style=\"padding-right: 5px\">\n            \n\n<div class=\"kksr-icon\" style=\"width: 30px; height: 30px;\"><\/div>\n        <\/div>\n            <div class=\"kksr-star\" style=\"padding-right: 5px\">\n            \n\n<div class=\"kksr-icon\" style=\"width: 30px; height: 30px;\"><\/div>\n        <\/div>\n            <div class=\"kksr-star\" style=\"padding-right: 5px\">\n            \n\n<div class=\"kksr-icon\" style=\"width: 30px; height: 30px;\"><\/div>\n        <\/div>\n            <div class=\"kksr-star\" style=\"padding-right: 5px\">\n            \n\n<div class=\"kksr-icon\" style=\"width: 30px; height: 30px;\"><\/div>\n        <\/div>\n            <div class=\"kksr-star\" style=\"padding-right: 5px\">\n            \n\n<div class=\"kksr-icon\" style=\"width: 30px; height: 30px;\"><\/div>\n        <\/div>\n    <\/div>\n<\/div>\n                \n\n<div class=\"kksr-legend\" style=\"font-size: 24px;\">\n            <span class=\"kksr-muted\">Rate this page<\/span>\n    <\/div>\n    <\/div>\n<h2>\u00bfC\u00f3mo Funciona la Loter\u00eda Mega Millions?<\/h2>\n<p>La loter\u00eda Mega Millions en l\u00ednea es un juego de n\u00fameros sencillo con reglas simples que son f\u00e1ciles de recordar. La tarea de cada jugador es seleccionar cinco n\u00fameros principales dentro del rango de 1 a 70 y elegir la Mega Ball, que es un n\u00famero bonus \u00fanico dentro del rango de 1 a 24. El premio principal est\u00e1 destinado al ganador cuyo boleto contenga los seis n\u00fameros sorteados, que consisten en cinco n\u00fameros principales y un n\u00famero bonus. Cabe destacar que <strong>Mega Millions es una loter\u00eda que tiene hasta nueve niveles de premios<\/strong> en los que cada jugador puede recibir un premio en efectivo. M\u00e1s importante a\u00fan, un boleto de Mega Millions con solo la Mega Ball seleccionada correctamente tambi\u00e9n gana. Como describimos anteriormente, Mega Millions es una loter\u00eda que ofrece verdaderamente grandes oportunidades de ganar millones de d\u00f3lares. Lee <a href=\"https:\/\/lottomat.com\/es\/informacion\/informacion-de-mega-millions\/\">m\u00e1s sobre las reglas de Mega Millions<\/a> en nuestro sitio web y descubre m\u00e1s.<\/p>\n<h2><img loading=\"lazy\" decoding=\"async\" class=\"alignleft wp-image-251833\" src=\"https:\/\/lottomat.com\/wp-content\/uploads\/2025\/10\/play-Mega-Millions.webp\" alt=\"jugar Mega Millions\" width=\"200\" height=\"200\" srcset=\"https:\/\/lottomat.com\/wp-content\/uploads\/2025\/10\/play-Mega-Millions.webp 400w, https:\/\/lottomat.com\/wp-content\/uploads\/2025\/10\/play-Mega-Millions-300x300.webp 300w, https:\/\/lottomat.com\/wp-content\/uploads\/2025\/10\/play-Mega-Millions-150x150.webp 150w, https:\/\/lottomat.com\/wp-content\/uploads\/2025\/10\/play-Mega-Millions-100x100.webp 100w\" sizes=\"auto, (max-width: 200px) 100vw, 200px\" \/>\u00bfCu\u00e1nto Puedes Ganar Gracias a Mega Millions en L\u00ednea?<\/h2>\n<p>Elegir correctamente todos los n\u00fameros que se sortean garantiza ganar el premio principal o una parte de \u00e9l si hay m\u00e1s de un ganador. Si varios jugadores seleccionan todos los n\u00fameros de loter\u00eda sorteados, entonces el premio en efectivo principal se divide proporcionalmente entre todos los concursantes. Si aciertas cinco n\u00fameros principales pero fallas en la Mega Ball, recibes un <strong>premio garantizado de $1,000,000<\/strong> (as\u00ed es, no est\u00e1s viendo mal; \u00a1estamos hablando de un mill\u00f3n de d\u00f3lares por cinco n\u00fameros adivinados correctamente!). Mega Millions es una loter\u00eda con premios mayores frecuentes que pueden crecer hasta sumas de dinero inimaginables, por lo que los boletos ganadores de esta loter\u00eda proporcionan ganancias muy considerables a los ganadores. Mega Millions ofrece a los jugadores dos opciones interesantes. Lamentablemente, esas opciones adicionales, incluida la capacidad de comprar un boleto m\u00e1s barato solo para el premio mayor y multiplicar las ganancias de los niveles inferiores del juego, solo est\u00e1n disponibles para ciudadanos de estados espec\u00edficos de EE.UU.; sin embargo, el premio principal y sus niveles inferiores est\u00e1n disponibles para todos los dem\u00e1s jugadores.<\/p>\n<h2>\u00bfCu\u00e1l es el Precio de un Boleto de Loter\u00eda Mega Millions en L\u00ednea?<\/h2>\n<p>Para verificar el costo de un solo boleto o una cantidad mayor, utiliza el sitio web de LottoMat y usa la opci\u00f3n para seleccionar n\u00fameros ganadores. Despu\u00e9s de completar el boleto, su precio se mostrar\u00e1 debajo de los boletos. <strong>La calculadora calcular\u00e1 autom\u00e1ticamente el valor del pago<\/strong> seg\u00fan el n\u00famero de boletos de Mega Millions en l\u00ednea seleccionados. El precio de un boleto incluye el costo del boleto, as\u00ed como todas las tarifas de comisi\u00f3n aplicables, y es final. No tienes que preocuparte por nada m\u00e1s; solo espera los <a href=\"https:\/\/lottomat.com\/es\/resultados\/resultados-de-mega-millions\/\">resultados del sorteo actual de Mega Millions<\/a>.<\/p>\n<h2>\u00bfC\u00f3mo Comprar un Boleto de Mega Millions en L\u00ednea?<img loading=\"lazy\" decoding=\"async\" class=\"alignright wp-image-251863\" src=\"https:\/\/lottomat.com\/wp-content\/uploads\/2025\/10\/Mega-Millions-tickets.webp\" alt=\"boletos de Mega Millions\" width=\"200\" height=\"200\" srcset=\"https:\/\/lottomat.com\/wp-content\/uploads\/2025\/10\/Mega-Millions-tickets.webp 400w, https:\/\/lottomat.com\/wp-content\/uploads\/2025\/10\/Mega-Millions-tickets-300x300.webp 300w, https:\/\/lottomat.com\/wp-content\/uploads\/2025\/10\/Mega-Millions-tickets-150x150.webp 150w, https:\/\/lottomat.com\/wp-content\/uploads\/2025\/10\/Mega-Millions-tickets-100x100.webp 100w\" sizes=\"auto, (max-width: 200px) 100vw, 200px\" \/><\/h2>\n<p>En los sorteos de premios de Mega Millions, no es obligatorio vivir en Estados Unidos, pero <strong>la \u00fanica opci\u00f3n es comprar un boleto de Mega Millions en l\u00ednea<\/strong>. Las oficinas de loter\u00eda f\u00edsicas solo est\u00e1n disponibles en EE.UU. Lo \u00fanico que necesitas hacer es completar un boleto en el sitio web de LottoMat y luego pagarlo (hay varios m\u00e9todos de pago preferidos disponibles). Millones de d\u00f3lares est\u00e1n al alcance, sin salir de casa, 24 horas al d\u00eda, 7 d\u00edas a la semana. En estos d\u00edas, puedes jugar a la loter\u00eda Mega Millions en l\u00ednea desde la comodidad de tu silla. Las loter\u00edas en l\u00ednea son la base principal de este negocio hoy en d\u00eda.<\/p>\n<h3>Calendario de Sorteos y Resultados<\/h3>\n<p>Tu boleto participar\u00e1 en la loter\u00eda americana, y si ganas, el premio se enviar\u00e1 completamente o en cuotas, dependiendo de la opci\u00f3n que elegiste. <strong>Los sorteos se realizan los mi\u00e9rcoles y s\u00e1bados<\/strong>, y <a href=\"https:\/\/lottomat.com\/es\/resultados\/\">los resultados actuales de los sorteos de loter\u00eda<\/a> pueden consultarse en el sitio web de LottoMat. Entra en la opci\u00f3n Jugar y mira lo f\u00e1cil que es comprar un boleto de loter\u00eda en l\u00ednea. \u00a1Todo lo que necesitas para ganar es suerte!<\/p>\n<h2>\u00bfC\u00f3mo Jugar a la Loter\u00eda Mega Millions en L\u00ednea?<\/h2>\n<p>Gracias a nuestro sitio web, no tienes que ir a EE.UU. para comprar un boleto de loter\u00eda Mega Millions. Lo \u00fanico que tienes que hacer es seleccionar cinco n\u00fameros principales dentro del rango de 1 a 70 y un n\u00famero Mega Ball adicional dentro del rango de 1 a 24. Tambi\u00e9n puedes usar la opci\u00f3n aleatoria, donde los n\u00fameros se seleccionan al azar. Para ganar el premio principal, debes elegir correctamente todos los n\u00fameros que aparecen. Cuantos menos n\u00fameros aciertes, menores ser\u00e1n tus ganancias. <strong>Selecciona cinco n\u00fameros principales dentro del rango de 1 a 70 y un n\u00famero \u00fanico llamado Mega Ball del 1 al 24.<\/strong> \u00a1Elige tus n\u00fameros y juega por millones hoy!<\/p>\n<h2><img loading=\"lazy\" decoding=\"async\" class=\"alignleft wp-image-251893\" src=\"https:\/\/lottomat.com\/wp-content\/uploads\/2025\/10\/buy-Mega-Millions-tickets.webp\" alt=\"comprar boletos de Mega Millions\" width=\"200\" height=\"200\" srcset=\"https:\/\/lottomat.com\/wp-content\/uploads\/2025\/10\/buy-Mega-Millions-tickets.webp 400w, https:\/\/lottomat.com\/wp-content\/uploads\/2025\/10\/buy-Mega-Millions-tickets-300x300.webp 300w, https:\/\/lottomat.com\/wp-content\/uploads\/2025\/10\/buy-Mega-Millions-tickets-150x150.webp 150w, https:\/\/lottomat.com\/wp-content\/uploads\/2025\/10\/buy-Mega-Millions-tickets-100x100.webp 100w\" sizes=\"auto, (max-width: 200px) 100vw, 200px\" \/>\u00bfCu\u00e1les Son los Mejores Consejos para Jugar Mega Millions en L\u00ednea y Ganar?<\/h2>\n<p>Jugar de manera inteligente es la clave para maximizar tu experiencia de loter\u00eda mientras gestionas tu presupuesto de manera efectiva. Aqu\u00ed hay algunas estrategias probadas que pueden mejorar tus posibilidades de ganar.<\/p>\n<h3>Estrategia de Juego en Grupo<\/h3>\n<p>\u00bfQu\u00e9 se puede hacer para evitar gastar una fortuna en el juego mientras a\u00fan puedes participar en la loter\u00eda con un n\u00famero significativo de boletos? Eso es simple \u2013 <strong>solo juega cuando haya acumulaci\u00f3n e invita a tus amigos o familiares a jugar<\/strong>. Es la mejor manera de ganar, dividiendo el costo de los boletos de Mega Millions entre los participantes del juego familiar. Recuerda que las posibilidades de ganar un premio aumentan con el n\u00famero de boletos que compres.<\/p>\n<h3>M\u00e9todos de Selecci\u00f3n de N\u00fameros<\/h3>\n<p>La forma en que eliges los n\u00fameros depende solo de ti. Puedes usar la opci\u00f3n aleatoria para completar el boleto de Mega Millions con n\u00fameros aleatorios o usar tus n\u00fameros de la suerte. Si quieres, tambi\u00e9n puedes revisar los resultados de sorteos de loter\u00eda anteriores para identificar los n\u00fameros m\u00e1s y menos frecuentemente sorteados en Mega Millions y desarrollar tu estrategia para el juego de n\u00fameros. T\u00fa <a href=\"https:\/\/lottomat.com\/es\/jugar\/\">compras un boleto de loter\u00eda<\/a>, \u00a1y te deseamos buena suerte!<\/p>\n<h2>\u00bfPuedes Comprar M\u00e1s Boletos de Mega Millions en L\u00ednea?<\/h2>\n<p>S\u00ed, aprovecha la <strong>opci\u00f3n \u00abM\u00e1s l\u00edneas\u00bb y selecciona tantas l\u00edneas como necesites<\/strong>. Esta funci\u00f3n te permite aumentar tus posibilidades de ganar comprando m\u00faltiples boletos en una sola transacci\u00f3n. Cuantas m\u00e1s l\u00edneas juegues, mejores ser\u00e1n tus probabilidades de acertar la combinaci\u00f3n ganadora.<\/p>\n<h2>\u00bfPuedes Comprar Boletos de Mega Millions en L\u00ednea para M\u00faltiples Sorteos?<img loading=\"lazy\" decoding=\"async\" class=\"alignright wp-image-251923\" src=\"https:\/\/lottomat.com\/wp-content\/uploads\/2025\/10\/Mega-Millions-online.webp\" alt=\"Mega Millions en l\u00ednea\" width=\"200\" height=\"200\" srcset=\"https:\/\/lottomat.com\/wp-content\/uploads\/2025\/10\/Mega-Millions-online.webp 400w, https:\/\/lottomat.com\/wp-content\/uploads\/2025\/10\/Mega-Millions-online-300x300.webp 300w, https:\/\/lottomat.com\/wp-content\/uploads\/2025\/10\/Mega-Millions-online-150x150.webp 150w, https:\/\/lottomat.com\/wp-content\/uploads\/2025\/10\/Mega-Millions-online-100x100.webp 100w\" sizes=\"auto, (max-width: 200px) 100vw, 200px\" \/><\/h2>\n<p>S\u00ed, en LottoMat puedes <strong>comprar boletos para hasta 8 sorteos por adelantado<\/strong>. Esta funci\u00f3n conveniente significa que no tienes que recordar comprar boletos para cada sorteo individual. Puedes configurar tus n\u00fameros una vez y dejar que jueguen autom\u00e1ticamente para sorteos consecutivos. Esta opci\u00f3n de compra anticipada es perfecta para jugadores que tienen sus n\u00fameros favoritos y quieren asegurarse de no perderse nunca un sorteo.<\/p>\n<h2>\u00bfEs Seguro Jugar Mega Millions en L\u00ednea?<\/h2>\n<p>Jugar en el sitio web de LottoMat es <strong>completamente seguro y protegido<\/strong>. Escaneamos todos los boletos y cuidamos mucho de nuestros clientes, asegurando que tu informaci\u00f3n personal y financiera est\u00e9 protegida con los m\u00e1s altos est\u00e1ndares de seguridad. Nuestra plataforma utiliza tecnolog\u00eda de encriptaci\u00f3n avanzada para salvaguardar todas las transacciones y compras de boletos. Sin embargo, es importante recordar que <strong>jugar Mega Millions debe tratarse como entretenimiento y diversi\u00f3n<\/strong>. Nunca debes arriesgar dinero que no puedas permitirte perder. Juega siempre de manera responsable y dentro de tus posibilidades, tratando los boletos de loter\u00eda como una forma de entretenimiento en lugar de una estrategia de inversi\u00f3n.<\/p>\n","protected":false},"excerpt":{"rendered":"<p>\u00bfC\u00f3mo Funciona la Loter\u00eda Mega Millions? La loter\u00eda Mega Millions en l\u00ednea es un juego de n\u00fameros sencillo con reglas simples que son f\u00e1ciles de recordar. La tarea de cada jugador es seleccionar cinco n\u00fameros principales dentro del rango de 1 a 70 y elegir la Mega Ball, que es un n\u00famero bonus \u00fanico dentro [&hellip;]<\/p>\n","protected":false},"author":1,"featured_media":0,"parent":6813,"menu_order":2,"comment_status":"closed","ping_status":"closed","template":"megamillion.php","meta":{"_et_pb_use_builder":"","_et_pb_old_content":"","_et_gb_content_width":"","exclude_from_search":false,"footnotes":""},"class_list":["post-8704","page","type-page","status-publish","hentry"],"yoast_head":"<!-- This site is optimized with the Yoast SEO plugin v23.8 - https:\/\/yoast.com\/wordpress\/plugins\/seo\/ -->\n<title>Boletos de Loter\u00eda Mega Millions - Juega Mega Millions en l\u00ednea - Lottomat<\/title>\n<meta name=\"description\" content=\"\u00a1Juega a la loter\u00eda Mega Millions en l\u00ednea en Lottomat y gana una fortuna! Compra boletos de Mega Millions en l\u00ednea hoy - \u00a1\u00fanete a la diversi\u00f3n!\" \/>\n<meta name=\"robots\" content=\"index, follow, max-snippet:-1, max-image-preview:large, max-video-preview:-1\" \/>\n<link rel=\"canonical\" href=\"https:\/\/lottomat.com\/es\/jugar\/jugar-a-mega-millions-en-linea\/\" \/>\n<meta property=\"og:locale\" content=\"es_ES\" \/>\n<meta property=\"og:type\" content=\"article\" \/>\n<meta property=\"og:title\" content=\"Boletos de Loter\u00eda Mega Millions - Juega Mega Millions en l\u00ednea - Lottomat\" \/>\n<meta property=\"og:description\" content=\"\u00a1Juega a la loter\u00eda Mega Millions en l\u00ednea en Lottomat y gana una fortuna! Compra boletos de Mega Millions en l\u00ednea hoy - \u00a1\u00fanete a la diversi\u00f3n!\" \/>\n<meta property=\"og:url\" content=\"https:\/\/lottomat.com\/es\/jugar\/jugar-a-mega-millions-en-linea\/\" \/>\n<meta property=\"og:site_name\" content=\"Lottomat\" \/>\n<meta property=\"article:modified_time\" content=\"2026-02-13T10:33:08+00:00\" \/>\n<meta property=\"og:image\" content=\"https:\/\/lottomat.com\/wp-content\/uploads\/2025\/10\/play-Mega-Millions.webp\" \/>\n<meta name=\"twitter:card\" content=\"summary_large_image\" \/>\n<meta name=\"twitter:label1\" content=\"Tiempo de lectura\" \/>\n\t<meta name=\"twitter:data1\" content=\"7 minutos\" \/>\n<script type=\"application\/ld+json\" class=\"yoast-schema-graph\">{\"@context\":\"https:\/\/schema.org\",\"@graph\":[{\"@type\":\"WebPage\",\"@id\":\"https:\/\/lottomat.com\/es\/jugar\/jugar-a-mega-millions-en-linea\/\",\"url\":\"https:\/\/lottomat.com\/es\/jugar\/jugar-a-mega-millions-en-linea\/\",\"name\":\"Boletos de Loter\u00eda Mega Millions - Juega Mega Millions en l\u00ednea - Lottomat\",\"isPartOf\":{\"@id\":\"https:\/\/lottomat.com\/es\/#website\"},\"primaryImageOfPage\":{\"@id\":\"https:\/\/lottomat.com\/es\/jugar\/jugar-a-mega-millions-en-linea\/#primaryimage\"},\"image\":{\"@id\":\"https:\/\/lottomat.com\/es\/jugar\/jugar-a-mega-millions-en-linea\/#primaryimage\"},\"thumbnailUrl\":\"https:\/\/lottomat.com\/wp-content\/uploads\/2025\/10\/play-Mega-Millions.webp\",\"datePublished\":\"2025-03-26T07:54:05+00:00\",\"dateModified\":\"2026-02-13T10:33:08+00:00\",\"description\":\"\u00a1Juega a la loter\u00eda Mega Millions en l\u00ednea en Lottomat y gana una fortuna! Compra boletos de Mega Millions en l\u00ednea hoy - \u00a1\u00fanete a la diversi\u00f3n!\",\"breadcrumb\":{\"@id\":\"https:\/\/lottomat.com\/es\/jugar\/jugar-a-mega-millions-en-linea\/#breadcrumb\"},\"inLanguage\":\"es\",\"potentialAction\":[{\"@type\":\"ReadAction\",\"target\":[\"https:\/\/lottomat.com\/es\/jugar\/jugar-a-mega-millions-en-linea\/\"]}]},{\"@type\":\"ImageObject\",\"inLanguage\":\"es\",\"@id\":\"https:\/\/lottomat.com\/es\/jugar\/jugar-a-mega-millions-en-linea\/#primaryimage\",\"url\":\"https:\/\/lottomat.com\/wp-content\/uploads\/2025\/10\/play-Mega-Millions.webp\",\"contentUrl\":\"https:\/\/lottomat.com\/wp-content\/uploads\/2025\/10\/play-Mega-Millions.webp\"},{\"@type\":\"BreadcrumbList\",\"@id\":\"https:\/\/lottomat.com\/es\/jugar\/jugar-a-mega-millions-en-linea\/#breadcrumb\",\"itemListElement\":[{\"@type\":\"ListItem\",\"position\":1,\"name\":\"Home\",\"item\":\"https:\/\/lottomat.com\/es\/\"},{\"@type\":\"ListItem\",\"position\":2,\"name\":\"Jugar a la loter\u00eda\",\"item\":\"https:\/\/lottomat.com\/es\/jugar\/\"},{\"@type\":\"ListItem\",\"position\":3,\"name\":\"Juega Mega Millions en l\u00ednea \u2013 Boletos de Mega Millions\"}]},{\"@type\":\"WebSite\",\"@id\":\"https:\/\/lottomat.com\/es\/#website\",\"url\":\"https:\/\/lottomat.com\/es\/\",\"name\":\"Lottomat\",\"description\":\"\",\"potentialAction\":[{\"@type\":\"SearchAction\",\"target\":{\"@type\":\"EntryPoint\",\"urlTemplate\":\"https:\/\/lottomat.com\/es\/?s={search_term_string}\"},\"query-input\":{\"@type\":\"PropertyValueSpecification\",\"valueRequired\":true,\"valueName\":\"search_term_string\"}}],\"inLanguage\":\"es\"}]}<\/script>\n<!-- \/ Yoast SEO plugin. -->","yoast_head_json":{"title":"Boletos de Loter\u00eda Mega Millions - Juega Mega Millions en l\u00ednea - Lottomat","description":"\u00a1Juega a la loter\u00eda Mega Millions en l\u00ednea en Lottomat y gana una fortuna! Compra boletos de Mega Millions en l\u00ednea hoy - \u00a1\u00fanete a la diversi\u00f3n!","robots":{"index":"index","follow":"follow","max-snippet":"max-snippet:-1","max-image-preview":"max-image-preview:large","max-video-preview":"max-video-preview:-1"},"canonical":"https:\/\/lottomat.com\/es\/jugar\/jugar-a-mega-millions-en-linea\/","og_locale":"es_ES","og_type":"article","og_title":"Boletos de Loter\u00eda Mega Millions - Juega Mega Millions en l\u00ednea - Lottomat","og_description":"\u00a1Juega a la loter\u00eda Mega Millions en l\u00ednea en Lottomat y gana una fortuna! Compra boletos de Mega Millions en l\u00ednea hoy - \u00a1\u00fanete a la diversi\u00f3n!","og_url":"https:\/\/lottomat.com\/es\/jugar\/jugar-a-mega-millions-en-linea\/","og_site_name":"Lottomat","article_modified_time":"2026-02-13T10:33:08+00:00","og_image":[{"url":"https:\/\/lottomat.com\/wp-content\/uploads\/2025\/10\/play-Mega-Millions.webp"}],"twitter_card":"summary_large_image","twitter_misc":{"Tiempo de lectura":"7 minutos"},"schema":{"@context":"https:\/\/schema.org","@graph":[{"@type":"WebPage","@id":"https:\/\/lottomat.com\/es\/jugar\/jugar-a-mega-millions-en-linea\/","url":"https:\/\/lottomat.com\/es\/jugar\/jugar-a-mega-millions-en-linea\/","name":"Boletos de Loter\u00eda Mega Millions - Juega Mega Millions en l\u00ednea - Lottomat","isPartOf":{"@id":"https:\/\/lottomat.com\/es\/#website"},"primaryImageOfPage":{"@id":"https:\/\/lottomat.com\/es\/jugar\/jugar-a-mega-millions-en-linea\/#primaryimage"},"image":{"@id":"https:\/\/lottomat.com\/es\/jugar\/jugar-a-mega-millions-en-linea\/#primaryimage"},"thumbnailUrl":"https:\/\/lottomat.com\/wp-content\/uploads\/2025\/10\/play-Mega-Millions.webp","datePublished":"2025-03-26T07:54:05+00:00","dateModified":"2026-02-13T10:33:08+00:00","description":"\u00a1Juega a la loter\u00eda Mega Millions en l\u00ednea en Lottomat y gana una fortuna! Compra boletos de Mega Millions en l\u00ednea hoy - \u00a1\u00fanete a la diversi\u00f3n!","breadcrumb":{"@id":"https:\/\/lottomat.com\/es\/jugar\/jugar-a-mega-millions-en-linea\/#breadcrumb"},"inLanguage":"es","potentialAction":[{"@type":"ReadAction","target":["https:\/\/lottomat.com\/es\/jugar\/jugar-a-mega-millions-en-linea\/"]}]},{"@type":"ImageObject","inLanguage":"es","@id":"https:\/\/lottomat.com\/es\/jugar\/jugar-a-mega-millions-en-linea\/#primaryimage","url":"https:\/\/lottomat.com\/wp-content\/uploads\/2025\/10\/play-Mega-Millions.webp","contentUrl":"https:\/\/lottomat.com\/wp-content\/uploads\/2025\/10\/play-Mega-Millions.webp"},{"@type":"BreadcrumbList","@id":"https:\/\/lottomat.com\/es\/jugar\/jugar-a-mega-millions-en-linea\/#breadcrumb","itemListElement":[{"@type":"ListItem","position":1,"name":"Home","item":"https:\/\/lottomat.com\/es\/"},{"@type":"ListItem","position":2,"name":"Jugar a la loter\u00eda","item":"https:\/\/lottomat.com\/es\/jugar\/"},{"@type":"ListItem","position":3,"name":"Juega Mega Millions en l\u00ednea \u2013 Boletos de Mega Millions"}]},{"@type":"WebSite","@id":"https:\/\/lottomat.com\/es\/#website","url":"https:\/\/lottomat.com\/es\/","name":"Lottomat","description":"","potentialAction":[{"@type":"SearchAction","target":{"@type":"EntryPoint","urlTemplate":"https:\/\/lottomat.com\/es\/?s={search_term_string}"},"query-input":{"@type":"PropertyValueSpecification","valueRequired":true,"valueName":"search_term_string"}}],"inLanguage":"es"}]}},"_links":{"self":[{"href":"https:\/\/lottomat.com\/es\/wp-json\/wp\/v2\/pages\/8704","targetHints":{"allow":["GET"]}}],"collection":[{"href":"https:\/\/lottomat.com\/es\/wp-json\/wp\/v2\/pages"}],"about":[{"href":"https:\/\/lottomat.com\/es\/wp-json\/wp\/v2\/types\/page"}],"author":[{"embeddable":true,"href":"https:\/\/lottomat.com\/es\/wp-json\/wp\/v2\/users\/1"}],"replies":[{"embeddable":true,"href":"https:\/\/lottomat.com\/es\/wp-json\/wp\/v2\/comments?post=8704"}],"version-history":[{"count":3,"href":"https:\/\/lottomat.com\/es\/wp-json\/wp\/v2\/pages\/8704\/revisions"}],"predecessor-version":[{"id":270959,"href":"https:\/\/lottomat.com\/es\/wp-json\/wp\/v2\/pages\/8704\/revisions\/270959"}],"up":[{"embeddable":true,"href":"https:\/\/lottomat.com\/es\/wp-json\/wp\/v2\/pages\/6813"}],"wp:attachment":[{"href":"https:\/\/lottomat.com\/es\/wp-json\/wp\/v2\/media?parent=8704"}],"curies":[{"name":"wp","href":"https:\/\/api.w.org\/{rel}","templated":true}]}}