{"id":8460,"date":"2025-03-26T07:52:23","date_gmt":"2025-03-26T07:52:23","guid":{"rendered":"https:\/\/lottomat.net\/jugar-a-la-loteria\/jugar-a-powerball-en-linea\/"},"modified":"2026-02-17T12:42:18","modified_gmt":"2026-02-17T12:42:18","slug":"jugar-a-powerball-en-linea","status":"publish","type":"page","link":"https:\/\/lottomat.com\/es\/jugar\/jugar-a-powerball-en-linea\/","title":{"rendered":"Juega Powerball en l\u00ednea &#8211; Boletos de Powerball"},"content":{"rendered":"\n\n<div class=\"kk-star-ratings kksr-auto kksr-align-left kksr-valign-top\"\n    data-payload='{&quot;align&quot;:&quot;left&quot;,&quot;id&quot;:&quot;8460&quot;,&quot;slug&quot;:&quot;default&quot;,&quot;valign&quot;:&quot;top&quot;,&quot;ignore&quot;:&quot;&quot;,&quot;reference&quot;:&quot;auto&quot;,&quot;class&quot;:&quot;&quot;,&quot;count&quot;:&quot;0&quot;,&quot;legendonly&quot;:&quot;&quot;,&quot;readonly&quot;:&quot;&quot;,&quot;score&quot;:&quot;0&quot;,&quot;starsonly&quot;:&quot;&quot;,&quot;best&quot;:&quot;5&quot;,&quot;gap&quot;:&quot;5&quot;,&quot;greet&quot;:&quot;Rate this page&quot;,&quot;legend&quot;:&quot;0\\\/5 - (0 votos)&quot;,&quot;size&quot;:&quot;30&quot;,&quot;title&quot;:&quot;Juega Powerball en l\u00ednea - Boletos de Powerball&quot;,&quot;width&quot;:&quot;0&quot;,&quot;_legend&quot;:&quot;{score}\\\/{best} - ({count} {votes})&quot;,&quot;font_factor&quot;:&quot;1.25&quot;}'>\n            \n<div class=\"kksr-stars\">\n    \n<div class=\"kksr-stars-inactive\">\n            <div class=\"kksr-star\" data-star=\"1\" style=\"padding-right: 5px\">\n            \n\n<div class=\"kksr-icon\" style=\"width: 30px; height: 30px;\"><\/div>\n        <\/div>\n            <div class=\"kksr-star\" data-star=\"2\" style=\"padding-right: 5px\">\n            \n\n<div class=\"kksr-icon\" style=\"width: 30px; height: 30px;\"><\/div>\n        <\/div>\n            <div class=\"kksr-star\" data-star=\"3\" style=\"padding-right: 5px\">\n            \n\n<div class=\"kksr-icon\" style=\"width: 30px; height: 30px;\"><\/div>\n        <\/div>\n            <div class=\"kksr-star\" data-star=\"4\" style=\"padding-right: 5px\">\n            \n\n<div class=\"kksr-icon\" style=\"width: 30px; height: 30px;\"><\/div>\n        <\/div>\n            <div class=\"kksr-star\" data-star=\"5\" style=\"padding-right: 5px\">\n            \n\n<div class=\"kksr-icon\" style=\"width: 30px; height: 30px;\"><\/div>\n        <\/div>\n    <\/div>\n    \n<div class=\"kksr-stars-active\" style=\"width: 0px;\">\n            <div class=\"kksr-star\" style=\"padding-right: 5px\">\n            \n\n<div class=\"kksr-icon\" style=\"width: 30px; height: 30px;\"><\/div>\n        <\/div>\n            <div class=\"kksr-star\" style=\"padding-right: 5px\">\n            \n\n<div class=\"kksr-icon\" style=\"width: 30px; height: 30px;\"><\/div>\n        <\/div>\n            <div class=\"kksr-star\" style=\"padding-right: 5px\">\n            \n\n<div class=\"kksr-icon\" style=\"width: 30px; height: 30px;\"><\/div>\n        <\/div>\n            <div class=\"kksr-star\" style=\"padding-right: 5px\">\n            \n\n<div class=\"kksr-icon\" style=\"width: 30px; height: 30px;\"><\/div>\n        <\/div>\n            <div class=\"kksr-star\" style=\"padding-right: 5px\">\n            \n\n<div class=\"kksr-icon\" style=\"width: 30px; height: 30px;\"><\/div>\n        <\/div>\n    <\/div>\n<\/div>\n                \n\n<div class=\"kksr-legend\" style=\"font-size: 24px;\">\n            <span class=\"kksr-muted\">Rate this page<\/span>\n    <\/div>\n    <\/div>\n<h2><img loading=\"lazy\" decoding=\"async\" class=\"alignleft wp-image-252142\" src=\"https:\/\/lottomat.com\/wp-content\/uploads\/2025\/10\/play-Powerball-150x150.webp\" alt=\"jugar Powerball\" width=\"200\" height=\"200\" srcset=\"https:\/\/lottomat.com\/wp-content\/uploads\/2025\/10\/play-Powerball-150x150.webp 150w, https:\/\/lottomat.com\/wp-content\/uploads\/2025\/10\/play-Powerball-300x300.webp 300w, https:\/\/lottomat.com\/wp-content\/uploads\/2025\/10\/play-Powerball-100x100.webp 100w, https:\/\/lottomat.com\/wp-content\/uploads\/2025\/10\/play-Powerball.webp 400w\" sizes=\"auto, (max-width: 200px) 100vw, 200px\" \/>\u00bfQu\u00e9 es la loter\u00eda Powerball?<\/h2>\n<p>Comencemos con las reglas de esta famosa loter\u00eda, que son muy sencillas, y sin duda aprender\u00e1s r\u00e1pidamente c\u00f3mo jugar Powerball en l\u00ednea. El juego consiste en elegir cinco n\u00fameros del 1 al 69 y un n\u00famero extra, llamado Power Ball, de un grupo de n\u00fameros del 1 al 26. Si se aciertan todos los n\u00fameros ganadores, el jugador gana el premio principal garantizado, pero recuerda que existen <strong>9 niveles de premios<\/strong>. Tambi\u00e9n gana un premio el jugador que \u00fanicamente acierta el Power Ball extra, que es el n\u00famero bono. En la loter\u00eda Powerball en l\u00ednea existe adem\u00e1s una opci\u00f3n muy interesante para los jugadores. Se llama <strong>Power Play<\/strong> y es una opci\u00f3n adicional que permite multiplicar los premios fuera del premio principal. Sin embargo, solo est\u00e1 disponible en territorio de los Estados Unidos al comprar un boleto en persona en una oficina de Powerball. El jugador que acierta todos los n\u00fameros sorteados gana el premio principal, pero si no elige correctamente el n\u00famero bono de Powerball, obtiene el premio garantizado de <strong>1.000.000 de d\u00f3lares<\/strong>. En otras palabras, quien acierta los 5 n\u00fameros principales se lleva un mill\u00f3n de d\u00f3lares. Haz clic y lee <a href=\"https:\/\/lottomat.com\/es\/informacion\/informacion-de-powerball\/\">m\u00e1s sobre las reglas y premios de Powerball<\/a> en nuestro sitio web. Por supuesto, al igual que en otras <a href=\"https:\/\/lottomat.com\/es\/\">de las mejores loter\u00edas del mundo<\/a>, existe un acumulado en caso de que no haya ganador, lo que brinda la oportunidad de ganar enormes sumas de dinero en d\u00f3lares. Powerball se hizo famoso por boletos ganadores que se convirtieron en millones de d\u00f3lares. El mayor premio acumulado en la historia de esta loter\u00eda americana se registr\u00f3 el <strong>7 de noviembre de 2022<\/strong> y ascendi\u00f3 a <strong>2.040 millones de d\u00f3lares<\/strong>, con un valor en efectivo de <strong>997,6 millones de d\u00f3lares<\/strong>.<\/p>\n<h2>\u00bfC\u00f3mo comprar boletos de Powerball?<img loading=\"lazy\" decoding=\"async\" class=\"alignright wp-image-252172\" src=\"https:\/\/lottomat.com\/wp-content\/uploads\/2025\/10\/Powerball-lottery-tickets-300x300.webp\" alt=\"boletos de loter\u00eda Powerball\" width=\"200\" height=\"200\" srcset=\"https:\/\/lottomat.com\/wp-content\/uploads\/2025\/10\/Powerball-lottery-tickets-300x300.webp 300w, https:\/\/lottomat.com\/wp-content\/uploads\/2025\/10\/Powerball-lottery-tickets-150x150.webp 150w, https:\/\/lottomat.com\/wp-content\/uploads\/2025\/10\/Powerball-lottery-tickets-100x100.webp 100w, https:\/\/lottomat.com\/wp-content\/uploads\/2025\/10\/Powerball-lottery-tickets.webp 400w\" sizes=\"auto, (max-width: 200px) 100vw, 200px\" \/><\/h2>\n<p>Gracias a los cambios en las reglas para jugar Powerball, no es necesario ser ciudadano de los Estados Unidos ni estar en su territorio. Puedes participar en la <strong>loter\u00eda Powerball en l\u00ednea a trav\u00e9s del sitio web de Lottomat<\/strong>. Es muy c\u00f3modo y, adem\u00e1s, puedes comprar boletos de Powerball a cualquier hora del d\u00eda o de la noche, los siete d\u00edas de la semana. Solo tienes que elegir la opci\u00f3n de Jugar en el sitio web de Lottomat y rellenar el n\u00famero de boletos que desees. Despu\u00e9s, solo queda tener paciencia y esperar el sorteo, que se celebra cada <strong>martes, jueves y domingo a las 02:59 UTC<\/strong>. El sitio web de Lottomat garantiza que el boleto de loter\u00eda es v\u00e1lido y participa en el sorteo de premios de Powerball. Puedes realizar tu compra desde un ordenador o un tel\u00e9fono m\u00f3vil desde <strong>cualquier parte del mundo y en cualquier momento<\/strong>. \u00a1Solo tienes que crear una cuenta de usuario segura, comprar tu boleto y esperar el resultado!<\/p>\n<h2>\u00bfCu\u00e1nto cuesta un boleto de loter\u00eda Powerball en l\u00ednea?<\/h2>\n<p>Para calcular el coste de un boleto, basta con rellenarlo, o varios, en el sitio web de Lottomat. Tras elegir los n\u00fameros, <strong>el precio aparecer\u00e1 justo debajo de todos los boletos<\/strong>. Al rellenar m\u00e1s de un boleto, la calculadora calcular\u00e1 autom\u00e1ticamente el importe total a pagar, que es el precio final. Este incluye el precio de todos los boletos de Powerball m\u00e1s las comisiones correspondientes.<\/p>\n<h2><img loading=\"lazy\" decoding=\"async\" class=\"alignleft wp-image-252202\" src=\"https:\/\/lottomat.com\/wp-content\/uploads\/2025\/10\/Powerball-online-tickets-300x300.webp\" alt=\"boletos de Powerball en l\u00ednea\" width=\"200\" height=\"200\" srcset=\"https:\/\/lottomat.com\/wp-content\/uploads\/2025\/10\/Powerball-online-tickets-300x300.webp 300w, https:\/\/lottomat.com\/wp-content\/uploads\/2025\/10\/Powerball-online-tickets-150x150.webp 150w, https:\/\/lottomat.com\/wp-content\/uploads\/2025\/10\/Powerball-online-tickets-100x100.webp 100w, https:\/\/lottomat.com\/wp-content\/uploads\/2025\/10\/Powerball-online-tickets.webp 400w\" sizes=\"auto, (max-width: 200px) 100vw, 200px\" \/><\/h2>\n<h2>\u00bfC\u00f3mo jugar Powerball en l\u00ednea?<\/h2>\n<p>Gracias a nuestro sitio web, la loter\u00eda m\u00e1s popular del mundo ya est\u00e1 disponible sin necesidad de salir de casa. Para jugar Powerball en l\u00ednea, elige <strong>cinco n\u00fameros principales del 1 al 69 m\u00e1s un n\u00famero Power Ball adicional del 1 al 26<\/strong>. Puedes elegir tus n\u00fameros manualmente o utilizar la opci\u00f3n de <strong>Selecci\u00f3n R\u00e1pida para una elecci\u00f3n aleatoria<\/strong>. \u00a1As\u00ed de sencillo! Jugar con Lottomat es completamente seguro y fiable. <strong>Escaneamos todos los boletos comprados para garantizar su validez y tu tranquilidad.<\/strong> Con Lottomat, puedes jugar Powerball en l\u00ednea desde cualquier lugar del mundo; solo necesitas <strong>acceso a internet y medios de pago en l\u00ednea.<\/strong> Esta accesibilidad global hace que sea m\u00e1s f\u00e1cil que nunca participar en una de las loter\u00edas m\u00e1s emocionantes del mundo.<\/p>\n<h2>\u00bfPuedo comprar m\u00e1s boletos de Powerball en l\u00ednea?<\/h2>\n<p><strong>S\u00ed, definitivamente puedes comprar varios boletos de Powerball en l\u00ednea<\/strong> para aumentar tus posibilidades de ganar. Simplemente selecciona la opci\u00f3n <strong>\u00abm\u00e1s l\u00edneas\u00bb<\/strong> al jugar y elige tantas l\u00edneas como desees. Cada l\u00ednea adicional representa una nueva oportunidad de ganar el bote o cualquiera de los premios secundarios. Cuantos m\u00e1s boletos compres, mayores ser\u00e1n tus probabilidades de acertar los n\u00fameros ganadores.<\/p>\n<h2>\u00bfPuedo comprar boletos de Powerball en l\u00ednea para varios sorteos?<\/h2>\n<h2><img loading=\"lazy\" decoding=\"async\" class=\"alignright wp-image-252232\" src=\"https:\/\/lottomat.com\/wp-content\/uploads\/2025\/10\/Powerball-online-300x300.webp\" alt=\"Powerball en l\u00ednea\" width=\"200\" height=\"200\" srcset=\"https:\/\/lottomat.com\/wp-content\/uploads\/2025\/10\/Powerball-online-300x300.webp 300w, https:\/\/lottomat.com\/wp-content\/uploads\/2025\/10\/Powerball-online-150x150.webp 150w, https:\/\/lottomat.com\/wp-content\/uploads\/2025\/10\/Powerball-online-100x100.webp 100w, https:\/\/lottomat.com\/wp-content\/uploads\/2025\/10\/Powerball-online.webp 400w\" sizes=\"auto, (max-width: 200px) 100vw, 200px\" \/><\/h2>\n<p>\u00a1Por supuesto! En Lottomat, puedes <strong>comprar boletos de Powerball para hasta 8 sorteos consecutivos<\/strong> con antelaci\u00f3n. Esta pr\u00e1ctica funci\u00f3n significa que no tendr\u00e1s que recordar comprar boletos para cada sorteo por separado: tus n\u00fameros se registrar\u00e1n autom\u00e1ticamente en m\u00faltiples sorteos futuros. Esta opci\u00f3n de compra anticipada garantiza que <strong>nunca te pierdas un sorteo<\/strong> y te permite participar en la loter\u00eda de forma continuada durante varias semanas.<\/p>\n<h2>\u00bfC\u00f3mo consultar los resultados de la loter\u00eda Powerball en l\u00ednea?<\/h2>\n<p>Puedes consultar f\u00e1cilmente tanto <a href=\"https:\/\/lottomat.com\/es\/resultados\/resultados-de-powerball\/\">los \u00faltimos resultados de Powerball como los archivados<\/a> directamente en el sitio web de Lottomat. Nuestra p\u00e1gina de resultados se actualiza de inmediato tras cada sorteo, proporcion\u00e1ndote <strong>n\u00fameros ganadores precisos y actualizados.<\/strong> Tanto si deseas consultar los sorteos recientes como revisar resultados hist\u00f3ricos, toda la informaci\u00f3n est\u00e1 al alcance de tu mano. Esta c\u00f3moda funci\u00f3n te permite verificar r\u00e1pidamente si tus n\u00fameros han resultado ganadores sin necesidad de buscar en m\u00faltiples fuentes.<\/p>\n<h2><img loading=\"lazy\" decoding=\"async\" class=\"alignleft wp-image-252262\" src=\"https:\/\/lottomat.com\/wp-content\/uploads\/2025\/10\/Powerball-tickets-300x300.webp\" alt=\"boletos de Powerball\" width=\"200\" height=\"200\" srcset=\"https:\/\/lottomat.com\/wp-content\/uploads\/2025\/10\/Powerball-tickets-300x300.webp 300w, https:\/\/lottomat.com\/wp-content\/uploads\/2025\/10\/Powerball-tickets-150x150.webp 150w, https:\/\/lottomat.com\/wp-content\/uploads\/2025\/10\/Powerball-tickets-100x100.webp 100w, https:\/\/lottomat.com\/wp-content\/uploads\/2025\/10\/Powerball-tickets.webp 400w\" sizes=\"auto, (max-width: 200px) 100vw, 200px\" \/>\u00bfLottomat escanea los boletos de Powerball en l\u00ednea?<\/h2>\n<p><strong>\u00a1S\u00ed, por supuesto!<\/strong> Nuestros agentes autorizados compran f\u00edsicamente boletos de Powerball en establecimientos oficiales y con licencia en tu nombre. <strong>Escaneamos y almacenamos los boletos originales de forma segura<\/strong> para garantizar una total transparencia y seguridad a nuestros jugadores. Esto significa que tienes prueba de la compra de tu boleto y puedes tener la certeza de que tu participaci\u00f3n es v\u00e1lida para el sorteo oficial de Powerball. Los boletos originales se custodian en nuestras instalaciones seguras, brind\u00e1ndote total tranquilidad respecto a tu inversi\u00f3n.<\/p>\n<h2>\u00bfCu\u00e1les son los mejores consejos para jugar Powerball en l\u00ednea?<\/h2>\n<p>Juega, especialmente cuando haya un acumulado. <strong>Powerball tiene los mayores acumulados del mundo,<\/strong> y con tan solo un boleto tienes la oportunidad de ganar. \u00a1El mayor bote alcanz\u00f3 la impresionante cifra de <strong>2.040 millones de d\u00f3lares!<\/strong> Tambi\u00e9n puedes utilizar los n\u00fameros m\u00e1s sorteados, que encontrar\u00e1s en la <a href=\"https:\/\/lottomat.com\/es\/resultados\/\">p\u00e1gina de resultados de los sorteos de loter\u00eda<\/a>. En ella encontrar\u00e1s tanto los resultados actuales como los archivados. Recuerda que <strong>jugar Powerball en l\u00ednea debe ser una forma de entretenimiento,<\/strong> por lo que es importante jugar con responsabilidad y buen criterio. Establece un presupuesto y resp\u00e9talo, considerando los boletos de loter\u00eda como una actividad de ocio y no como una estrategia de inversi\u00f3n.<\/p>\n<h3>Consejos que pueden ayudarte a aumentar tus posibilidades de ganar<\/h3>\n<p>Comprar m\u00e1s de un boleto de Powerball significa que cada boleto adicional te ofrece mayores posibilidades de acertar los n\u00fameros sorteados. Aseg\u00farate de que los n\u00fameros que elijas sean variados, ya que el grupo de n\u00fameros es amplio, as\u00ed que no te limites a fechas de cumplea\u00f1os, que reducen considerablemente tu rango de elecci\u00f3n. Para reducir el coste de <a href=\"https:\/\/lottomat.com\/es\/jugar\/\">comprar boletos de loter\u00eda en l\u00ednea<\/a>, puedes invitar a tus seres queridos a jugar, lo que garantiza mayores posibilidades de ganar. El coste de los boletos puede repartirse entre m\u00e1s personas, haci\u00e9ndolo m\u00e1s asequible para todos. Juega cuando haya <a href=\"https:\/\/lottomat.com\/es\/informacion\/\">los mayores acumulados de loter\u00eda<\/a>, porque la esencia del juego de Powerball es la oportunidad de ganar. <strong>\u00a1Puedes comprar un boleto ganador en cualquier momento y convertirte en millonario!<\/strong><\/p>\n","protected":false},"excerpt":{"rendered":"<p>\u00bfQu\u00e9 es la loter\u00eda Powerball? Comencemos con las reglas de esta famosa loter\u00eda, que son muy sencillas, y sin duda aprender\u00e1s r\u00e1pidamente c\u00f3mo jugar Powerball en l\u00ednea. El juego consiste en elegir cinco n\u00fameros del 1 al 69 y un n\u00famero extra, llamado Power Ball, de un grupo de n\u00fameros del 1 al 26. Si [&hellip;]<\/p>\n","protected":false},"author":1,"featured_media":0,"parent":6813,"menu_order":1,"comment_status":"closed","ping_status":"closed","template":"powerball-usa.php","meta":{"_et_pb_use_builder":"","_et_pb_old_content":"","_et_gb_content_width":"","exclude_from_search":false,"footnotes":""},"class_list":["post-8460","page","type-page","status-publish","hentry"],"yoast_head":"<!-- This site is optimized with the Yoast SEO plugin v23.8 - https:\/\/yoast.com\/wordpress\/plugins\/seo\/ -->\n<title>Juega Powerball en l\u00ednea - Boletos de Powerball - LottoMat<\/title>\n<meta name=\"description\" content=\"\u00bfQuieres jugar a la loter\u00eda Powerball en l\u00ednea? \u00a1Aprende c\u00f3mo jugar Powerball y convi\u00e9rtete en millonario! \u00a1Compra boletos de Powerball en l\u00ednea en cualquier momento!\" \/>\n<meta name=\"robots\" content=\"index, follow, max-snippet:-1, max-image-preview:large, max-video-preview:-1\" \/>\n<link rel=\"canonical\" href=\"https:\/\/lottomat.com\/es\/jugar\/jugar-a-powerball-en-linea\/\" \/>\n<meta property=\"og:locale\" content=\"es_ES\" \/>\n<meta property=\"og:type\" content=\"article\" \/>\n<meta property=\"og:title\" content=\"Juega Powerball en l\u00ednea - Boletos de Powerball - LottoMat\" \/>\n<meta property=\"og:description\" content=\"\u00bfQuieres jugar a la loter\u00eda Powerball en l\u00ednea? \u00a1Aprende c\u00f3mo jugar Powerball y convi\u00e9rtete en millonario! \u00a1Compra boletos de Powerball en l\u00ednea en cualquier momento!\" \/>\n<meta property=\"og:url\" content=\"https:\/\/lottomat.com\/es\/jugar\/jugar-a-powerball-en-linea\/\" \/>\n<meta property=\"og:site_name\" content=\"Lottomat\" \/>\n<meta property=\"article:modified_time\" content=\"2026-02-17T12:42:18+00:00\" \/>\n<meta property=\"og:image\" content=\"https:\/\/lottomat.com\/wp-content\/uploads\/2025\/10\/play-Powerball-150x150.webp\" \/>\n<meta name=\"twitter:card\" content=\"summary_large_image\" \/>\n<meta name=\"twitter:label1\" content=\"Tiempo de lectura\" \/>\n\t<meta name=\"twitter:data1\" content=\"7 minutos\" \/>\n<script type=\"application\/ld+json\" class=\"yoast-schema-graph\">{\"@context\":\"https:\/\/schema.org\",\"@graph\":[{\"@type\":\"WebPage\",\"@id\":\"https:\/\/lottomat.com\/es\/jugar\/jugar-a-powerball-en-linea\/\",\"url\":\"https:\/\/lottomat.com\/es\/jugar\/jugar-a-powerball-en-linea\/\",\"name\":\"Juega Powerball en l\u00ednea - Boletos de Powerball - LottoMat\",\"isPartOf\":{\"@id\":\"https:\/\/lottomat.com\/es\/#website\"},\"primaryImageOfPage\":{\"@id\":\"https:\/\/lottomat.com\/es\/jugar\/jugar-a-powerball-en-linea\/#primaryimage\"},\"image\":{\"@id\":\"https:\/\/lottomat.com\/es\/jugar\/jugar-a-powerball-en-linea\/#primaryimage\"},\"thumbnailUrl\":\"https:\/\/lottomat.com\/wp-content\/uploads\/2025\/10\/play-Powerball-150x150.webp\",\"datePublished\":\"2025-03-26T07:52:23+00:00\",\"dateModified\":\"2026-02-17T12:42:18+00:00\",\"description\":\"\u00bfQuieres jugar a la loter\u00eda Powerball en l\u00ednea? \u00a1Aprende c\u00f3mo jugar Powerball y convi\u00e9rtete en millonario! \u00a1Compra boletos de Powerball en l\u00ednea en cualquier momento!\",\"breadcrumb\":{\"@id\":\"https:\/\/lottomat.com\/es\/jugar\/jugar-a-powerball-en-linea\/#breadcrumb\"},\"inLanguage\":\"es\",\"potentialAction\":[{\"@type\":\"ReadAction\",\"target\":[\"https:\/\/lottomat.com\/es\/jugar\/jugar-a-powerball-en-linea\/\"]}]},{\"@type\":\"ImageObject\",\"inLanguage\":\"es\",\"@id\":\"https:\/\/lottomat.com\/es\/jugar\/jugar-a-powerball-en-linea\/#primaryimage\",\"url\":\"https:\/\/lottomat.com\/wp-content\/uploads\/2025\/10\/play-Powerball-150x150.webp\",\"contentUrl\":\"https:\/\/lottomat.com\/wp-content\/uploads\/2025\/10\/play-Powerball-150x150.webp\"},{\"@type\":\"BreadcrumbList\",\"@id\":\"https:\/\/lottomat.com\/es\/jugar\/jugar-a-powerball-en-linea\/#breadcrumb\",\"itemListElement\":[{\"@type\":\"ListItem\",\"position\":1,\"name\":\"Home\",\"item\":\"https:\/\/lottomat.com\/es\/\"},{\"@type\":\"ListItem\",\"position\":2,\"name\":\"Jugar a la loter\u00eda\",\"item\":\"https:\/\/lottomat.com\/es\/jugar\/\"},{\"@type\":\"ListItem\",\"position\":3,\"name\":\"Juega Powerball en l\u00ednea &#8211; Boletos de Powerball\"}]},{\"@type\":\"WebSite\",\"@id\":\"https:\/\/lottomat.com\/es\/#website\",\"url\":\"https:\/\/lottomat.com\/es\/\",\"name\":\"Lottomat\",\"description\":\"\",\"potentialAction\":[{\"@type\":\"SearchAction\",\"target\":{\"@type\":\"EntryPoint\",\"urlTemplate\":\"https:\/\/lottomat.com\/es\/?s={search_term_string}\"},\"query-input\":{\"@type\":\"PropertyValueSpecification\",\"valueRequired\":true,\"valueName\":\"search_term_string\"}}],\"inLanguage\":\"es\"}]}<\/script>\n<!-- \/ Yoast SEO plugin. -->","yoast_head_json":{"title":"Juega Powerball en l\u00ednea - Boletos de Powerball - LottoMat","description":"\u00bfQuieres jugar a la loter\u00eda Powerball en l\u00ednea? \u00a1Aprende c\u00f3mo jugar Powerball y convi\u00e9rtete en millonario! \u00a1Compra boletos de Powerball en l\u00ednea en cualquier momento!","robots":{"index":"index","follow":"follow","max-snippet":"max-snippet:-1","max-image-preview":"max-image-preview:large","max-video-preview":"max-video-preview:-1"},"canonical":"https:\/\/lottomat.com\/es\/jugar\/jugar-a-powerball-en-linea\/","og_locale":"es_ES","og_type":"article","og_title":"Juega Powerball en l\u00ednea - Boletos de Powerball - LottoMat","og_description":"\u00bfQuieres jugar a la loter\u00eda Powerball en l\u00ednea? \u00a1Aprende c\u00f3mo jugar Powerball y convi\u00e9rtete en millonario! \u00a1Compra boletos de Powerball en l\u00ednea en cualquier momento!","og_url":"https:\/\/lottomat.com\/es\/jugar\/jugar-a-powerball-en-linea\/","og_site_name":"Lottomat","article_modified_time":"2026-02-17T12:42:18+00:00","og_image":[{"url":"https:\/\/lottomat.com\/wp-content\/uploads\/2025\/10\/play-Powerball-150x150.webp"}],"twitter_card":"summary_large_image","twitter_misc":{"Tiempo de lectura":"7 minutos"},"schema":{"@context":"https:\/\/schema.org","@graph":[{"@type":"WebPage","@id":"https:\/\/lottomat.com\/es\/jugar\/jugar-a-powerball-en-linea\/","url":"https:\/\/lottomat.com\/es\/jugar\/jugar-a-powerball-en-linea\/","name":"Juega Powerball en l\u00ednea - Boletos de Powerball - LottoMat","isPartOf":{"@id":"https:\/\/lottomat.com\/es\/#website"},"primaryImageOfPage":{"@id":"https:\/\/lottomat.com\/es\/jugar\/jugar-a-powerball-en-linea\/#primaryimage"},"image":{"@id":"https:\/\/lottomat.com\/es\/jugar\/jugar-a-powerball-en-linea\/#primaryimage"},"thumbnailUrl":"https:\/\/lottomat.com\/wp-content\/uploads\/2025\/10\/play-Powerball-150x150.webp","datePublished":"2025-03-26T07:52:23+00:00","dateModified":"2026-02-17T12:42:18+00:00","description":"\u00bfQuieres jugar a la loter\u00eda Powerball en l\u00ednea? \u00a1Aprende c\u00f3mo jugar Powerball y convi\u00e9rtete en millonario! \u00a1Compra boletos de Powerball en l\u00ednea en cualquier momento!","breadcrumb":{"@id":"https:\/\/lottomat.com\/es\/jugar\/jugar-a-powerball-en-linea\/#breadcrumb"},"inLanguage":"es","potentialAction":[{"@type":"ReadAction","target":["https:\/\/lottomat.com\/es\/jugar\/jugar-a-powerball-en-linea\/"]}]},{"@type":"ImageObject","inLanguage":"es","@id":"https:\/\/lottomat.com\/es\/jugar\/jugar-a-powerball-en-linea\/#primaryimage","url":"https:\/\/lottomat.com\/wp-content\/uploads\/2025\/10\/play-Powerball-150x150.webp","contentUrl":"https:\/\/lottomat.com\/wp-content\/uploads\/2025\/10\/play-Powerball-150x150.webp"},{"@type":"BreadcrumbList","@id":"https:\/\/lottomat.com\/es\/jugar\/jugar-a-powerball-en-linea\/#breadcrumb","itemListElement":[{"@type":"ListItem","position":1,"name":"Home","item":"https:\/\/lottomat.com\/es\/"},{"@type":"ListItem","position":2,"name":"Jugar a la loter\u00eda","item":"https:\/\/lottomat.com\/es\/jugar\/"},{"@type":"ListItem","position":3,"name":"Juega Powerball en l\u00ednea &#8211; Boletos de Powerball"}]},{"@type":"WebSite","@id":"https:\/\/lottomat.com\/es\/#website","url":"https:\/\/lottomat.com\/es\/","name":"Lottomat","description":"","potentialAction":[{"@type":"SearchAction","target":{"@type":"EntryPoint","urlTemplate":"https:\/\/lottomat.com\/es\/?s={search_term_string}"},"query-input":{"@type":"PropertyValueSpecification","valueRequired":true,"valueName":"search_term_string"}}],"inLanguage":"es"}]}},"_links":{"self":[{"href":"https:\/\/lottomat.com\/es\/wp-json\/wp\/v2\/pages\/8460","targetHints":{"allow":["GET"]}}],"collection":[{"href":"https:\/\/lottomat.com\/es\/wp-json\/wp\/v2\/pages"}],"about":[{"href":"https:\/\/lottomat.com\/es\/wp-json\/wp\/v2\/types\/page"}],"author":[{"embeddable":true,"href":"https:\/\/lottomat.com\/es\/wp-json\/wp\/v2\/users\/1"}],"replies":[{"embeddable":true,"href":"https:\/\/lottomat.com\/es\/wp-json\/wp\/v2\/comments?post=8460"}],"version-history":[{"count":3,"href":"https:\/\/lottomat.com\/es\/wp-json\/wp\/v2\/pages\/8460\/revisions"}],"predecessor-version":[{"id":271287,"href":"https:\/\/lottomat.com\/es\/wp-json\/wp\/v2\/pages\/8460\/revisions\/271287"}],"up":[{"embeddable":true,"href":"https:\/\/lottomat.com\/es\/wp-json\/wp\/v2\/pages\/6813"}],"wp:attachment":[{"href":"https:\/\/lottomat.com\/es\/wp-json\/wp\/v2\/media?parent=8460"}],"curies":[{"name":"wp","href":"https:\/\/api.w.org\/{rel}","templated":true}]}}