{"id":6505,"date":"2025-03-26T07:12:15","date_gmt":"2025-03-26T07:12:15","guid":{"rendered":"https:\/\/lottomat.net\/inicio-las-loterias-mas-grandes-del-mundo-en-un-solo-lugar\/"},"modified":"2026-02-13T10:58:05","modified_gmt":"2026-02-13T10:58:05","slug":"inicio-las-loterias-mas-grandes-del-mundo-en-un-solo-lugar","status":"publish","type":"page","link":"https:\/\/lottomat.com\/es\/","title":{"rendered":"Lottomat &#8211; las loter\u00edas m\u00e1s grandes del mundo en un solo lugar"},"content":{"rendered":"\n\n<div class=\"kk-star-ratings kksr-auto kksr-align-left kksr-valign-top\"\n    data-payload='{&quot;align&quot;:&quot;left&quot;,&quot;id&quot;:&quot;6505&quot;,&quot;slug&quot;:&quot;default&quot;,&quot;valign&quot;:&quot;top&quot;,&quot;ignore&quot;:&quot;&quot;,&quot;reference&quot;:&quot;auto&quot;,&quot;class&quot;:&quot;&quot;,&quot;count&quot;:&quot;0&quot;,&quot;legendonly&quot;:&quot;&quot;,&quot;readonly&quot;:&quot;&quot;,&quot;score&quot;:&quot;0&quot;,&quot;starsonly&quot;:&quot;&quot;,&quot;best&quot;:&quot;5&quot;,&quot;gap&quot;:&quot;5&quot;,&quot;greet&quot;:&quot;Rate this page&quot;,&quot;legend&quot;:&quot;0\\\/5 - (0 votos)&quot;,&quot;size&quot;:&quot;30&quot;,&quot;title&quot;:&quot;Lottomat - las loter\u00edas m\u00e1s grandes del mundo en un solo lugar&quot;,&quot;width&quot;:&quot;0&quot;,&quot;_legend&quot;:&quot;{score}\\\/{best} - ({count} {votes})&quot;,&quot;font_factor&quot;:&quot;1.25&quot;}'>\n            \n<div class=\"kksr-stars\">\n    \n<div class=\"kksr-stars-inactive\">\n            <div class=\"kksr-star\" data-star=\"1\" style=\"padding-right: 5px\">\n            \n\n<div class=\"kksr-icon\" style=\"width: 30px; height: 30px;\"><\/div>\n        <\/div>\n            <div class=\"kksr-star\" data-star=\"2\" style=\"padding-right: 5px\">\n            \n\n<div class=\"kksr-icon\" style=\"width: 30px; height: 30px;\"><\/div>\n        <\/div>\n            <div class=\"kksr-star\" data-star=\"3\" style=\"padding-right: 5px\">\n            \n\n<div class=\"kksr-icon\" style=\"width: 30px; height: 30px;\"><\/div>\n        <\/div>\n            <div class=\"kksr-star\" data-star=\"4\" style=\"padding-right: 5px\">\n            \n\n<div class=\"kksr-icon\" style=\"width: 30px; height: 30px;\"><\/div>\n        <\/div>\n            <div class=\"kksr-star\" data-star=\"5\" style=\"padding-right: 5px\">\n            \n\n<div class=\"kksr-icon\" style=\"width: 30px; height: 30px;\"><\/div>\n        <\/div>\n    <\/div>\n    \n<div class=\"kksr-stars-active\" style=\"width: 0px;\">\n            <div class=\"kksr-star\" style=\"padding-right: 5px\">\n            \n\n<div class=\"kksr-icon\" style=\"width: 30px; height: 30px;\"><\/div>\n        <\/div>\n            <div class=\"kksr-star\" style=\"padding-right: 5px\">\n            \n\n<div class=\"kksr-icon\" style=\"width: 30px; height: 30px;\"><\/div>\n        <\/div>\n            <div class=\"kksr-star\" style=\"padding-right: 5px\">\n            \n\n<div class=\"kksr-icon\" style=\"width: 30px; height: 30px;\"><\/div>\n        <\/div>\n            <div class=\"kksr-star\" style=\"padding-right: 5px\">\n            \n\n<div class=\"kksr-icon\" style=\"width: 30px; height: 30px;\"><\/div>\n        <\/div>\n            <div class=\"kksr-star\" style=\"padding-right: 5px\">\n            \n\n<div class=\"kksr-icon\" style=\"width: 30px; height: 30px;\"><\/div>\n        <\/div>\n    <\/div>\n<\/div>\n                \n\n<div class=\"kksr-legend\" style=\"font-size: 24px;\">\n            <span class=\"kksr-muted\">Rate this page<\/span>\n    <\/div>\n    <\/div>\n<h2 style=\"text-align: left;\"><img loading=\"lazy\" decoding=\"async\" class=\"alignleft wp-image-1091\" src=\"https:\/\/lottomat.com\/wp-content\/uploads\/2025\/03\/play-lotteries-available-in-other-countries-300x300.png\" alt=\"jugar loter\u00edas disponibles en otros pa\u00edses\" width=\"130\" height=\"130\" srcset=\"https:\/\/lottomat.com\/wp-content\/uploads\/2025\/03\/play-lotteries-available-in-other-countries-300x300.png 300w, https:\/\/lottomat.com\/wp-content\/uploads\/2025\/03\/play-lotteries-available-in-other-countries-150x150.png 150w, https:\/\/lottomat.com\/wp-content\/uploads\/2025\/03\/play-lotteries-available-in-other-countries-100x100.png 100w, https:\/\/lottomat.com\/wp-content\/uploads\/2025\/03\/play-lotteries-available-in-other-countries.png 400w\" sizes=\"auto, (max-width: 130px) 100vw, 130px\" \/>\u00bfPuedo jugar a loter\u00edas disponibles en otros pa\u00edses?<\/h2>\n<p>\u00a1S\u00ed, S\u00ed, S\u00ed! La respuesta a la pregunta m\u00e1s frecuente de nuestros jugadores es s\u00ed: puedes jugar a las loter\u00edas m\u00e1s grandes del mundo independientemente de tu pa\u00eds de residencia. En el sitio web de Lottomat, las loter\u00edas m\u00e1s importantes est\u00e1n disponibles para ti sin necesidad de visitar ninguna administraci\u00f3n de loter\u00eda, incluida la m\u00e1s cercana a tu pa\u00eds de residencia. En Lottomat encontrar\u00e1s loter\u00edas que garantizan los premios m\u00e1s grandes, entre ellas SuperEnalotto, en la que para ganar el premio principal debes acertar correctamente 6 n\u00fameros de 90. Tambi\u00e9n est\u00e1 Eurojackpot y EuroMillions, que son las loter\u00edas europeas m\u00e1s importantes; para ganar, solo necesitas elegir cinco n\u00fameros de 50. Con nosotros tambi\u00e9n puedes jugar a la Loter\u00eda Francesa, la Loter\u00eda del Reino Unido o dos fant\u00e1sticas loter\u00edas espa\u00f1olas, El Gordo y La Primitiva, que ofrecen una alta probabilidad de ganar. En nuestro cat\u00e1logo tambi\u00e9n encontrar\u00e1s las loter\u00edas estadounidenses m\u00e1s grandes, incluidas Powerball, Mega Millions y muchas otras opciones atractivas que te brindan la oportunidad de aumentar tus posibilidades de ganar.<\/p>\n<hr \/>\n<h2><img loading=\"lazy\" decoding=\"async\" class=\"alignleft wp-image-21538 lazy loaded\" src=\"https:\/\/lottomat.net\/wp-content\/uploads\/2020\/06\/euro-jackpot-2.png\" alt=\"euro jackpot\" width=\"130\" height=\"130\" data-src=\"https:\/\/lottomat.net\/wp-content\/uploads\/2020\/06\/euro-jackpot-2.png\" data-was-processed=\"true\" srcset=\"https:\/\/lottomat.com\/wp-content\/uploads\/2020\/06\/euro-jackpot-2.png 400w, https:\/\/lottomat.com\/wp-content\/uploads\/2020\/06\/euro-jackpot-2-300x300.png 300w, https:\/\/lottomat.com\/wp-content\/uploads\/2020\/06\/euro-jackpot-2-150x150.png 150w, https:\/\/lottomat.com\/wp-content\/uploads\/2020\/06\/euro-jackpot-2-100x100.png 100w\" sizes=\"auto, (max-width: 130px) 100vw, 130px\" \/>\u00bfC\u00f3mo puedo comprar los boletos?<\/h2>\n<p>Comprar boletos de loter\u00eda en l\u00ednea es extremadamente simple, r\u00e1pido y, sobre todo, seguro. Todo lo que tienes que hacer es elegir una loter\u00eda, seleccionar los n\u00fameros, completar un registro sencillo, pagar el cup\u00f3n y verificar que hayas seleccionado correctamente despu\u00e9s del sorteo.<\/p>\n<hr \/>\n<h2><img loading=\"lazy\" decoding=\"async\" class=\"alignleft wp-image-21566 lazy loaded\" src=\"https:\/\/lottomat.net\/wp-content\/uploads\/2020\/06\/Euro-Million.png\" alt=\"Euro Million\" width=\"130\" height=\"130\" data-src=\"https:\/\/lottomat.net\/wp-content\/uploads\/2020\/06\/Euro-Million.png\" data-was-processed=\"true\" srcset=\"https:\/\/lottomat.com\/wp-content\/uploads\/2020\/06\/Euro-Million.png 400w, https:\/\/lottomat.com\/wp-content\/uploads\/2020\/06\/Euro-Million-300x300.png 300w, https:\/\/lottomat.com\/wp-content\/uploads\/2020\/06\/Euro-Million-150x150.png 150w, https:\/\/lottomat.com\/wp-content\/uploads\/2020\/06\/Euro-Million-100x100.png 100w\" sizes=\"auto, (max-width: 130px) 100vw, 130px\" \/>\u00bfQu\u00e9 sucede despu\u00e9s de que hago el pedido del cup\u00f3n en l\u00ednea?<\/h2>\n<p>Uno de nuestros representantes comprar\u00e1 un cup\u00f3n oficial en tu nombre de acuerdo con los n\u00fameros que hayas elegido. Tu cup\u00f3n se depositar\u00e1 en la caja fuerte hasta el sorteo, y los n\u00fameros que seleccionaste estar\u00e1n en tu cuenta de usuario en nuestro sitio. Adem\u00e1s, cuando realices una compra, Lottomat tambi\u00e9n te notificar\u00e1 por correo electr\u00f3nico sobre el monto gastado en la compra de boletos, el m\u00e9todo de pago y los n\u00fameros que has elegido. Adicionalmente, se colocar\u00e1 un escaneo del cup\u00f3n comprado en tu cuenta.<\/p>\n<hr \/>\n<h2><img loading=\"lazy\" decoding=\"async\" class=\"alignleft wp-image-21594 lazy loaded\" src=\"https:\/\/lottomat.net\/wp-content\/uploads\/2020\/06\/Euro-Millions.png\" alt=\"Euro Millions\" width=\"122\" height=\"122\" data-src=\"https:\/\/lottomat.net\/wp-content\/uploads\/2020\/06\/Euro-Millions.png\" data-was-processed=\"true\" srcset=\"https:\/\/lottomat.com\/wp-content\/uploads\/2020\/06\/Euro-Millions.png 400w, https:\/\/lottomat.com\/wp-content\/uploads\/2020\/06\/Euro-Millions-300x300.png 300w, https:\/\/lottomat.com\/wp-content\/uploads\/2020\/06\/Euro-Millions-150x150.png 150w, https:\/\/lottomat.com\/wp-content\/uploads\/2020\/06\/Euro-Millions-100x100.png 100w\" sizes=\"auto, (max-width: 122px) 100vw, 122px\" \/>\u00bfC\u00f3mo no perder los premios acumulados?<\/h2>\n<p>Lottomat te mantendr\u00e1 informado de los pr\u00f3ximos premios acumulados. Recibir\u00e1s un correo electr\u00f3nico con anticipaci\u00f3n para recordarte el pr\u00f3ximo sorteo, y podr\u00e1s planificar tu calendario de juego utilizando la opci\u00f3n de suscripci\u00f3n.<\/p>\n<p>&nbsp;<\/p>\n<hr \/>\n<h2><img loading=\"lazy\" decoding=\"async\" class=\"alignleft wp-image-21622 lazy loaded\" src=\"https:\/\/lottomat.net\/wp-content\/uploads\/2020\/06\/mega-millions.png\" alt=\"mega millions\" width=\"130\" height=\"130\" data-src=\"https:\/\/lottomat.net\/wp-content\/uploads\/2020\/06\/mega-millions.png\" data-was-processed=\"true\" srcset=\"https:\/\/lottomat.com\/wp-content\/uploads\/2020\/06\/mega-millions.png 400w, https:\/\/lottomat.com\/wp-content\/uploads\/2020\/06\/mega-millions-300x300.png 300w, https:\/\/lottomat.com\/wp-content\/uploads\/2020\/06\/mega-millions-150x150.png 150w, https:\/\/lottomat.com\/wp-content\/uploads\/2020\/06\/mega-millions-100x100.png 100w\" sizes=\"auto, (max-width: 130px) 100vw, 130px\" \/>\u00bfQu\u00e9 pasa si gano?<\/h2>\n<p>Tambi\u00e9n en este momento, Lottomat te facilita el cobro de tus ganancias. Todas tus ganancias, hasta 2.500 EUR, se acreditan autom\u00e1ticamente en tu cuenta en nuestro sistema inmediatamente despu\u00e9s del sorteo y pueden utilizarse para tus compras posteriores o solicitarse como retiro de tu cuenta. Todo esto lo haces en l\u00ednea: de forma c\u00f3moda y segura. En el caso de premios importantes, Lottomat te ayudar\u00e1 a seleccionar la forma m\u00e1s conveniente de recibir el premio. Los premios grandes normalmente se depositan en la cuenta bancaria que especifiques y, en algunos casos, pueden requerir tu presencia para reclamar las ganancias. Tambi\u00e9n organizaremos esto para que puedas disfrutar plenamente de las ganancias, como lo han hecho muchos de nuestros ganadores actuales.<\/p>\n<hr \/>\n<h2><img loading=\"lazy\" decoding=\"async\" class=\"alignleft wp-image-21650 lazy loaded\" src=\"https:\/\/lottomat.net\/wp-content\/uploads\/2020\/06\/online-lotto.png\" alt=\"loter\u00eda en l\u00ednea\" width=\"130\" height=\"130\" data-src=\"https:\/\/lottomat.net\/wp-content\/uploads\/2020\/06\/online-lotto.png\" data-was-processed=\"true\" srcset=\"https:\/\/lottomat.com\/wp-content\/uploads\/2020\/06\/online-lotto.png 400w, https:\/\/lottomat.com\/wp-content\/uploads\/2020\/06\/online-lotto-300x300.png 300w, https:\/\/lottomat.com\/wp-content\/uploads\/2020\/06\/online-lotto-150x150.png 150w, https:\/\/lottomat.com\/wp-content\/uploads\/2020\/06\/online-lotto-100x100.png 100w\" sizes=\"auto, (max-width: 130px) 100vw, 130px\" \/>\u00bfExisten m\u00e9todos para ganar?<\/h2>\n<p>Queremos asegurarte que no conocemos tales m\u00e9todos. Las loter\u00edas, como la mayor\u00eda de los juegos de n\u00fameros, se basan en el azar. Probablemente hayas o\u00eddo que alguien ha descubierto un sistema para el juego de la Loter\u00eda u otro juego de azar. A pesar de la evidencia que sugiere que ciertos n\u00fameros se sortean con m\u00e1s frecuencia que otros, los expertos coinciden en que no existe un sistema probado. Esta es la paradoja de la Loter\u00eda. Aqu\u00ed todos tienen las mismas posibilidades, as\u00ed que tal vez justo hoy tu combinaci\u00f3n de n\u00fameros gane. As\u00ed que juguemos de forma sistem\u00e1tica, porque la suerte puede sonre\u00edr en cualquier momento. Nuestros ganadores actuales sugieren que la regularidad y el juego constante son las claves para ganar.<\/p>\n<hr \/>\n<h2 style=\"text-align: center;\"><span style=\"color: #00b3ff;\">Con nosotros puedes jugar las 24 horas del d\u00eda, los 7 d\u00edas de la semana, los 365 d\u00edas del a\u00f1o.<\/span><\/h2>\n","protected":false},"excerpt":{"rendered":"<p>\u00bfPuedo jugar a loter\u00edas disponibles en otros pa\u00edses? \u00a1S\u00ed, S\u00ed, S\u00ed! La respuesta a la pregunta m\u00e1s frecuente de nuestros jugadores es s\u00ed: puedes jugar a las loter\u00edas m\u00e1s grandes del mundo independientemente de tu pa\u00eds de residencia. En el sitio web de Lottomat, las loter\u00edas m\u00e1s importantes est\u00e1n disponibles para ti sin necesidad de [&hellip;]<\/p>\n","protected":false},"author":1,"featured_media":0,"parent":0,"menu_order":1,"comment_status":"closed","ping_status":"closed","template":"lotto.php","meta":{"_et_pb_use_builder":"","_et_pb_old_content":"","_et_gb_content_width":"","exclude_from_search":false,"footnotes":""},"class_list":["post-6505","page","type-page","status-publish","hentry"],"yoast_head":"<!-- This site is optimized with the Yoast SEO plugin v23.8 - https:\/\/yoast.com\/wordpress\/plugins\/seo\/ -->\n<title>Loter\u00eda en l\u00ednea: compre boletos de loter\u00eda en l\u00ednea: Lottomat.com<\/title>\n<meta name=\"description\" content=\"Lottomat ofrece las mejores loter\u00edas del mundo con los mejores botes. \u00a1Juegue en l\u00ednea y gane a lo grande! Compre los boletos y compruebe los resultados.\" \/>\n<meta name=\"robots\" content=\"index, follow, max-snippet:-1, max-image-preview:large, max-video-preview:-1\" \/>\n<link rel=\"canonical\" href=\"https:\/\/lottomat.com\/es\/\" \/>\n<meta property=\"og:locale\" content=\"es_ES\" \/>\n<meta property=\"og:type\" content=\"article\" \/>\n<meta property=\"og:title\" content=\"Loter\u00eda en l\u00ednea: compre boletos de loter\u00eda en l\u00ednea: Lottomat.com\" \/>\n<meta property=\"og:description\" content=\"Lottomat ofrece las mejores loter\u00edas del mundo con los mejores botes. \u00a1Juegue en l\u00ednea y gane a lo grande! Compre los boletos y compruebe los resultados.\" \/>\n<meta property=\"og:url\" content=\"https:\/\/lottomat.com\/es\/\" \/>\n<meta property=\"og:site_name\" content=\"Lottomat\" \/>\n<meta property=\"article:modified_time\" content=\"2026-02-13T10:58:05+00:00\" \/>\n<meta property=\"og:image\" content=\"https:\/\/lottomat.com\/wp-content\/uploads\/2025\/03\/play-lotteries-available-in-other-countries-300x300.png\" \/>\n<meta name=\"twitter:card\" content=\"summary_large_image\" \/>\n<meta name=\"twitter:label1\" content=\"Tiempo de lectura\" \/>\n\t<meta name=\"twitter:data1\" content=\"4 minutos\" \/>\n<script type=\"application\/ld+json\" class=\"yoast-schema-graph\">{\"@context\":\"https:\/\/schema.org\",\"@graph\":[{\"@type\":\"WebPage\",\"@id\":\"https:\/\/lottomat.com\/es\/\",\"url\":\"https:\/\/lottomat.com\/es\/\",\"name\":\"Loter\u00eda en l\u00ednea: compre boletos de loter\u00eda en l\u00ednea: Lottomat.com\",\"isPartOf\":{\"@id\":\"https:\/\/lottomat.com\/es\/#website\"},\"primaryImageOfPage\":{\"@id\":\"https:\/\/lottomat.com\/es\/#primaryimage\"},\"image\":{\"@id\":\"https:\/\/lottomat.com\/es\/#primaryimage\"},\"thumbnailUrl\":\"https:\/\/lottomat.com\/wp-content\/uploads\/2025\/03\/play-lotteries-available-in-other-countries-300x300.png\",\"datePublished\":\"2025-03-26T07:12:15+00:00\",\"dateModified\":\"2026-02-13T10:58:05+00:00\",\"description\":\"Lottomat ofrece las mejores loter\u00edas del mundo con los mejores botes. \u00a1Juegue en l\u00ednea y gane a lo grande! Compre los boletos y compruebe los resultados.\",\"breadcrumb\":{\"@id\":\"https:\/\/lottomat.com\/es\/#breadcrumb\"},\"inLanguage\":\"es\",\"potentialAction\":[{\"@type\":\"ReadAction\",\"target\":[\"https:\/\/lottomat.com\/es\/\"]}]},{\"@type\":\"ImageObject\",\"inLanguage\":\"es\",\"@id\":\"https:\/\/lottomat.com\/es\/#primaryimage\",\"url\":\"https:\/\/lottomat.com\/wp-content\/uploads\/2025\/03\/play-lotteries-available-in-other-countries-300x300.png\",\"contentUrl\":\"https:\/\/lottomat.com\/wp-content\/uploads\/2025\/03\/play-lotteries-available-in-other-countries-300x300.png\"},{\"@type\":\"BreadcrumbList\",\"@id\":\"https:\/\/lottomat.com\/es\/#breadcrumb\",\"itemListElement\":[{\"@type\":\"ListItem\",\"position\":1,\"name\":\"Home\",\"item\":\"https:\/\/lottomat.com\/es\/\"},{\"@type\":\"ListItem\",\"position\":2,\"name\":\"Lottomat &#8211; las loter\u00edas m\u00e1s grandes del mundo en un solo lugar\"}]},{\"@type\":\"WebSite\",\"@id\":\"https:\/\/lottomat.com\/es\/#website\",\"url\":\"https:\/\/lottomat.com\/es\/\",\"name\":\"Lottomat\",\"description\":\"\",\"potentialAction\":[{\"@type\":\"SearchAction\",\"target\":{\"@type\":\"EntryPoint\",\"urlTemplate\":\"https:\/\/lottomat.com\/es\/?s={search_term_string}\"},\"query-input\":{\"@type\":\"PropertyValueSpecification\",\"valueRequired\":true,\"valueName\":\"search_term_string\"}}],\"inLanguage\":\"es\"}]}<\/script>\n<!-- \/ Yoast SEO plugin. -->","yoast_head_json":{"title":"Loter\u00eda en l\u00ednea: compre boletos de loter\u00eda en l\u00ednea: Lottomat.com","description":"Lottomat ofrece las mejores loter\u00edas del mundo con los mejores botes. \u00a1Juegue en l\u00ednea y gane a lo grande! Compre los boletos y compruebe los resultados.","robots":{"index":"index","follow":"follow","max-snippet":"max-snippet:-1","max-image-preview":"max-image-preview:large","max-video-preview":"max-video-preview:-1"},"canonical":"https:\/\/lottomat.com\/es\/","og_locale":"es_ES","og_type":"article","og_title":"Loter\u00eda en l\u00ednea: compre boletos de loter\u00eda en l\u00ednea: Lottomat.com","og_description":"Lottomat ofrece las mejores loter\u00edas del mundo con los mejores botes. \u00a1Juegue en l\u00ednea y gane a lo grande! Compre los boletos y compruebe los resultados.","og_url":"https:\/\/lottomat.com\/es\/","og_site_name":"Lottomat","article_modified_time":"2026-02-13T10:58:05+00:00","og_image":[{"url":"https:\/\/lottomat.com\/wp-content\/uploads\/2025\/03\/play-lotteries-available-in-other-countries-300x300.png"}],"twitter_card":"summary_large_image","twitter_misc":{"Tiempo de lectura":"4 minutos"},"schema":{"@context":"https:\/\/schema.org","@graph":[{"@type":"WebPage","@id":"https:\/\/lottomat.com\/es\/","url":"https:\/\/lottomat.com\/es\/","name":"Loter\u00eda en l\u00ednea: compre boletos de loter\u00eda en l\u00ednea: Lottomat.com","isPartOf":{"@id":"https:\/\/lottomat.com\/es\/#website"},"primaryImageOfPage":{"@id":"https:\/\/lottomat.com\/es\/#primaryimage"},"image":{"@id":"https:\/\/lottomat.com\/es\/#primaryimage"},"thumbnailUrl":"https:\/\/lottomat.com\/wp-content\/uploads\/2025\/03\/play-lotteries-available-in-other-countries-300x300.png","datePublished":"2025-03-26T07:12:15+00:00","dateModified":"2026-02-13T10:58:05+00:00","description":"Lottomat ofrece las mejores loter\u00edas del mundo con los mejores botes. \u00a1Juegue en l\u00ednea y gane a lo grande! Compre los boletos y compruebe los resultados.","breadcrumb":{"@id":"https:\/\/lottomat.com\/es\/#breadcrumb"},"inLanguage":"es","potentialAction":[{"@type":"ReadAction","target":["https:\/\/lottomat.com\/es\/"]}]},{"@type":"ImageObject","inLanguage":"es","@id":"https:\/\/lottomat.com\/es\/#primaryimage","url":"https:\/\/lottomat.com\/wp-content\/uploads\/2025\/03\/play-lotteries-available-in-other-countries-300x300.png","contentUrl":"https:\/\/lottomat.com\/wp-content\/uploads\/2025\/03\/play-lotteries-available-in-other-countries-300x300.png"},{"@type":"BreadcrumbList","@id":"https:\/\/lottomat.com\/es\/#breadcrumb","itemListElement":[{"@type":"ListItem","position":1,"name":"Home","item":"https:\/\/lottomat.com\/es\/"},{"@type":"ListItem","position":2,"name":"Lottomat &#8211; las loter\u00edas m\u00e1s grandes del mundo en un solo lugar"}]},{"@type":"WebSite","@id":"https:\/\/lottomat.com\/es\/#website","url":"https:\/\/lottomat.com\/es\/","name":"Lottomat","description":"","potentialAction":[{"@type":"SearchAction","target":{"@type":"EntryPoint","urlTemplate":"https:\/\/lottomat.com\/es\/?s={search_term_string}"},"query-input":{"@type":"PropertyValueSpecification","valueRequired":true,"valueName":"search_term_string"}}],"inLanguage":"es"}]}},"_links":{"self":[{"href":"https:\/\/lottomat.com\/es\/wp-json\/wp\/v2\/pages\/6505","targetHints":{"allow":["GET"]}}],"collection":[{"href":"https:\/\/lottomat.com\/es\/wp-json\/wp\/v2\/pages"}],"about":[{"href":"https:\/\/lottomat.com\/es\/wp-json\/wp\/v2\/types\/page"}],"author":[{"embeddable":true,"href":"https:\/\/lottomat.com\/es\/wp-json\/wp\/v2\/users\/1"}],"replies":[{"embeddable":true,"href":"https:\/\/lottomat.com\/es\/wp-json\/wp\/v2\/comments?post=6505"}],"version-history":[{"count":1,"href":"https:\/\/lottomat.com\/es\/wp-json\/wp\/v2\/pages\/6505\/revisions"}],"predecessor-version":[{"id":270970,"href":"https:\/\/lottomat.com\/es\/wp-json\/wp\/v2\/pages\/6505\/revisions\/270970"}],"wp:attachment":[{"href":"https:\/\/lottomat.com\/es\/wp-json\/wp\/v2\/media?parent=6505"}],"curies":[{"name":"wp","href":"https:\/\/api.w.org\/{rel}","templated":true}]}}