{"id":271570,"date":"2025-05-18T16:34:38","date_gmt":"2025-05-18T16:34:38","guid":{"rendered":"https:\/\/lottomat.com\/?page_id=271570"},"modified":"2026-02-24T11:32:18","modified_gmt":"2026-02-24T11:32:18","slug":"resultados-de-euromillions-austria-numeros-ganadores-de-euromillions-eu","status":"publish","type":"page","link":"https:\/\/lottomat.com\/es\/resultados\/resultados-de-euromillions-austria-numeros-ganadores-de-euromillions-eu\/","title":{"rendered":"Resultados de EuroMillions Austria &#8211; N\u00fameros ganadores de Euromillions EU"},"content":{"rendered":"\n\n<div class=\"kk-star-ratings kksr-auto kksr-align-left kksr-valign-top\"\n    data-payload='{&quot;align&quot;:&quot;left&quot;,&quot;id&quot;:&quot;271570&quot;,&quot;slug&quot;:&quot;default&quot;,&quot;valign&quot;:&quot;top&quot;,&quot;ignore&quot;:&quot;&quot;,&quot;reference&quot;:&quot;auto&quot;,&quot;class&quot;:&quot;&quot;,&quot;count&quot;:&quot;0&quot;,&quot;legendonly&quot;:&quot;&quot;,&quot;readonly&quot;:&quot;&quot;,&quot;score&quot;:&quot;0&quot;,&quot;starsonly&quot;:&quot;&quot;,&quot;best&quot;:&quot;5&quot;,&quot;gap&quot;:&quot;5&quot;,&quot;greet&quot;:&quot;Rate this page&quot;,&quot;legend&quot;:&quot;0\\\/5 - (0 votos)&quot;,&quot;size&quot;:&quot;30&quot;,&quot;title&quot;:&quot;Resultados de EuroMillions Austria - N\u00fameros ganadores de Euromillions EU&quot;,&quot;width&quot;:&quot;0&quot;,&quot;_legend&quot;:&quot;{score}\\\/{best} - ({count} {votes})&quot;,&quot;font_factor&quot;:&quot;1.25&quot;}'>\n            \n<div class=\"kksr-stars\">\n    \n<div class=\"kksr-stars-inactive\">\n            <div class=\"kksr-star\" data-star=\"1\" style=\"padding-right: 5px\">\n            \n\n<div class=\"kksr-icon\" style=\"width: 30px; height: 30px;\"><\/div>\n        <\/div>\n            <div class=\"kksr-star\" data-star=\"2\" style=\"padding-right: 5px\">\n            \n\n<div class=\"kksr-icon\" style=\"width: 30px; height: 30px;\"><\/div>\n        <\/div>\n            <div class=\"kksr-star\" data-star=\"3\" style=\"padding-right: 5px\">\n            \n\n<div class=\"kksr-icon\" style=\"width: 30px; height: 30px;\"><\/div>\n        <\/div>\n            <div class=\"kksr-star\" data-star=\"4\" style=\"padding-right: 5px\">\n            \n\n<div class=\"kksr-icon\" style=\"width: 30px; height: 30px;\"><\/div>\n        <\/div>\n            <div class=\"kksr-star\" data-star=\"5\" style=\"padding-right: 5px\">\n            \n\n<div class=\"kksr-icon\" style=\"width: 30px; height: 30px;\"><\/div>\n        <\/div>\n    <\/div>\n    \n<div class=\"kksr-stars-active\" style=\"width: 0px;\">\n            <div class=\"kksr-star\" style=\"padding-right: 5px\">\n            \n\n<div class=\"kksr-icon\" style=\"width: 30px; height: 30px;\"><\/div>\n        <\/div>\n            <div class=\"kksr-star\" style=\"padding-right: 5px\">\n            \n\n<div class=\"kksr-icon\" style=\"width: 30px; height: 30px;\"><\/div>\n        <\/div>\n            <div class=\"kksr-star\" style=\"padding-right: 5px\">\n            \n\n<div class=\"kksr-icon\" style=\"width: 30px; height: 30px;\"><\/div>\n        <\/div>\n            <div class=\"kksr-star\" style=\"padding-right: 5px\">\n            \n\n<div class=\"kksr-icon\" style=\"width: 30px; height: 30px;\"><\/div>\n        <\/div>\n            <div class=\"kksr-star\" style=\"padding-right: 5px\">\n            \n\n<div class=\"kksr-icon\" style=\"width: 30px; height: 30px;\"><\/div>\n        <\/div>\n    <\/div>\n<\/div>\n                \n\n<div class=\"kksr-legend\" style=\"font-size: 24px;\">\n            <span class=\"kksr-muted\">Rate this page<\/span>\n    <\/div>\n    <\/div>\n<h2>Descubre la emoci\u00f3n de los resultados de EuroMillions Austria<img loading=\"lazy\" decoding=\"async\" class=\"alignright wp-image-268309\" src=\"https:\/\/lottomat.com\/wp-content\/uploads\/2026\/01\/Austrian-EuroMillions-draw.webp\" alt=\"Sorteo de EuroMillions austriaco\" width=\"200\" height=\"200\" srcset=\"https:\/\/lottomat.com\/wp-content\/uploads\/2026\/01\/Austrian-EuroMillions-draw.webp 400w, https:\/\/lottomat.com\/wp-content\/uploads\/2026\/01\/Austrian-EuroMillions-draw-300x300.webp 300w, https:\/\/lottomat.com\/wp-content\/uploads\/2026\/01\/Austrian-EuroMillions-draw-150x150.webp 150w, https:\/\/lottomat.com\/wp-content\/uploads\/2026\/01\/Austrian-EuroMillions-draw-100x100.webp 100w\" sizes=\"auto, (max-width: 200px) 100vw, 200px\" \/><\/h2>\n<p>Si alguna vez has so\u00f1ado con cambiar tu vida de la noche a la ma\u00f1ana, EuroMillions Austria es la loter\u00eda que convierte los sue\u00f1os en realidad. Con sus emocionantes sorteos, botes que transforman vidas e historias de ganadores incre\u00edbles, EuroMillions Austria despierta la imaginaci\u00f3n de millones de personas en toda Europa cada semana. Tanto si eres un jugador experimentado como si est\u00e1s pensando en comprar tu primer ticket, conocer los resultados y las posibilidades puede encender en ti una chispa de entusiasmo y esperanza. \u00a1Adentr\u00e9monos en el mundo de los resultados de EuroMillions Austria, exploremos las mayores victorias y veamos con qu\u00e9 frecuencia la fortuna sonr\u00ede a los jugadores afortunados!<\/p>\n<h2>Victorias hist\u00f3ricas: conoce a los mayores ganadores de EuroMillions Austria<\/h2>\n<p>Cuando se trata de botes que dejan sin palabras, EuroMillions Austria ha pasado a los anales de la historia. La loter\u00eda, como parte del consorcio EuroMillions, ofrece con regularidad premios que pueden alcanzar cifras extraordinarias, superando en ocasiones los 100 millones de euros. A lo largo de los a\u00f1os, se han producido en Austria algunos triunfos memorables que han cambiado para siempre la vida de quienes portaban los tickets ganadores.<img loading=\"lazy\" decoding=\"async\" class=\"alignleft wp-image-268340\" src=\"https:\/\/lottomat.com\/wp-content\/uploads\/2026\/01\/Austrian-EuroMillions-numbers.webp\" alt=\"N\u00fameros de EuroMillions austriaco\" width=\"200\" height=\"200\" srcset=\"https:\/\/lottomat.com\/wp-content\/uploads\/2026\/01\/Austrian-EuroMillions-numbers.webp 400w, https:\/\/lottomat.com\/wp-content\/uploads\/2026\/01\/Austrian-EuroMillions-numbers-300x300.webp 300w, https:\/\/lottomat.com\/wp-content\/uploads\/2026\/01\/Austrian-EuroMillions-numbers-150x150.webp 150w, https:\/\/lottomat.com\/wp-content\/uploads\/2026\/01\/Austrian-EuroMillions-numbers-100x100.webp 100w\" sizes=\"auto, (max-width: 200px) 100vw, 200px\" \/><\/p>\n<p>Una de las victorias m\u00e1s c\u00e9lebres en Austria tuvo lugar en agosto de 2020, cuando un grupo de compa\u00f1eros de trabajo de Viena se llev\u00f3 la incre\u00edble suma de 45 millones de euros. Su historia se convirti\u00f3 en un aut\u00e9ntico fen\u00f3meno en todo el pa\u00eds: amigos y familiares celebraron la noticia y los ganadores apenas pod\u00edan creer su suerte. No fue solo una victoria individual, sino de un equipo cuyas vidas se transformaron colectivamente.<\/p>\n<p>Otro momento inolvidable lleg\u00f3 en 2018, cuando un jugador de Salzburgo acert\u00f3 los cinco n\u00fameros principales y las dos Estrellas de la Suerte, haci\u00e9ndose con un bote de 30 millones de euros. El ganador opt\u00f3 por mantenerse en el anonimato, pero la prensa local recogi\u00f3 la oleada de euforia que sacudi\u00f3 Salzburgo, donde la ciudad entera bull\u00eda de especulaciones y alegr\u00eda ante la noticia.<\/p>\n<p>Aunque estas son algunas de las mayores victorias, est\u00e1n lejos de ser las \u00fanicas historias de fortuna. Por toda Austria, de Graz a Innsbruck, EuroMillions ha creado nuevos millonarios, cada uno con su propia historia de c\u00f3mo un ticket lo cambi\u00f3 todo.<\/p>\n<h2>\u00bfCon qu\u00e9 frecuencia se producen los premios de EuroMillions Austria?<\/h2>\n<p>Uno de los aspectos m\u00e1s emocionantes de EuroMillions Austria es la frecuencia con la que se ganan <a href=\"https:\/\/lottomat.com\/es\/informacion\/informacion-de-euromillones\/\">premios de EuroMillions Austria que cambian vidas<\/a>. Con dos sorteos semanales \u2014los martes y viernes\u2014 las oportunidades de ganar son abundantes. De hecho, las estad\u00edsticas demuestran que los jugadores austriacos obtienen regularmente grandes premios, tanto en el nivel del bote principal como en las categor\u00edas secundarias.<\/p>\n<p>Las probabilidades de ganar cualquier premio en EuroMillions son de 1 entre 13, lo que significa que pr\u00e1cticamente cada sorteo trae consigo una nueva oleada de ganadores. En Austria, cientos de miles de jugadores reciben premios cada a\u00f1o, que van desde peque\u00f1as cantidades en met\u00e1lico hasta botes de varios millones de euros.<img loading=\"lazy\" decoding=\"async\" class=\"alignright wp-image-268370\" src=\"https:\/\/lottomat.com\/wp-content\/uploads\/2026\/01\/EuroMillions-Austria-draw.webp\" alt=\"Sorteo de EuroMillions Austria\" width=\"200\" height=\"200\" srcset=\"https:\/\/lottomat.com\/wp-content\/uploads\/2026\/01\/EuroMillions-Austria-draw.webp 400w, https:\/\/lottomat.com\/wp-content\/uploads\/2026\/01\/EuroMillions-Austria-draw-300x300.webp 300w, https:\/\/lottomat.com\/wp-content\/uploads\/2026\/01\/EuroMillions-Austria-draw-150x150.webp 150w, https:\/\/lottomat.com\/wp-content\/uploads\/2026\/01\/EuroMillions-Austria-draw-100x100.webp 100w\" sizes=\"auto, (max-width: 200px) 100vw, 200px\" \/><\/p>\n<p>A\u00fan m\u00e1s emocionante es que el bote de EuroMillions Austria se acumula con frecuencia, aumentando con cada sorteo hasta que alguien acierta todos los n\u00fameros. Esto puede generar disparadas en la venta de tickets y una sensaci\u00f3n de anticipaci\u00f3n palpable en todo el pa\u00eds a medida que el bote sigue subiendo.<\/p>\n<p>Y no solo ganan los jugadores individuales. Los grupos \u2014amigos, familias o compa\u00f1eros de trabajo\u2014 se unen habitualmente para comprar Tickets de EuroMillions Austria juntos, aumentando sus posibilidades de ganar y compartiendo, en muchos casos, la alegr\u00eda de un gran premio.<\/p>\n<h2>La alegr\u00eda y las posibilidades de ganar en EuroMillions<\/h2>\n<p>Imagina despertar y descubrir que eres el nuevo millonario de Austria. Las posibilidades son infinitas: recorrer el mundo, comprar la casa de tus sue\u00f1os, ayudar a tus seres queridos o invertir en ese proyecto que siempre has tenido en mente. Para muchos ganadores de EuroMillions Austria, la realidad de un gran premio supera incluso lo que hab\u00edan imaginado.<\/p>\n<p>Abundan las historias de ganadores que han utilizado su nueva fortuna para marcar la diferencia, no solo en sus propias vidas, sino tambi\u00e9n en sus comunidades. Algunos han donado a organizaciones ben\u00e9ficas locales, han creado empresas que generan empleo o han cumplido sue\u00f1os de toda la vida. Ya sea una aventura espont\u00e1nea o una jubilaci\u00f3n cuidadosamente planificada, la libertad que trae consigo un triunfo en EuroMillions es verdaderamente extraordinaria.<\/p>\n<p>Cada martes y viernes, al anunciarse los resultados, miles de austriacos sienten un escalofr\u00edo de anticipaci\u00f3n. Comprobar tus n\u00fameros, imaginar qu\u00e9 har\u00edas si ganaras y compartir la emoci\u00f3n con amigos y familiares&#8230; todo eso forma parte de la magia que hace tan especial a EuroMillions Austria.<\/p>\n<h2>Consultar los resultados de EuroMillions Austria: tu primer paso hacia una nueva vida<\/h2>\n<p><img loading=\"lazy\" decoding=\"async\" class=\"alignleft wp-image-268401\" src=\"https:\/\/lottomat.com\/wp-content\/uploads\/2026\/01\/EuroMillions-Austria-results.webp\" alt=\"Resultados de EuroMillions Austria\" width=\"200\" height=\"200\" srcset=\"https:\/\/lottomat.com\/wp-content\/uploads\/2026\/01\/EuroMillions-Austria-results.webp 400w, https:\/\/lottomat.com\/wp-content\/uploads\/2026\/01\/EuroMillions-Austria-results-300x300.webp 300w, https:\/\/lottomat.com\/wp-content\/uploads\/2026\/01\/EuroMillions-Austria-results-150x150.webp 150w, https:\/\/lottomat.com\/wp-content\/uploads\/2026\/01\/EuroMillions-Austria-results-100x100.webp 100w\" sizes=\"auto, (max-width: 200px) 100vw, 200px\" \/>Estar al d\u00eda de los \u00faltimos resultados de EuroMillions Austria es fundamental para todo jugador. <a href=\"https:\/\/lottomat.com\/es\/resultados\/\">Los resultados oficiales de la loter\u00eda<\/a> se publican poco despu\u00e9s de cada sorteo y consultarlos nunca ha sido tan sencillo, ya sea por internet, a trav\u00e9s de las aplicaciones oficiales o en tu punto de venta de loter\u00eda habitual. Cuando se revelan los n\u00fameros ganadores, los corazones se aceleran y las esperanzas se disparan, mientras los jugadores de toda Austria aguardan para saber si son el pr\u00f3ximo afortunado.<\/p>\n<p>Si resultas tener un ticket ganador, el proceso es sencillo. Los premios mayores pueden reclamarse en la sede de Loter\u00edas de Austria, con todo el apoyo necesario para guiarte en cada paso. Incluso si ganas un premio menor, puedes cobrarlo en los puntos de venta autorizados, lo que hace que cada victoria sea accesible y segura.<\/p>\n<p>Recuerda que cada sorteo de EuroMillions Austria abre nuevas posibilidades. Aunque no ganes el bote principal, existen doce categor\u00edas de premios distintas, lo que significa que miles de austriacos disfrutan de victorias \u2014grandes y peque\u00f1as\u2014 cada semana.<\/p>\n<hr \/>\n<p>EuroMillions Austria es mucho m\u00e1s que un juego: es una puerta abierta a los sue\u00f1os, la emoci\u00f3n y la posibilidad de experimentar la vida de una manera completamente nueva. Con cada sorteo se escriben nuevas historias y nuevos ganadores saltan al primer plano. \u00bfSer\u00e1s t\u00fa el pr\u00f3ximo en unirte a sus filas? <a href=\"https:\/\/lottomat.com\/es\/jugar\/euromillions-eu-online-billetes-de-euromillions-austria\/\">Juega a EuroMillions Austria online<\/a>, consulta los \u00faltimos resultados de EuroMillions Austria y \u00a1atr\u00e9vete a so\u00f1ar a lo grande!<\/p>\n","protected":false},"excerpt":{"rendered":"<p>Descubre la emoci\u00f3n de los resultados de EuroMillions Austria Si alguna vez has so\u00f1ado con cambiar tu vida de la noche a la ma\u00f1ana, EuroMillions Austria es la loter\u00eda que convierte los sue\u00f1os en realidad. Con sus emocionantes sorteos, botes que transforman vidas e historias de ganadores incre\u00edbles, EuroMillions Austria despierta la imaginaci\u00f3n de millones [&hellip;]<\/p>\n","protected":false},"author":2,"featured_media":0,"parent":7626,"menu_order":0,"comment_status":"closed","ping_status":"closed","template":"euromillions-results.php","meta":{"_et_pb_use_builder":"","_et_pb_old_content":"","_et_gb_content_width":"","exclude_from_search":false,"footnotes":""},"class_list":["post-271570","page","type-page","status-publish","hentry"],"yoast_head":"<!-- This site is optimized with the Yoast SEO plugin v23.8 - https:\/\/yoast.com\/wordpress\/plugins\/seo\/ -->\n<title>Resultados y n\u00fameros ganadores de EuroMillions Austria \u2013 Lottomat<\/title>\n<meta name=\"description\" content=\"Consulta los \u00faltimos resultados y n\u00fameros ganadores de EuroMillions Austria. Obt\u00e9n m\u00e1s informaci\u00f3n sobre los resultados oficiales del sorteo.\" \/>\n<meta name=\"robots\" content=\"index, follow, max-snippet:-1, max-image-preview:large, max-video-preview:-1\" \/>\n<link rel=\"canonical\" href=\"https:\/\/lottomat.com\/es\/resultados\/resultados-de-euromillions-austria-numeros-ganadores-de-euromillions-eu\/\" \/>\n<meta property=\"og:locale\" content=\"es_ES\" \/>\n<meta property=\"og:type\" content=\"article\" \/>\n<meta property=\"og:title\" content=\"Resultados y n\u00fameros ganadores de EuroMillions Austria \u2013 Lottomat\" \/>\n<meta property=\"og:description\" content=\"Consulta los \u00faltimos resultados y n\u00fameros ganadores de EuroMillions Austria. Obt\u00e9n m\u00e1s informaci\u00f3n sobre los resultados oficiales del sorteo.\" \/>\n<meta property=\"og:url\" content=\"https:\/\/lottomat.com\/es\/resultados\/resultados-de-euromillions-austria-numeros-ganadores-de-euromillions-eu\/\" \/>\n<meta property=\"og:site_name\" content=\"Lottomat\" \/>\n<meta property=\"article:modified_time\" content=\"2026-02-24T11:32:18+00:00\" \/>\n<meta property=\"og:image\" content=\"https:\/\/lottomat.com\/wp-content\/uploads\/2026\/01\/Austrian-EuroMillions-draw.webp\" \/>\n\t<meta property=\"og:image:width\" content=\"400\" \/>\n\t<meta property=\"og:image:height\" content=\"400\" \/>\n\t<meta property=\"og:image:type\" content=\"image\/webp\" \/>\n<meta name=\"twitter:card\" content=\"summary_large_image\" \/>\n<meta name=\"twitter:label1\" content=\"Tiempo de lectura\" \/>\n\t<meta name=\"twitter:data1\" content=\"6 minutos\" \/>\n<script type=\"application\/ld+json\" class=\"yoast-schema-graph\">{\"@context\":\"https:\/\/schema.org\",\"@graph\":[{\"@type\":\"WebPage\",\"@id\":\"https:\/\/lottomat.com\/es\/resultados\/resultados-de-euromillions-austria-numeros-ganadores-de-euromillions-eu\/\",\"url\":\"https:\/\/lottomat.com\/es\/resultados\/resultados-de-euromillions-austria-numeros-ganadores-de-euromillions-eu\/\",\"name\":\"Resultados y n\u00fameros ganadores de EuroMillions Austria \u2013 Lottomat\",\"isPartOf\":{\"@id\":\"https:\/\/lottomat.com\/es\/#website\"},\"primaryImageOfPage\":{\"@id\":\"https:\/\/lottomat.com\/es\/resultados\/resultados-de-euromillions-austria-numeros-ganadores-de-euromillions-eu\/#primaryimage\"},\"image\":{\"@id\":\"https:\/\/lottomat.com\/es\/resultados\/resultados-de-euromillions-austria-numeros-ganadores-de-euromillions-eu\/#primaryimage\"},\"thumbnailUrl\":\"https:\/\/lottomat.com\/wp-content\/uploads\/2026\/01\/Austrian-EuroMillions-draw.webp\",\"datePublished\":\"2025-05-18T16:34:38+00:00\",\"dateModified\":\"2026-02-24T11:32:18+00:00\",\"description\":\"Consulta los \u00faltimos resultados y n\u00fameros ganadores de EuroMillions Austria. Obt\u00e9n m\u00e1s informaci\u00f3n sobre los resultados oficiales del sorteo.\",\"breadcrumb\":{\"@id\":\"https:\/\/lottomat.com\/es\/resultados\/resultados-de-euromillions-austria-numeros-ganadores-de-euromillions-eu\/#breadcrumb\"},\"inLanguage\":\"es\",\"potentialAction\":[{\"@type\":\"ReadAction\",\"target\":[\"https:\/\/lottomat.com\/es\/resultados\/resultados-de-euromillions-austria-numeros-ganadores-de-euromillions-eu\/\"]}]},{\"@type\":\"ImageObject\",\"inLanguage\":\"es\",\"@id\":\"https:\/\/lottomat.com\/es\/resultados\/resultados-de-euromillions-austria-numeros-ganadores-de-euromillions-eu\/#primaryimage\",\"url\":\"https:\/\/lottomat.com\/wp-content\/uploads\/2026\/01\/Austrian-EuroMillions-draw.webp\",\"contentUrl\":\"https:\/\/lottomat.com\/wp-content\/uploads\/2026\/01\/Austrian-EuroMillions-draw.webp\"},{\"@type\":\"BreadcrumbList\",\"@id\":\"https:\/\/lottomat.com\/es\/resultados\/resultados-de-euromillions-austria-numeros-ganadores-de-euromillions-eu\/#breadcrumb\",\"itemListElement\":[{\"@type\":\"ListItem\",\"position\":1,\"name\":\"Home\",\"item\":\"https:\/\/lottomat.com\/es\/\"},{\"@type\":\"ListItem\",\"position\":2,\"name\":\"Los \u00daltimos Resultados de Loter\u00eda y N\u00fameros Ganadores\",\"item\":\"https:\/\/lottomat.com\/es\/resultados\/\"},{\"@type\":\"ListItem\",\"position\":3,\"name\":\"Resultados de EuroMillions Austria &#8211; N\u00fameros ganadores de Euromillions EU\"}]},{\"@type\":\"WebSite\",\"@id\":\"https:\/\/lottomat.com\/es\/#website\",\"url\":\"https:\/\/lottomat.com\/es\/\",\"name\":\"Lottomat\",\"description\":\"\",\"potentialAction\":[{\"@type\":\"SearchAction\",\"target\":{\"@type\":\"EntryPoint\",\"urlTemplate\":\"https:\/\/lottomat.com\/es\/?s={search_term_string}\"},\"query-input\":{\"@type\":\"PropertyValueSpecification\",\"valueRequired\":true,\"valueName\":\"search_term_string\"}}],\"inLanguage\":\"es\"}]}<\/script>\n<!-- \/ Yoast SEO plugin. -->","yoast_head_json":{"title":"Resultados y n\u00fameros ganadores de EuroMillions Austria \u2013 Lottomat","description":"Consulta los \u00faltimos resultados y n\u00fameros ganadores de EuroMillions Austria. Obt\u00e9n m\u00e1s informaci\u00f3n sobre los resultados oficiales del sorteo.","robots":{"index":"index","follow":"follow","max-snippet":"max-snippet:-1","max-image-preview":"max-image-preview:large","max-video-preview":"max-video-preview:-1"},"canonical":"https:\/\/lottomat.com\/es\/resultados\/resultados-de-euromillions-austria-numeros-ganadores-de-euromillions-eu\/","og_locale":"es_ES","og_type":"article","og_title":"Resultados y n\u00fameros ganadores de EuroMillions Austria \u2013 Lottomat","og_description":"Consulta los \u00faltimos resultados y n\u00fameros ganadores de EuroMillions Austria. Obt\u00e9n m\u00e1s informaci\u00f3n sobre los resultados oficiales del sorteo.","og_url":"https:\/\/lottomat.com\/es\/resultados\/resultados-de-euromillions-austria-numeros-ganadores-de-euromillions-eu\/","og_site_name":"Lottomat","article_modified_time":"2026-02-24T11:32:18+00:00","og_image":[{"width":400,"height":400,"url":"https:\/\/lottomat.com\/wp-content\/uploads\/2026\/01\/Austrian-EuroMillions-draw.webp","type":"image\/webp"}],"twitter_card":"summary_large_image","twitter_misc":{"Tiempo de lectura":"6 minutos"},"schema":{"@context":"https:\/\/schema.org","@graph":[{"@type":"WebPage","@id":"https:\/\/lottomat.com\/es\/resultados\/resultados-de-euromillions-austria-numeros-ganadores-de-euromillions-eu\/","url":"https:\/\/lottomat.com\/es\/resultados\/resultados-de-euromillions-austria-numeros-ganadores-de-euromillions-eu\/","name":"Resultados y n\u00fameros ganadores de EuroMillions Austria \u2013 Lottomat","isPartOf":{"@id":"https:\/\/lottomat.com\/es\/#website"},"primaryImageOfPage":{"@id":"https:\/\/lottomat.com\/es\/resultados\/resultados-de-euromillions-austria-numeros-ganadores-de-euromillions-eu\/#primaryimage"},"image":{"@id":"https:\/\/lottomat.com\/es\/resultados\/resultados-de-euromillions-austria-numeros-ganadores-de-euromillions-eu\/#primaryimage"},"thumbnailUrl":"https:\/\/lottomat.com\/wp-content\/uploads\/2026\/01\/Austrian-EuroMillions-draw.webp","datePublished":"2025-05-18T16:34:38+00:00","dateModified":"2026-02-24T11:32:18+00:00","description":"Consulta los \u00faltimos resultados y n\u00fameros ganadores de EuroMillions Austria. Obt\u00e9n m\u00e1s informaci\u00f3n sobre los resultados oficiales del sorteo.","breadcrumb":{"@id":"https:\/\/lottomat.com\/es\/resultados\/resultados-de-euromillions-austria-numeros-ganadores-de-euromillions-eu\/#breadcrumb"},"inLanguage":"es","potentialAction":[{"@type":"ReadAction","target":["https:\/\/lottomat.com\/es\/resultados\/resultados-de-euromillions-austria-numeros-ganadores-de-euromillions-eu\/"]}]},{"@type":"ImageObject","inLanguage":"es","@id":"https:\/\/lottomat.com\/es\/resultados\/resultados-de-euromillions-austria-numeros-ganadores-de-euromillions-eu\/#primaryimage","url":"https:\/\/lottomat.com\/wp-content\/uploads\/2026\/01\/Austrian-EuroMillions-draw.webp","contentUrl":"https:\/\/lottomat.com\/wp-content\/uploads\/2026\/01\/Austrian-EuroMillions-draw.webp"},{"@type":"BreadcrumbList","@id":"https:\/\/lottomat.com\/es\/resultados\/resultados-de-euromillions-austria-numeros-ganadores-de-euromillions-eu\/#breadcrumb","itemListElement":[{"@type":"ListItem","position":1,"name":"Home","item":"https:\/\/lottomat.com\/es\/"},{"@type":"ListItem","position":2,"name":"Los \u00daltimos Resultados de Loter\u00eda y N\u00fameros Ganadores","item":"https:\/\/lottomat.com\/es\/resultados\/"},{"@type":"ListItem","position":3,"name":"Resultados de EuroMillions Austria &#8211; N\u00fameros ganadores de Euromillions EU"}]},{"@type":"WebSite","@id":"https:\/\/lottomat.com\/es\/#website","url":"https:\/\/lottomat.com\/es\/","name":"Lottomat","description":"","potentialAction":[{"@type":"SearchAction","target":{"@type":"EntryPoint","urlTemplate":"https:\/\/lottomat.com\/es\/?s={search_term_string}"},"query-input":{"@type":"PropertyValueSpecification","valueRequired":true,"valueName":"search_term_string"}}],"inLanguage":"es"}]}},"_links":{"self":[{"href":"https:\/\/lottomat.com\/es\/wp-json\/wp\/v2\/pages\/271570","targetHints":{"allow":["GET"]}}],"collection":[{"href":"https:\/\/lottomat.com\/es\/wp-json\/wp\/v2\/pages"}],"about":[{"href":"https:\/\/lottomat.com\/es\/wp-json\/wp\/v2\/types\/page"}],"author":[{"embeddable":true,"href":"https:\/\/lottomat.com\/es\/wp-json\/wp\/v2\/users\/2"}],"replies":[{"embeddable":true,"href":"https:\/\/lottomat.com\/es\/wp-json\/wp\/v2\/comments?post=271570"}],"version-history":[{"count":2,"href":"https:\/\/lottomat.com\/es\/wp-json\/wp\/v2\/pages\/271570\/revisions"}],"predecessor-version":[{"id":271572,"href":"https:\/\/lottomat.com\/es\/wp-json\/wp\/v2\/pages\/271570\/revisions\/271572"}],"up":[{"embeddable":true,"href":"https:\/\/lottomat.com\/es\/wp-json\/wp\/v2\/pages\/7626"}],"wp:attachment":[{"href":"https:\/\/lottomat.com\/es\/wp-json\/wp\/v2\/media?parent=271570"}],"curies":[{"name":"wp","href":"https:\/\/api.w.org\/{rel}","templated":true}]}}