{"id":271566,"date":"2025-05-18T16:39:08","date_gmt":"2025-05-18T16:39:08","guid":{"rendered":"https:\/\/lottomat.com\/?page_id=271566"},"modified":"2026-02-24T11:22:01","modified_gmt":"2026-02-24T11:22:01","slug":"euromillions-eu-online-billetes-de-euromillions-austria","status":"publish","type":"page","link":"https:\/\/lottomat.com\/es\/jugar\/euromillions-eu-online-billetes-de-euromillions-austria\/","title":{"rendered":"Euromillions EU Online &#8211; Billetes de Euromillions Austria"},"content":{"rendered":"\n\n<div class=\"kk-star-ratings kksr-auto kksr-align-left kksr-valign-top\"\n    data-payload='{&quot;align&quot;:&quot;left&quot;,&quot;id&quot;:&quot;271566&quot;,&quot;slug&quot;:&quot;default&quot;,&quot;valign&quot;:&quot;top&quot;,&quot;ignore&quot;:&quot;&quot;,&quot;reference&quot;:&quot;auto&quot;,&quot;class&quot;:&quot;&quot;,&quot;count&quot;:&quot;0&quot;,&quot;legendonly&quot;:&quot;&quot;,&quot;readonly&quot;:&quot;&quot;,&quot;score&quot;:&quot;0&quot;,&quot;starsonly&quot;:&quot;&quot;,&quot;best&quot;:&quot;5&quot;,&quot;gap&quot;:&quot;5&quot;,&quot;greet&quot;:&quot;Rate this page&quot;,&quot;legend&quot;:&quot;0\\\/5 - (0 votos)&quot;,&quot;size&quot;:&quot;30&quot;,&quot;title&quot;:&quot;Euromillions EU Online - Billetes de Euromillions Austria&quot;,&quot;width&quot;:&quot;0&quot;,&quot;_legend&quot;:&quot;{score}\\\/{best} - ({count} {votes})&quot;,&quot;font_factor&quot;:&quot;1.25&quot;}'>\n            \n<div class=\"kksr-stars\">\n    \n<div class=\"kksr-stars-inactive\">\n            <div class=\"kksr-star\" data-star=\"1\" style=\"padding-right: 5px\">\n            \n\n<div class=\"kksr-icon\" style=\"width: 30px; height: 30px;\"><\/div>\n        <\/div>\n            <div class=\"kksr-star\" data-star=\"2\" style=\"padding-right: 5px\">\n            \n\n<div class=\"kksr-icon\" style=\"width: 30px; height: 30px;\"><\/div>\n        <\/div>\n            <div class=\"kksr-star\" data-star=\"3\" style=\"padding-right: 5px\">\n            \n\n<div class=\"kksr-icon\" style=\"width: 30px; height: 30px;\"><\/div>\n        <\/div>\n            <div class=\"kksr-star\" data-star=\"4\" style=\"padding-right: 5px\">\n            \n\n<div class=\"kksr-icon\" style=\"width: 30px; height: 30px;\"><\/div>\n        <\/div>\n            <div class=\"kksr-star\" data-star=\"5\" style=\"padding-right: 5px\">\n            \n\n<div class=\"kksr-icon\" style=\"width: 30px; height: 30px;\"><\/div>\n        <\/div>\n    <\/div>\n    \n<div class=\"kksr-stars-active\" style=\"width: 0px;\">\n            <div class=\"kksr-star\" style=\"padding-right: 5px\">\n            \n\n<div class=\"kksr-icon\" style=\"width: 30px; height: 30px;\"><\/div>\n        <\/div>\n            <div class=\"kksr-star\" style=\"padding-right: 5px\">\n            \n\n<div class=\"kksr-icon\" style=\"width: 30px; height: 30px;\"><\/div>\n        <\/div>\n            <div class=\"kksr-star\" style=\"padding-right: 5px\">\n            \n\n<div class=\"kksr-icon\" style=\"width: 30px; height: 30px;\"><\/div>\n        <\/div>\n            <div class=\"kksr-star\" style=\"padding-right: 5px\">\n            \n\n<div class=\"kksr-icon\" style=\"width: 30px; height: 30px;\"><\/div>\n        <\/div>\n            <div class=\"kksr-star\" style=\"padding-right: 5px\">\n            \n\n<div class=\"kksr-icon\" style=\"width: 30px; height: 30px;\"><\/div>\n        <\/div>\n    <\/div>\n<\/div>\n                \n\n<div class=\"kksr-legend\" style=\"font-size: 24px;\">\n            <span class=\"kksr-muted\">Rate this page<\/span>\n    <\/div>\n    <\/div>\n<h2>Descubre la emoci\u00f3n de Euromillions EU \u2013 La forma austriaca de ganar a lo grande<\/h2>\n<p><img loading=\"lazy\" decoding=\"async\" class=\"alignright wp-image-268063\" src=\"https:\/\/lottomat.com\/wp-content\/uploads\/2026\/01\/Austrian-EuroMillions.webp\" alt=\"EuroMillions austriaco\" width=\"200\" height=\"200\" srcset=\"https:\/\/lottomat.com\/wp-content\/uploads\/2026\/01\/Austrian-EuroMillions.webp 400w, https:\/\/lottomat.com\/wp-content\/uploads\/2026\/01\/Austrian-EuroMillions-300x300.webp 300w, https:\/\/lottomat.com\/wp-content\/uploads\/2026\/01\/Austrian-EuroMillions-150x150.webp 150w, https:\/\/lottomat.com\/wp-content\/uploads\/2026\/01\/Austrian-EuroMillions-100x100.webp 100w\" sizes=\"auto, (max-width: 200px) 100vw, 200px\" \/><\/p>\n<p>Imagina despertar cada ma\u00f1ana con la sensaci\u00f3n de que todos tus sue\u00f1os est\u00e1n al alcance de la mano, de que los n\u00fameros que elegiste anoche han cambiado tu vida para siempre. Esta es la emoci\u00f3n que aguarda a cada participante en <strong>Euromillions EU<\/strong>, tambi\u00e9n conocido como <strong>Euromillions Austria<\/strong>. Con botes que despiertan la imaginaci\u00f3n y entusiasman a millones de personas, esta loter\u00eda es tu pasaporte a un mundo de posibilidades.<\/p>\n<p>Euromillions EU no es una loter\u00eda m\u00e1s: es una experiencia que une a jugadores de todo el continente bajo la esperanza compartida de hacerse ricos. La anticipaci\u00f3n, el ambiente el\u00e9ctrico de la noche del sorteo y la posibilidad de unirte a los grandes ganadores de Europa&#8230; todo empieza con un solo ticket.<\/p>\n<h2>\u00bfQu\u00e9 hace \u00fanico a EuroMillions Austria?<\/h2>\n<p>Si conoces el fen\u00f3meno mundial de Euromillions, quiz\u00e1s te preguntes qu\u00e9 diferencia a la versi\u00f3n EU \u2013y en particular a Euromillions Austria\u2013 de su equivalente brit\u00e1nico. La respuesta est\u00e1 en los detalles y, para los amantes de la loter\u00eda, esos detalles importan.<\/p>\n<p><img loading=\"lazy\" decoding=\"async\" class=\"alignleft wp-image-268094\" src=\"https:\/\/lottomat.com\/wp-content\/uploads\/2026\/01\/EuroMillions-Austria-online.webp\" alt=\"EuroMillions Austria online\" width=\"200\" height=\"200\" srcset=\"https:\/\/lottomat.com\/wp-content\/uploads\/2026\/01\/EuroMillions-Austria-online.webp 400w, https:\/\/lottomat.com\/wp-content\/uploads\/2026\/01\/EuroMillions-Austria-online-300x300.webp 300w, https:\/\/lottomat.com\/wp-content\/uploads\/2026\/01\/EuroMillions-Austria-online-150x150.webp 150w, https:\/\/lottomat.com\/wp-content\/uploads\/2026\/01\/EuroMillions-Austria-online-100x100.webp 100w\" sizes=\"auto, (max-width: 200px) 100vw, 200px\" \/>Euromillions EU sigue el <a href=\"https:\/\/lottomat.com\/es\/informacion\/informacion-de-euromillones\/\">formato cl\u00e1sico de Euromillions<\/a>, pero los Tickets se adquieren y los premios se abonan seg\u00fan la normativa y fiscalidad austriacas. Esto suele traducirse en estructuras de pago distintas y, en ocasiones, condiciones fiscales m\u00e1s favorables para los ganadores, seg\u00fan el pa\u00eds de residencia. A diferencia de la versi\u00f3n brit\u00e1nica, donde los Tickets se compran en libras esterlinas y est\u00e1n sujetos a la regulaci\u00f3n del juego en el Reino Unido, Euromillions Austria opera en euros y se rige por la legislaci\u00f3n austriaca en materia de juego. Esto puede marcar la diferencia no solo en la forma de jugar, sino tambi\u00e9n en lo que finalmente te llevas a casa si resultas ganador.<\/p>\n<p>Otra diferencia destacable es la variedad de juegos adicionales y sorteos que en ocasiones acompa\u00f1an a los sorteos de UK Lotto, como el UK Millionaire Maker. Si bien estos son exclusivos para participantes del Reino Unido, jugar a trav\u00e9s de Euromillions EU te convierte en parte de una experiencia verdaderamente paneuropea, compartiendo la emoci\u00f3n con jugadores de Austria, Espa\u00f1a, Francia, Portugal, B\u00e9lgica, Irlanda, Luxemburgo y Suiza. El sentido de comunidad y la magnitud del juego convierten cada sorteo en un aut\u00e9ntico acontecimiento internacional.<\/p>\n<h2>El ritmo de la emoci\u00f3n \u2013 \u00bfCu\u00e1ndo son los sorteos?<\/h2>\n<p>Euromillions EU mantiene viva la emoci\u00f3n con dos sorteos semanales, cada martes y viernes por la noche. Este ritmo constante significa que la oportunidad de cambiar tu vida nunca est\u00e1 lejos: tan solo unos d\u00edas separan cada oportunidad de convertirte en el pr\u00f3ximo gran ganador de Europa. La anticipaci\u00f3n crece a lo largo de la semana y cada sorteo es un nuevo comienzo, una nueva oportunidad de fortuna que puede estar a la vuelta de la esquina.<\/p>\n<p>Hay algo especialmente m\u00e1gico en saber que dos veces por semana, alguien, en alg\u00fan lugar de Europa, ver\u00e1 c\u00f3mo le salen sus n\u00fameros. \u00bfPor qu\u00e9 no podr\u00edas ser t\u00fa? Con sorteos tan frecuentes, Euromillions EU ofrece m\u00faltiples ocasiones para jugar, so\u00f1ar y ganar.<\/p>\n<h2>\u00bfPor qu\u00e9 jugar a EuroMillions Austria? La alegr\u00eda de perseguir grandes sue\u00f1os<\/h2>\n<p>El verdadero encanto de Euromillions EU reside en las posibilidades que ofrece de cambiar tu vida de ra\u00edz. Los botes alcanzan cifras de v\u00e9rtigo, llegando a superar en ocasiones los 200 millones de euros. Imagina lo que podr\u00edas hacer con semejante premio: recorrer el mundo, comprar la casa de tus sue\u00f1os, asegurar el futuro de tu familia o apoyar las causas que m\u00e1s te importan. El horizonte se ampl\u00eda y el \u00fanico l\u00edmite es tu imaginaci\u00f3n.<\/p>\n<p>Pero m\u00e1s all\u00e1 de los enormes premios, hay algo profundamente satisfactorio en formar parte de una loter\u00eda tan legendaria. Cada ticket es una promesa de esperanza, una peque\u00f1a inversi\u00f3n en la creencia de que la fortuna podr\u00eda sonre\u00edrte. La anticipaci\u00f3n del sorteo, el momento en que se anuncian tus n\u00fameros y la descarga de adrenalina que le sigue son una experiencia que le da un toque especial a la vida cotidiana.<img loading=\"lazy\" decoding=\"async\" class=\"alignright wp-image-268125\" src=\"https:\/\/lottomat.com\/wp-content\/uploads\/2026\/01\/EuroMillions-Austria-tickets.webp\" alt=\"Tickets de EuroMillions Austria\" width=\"200\" height=\"200\" srcset=\"https:\/\/lottomat.com\/wp-content\/uploads\/2026\/01\/EuroMillions-Austria-tickets.webp 400w, https:\/\/lottomat.com\/wp-content\/uploads\/2026\/01\/EuroMillions-Austria-tickets-300x300.webp 300w, https:\/\/lottomat.com\/wp-content\/uploads\/2026\/01\/EuroMillions-Austria-tickets-150x150.webp 150w, https:\/\/lottomat.com\/wp-content\/uploads\/2026\/01\/EuroMillions-Austria-tickets-100x100.webp 100w\" sizes=\"auto, (max-width: 200px) 100vw, 200px\" \/><\/p>\n<p>Para abrazar de verdad el estilo de vida de la loter\u00eda, la constancia es fundamental. Los jugadores m\u00e1s experimentados saben que jugar con regularidad es el secreto para aumentar las probabilidades. Cada sorteo que te pierdes es una oportunidad desaprovechada, as\u00ed que convi\u00e9rtelo en un h\u00e1bito: compra tus Tickets, elige tus n\u00fameros, consulta <a href=\"https:\/\/lottomat.com\/es\/jugar\/jugar-a-euromillones-en-linea\/\">los resultados oficiales de EuroMillions Austria<\/a> y mantente en el juego. Al fin y al cabo, quien no juega no puede ganar, y nunca se sabe cu\u00e1ndo llegar\u00e1 tu d\u00eda de suerte.<\/p>\n<h2>Mucho m\u00e1s que Euromillions \u2013 El mundo te espera en Lottomat<\/h2>\n<p>Aunque Euromillions EU y su versi\u00f3n brit\u00e1nica se encuentran entre <a href=\"https:\/\/lottomat.com\/es\/jugar\/\">las loter\u00edas m\u00e1s populares de Europa<\/a>, son solo el punto de partida de lo que te ofrece Lottomat. Nuestra plataforma pone el mundo entero de la loter\u00eda al alcance de tu mano: desde el poderoso Powerball y <a href=\"https:\/\/lottomat.com\/es\/jugar\/jugar-a-mega-millions-en-linea\/\">Mega Millions<\/a> en Estados Unidos, hasta el <a href=\"https:\/\/lottomat.com\/es\/jugar\/jugar-a-superenalotto-en-linea\/\">SuperEnalotto<\/a> italiano, el El Gordo espa\u00f1ol y muchos m\u00e1s. Cada loter\u00eda ofrece su propio sabor, probabilidades y cuant\u00eda de los botes, brind\u00e1ndote infinitas formas de jugar y ganar.<\/p>\n<p>Jugar a varias loter\u00edas es una estrategia adoptada por muchos jugadores experimentados. Al diversificar tus apuestas entre diferentes juegos, no solo ampl\u00edas horizontes, sino que tambi\u00e9n aumentas considerablemente tus posibilidades de conseguir un gran premio. Cada ticket es una nueva oportunidad, cada sorteo es una nueva aventura. En Lottomat tienes la libertad de explorar, experimentar y descubrir los juegos que m\u00e1s despiertan tu emoci\u00f3n.<\/p>\n<p>El mundo de las loter\u00edas est\u00e1 lleno de historias: personas corrientes cuyas vidas cambiaron en un abrir y cerrar de ojos, sue\u00f1os cumplidos y destinos reescritos. Con cada ticket que compras, te unes a esta comunidad global de so\u00f1adores y ganadores. La pr\u00f3xima historia podr\u00eda ser la tuya.<\/p>\n<h2>Tu camino hacia la fortuna empieza aqu\u00ed<\/h2>\n<p><img loading=\"lazy\" decoding=\"async\" class=\"alignleft wp-image-268155\" src=\"https:\/\/lottomat.com\/wp-content\/uploads\/2026\/01\/play-EuroMillions-Austria.webp\" alt=\"jugar a EuroMillions Austria\" width=\"200\" height=\"200\" srcset=\"https:\/\/lottomat.com\/wp-content\/uploads\/2026\/01\/play-EuroMillions-Austria.webp 400w, https:\/\/lottomat.com\/wp-content\/uploads\/2026\/01\/play-EuroMillions-Austria-300x300.webp 300w, https:\/\/lottomat.com\/wp-content\/uploads\/2026\/01\/play-EuroMillions-Austria-150x150.webp 150w, https:\/\/lottomat.com\/wp-content\/uploads\/2026\/01\/play-EuroMillions-Austria-100x100.webp 100w\" sizes=\"auto, (max-width: 200px) 100vw, 200px\" \/>Euromillions EU es mucho m\u00e1s que un juego: es una puerta hacia un futuro m\u00e1s brillante. La emoci\u00f3n de la anticipaci\u00f3n, la alegr\u00eda de lo posible y la oportunidad de convertirte en uno de los mayores ganadores de Europa est\u00e1n al alcance de tu mano. Tanto si juegas por primera vez como si ya eres un aficionado veterano a la loter\u00eda, no hay mejor momento para sumarte.<\/p>\n<p>Recuerda que la clave para ganar es participar. Cuanto m\u00e1s juegas, mayores son tus posibilidades de unirte a ese selecto grupo de afortunados que han visto c\u00f3mo un solo ticket transformaba su vida. No dejes pasar otro sorteo: aprovecha tu oportunidad, v\u00edvelo con entusiasmo y deja que Euromillions EU te abra las puertas a la vida con la que siempre has so\u00f1ado.<\/p>\n<p>Y si quieres multiplicar a\u00fan m\u00e1s tus posibilidades, explora la amplia selecci\u00f3n de loter\u00edas internacionales disponibles en Lottomat. Cada juego es una nueva posibilidad, un nuevo horizonte y un nuevo motivo para creer que la fortuna favorece a los audaces. Tu aventura comienza ahora: \u00bfest\u00e1s listo para jugar?<\/p>\n","protected":false},"excerpt":{"rendered":"<p>Descubre la emoci\u00f3n de Euromillions EU \u2013 La forma austriaca de ganar a lo grande Imagina despertar cada ma\u00f1ana con la sensaci\u00f3n de que todos tus sue\u00f1os est\u00e1n al alcance de la mano, de que los n\u00fameros que elegiste anoche han cambiado tu vida para siempre. Esta es la emoci\u00f3n que aguarda a cada participante [&hellip;]<\/p>\n","protected":false},"author":2,"featured_media":0,"parent":6813,"menu_order":0,"comment_status":"closed","ping_status":"closed","template":"euromillions-at.php","meta":{"_et_pb_use_builder":"","_et_pb_old_content":"","_et_gb_content_width":"","exclude_from_search":false,"footnotes":""},"class_list":["post-271566","page","type-page","status-publish","hentry"],"yoast_head":"<!-- This site is optimized with the Yoast SEO plugin v23.8 - https:\/\/yoast.com\/wordpress\/plugins\/seo\/ -->\n<title>EuroMillions Austria Online \u2013 Compra Tickets \u2013 Lottomat<\/title>\n<meta name=\"description\" content=\"Juega a EuroMillions Austria online en Lottomat. Aqu\u00ed puedes comprar Tickets de EuroMillions Austria online para el pr\u00f3ximo sorteo.\" \/>\n<meta name=\"robots\" content=\"index, follow, max-snippet:-1, max-image-preview:large, max-video-preview:-1\" \/>\n<link rel=\"canonical\" href=\"https:\/\/lottomat.com\/es\/jugar\/euromillions-eu-online-billetes-de-euromillions-austria\/\" \/>\n<meta property=\"og:locale\" content=\"es_ES\" \/>\n<meta property=\"og:type\" content=\"article\" \/>\n<meta property=\"og:title\" content=\"EuroMillions Austria Online \u2013 Compra Tickets \u2013 Lottomat\" \/>\n<meta property=\"og:description\" content=\"Juega a EuroMillions Austria online en Lottomat. Aqu\u00ed puedes comprar Tickets de EuroMillions Austria online para el pr\u00f3ximo sorteo.\" \/>\n<meta property=\"og:url\" content=\"https:\/\/lottomat.com\/es\/jugar\/euromillions-eu-online-billetes-de-euromillions-austria\/\" \/>\n<meta property=\"og:site_name\" content=\"Lottomat\" \/>\n<meta property=\"article:modified_time\" content=\"2026-02-24T11:22:01+00:00\" \/>\n<meta property=\"og:image\" content=\"https:\/\/lottomat.com\/wp-content\/uploads\/2026\/01\/Austrian-EuroMillions.webp\" \/>\n\t<meta property=\"og:image:width\" content=\"400\" \/>\n\t<meta property=\"og:image:height\" content=\"400\" \/>\n\t<meta property=\"og:image:type\" content=\"image\/webp\" \/>\n<meta name=\"twitter:card\" content=\"summary_large_image\" \/>\n<meta name=\"twitter:label1\" content=\"Tiempo de lectura\" \/>\n\t<meta name=\"twitter:data1\" content=\"6 minutos\" \/>\n<script type=\"application\/ld+json\" class=\"yoast-schema-graph\">{\"@context\":\"https:\/\/schema.org\",\"@graph\":[{\"@type\":\"WebPage\",\"@id\":\"https:\/\/lottomat.com\/es\/jugar\/euromillions-eu-online-billetes-de-euromillions-austria\/\",\"url\":\"https:\/\/lottomat.com\/es\/jugar\/euromillions-eu-online-billetes-de-euromillions-austria\/\",\"name\":\"EuroMillions Austria Online \u2013 Compra Tickets \u2013 Lottomat\",\"isPartOf\":{\"@id\":\"https:\/\/lottomat.com\/es\/#website\"},\"primaryImageOfPage\":{\"@id\":\"https:\/\/lottomat.com\/es\/jugar\/euromillions-eu-online-billetes-de-euromillions-austria\/#primaryimage\"},\"image\":{\"@id\":\"https:\/\/lottomat.com\/es\/jugar\/euromillions-eu-online-billetes-de-euromillions-austria\/#primaryimage\"},\"thumbnailUrl\":\"https:\/\/lottomat.com\/wp-content\/uploads\/2026\/01\/Austrian-EuroMillions.webp\",\"datePublished\":\"2025-05-18T16:39:08+00:00\",\"dateModified\":\"2026-02-24T11:22:01+00:00\",\"description\":\"Juega a EuroMillions Austria online en Lottomat. Aqu\u00ed puedes comprar Tickets de EuroMillions Austria online para el pr\u00f3ximo sorteo.\",\"breadcrumb\":{\"@id\":\"https:\/\/lottomat.com\/es\/jugar\/euromillions-eu-online-billetes-de-euromillions-austria\/#breadcrumb\"},\"inLanguage\":\"es\",\"potentialAction\":[{\"@type\":\"ReadAction\",\"target\":[\"https:\/\/lottomat.com\/es\/jugar\/euromillions-eu-online-billetes-de-euromillions-austria\/\"]}]},{\"@type\":\"ImageObject\",\"inLanguage\":\"es\",\"@id\":\"https:\/\/lottomat.com\/es\/jugar\/euromillions-eu-online-billetes-de-euromillions-austria\/#primaryimage\",\"url\":\"https:\/\/lottomat.com\/wp-content\/uploads\/2026\/01\/Austrian-EuroMillions.webp\",\"contentUrl\":\"https:\/\/lottomat.com\/wp-content\/uploads\/2026\/01\/Austrian-EuroMillions.webp\"},{\"@type\":\"BreadcrumbList\",\"@id\":\"https:\/\/lottomat.com\/es\/jugar\/euromillions-eu-online-billetes-de-euromillions-austria\/#breadcrumb\",\"itemListElement\":[{\"@type\":\"ListItem\",\"position\":1,\"name\":\"Home\",\"item\":\"https:\/\/lottomat.com\/es\/\"},{\"@type\":\"ListItem\",\"position\":2,\"name\":\"Jugar a la loter\u00eda\",\"item\":\"https:\/\/lottomat.com\/es\/jugar\/\"},{\"@type\":\"ListItem\",\"position\":3,\"name\":\"Euromillions EU Online &#8211; Billetes de Euromillions Austria\"}]},{\"@type\":\"WebSite\",\"@id\":\"https:\/\/lottomat.com\/es\/#website\",\"url\":\"https:\/\/lottomat.com\/es\/\",\"name\":\"Lottomat\",\"description\":\"\",\"potentialAction\":[{\"@type\":\"SearchAction\",\"target\":{\"@type\":\"EntryPoint\",\"urlTemplate\":\"https:\/\/lottomat.com\/es\/?s={search_term_string}\"},\"query-input\":{\"@type\":\"PropertyValueSpecification\",\"valueRequired\":true,\"valueName\":\"search_term_string\"}}],\"inLanguage\":\"es\"}]}<\/script>\n<!-- \/ Yoast SEO plugin. -->","yoast_head_json":{"title":"EuroMillions Austria Online \u2013 Compra Tickets \u2013 Lottomat","description":"Juega a EuroMillions Austria online en Lottomat. Aqu\u00ed puedes comprar Tickets de EuroMillions Austria online para el pr\u00f3ximo sorteo.","robots":{"index":"index","follow":"follow","max-snippet":"max-snippet:-1","max-image-preview":"max-image-preview:large","max-video-preview":"max-video-preview:-1"},"canonical":"https:\/\/lottomat.com\/es\/jugar\/euromillions-eu-online-billetes-de-euromillions-austria\/","og_locale":"es_ES","og_type":"article","og_title":"EuroMillions Austria Online \u2013 Compra Tickets \u2013 Lottomat","og_description":"Juega a EuroMillions Austria online en Lottomat. Aqu\u00ed puedes comprar Tickets de EuroMillions Austria online para el pr\u00f3ximo sorteo.","og_url":"https:\/\/lottomat.com\/es\/jugar\/euromillions-eu-online-billetes-de-euromillions-austria\/","og_site_name":"Lottomat","article_modified_time":"2026-02-24T11:22:01+00:00","og_image":[{"width":400,"height":400,"url":"https:\/\/lottomat.com\/wp-content\/uploads\/2026\/01\/Austrian-EuroMillions.webp","type":"image\/webp"}],"twitter_card":"summary_large_image","twitter_misc":{"Tiempo de lectura":"6 minutos"},"schema":{"@context":"https:\/\/schema.org","@graph":[{"@type":"WebPage","@id":"https:\/\/lottomat.com\/es\/jugar\/euromillions-eu-online-billetes-de-euromillions-austria\/","url":"https:\/\/lottomat.com\/es\/jugar\/euromillions-eu-online-billetes-de-euromillions-austria\/","name":"EuroMillions Austria Online \u2013 Compra Tickets \u2013 Lottomat","isPartOf":{"@id":"https:\/\/lottomat.com\/es\/#website"},"primaryImageOfPage":{"@id":"https:\/\/lottomat.com\/es\/jugar\/euromillions-eu-online-billetes-de-euromillions-austria\/#primaryimage"},"image":{"@id":"https:\/\/lottomat.com\/es\/jugar\/euromillions-eu-online-billetes-de-euromillions-austria\/#primaryimage"},"thumbnailUrl":"https:\/\/lottomat.com\/wp-content\/uploads\/2026\/01\/Austrian-EuroMillions.webp","datePublished":"2025-05-18T16:39:08+00:00","dateModified":"2026-02-24T11:22:01+00:00","description":"Juega a EuroMillions Austria online en Lottomat. Aqu\u00ed puedes comprar Tickets de EuroMillions Austria online para el pr\u00f3ximo sorteo.","breadcrumb":{"@id":"https:\/\/lottomat.com\/es\/jugar\/euromillions-eu-online-billetes-de-euromillions-austria\/#breadcrumb"},"inLanguage":"es","potentialAction":[{"@type":"ReadAction","target":["https:\/\/lottomat.com\/es\/jugar\/euromillions-eu-online-billetes-de-euromillions-austria\/"]}]},{"@type":"ImageObject","inLanguage":"es","@id":"https:\/\/lottomat.com\/es\/jugar\/euromillions-eu-online-billetes-de-euromillions-austria\/#primaryimage","url":"https:\/\/lottomat.com\/wp-content\/uploads\/2026\/01\/Austrian-EuroMillions.webp","contentUrl":"https:\/\/lottomat.com\/wp-content\/uploads\/2026\/01\/Austrian-EuroMillions.webp"},{"@type":"BreadcrumbList","@id":"https:\/\/lottomat.com\/es\/jugar\/euromillions-eu-online-billetes-de-euromillions-austria\/#breadcrumb","itemListElement":[{"@type":"ListItem","position":1,"name":"Home","item":"https:\/\/lottomat.com\/es\/"},{"@type":"ListItem","position":2,"name":"Jugar a la loter\u00eda","item":"https:\/\/lottomat.com\/es\/jugar\/"},{"@type":"ListItem","position":3,"name":"Euromillions EU Online &#8211; Billetes de Euromillions Austria"}]},{"@type":"WebSite","@id":"https:\/\/lottomat.com\/es\/#website","url":"https:\/\/lottomat.com\/es\/","name":"Lottomat","description":"","potentialAction":[{"@type":"SearchAction","target":{"@type":"EntryPoint","urlTemplate":"https:\/\/lottomat.com\/es\/?s={search_term_string}"},"query-input":{"@type":"PropertyValueSpecification","valueRequired":true,"valueName":"search_term_string"}}],"inLanguage":"es"}]}},"_links":{"self":[{"href":"https:\/\/lottomat.com\/es\/wp-json\/wp\/v2\/pages\/271566","targetHints":{"allow":["GET"]}}],"collection":[{"href":"https:\/\/lottomat.com\/es\/wp-json\/wp\/v2\/pages"}],"about":[{"href":"https:\/\/lottomat.com\/es\/wp-json\/wp\/v2\/types\/page"}],"author":[{"embeddable":true,"href":"https:\/\/lottomat.com\/es\/wp-json\/wp\/v2\/users\/2"}],"replies":[{"embeddable":true,"href":"https:\/\/lottomat.com\/es\/wp-json\/wp\/v2\/comments?post=271566"}],"version-history":[{"count":3,"href":"https:\/\/lottomat.com\/es\/wp-json\/wp\/v2\/pages\/271566\/revisions"}],"predecessor-version":[{"id":271569,"href":"https:\/\/lottomat.com\/es\/wp-json\/wp\/v2\/pages\/271566\/revisions\/271569"}],"up":[{"embeddable":true,"href":"https:\/\/lottomat.com\/es\/wp-json\/wp\/v2\/pages\/6813"}],"wp:attachment":[{"href":"https:\/\/lottomat.com\/es\/wp-json\/wp\/v2\/media?parent=271566"}],"curies":[{"name":"wp","href":"https:\/\/api.w.org\/{rel}","templated":true}]}}