{"id":238214,"date":"2025-04-07T19:25:51","date_gmt":"2025-04-07T19:25:51","guid":{"rendered":"https:\/\/lottomat.net\/resultados-de-la-loteria\/resultados-de-superenalotto\/"},"modified":"2026-02-24T09:15:35","modified_gmt":"2026-02-24T09:15:35","slug":"resultados-de-superenalotto","status":"publish","type":"page","link":"https:\/\/lottomat.com\/es\/resultados\/resultados-de-superenalotto\/","title":{"rendered":"Resultados del SuperEnalotto y n\u00fameros ganadores"},"content":{"rendered":"\n\n<div class=\"kk-star-ratings kksr-auto kksr-align-left kksr-valign-top\"\n    data-payload='{&quot;align&quot;:&quot;left&quot;,&quot;id&quot;:&quot;238214&quot;,&quot;slug&quot;:&quot;default&quot;,&quot;valign&quot;:&quot;top&quot;,&quot;ignore&quot;:&quot;&quot;,&quot;reference&quot;:&quot;auto&quot;,&quot;class&quot;:&quot;&quot;,&quot;count&quot;:&quot;0&quot;,&quot;legendonly&quot;:&quot;&quot;,&quot;readonly&quot;:&quot;&quot;,&quot;score&quot;:&quot;0&quot;,&quot;starsonly&quot;:&quot;&quot;,&quot;best&quot;:&quot;5&quot;,&quot;gap&quot;:&quot;5&quot;,&quot;greet&quot;:&quot;Rate this page&quot;,&quot;legend&quot;:&quot;0\\\/5 - (0 votos)&quot;,&quot;size&quot;:&quot;30&quot;,&quot;title&quot;:&quot;Resultados del SuperEnalotto y n\u00fameros ganadores&quot;,&quot;width&quot;:&quot;0&quot;,&quot;_legend&quot;:&quot;{score}\\\/{best} - ({count} {votes})&quot;,&quot;font_factor&quot;:&quot;1.25&quot;}'>\n            \n<div class=\"kksr-stars\">\n    \n<div class=\"kksr-stars-inactive\">\n            <div class=\"kksr-star\" data-star=\"1\" style=\"padding-right: 5px\">\n            \n\n<div class=\"kksr-icon\" style=\"width: 30px; height: 30px;\"><\/div>\n        <\/div>\n            <div class=\"kksr-star\" data-star=\"2\" style=\"padding-right: 5px\">\n            \n\n<div class=\"kksr-icon\" style=\"width: 30px; height: 30px;\"><\/div>\n        <\/div>\n            <div class=\"kksr-star\" data-star=\"3\" style=\"padding-right: 5px\">\n            \n\n<div class=\"kksr-icon\" style=\"width: 30px; height: 30px;\"><\/div>\n        <\/div>\n            <div class=\"kksr-star\" data-star=\"4\" style=\"padding-right: 5px\">\n            \n\n<div class=\"kksr-icon\" style=\"width: 30px; height: 30px;\"><\/div>\n        <\/div>\n            <div class=\"kksr-star\" data-star=\"5\" style=\"padding-right: 5px\">\n            \n\n<div class=\"kksr-icon\" style=\"width: 30px; height: 30px;\"><\/div>\n        <\/div>\n    <\/div>\n    \n<div class=\"kksr-stars-active\" style=\"width: 0px;\">\n            <div class=\"kksr-star\" style=\"padding-right: 5px\">\n            \n\n<div class=\"kksr-icon\" style=\"width: 30px; height: 30px;\"><\/div>\n        <\/div>\n            <div class=\"kksr-star\" style=\"padding-right: 5px\">\n            \n\n<div class=\"kksr-icon\" style=\"width: 30px; height: 30px;\"><\/div>\n        <\/div>\n            <div class=\"kksr-star\" style=\"padding-right: 5px\">\n            \n\n<div class=\"kksr-icon\" style=\"width: 30px; height: 30px;\"><\/div>\n        <\/div>\n            <div class=\"kksr-star\" style=\"padding-right: 5px\">\n            \n\n<div class=\"kksr-icon\" style=\"width: 30px; height: 30px;\"><\/div>\n        <\/div>\n            <div class=\"kksr-star\" style=\"padding-right: 5px\">\n            \n\n<div class=\"kksr-icon\" style=\"width: 30px; height: 30px;\"><\/div>\n        <\/div>\n    <\/div>\n<\/div>\n                \n\n<div class=\"kksr-legend\" style=\"font-size: 24px;\">\n            <span class=\"kksr-muted\">Rate this page<\/span>\n    <\/div>\n    <\/div>\n<p>Conocer los resultados del SuperEnalotto de cada sorteo en el que participan tus boletos ser\u00e1 sin duda muy emocionante, especialmente cuando resulta que elegiste los n\u00fameros de la suerte. Comprueba de forma r\u00e1pida y sencilla en la <a href=\"https:\/\/lottomat.com\/es\/\">web de LottoMat<\/a> si lograste unirte a las filas de los millonarios, ya que publicamos los resultados justo despu\u00e9s del sorteo y provienen del comunicado oficial del operador de la loter\u00eda SuperEnalotto. Se podr\u00eda decir que <a href=\"https:\/\/lottomat.com\/es\/resultados\/\">nuestros resultados de loter\u00eda<\/a> siempre est\u00e1n tan frescos como el pan reci\u00e9n horneado.<\/p>\n<h2><img loading=\"lazy\" decoding=\"async\" class=\"wp-image-252676 alignleft\" src=\"https:\/\/lottomat.com\/wp-content\/uploads\/2025\/10\/Italian-lottery-numbers-300x300.webp\" alt=\"N\u00fameros de la loter\u00eda italiana\" width=\"200\" height=\"200\" srcset=\"https:\/\/lottomat.com\/wp-content\/uploads\/2025\/10\/Italian-lottery-numbers-300x300.webp 300w, https:\/\/lottomat.com\/wp-content\/uploads\/2025\/10\/Italian-lottery-numbers-150x150.webp 150w, https:\/\/lottomat.com\/wp-content\/uploads\/2025\/10\/Italian-lottery-numbers-100x100.webp 100w, https:\/\/lottomat.com\/wp-content\/uploads\/2025\/10\/Italian-lottery-numbers.webp 400w\" sizes=\"auto, (max-width: 200px) 100vw, 200px\" \/>\u00bfC\u00f3mo consultar los resultados actuales del SuperEnalotto?<\/h2>\n<p>Es pan comido y tremendamente r\u00e1pido. <strong>Los resultados del \u00faltimo sorteo se encuentran siempre en la parte superior de la p\u00e1gina.<\/strong> Es posible que te despiste ver el n\u00famero extra, el llamado Jolly, entre los resultados, pero los recibimos directamente del operador, justo tras el sorteo, por lo que este peque\u00f1o n\u00famero adicional que solo pueden elegir los italianos en las administraciones de loter\u00eda de todo su pa\u00eds tambi\u00e9n aparece reflejado. Esto significa que t\u00fa solo debes fijarte en los resultados del sorteo de los n\u00fameros principales, ya que no participas en el sorteo del Jolly. <strong>Los resultados en la web de LottoMat se muestran en una tabla clara e intuitiva, muy f\u00e1cil de leer.<\/strong><\/p>\n<h2>\u00bfC\u00f3mo consultar los resultados archivados del SuperEnalotto?<\/h2>\n<p>En la web de LottoMat te damos la posibilidad de consultar resultados anteriores. Justo al lado de los n\u00fameros del \u00faltimo sorteo encontrar\u00e1s la fecha del mismo. <strong>Si haces clic en esa fecha, se desplegar\u00e1 un calendario con los sorteos archivados.<\/strong> Solo tienes que seleccionar la fecha que te interese y consultar los resultados del sorteo anterior del SuperEnalotto. Recopilamos los datos de los \u00faltimos 12 meses y puedes tener la plena seguridad de que est\u00e1n gestionados con rigor y, sobre todo, son completamente fiables.<\/p>\n<h2>\u00bfPara qu\u00e9 sirven los n\u00fameros ganadores archivados del SuperEnalotto?<img loading=\"lazy\" decoding=\"async\" class=\"wp-image-252707 alignright\" src=\"https:\/\/lottomat.com\/wp-content\/uploads\/2025\/10\/Italian-lottery-results-300x300.webp\" alt=\"Resultados de la loter\u00eda italiana\" width=\"200\" height=\"200\" srcset=\"https:\/\/lottomat.com\/wp-content\/uploads\/2025\/10\/Italian-lottery-results-300x300.webp 300w, https:\/\/lottomat.com\/wp-content\/uploads\/2025\/10\/Italian-lottery-results-150x150.webp 150w, https:\/\/lottomat.com\/wp-content\/uploads\/2025\/10\/Italian-lottery-results-100x100.webp 100w, https:\/\/lottomat.com\/wp-content\/uploads\/2025\/10\/Italian-lottery-results.webp 400w\" sizes=\"auto, (max-width: 200px) 100vw, 200px\" \/><\/h2>\n<p>\u00bfSabes por qu\u00e9 son \u00fatiles los sorteos archivados? En realidad, hay tres razones principales. <strong>Ante todo, te permiten crear tu propia estrategia personalizada<\/strong>, consultando los n\u00fameros sorteados recientemente y calculando las probabilidades de ganar en el sorteo. En segundo lugar, puedes comprobar si ha habido un pleno al seis en la loter\u00eda, si habr\u00e1 bote y, adem\u00e1s, cu\u00e1l ha sido el premio m\u00e1s alto recientemente para calcular el beneficio potencial de un boleto ganador. En tercer lugar, puedes ver cu\u00e1ntos ganadores tiene el SuperEnalotto y qu\u00e9 premios obtienen, incluso cuando no aciertan todos los n\u00fameros sorteados, \u00a1y siempre hay cientos de miles de ganadores! Solo te queda comprar los boletos y dar un giro radical a tu vida. Y recuerda: cada boleto te acerca un poco m\u00e1s a ganar en <a href=\"https:\/\/lottomat.com\/es\/jugar\/jugar-a-superenalotto-en-linea\/\">SuperEnalotto online<\/a>.<\/p>\n<h2>\u00bfCu\u00e1les son los n\u00fameros m\u00e1s sorteados en el SuperEnalotto?<\/h2>\n<p>Seg\u00fan el an\u00e1lisis estad\u00edstico de los sorteos del SuperEnalotto desde 1997, <strong>los 10 n\u00fameros que salen con mayor frecuencia son el 90, 85, 77, 86, 82, 55, 88, 80, 87 y el 79.<\/strong> En el mundo de la loter\u00eda, estos n\u00fameros se conocen como \u00abn\u00fameros calientes\u00bb debido a su frecuente aparici\u00f3n en las combinaciones ganadoras. El n\u00famero 90 ocupa el primer puesto, habiendo sido sorteado cientos de veces a lo largo de la historia del juego. Los jugadores suelen recurrir a estos datos estad\u00edsticos para orientar su estrategia de selecci\u00f3n de n\u00fameros, aunque es importante recordar que cada sorteo es independiente y los resultados pasados no influyen en los futuros.<\/p>\n<h2><img loading=\"lazy\" decoding=\"async\" class=\"wp-image-252737 alignleft\" src=\"https:\/\/lottomat.com\/wp-content\/uploads\/2025\/10\/SuperEnalotto-results-300x300.webp\" alt=\"Resultados del SuperEnalotto\" width=\"200\" height=\"200\" srcset=\"https:\/\/lottomat.com\/wp-content\/uploads\/2025\/10\/SuperEnalotto-results-300x300.webp 300w, https:\/\/lottomat.com\/wp-content\/uploads\/2025\/10\/SuperEnalotto-results-150x150.webp 150w, https:\/\/lottomat.com\/wp-content\/uploads\/2025\/10\/SuperEnalotto-results-100x100.webp 100w, https:\/\/lottomat.com\/wp-content\/uploads\/2025\/10\/SuperEnalotto-results.webp 400w\" sizes=\"auto, (max-width: 200px) 100vw, 200px\" \/>\u00bfCu\u00e1les son los n\u00fameros menos sorteados en el SuperEnalotto?<\/h2>\n<p>En el extremo opuesto, el SuperEnalotto tiene varios \u00abn\u00fameros fr\u00edos\u00bb que aparecen con menos frecuencia en los sorteos. <strong>Los 10 n\u00fameros menos sorteados suelen ser los m\u00e1s bajos: el 1, 2, 3, 4, 5, 6, 7, 8, 9 y el 10<\/strong>, aunque esto puede variar seg\u00fan el per\u00edodo analizado. Estos n\u00fameros fr\u00edos no han aparecido con tanta frecuencia en las combinaciones ganadoras en comparaci\u00f3n con sus contrapartes calientes. Algunos aficionados a la loter\u00eda creen que los n\u00fameros fr\u00edos est\u00e1n \u00aba punto\u00bb de salir, mientras que otros prefieren apostar por los n\u00fameros calientes que ya han demostrado su frecuencia. Conocer los patrones de los n\u00fameros calientes y fr\u00edos puede ayudar a los jugadores a desarrollar su propia estrategia de loter\u00eda.<\/p>\n<h2>\u00bfSe pueden predecir los resultados del SuperEnalotto?<\/h2>\n<p>A pesar del extenso an\u00e1lisis estad\u00edstico disponible sobre el SuperEnalotto, es fundamental entender que <strong>los resultados de la loter\u00eda no pueden predecirse con exactitud.<\/strong> Cada sorteo del SuperEnalotto es completamente aleatorio e independiente de los resultados anteriores. Si bien estudiar los n\u00fameros calientes y fr\u00edos, los gr\u00e1ficos de frecuencia y los patrones hist\u00f3ricos puede resultar interesante e incluso orientar tu estrategia de selecci\u00f3n de n\u00fameros, estas estad\u00edsticas no garantizan el \u00e9xito futuro. La loter\u00eda utiliza sofisticados sistemas de generaci\u00f3n aleatoria de n\u00fameros que garantizan que cada n\u00famero del 1 al 90 tenga las mismas probabilidades de ser sorteado en cada sorteo. La probabilidad matem\u00e1tica se mantiene constante independientemente de los resultados pasados; esto se conoce como la \u00abfalacia del jugador\u00bb, cuando la gente cree err\u00f3neamente que los resultados pasados influyen en los futuros. Los matem\u00e1ticos y estad\u00edsticos profesionales coinciden en se\u00f1alar que los juegos de loter\u00eda como el SuperEnalotto son juegos de puro azar. <strong>Lo mejor es jugar con responsabilidad, dentro de tus posibilidades, y como entretenimiento, no como estrategia de inversi\u00f3n.<\/strong><\/p>\n<h2>\u00bfC\u00f3mo consultar los resultados del sorteo de ayer del SuperEnalotto?<img loading=\"lazy\" decoding=\"async\" class=\"wp-image-252767 alignright\" src=\"https:\/\/lottomat.com\/wp-content\/uploads\/2025\/10\/SuperEnalotto-winning-numbers-300x300.webp\" alt=\"N\u00fameros ganadores del SuperEnalotto\" width=\"200\" height=\"200\" srcset=\"https:\/\/lottomat.com\/wp-content\/uploads\/2025\/10\/SuperEnalotto-winning-numbers-300x300.webp 300w, https:\/\/lottomat.com\/wp-content\/uploads\/2025\/10\/SuperEnalotto-winning-numbers-150x150.webp 150w, https:\/\/lottomat.com\/wp-content\/uploads\/2025\/10\/SuperEnalotto-winning-numbers-100x100.webp 100w, https:\/\/lottomat.com\/wp-content\/uploads\/2025\/10\/SuperEnalotto-winning-numbers.webp 400w\" sizes=\"auto, (max-width: 200px) 100vw, 200px\" \/><\/h2>\n<p>Consultar los resultados de ayer del SuperEnalotto en la web de LottoMat es sencillo y c\u00f3modo. Nuestra plataforma mantiene archivos completos de todos los sorteos recientes, lo que facilita el acceso a los resultados de ayer, de la semana pasada o incluso del mes anterior. <strong>Ya sea que busques los resultados m\u00e1s recientes de hoy o necesites verificar los n\u00fameros de sorteos anteriores, LottoMat ofrece informaci\u00f3n fiable y precisa sobre la loter\u00eda italiana.<\/strong> Simplemente accede a nuestra secci\u00f3n de resultados, donde encontrar\u00e1s un listado cronol\u00f3gico de todos los sorteos recientes del SuperEnalotto. Cada resultado incluye los seis n\u00fameros ganadores principales, el n\u00famero Jolly y el n\u00famero SuperStar si corresponde. Puedes hacer clic en cualquier fecha concreta para ver informaci\u00f3n detallada sobre ese sorteo en particular, incluyendo el desglose de premios y las estad\u00edsticas de ganadores. Recuerda que en LottoMat, <strong>no importa si buscas los resultados de hoy, los n\u00fameros de ayer o los resultados de hace semanas: siempre encontrar\u00e1s los resultados aut\u00e9nticos de la loter\u00eda italiana<\/strong> en los que puedes confiar plenamente.<\/p>\n<h2>\u00bfCu\u00e1ntas personas ganaron en el \u00faltimo sorteo del SuperEnalotto?<\/h2>\n<p>Cada sorteo del SuperEnalotto genera m\u00faltiples ganadores en diferentes <a href=\"https:\/\/lottomat.com\/es\/informacion\/informacion-de-superenalotto\/\">categor\u00edas de premios del SuperEnalotto<\/a>, no solo el ganador del bote. <strong>Nuestra completa tabla de desglose de premios ofrece informaci\u00f3n detallada sobre el n\u00famero de ganadores en cada categor\u00eda y los importes correspondientes que recibieron.<\/strong> Estos valiosos datos ayudan a los jugadores a comprender las distintas formas de ganar en el SuperEnalotto m\u00e1s all\u00e1 de acertar los seis n\u00fameros. Por lo general, <strong>miles de jugadores ganan premios en cada sorteo del SuperEnalotto en todas las categor\u00edas<\/strong>, siendo la mayor\u00eda ganadores de importes menores por acertar 2 o 3 n\u00fameros. Esta informaci\u00f3n se actualiza inmediatamente despu\u00e9s de cada sorteo y aporta transparencia sobre la distribuci\u00f3n de premios de la loter\u00eda, ayudando a los jugadores a conocer sus posibles ganancias seg\u00fan los aciertos obtenidos.<\/p>\n","protected":false},"excerpt":{"rendered":"<p>Conocer los resultados del SuperEnalotto de cada sorteo en el que participan tus boletos ser\u00e1 sin duda muy emocionante, especialmente cuando resulta que elegiste los n\u00fameros de la suerte. Comprueba de forma r\u00e1pida y sencilla en la web de LottoMat si lograste unirte a las filas de los millonarios, ya que publicamos los resultados justo [&hellip;]<\/p>\n","protected":false},"author":1,"featured_media":0,"parent":7626,"menu_order":5,"comment_status":"closed","ping_status":"closed","template":"superenalotto-results.php","meta":{"_et_pb_use_builder":"","_et_pb_old_content":"","_et_gb_content_width":"","exclude_from_search":false,"footnotes":""},"class_list":["post-238214","page","type-page","status-publish","hentry"],"yoast_head":"<!-- This site is optimized with the Yoast SEO plugin v23.8 - https:\/\/yoast.com\/wordpress\/plugins\/seo\/ -->\n<title>Resultados del SuperEnalotto y n\u00fameros ganadores - Lottomat<\/title>\n<meta name=\"description\" content=\"\u00a1Consulta ahora los \u00faltimos resultados del SuperEnalotto! Comprueba los n\u00fameros ganadores de hoy y descubre si has ganado en el sorteo de la loter\u00eda italiana.\" \/>\n<meta name=\"robots\" content=\"index, follow, max-snippet:-1, max-image-preview:large, max-video-preview:-1\" \/>\n<link rel=\"canonical\" href=\"https:\/\/lottomat.com\/es\/resultados\/resultados-de-superenalotto\/\" \/>\n<meta property=\"og:locale\" content=\"es_ES\" \/>\n<meta property=\"og:type\" content=\"article\" \/>\n<meta property=\"og:title\" content=\"Resultados del SuperEnalotto y n\u00fameros ganadores - Lottomat\" \/>\n<meta property=\"og:description\" content=\"\u00a1Consulta ahora los \u00faltimos resultados del SuperEnalotto! Comprueba los n\u00fameros ganadores de hoy y descubre si has ganado en el sorteo de la loter\u00eda italiana.\" \/>\n<meta property=\"og:url\" content=\"https:\/\/lottomat.com\/es\/resultados\/resultados-de-superenalotto\/\" \/>\n<meta property=\"og:site_name\" content=\"Lottomat\" \/>\n<meta property=\"article:modified_time\" content=\"2026-02-24T09:15:35+00:00\" \/>\n<meta property=\"og:image\" content=\"https:\/\/lottomat.com\/wp-content\/uploads\/2025\/10\/Italian-lottery-numbers.webp\" \/>\n\t<meta property=\"og:image:width\" content=\"400\" \/>\n\t<meta property=\"og:image:height\" content=\"400\" \/>\n\t<meta property=\"og:image:type\" content=\"image\/webp\" \/>\n<meta name=\"twitter:card\" content=\"summary_large_image\" \/>\n<meta name=\"twitter:label1\" content=\"Tiempo de lectura\" \/>\n\t<meta name=\"twitter:data1\" content=\"7 minutos\" \/>\n<script type=\"application\/ld+json\" class=\"yoast-schema-graph\">{\"@context\":\"https:\/\/schema.org\",\"@graph\":[{\"@type\":\"WebPage\",\"@id\":\"https:\/\/lottomat.com\/es\/resultados\/resultados-de-superenalotto\/\",\"url\":\"https:\/\/lottomat.com\/es\/resultados\/resultados-de-superenalotto\/\",\"name\":\"Resultados del SuperEnalotto y n\u00fameros ganadores - Lottomat\",\"isPartOf\":{\"@id\":\"https:\/\/lottomat.com\/es\/#website\"},\"primaryImageOfPage\":{\"@id\":\"https:\/\/lottomat.com\/es\/resultados\/resultados-de-superenalotto\/#primaryimage\"},\"image\":{\"@id\":\"https:\/\/lottomat.com\/es\/resultados\/resultados-de-superenalotto\/#primaryimage\"},\"thumbnailUrl\":\"https:\/\/lottomat.com\/wp-content\/uploads\/2025\/10\/Italian-lottery-numbers-300x300.webp\",\"datePublished\":\"2025-04-07T19:25:51+00:00\",\"dateModified\":\"2026-02-24T09:15:35+00:00\",\"description\":\"\u00a1Consulta ahora los \u00faltimos resultados del SuperEnalotto! Comprueba los n\u00fameros ganadores de hoy y descubre si has ganado en el sorteo de la loter\u00eda italiana.\",\"breadcrumb\":{\"@id\":\"https:\/\/lottomat.com\/es\/resultados\/resultados-de-superenalotto\/#breadcrumb\"},\"inLanguage\":\"es\",\"potentialAction\":[{\"@type\":\"ReadAction\",\"target\":[\"https:\/\/lottomat.com\/es\/resultados\/resultados-de-superenalotto\/\"]}]},{\"@type\":\"ImageObject\",\"inLanguage\":\"es\",\"@id\":\"https:\/\/lottomat.com\/es\/resultados\/resultados-de-superenalotto\/#primaryimage\",\"url\":\"https:\/\/lottomat.com\/wp-content\/uploads\/2025\/10\/Italian-lottery-numbers-300x300.webp\",\"contentUrl\":\"https:\/\/lottomat.com\/wp-content\/uploads\/2025\/10\/Italian-lottery-numbers-300x300.webp\"},{\"@type\":\"BreadcrumbList\",\"@id\":\"https:\/\/lottomat.com\/es\/resultados\/resultados-de-superenalotto\/#breadcrumb\",\"itemListElement\":[{\"@type\":\"ListItem\",\"position\":1,\"name\":\"Home\",\"item\":\"https:\/\/lottomat.com\/es\/\"},{\"@type\":\"ListItem\",\"position\":2,\"name\":\"Los \u00daltimos Resultados de Loter\u00eda y N\u00fameros Ganadores\",\"item\":\"https:\/\/lottomat.com\/es\/resultados\/\"},{\"@type\":\"ListItem\",\"position\":3,\"name\":\"Resultados del SuperEnalotto y n\u00fameros ganadores\"}]},{\"@type\":\"WebSite\",\"@id\":\"https:\/\/lottomat.com\/es\/#website\",\"url\":\"https:\/\/lottomat.com\/es\/\",\"name\":\"Lottomat\",\"description\":\"\",\"potentialAction\":[{\"@type\":\"SearchAction\",\"target\":{\"@type\":\"EntryPoint\",\"urlTemplate\":\"https:\/\/lottomat.com\/es\/?s={search_term_string}\"},\"query-input\":{\"@type\":\"PropertyValueSpecification\",\"valueRequired\":true,\"valueName\":\"search_term_string\"}}],\"inLanguage\":\"es\"}]}<\/script>\n<!-- \/ Yoast SEO plugin. -->","yoast_head_json":{"title":"Resultados del SuperEnalotto y n\u00fameros ganadores - Lottomat","description":"\u00a1Consulta ahora los \u00faltimos resultados del SuperEnalotto! Comprueba los n\u00fameros ganadores de hoy y descubre si has ganado en el sorteo de la loter\u00eda italiana.","robots":{"index":"index","follow":"follow","max-snippet":"max-snippet:-1","max-image-preview":"max-image-preview:large","max-video-preview":"max-video-preview:-1"},"canonical":"https:\/\/lottomat.com\/es\/resultados\/resultados-de-superenalotto\/","og_locale":"es_ES","og_type":"article","og_title":"Resultados del SuperEnalotto y n\u00fameros ganadores - Lottomat","og_description":"\u00a1Consulta ahora los \u00faltimos resultados del SuperEnalotto! Comprueba los n\u00fameros ganadores de hoy y descubre si has ganado en el sorteo de la loter\u00eda italiana.","og_url":"https:\/\/lottomat.com\/es\/resultados\/resultados-de-superenalotto\/","og_site_name":"Lottomat","article_modified_time":"2026-02-24T09:15:35+00:00","og_image":[{"width":400,"height":400,"url":"https:\/\/lottomat.com\/wp-content\/uploads\/2025\/10\/Italian-lottery-numbers.webp","type":"image\/webp"}],"twitter_card":"summary_large_image","twitter_misc":{"Tiempo de lectura":"7 minutos"},"schema":{"@context":"https:\/\/schema.org","@graph":[{"@type":"WebPage","@id":"https:\/\/lottomat.com\/es\/resultados\/resultados-de-superenalotto\/","url":"https:\/\/lottomat.com\/es\/resultados\/resultados-de-superenalotto\/","name":"Resultados del SuperEnalotto y n\u00fameros ganadores - Lottomat","isPartOf":{"@id":"https:\/\/lottomat.com\/es\/#website"},"primaryImageOfPage":{"@id":"https:\/\/lottomat.com\/es\/resultados\/resultados-de-superenalotto\/#primaryimage"},"image":{"@id":"https:\/\/lottomat.com\/es\/resultados\/resultados-de-superenalotto\/#primaryimage"},"thumbnailUrl":"https:\/\/lottomat.com\/wp-content\/uploads\/2025\/10\/Italian-lottery-numbers-300x300.webp","datePublished":"2025-04-07T19:25:51+00:00","dateModified":"2026-02-24T09:15:35+00:00","description":"\u00a1Consulta ahora los \u00faltimos resultados del SuperEnalotto! Comprueba los n\u00fameros ganadores de hoy y descubre si has ganado en el sorteo de la loter\u00eda italiana.","breadcrumb":{"@id":"https:\/\/lottomat.com\/es\/resultados\/resultados-de-superenalotto\/#breadcrumb"},"inLanguage":"es","potentialAction":[{"@type":"ReadAction","target":["https:\/\/lottomat.com\/es\/resultados\/resultados-de-superenalotto\/"]}]},{"@type":"ImageObject","inLanguage":"es","@id":"https:\/\/lottomat.com\/es\/resultados\/resultados-de-superenalotto\/#primaryimage","url":"https:\/\/lottomat.com\/wp-content\/uploads\/2025\/10\/Italian-lottery-numbers-300x300.webp","contentUrl":"https:\/\/lottomat.com\/wp-content\/uploads\/2025\/10\/Italian-lottery-numbers-300x300.webp"},{"@type":"BreadcrumbList","@id":"https:\/\/lottomat.com\/es\/resultados\/resultados-de-superenalotto\/#breadcrumb","itemListElement":[{"@type":"ListItem","position":1,"name":"Home","item":"https:\/\/lottomat.com\/es\/"},{"@type":"ListItem","position":2,"name":"Los \u00daltimos Resultados de Loter\u00eda y N\u00fameros Ganadores","item":"https:\/\/lottomat.com\/es\/resultados\/"},{"@type":"ListItem","position":3,"name":"Resultados del SuperEnalotto y n\u00fameros ganadores"}]},{"@type":"WebSite","@id":"https:\/\/lottomat.com\/es\/#website","url":"https:\/\/lottomat.com\/es\/","name":"Lottomat","description":"","potentialAction":[{"@type":"SearchAction","target":{"@type":"EntryPoint","urlTemplate":"https:\/\/lottomat.com\/es\/?s={search_term_string}"},"query-input":{"@type":"PropertyValueSpecification","valueRequired":true,"valueName":"search_term_string"}}],"inLanguage":"es"}]}},"_links":{"self":[{"href":"https:\/\/lottomat.com\/es\/wp-json\/wp\/v2\/pages\/238214","targetHints":{"allow":["GET"]}}],"collection":[{"href":"https:\/\/lottomat.com\/es\/wp-json\/wp\/v2\/pages"}],"about":[{"href":"https:\/\/lottomat.com\/es\/wp-json\/wp\/v2\/types\/page"}],"author":[{"embeddable":true,"href":"https:\/\/lottomat.com\/es\/wp-json\/wp\/v2\/users\/1"}],"replies":[{"embeddable":true,"href":"https:\/\/lottomat.com\/es\/wp-json\/wp\/v2\/comments?post=238214"}],"version-history":[{"count":3,"href":"https:\/\/lottomat.com\/es\/wp-json\/wp\/v2\/pages\/238214\/revisions"}],"predecessor-version":[{"id":271498,"href":"https:\/\/lottomat.com\/es\/wp-json\/wp\/v2\/pages\/238214\/revisions\/271498"}],"up":[{"embeddable":true,"href":"https:\/\/lottomat.com\/es\/wp-json\/wp\/v2\/pages\/7626"}],"wp:attachment":[{"href":"https:\/\/lottomat.com\/es\/wp-json\/wp\/v2\/media?parent=238214"}],"curies":[{"name":"wp","href":"https:\/\/api.w.org\/{rel}","templated":true}]}}