{"id":237858,"date":"2025-04-07T19:24:29","date_gmt":"2025-04-07T19:24:29","guid":{"rendered":"https:\/\/lottomat.net\/resultados-de-la-loteria\/resultados-de-mega-millions\/"},"modified":"2026-02-17T08:23:07","modified_gmt":"2026-02-17T08:23:07","slug":"resultados-de-mega-millions","status":"publish","type":"page","link":"https:\/\/lottomat.com\/es\/resultados\/resultados-de-mega-millions\/","title":{"rendered":"Resultados de Mega Millions y N\u00fameros Ganadores"},"content":{"rendered":"\n\n<div class=\"kk-star-ratings kksr-auto kksr-align-left kksr-valign-top\"\n    data-payload='{&quot;align&quot;:&quot;left&quot;,&quot;id&quot;:&quot;237858&quot;,&quot;slug&quot;:&quot;default&quot;,&quot;valign&quot;:&quot;top&quot;,&quot;ignore&quot;:&quot;&quot;,&quot;reference&quot;:&quot;auto&quot;,&quot;class&quot;:&quot;&quot;,&quot;count&quot;:&quot;0&quot;,&quot;legendonly&quot;:&quot;&quot;,&quot;readonly&quot;:&quot;&quot;,&quot;score&quot;:&quot;0&quot;,&quot;starsonly&quot;:&quot;&quot;,&quot;best&quot;:&quot;5&quot;,&quot;gap&quot;:&quot;5&quot;,&quot;greet&quot;:&quot;Rate this page&quot;,&quot;legend&quot;:&quot;0\\\/5 - (0 votos)&quot;,&quot;size&quot;:&quot;30&quot;,&quot;title&quot;:&quot;Resultados de Mega Millions y N\u00fameros Ganadores&quot;,&quot;width&quot;:&quot;0&quot;,&quot;_legend&quot;:&quot;{score}\\\/{best} - ({count} {votes})&quot;,&quot;font_factor&quot;:&quot;1.25&quot;}'>\n            \n<div class=\"kksr-stars\">\n    \n<div class=\"kksr-stars-inactive\">\n            <div class=\"kksr-star\" data-star=\"1\" style=\"padding-right: 5px\">\n            \n\n<div class=\"kksr-icon\" style=\"width: 30px; height: 30px;\"><\/div>\n        <\/div>\n            <div class=\"kksr-star\" data-star=\"2\" style=\"padding-right: 5px\">\n            \n\n<div class=\"kksr-icon\" style=\"width: 30px; height: 30px;\"><\/div>\n        <\/div>\n            <div class=\"kksr-star\" data-star=\"3\" style=\"padding-right: 5px\">\n            \n\n<div class=\"kksr-icon\" style=\"width: 30px; height: 30px;\"><\/div>\n        <\/div>\n            <div class=\"kksr-star\" data-star=\"4\" style=\"padding-right: 5px\">\n            \n\n<div class=\"kksr-icon\" style=\"width: 30px; height: 30px;\"><\/div>\n        <\/div>\n            <div class=\"kksr-star\" data-star=\"5\" style=\"padding-right: 5px\">\n            \n\n<div class=\"kksr-icon\" style=\"width: 30px; height: 30px;\"><\/div>\n        <\/div>\n    <\/div>\n    \n<div class=\"kksr-stars-active\" style=\"width: 0px;\">\n            <div class=\"kksr-star\" style=\"padding-right: 5px\">\n            \n\n<div class=\"kksr-icon\" style=\"width: 30px; height: 30px;\"><\/div>\n        <\/div>\n            <div class=\"kksr-star\" style=\"padding-right: 5px\">\n            \n\n<div class=\"kksr-icon\" style=\"width: 30px; height: 30px;\"><\/div>\n        <\/div>\n            <div class=\"kksr-star\" style=\"padding-right: 5px\">\n            \n\n<div class=\"kksr-icon\" style=\"width: 30px; height: 30px;\"><\/div>\n        <\/div>\n            <div class=\"kksr-star\" style=\"padding-right: 5px\">\n            \n\n<div class=\"kksr-icon\" style=\"width: 30px; height: 30px;\"><\/div>\n        <\/div>\n            <div class=\"kksr-star\" style=\"padding-right: 5px\">\n            \n\n<div class=\"kksr-icon\" style=\"width: 30px; height: 30px;\"><\/div>\n        <\/div>\n    <\/div>\n<\/div>\n                \n\n<div class=\"kksr-legend\" style=\"font-size: 24px;\">\n            <span class=\"kksr-muted\">Rate this page<\/span>\n    <\/div>\n    <\/div>\n<p>Se compran los boletos de la loter\u00eda Mega Millions, se eligen los n\u00fameros ganadores de Mega Millions, y t\u00fa te dedicas a so\u00f1ar con planes maravillosos que se har\u00e1n realidad en cuanto te unas al selecto grupo de los millonarios. No hay nada malo en ello, todos tenemos nuestros sue\u00f1os. Es muy probable que los pensamientos de cada jugador giren en torno a la victoria antes de conocer los resultados del sorteo de Mega Millions, y <strong>Mega Millions es un juego que realmente puede dar mucho<\/strong>.<\/p>\n<h2>\u00bfEs posible ganar con los n\u00fameros de Mega Millions?<img loading=\"lazy\" decoding=\"async\" class=\"alignright wp-image-251955\" src=\"https:\/\/lottomat.com\/wp-content\/uploads\/2025\/10\/Mega-Millions-winning-numbers.webp\" alt=\"n\u00fameros ganadores de Mega Millions\" width=\"200\" height=\"200\" srcset=\"https:\/\/lottomat.com\/wp-content\/uploads\/2025\/10\/Mega-Millions-winning-numbers.webp 400w, https:\/\/lottomat.com\/wp-content\/uploads\/2025\/10\/Mega-Millions-winning-numbers-300x300.webp 300w, https:\/\/lottomat.com\/wp-content\/uploads\/2025\/10\/Mega-Millions-winning-numbers-150x150.webp 150w, https:\/\/lottomat.com\/wp-content\/uploads\/2025\/10\/Mega-Millions-winning-numbers-100x100.webp 100w\" sizes=\"auto, (max-width: 200px) 100vw, 200px\" \/><\/h2>\n<p>Hasta que <a href=\"https:\/\/lottomat.com\/es\/resultados\/\">consultes los resultados actuales del sorteo de loter\u00eda<\/a>, puedes seguir so\u00f1ando, pero solo el sorteo de los n\u00fameros que elegiste puede hacer realidad ese hermoso sue\u00f1o, por eso no tiene sentido esperar: \u00a1juega y comprueba! Todo lo que tienes que hacer tras el sorteo es <a href=\"https:\/\/lottomat.com\/es\/\">visitar la p\u00e1gina web de LottoMat<\/a> y consultar los resultados de Mega Millions para ver qu\u00e9 n\u00fameros salieron en ese sorteo en concreto; si coinciden con tu boleto, significa que est\u00e1s entre los ganadores de <a href=\"https:\/\/lottomat.com\/es\/informacion\/informacion-de-mega-millions\/\">los premios y el jackpot de Mega Millions<\/a>. <strong>El sorteo de la loter\u00eda Mega Millions se celebra regularmente dos veces por semana, todos los mi\u00e9rcoles y s\u00e1bados a las 03:00 UTC<\/strong>. Publicamos los resultados actuales de Mega Millions en l\u00ednea justo despu\u00e9s de que finalice el sorteo, y provienen de la informaci\u00f3n oficial del organizador de la loter\u00eda, lo que los hace 100% verificados y fiables. Lo \u00fanico que debes tener en cuenta es ajustar la hora a tu zona horaria local.<\/p>\n<h2>\u00bfC\u00f3mo consultar los resultados de Mega Millions de hoy?<\/h2>\n<p><strong>Los resultados actuales de Mega Millions est\u00e1n disponibles de inmediato en la p\u00e1gina web de LottoMat nada m\u00e1s concluir cada sorteo<\/strong>. Todos los resultados publicados provienen directamente de fuentes oficiales de la loter\u00eda, lo que garantiza una precisi\u00f3n y fiabilidad totales. Puedes acceder a los \u00faltimos n\u00fameros ganadores visitando nuestra p\u00e1gina dedicada a los resultados de Mega Millions. Los resultados se actualizan en tiempo real tras cada sorteo, por lo que siempre tendr\u00e1s acceso a la informaci\u00f3n m\u00e1s reciente. Simplemente dir\u00edgete a nuestra secci\u00f3n de resultados para descubrir si tus n\u00fameros te han convertido en el pr\u00f3ximo ganador de Mega Millions.<\/p>\n<h2><img loading=\"lazy\" decoding=\"async\" class=\"alignleft wp-image-251985\" src=\"https:\/\/lottomat.com\/wp-content\/uploads\/2025\/10\/Mega-Millions-results.webp\" alt=\"resultados de Mega Millions\" width=\"200\" height=\"200\" srcset=\"https:\/\/lottomat.com\/wp-content\/uploads\/2025\/10\/Mega-Millions-results.webp 400w, https:\/\/lottomat.com\/wp-content\/uploads\/2025\/10\/Mega-Millions-results-300x300.webp 300w, https:\/\/lottomat.com\/wp-content\/uploads\/2025\/10\/Mega-Millions-results-150x150.webp 150w, https:\/\/lottomat.com\/wp-content\/uploads\/2025\/10\/Mega-Millions-results-100x100.webp 100w\" sizes=\"auto, (max-width: 200px) 100vw, 200px\" \/>\u00bfC\u00f3mo consultar los resultados hist\u00f3ricos y los n\u00fameros ganadores de Mega Millions?<\/h2>\n<p>Sabemos lo importantes que son los resultados archivados para muchos de nosotros, ya que algunos construyen su estrategia para los siguientes sorteos bas\u00e1ndose en ellos. Para utilizarlos, lo \u00fanico que debes hacer es acceder a nuestro calendario de resultados. Est\u00e1 disponible en la parte superior derecha. Tras hacer clic en una fecha, puedes cambiar libremente a otros per\u00edodos. <strong>All\u00ed podr\u00e1s consultar los n\u00fameros ganadores de Mega Millions de las \u00faltimas semanas y comprobar lo importante que es elegir una combinaci\u00f3n variada de n\u00fameros en los boletos<\/strong>.<\/p>\n<h2>\u00bfC\u00f3mo utilizar el archivo de n\u00fameros ganadores de Mega Millions?<\/h2>\n<p>El archivo hist\u00f3rico de resultados de Mega Millions es una herramienta de gran valor para los jugadores que desean analizar patrones y desarrollar sus estrategias de juego. Al examinar los sorteos anteriores, puedes identificar tendencias en la frecuencia de los n\u00fameros y tomar decisiones m\u00e1s fundamentadas a la hora de elegirlos. <strong>El archivo te permite hacer un seguimiento de qu\u00e9 n\u00fameros han aparecido juntos con frecuencia, ayud\u00e1ndote a comprender los patrones del juego a lo largo del tiempo<\/strong>. Muchos jugadores con experiencia utilizan estos datos hist\u00f3ricos para crear enfoques sistem\u00e1ticos en la elecci\u00f3n de sus n\u00fameros, aunque es importante recordar que cada sorteo es independiente y aleatorio. El archivo ofrece informaci\u00f3n sobre combinaciones de n\u00fameros que han salido en varias ocasiones, d\u00e1ndote una base para crear tu propia metodolog\u00eda de selecci\u00f3n. No obstante, los resultados pasados no garantizan los resultados futuros en los juegos de loter\u00eda.<\/p>\n<h2>\u00bfCu\u00e1les son los n\u00fameros m\u00e1s sorteados en Mega Millions?<img loading=\"lazy\" decoding=\"async\" class=\"alignright wp-image-252015\" src=\"https:\/\/lottomat.com\/wp-content\/uploads\/2025\/10\/drawing-results.webp\" alt=\"resultados del sorteo\" width=\"200\" height=\"200\" srcset=\"https:\/\/lottomat.com\/wp-content\/uploads\/2025\/10\/drawing-results.webp 400w, https:\/\/lottomat.com\/wp-content\/uploads\/2025\/10\/drawing-results-300x300.webp 300w, https:\/\/lottomat.com\/wp-content\/uploads\/2025\/10\/drawing-results-150x150.webp 150w, https:\/\/lottomat.com\/wp-content\/uploads\/2025\/10\/drawing-results-100x100.webp 100w\" sizes=\"auto, (max-width: 200px) 100vw, 200px\" \/><\/h2>\n<p>Ya hemos mencionado la importancia de preparar una buena estrategia bas\u00e1ndose en los n\u00fameros sorteados anteriormente, pero existe un apoyo igualmente valioso en forma de estad\u00edsticas sobre los n\u00fameros que salen con m\u00e1s frecuencia. Resulta que hay n\u00fameros que se extraen con mucha m\u00e1s frecuencia que otros. En la p\u00e1gina web de LottoMat encontrar\u00e1s toda esa informaci\u00f3n para cada loter\u00eda. <strong>Los n\u00fameros m\u00e1s sorteados en Mega Millions son: 29, 4, 48 y 36<\/strong>. El n\u00famero 48 ya ha sido sorteado 80 veces desde 2005. <strong>En cuanto al Mega Ball, los n\u00fameros m\u00e1s sorteados son 35, 9, 36 y 7<\/strong>. \u00a1Os deseamos los resultados m\u00e1s afortunados de Mega Millions!<\/p>\n<h2>\u00bfCu\u00e1les son los n\u00fameros menos sorteados en Mega Millions?<\/h2>\n<p>Mientras que algunos n\u00fameros aparecen con frecuencia en los sorteos de Mega Millions, otros parecen salir con menos asiduidad, dando lugar a lo que los jugadores llaman n\u00fameros \u00abfr\u00edos\u00bb. <strong>Estos n\u00fameros que se sortean con menor frecuencia pueden ser igual de valiosos a la hora de crear una estrategia de loter\u00eda equilibrada<\/strong>. Algunos jugadores prefieren incluir estos n\u00fameros raramente sorteados en sus combinaciones, convencidos de que les \u00abtoca\u00bb aparecer pronto. <strong>Los n\u00fameros principales menos sorteados en la historia de Mega Millions incluyen el 50, 51, 65, 66 y 67<\/strong>. Estos n\u00fameros han salido significativamente menos veces en comparaci\u00f3n con los m\u00e1s frecuentes, y algunos han aparecido solo entre 66 y 84 veces a lo largo de la historia del juego. Entre los n\u00fameros del Mega Ball, ciertos n\u00fameros como el 15 y las bolas de numeraci\u00f3n m\u00e1s alta tienden a aparecer con menos frecuencia en los sorteos recientes. Los n\u00fameros principales hist\u00f3ricamente menos sorteados incluyen varios n\u00fameros altos del rango disponible, aunque los n\u00fameros concretos van cambiando con el tiempo a medida que se celebran m\u00e1s sorteos. <strong>El n\u00famero 50 destaca como uno de los n\u00fameros m\u00e1s fr\u00edos, habiendo salido solo 66 veces desde los inicios del juego<\/strong>. Cabe se\u00f1alar que en un sistema verdaderamente aleatorio, todos los n\u00fameros tienen la misma probabilidad de ser sorteados en cualquier sorteo dado, independientemente de su frecuencia hist\u00f3rica.<\/p>\n<h2><img loading=\"lazy\" decoding=\"async\" class=\"alignleft wp-image-252045\" src=\"https:\/\/lottomat.com\/wp-content\/uploads\/2025\/10\/Mega-Millions-draw.webp\" alt=\"sorteo de Mega Millions\" width=\"200\" height=\"200\" srcset=\"https:\/\/lottomat.com\/wp-content\/uploads\/2025\/10\/Mega-Millions-draw.webp 400w, https:\/\/lottomat.com\/wp-content\/uploads\/2025\/10\/Mega-Millions-draw-300x300.webp 300w, https:\/\/lottomat.com\/wp-content\/uploads\/2025\/10\/Mega-Millions-draw-150x150.webp 150w, https:\/\/lottomat.com\/wp-content\/uploads\/2025\/10\/Mega-Millions-draw-100x100.webp 100w\" sizes=\"auto, (max-width: 200px) 100vw, 200px\" \/>\u00bfSe pueden predecir los resultados de Mega Millions?<\/h2>\n<p>La pregunta de si los resultados de la loter\u00eda pueden predecirse es algo que ha fascinado a los jugadores durante generaciones. <strong>Los sorteos de Mega Millions se realizan utilizando m\u00e9todos de generaci\u00f3n de n\u00fameros aleatorios certificados, lo que hace que la predicci\u00f3n real sea matem\u00e1ticamente imposible<\/strong>. Cada bola tiene las mismas posibilidades de ser seleccionada en cada sorteo, independientemente de cu\u00e1ndo fue extra\u00edda por \u00faltima vez. Si bien el an\u00e1lisis estad\u00edstico de los resultados pasados puede revelar patrones y frecuencias interesantes, estos patrones no pueden predecir de forma fiable los resultados futuros. La naturaleza aleatoria de los sorteos de loter\u00eda significa que cualquier combinaci\u00f3n de n\u00fameros tiene la misma probabilidad de ganar que cualquier otra, ya sea una secuencia como 1-2-3-4-5 o una mezcla de n\u00fameros aparentemente aleatoria. <strong>El mejor enfoque es <a href=\"https:\/\/lottomat.com\/es\/jugar\/jugar-a-mega-millions-en-linea\/\">jugar a Mega Millions en l\u00ednea<\/a> de forma responsable y recordar que los juegos de loter\u00eda est\u00e1n dise\u00f1ados para ser juegos de azar, no de habilidad ni de predicci\u00f3n<\/strong>.<\/p>\n","protected":false},"excerpt":{"rendered":"<p>Se compran los boletos de la loter\u00eda Mega Millions, se eligen los n\u00fameros ganadores de Mega Millions, y t\u00fa te dedicas a so\u00f1ar con planes maravillosos que se har\u00e1n realidad en cuanto te unas al selecto grupo de los millonarios. No hay nada malo en ello, todos tenemos nuestros sue\u00f1os. Es muy probable que los [&hellip;]<\/p>\n","protected":false},"author":1,"featured_media":0,"parent":7626,"menu_order":2,"comment_status":"closed","ping_status":"closed","template":"megamillion-results.php","meta":{"_et_pb_use_builder":"","_et_pb_old_content":"","_et_gb_content_width":"","exclude_from_search":false,"footnotes":""},"class_list":["post-237858","page","type-page","status-publish","hentry"],"yoast_head":"<!-- This site is optimized with the Yoast SEO plugin v23.8 - https:\/\/yoast.com\/wordpress\/plugins\/seo\/ -->\n<title>Resultados de Mega Millions y N\u00fameros Ganadores - Lottomat<\/title>\n<meta name=\"description\" content=\"Consulta aqu\u00ed los \u00faltimos resultados de Mega Millions y los n\u00fameros ganadores. Comprueba qu\u00e9 n\u00fameros salieron en el sorteo m\u00e1s reciente de Mega Millions.\" \/>\n<meta name=\"robots\" content=\"index, follow, max-snippet:-1, max-image-preview:large, max-video-preview:-1\" \/>\n<link rel=\"canonical\" href=\"https:\/\/lottomat.com\/es\/resultados\/resultados-de-mega-millions\/\" \/>\n<meta property=\"og:locale\" content=\"es_ES\" \/>\n<meta property=\"og:type\" content=\"article\" \/>\n<meta property=\"og:title\" content=\"Resultados de Mega Millions y N\u00fameros Ganadores - Lottomat\" \/>\n<meta property=\"og:description\" content=\"Consulta aqu\u00ed los \u00faltimos resultados de Mega Millions y los n\u00fameros ganadores. Comprueba qu\u00e9 n\u00fameros salieron en el sorteo m\u00e1s reciente de Mega Millions.\" \/>\n<meta property=\"og:url\" content=\"https:\/\/lottomat.com\/es\/resultados\/resultados-de-mega-millions\/\" \/>\n<meta property=\"og:site_name\" content=\"Lottomat\" \/>\n<meta property=\"article:modified_time\" content=\"2026-02-17T08:23:07+00:00\" \/>\n<meta property=\"og:image\" content=\"https:\/\/lottomat.com\/wp-content\/uploads\/2025\/10\/Mega-Millions-winning-numbers.webp\" \/>\n<meta name=\"twitter:card\" content=\"summary_large_image\" \/>\n<meta name=\"twitter:label1\" content=\"Tiempo de lectura\" \/>\n\t<meta name=\"twitter:data1\" content=\"6 minutos\" \/>\n<script type=\"application\/ld+json\" class=\"yoast-schema-graph\">{\"@context\":\"https:\/\/schema.org\",\"@graph\":[{\"@type\":\"WebPage\",\"@id\":\"https:\/\/lottomat.com\/es\/resultados\/resultados-de-mega-millions\/\",\"url\":\"https:\/\/lottomat.com\/es\/resultados\/resultados-de-mega-millions\/\",\"name\":\"Resultados de Mega Millions y N\u00fameros Ganadores - Lottomat\",\"isPartOf\":{\"@id\":\"https:\/\/lottomat.com\/es\/#website\"},\"primaryImageOfPage\":{\"@id\":\"https:\/\/lottomat.com\/es\/resultados\/resultados-de-mega-millions\/#primaryimage\"},\"image\":{\"@id\":\"https:\/\/lottomat.com\/es\/resultados\/resultados-de-mega-millions\/#primaryimage\"},\"thumbnailUrl\":\"https:\/\/lottomat.com\/wp-content\/uploads\/2025\/10\/Mega-Millions-winning-numbers.webp\",\"datePublished\":\"2025-04-07T19:24:29+00:00\",\"dateModified\":\"2026-02-17T08:23:07+00:00\",\"description\":\"Consulta aqu\u00ed los \u00faltimos resultados de Mega Millions y los n\u00fameros ganadores. Comprueba qu\u00e9 n\u00fameros salieron en el sorteo m\u00e1s reciente de Mega Millions.\",\"breadcrumb\":{\"@id\":\"https:\/\/lottomat.com\/es\/resultados\/resultados-de-mega-millions\/#breadcrumb\"},\"inLanguage\":\"es\",\"potentialAction\":[{\"@type\":\"ReadAction\",\"target\":[\"https:\/\/lottomat.com\/es\/resultados\/resultados-de-mega-millions\/\"]}]},{\"@type\":\"ImageObject\",\"inLanguage\":\"es\",\"@id\":\"https:\/\/lottomat.com\/es\/resultados\/resultados-de-mega-millions\/#primaryimage\",\"url\":\"https:\/\/lottomat.com\/wp-content\/uploads\/2025\/10\/Mega-Millions-winning-numbers.webp\",\"contentUrl\":\"https:\/\/lottomat.com\/wp-content\/uploads\/2025\/10\/Mega-Millions-winning-numbers.webp\"},{\"@type\":\"BreadcrumbList\",\"@id\":\"https:\/\/lottomat.com\/es\/resultados\/resultados-de-mega-millions\/#breadcrumb\",\"itemListElement\":[{\"@type\":\"ListItem\",\"position\":1,\"name\":\"Home\",\"item\":\"https:\/\/lottomat.com\/es\/\"},{\"@type\":\"ListItem\",\"position\":2,\"name\":\"Los \u00daltimos Resultados de Loter\u00eda y N\u00fameros Ganadores\",\"item\":\"https:\/\/lottomat.com\/es\/resultados\/\"},{\"@type\":\"ListItem\",\"position\":3,\"name\":\"Resultados de Mega Millions y N\u00fameros Ganadores\"}]},{\"@type\":\"WebSite\",\"@id\":\"https:\/\/lottomat.com\/es\/#website\",\"url\":\"https:\/\/lottomat.com\/es\/\",\"name\":\"Lottomat\",\"description\":\"\",\"potentialAction\":[{\"@type\":\"SearchAction\",\"target\":{\"@type\":\"EntryPoint\",\"urlTemplate\":\"https:\/\/lottomat.com\/es\/?s={search_term_string}\"},\"query-input\":{\"@type\":\"PropertyValueSpecification\",\"valueRequired\":true,\"valueName\":\"search_term_string\"}}],\"inLanguage\":\"es\"}]}<\/script>\n<!-- \/ Yoast SEO plugin. -->","yoast_head_json":{"title":"Resultados de Mega Millions y N\u00fameros Ganadores - Lottomat","description":"Consulta aqu\u00ed los \u00faltimos resultados de Mega Millions y los n\u00fameros ganadores. Comprueba qu\u00e9 n\u00fameros salieron en el sorteo m\u00e1s reciente de Mega Millions.","robots":{"index":"index","follow":"follow","max-snippet":"max-snippet:-1","max-image-preview":"max-image-preview:large","max-video-preview":"max-video-preview:-1"},"canonical":"https:\/\/lottomat.com\/es\/resultados\/resultados-de-mega-millions\/","og_locale":"es_ES","og_type":"article","og_title":"Resultados de Mega Millions y N\u00fameros Ganadores - Lottomat","og_description":"Consulta aqu\u00ed los \u00faltimos resultados de Mega Millions y los n\u00fameros ganadores. Comprueba qu\u00e9 n\u00fameros salieron en el sorteo m\u00e1s reciente de Mega Millions.","og_url":"https:\/\/lottomat.com\/es\/resultados\/resultados-de-mega-millions\/","og_site_name":"Lottomat","article_modified_time":"2026-02-17T08:23:07+00:00","og_image":[{"url":"https:\/\/lottomat.com\/wp-content\/uploads\/2025\/10\/Mega-Millions-winning-numbers.webp"}],"twitter_card":"summary_large_image","twitter_misc":{"Tiempo de lectura":"6 minutos"},"schema":{"@context":"https:\/\/schema.org","@graph":[{"@type":"WebPage","@id":"https:\/\/lottomat.com\/es\/resultados\/resultados-de-mega-millions\/","url":"https:\/\/lottomat.com\/es\/resultados\/resultados-de-mega-millions\/","name":"Resultados de Mega Millions y N\u00fameros Ganadores - Lottomat","isPartOf":{"@id":"https:\/\/lottomat.com\/es\/#website"},"primaryImageOfPage":{"@id":"https:\/\/lottomat.com\/es\/resultados\/resultados-de-mega-millions\/#primaryimage"},"image":{"@id":"https:\/\/lottomat.com\/es\/resultados\/resultados-de-mega-millions\/#primaryimage"},"thumbnailUrl":"https:\/\/lottomat.com\/wp-content\/uploads\/2025\/10\/Mega-Millions-winning-numbers.webp","datePublished":"2025-04-07T19:24:29+00:00","dateModified":"2026-02-17T08:23:07+00:00","description":"Consulta aqu\u00ed los \u00faltimos resultados de Mega Millions y los n\u00fameros ganadores. Comprueba qu\u00e9 n\u00fameros salieron en el sorteo m\u00e1s reciente de Mega Millions.","breadcrumb":{"@id":"https:\/\/lottomat.com\/es\/resultados\/resultados-de-mega-millions\/#breadcrumb"},"inLanguage":"es","potentialAction":[{"@type":"ReadAction","target":["https:\/\/lottomat.com\/es\/resultados\/resultados-de-mega-millions\/"]}]},{"@type":"ImageObject","inLanguage":"es","@id":"https:\/\/lottomat.com\/es\/resultados\/resultados-de-mega-millions\/#primaryimage","url":"https:\/\/lottomat.com\/wp-content\/uploads\/2025\/10\/Mega-Millions-winning-numbers.webp","contentUrl":"https:\/\/lottomat.com\/wp-content\/uploads\/2025\/10\/Mega-Millions-winning-numbers.webp"},{"@type":"BreadcrumbList","@id":"https:\/\/lottomat.com\/es\/resultados\/resultados-de-mega-millions\/#breadcrumb","itemListElement":[{"@type":"ListItem","position":1,"name":"Home","item":"https:\/\/lottomat.com\/es\/"},{"@type":"ListItem","position":2,"name":"Los \u00daltimos Resultados de Loter\u00eda y N\u00fameros Ganadores","item":"https:\/\/lottomat.com\/es\/resultados\/"},{"@type":"ListItem","position":3,"name":"Resultados de Mega Millions y N\u00fameros Ganadores"}]},{"@type":"WebSite","@id":"https:\/\/lottomat.com\/es\/#website","url":"https:\/\/lottomat.com\/es\/","name":"Lottomat","description":"","potentialAction":[{"@type":"SearchAction","target":{"@type":"EntryPoint","urlTemplate":"https:\/\/lottomat.com\/es\/?s={search_term_string}"},"query-input":{"@type":"PropertyValueSpecification","valueRequired":true,"valueName":"search_term_string"}}],"inLanguage":"es"}]}},"_links":{"self":[{"href":"https:\/\/lottomat.com\/es\/wp-json\/wp\/v2\/pages\/237858","targetHints":{"allow":["GET"]}}],"collection":[{"href":"https:\/\/lottomat.com\/es\/wp-json\/wp\/v2\/pages"}],"about":[{"href":"https:\/\/lottomat.com\/es\/wp-json\/wp\/v2\/types\/page"}],"author":[{"embeddable":true,"href":"https:\/\/lottomat.com\/es\/wp-json\/wp\/v2\/users\/1"}],"replies":[{"embeddable":true,"href":"https:\/\/lottomat.com\/es\/wp-json\/wp\/v2\/comments?post=237858"}],"version-history":[{"count":3,"href":"https:\/\/lottomat.com\/es\/wp-json\/wp\/v2\/pages\/237858\/revisions"}],"predecessor-version":[{"id":271274,"href":"https:\/\/lottomat.com\/es\/wp-json\/wp\/v2\/pages\/237858\/revisions\/271274"}],"up":[{"embeddable":true,"href":"https:\/\/lottomat.com\/es\/wp-json\/wp\/v2\/pages\/7626"}],"wp:attachment":[{"href":"https:\/\/lottomat.com\/es\/wp-json\/wp\/v2\/media?parent=237858"}],"curies":[{"name":"wp","href":"https:\/\/api.w.org\/{rel}","templated":true}]}}