{"id":237704,"date":"2025-04-07T19:23:03","date_gmt":"2025-04-07T19:23:03","guid":{"rendered":"https:\/\/lottomat.net\/resultados-de-la-loteria\/resultados-de-powerball\/"},"modified":"2026-02-17T12:45:39","modified_gmt":"2026-02-17T12:45:39","slug":"resultados-de-powerball","status":"publish","type":"page","link":"https:\/\/lottomat.com\/es\/resultados\/resultados-de-powerball\/","title":{"rendered":"Resultados de Powerball y n\u00fameros ganadores"},"content":{"rendered":"\n\n<div class=\"kk-star-ratings kksr-auto kksr-align-left kksr-valign-top\"\n    data-payload='{&quot;align&quot;:&quot;left&quot;,&quot;id&quot;:&quot;237704&quot;,&quot;slug&quot;:&quot;default&quot;,&quot;valign&quot;:&quot;top&quot;,&quot;ignore&quot;:&quot;&quot;,&quot;reference&quot;:&quot;auto&quot;,&quot;class&quot;:&quot;&quot;,&quot;count&quot;:&quot;0&quot;,&quot;legendonly&quot;:&quot;&quot;,&quot;readonly&quot;:&quot;&quot;,&quot;score&quot;:&quot;0&quot;,&quot;starsonly&quot;:&quot;&quot;,&quot;best&quot;:&quot;5&quot;,&quot;gap&quot;:&quot;5&quot;,&quot;greet&quot;:&quot;Rate this page&quot;,&quot;legend&quot;:&quot;0\\\/5 - (0 votos)&quot;,&quot;size&quot;:&quot;30&quot;,&quot;title&quot;:&quot;Resultados de Powerball y n\u00fameros ganadores&quot;,&quot;width&quot;:&quot;0&quot;,&quot;_legend&quot;:&quot;{score}\\\/{best} - ({count} {votes})&quot;,&quot;font_factor&quot;:&quot;1.25&quot;}'>\n            \n<div class=\"kksr-stars\">\n    \n<div class=\"kksr-stars-inactive\">\n            <div class=\"kksr-star\" data-star=\"1\" style=\"padding-right: 5px\">\n            \n\n<div class=\"kksr-icon\" style=\"width: 30px; height: 30px;\"><\/div>\n        <\/div>\n            <div class=\"kksr-star\" data-star=\"2\" style=\"padding-right: 5px\">\n            \n\n<div class=\"kksr-icon\" style=\"width: 30px; height: 30px;\"><\/div>\n        <\/div>\n            <div class=\"kksr-star\" data-star=\"3\" style=\"padding-right: 5px\">\n            \n\n<div class=\"kksr-icon\" style=\"width: 30px; height: 30px;\"><\/div>\n        <\/div>\n            <div class=\"kksr-star\" data-star=\"4\" style=\"padding-right: 5px\">\n            \n\n<div class=\"kksr-icon\" style=\"width: 30px; height: 30px;\"><\/div>\n        <\/div>\n            <div class=\"kksr-star\" data-star=\"5\" style=\"padding-right: 5px\">\n            \n\n<div class=\"kksr-icon\" style=\"width: 30px; height: 30px;\"><\/div>\n        <\/div>\n    <\/div>\n    \n<div class=\"kksr-stars-active\" style=\"width: 0px;\">\n            <div class=\"kksr-star\" style=\"padding-right: 5px\">\n            \n\n<div class=\"kksr-icon\" style=\"width: 30px; height: 30px;\"><\/div>\n        <\/div>\n            <div class=\"kksr-star\" style=\"padding-right: 5px\">\n            \n\n<div class=\"kksr-icon\" style=\"width: 30px; height: 30px;\"><\/div>\n        <\/div>\n            <div class=\"kksr-star\" style=\"padding-right: 5px\">\n            \n\n<div class=\"kksr-icon\" style=\"width: 30px; height: 30px;\"><\/div>\n        <\/div>\n            <div class=\"kksr-star\" style=\"padding-right: 5px\">\n            \n\n<div class=\"kksr-icon\" style=\"width: 30px; height: 30px;\"><\/div>\n        <\/div>\n            <div class=\"kksr-star\" style=\"padding-right: 5px\">\n            \n\n<div class=\"kksr-icon\" style=\"width: 30px; height: 30px;\"><\/div>\n        <\/div>\n    <\/div>\n<\/div>\n                \n\n<div class=\"kksr-legend\" style=\"font-size: 24px;\">\n            <span class=\"kksr-muted\">Rate this page<\/span>\n    <\/div>\n    <\/div>\n<p>Tras comprar los boletos, elegir los cinco n\u00fameros principales y un n\u00famero bono de Powerball, lo \u00fanico que te queda por hacer es esperar con paciencia los resultados del sorteo, que aparecer\u00e1n a la velocidad del rayo en el <a href=\"https:\/\/lottomat.com\/es\/\"><strong>sitio web de Lottomat<\/strong><\/a>. Toda la informaci\u00f3n que publicamos sobre los n\u00fameros sorteados proviene directamente del organizador del sorteo, para que puedas tener la certeza de que los <strong>resultados de Powerball son 100% coherentes con el sorteo<\/strong>.<img loading=\"lazy\" decoding=\"async\" class=\"alignleft wp-image-252294\" src=\"https:\/\/lottomat.com\/wp-content\/uploads\/2025\/10\/jackpot-and-prizes-300x300.webp\" alt=\"bote y premios\" width=\"200\" height=\"200\" srcset=\"https:\/\/lottomat.com\/wp-content\/uploads\/2025\/10\/jackpot-and-prizes-300x300.webp 300w, https:\/\/lottomat.com\/wp-content\/uploads\/2025\/10\/jackpot-and-prizes-150x150.webp 150w, https:\/\/lottomat.com\/wp-content\/uploads\/2025\/10\/jackpot-and-prizes-100x100.webp 100w, https:\/\/lottomat.com\/wp-content\/uploads\/2025\/10\/jackpot-and-prizes.webp 400w\" sizes=\"auto, (max-width: 200px) 100vw, 200px\" \/><\/p>\n<h2>\u00bfC\u00f3mo consultar los resultados actuales de Powerball?<\/h2>\n<p>En el sitio web de Lottomat siempre encontrar\u00e1s los <strong>\u00faltimos resultados de la loter\u00eda Powerball<\/strong>, reci\u00e9n salidos del horno. Actualizamos los resultados de Powerball justo despu\u00e9s del sorteo; proceden de fuentes oficiales, es decir, del organizador de la loter\u00eda, y son <strong>cien por cien fiables<\/strong>. Una vez en la p\u00e1gina de resultados de la loter\u00eda Powerball, debes comparar los n\u00fameros de tu boleto con los que aparecen en la tabla de resultados. Si tu boleto tiene los seis n\u00fameros sorteados, \u00a1enhorabuena, <strong>acabas de convertirte en millonario!<\/strong> Si no es as\u00ed, no te preocupes, ya que Powerball cuenta con hasta <strong>nueve niveles con premios garantizados<\/strong>. Esto significa que no tienes que acertar un \u00abseis\u00bb completo para ganar un premio en met\u00e1lico, \u00a1pero s\u00ed tienes que <a href=\"https:\/\/lottomat.com\/es\/jugar\/jugar-a-powerball-en-linea\/\">comprar un boleto de Powerball en l\u00ednea<\/a>!<\/p>\n<h2>\u00bfC\u00f3mo consultar los resultados de Powe<img loading=\"lazy\" decoding=\"async\" class=\"wp-image-252354 alignright\" src=\"https:\/\/lottomat.com\/wp-content\/uploads\/2025\/10\/Powerball-Numbers-300x300.webp\" alt=\"N\u00fameros de Powerball\" width=\"200\" height=\"200\" srcset=\"https:\/\/lottomat.com\/wp-content\/uploads\/2025\/10\/Powerball-Numbers-300x300.webp 300w, https:\/\/lottomat.com\/wp-content\/uploads\/2025\/10\/Powerball-Numbers-150x150.webp 150w, https:\/\/lottomat.com\/wp-content\/uploads\/2025\/10\/Powerball-Numbers-100x100.webp 100w, https:\/\/lottomat.com\/wp-content\/uploads\/2025\/10\/Powerball-Numbers.webp 400w\" sizes=\"auto, (max-width: 200px) 100vw, 200px\" \/>rball de ayer?<\/h2>\n<p>Tanto si buscas los resultados de hoy, los n\u00fameros de ayer o los sorteos de la semana pasada, encontrar\u00e1s <strong>todos los resultados de Powerball f\u00e1cilmente en Lottomat<\/strong>. Nuestra completa base de datos de resultados te permite acceder a la informaci\u00f3n de cualquier sorteo de forma r\u00e1pida y eficaz. Simplemente navega hasta la secci\u00f3n de resultados y selecciona la fecha espec\u00edfica que deseas consultar. Esta pr\u00e1ctica funci\u00f3n garantiza que <strong>nunca dejes de revisar tus boletos<\/strong>, independientemente de cu\u00e1ndo haya tenido lugar el sorteo.<\/p>\n<h2>\u00bfC\u00f3mo utilizar el historial de resultados archivados de Powerball?<\/h2>\n<p>El sitio web de Lottomat tambi\u00e9n te ofrece los <strong>resultados archivados de los sorteos de Powerball<\/strong>. Si deseas consultarlos, basta con utilizar nuestro calendario de resultados. Lo encontrar\u00e1s a la derecha de los n\u00fameros del sorteo actual. Al desplegar la lista, podr\u00e1s consultar sorteos anteriores con una antig\u00fcedad de hasta <strong>doce meses<\/strong>.<\/p>\n<h3><img loading=\"lazy\" decoding=\"async\" class=\"alignleft wp-image-252324\" src=\"https:\/\/lottomat.com\/wp-content\/uploads\/2025\/10\/Powerball-Draw-300x300.webp\" alt=\"Sorteo de Powerball\" width=\"200\" height=\"200\" srcset=\"https:\/\/lottomat.com\/wp-content\/uploads\/2025\/10\/Powerball-Draw-300x300.webp 300w, https:\/\/lottomat.com\/wp-content\/uploads\/2025\/10\/Powerball-Draw-150x150.webp 150w, https:\/\/lottomat.com\/wp-content\/uploads\/2025\/10\/Powerball-Draw-100x100.webp 100w, https:\/\/lottomat.com\/wp-content\/uploads\/2025\/10\/Powerball-Draw.webp 400w\" sizes=\"auto, (max-width: 200px) 100vw, 200px\" \/>\u00bfCu\u00e1les son las ventajas de consultar el historial de resultados de Powerball?<\/h3>\n<p>\u00bfPara qu\u00e9 necesitas el historial de resultados de los sorteos de loter\u00eda? Para varias cosas, en realidad. En primer lugar, pueden ayudarte a <strong>elaborar tu propia estrategia para elegir n\u00fameros<\/strong> al rellenar futuros boletos, de modo que tus pr\u00f3ximas partidas puedan ser muy exitosas. Tambi\u00e9n puedes <a href=\"https:\/\/lottomat.com\/es\/resultados\/\">utilizar el historial de resultados de loter\u00eda<\/a> para ver qu\u00e9 n\u00fameros se han sorteado m\u00e1s recientemente, cu\u00e1les no han aparecido en semanas, y comprobar lo importante que es elegir n\u00fameros variados de distintos rangos. Hace tiempo que se sabe que no conviene limitarse a la hora de rellenar los boletos. Todos los n\u00fameros del grupo disponible son importantes; sin embargo, muchos jugadores se fijan en un conjunto de n\u00fameros concreto basado en fechas de cumplea\u00f1os, como el mes o el d\u00eda de nacimiento, lo que realmente reduce el rango utilizado y tambi\u00e9n disminuye las posibilidades de ganar la loter\u00eda Powerball. El historial de resultados tambi\u00e9n incluye informaci\u00f3n sobre los \u00faltimos botes acumulados, el valor de los premios y el n\u00famero de ganadores que acertaron el bote de Powerball.<\/p>\n<h2>\u00bfCu\u00e1les son los n\u00fameros m\u00e1s sorteados en Powerball?<\/h2>\n<p>En el sitio web de Lottomat encontrar\u00e1s toda la informaci\u00f3n clave relacionada con las loter\u00edas. No solo los resultados, sino tambi\u00e9n una lista de las reglas de Powerball e informaci\u00f3n de inter\u00e9s, condiciones de uso y una gran cantidad de consejos que facilitar\u00e1n ganar en las loter\u00edas. Hemos preparado para ti una <strong>extensa y \u00fatil gu\u00eda de referencia<\/strong> en la que especificamos qu\u00e9 n\u00fameros han sido sorteados m\u00e1s veces en Powerball y cu\u00e1les menos. Te ayudar\u00e1 a planificar la elecci\u00f3n de n\u00fameros en nuevos boletos, porque las estad\u00edsticas muestran claramente qu\u00e9 n\u00fameros tienden a salir con m\u00e1s frecuencia que otros. Aprov\u00e9chalas y recuerda que el n\u00famero de Powerball se extrae de un rango de n\u00fameros separado, por lo que el mismo n\u00famero puede aparecer tanto entre los n\u00fameros principales como en el Powerball bono. Ya no tendr\u00e1s que buscar y anotar resultados anteriores; lo tienes todo en bandeja de plata. Los <strong>n\u00fameros m\u00e1s sorteados en la loter\u00eda Powerball son: 8, 26, 22, 23 y 36<\/strong>. Crea tu propia estrategia eligiendo los n\u00fameros que m\u00e1s te llamen la atenci\u00f3n, pero aprovecha tambi\u00e9n los que te sugerimos, porque <strong>las estad\u00edsticas nunca mienten<\/strong>.<\/p>\n<h2>\u00bfCu\u00e1les son los n\u00fameros ganadores de Powerball menos sorteados?<img loading=\"lazy\" decoding=\"async\" class=\"alignright wp-image-252384\" src=\"https:\/\/lottomat.com\/wp-content\/uploads\/2025\/10\/Powerball-Results-300x300.webp\" alt=\"Resultados de Powerball\" width=\"200\" height=\"200\" srcset=\"https:\/\/lottomat.com\/wp-content\/uploads\/2025\/10\/Powerball-Results-300x300.webp 300w, https:\/\/lottomat.com\/wp-content\/uploads\/2025\/10\/Powerball-Results-150x150.webp 150w, https:\/\/lottomat.com\/wp-content\/uploads\/2025\/10\/Powerball-Results-100x100.webp 100w, https:\/\/lottomat.com\/wp-content\/uploads\/2025\/10\/Powerball-Results.webp 400w\" sizes=\"auto, (max-width: 200px) 100vw, 200px\" \/><\/h2>\n<p>Conocer qu\u00e9 n\u00fameros aparecen con menos frecuencia en los sorteos de Powerball puede ser tan valioso como saber cu\u00e1les son los m\u00e1s sorteados. El an\u00e1lisis estad\u00edstico revela que ciertos n\u00fameros han estado <strong>consistentemente infrarrepresentados en sorteos anteriores<\/strong>. Los n\u00fameros menos sorteados son el 15, 51, 37, 47, 12, 4 y 24. Algunos jugadores creen que estos n\u00fameros \u00abfr\u00edos\u00bb est\u00e1n a punto de regresar e los incorporan a su estrategia de selecci\u00f3n. Aunque los resultados pasados no garantizan resultados futuros, analizar estos patrones puede ayudarte a tomar decisiones m\u00e1s informadas a la hora de elegir tus n\u00fameros de Powerball para los pr\u00f3ximos sorteos.<\/p>\n<h2>\u00bfCu\u00e1ntos jugadores ganaron y cu\u00e1nto en el \u00faltimo sorteo de Powerball?<\/h2>\n<p>Cada sorteo de Powerball genera <strong>miles de ganadores en todos los niveles de premios<\/strong>, lo que lo convierte en una de las loter\u00edas m\u00e1s generosas del mundo. La distribuci\u00f3n de premios suele incluir un ganador del bote o varios ganadores que comparten el premio principal, varios millonarios que acertaron los cinco n\u00fameros principales, y cientos de miles de ganadores de premios menores. Los importes de los premios var\u00edan en funci\u00f3n del n\u00famero de ganadores en cada categor\u00eda y de la venta total de boletos para ese sorteo. Encontrar\u00e1s <strong>desgloses detallados del n\u00famero de ganadores e importes de los premios<\/strong> por cada nivel inmediatamente despu\u00e9s de cada sorteo en el sitio web de Lottomat. Esta informaci\u00f3n te ayuda a comprender las probabilidades y los posibles beneficios para las diferentes combinaciones ganadoras. Si deseas saber m\u00e1s sobre los premios del pr\u00f3ximo sorteo, <a href=\"https:\/\/lottomat.com\/es\/informacion\/informacion-de-powerball\/\">lee sobre los premios y el bote de Powerball<\/a>.<\/p>\n<h2><img loading=\"lazy\" decoding=\"async\" class=\"alignleft wp-image-252414\" src=\"https:\/\/lottomat.com\/wp-content\/uploads\/2025\/10\/Powerball-Winning-Numbers-300x300.webp\" alt=\"N\u00fameros ganadores de Powerball\" width=\"200\" height=\"200\" srcset=\"https:\/\/lottomat.com\/wp-content\/uploads\/2025\/10\/Powerball-Winning-Numbers-300x300.webp 300w, https:\/\/lottomat.com\/wp-content\/uploads\/2025\/10\/Powerball-Winning-Numbers-150x150.webp 150w, https:\/\/lottomat.com\/wp-content\/uploads\/2025\/10\/Powerball-Winning-Numbers-100x100.webp 100w, https:\/\/lottomat.com\/wp-content\/uploads\/2025\/10\/Powerball-Winning-Numbers.webp 400w\" sizes=\"auto, (max-width: 200px) 100vw, 200px\" \/><\/h2>\n<h2>\u00bfC\u00f3mo predecir los resultados y los n\u00fameros ganadores de Powerball?<\/h2>\n<p>Aunque Powerball es un juego de azar y <strong>ning\u00fan m\u00e9todo puede garantizar los n\u00fameros ganadores<\/strong>, muchos jugadores utilizan diversas estrategias para mejorar su proceso de selecci\u00f3n. Algunos analizan tablas de frecuencia para identificar n\u00fameros calientes y fr\u00edos, mientras que otros recurren a sistemas matem\u00e1ticos como el m\u00e9todo de la rueda o el an\u00e1lisis de n\u00fameros delta. Los generadores de n\u00fameros aleatorios pueden ayudar a eliminar el sesgo humano en la selecci\u00f3n de n\u00fameros. Recuerda que cada sorteo es independiente y que cada combinaci\u00f3n de n\u00fameros tiene las mismas posibilidades de ser sorteada. La clave est\u00e1 en <strong>jugar de forma constante con los n\u00fameros en los que conf\u00edes<\/strong>, ya sea bas\u00e1ndote en an\u00e1lisis estad\u00edsticos, en significados personales o en la pura intuici\u00f3n. Lo m\u00e1s importante es jugar siempre de forma responsable y dentro de tus l\u00edmites presupuestarios. Ahora ya sabes si es posible predecir los resultados de Powerball. Una cosa es segura: para ganar, hay que jugar. As\u00ed que <a href=\"https:\/\/lottomat.com\/es\/jugar\/\">compra un boleto para cualquier loter\u00eda<\/a> y espera los resultados que te har\u00e1n feliz.<\/p>\n","protected":false},"excerpt":{"rendered":"<p>Tras comprar los boletos, elegir los cinco n\u00fameros principales y un n\u00famero bono de Powerball, lo \u00fanico que te queda por hacer es esperar con paciencia los resultados del sorteo, que aparecer\u00e1n a la velocidad del rayo en el sitio web de Lottomat. Toda la informaci\u00f3n que publicamos sobre los n\u00fameros sorteados proviene directamente del [&hellip;]<\/p>\n","protected":false},"author":1,"featured_media":0,"parent":7626,"menu_order":1,"comment_status":"closed","ping_status":"closed","template":"powerball-usa-results.php","meta":{"_et_pb_use_builder":"","_et_pb_old_content":"","_et_gb_content_width":"","exclude_from_search":false,"footnotes":""},"class_list":["post-237704","page","type-page","status-publish","hentry"],"yoast_head":"<!-- This site is optimized with the Yoast SEO plugin v23.8 - https:\/\/yoast.com\/wordpress\/plugins\/seo\/ -->\n<title>Resultados de Powerball y n\u00fameros ganadores - LottoMat<\/title>\n<meta name=\"description\" content=\"Consulta los \u00faltimos resultados de Powerball y los n\u00fameros ganadores en Lottomat. \u00a1Compara tus n\u00fameros con los resultados oficiales del sorteo para saber si has ganado!\" \/>\n<meta name=\"robots\" content=\"index, follow, max-snippet:-1, max-image-preview:large, max-video-preview:-1\" \/>\n<link rel=\"canonical\" href=\"https:\/\/lottomat.com\/es\/resultados\/resultados-de-powerball\/\" \/>\n<meta property=\"og:locale\" content=\"es_ES\" \/>\n<meta property=\"og:type\" content=\"article\" \/>\n<meta property=\"og:title\" content=\"Resultados de Powerball y n\u00fameros ganadores - LottoMat\" \/>\n<meta property=\"og:description\" content=\"Consulta los \u00faltimos resultados de Powerball y los n\u00fameros ganadores en Lottomat. \u00a1Compara tus n\u00fameros con los resultados oficiales del sorteo para saber si has ganado!\" \/>\n<meta property=\"og:url\" content=\"https:\/\/lottomat.com\/es\/resultados\/resultados-de-powerball\/\" \/>\n<meta property=\"og:site_name\" content=\"Lottomat\" \/>\n<meta property=\"article:modified_time\" content=\"2026-02-17T12:45:39+00:00\" \/>\n<meta property=\"og:image\" content=\"https:\/\/lottomat.com\/wp-content\/uploads\/2025\/10\/jackpot-and-prizes-300x300.webp\" \/>\n<meta name=\"twitter:card\" content=\"summary_large_image\" \/>\n<meta name=\"twitter:label1\" content=\"Tiempo de lectura\" \/>\n\t<meta name=\"twitter:data1\" content=\"7 minutos\" \/>\n<script type=\"application\/ld+json\" class=\"yoast-schema-graph\">{\"@context\":\"https:\/\/schema.org\",\"@graph\":[{\"@type\":\"WebPage\",\"@id\":\"https:\/\/lottomat.com\/es\/resultados\/resultados-de-powerball\/\",\"url\":\"https:\/\/lottomat.com\/es\/resultados\/resultados-de-powerball\/\",\"name\":\"Resultados de Powerball y n\u00fameros ganadores - LottoMat\",\"isPartOf\":{\"@id\":\"https:\/\/lottomat.com\/es\/#website\"},\"primaryImageOfPage\":{\"@id\":\"https:\/\/lottomat.com\/es\/resultados\/resultados-de-powerball\/#primaryimage\"},\"image\":{\"@id\":\"https:\/\/lottomat.com\/es\/resultados\/resultados-de-powerball\/#primaryimage\"},\"thumbnailUrl\":\"https:\/\/lottomat.com\/wp-content\/uploads\/2025\/10\/jackpot-and-prizes-300x300.webp\",\"datePublished\":\"2025-04-07T19:23:03+00:00\",\"dateModified\":\"2026-02-17T12:45:39+00:00\",\"description\":\"Consulta los \u00faltimos resultados de Powerball y los n\u00fameros ganadores en Lottomat. \u00a1Compara tus n\u00fameros con los resultados oficiales del sorteo para saber si has ganado!\",\"breadcrumb\":{\"@id\":\"https:\/\/lottomat.com\/es\/resultados\/resultados-de-powerball\/#breadcrumb\"},\"inLanguage\":\"es\",\"potentialAction\":[{\"@type\":\"ReadAction\",\"target\":[\"https:\/\/lottomat.com\/es\/resultados\/resultados-de-powerball\/\"]}]},{\"@type\":\"ImageObject\",\"inLanguage\":\"es\",\"@id\":\"https:\/\/lottomat.com\/es\/resultados\/resultados-de-powerball\/#primaryimage\",\"url\":\"https:\/\/lottomat.com\/wp-content\/uploads\/2025\/10\/jackpot-and-prizes-300x300.webp\",\"contentUrl\":\"https:\/\/lottomat.com\/wp-content\/uploads\/2025\/10\/jackpot-and-prizes-300x300.webp\"},{\"@type\":\"BreadcrumbList\",\"@id\":\"https:\/\/lottomat.com\/es\/resultados\/resultados-de-powerball\/#breadcrumb\",\"itemListElement\":[{\"@type\":\"ListItem\",\"position\":1,\"name\":\"Home\",\"item\":\"https:\/\/lottomat.com\/es\/\"},{\"@type\":\"ListItem\",\"position\":2,\"name\":\"Los \u00daltimos Resultados de Loter\u00eda y N\u00fameros Ganadores\",\"item\":\"https:\/\/lottomat.com\/es\/resultados\/\"},{\"@type\":\"ListItem\",\"position\":3,\"name\":\"Resultados de Powerball y n\u00fameros ganadores\"}]},{\"@type\":\"WebSite\",\"@id\":\"https:\/\/lottomat.com\/es\/#website\",\"url\":\"https:\/\/lottomat.com\/es\/\",\"name\":\"Lottomat\",\"description\":\"\",\"potentialAction\":[{\"@type\":\"SearchAction\",\"target\":{\"@type\":\"EntryPoint\",\"urlTemplate\":\"https:\/\/lottomat.com\/es\/?s={search_term_string}\"},\"query-input\":{\"@type\":\"PropertyValueSpecification\",\"valueRequired\":true,\"valueName\":\"search_term_string\"}}],\"inLanguage\":\"es\"}]}<\/script>\n<!-- \/ Yoast SEO plugin. -->","yoast_head_json":{"title":"Resultados de Powerball y n\u00fameros ganadores - LottoMat","description":"Consulta los \u00faltimos resultados de Powerball y los n\u00fameros ganadores en Lottomat. \u00a1Compara tus n\u00fameros con los resultados oficiales del sorteo para saber si has ganado!","robots":{"index":"index","follow":"follow","max-snippet":"max-snippet:-1","max-image-preview":"max-image-preview:large","max-video-preview":"max-video-preview:-1"},"canonical":"https:\/\/lottomat.com\/es\/resultados\/resultados-de-powerball\/","og_locale":"es_ES","og_type":"article","og_title":"Resultados de Powerball y n\u00fameros ganadores - LottoMat","og_description":"Consulta los \u00faltimos resultados de Powerball y los n\u00fameros ganadores en Lottomat. \u00a1Compara tus n\u00fameros con los resultados oficiales del sorteo para saber si has ganado!","og_url":"https:\/\/lottomat.com\/es\/resultados\/resultados-de-powerball\/","og_site_name":"Lottomat","article_modified_time":"2026-02-17T12:45:39+00:00","og_image":[{"url":"https:\/\/lottomat.com\/wp-content\/uploads\/2025\/10\/jackpot-and-prizes-300x300.webp"}],"twitter_card":"summary_large_image","twitter_misc":{"Tiempo de lectura":"7 minutos"},"schema":{"@context":"https:\/\/schema.org","@graph":[{"@type":"WebPage","@id":"https:\/\/lottomat.com\/es\/resultados\/resultados-de-powerball\/","url":"https:\/\/lottomat.com\/es\/resultados\/resultados-de-powerball\/","name":"Resultados de Powerball y n\u00fameros ganadores - LottoMat","isPartOf":{"@id":"https:\/\/lottomat.com\/es\/#website"},"primaryImageOfPage":{"@id":"https:\/\/lottomat.com\/es\/resultados\/resultados-de-powerball\/#primaryimage"},"image":{"@id":"https:\/\/lottomat.com\/es\/resultados\/resultados-de-powerball\/#primaryimage"},"thumbnailUrl":"https:\/\/lottomat.com\/wp-content\/uploads\/2025\/10\/jackpot-and-prizes-300x300.webp","datePublished":"2025-04-07T19:23:03+00:00","dateModified":"2026-02-17T12:45:39+00:00","description":"Consulta los \u00faltimos resultados de Powerball y los n\u00fameros ganadores en Lottomat. \u00a1Compara tus n\u00fameros con los resultados oficiales del sorteo para saber si has ganado!","breadcrumb":{"@id":"https:\/\/lottomat.com\/es\/resultados\/resultados-de-powerball\/#breadcrumb"},"inLanguage":"es","potentialAction":[{"@type":"ReadAction","target":["https:\/\/lottomat.com\/es\/resultados\/resultados-de-powerball\/"]}]},{"@type":"ImageObject","inLanguage":"es","@id":"https:\/\/lottomat.com\/es\/resultados\/resultados-de-powerball\/#primaryimage","url":"https:\/\/lottomat.com\/wp-content\/uploads\/2025\/10\/jackpot-and-prizes-300x300.webp","contentUrl":"https:\/\/lottomat.com\/wp-content\/uploads\/2025\/10\/jackpot-and-prizes-300x300.webp"},{"@type":"BreadcrumbList","@id":"https:\/\/lottomat.com\/es\/resultados\/resultados-de-powerball\/#breadcrumb","itemListElement":[{"@type":"ListItem","position":1,"name":"Home","item":"https:\/\/lottomat.com\/es\/"},{"@type":"ListItem","position":2,"name":"Los \u00daltimos Resultados de Loter\u00eda y N\u00fameros Ganadores","item":"https:\/\/lottomat.com\/es\/resultados\/"},{"@type":"ListItem","position":3,"name":"Resultados de Powerball y n\u00fameros ganadores"}]},{"@type":"WebSite","@id":"https:\/\/lottomat.com\/es\/#website","url":"https:\/\/lottomat.com\/es\/","name":"Lottomat","description":"","potentialAction":[{"@type":"SearchAction","target":{"@type":"EntryPoint","urlTemplate":"https:\/\/lottomat.com\/es\/?s={search_term_string}"},"query-input":{"@type":"PropertyValueSpecification","valueRequired":true,"valueName":"search_term_string"}}],"inLanguage":"es"}]}},"_links":{"self":[{"href":"https:\/\/lottomat.com\/es\/wp-json\/wp\/v2\/pages\/237704","targetHints":{"allow":["GET"]}}],"collection":[{"href":"https:\/\/lottomat.com\/es\/wp-json\/wp\/v2\/pages"}],"about":[{"href":"https:\/\/lottomat.com\/es\/wp-json\/wp\/v2\/types\/page"}],"author":[{"embeddable":true,"href":"https:\/\/lottomat.com\/es\/wp-json\/wp\/v2\/users\/1"}],"replies":[{"embeddable":true,"href":"https:\/\/lottomat.com\/es\/wp-json\/wp\/v2\/comments?post=237704"}],"version-history":[{"count":2,"href":"https:\/\/lottomat.com\/es\/wp-json\/wp\/v2\/pages\/237704\/revisions"}],"predecessor-version":[{"id":271290,"href":"https:\/\/lottomat.com\/es\/wp-json\/wp\/v2\/pages\/237704\/revisions\/271290"}],"up":[{"embeddable":true,"href":"https:\/\/lottomat.com\/es\/wp-json\/wp\/v2\/pages\/7626"}],"wp:attachment":[{"href":"https:\/\/lottomat.com\/es\/wp-json\/wp\/v2\/media?parent=237704"}],"curies":[{"name":"wp","href":"https:\/\/api.w.org\/{rel}","templated":true}]}}