{"id":236459,"date":"2025-04-07T12:42:09","date_gmt":"2025-04-07T12:42:09","guid":{"rendered":"https:\/\/lottomat.net\/informacion-sobre-eurojackpot\/"},"modified":"2026-02-17T13:00:54","modified_gmt":"2026-02-17T13:00:54","slug":"informacion-sobre-eurojackpot","status":"publish","type":"page","link":"https:\/\/lottomat.com\/es\/loterias\/informacion-sobre-eurojackpot\/","title":{"rendered":"Reglas, premios y jackpot de Eurojackpot"},"content":{"rendered":"\n\n<div class=\"kk-star-ratings kksr-auto kksr-align-left kksr-valign-top\"\n    data-payload='{&quot;align&quot;:&quot;left&quot;,&quot;id&quot;:&quot;236459&quot;,&quot;slug&quot;:&quot;default&quot;,&quot;valign&quot;:&quot;top&quot;,&quot;ignore&quot;:&quot;&quot;,&quot;reference&quot;:&quot;auto&quot;,&quot;class&quot;:&quot;&quot;,&quot;count&quot;:&quot;0&quot;,&quot;legendonly&quot;:&quot;&quot;,&quot;readonly&quot;:&quot;&quot;,&quot;score&quot;:&quot;0&quot;,&quot;starsonly&quot;:&quot;&quot;,&quot;best&quot;:&quot;5&quot;,&quot;gap&quot;:&quot;5&quot;,&quot;greet&quot;:&quot;Rate this page&quot;,&quot;legend&quot;:&quot;0\\\/5 - (0 votos)&quot;,&quot;size&quot;:&quot;30&quot;,&quot;title&quot;:&quot;Reglas, premios y jackpot de Eurojackpot&quot;,&quot;width&quot;:&quot;0&quot;,&quot;_legend&quot;:&quot;{score}\\\/{best} - ({count} {votes})&quot;,&quot;font_factor&quot;:&quot;1.25&quot;}'>\n            \n<div class=\"kksr-stars\">\n    \n<div class=\"kksr-stars-inactive\">\n            <div class=\"kksr-star\" data-star=\"1\" style=\"padding-right: 5px\">\n            \n\n<div class=\"kksr-icon\" style=\"width: 30px; height: 30px;\"><\/div>\n        <\/div>\n            <div class=\"kksr-star\" data-star=\"2\" style=\"padding-right: 5px\">\n            \n\n<div class=\"kksr-icon\" style=\"width: 30px; height: 30px;\"><\/div>\n        <\/div>\n            <div class=\"kksr-star\" data-star=\"3\" style=\"padding-right: 5px\">\n            \n\n<div class=\"kksr-icon\" style=\"width: 30px; height: 30px;\"><\/div>\n        <\/div>\n            <div class=\"kksr-star\" data-star=\"4\" style=\"padding-right: 5px\">\n            \n\n<div class=\"kksr-icon\" style=\"width: 30px; height: 30px;\"><\/div>\n        <\/div>\n            <div class=\"kksr-star\" data-star=\"5\" style=\"padding-right: 5px\">\n            \n\n<div class=\"kksr-icon\" style=\"width: 30px; height: 30px;\"><\/div>\n        <\/div>\n    <\/div>\n    \n<div class=\"kksr-stars-active\" style=\"width: 0px;\">\n            <div class=\"kksr-star\" style=\"padding-right: 5px\">\n            \n\n<div class=\"kksr-icon\" style=\"width: 30px; height: 30px;\"><\/div>\n        <\/div>\n            <div class=\"kksr-star\" style=\"padding-right: 5px\">\n            \n\n<div class=\"kksr-icon\" style=\"width: 30px; height: 30px;\"><\/div>\n        <\/div>\n            <div class=\"kksr-star\" style=\"padding-right: 5px\">\n            \n\n<div class=\"kksr-icon\" style=\"width: 30px; height: 30px;\"><\/div>\n        <\/div>\n            <div class=\"kksr-star\" style=\"padding-right: 5px\">\n            \n\n<div class=\"kksr-icon\" style=\"width: 30px; height: 30px;\"><\/div>\n        <\/div>\n            <div class=\"kksr-star\" style=\"padding-right: 5px\">\n            \n\n<div class=\"kksr-icon\" style=\"width: 30px; height: 30px;\"><\/div>\n        <\/div>\n    <\/div>\n<\/div>\n                \n\n<div class=\"kksr-legend\" style=\"font-size: 24px;\">\n            <span class=\"kksr-muted\">Rate this page<\/span>\n    <\/div>\n    <\/div>\n<h2>\u00bfC\u00f3mo ganar premios en Eurojackpot?<\/h2>\n<p>\u00bfJugar siempre al mismo juego y apostar por los mismos n\u00fameros? \u00bfO quiz\u00e1s cambiar constantemente de juego y de n\u00fameros? \u00bfElegir un sistema propio o jugar al azar? Hay muchas preguntas, y todo jugador conoce bien esos dilemas. Sin embargo, <strong>lo primero que debemos hacer es aprender las reglas de la loter\u00eda, as\u00ed como conocer los riesgos y las probabilidades de cada juego<\/strong>. Solo entonces podremos decidir con plena consciencia si alguno de ellos merece nuestra atenci\u00f3n y nuestro dinero. Te presentaremos la informaci\u00f3n m\u00e1s importante sobre Eurojackpot y sus incre\u00edbles premios. <strong>No te revelaremos la receta exacta para ganar los premios de Eurojackpot, pero te ayudaremos a entender las reglas del juego y te mostraremos las mayores victorias en la historia de esta loter\u00eda<\/strong>.<\/p>\n<h2>\u00bfQu\u00e9 es la loter\u00eda Eurojackpot?<\/h2>\n<p><strong>Eurojackpot es actualmente el juego de loter\u00eda m\u00e1s popular de Europa<\/strong>. Est\u00e1 disponible en formato presencial en <strong>hasta 18 pa\u00edses europeos<\/strong>, entre ellos Alemania, Finlandia, Dinamarca, Eslovenia, Italia, Pa\u00edses Bajos, Estonia, Espa\u00f1a, Croacia, Islandia, Letonia, Lituania, Noruega, Suecia, Rep\u00fablica Checa, Hungr\u00eda, Eslovaquia, Polonia y Grecia. En muchos pa\u00edses, Eurojackpot tambi\u00e9n est\u00e1 disponible a trav\u00e9s de Internet, como en los sitios web de loter\u00eda autorizados, por ejemplo <a href=\"https:\/\/lottomat.com\/es\/\">nuestro sitio web de Lottomat<\/a>. Por supuesto, <strong>las posibilidades son ilimitadas online: puedes jugar pr\u00e1cticamente desde cualquier lugar mientras tengas acceso a Internet<\/strong>.<\/p>\n<p><strong>La loter\u00eda Eurojackpot fue creada en 2012<\/strong>, lo que la convierte en un juego relativamente nuevo en comparaci\u00f3n con loter\u00edas consolidadas como el SuperEnalotto italiano. Aun as\u00ed, irrumpi\u00f3 con fuerza en el mercado europeo de loter\u00edas y claramente est\u00e1 teniendo un rendimiento excepcional. <strong>Gana cientos, si no miles, de nuevos jugadores cada d\u00eda gracias a los realmente impresionantes premios de Eurojackpot<\/strong>. En su relativamente corta trayectoria, <strong>Eurojackpot ya ha creado multitud de millonarios en toda Europa<\/strong>. Esta loter\u00eda est\u00e1 dise\u00f1ada de manera que ofrece a los jugadores altas probabilidades de ganar el jackpot o premios de nivel inferior, mientras pone sobre la mesa cantidades que pueden cambiar una vida.<\/p>\n<h2><img loading=\"lazy\" decoding=\"async\" class=\"alignleft wp-image-257840\" src=\"https:\/\/lottomat.com\/wp-content\/uploads\/2025\/11\/euro-jackpot-lottery.webp\" alt=\"loter\u00eda euro jackpot\" width=\"200\" height=\"200\" srcset=\"https:\/\/lottomat.com\/wp-content\/uploads\/2025\/11\/euro-jackpot-lottery.webp 400w, https:\/\/lottomat.com\/wp-content\/uploads\/2025\/11\/euro-jackpot-lottery-300x300.webp 300w, https:\/\/lottomat.com\/wp-content\/uploads\/2025\/11\/euro-jackpot-lottery-150x150.webp 150w, https:\/\/lottomat.com\/wp-content\/uploads\/2025\/11\/euro-jackpot-lottery-100x100.webp 100w\" sizes=\"auto, (max-width: 200px) 100vw, 200px\" \/>\u00bfCu\u00e1les son las reglas de la loter\u00eda Eurojackpot?<\/h2>\n<p>Eurojackpot es un sencillo juego de n\u00fameros cuyas reglas son muy claras y f\u00e1ciles de entender tanto para los reci\u00e9n llegados como para los jugadores de loter\u00eda con experiencia. <strong>Solo tienes que seleccionar 5 n\u00fameros del conjunto del 1 al 50 y 2 n\u00fameros Euro adicionales de un conjunto del 1 al 12<\/strong>. Si aciertas los 7 n\u00fameros correctos (5 n\u00fameros principales m\u00e1s 2 n\u00fameros Euro), el jackpot es tuyo. \u00bfAciertas menos n\u00fameros? Tambi\u00e9n tienes posibilidades de ganar, porque <strong>Eurojackpot online tiene hasta 12 niveles de premios<\/strong>.<\/p>\n<p>Aunque los premios de los niveles inferiores de Eurojackpot son menores que el jackpot, <strong>siguen siendo cantidades impresionantes que pueden mejorar significativamente tu situaci\u00f3n econ\u00f3mica<\/strong>. <strong>Cuando no hay ganador del premio principal, se produce un acumulado en la loter\u00eda<\/strong>. Es una buena idea participar en un sorteo con acumulado, ya que <strong>el valor de los premios puede llegar a alcanzar decenas de millones de euros<\/strong>, escalando en ocasiones hasta el l\u00edmite m\u00e1ximo.<\/p>\n<p><strong>El precio de jugar Eurojackpot es de 2 \u20ac por l\u00ednea en la mayor\u00eda de los pa\u00edses participantes<\/strong> (excepto en Lituania, donde incluye un juego adicional obligatorio llamado &#8216;Joker&#8217; que eleva el precio a 3 \u20ac por l\u00ednea; en Grecia, donde cuesta 2,50 \u20ac por l\u00ednea; y en Eslovenia, donde tambi\u00e9n cuesta 2,50 \u20ac por l\u00ednea). Esto lo convierte en una opci\u00f3n de loter\u00eda asequible con un potencial tremendo para obtener grandes ganancias.<\/p>\n<h2>\u00bfCu\u00e1l es el riesgo en la loter\u00eda Eurojackpot?<\/h2>\n<p><strong>La probabilidad de ganar el premio principal es de aproximadamente 1 entre 140 millones<\/strong> (concretamente 1:139.838.160). \u00bfEs alta o baja? Depende de tu perspectiva y de con qu\u00e9 la compares. En comparaci\u00f3n con el SuperEnalotto, es una probabilidad bastante razonable, ya que <strong><a href=\"https:\/\/lottomat.com\/es\/informacion\/informacion-de-superenalotto\/\">las probabilidades de ganar en la loter\u00eda italiana SuperEnalotto<\/a> son de aproximadamente 1 entre 622 millones<\/strong>. Si comparamos Eurojackpot con loter\u00edas nacionales m\u00e1s peque\u00f1as como el Lotto polaco, el riesgo parece algo mayor: <strong>el Lotto polaco ofrece probabilidades de ganar de 1 entre 14 millones<\/strong>.<\/p>\n<p>Adem\u00e1s, <strong>Eurojackpot ofrece probabilidades mucho mejores para los premios de categor\u00edas inferiores<\/strong>. Por ejemplo, <strong>acertar 5 n\u00fameros principales m\u00e1s 1 n\u00famero Euro tiene probabilidades de aproximadamente 1 entre 6,9 millones y suele pagar alrededor de 750.000 \u20ac<\/strong>. Incluso la categor\u00eda de premio m\u00e1s peque\u00f1a ofrece probabilidades razonables de 1 entre 49 al acertar solo 2 n\u00fameros principales m\u00e1s 1 n\u00famero Euro.<\/p>\n<h2>\u00bfCu\u00e1nto se puede ganar en la loter\u00eda Eurojackpot online?<img loading=\"lazy\" decoding=\"async\" class=\"alignright wp-image-257870\" src=\"https:\/\/lottomat.com\/wp-content\/uploads\/2025\/11\/Eurojackpot-jackpot.webp\" alt=\"jackpot de Eurojackpot\" width=\"200\" height=\"200\" srcset=\"https:\/\/lottomat.com\/wp-content\/uploads\/2025\/11\/Eurojackpot-jackpot.webp 400w, https:\/\/lottomat.com\/wp-content\/uploads\/2025\/11\/Eurojackpot-jackpot-300x300.webp 300w, https:\/\/lottomat.com\/wp-content\/uploads\/2025\/11\/Eurojackpot-jackpot-150x150.webp 150w, https:\/\/lottomat.com\/wp-content\/uploads\/2025\/11\/Eurojackpot-jackpot-100x100.webp 100w\" sizes=\"auto, (max-width: 200px) 100vw, 200px\" \/><\/h2>\n<p><strong>La cantidad m\u00ednima garantizada en esta loter\u00eda es de 10 millones de euros<\/strong>, lo que ya supone una suma que cambia la vida para la mayor\u00eda de las personas. En muchas ocasiones, <strong>los acumulados alcanzan hasta unos 120 millones de euros<\/strong>, lo que hace que los premios sean mucho m\u00e1s atractivos durante los per\u00edodos de acumulaci\u00f3n. <strong>Este l\u00edmite m\u00e1ximo se increment\u00f3 desde el anterior de 90 millones de euros en marzo de 2022<\/strong>, dando a los jugadores la oportunidad de ganar cantidades a\u00fan mayores que antes.<\/p>\n<p>Adem\u00e1s del premio principal, tambi\u00e9n hay <strong>11 categor\u00edas de premios inferiores con cantidades considerables por ganar<\/strong>, as\u00ed que si no podemos acertar los siete n\u00fameros ganadores, \u00a1sigue habiendo una excelente posibilidad de ganar otro premio, m\u00e1s peque\u00f1o, pero igualmente significativo! <strong>La estructura de premios est\u00e1 dise\u00f1ada para recompensar generosamente los aciertos parciales<\/strong>, lo que garantiza que muchos jugadores se lleven ganancias importantes en cada sorteo.<\/p>\n<p><strong>Los importes de los premios de las categor\u00edas 2 a 12 var\u00edan seg\u00fan el pa\u00eds<\/strong> en funci\u00f3n del n\u00famero de ganadores, los impuestos locales de loter\u00eda y otros factores regulatorios. Esto significa que la misma combinaci\u00f3n ganadora podr\u00eda pagar cantidades ligeramente diferentes seg\u00fan el lugar donde se haya adquirido el boleto ganador.<\/p>\n<h2>\u00bfC\u00f3mo son los acumulados de Eurojackpot?<\/h2>\n<p><strong>Un premio acumulado en Eurojackpot puede alcanzar hasta 120 millones de euros<\/strong>. Ese bote crece proporcionalmente con cada sorteo en el que no se aciertan los 7 n\u00fameros ganadores. Este tipo de sistema de jackpot progresivo es especialmente apreciado por los jugadores de toda Europa. El riesgo puede no ser el m\u00e1s bajo, pero los premios de Eurojackpot son enormes, lo que lo convierte en un riesgo calculado que vale la pena para muchos jugadores.<\/p>\n<p>Tambi\u00e9n hay que se\u00f1alar que <strong>los acumulados se producen m\u00e1s o menos cada tres o cuatro meses<\/strong>, lo que intensifica a\u00fan m\u00e1s el ambiente entre los jugadores, cargado de emoci\u00f3n y expectaci\u00f3n. <strong>Hay que tener en cuenta, sin embargo, que durante un acumulado el jackpot puede ser ganado por vari<\/strong><\/p>\n","protected":false},"excerpt":{"rendered":"<p>\u00bfC\u00f3mo ganar premios en Eurojackpot? \u00bfJugar siempre al mismo juego y apostar por los mismos n\u00fameros? \u00bfO quiz\u00e1s cambiar constantemente de juego y de n\u00fameros? \u00bfElegir un sistema propio o jugar al azar? Hay muchas preguntas, y todo jugador conoce bien esos dilemas. Sin embargo, lo primero que debemos hacer es aprender las reglas de [&hellip;]<\/p>\n","protected":false},"author":1,"featured_media":0,"parent":6974,"menu_order":4,"comment_status":"closed","ping_status":"closed","template":"eurojackpot-info.php","meta":{"_et_pb_use_builder":"","_et_pb_old_content":"","_et_gb_content_width":"","exclude_from_search":false,"footnotes":""},"class_list":["post-236459","page","type-page","status-publish","hentry"],"yoast_head":"<!-- This site is optimized with the Yoast SEO plugin v23.8 - https:\/\/yoast.com\/wordpress\/plugins\/seo\/ -->\n<title>Reglas, premios y jackpot de Eurojackpot - LottoMat<\/title>\n<meta name=\"description\" content=\"Consulta los premios y el jackpot de Eurojackpot para el pr\u00f3ximo sorteo. Descubre todo sobre las reglas para jugar Eurojackpot y tus posibilidades de ganar.\" \/>\n<meta name=\"robots\" content=\"index, follow, max-snippet:-1, max-image-preview:large, max-video-preview:-1\" \/>\n<link rel=\"canonical\" href=\"https:\/\/lottomat.com\/es\/loterias\/informacion-sobre-eurojackpot\/\" \/>\n<meta property=\"og:locale\" content=\"es_ES\" \/>\n<meta property=\"og:type\" content=\"article\" \/>\n<meta property=\"og:title\" content=\"Reglas, premios y jackpot de Eurojackpot - LottoMat\" \/>\n<meta property=\"og:description\" content=\"Consulta los premios y el jackpot de Eurojackpot para el pr\u00f3ximo sorteo. Descubre todo sobre las reglas para jugar Eurojackpot y tus posibilidades de ganar.\" \/>\n<meta property=\"og:url\" content=\"https:\/\/lottomat.com\/es\/loterias\/informacion-sobre-eurojackpot\/\" \/>\n<meta property=\"og:site_name\" content=\"Lottomat\" \/>\n<meta property=\"article:modified_time\" content=\"2026-02-17T13:00:54+00:00\" \/>\n<meta property=\"og:image\" content=\"https:\/\/lottomat.com\/wp-content\/uploads\/2025\/11\/euro-jackpot-lottery.webp\" \/>\n<meta name=\"twitter:card\" content=\"summary_large_image\" \/>\n<meta name=\"twitter:label1\" content=\"Tiempo de lectura\" \/>\n\t<meta name=\"twitter:data1\" content=\"6 minutos\" \/>\n<script type=\"application\/ld+json\" class=\"yoast-schema-graph\">{\"@context\":\"https:\/\/schema.org\",\"@graph\":[{\"@type\":\"WebPage\",\"@id\":\"https:\/\/lottomat.com\/es\/loterias\/informacion-sobre-eurojackpot\/\",\"url\":\"https:\/\/lottomat.com\/es\/loterias\/informacion-sobre-eurojackpot\/\",\"name\":\"Reglas, premios y jackpot de Eurojackpot - LottoMat\",\"isPartOf\":{\"@id\":\"https:\/\/lottomat.com\/es\/#website\"},\"primaryImageOfPage\":{\"@id\":\"https:\/\/lottomat.com\/es\/loterias\/informacion-sobre-eurojackpot\/#primaryimage\"},\"image\":{\"@id\":\"https:\/\/lottomat.com\/es\/loterias\/informacion-sobre-eurojackpot\/#primaryimage\"},\"thumbnailUrl\":\"https:\/\/lottomat.com\/wp-content\/uploads\/2025\/11\/euro-jackpot-lottery.webp\",\"datePublished\":\"2025-04-07T12:42:09+00:00\",\"dateModified\":\"2026-02-17T13:00:54+00:00\",\"description\":\"Consulta los premios y el jackpot de Eurojackpot para el pr\u00f3ximo sorteo. Descubre todo sobre las reglas para jugar Eurojackpot y tus posibilidades de ganar.\",\"breadcrumb\":{\"@id\":\"https:\/\/lottomat.com\/es\/loterias\/informacion-sobre-eurojackpot\/#breadcrumb\"},\"inLanguage\":\"es\",\"potentialAction\":[{\"@type\":\"ReadAction\",\"target\":[\"https:\/\/lottomat.com\/es\/loterias\/informacion-sobre-eurojackpot\/\"]}]},{\"@type\":\"ImageObject\",\"inLanguage\":\"es\",\"@id\":\"https:\/\/lottomat.com\/es\/loterias\/informacion-sobre-eurojackpot\/#primaryimage\",\"url\":\"https:\/\/lottomat.com\/wp-content\/uploads\/2025\/11\/euro-jackpot-lottery.webp\",\"contentUrl\":\"https:\/\/lottomat.com\/wp-content\/uploads\/2025\/11\/euro-jackpot-lottery.webp\"},{\"@type\":\"BreadcrumbList\",\"@id\":\"https:\/\/lottomat.com\/es\/loterias\/informacion-sobre-eurojackpot\/#breadcrumb\",\"itemListElement\":[{\"@type\":\"ListItem\",\"position\":1,\"name\":\"Home\",\"item\":\"https:\/\/lottomat.com\/es\/\"},{\"@type\":\"ListItem\",\"position\":2,\"name\":\"Reglas de Loter\u00eda: Premios, Premio Mayor y Probabilidades\",\"item\":\"https:\/\/lottomat.com\/es\/loterias\/\"},{\"@type\":\"ListItem\",\"position\":3,\"name\":\"Reglas, premios y jackpot de Eurojackpot\"}]},{\"@type\":\"WebSite\",\"@id\":\"https:\/\/lottomat.com\/es\/#website\",\"url\":\"https:\/\/lottomat.com\/es\/\",\"name\":\"Lottomat\",\"description\":\"\",\"potentialAction\":[{\"@type\":\"SearchAction\",\"target\":{\"@type\":\"EntryPoint\",\"urlTemplate\":\"https:\/\/lottomat.com\/es\/?s={search_term_string}\"},\"query-input\":{\"@type\":\"PropertyValueSpecification\",\"valueRequired\":true,\"valueName\":\"search_term_string\"}}],\"inLanguage\":\"es\"}]}<\/script>\n<!-- \/ Yoast SEO plugin. -->","yoast_head_json":{"title":"Reglas, premios y jackpot de Eurojackpot - LottoMat","description":"Consulta los premios y el jackpot de Eurojackpot para el pr\u00f3ximo sorteo. Descubre todo sobre las reglas para jugar Eurojackpot y tus posibilidades de ganar.","robots":{"index":"index","follow":"follow","max-snippet":"max-snippet:-1","max-image-preview":"max-image-preview:large","max-video-preview":"max-video-preview:-1"},"canonical":"https:\/\/lottomat.com\/es\/loterias\/informacion-sobre-eurojackpot\/","og_locale":"es_ES","og_type":"article","og_title":"Reglas, premios y jackpot de Eurojackpot - LottoMat","og_description":"Consulta los premios y el jackpot de Eurojackpot para el pr\u00f3ximo sorteo. Descubre todo sobre las reglas para jugar Eurojackpot y tus posibilidades de ganar.","og_url":"https:\/\/lottomat.com\/es\/loterias\/informacion-sobre-eurojackpot\/","og_site_name":"Lottomat","article_modified_time":"2026-02-17T13:00:54+00:00","og_image":[{"url":"https:\/\/lottomat.com\/wp-content\/uploads\/2025\/11\/euro-jackpot-lottery.webp"}],"twitter_card":"summary_large_image","twitter_misc":{"Tiempo de lectura":"6 minutos"},"schema":{"@context":"https:\/\/schema.org","@graph":[{"@type":"WebPage","@id":"https:\/\/lottomat.com\/es\/loterias\/informacion-sobre-eurojackpot\/","url":"https:\/\/lottomat.com\/es\/loterias\/informacion-sobre-eurojackpot\/","name":"Reglas, premios y jackpot de Eurojackpot - LottoMat","isPartOf":{"@id":"https:\/\/lottomat.com\/es\/#website"},"primaryImageOfPage":{"@id":"https:\/\/lottomat.com\/es\/loterias\/informacion-sobre-eurojackpot\/#primaryimage"},"image":{"@id":"https:\/\/lottomat.com\/es\/loterias\/informacion-sobre-eurojackpot\/#primaryimage"},"thumbnailUrl":"https:\/\/lottomat.com\/wp-content\/uploads\/2025\/11\/euro-jackpot-lottery.webp","datePublished":"2025-04-07T12:42:09+00:00","dateModified":"2026-02-17T13:00:54+00:00","description":"Consulta los premios y el jackpot de Eurojackpot para el pr\u00f3ximo sorteo. Descubre todo sobre las reglas para jugar Eurojackpot y tus posibilidades de ganar.","breadcrumb":{"@id":"https:\/\/lottomat.com\/es\/loterias\/informacion-sobre-eurojackpot\/#breadcrumb"},"inLanguage":"es","potentialAction":[{"@type":"ReadAction","target":["https:\/\/lottomat.com\/es\/loterias\/informacion-sobre-eurojackpot\/"]}]},{"@type":"ImageObject","inLanguage":"es","@id":"https:\/\/lottomat.com\/es\/loterias\/informacion-sobre-eurojackpot\/#primaryimage","url":"https:\/\/lottomat.com\/wp-content\/uploads\/2025\/11\/euro-jackpot-lottery.webp","contentUrl":"https:\/\/lottomat.com\/wp-content\/uploads\/2025\/11\/euro-jackpot-lottery.webp"},{"@type":"BreadcrumbList","@id":"https:\/\/lottomat.com\/es\/loterias\/informacion-sobre-eurojackpot\/#breadcrumb","itemListElement":[{"@type":"ListItem","position":1,"name":"Home","item":"https:\/\/lottomat.com\/es\/"},{"@type":"ListItem","position":2,"name":"Reglas de Loter\u00eda: Premios, Premio Mayor y Probabilidades","item":"https:\/\/lottomat.com\/es\/loterias\/"},{"@type":"ListItem","position":3,"name":"Reglas, premios y jackpot de Eurojackpot"}]},{"@type":"WebSite","@id":"https:\/\/lottomat.com\/es\/#website","url":"https:\/\/lottomat.com\/es\/","name":"Lottomat","description":"","potentialAction":[{"@type":"SearchAction","target":{"@type":"EntryPoint","urlTemplate":"https:\/\/lottomat.com\/es\/?s={search_term_string}"},"query-input":{"@type":"PropertyValueSpecification","valueRequired":true,"valueName":"search_term_string"}}],"inLanguage":"es"}]}},"_links":{"self":[{"href":"https:\/\/lottomat.com\/es\/wp-json\/wp\/v2\/pages\/236459","targetHints":{"allow":["GET"]}}],"collection":[{"href":"https:\/\/lottomat.com\/es\/wp-json\/wp\/v2\/pages"}],"about":[{"href":"https:\/\/lottomat.com\/es\/wp-json\/wp\/v2\/types\/page"}],"author":[{"embeddable":true,"href":"https:\/\/lottomat.com\/es\/wp-json\/wp\/v2\/users\/1"}],"replies":[{"embeddable":true,"href":"https:\/\/lottomat.com\/es\/wp-json\/wp\/v2\/comments?post=236459"}],"version-history":[{"count":3,"href":"https:\/\/lottomat.com\/es\/wp-json\/wp\/v2\/pages\/236459\/revisions"}],"predecessor-version":[{"id":271301,"href":"https:\/\/lottomat.com\/es\/wp-json\/wp\/v2\/pages\/236459\/revisions\/271301"}],"up":[{"embeddable":true,"href":"https:\/\/lottomat.com\/es\/wp-json\/wp\/v2\/pages\/6974"}],"wp:attachment":[{"href":"https:\/\/lottomat.com\/es\/wp-json\/wp\/v2\/media?parent=236459"}],"curies":[{"name":"wp","href":"https:\/\/api.w.org\/{rel}","templated":true}]}}