{"id":232640,"date":"2025-03-27T10:35:32","date_gmt":"2025-03-27T10:35:32","guid":{"rendered":"https:\/\/lottomat.net\/resultados-de-la-loteria\/resultados-de-eurojackpot\/"},"modified":"2026-02-17T12:57:47","modified_gmt":"2026-02-17T12:57:47","slug":"resultados-de-eurojackpot","status":"publish","type":"page","link":"https:\/\/lottomat.com\/es\/resultados\/resultados-de-eurojackpot\/","title":{"rendered":"Resultados de Eurojackpot y n\u00fameros ganadores"},"content":{"rendered":"\n\n<div class=\"kk-star-ratings kksr-auto kksr-align-left kksr-valign-top\"\n    data-payload='{&quot;align&quot;:&quot;left&quot;,&quot;id&quot;:&quot;232640&quot;,&quot;slug&quot;:&quot;default&quot;,&quot;valign&quot;:&quot;top&quot;,&quot;ignore&quot;:&quot;&quot;,&quot;reference&quot;:&quot;auto&quot;,&quot;class&quot;:&quot;&quot;,&quot;count&quot;:&quot;0&quot;,&quot;legendonly&quot;:&quot;&quot;,&quot;readonly&quot;:&quot;&quot;,&quot;score&quot;:&quot;0&quot;,&quot;starsonly&quot;:&quot;&quot;,&quot;best&quot;:&quot;5&quot;,&quot;gap&quot;:&quot;5&quot;,&quot;greet&quot;:&quot;Rate this page&quot;,&quot;legend&quot;:&quot;0\\\/5 - (0 votos)&quot;,&quot;size&quot;:&quot;30&quot;,&quot;title&quot;:&quot;Resultados de Eurojackpot y n\u00fameros ganadores&quot;,&quot;width&quot;:&quot;0&quot;,&quot;_legend&quot;:&quot;{score}\\\/{best} - ({count} {votes})&quot;,&quot;font_factor&quot;:&quot;1.25&quot;}'>\n            \n<div class=\"kksr-stars\">\n    \n<div class=\"kksr-stars-inactive\">\n            <div class=\"kksr-star\" data-star=\"1\" style=\"padding-right: 5px\">\n            \n\n<div class=\"kksr-icon\" style=\"width: 30px; height: 30px;\"><\/div>\n        <\/div>\n            <div class=\"kksr-star\" data-star=\"2\" style=\"padding-right: 5px\">\n            \n\n<div class=\"kksr-icon\" style=\"width: 30px; height: 30px;\"><\/div>\n        <\/div>\n            <div class=\"kksr-star\" data-star=\"3\" style=\"padding-right: 5px\">\n            \n\n<div class=\"kksr-icon\" style=\"width: 30px; height: 30px;\"><\/div>\n        <\/div>\n            <div class=\"kksr-star\" data-star=\"4\" style=\"padding-right: 5px\">\n            \n\n<div class=\"kksr-icon\" style=\"width: 30px; height: 30px;\"><\/div>\n        <\/div>\n            <div class=\"kksr-star\" data-star=\"5\" style=\"padding-right: 5px\">\n            \n\n<div class=\"kksr-icon\" style=\"width: 30px; height: 30px;\"><\/div>\n        <\/div>\n    <\/div>\n    \n<div class=\"kksr-stars-active\" style=\"width: 0px;\">\n            <div class=\"kksr-star\" style=\"padding-right: 5px\">\n            \n\n<div class=\"kksr-icon\" style=\"width: 30px; height: 30px;\"><\/div>\n        <\/div>\n            <div class=\"kksr-star\" style=\"padding-right: 5px\">\n            \n\n<div class=\"kksr-icon\" style=\"width: 30px; height: 30px;\"><\/div>\n        <\/div>\n            <div class=\"kksr-star\" style=\"padding-right: 5px\">\n            \n\n<div class=\"kksr-icon\" style=\"width: 30px; height: 30px;\"><\/div>\n        <\/div>\n            <div class=\"kksr-star\" style=\"padding-right: 5px\">\n            \n\n<div class=\"kksr-icon\" style=\"width: 30px; height: 30px;\"><\/div>\n        <\/div>\n            <div class=\"kksr-star\" style=\"padding-right: 5px\">\n            \n\n<div class=\"kksr-icon\" style=\"width: 30px; height: 30px;\"><\/div>\n        <\/div>\n    <\/div>\n<\/div>\n                \n\n<div class=\"kksr-legend\" style=\"font-size: 24px;\">\n            <span class=\"kksr-muted\">Rate this page<\/span>\n    <\/div>\n    <\/div>\n<p>\u00bfCompraste boletos de Eurojackpot y te preguntas si ganaste? Hasta que no conozcas los n\u00fameros sorteados, todo es posible, y puedes consultar los <a href=\"https:\/\/lottomat.com\/es\/resultados\/\">resultados de la loter\u00eda en este sitio web<\/a>. Los publicamos a la mayor brevedad posible, justo despu\u00e9s de recibir la notificaci\u00f3n del sitio oficial de Eurojackpot, por lo que tienes la garant\u00eda de que est\u00e1n debidamente confirmados y son 100% reales. \u00a1Analiza los resultados y los n\u00fameros ganadores de Eurojackpot ahora mismo!<\/p>\n<h2>\u00bfC\u00f3mo consultar los resultados de Eurojackpot de hoy?<img loading=\"lazy\" decoding=\"async\" class=\"alignright wp-image-257716\" src=\"https:\/\/lottomat.com\/wp-content\/uploads\/2025\/11\/Eurojackpot-online-1.webp\" alt=\"Eurojackpot online\" width=\"200\" height=\"200\" srcset=\"https:\/\/lottomat.com\/wp-content\/uploads\/2025\/11\/Eurojackpot-online-1.webp 400w, https:\/\/lottomat.com\/wp-content\/uploads\/2025\/11\/Eurojackpot-online-1-300x300.webp 300w, https:\/\/lottomat.com\/wp-content\/uploads\/2025\/11\/Eurojackpot-online-1-150x150.webp 150w, https:\/\/lottomat.com\/wp-content\/uploads\/2025\/11\/Eurojackpot-online-1-100x100.webp 100w\" sizes=\"auto, (max-width: 200px) 100vw, 200px\" \/><\/h2>\n<p>La forma m\u00e1s sencilla de consultar los \u00faltimos resultados de Eurojackpot es en nuestro sitio web. Ofrecemos <strong>resultados de sorteos de loter\u00eda 100% fiables<\/strong> en los que puedes confiar plenamente. Nuestra plataforma garantiza que todos los n\u00fameros ganadores de Eurojackpot se <strong>actualicen de inmediato tras cada sorteo oficial<\/strong>. Tanto si buscas combinaciones ganadoras, el desglose de premios o el importe del jackpot, aqu\u00ed encontrar\u00e1s informaci\u00f3n precisa y actualizada. Sabemos lo importante que es para los jugadores de loter\u00eda obtener los resultados verificados con rapidez, por eso priorizamos la <strong>velocidad y la exactitud<\/strong> al ofrecer los resultados de Eurojackpot a nuestros usuarios.<\/p>\n<h2>\u00bfC\u00f3mo consultar los resultados de Eurojackpot de ayer?<\/h2>\n<p>Tambi\u00e9n puedes consultar los resultados de Eurojackpot de ayer en <a href=\"https:\/\/lottomat.com\/es\/\">nuestro sitio web de Lottomat<\/a>, ya que mostramos no solo los resultados actuales, sino tambi\u00e9n <strong>datos hist\u00f3ricos de sorteos anteriores<\/strong>. Nuestra completa base de datos incluye <strong>los resultados de hoy, los sorteos de ayer y los resultados de semanas, meses o incluso a\u00f1os atr\u00e1s<\/strong>. Este extenso archivo te permite rastrear patrones, analizar tendencias y revisar cualquier sorteo que sea de tu inter\u00e9s. Tanto si no pudiste comprobar tus boletos ayer como si deseas verificar n\u00fameros ganadores del pasado, nuestra plataforma te brinda acceso sencillo a todos los resultados hist\u00f3ricos de Eurojackpot con <strong>total precisi\u00f3n y fiabilidad<\/strong>.<\/p>\n<h2>\u00bfC\u00f3mo consultar los resultados archivados de Eurojackpot?<\/h2>\n<p>Para ver los resultados archivados de Eurojackpot, solo tienes que utilizar el calendario de resultados del sitio web de Lottomat. Se encuentra justo debajo de la fecha del \u00faltimo sorteo. Todo lo que debes hacer es seleccionar la fecha que m\u00e1s te interese y consultar los resultados del juego hasta ese momento.<\/p>\n<h2><img loading=\"lazy\" decoding=\"async\" class=\"alignleft wp-image-257746\" src=\"https:\/\/lottomat.com\/wp-content\/uploads\/2025\/11\/Eurojackpot-tickets-1.webp\" alt=\"Boletos de Eurojackpot\" width=\"200\" height=\"200\" srcset=\"https:\/\/lottomat.com\/wp-content\/uploads\/2025\/11\/Eurojackpot-tickets-1.webp 400w, https:\/\/lottomat.com\/wp-content\/uploads\/2025\/11\/Eurojackpot-tickets-1-300x300.webp 300w, https:\/\/lottomat.com\/wp-content\/uploads\/2025\/11\/Eurojackpot-tickets-1-150x150.webp 150w, https:\/\/lottomat.com\/wp-content\/uploads\/2025\/11\/Eurojackpot-tickets-1-100x100.webp 100w\" sizes=\"auto, (max-width: 200px) 100vw, 200px\" \/>\u00bfC\u00f3mo usar los resultados archivados y los n\u00fameros ganadores de Eurojackpot?<\/h2>\n<p>Los resultados de loter\u00eda m\u00e1s recientes y los archivados te permiten comprobar qu\u00e9 n\u00fameros se sortearon en draws anteriores, con qu\u00e9 frecuencia se acumula el bote en una loter\u00eda concreta, el n\u00famero de ganadores y los premios r\u00e9cord. Todo ello te sirve para elaborar una estrategia de juego en Eurojackpot y desarrollar tu propio m\u00e9todo de selecci\u00f3n de n\u00fameros. Por otro lado, si quieres elegir los n\u00fameros m\u00e1s r\u00e1pido pero sin renunciar a las estad\u00edsticas, puedes utilizar libremente nuestros consejos sobre los n\u00fameros m\u00e1s y menos sorteados en las loter\u00edas Eurojackpot. Todos los datos e informaci\u00f3n necesarios los encontrar\u00e1s en el sitio web de Lottomat. Recuerda no limitarte al azar. Por eso conviene seleccionar n\u00fameros de todo el conjunto disponible al hacer una apuesta, ya que aumenta tus posibilidades de ganar el premio principal.<\/p>\n<h2>\u00bfQu\u00e9 n\u00fameros salen con m\u00e1s frecuencia en Eurojackpot?<\/h2>\n<p>Seg\u00fan el an\u00e1lisis estad\u00edstico de los sorteos de Eurojackpot desde que comenz\u00f3 la loter\u00eda en 2012, los n\u00fameros principales que salen con mayor frecuencia son el <strong>14, 16, 18, 19, 25, 33 y 40<\/strong>. Estos n\u00fameros calientes han aparecido m\u00e1s veces que otros a lo largo de la historia de la loter\u00eda. En cuanto a los n\u00fameros Euro adicionales, los n\u00fameros <strong>5 y 8 fueron los m\u00e1s sorteados: 83 veces cada uno<\/strong>. Muchos jugadores de loter\u00eda utilizan estas estad\u00edsticas de n\u00fameros calientes para orientar su estrategia de selecci\u00f3n. Aunque en teor\u00eda todos los n\u00fameros tienen las mismas probabilidades de ser sorteados, algunos jugadores prefieren elegir entre estos n\u00fameros de aparici\u00f3n frecuente al hacer sus selecciones en Eurojackpot. Conviene tener en cuenta que <strong>la frecuencia pasada no garantiza resultados futuros<\/strong>, pero estas estad\u00edsticas pueden ofrecer perspectivas interesantes para los entusiastas de la loter\u00eda.<\/p>\n<h2>\u00bfQu\u00e9 n\u00fameros salen con menos frecuencia en Eurojackpot?<\/h2>\n<p>En el extremo opuesto, ciertos n\u00fameros aparecen con menos frecuencia en los sorteos de Eurojackpot, lo que les ha valido la etiqueta de \u00abn\u00fameros fr\u00edos\u00bb. Los n\u00fameros de Eurojackpot que menos se han sorteado son: <strong>48, 2, 36, 50 y un empate entre 24, 27 y 31<\/strong>. Los n\u00fameros Euro menos frecuentes son el <strong>9 y el 10<\/strong>. Algunos jugadores creen que estos n\u00fameros fr\u00edos est\u00e1n \u00aba punto\u00bb de salir pronto, aunque es importante entender que <strong>cada sorteo es completamente aleatorio e independiente<\/strong>. Si bien esto no es as\u00ed como funcionan los sorteos de loter\u00eda \u2014cada sorteo es totalmente aleatorio e independiente del anterior\u2014, sigue siendo entretenido descubrir qu\u00e9 n\u00fameros han aparecido con menos frecuencia. Tanto si eliges n\u00fameros calientes, fr\u00edos o una mezcla de ambos, recuerda que <strong>los resultados de la loter\u00eda se basan en \u00faltima instancia en el azar<\/strong>.<\/p>\n<h2>\u00bfCu\u00e1ntas personas ganaron en el \u00faltimo sorteo de Eurojackpot?<img loading=\"lazy\" decoding=\"async\" class=\"alignright wp-image-257777\" src=\"https:\/\/lottomat.com\/wp-content\/uploads\/2025\/11\/play-Eurojackpot-1.webp\" alt=\"jugar Eurojackpot\" width=\"200\" height=\"200\" srcset=\"https:\/\/lottomat.com\/wp-content\/uploads\/2025\/11\/play-Eurojackpot-1.webp 400w, https:\/\/lottomat.com\/wp-content\/uploads\/2025\/11\/play-Eurojackpot-1-300x300.webp 300w, https:\/\/lottomat.com\/wp-content\/uploads\/2025\/11\/play-Eurojackpot-1-150x150.webp 150w, https:\/\/lottomat.com\/wp-content\/uploads\/2025\/11\/play-Eurojackpot-1-100x100.webp 100w\" sizes=\"auto, (max-width: 200px) 100vw, 200px\" \/><\/h2>\n<p>En nuestro sitio web encontrar\u00e1s una tabla detallada con informaci\u00f3n completa sobre los resultados del \u00faltimo sorteo de Eurojackpot, que incluye <strong>el n\u00famero de personas que ganaron premios en cada categor\u00eda<\/strong> y <strong>el importe exacto de cada premio en euros<\/strong>. Este desglose muestra a los ganadores en las <strong>doce categor\u00edas de premios<\/strong>, desde el ganador del jackpot hasta quienes igualaron la combinaci\u00f3n m\u00ednima ganadora. Al revisar esta informaci\u00f3n, podr\u00e1s comprobar que <strong>los jugadores realmente ganan en Eurojackpot con regularidad<\/strong> en todos los niveles de premios. El desglose de premios refleja el atractivo de esta loter\u00eda, con <strong>m\u00faltiples formas de ganar y premios considerables<\/strong> incluso en las categor\u00edas inferiores. Esta transparencia ayuda a los jugadores a comprender sus probabilidades y a ver el impacto real de los sorteos de Eurojackpot en los ganadores de los pa\u00edses participantes. \u00bfEst\u00e1s listo para unirte a la mejor diversi\u00f3n? <a href=\"https:\/\/lottomat.com\/es\/jugar\/jugar-a-eurojackpot-en-linea\/\">Juega Eurojackpot online<\/a> en Lottomat y gana a lo grande.<\/p>\n<h2>\u00bfQu\u00e9 ocurre cuando ning\u00fan jugador gana el jackpot?<\/h2>\n<p>Cuando ning\u00fan jugador acierta los cinco n\u00fameros principales m\u00e1s los dos n\u00fameros Euro, el importe del jackpot <strong>se acumula para el siguiente sorteo<\/strong>, dando lugar a lo que se conoce como acumulaci\u00f3n o rollover. Este proceso hace que <strong>el bote no deje de crecer<\/strong> hasta que alguien gana el premio mayor, lo que hace que los sorteos posteriores sean a\u00fan m\u00e1s emocionantes para los jugadores. El mecanismo de acumulaci\u00f3n permite que los jackpots alcancen cifras considerables, con <strong>un l\u00edmite m\u00e1ximo establecido en 120 millones de euros<\/strong>. Una vez alcanzado este importe m\u00e1ximo, los fondos adicionales que se habr\u00edan sumado al jackpot se distribuyen entre los ganadores de la siguiente categor\u00eda de premios. Este sistema garantiza que se puedan acumular premios extraordinarios a lo largo del tiempo, creando la posibilidad de ganancias que cambian vidas y atraen a millones de jugadores en toda Europa. Lee m\u00e1s sobre <a href=\"https:\/\/lottomat.com\/es\/informacion\/informacion-sobre-eurojackpot\/\">los premios y el jackpot de Eurojackpot<\/a> en nuestro sitio web.<\/p>\n<h2><img loading=\"lazy\" decoding=\"async\" class=\"alignleft wp-image-257807\" src=\"https:\/\/lottomat.com\/wp-content\/uploads\/2025\/11\/tickets-online.webp\" alt=\"boletos online\" width=\"200\" height=\"200\" srcset=\"https:\/\/lottomat.com\/wp-content\/uploads\/2025\/11\/tickets-online.webp 400w, https:\/\/lottomat.com\/wp-content\/uploads\/2025\/11\/tickets-online-300x300.webp 300w, https:\/\/lottomat.com\/wp-content\/uploads\/2025\/11\/tickets-online-150x150.webp 150w, https:\/\/lottomat.com\/wp-content\/uploads\/2025\/11\/tickets-online-100x100.webp 100w\" sizes=\"auto, (max-width: 200px) 100vw, 200px\" \/>\u00bfSe pueden predecir los resultados del sorteo de Eurojackpot?<\/h2>\n<p><strong>No, los resultados del sorteo de Eurojackpot no pueden predecirse<\/strong> con ning\u00fan grado de certeza. La loter\u00eda utiliza un <strong>sistema de sorteo completamente aleatorio<\/strong> en el que cada combinaci\u00f3n de n\u00fameros tiene exactamente la misma probabilidad matem\u00e1tica de ser seleccionada en cada sorteo. Aunque el an\u00e1lisis estad\u00edstico puede mostrar qu\u00e9 n\u00fameros han salido con m\u00e1s o menos frecuencia en el pasado, estos datos hist\u00f3ricos <strong>no tienen ninguna influencia en los sorteos futuros<\/strong>. Cada sorteo de Eurojackpot es un <strong>evento independiente<\/strong>, lo que significa que los resultados anteriores no influyen en los sorteos venideros. Cualquier sistema o estrategia que afirme predecir los n\u00fameros de la loter\u00eda es fundamentalmente err\u00f3neo, ya que <strong>la verdadera aleatoriedad no puede predecirse<\/strong> ni manipularse mediante an\u00e1lisis o patrones. \u00bfA qu\u00e9 est\u00e1s esperando? Los boletos son econ\u00f3micos y las probabilidades son altas, as\u00ed que prep\u00e1rate para elegir tus n\u00fameros y ver qu\u00e9 ocurre. <strong>Tambi\u00e9n puedes <a href=\"https:\/\/lottomat.com\/es\/jugar\/\">consultar la lista completa de nuestras loter\u00edas online<\/a> con los jackpots m\u00e1s grandes.<\/strong><\/p>\n","protected":false},"excerpt":{"rendered":"<p>\u00bfCompraste boletos de Eurojackpot y te preguntas si ganaste? Hasta que no conozcas los n\u00fameros sorteados, todo es posible, y puedes consultar los resultados de la loter\u00eda en este sitio web. Los publicamos a la mayor brevedad posible, justo despu\u00e9s de recibir la notificaci\u00f3n del sitio oficial de Eurojackpot, por lo que tienes la garant\u00eda [&hellip;]<\/p>\n","protected":false},"author":1,"featured_media":0,"parent":7626,"menu_order":4,"comment_status":"closed","ping_status":"closed","template":"eurojackpot-results.php","meta":{"_et_pb_use_builder":"","_et_pb_old_content":"","_et_gb_content_width":"","exclude_from_search":false,"footnotes":""},"class_list":["post-232640","page","type-page","status-publish","hentry"],"yoast_head":"<!-- This site is optimized with the Yoast SEO plugin v23.8 - https:\/\/yoast.com\/wordpress\/plugins\/seo\/ -->\n<title>Resultados de Eurojackpot - N\u00fameros ganadores de Eurojackpot - LottoMat<\/title>\n<meta name=\"description\" content=\"Consulta los \u00faltimos resultados de Eurojackpot. Aqu\u00ed puedes comparar tus n\u00fameros con los n\u00fameros ganadores oficiales de Eurojackpot. \u00a1No te pierdas el sorteo!\" \/>\n<meta name=\"robots\" content=\"index, follow, max-snippet:-1, max-image-preview:large, max-video-preview:-1\" \/>\n<link rel=\"canonical\" href=\"https:\/\/lottomat.com\/es\/resultados\/resultados-de-eurojackpot\/\" \/>\n<meta property=\"og:locale\" content=\"es_ES\" \/>\n<meta property=\"og:type\" content=\"article\" \/>\n<meta property=\"og:title\" content=\"Resultados de Eurojackpot - N\u00fameros ganadores de Eurojackpot - LottoMat\" \/>\n<meta property=\"og:description\" content=\"Consulta los \u00faltimos resultados de Eurojackpot. Aqu\u00ed puedes comparar tus n\u00fameros con los n\u00fameros ganadores oficiales de Eurojackpot. \u00a1No te pierdas el sorteo!\" \/>\n<meta property=\"og:url\" content=\"https:\/\/lottomat.com\/es\/resultados\/resultados-de-eurojackpot\/\" \/>\n<meta property=\"og:site_name\" content=\"Lottomat\" \/>\n<meta property=\"article:modified_time\" content=\"2026-02-17T12:57:47+00:00\" \/>\n<meta property=\"og:image\" content=\"https:\/\/lottomat.com\/wp-content\/uploads\/2025\/11\/Eurojackpot-online-1.webp\" \/>\n<meta name=\"twitter:card\" content=\"summary_large_image\" \/>\n<meta name=\"twitter:label1\" content=\"Tiempo de lectura\" \/>\n\t<meta name=\"twitter:data1\" content=\"7 minutos\" \/>\n<script type=\"application\/ld+json\" class=\"yoast-schema-graph\">{\"@context\":\"https:\/\/schema.org\",\"@graph\":[{\"@type\":\"WebPage\",\"@id\":\"https:\/\/lottomat.com\/es\/resultados\/resultados-de-eurojackpot\/\",\"url\":\"https:\/\/lottomat.com\/es\/resultados\/resultados-de-eurojackpot\/\",\"name\":\"Resultados de Eurojackpot - N\u00fameros ganadores de Eurojackpot - LottoMat\",\"isPartOf\":{\"@id\":\"https:\/\/lottomat.com\/es\/#website\"},\"primaryImageOfPage\":{\"@id\":\"https:\/\/lottomat.com\/es\/resultados\/resultados-de-eurojackpot\/#primaryimage\"},\"image\":{\"@id\":\"https:\/\/lottomat.com\/es\/resultados\/resultados-de-eurojackpot\/#primaryimage\"},\"thumbnailUrl\":\"https:\/\/lottomat.com\/wp-content\/uploads\/2025\/11\/Eurojackpot-online-1.webp\",\"datePublished\":\"2025-03-27T10:35:32+00:00\",\"dateModified\":\"2026-02-17T12:57:47+00:00\",\"description\":\"Consulta los \u00faltimos resultados de Eurojackpot. Aqu\u00ed puedes comparar tus n\u00fameros con los n\u00fameros ganadores oficiales de Eurojackpot. \u00a1No te pierdas el sorteo!\",\"breadcrumb\":{\"@id\":\"https:\/\/lottomat.com\/es\/resultados\/resultados-de-eurojackpot\/#breadcrumb\"},\"inLanguage\":\"es\",\"potentialAction\":[{\"@type\":\"ReadAction\",\"target\":[\"https:\/\/lottomat.com\/es\/resultados\/resultados-de-eurojackpot\/\"]}]},{\"@type\":\"ImageObject\",\"inLanguage\":\"es\",\"@id\":\"https:\/\/lottomat.com\/es\/resultados\/resultados-de-eurojackpot\/#primaryimage\",\"url\":\"https:\/\/lottomat.com\/wp-content\/uploads\/2025\/11\/Eurojackpot-online-1.webp\",\"contentUrl\":\"https:\/\/lottomat.com\/wp-content\/uploads\/2025\/11\/Eurojackpot-online-1.webp\"},{\"@type\":\"BreadcrumbList\",\"@id\":\"https:\/\/lottomat.com\/es\/resultados\/resultados-de-eurojackpot\/#breadcrumb\",\"itemListElement\":[{\"@type\":\"ListItem\",\"position\":1,\"name\":\"Home\",\"item\":\"https:\/\/lottomat.com\/es\/\"},{\"@type\":\"ListItem\",\"position\":2,\"name\":\"Los \u00daltimos Resultados de Loter\u00eda y N\u00fameros Ganadores\",\"item\":\"https:\/\/lottomat.com\/es\/resultados\/\"},{\"@type\":\"ListItem\",\"position\":3,\"name\":\"Resultados de Eurojackpot y n\u00fameros ganadores\"}]},{\"@type\":\"WebSite\",\"@id\":\"https:\/\/lottomat.com\/es\/#website\",\"url\":\"https:\/\/lottomat.com\/es\/\",\"name\":\"Lottomat\",\"description\":\"\",\"potentialAction\":[{\"@type\":\"SearchAction\",\"target\":{\"@type\":\"EntryPoint\",\"urlTemplate\":\"https:\/\/lottomat.com\/es\/?s={search_term_string}\"},\"query-input\":{\"@type\":\"PropertyValueSpecification\",\"valueRequired\":true,\"valueName\":\"search_term_string\"}}],\"inLanguage\":\"es\"}]}<\/script>\n<!-- \/ Yoast SEO plugin. -->","yoast_head_json":{"title":"Resultados de Eurojackpot - N\u00fameros ganadores de Eurojackpot - LottoMat","description":"Consulta los \u00faltimos resultados de Eurojackpot. Aqu\u00ed puedes comparar tus n\u00fameros con los n\u00fameros ganadores oficiales de Eurojackpot. \u00a1No te pierdas el sorteo!","robots":{"index":"index","follow":"follow","max-snippet":"max-snippet:-1","max-image-preview":"max-image-preview:large","max-video-preview":"max-video-preview:-1"},"canonical":"https:\/\/lottomat.com\/es\/resultados\/resultados-de-eurojackpot\/","og_locale":"es_ES","og_type":"article","og_title":"Resultados de Eurojackpot - N\u00fameros ganadores de Eurojackpot - LottoMat","og_description":"Consulta los \u00faltimos resultados de Eurojackpot. Aqu\u00ed puedes comparar tus n\u00fameros con los n\u00fameros ganadores oficiales de Eurojackpot. \u00a1No te pierdas el sorteo!","og_url":"https:\/\/lottomat.com\/es\/resultados\/resultados-de-eurojackpot\/","og_site_name":"Lottomat","article_modified_time":"2026-02-17T12:57:47+00:00","og_image":[{"url":"https:\/\/lottomat.com\/wp-content\/uploads\/2025\/11\/Eurojackpot-online-1.webp"}],"twitter_card":"summary_large_image","twitter_misc":{"Tiempo de lectura":"7 minutos"},"schema":{"@context":"https:\/\/schema.org","@graph":[{"@type":"WebPage","@id":"https:\/\/lottomat.com\/es\/resultados\/resultados-de-eurojackpot\/","url":"https:\/\/lottomat.com\/es\/resultados\/resultados-de-eurojackpot\/","name":"Resultados de Eurojackpot - N\u00fameros ganadores de Eurojackpot - LottoMat","isPartOf":{"@id":"https:\/\/lottomat.com\/es\/#website"},"primaryImageOfPage":{"@id":"https:\/\/lottomat.com\/es\/resultados\/resultados-de-eurojackpot\/#primaryimage"},"image":{"@id":"https:\/\/lottomat.com\/es\/resultados\/resultados-de-eurojackpot\/#primaryimage"},"thumbnailUrl":"https:\/\/lottomat.com\/wp-content\/uploads\/2025\/11\/Eurojackpot-online-1.webp","datePublished":"2025-03-27T10:35:32+00:00","dateModified":"2026-02-17T12:57:47+00:00","description":"Consulta los \u00faltimos resultados de Eurojackpot. Aqu\u00ed puedes comparar tus n\u00fameros con los n\u00fameros ganadores oficiales de Eurojackpot. \u00a1No te pierdas el sorteo!","breadcrumb":{"@id":"https:\/\/lottomat.com\/es\/resultados\/resultados-de-eurojackpot\/#breadcrumb"},"inLanguage":"es","potentialAction":[{"@type":"ReadAction","target":["https:\/\/lottomat.com\/es\/resultados\/resultados-de-eurojackpot\/"]}]},{"@type":"ImageObject","inLanguage":"es","@id":"https:\/\/lottomat.com\/es\/resultados\/resultados-de-eurojackpot\/#primaryimage","url":"https:\/\/lottomat.com\/wp-content\/uploads\/2025\/11\/Eurojackpot-online-1.webp","contentUrl":"https:\/\/lottomat.com\/wp-content\/uploads\/2025\/11\/Eurojackpot-online-1.webp"},{"@type":"BreadcrumbList","@id":"https:\/\/lottomat.com\/es\/resultados\/resultados-de-eurojackpot\/#breadcrumb","itemListElement":[{"@type":"ListItem","position":1,"name":"Home","item":"https:\/\/lottomat.com\/es\/"},{"@type":"ListItem","position":2,"name":"Los \u00daltimos Resultados de Loter\u00eda y N\u00fameros Ganadores","item":"https:\/\/lottomat.com\/es\/resultados\/"},{"@type":"ListItem","position":3,"name":"Resultados de Eurojackpot y n\u00fameros ganadores"}]},{"@type":"WebSite","@id":"https:\/\/lottomat.com\/es\/#website","url":"https:\/\/lottomat.com\/es\/","name":"Lottomat","description":"","potentialAction":[{"@type":"SearchAction","target":{"@type":"EntryPoint","urlTemplate":"https:\/\/lottomat.com\/es\/?s={search_term_string}"},"query-input":{"@type":"PropertyValueSpecification","valueRequired":true,"valueName":"search_term_string"}}],"inLanguage":"es"}]}},"_links":{"self":[{"href":"https:\/\/lottomat.com\/es\/wp-json\/wp\/v2\/pages\/232640","targetHints":{"allow":["GET"]}}],"collection":[{"href":"https:\/\/lottomat.com\/es\/wp-json\/wp\/v2\/pages"}],"about":[{"href":"https:\/\/lottomat.com\/es\/wp-json\/wp\/v2\/types\/page"}],"author":[{"embeddable":true,"href":"https:\/\/lottomat.com\/es\/wp-json\/wp\/v2\/users\/1"}],"replies":[{"embeddable":true,"href":"https:\/\/lottomat.com\/es\/wp-json\/wp\/v2\/comments?post=232640"}],"version-history":[{"count":3,"href":"https:\/\/lottomat.com\/es\/wp-json\/wp\/v2\/pages\/232640\/revisions"}],"predecessor-version":[{"id":271298,"href":"https:\/\/lottomat.com\/es\/wp-json\/wp\/v2\/pages\/232640\/revisions\/271298"}],"up":[{"embeddable":true,"href":"https:\/\/lottomat.com\/es\/wp-json\/wp\/v2\/pages\/7626"}],"wp:attachment":[{"href":"https:\/\/lottomat.com\/es\/wp-json\/wp\/v2\/media?parent=232640"}],"curies":[{"name":"wp","href":"https:\/\/api.w.org\/{rel}","templated":true}]}}