{"id":10630,"date":"2025-03-26T10:16:37","date_gmt":"2025-03-26T10:16:37","guid":{"rendered":"https:\/\/lottomat.net\/informacion-sobre-loterias\/informacion-de-powerball\/"},"modified":"2026-02-17T12:48:46","modified_gmt":"2026-02-17T12:48:46","slug":"informacion-de-powerball","status":"publish","type":"page","link":"https:\/\/lottomat.com\/es\/loterias\/informacion-de-powerball\/","title":{"rendered":"Premios, reglas y bote de Powerball"},"content":{"rendered":"\n\n<div class=\"kk-star-ratings kksr-auto kksr-align-left kksr-valign-top\"\n    data-payload='{&quot;align&quot;:&quot;left&quot;,&quot;id&quot;:&quot;10630&quot;,&quot;slug&quot;:&quot;default&quot;,&quot;valign&quot;:&quot;top&quot;,&quot;ignore&quot;:&quot;&quot;,&quot;reference&quot;:&quot;auto&quot;,&quot;class&quot;:&quot;&quot;,&quot;count&quot;:&quot;0&quot;,&quot;legendonly&quot;:&quot;&quot;,&quot;readonly&quot;:&quot;&quot;,&quot;score&quot;:&quot;0&quot;,&quot;starsonly&quot;:&quot;&quot;,&quot;best&quot;:&quot;5&quot;,&quot;gap&quot;:&quot;5&quot;,&quot;greet&quot;:&quot;Rate this page&quot;,&quot;legend&quot;:&quot;0\\\/5 - (0 votos)&quot;,&quot;size&quot;:&quot;30&quot;,&quot;title&quot;:&quot;Premios, reglas y bote de Powerball&quot;,&quot;width&quot;:&quot;0&quot;,&quot;_legend&quot;:&quot;{score}\\\/{best} - ({count} {votes})&quot;,&quot;font_factor&quot;:&quot;1.25&quot;}'>\n            \n<div class=\"kksr-stars\">\n    \n<div class=\"kksr-stars-inactive\">\n            <div class=\"kksr-star\" data-star=\"1\" style=\"padding-right: 5px\">\n            \n\n<div class=\"kksr-icon\" style=\"width: 30px; height: 30px;\"><\/div>\n        <\/div>\n            <div class=\"kksr-star\" data-star=\"2\" style=\"padding-right: 5px\">\n            \n\n<div class=\"kksr-icon\" style=\"width: 30px; height: 30px;\"><\/div>\n        <\/div>\n            <div class=\"kksr-star\" data-star=\"3\" style=\"padding-right: 5px\">\n            \n\n<div class=\"kksr-icon\" style=\"width: 30px; height: 30px;\"><\/div>\n        <\/div>\n            <div class=\"kksr-star\" data-star=\"4\" style=\"padding-right: 5px\">\n            \n\n<div class=\"kksr-icon\" style=\"width: 30px; height: 30px;\"><\/div>\n        <\/div>\n            <div class=\"kksr-star\" data-star=\"5\" style=\"padding-right: 5px\">\n            \n\n<div class=\"kksr-icon\" style=\"width: 30px; height: 30px;\"><\/div>\n        <\/div>\n    <\/div>\n    \n<div class=\"kksr-stars-active\" style=\"width: 0px;\">\n            <div class=\"kksr-star\" style=\"padding-right: 5px\">\n            \n\n<div class=\"kksr-icon\" style=\"width: 30px; height: 30px;\"><\/div>\n        <\/div>\n            <div class=\"kksr-star\" style=\"padding-right: 5px\">\n            \n\n<div class=\"kksr-icon\" style=\"width: 30px; height: 30px;\"><\/div>\n        <\/div>\n            <div class=\"kksr-star\" style=\"padding-right: 5px\">\n            \n\n<div class=\"kksr-icon\" style=\"width: 30px; height: 30px;\"><\/div>\n        <\/div>\n            <div class=\"kksr-star\" style=\"padding-right: 5px\">\n            \n\n<div class=\"kksr-icon\" style=\"width: 30px; height: 30px;\"><\/div>\n        <\/div>\n            <div class=\"kksr-star\" style=\"padding-right: 5px\">\n            \n\n<div class=\"kksr-icon\" style=\"width: 30px; height: 30px;\"><\/div>\n        <\/div>\n    <\/div>\n<\/div>\n                \n\n<div class=\"kksr-legend\" style=\"font-size: 24px;\">\n            <span class=\"kksr-muted\">Rate this page<\/span>\n    <\/div>\n    <\/div>\n<p>Descubre m\u00e1s sobre los premios, el bote y las reglas de juego de Powerball. La loter\u00eda Powerball \u2013 un juego de azar o loter\u00eda es una de las formas de entretenimiento m\u00e1s populares del mundo. La mayor\u00eda de nosotros hemos participado en un sorteo de loter\u00eda al menos una vez. Las loter\u00edas son juegos muy sencillos y emocionantes con reglas claras. No tienen absolutamente nada de complicado y cualquiera puede aprender las reglas de cualquier loter\u00eda muy r\u00e1pidamente. Si eres un entusiasta de los juegos de n\u00fameros y todav\u00eda buscas una loter\u00eda nueva e interesante que probar, deber\u00edas seguir leyendo este art\u00edculo. Te contaremos qu\u00e9 es la famos\u00edsima loter\u00eda Powerball, c\u00f3mo funciona el juego, las probabilidades y los riesgos, y cu\u00e1nto se puede ganar (premios y bote de Powerball).<\/p>\n<h2><img loading=\"lazy\" decoding=\"async\" class=\"alignleft wp-image-252449\" src=\"https:\/\/lottomat.com\/wp-content\/uploads\/2025\/10\/Powerball-jackpot-300x300.webp\" alt=\"bote de Powerball\" width=\"200\" height=\"200\" srcset=\"https:\/\/lottomat.com\/wp-content\/uploads\/2025\/10\/Powerball-jackpot-300x300.webp 300w, https:\/\/lottomat.com\/wp-content\/uploads\/2025\/10\/Powerball-jackpot-150x150.webp 150w, https:\/\/lottomat.com\/wp-content\/uploads\/2025\/10\/Powerball-jackpot-100x100.webp 100w, https:\/\/lottomat.com\/wp-content\/uploads\/2025\/10\/Powerball-jackpot.webp 400w\" sizes=\"auto, (max-width: 200px) 100vw, 200px\" \/>\u00bfQu\u00e9 es la loter\u00eda Powerball?<\/h2>\n<p>Powerball es una loter\u00eda americana que funciona desde <strong>1988<\/strong>. Antes se conoc\u00eda como Lotto America, pero en <strong>1992<\/strong> el nombre cambi\u00f3 al actual Powerball. Powerball es una de <a href=\"https:\/\/lottomat.com\/es\/\">las loter\u00edas m\u00e1s populares del mundo<\/a>; cuenta con oficinas de loter\u00eda en Estados Unidos en nada menos que <strong>45 estados<\/strong>, as\u00ed como en el Distrito de Columbia, Puerto Rico y las Islas V\u00edrgenes. Cabe destacar que esta loter\u00eda fue pionera en el sistema de extracci\u00f3n con dos bombos, lo que permite optar a premios m\u00e1s altos. Los sorteos de Powerball se celebran cada <strong>lunes, mi\u00e9rcoles y s\u00e1bado a las 10:59 PM EST<\/strong>. El sorteo suele realizarse en el estudio de la Loter\u00eda de Florida. Si no vives ni te encuentras en Estados Unidos y no tienes forma de <a href=\"https:\/\/lottomat.com\/es\/jugar\/jugar-a-powerball-en-linea\/\">comprar un boleto de Powerball en l\u00ednea<\/a>, solo tienes que utilizar nuestro <strong>sitio web de Lottomat<\/strong>. Aqu\u00ed puedes jugar a Powerball por Internet, leer art\u00edculos de inter\u00e9s y <a href=\"https:\/\/lottomat.com\/es\/resultados\/resultados-de-powerball\/\">consultar los \u00faltimos resultados del sorteo de Powerball<\/a>.<\/p>\n<h2>\u00bfCu\u00e1les son las reglas para jugar a la loter\u00eda Powerball?<\/h2>\n<p>Desde la creaci\u00f3n de la loter\u00eda, las reglas han cambiado en varias ocasiones; generalmente se modernizaban para permitir a los jugadores ganar mayores premios en met\u00e1lico. En un principio, hab\u00eda que seleccionar siete n\u00fameros de un grupo de 40. Posteriormente, se a\u00f1adi\u00f3 la selecci\u00f3n de un segundo n\u00famero bono de un grupo m\u00e1s peque\u00f1o. El tama\u00f1o del grupo cambi\u00f3 varias veces hasta que finalmente se acord\u00f3 seleccionar <strong>cinco n\u00fameros de 69 y uno de 26<\/strong>, los llamados Powerballs. Estas reglas siguen vigentes hoy en d\u00eda. El n\u00famero del sorteo principal puede coincidir con el segundo n\u00famero.<\/p>\n<h2>\u00bfCu\u00e1les son los riesgos y las probabilidades de ganar premios de Powerball?<\/h2>\n<p>En una palabra, son elevados. La probabilidad de ganar en el primer nivel es de <strong>1 entre 292 millones<\/strong>. Las probabilidades de ganar en el segundo nivel son de tan solo <strong>1 entre 11,5 millones<\/strong>, lo que supone una diferencia enorme, y las probabilidades aumentan considerablemente a partir de ah\u00ed. Para hacernos una idea, las probabilidades de ganar el premio principal de la Lotto polaca son de 1 entre 14 millones. En la loter\u00eda Powerball, <strong>1 de cada 25 boletos enviados resulta ganador<\/strong>. Por tanto, el riesgo no es bajo, pero tampoco lo son los premios; de hecho, son de los m\u00e1s altos del mundo. Por eso, a pesar de unas probabilidades tan bajas, el n\u00famero de personas interesadas en Powerball no solo no disminuye, sino que sigue creciendo sin parar a\u00f1o tras a\u00f1o. La apuesta m\u00ednima en Powerball es de <strong>5 d\u00f3lares<\/strong>, lo que resulta muy atractivo para la mayor\u00eda de los jugadores, especialmente teniendo en cuenta los elevados premios.<\/p>\n<h2><img loading=\"lazy\" decoding=\"async\" class=\"wp-image-252479 alignright\" src=\"https:\/\/lottomat.com\/wp-content\/uploads\/2025\/10\/Powerball-prizes-300x300.webp\" alt=\"premios de Powerball\" width=\"200\" height=\"200\" srcset=\"https:\/\/lottomat.com\/wp-content\/uploads\/2025\/10\/Powerball-prizes-300x300.webp 300w, https:\/\/lottomat.com\/wp-content\/uploads\/2025\/10\/Powerball-prizes-150x150.webp 150w, https:\/\/lottomat.com\/wp-content\/uploads\/2025\/10\/Powerball-prizes-100x100.webp 100w, https:\/\/lottomat.com\/wp-content\/uploads\/2025\/10\/Powerball-prizes.webp 400w\" sizes=\"auto, (max-width: 200px) 100vw, 200px\" \/><\/h2>\n<h2>\u00bfCu\u00e1les son los premios de Powerball? \u00bfCu\u00e1nto se puede ganar?<\/h2>\n<p>Decir que Powerball ofrece premios muy elevados es quedarse corto. Estamos hablando de cantidades astron\u00f3micas; cuesta imaginarse qu\u00e9 hacer con semejante premio. Si ganas, tus hijos, nietos, bisnietos y tataranietos no tendr\u00e1n que trabajar jam\u00e1s. El premio garantizado m\u00ednimo en Powerball es de <strong>20 millones de d\u00f3lares<\/strong>. Por no mencionar que el premio medio ronda los 110-120 millones de d\u00f3lares. Los premios del segundo nivel resultan menos llamativos. Son un \u00abmodesto\u00bb <strong>mill\u00f3n de d\u00f3lares<\/strong>. Sin embargo, basta con acertar cinco n\u00fameros correctos para convertirse en su afortunado poseedor. Todo cambia, no obstante, cuando se produce un acumulado. \u00a1Y tanto! Un bote acumulado en Powerball es pura y aut\u00e9ntica locura.<\/p>\n<h2>\u00bfC\u00f3mo son los acumulados de Powerball?<\/h2>\n<p>Lo que diferencia principalmente a Powerball de, por ejemplo, la Lotto polaca son los enormes acumulados que aceleran el pulso, y los botes que los acompa\u00f1an resultan asombrosamente elevados. \u00bfC\u00f3mo no dispararse las emociones cuando en Powerball <strong>no existe ning\u00fan l\u00edmite m\u00e1ximo de acumulado<\/strong>? Esto significa que si los jugadores tienen mala suerte y el premio principal queda desierto varias veces seguidas, el pozo se va acumulando hasta que alguien acierta los n\u00fameros correctos. Un bote acumulado de loter\u00eda suele repartirse entre varios jugadores, es decir, el premio se divide proporcionalmente entre ellos. Pero no es la primera vez en la historia de Powerball que una sola persona ha acertado los n\u00fameros sorteados y se ha llevado el bote completo para ella sola.<\/p>\n<h2>\u00bfCu\u00e1l fue el r\u00e9cord de premio en la loter\u00eda Powerball?<img loading=\"lazy\" decoding=\"async\" class=\"wp-image-252509 alignleft\" src=\"https:\/\/lottomat.com\/wp-content\/uploads\/2025\/10\/Powerball-rules-300x300.webp\" alt=\"reglas de Powerball\" width=\"200\" height=\"200\" srcset=\"https:\/\/lottomat.com\/wp-content\/uploads\/2025\/10\/Powerball-rules-300x300.webp 300w, https:\/\/lottomat.com\/wp-content\/uploads\/2025\/10\/Powerball-rules-150x150.webp 150w, https:\/\/lottomat.com\/wp-content\/uploads\/2025\/10\/Powerball-rules-100x100.webp 100w, https:\/\/lottomat.com\/wp-content\/uploads\/2025\/10\/Powerball-rules.webp 400w\" sizes=\"auto, (max-width: 200px) 100vw, 200px\" \/><\/h2>\n<p>El bote r\u00e9cord en la historia de Powerball se gan\u00f3 el <strong>7 de noviembre de 2022<\/strong>, alcanzando la incre\u00edble cifra de <strong>2.040 millones de d\u00f3lares<\/strong>, con un valor en efectivo de <strong>997,6 millones de d\u00f3lares<\/strong>. Este sigue siendo el mayor bote de loter\u00eda jam\u00e1s ganado en el mundo. El boleto ganador se vendi\u00f3 en California y fue reclamado por un \u00fanico ganador. El segundo mayor bote de Powerball fue de <strong>1.787 millones de d\u00f3lares<\/strong>, ganado en septiembre de 2025 con boletos vendidos en Misuri y Texas.<\/p>\n<h2>\u00bfQui\u00e9n puede jugar a Powerball y ganar sus premios?<\/h2>\n<p>Todo el mundo tiene la oportunidad de jugar, siempre que sea mayor de edad. Hace no mucho tiempo, Powerball solo estaba disponible para ciudadanos estadounidenses o para cualquier persona que se encontrase en territorio de los Estados Unidos y pudiese acudir a una oficina de loter\u00eda. Ahora todo es diferente. Y todo gracias a las loter\u00edas por Internet y a nuestro <a href=\"https:\/\/lottomat.com\/es\/\"><strong>sitio web de Lottomat<\/strong><\/a>. No importa si vives en \u00c1frica, Asia o Europa. Ni si est\u00e1s sentado frente al escritorio, tumbado en la cama, saliendo a correr o relaj\u00e1ndote en el jard\u00edn. Puedes jugar a Powerball y ganar el bote desde cualquier lugar. Las loter\u00edas en l\u00ednea se han vuelto incre\u00edblemente populares; la mayor\u00eda de los jugadores recurren a este tipo de soluci\u00f3n por su comodidad. Todo lo que necesitas es <strong>acceso a Internet<\/strong>. Esto ofrece a los jugadores una gran libertad en cualquier parte del mundo.<\/p>\n<h2>\u00bfC\u00f3mo jugar a Powerball por Internet?<\/h2>\n<p>Solo tienes que acceder al <strong>sitio web de Lottomat<\/strong> y rellenar un boleto con tus n\u00fameros favoritos. As\u00ed de sencillo. Despu\u00e9s, esperas el sorteo y consultas los resultados de Powerball. Tambi\u00e9n son f\u00e1ciles de buscar en nuestro sitio web. Jugar a Powerball por Internet es incre\u00edblemente simple y proporciona much\u00edsima emoci\u00f3n.<\/p>\n<h2>\u00bfCu\u00e1ndo se celebran los sorteos de Powerball?<\/h2>\n<p>Los sorteos de Powerball se celebran <strong>tres veces por semana: los lunes, mi\u00e9rcoles y s\u00e1bados<\/strong>. \u00bfBuscas emociones fuertes y premios fant\u00e1sticos? Juega a Powerball en l\u00ednea: r\u00e1pido, c\u00f3modo y sin salir de casa. \u00a1Buena suerte!<\/p>\n<h2>Tabla de premios y probabilidades de ganar en Powerball<\/h2>\n","protected":false},"excerpt":{"rendered":"<p>Descubre m\u00e1s sobre los premios, el bote y las reglas de juego de Powerball. La loter\u00eda Powerball \u2013 un juego de azar o loter\u00eda es una de las formas de entretenimiento m\u00e1s populares del mundo. La mayor\u00eda de nosotros hemos participado en un sorteo de loter\u00eda al menos una vez. Las loter\u00edas son juegos muy [&hellip;]<\/p>\n","protected":false},"author":1,"featured_media":0,"parent":6974,"menu_order":1,"comment_status":"closed","ping_status":"closed","template":"powerball-usa-info.php","meta":{"_et_pb_use_builder":"","_et_pb_old_content":"","_et_gb_content_width":"","exclude_from_search":false,"footnotes":""},"class_list":["post-10630","page","type-page","status-publish","hentry"],"yoast_head":"<!-- This site is optimized with the Yoast SEO plugin v23.8 - https:\/\/yoast.com\/wordpress\/plugins\/seo\/ -->\n<title>Premios, reglas y bote de Powerball - Lottomat<\/title>\n<meta name=\"description\" content=\"Consulta los premios, el bote y las reglas de juego de Powerball. Descubre m\u00e1s sobre tus posibilidades de ganar en esta loter\u00eda americana.\" \/>\n<meta name=\"robots\" content=\"index, follow, max-snippet:-1, max-image-preview:large, max-video-preview:-1\" \/>\n<link rel=\"canonical\" href=\"https:\/\/lottomat.com\/es\/loterias\/informacion-de-powerball\/\" \/>\n<meta property=\"og:locale\" content=\"es_ES\" \/>\n<meta property=\"og:type\" content=\"article\" \/>\n<meta property=\"og:title\" content=\"Premios, reglas y bote de Powerball - Lottomat\" \/>\n<meta property=\"og:description\" content=\"Consulta los premios, el bote y las reglas de juego de Powerball. Descubre m\u00e1s sobre tus posibilidades de ganar en esta loter\u00eda americana.\" \/>\n<meta property=\"og:url\" content=\"https:\/\/lottomat.com\/es\/loterias\/informacion-de-powerball\/\" \/>\n<meta property=\"og:site_name\" content=\"Lottomat\" \/>\n<meta property=\"article:modified_time\" content=\"2026-02-17T12:48:46+00:00\" \/>\n<meta property=\"og:image\" content=\"https:\/\/lottomat.com\/wp-content\/uploads\/2025\/10\/Powerball-jackpot-300x300.webp\" \/>\n<meta name=\"twitter:card\" content=\"summary_large_image\" \/>\n<meta name=\"twitter:label1\" content=\"Tiempo de lectura\" \/>\n\t<meta name=\"twitter:data1\" content=\"6 minutos\" \/>\n<script type=\"application\/ld+json\" class=\"yoast-schema-graph\">{\"@context\":\"https:\/\/schema.org\",\"@graph\":[{\"@type\":\"WebPage\",\"@id\":\"https:\/\/lottomat.com\/es\/loterias\/informacion-de-powerball\/\",\"url\":\"https:\/\/lottomat.com\/es\/loterias\/informacion-de-powerball\/\",\"name\":\"Premios, reglas y bote de Powerball - Lottomat\",\"isPartOf\":{\"@id\":\"https:\/\/lottomat.com\/es\/#website\"},\"primaryImageOfPage\":{\"@id\":\"https:\/\/lottomat.com\/es\/loterias\/informacion-de-powerball\/#primaryimage\"},\"image\":{\"@id\":\"https:\/\/lottomat.com\/es\/loterias\/informacion-de-powerball\/#primaryimage\"},\"thumbnailUrl\":\"https:\/\/lottomat.com\/wp-content\/uploads\/2025\/10\/Powerball-jackpot-300x300.webp\",\"datePublished\":\"2025-03-26T10:16:37+00:00\",\"dateModified\":\"2026-02-17T12:48:46+00:00\",\"description\":\"Consulta los premios, el bote y las reglas de juego de Powerball. Descubre m\u00e1s sobre tus posibilidades de ganar en esta loter\u00eda americana.\",\"breadcrumb\":{\"@id\":\"https:\/\/lottomat.com\/es\/loterias\/informacion-de-powerball\/#breadcrumb\"},\"inLanguage\":\"es\",\"potentialAction\":[{\"@type\":\"ReadAction\",\"target\":[\"https:\/\/lottomat.com\/es\/loterias\/informacion-de-powerball\/\"]}]},{\"@type\":\"ImageObject\",\"inLanguage\":\"es\",\"@id\":\"https:\/\/lottomat.com\/es\/loterias\/informacion-de-powerball\/#primaryimage\",\"url\":\"https:\/\/lottomat.com\/wp-content\/uploads\/2025\/10\/Powerball-jackpot-300x300.webp\",\"contentUrl\":\"https:\/\/lottomat.com\/wp-content\/uploads\/2025\/10\/Powerball-jackpot-300x300.webp\"},{\"@type\":\"BreadcrumbList\",\"@id\":\"https:\/\/lottomat.com\/es\/loterias\/informacion-de-powerball\/#breadcrumb\",\"itemListElement\":[{\"@type\":\"ListItem\",\"position\":1,\"name\":\"Home\",\"item\":\"https:\/\/lottomat.com\/es\/\"},{\"@type\":\"ListItem\",\"position\":2,\"name\":\"Reglas de Loter\u00eda: Premios, Premio Mayor y Probabilidades\",\"item\":\"https:\/\/lottomat.com\/es\/loterias\/\"},{\"@type\":\"ListItem\",\"position\":3,\"name\":\"Premios, reglas y bote de Powerball\"}]},{\"@type\":\"WebSite\",\"@id\":\"https:\/\/lottomat.com\/es\/#website\",\"url\":\"https:\/\/lottomat.com\/es\/\",\"name\":\"Lottomat\",\"description\":\"\",\"potentialAction\":[{\"@type\":\"SearchAction\",\"target\":{\"@type\":\"EntryPoint\",\"urlTemplate\":\"https:\/\/lottomat.com\/es\/?s={search_term_string}\"},\"query-input\":{\"@type\":\"PropertyValueSpecification\",\"valueRequired\":true,\"valueName\":\"search_term_string\"}}],\"inLanguage\":\"es\"}]}<\/script>\n<!-- \/ Yoast SEO plugin. -->","yoast_head_json":{"title":"Premios, reglas y bote de Powerball - Lottomat","description":"Consulta los premios, el bote y las reglas de juego de Powerball. Descubre m\u00e1s sobre tus posibilidades de ganar en esta loter\u00eda americana.","robots":{"index":"index","follow":"follow","max-snippet":"max-snippet:-1","max-image-preview":"max-image-preview:large","max-video-preview":"max-video-preview:-1"},"canonical":"https:\/\/lottomat.com\/es\/loterias\/informacion-de-powerball\/","og_locale":"es_ES","og_type":"article","og_title":"Premios, reglas y bote de Powerball - Lottomat","og_description":"Consulta los premios, el bote y las reglas de juego de Powerball. Descubre m\u00e1s sobre tus posibilidades de ganar en esta loter\u00eda americana.","og_url":"https:\/\/lottomat.com\/es\/loterias\/informacion-de-powerball\/","og_site_name":"Lottomat","article_modified_time":"2026-02-17T12:48:46+00:00","og_image":[{"url":"https:\/\/lottomat.com\/wp-content\/uploads\/2025\/10\/Powerball-jackpot-300x300.webp"}],"twitter_card":"summary_large_image","twitter_misc":{"Tiempo de lectura":"6 minutos"},"schema":{"@context":"https:\/\/schema.org","@graph":[{"@type":"WebPage","@id":"https:\/\/lottomat.com\/es\/loterias\/informacion-de-powerball\/","url":"https:\/\/lottomat.com\/es\/loterias\/informacion-de-powerball\/","name":"Premios, reglas y bote de Powerball - Lottomat","isPartOf":{"@id":"https:\/\/lottomat.com\/es\/#website"},"primaryImageOfPage":{"@id":"https:\/\/lottomat.com\/es\/loterias\/informacion-de-powerball\/#primaryimage"},"image":{"@id":"https:\/\/lottomat.com\/es\/loterias\/informacion-de-powerball\/#primaryimage"},"thumbnailUrl":"https:\/\/lottomat.com\/wp-content\/uploads\/2025\/10\/Powerball-jackpot-300x300.webp","datePublished":"2025-03-26T10:16:37+00:00","dateModified":"2026-02-17T12:48:46+00:00","description":"Consulta los premios, el bote y las reglas de juego de Powerball. Descubre m\u00e1s sobre tus posibilidades de ganar en esta loter\u00eda americana.","breadcrumb":{"@id":"https:\/\/lottomat.com\/es\/loterias\/informacion-de-powerball\/#breadcrumb"},"inLanguage":"es","potentialAction":[{"@type":"ReadAction","target":["https:\/\/lottomat.com\/es\/loterias\/informacion-de-powerball\/"]}]},{"@type":"ImageObject","inLanguage":"es","@id":"https:\/\/lottomat.com\/es\/loterias\/informacion-de-powerball\/#primaryimage","url":"https:\/\/lottomat.com\/wp-content\/uploads\/2025\/10\/Powerball-jackpot-300x300.webp","contentUrl":"https:\/\/lottomat.com\/wp-content\/uploads\/2025\/10\/Powerball-jackpot-300x300.webp"},{"@type":"BreadcrumbList","@id":"https:\/\/lottomat.com\/es\/loterias\/informacion-de-powerball\/#breadcrumb","itemListElement":[{"@type":"ListItem","position":1,"name":"Home","item":"https:\/\/lottomat.com\/es\/"},{"@type":"ListItem","position":2,"name":"Reglas de Loter\u00eda: Premios, Premio Mayor y Probabilidades","item":"https:\/\/lottomat.com\/es\/loterias\/"},{"@type":"ListItem","position":3,"name":"Premios, reglas y bote de Powerball"}]},{"@type":"WebSite","@id":"https:\/\/lottomat.com\/es\/#website","url":"https:\/\/lottomat.com\/es\/","name":"Lottomat","description":"","potentialAction":[{"@type":"SearchAction","target":{"@type":"EntryPoint","urlTemplate":"https:\/\/lottomat.com\/es\/?s={search_term_string}"},"query-input":{"@type":"PropertyValueSpecification","valueRequired":true,"valueName":"search_term_string"}}],"inLanguage":"es"}]}},"_links":{"self":[{"href":"https:\/\/lottomat.com\/es\/wp-json\/wp\/v2\/pages\/10630","targetHints":{"allow":["GET"]}}],"collection":[{"href":"https:\/\/lottomat.com\/es\/wp-json\/wp\/v2\/pages"}],"about":[{"href":"https:\/\/lottomat.com\/es\/wp-json\/wp\/v2\/types\/page"}],"author":[{"embeddable":true,"href":"https:\/\/lottomat.com\/es\/wp-json\/wp\/v2\/users\/1"}],"replies":[{"embeddable":true,"href":"https:\/\/lottomat.com\/es\/wp-json\/wp\/v2\/comments?post=10630"}],"version-history":[{"count":2,"href":"https:\/\/lottomat.com\/es\/wp-json\/wp\/v2\/pages\/10630\/revisions"}],"predecessor-version":[{"id":271292,"href":"https:\/\/lottomat.com\/es\/wp-json\/wp\/v2\/pages\/10630\/revisions\/271292"}],"up":[{"embeddable":true,"href":"https:\/\/lottomat.com\/es\/wp-json\/wp\/v2\/pages\/6974"}],"wp:attachment":[{"href":"https:\/\/lottomat.com\/es\/wp-json\/wp\/v2\/media?parent=10630"}],"curies":[{"name":"wp","href":"https:\/\/api.w.org\/{rel}","templated":true}]}}