{"id":10118,"date":"2025-03-26T13:41:46","date_gmt":"2025-03-26T13:41:46","guid":{"rendered":"https:\/\/lottomat.net\/informacion-sobre-loterias\/informacion-de-mega-millions\/"},"modified":"2026-02-26T21:07:09","modified_gmt":"2026-02-26T21:07:09","slug":"mega-millions","status":"publish","type":"page","link":"https:\/\/lottomat.com\/es\/loterias\/mega-millions\/","title":{"rendered":"Premios, Reglas y Jackpot de Mega Millions"},"content":{"rendered":"\n\n<div class=\"kk-star-ratings kksr-auto kksr-align-left kksr-valign-top\"\n    data-payload='{&quot;align&quot;:&quot;left&quot;,&quot;id&quot;:&quot;10118&quot;,&quot;slug&quot;:&quot;default&quot;,&quot;valign&quot;:&quot;top&quot;,&quot;ignore&quot;:&quot;&quot;,&quot;reference&quot;:&quot;auto&quot;,&quot;class&quot;:&quot;&quot;,&quot;count&quot;:&quot;0&quot;,&quot;legendonly&quot;:&quot;&quot;,&quot;readonly&quot;:&quot;&quot;,&quot;score&quot;:&quot;0&quot;,&quot;starsonly&quot;:&quot;&quot;,&quot;best&quot;:&quot;5&quot;,&quot;gap&quot;:&quot;5&quot;,&quot;greet&quot;:&quot;Rate this page&quot;,&quot;legend&quot;:&quot;0\\\/5 - (0 votos)&quot;,&quot;size&quot;:&quot;30&quot;,&quot;title&quot;:&quot;Premios, Reglas y Jackpot de Mega Millions&quot;,&quot;width&quot;:&quot;0&quot;,&quot;_legend&quot;:&quot;{score}\\\/{best} - ({count} {votes})&quot;,&quot;font_factor&quot;:&quot;1.25&quot;}'>\n            \n<div class=\"kksr-stars\">\n    \n<div class=\"kksr-stars-inactive\">\n            <div class=\"kksr-star\" data-star=\"1\" style=\"padding-right: 5px\">\n            \n\n<div class=\"kksr-icon\" style=\"width: 30px; height: 30px;\"><\/div>\n        <\/div>\n            <div class=\"kksr-star\" data-star=\"2\" style=\"padding-right: 5px\">\n            \n\n<div class=\"kksr-icon\" style=\"width: 30px; height: 30px;\"><\/div>\n        <\/div>\n            <div class=\"kksr-star\" data-star=\"3\" style=\"padding-right: 5px\">\n            \n\n<div class=\"kksr-icon\" style=\"width: 30px; height: 30px;\"><\/div>\n        <\/div>\n            <div class=\"kksr-star\" data-star=\"4\" style=\"padding-right: 5px\">\n            \n\n<div class=\"kksr-icon\" style=\"width: 30px; height: 30px;\"><\/div>\n        <\/div>\n            <div class=\"kksr-star\" data-star=\"5\" style=\"padding-right: 5px\">\n            \n\n<div class=\"kksr-icon\" style=\"width: 30px; height: 30px;\"><\/div>\n        <\/div>\n    <\/div>\n    \n<div class=\"kksr-stars-active\" style=\"width: 0px;\">\n            <div class=\"kksr-star\" style=\"padding-right: 5px\">\n            \n\n<div class=\"kksr-icon\" style=\"width: 30px; height: 30px;\"><\/div>\n        <\/div>\n            <div class=\"kksr-star\" style=\"padding-right: 5px\">\n            \n\n<div class=\"kksr-icon\" style=\"width: 30px; height: 30px;\"><\/div>\n        <\/div>\n            <div class=\"kksr-star\" style=\"padding-right: 5px\">\n            \n\n<div class=\"kksr-icon\" style=\"width: 30px; height: 30px;\"><\/div>\n        <\/div>\n            <div class=\"kksr-star\" style=\"padding-right: 5px\">\n            \n\n<div class=\"kksr-icon\" style=\"width: 30px; height: 30px;\"><\/div>\n        <\/div>\n            <div class=\"kksr-star\" style=\"padding-right: 5px\">\n            \n\n<div class=\"kksr-icon\" style=\"width: 30px; height: 30px;\"><\/div>\n        <\/div>\n    <\/div>\n<\/div>\n                \n\n<div class=\"kksr-legend\" style=\"font-size: 24px;\">\n            <span class=\"kksr-muted\">Rate this page<\/span>\n    <\/div>\n    <\/div>\n<p><strong>\u00bfQuieres ganar los premios y jackpots de Mega Millions?<\/strong> Jugadores de todo el mundo se preguntan constantemente c\u00f3mo descifrar el sistema en los juegos de n\u00fameros, en qu\u00e9 loter\u00eda apostar, si jugar en combinaciones o mantenerse fiel a un solo juego. Lamentablemente, no existe una respuesta \u00fanica y universal a esa pregunta. Cada jugador de loter\u00eda con experiencia tiene sus propias teor\u00edas, creencias y costumbres. Lo que s\u00ed se puede hacer es, ante todo, aprender todo lo posible sobre las distintas loter\u00edas en l\u00ednea para tomar una decisi\u00f3n informada sobre qu\u00e9 jugar. Todo lo que necesitas saber sobre los mejores y m\u00e1s populares juegos de azar en l\u00ednea lo encontrar\u00e1s en la p\u00e1gina web de LottoMat. Tambi\u00e9n es donde puedes jugar a tu loter\u00eda preferida o <a href=\"https:\/\/lottomat.com\/es\/resultados\/\">consultar los \u00faltimos resultados de los sorteos de loter\u00eda<\/a>. En el art\u00edculo a continuaci\u00f3n, nos centraremos en los premios, las reglas y la informaci\u00f3n esencial sobre Mega Millions.<\/p>\n<h2>\u00bfQu\u00e9 es la loter\u00eda Mega Millions?<img loading=\"lazy\" decoding=\"async\" class=\"alignright wp-image-253136\" src=\"https:\/\/lottomat.com\/wp-content\/uploads\/2025\/10\/prizes-and-jackpot.webp\" alt=\"premios y jackpot\" width=\"200\" height=\"200\" srcset=\"https:\/\/lottomat.com\/wp-content\/uploads\/2025\/10\/prizes-and-jackpot.webp 400w, https:\/\/lottomat.com\/wp-content\/uploads\/2025\/10\/prizes-and-jackpot-300x300.webp 300w, https:\/\/lottomat.com\/wp-content\/uploads\/2025\/10\/prizes-and-jackpot-150x150.webp 150w, https:\/\/lottomat.com\/wp-content\/uploads\/2025\/10\/prizes-and-jackpot-100x100.webp 100w\" sizes=\"auto, (max-width: 200px) 100vw, 200px\" \/><\/h2>\n<p>Mega Millions en l\u00ednea, junto con el juego Powerball, es la loter\u00eda americana de n\u00fameros m\u00e1s popular. Su fama se debe a sus reglas sencillas y f\u00e1ciles de entender, a sus premios astron\u00f3micos y, sobre todo, a sus incre\u00edbles posibilidades de ganar. Emociones sin precedentes acompa\u00f1an cada sorteo, y cuando hay un jackpot de Mega Millions, no solo los jugadores se vuelven locos, sino tambi\u00e9n quienes ni siquiera participan en el juego. Los boletos de esta loter\u00eda los compra pr\u00e1cticamente todo americano, incluso aquellos que no est\u00e1n especialmente interesados en los juegos de azar. Los jackpots no solo entusiasman a los estadounidenses; el juego goza tambi\u00e9n de gran popularidad en todo el mundo. Gracias a la posibilidad de <a href=\"https:\/\/lottomat.com\/es\/jugar\/jugar-a-mega-millions-en-linea\/\">jugar a Mega Millions en l\u00ednea<\/a>, cualquier adulto puede participar en esta incre\u00edble loter\u00eda desde cualquier rinc\u00f3n del mundo.<\/p>\n<h2>\u00bfCu\u00e1l es la historia de Mega Millions?<\/h2>\n<p>Esta loter\u00eda fue fundada en 1996 y se llamaba inicialmente The Big Game, nombre que seis a\u00f1os despu\u00e9s fue cambiado por el que se conoce hoy en d\u00eda: Mega Millions. En un principio, solo estaba disponible en seis estados: Georgia, Maryland, Illinois, Massachusetts, Virginia y Michigan. Actualmente, Mega Millions cuenta con oficinas de loter\u00eda en <strong>45 estados, el Distrito de Columbia y las Islas V\u00edrgenes de los Estados Unidos<\/strong>. El sorteo de la loter\u00eda Mega Millions se celebra cada <strong>mi\u00e9rcoles y s\u00e1bado por la noche a las 03:00 UTC<\/strong>, incluyendo los d\u00edas festivos oficiales de la Loter\u00eda de Georgia. Los sorteos de los premios de Mega Millions y el jackpot principal tienen lugar en Georgia, concretamente en Atlanta.<\/p>\n<h2><img loading=\"lazy\" decoding=\"async\" class=\"alignleft wp-image-253166\" src=\"https:\/\/lottomat.com\/wp-content\/uploads\/2025\/10\/Mega-Millions-jackpot.webp\" alt=\"jackpot de Mega Millions\" width=\"200\" height=\"200\" srcset=\"https:\/\/lottomat.com\/wp-content\/uploads\/2025\/10\/Mega-Millions-jackpot.webp 400w, https:\/\/lottomat.com\/wp-content\/uploads\/2025\/10\/Mega-Millions-jackpot-300x300.webp 300w, https:\/\/lottomat.com\/wp-content\/uploads\/2025\/10\/Mega-Millions-jackpot-150x150.webp 150w, https:\/\/lottomat.com\/wp-content\/uploads\/2025\/10\/Mega-Millions-jackpot-100x100.webp 100w\" sizes=\"auto, (max-width: 200px) 100vw, 200px\" \/>\u00bfCu\u00e1les son las reglas de Mega Millions?<\/h2>\n<p>Las reglas actuales de Mega Millions son muy sencillas, similares a las de otras loter\u00edas. Para jugar, debes seleccionar <strong>cinco n\u00fameros de un grupo de 70 n\u00fameros<\/strong> y un n\u00famero adicional (llamado Mega Ball) de un <strong>grupo de 24 bolas doradas<\/strong>. El n\u00famero adicional se llama Mega Ball y se extrae de un segundo conjunto de n\u00fameros, lo que permite que coincida con un n\u00famero principal sorteado.<\/p>\n<h3>Cambios clave en 2025<\/h3>\n<ul class=\"list\">\n<li><strong>Precio del boleto:<\/strong> Ahora cuesta 5 $ por jugada (aumentado desde 2 $)<\/li>\n<li><strong>Multiplicador integrado:<\/strong> Cada boleto incluye autom\u00e1ticamente un multiplicador (2X, 3X, 4X, 5X o 10X)<\/li>\n<li><strong>Jackpot inicial:<\/strong> Aumentado de 20 millones a 50 millones de d\u00f3lares<\/li>\n<li><strong>Mejores probabilidades:<\/strong> Las probabilidades del jackpot mejoraron de 1 entre 302.575.350 a 1 entre 290.472.336<\/li>\n<li><strong>Grupo del Mega Ball:<\/strong> Reducido de 25 a 24 n\u00fameros<\/li>\n<\/ul>\n<p><strong>Acertar los seis n\u00fameros correctamente<\/strong> te hace ganar el premio principal. <strong>Los premios de segundo nivel oscilan entre 2 y 10 millones de d\u00f3lares<\/strong> (seg\u00fan el multiplicador), y los jugadores pueden ganar acertando cinco n\u00fameros b\u00e1sicos del grupo mayor. <strong>Diferencias colosales separan<\/strong> el primer y el segundo nivel de los premios de Mega Millions. Si tras un sorteo resulta que nadie ha acertado todos los n\u00fameros de la loter\u00eda, se produce un rollover. El jackpot en un rollover de Mega Millions puede alcanzar cifras incre\u00edblemente elevadas. Por eso, comprar boletos de la loter\u00eda Mega Millions en l\u00ednea durante un rollover es, sin duda, una muy buena idea.<\/p>\n<h2>\u00bfCu\u00e1les son los mayores jackpots de Mega Millions en la historia?<img loading=\"lazy\" decoding=\"async\" class=\"alignright wp-image-253196\" src=\"https:\/\/lottomat.com\/wp-content\/uploads\/2025\/10\/rules-of-playing.webp\" alt=\"reglas del juego\" width=\"200\" height=\"200\" srcset=\"https:\/\/lottomat.com\/wp-content\/uploads\/2025\/10\/rules-of-playing.webp 400w, https:\/\/lottomat.com\/wp-content\/uploads\/2025\/10\/rules-of-playing-300x300.webp 300w, https:\/\/lottomat.com\/wp-content\/uploads\/2025\/10\/rules-of-playing-150x150.webp 150w, https:\/\/lottomat.com\/wp-content\/uploads\/2025\/10\/rules-of-playing-100x100.webp 100w\" sizes=\"auto, (max-width: 200px) 100vw, 200px\" \/><\/h2>\n<p>Los cinco jackpots m\u00e1s grandes jam\u00e1s ganados en Mega Millions son:<\/p>\n<ol class=\"list\">\n<li><strong>1.602 millones de d\u00f3lares<\/strong> (8 de agosto de 2023) &#8211; Ganado en Florida<\/li>\n<li><strong>1.537 millones de d\u00f3lares<\/strong> (23 de octubre de 2018) &#8211; Ganado en Carolina del Sur<\/li>\n<li><strong>1.350 millones de d\u00f3lares<\/strong> (13 de enero de 2023) &#8211; Ganado en Maine<\/li>\n<li><strong>1.337 millones de d\u00f3lares<\/strong> (29 de julio de 2022) &#8211; Ganado en Illinois<\/li>\n<li><strong>1.220 millones de d\u00f3lares<\/strong> (27 de diciembre de 2024) &#8211; Ganado en California<\/li>\n<\/ol>\n<p>Estos jackpots r\u00e9cord demuestran el incre\u00edble potencial de los rollovers de Mega Millions y evidencian que este juego ha generado algunos de los premios de loter\u00eda m\u00e1s grandes de la historia mundial.<\/p>\n<h2>\u00bfCu\u00e1l es el riesgo de jugar a Mega Millions?<\/h2>\n<p>Suele decirse que no hay placer sin riesgo, y es cierto. En el caso de Mega Millions, este dicho adquiere un significado especial. Y el riesgo es, lamentablemente, muy alto. Las probabilidades de ganar el jackpot de Mega Millions acertando los seis n\u00fameros son de <strong>1 entre 290.472.336<\/strong> (a partir de 2025). Una probabilidad tan escasa puede desanimar a muchos jugadores, pero Mega Millions tiene sus incondicionales habituales. El riesgo es indudablemente elevado, pero asumirlo puede resultar muy rentable. Mega Millions es un juego para jugadores atrevidos que les gusta jugar con decisi\u00f3n y con la mira puesta en ganar millones. Los jugadores que prefieren ir sobre seguro y asumir pocos riesgos dif\u00edcilmente se sentir\u00e1n atra\u00eddos por Mega Millions. Por suerte, en la <a href=\"https:\/\/lottomat.com\/es\/\">p\u00e1gina web de LottoMat<\/a>, cada uno puede encontrar la loter\u00eda en l\u00ednea que mejor se adapta a sus preferencias.<\/p>\n<h2><img loading=\"lazy\" decoding=\"async\" class=\"alignleft wp-image-253226\" src=\"https:\/\/lottomat.com\/wp-content\/uploads\/2025\/10\/Mega-Millions-rules.webp\" alt=\"reglas de Mega Millions\" width=\"200\" height=\"200\" srcset=\"https:\/\/lottomat.com\/wp-content\/uploads\/2025\/10\/Mega-Millions-rules.webp 400w, https:\/\/lottomat.com\/wp-content\/uploads\/2025\/10\/Mega-Millions-rules-300x300.webp 300w, https:\/\/lottomat.com\/wp-content\/uploads\/2025\/10\/Mega-Millions-rules-150x150.webp 150w, https:\/\/lottomat.com\/wp-content\/uploads\/2025\/10\/Mega-Millions-rules-100x100.webp 100w\" sizes=\"auto, (max-width: 200px) 100vw, 200px\" \/>\u00bfCu\u00e1les son los premios de Mega Millions y cu\u00e1nto puedes ganar?<\/h2>\n<p>El valor garantizado del premio de primer nivel es ahora de <strong>50 millones de d\u00f3lares<\/strong> como jackpot inicial, un aumento significativo respecto a los anteriores umbrales de 15 y posteriormente 20 millones de d\u00f3lares. Este cambio ha hecho que el juego sea a\u00fan m\u00e1s emocionante y atractivo para los jugadores. Mega Millions ofrece nueve niveles de premios distintos, desde acertar solo el Mega Ball hasta llevarse el jackpot completo. El formato de 2025 incluye un <strong>multiplicador integrado<\/strong> que puede aumentar los premios que no sean el jackpot entre 2, 3, 4, 5 o 10 veces el importe base. Esto significa que incluso los premios m\u00e1s peque\u00f1os pueden convertirse en cantidades considerables. El premio de segundo nivel (acertando los cinco n\u00fameros principales sin el Mega Ball) puede oscilar ahora entre <strong>2 y 10 millones de d\u00f3lares<\/strong> seg\u00fan el multiplicador sorteado. Todos los dem\u00e1s niveles de premios tambi\u00e9n se benefician de esta funci\u00f3n de multiplicaci\u00f3n autom\u00e1tica, lo que hace que cada boleto sea potencialmente m\u00e1s valioso que antes.<\/p>\n<h2>\u00bfQui\u00e9n puede jugar a Mega Millions y ganar premios?<\/h2>\n<p>Si est\u00e1s en los Estados Unidos, puedes comprar un boleto en una oficina de loter\u00eda f\u00edsica. Si est\u00e1s fuera de EE. UU., puedes utilizar la p\u00e1gina web de LottoMat, que ofrece la compra de boletos. En pocas palabras, a Mega Millions puede jugar <strong>cualquier persona con acceso a Internet que sea mayor de edad<\/strong>, es decir, que tenga m\u00e1s de dieciocho a\u00f1os. Actualmente, los jugadores de todo el mundo tienen el privilegio de enviar un boleto para cualquier loter\u00eda con un solo clic, rellenar tantos boletos como deseen y hacerlo desde cualquier lugar del mundo. Sin colas, sin necesidad de buscar una oficina de loter\u00eda, con tranquilidad, sin estr\u00e9s y sin elegir los n\u00fameros a toda prisa. En la p\u00e1gina web de LottoMat, tienes la oportunidad no solo de jugar a Mega Millions, sino tambi\u00e9n de informarte sobre los sorteos de loter\u00eda, c\u00f3mo jugar para ganar y <a href=\"https:\/\/lottomat.com\/es\/resultados\/resultados-de-mega-millions\/\">consultar los \u00faltimos resultados de Mega Millions<\/a>.<\/p>\n<h2>\u00bfCu\u00e1les son tus probabilidades de ganar en Mega Millions?<img loading=\"lazy\" decoding=\"async\" class=\"alignright wp-image-253256\" src=\"https:\/\/lottomat.com\/wp-content\/uploads\/2025\/10\/Mega-Millions-prizes.webp\" alt=\"premios de Mega Millions\" width=\"200\" height=\"200\" srcset=\"https:\/\/lottomat.com\/wp-content\/uploads\/2025\/10\/Mega-Millions-prizes.webp 400w, https:\/\/lottomat.com\/wp-content\/uploads\/2025\/10\/Mega-Millions-prizes-300x300.webp 300w, https:\/\/lottomat.com\/wp-content\/uploads\/2025\/10\/Mega-Millions-prizes-150x150.webp 150w, https:\/\/lottomat.com\/wp-content\/uploads\/2025\/10\/Mega-Millions-prizes-100x100.webp 100w\" sizes=\"auto, (max-width: 200px) 100vw, 200px\" \/><\/h2>\n<p>Las probabilidades generales de ganar cualquier premio en Mega Millions son de <strong>1 entre 23<\/strong> (mejoradas desde 1 entre 24 en 2025). Aunque las probabilidades del jackpot son astron\u00f3micas, existen m\u00faltiples niveles de premios que ofrecen mejores posibilidades de ganar cantidades menores. <strong>Recuerda:<\/strong> cada sorteo es aleatorio y cada combinaci\u00f3n de n\u00fameros tiene las mismas posibilidades de ser seleccionada que cualquier otra. El multiplicador integrado en 2025 garantiza que incluso los premios que no son el jackpot puedan ser considerables, con la posibilidad de ganar hasta <strong>10 veces<\/strong> el importe base del premio. Con jackpots que superan regularmente los cientos de millones y que de vez en cuando rompen la barrera de los mil millones de d\u00f3lares, Mega Millions sigue ofreciendo el sue\u00f1o de la riqueza instant\u00e1nea a jugadores de todo el pa\u00eds y del mundo entero.<\/p>\n<h2>Tabla de premios y probabilidades de Mega Millions<\/h2>\n","protected":false},"excerpt":{"rendered":"<p>\u00bfQuieres ganar los premios y jackpots de Mega Millions? Jugadores de todo el mundo se preguntan constantemente c\u00f3mo descifrar el sistema en los juegos de n\u00fameros, en qu\u00e9 loter\u00eda apostar, si jugar en combinaciones o mantenerse fiel a un solo juego. Lamentablemente, no existe una respuesta \u00fanica y universal a esa pregunta. Cada jugador de [&hellip;]<\/p>\n","protected":false},"author":2,"featured_media":0,"parent":6974,"menu_order":2,"comment_status":"closed","ping_status":"closed","template":"megamillion-info.php","meta":{"_et_pb_use_builder":"","_et_pb_old_content":"","_et_gb_content_width":"","exclude_from_search":false,"footnotes":""},"class_list":["post-10118","page","type-page","status-publish","hentry"],"yoast_head":"<!-- This site is optimized with the Yoast SEO plugin v23.8 - https:\/\/yoast.com\/wordpress\/plugins\/seo\/ -->\n<title>Premios, Reglas y Jackpot de Mega Millions - Lottomat<\/title>\n<meta name=\"description\" content=\"Tienes la oportunidad de ganar premios y el jackpot de Mega Millions. Mega Millions es una loter\u00eda incre\u00edble en la que los jackpots crecen como locos.\" \/>\n<meta name=\"robots\" content=\"index, follow, max-snippet:-1, max-image-preview:large, max-video-preview:-1\" \/>\n<link rel=\"canonical\" href=\"https:\/\/lottomat.com\/es\/loterias\/mega-millions\/\" \/>\n<meta property=\"og:locale\" content=\"es_ES\" \/>\n<meta property=\"og:type\" content=\"article\" \/>\n<meta property=\"og:title\" content=\"Premios, Reglas y Jackpot de Mega Millions - Lottomat\" \/>\n<meta property=\"og:description\" content=\"Tienes la oportunidad de ganar premios y el jackpot de Mega Millions. Mega Millions es una loter\u00eda incre\u00edble en la que los jackpots crecen como locos.\" \/>\n<meta property=\"og:url\" content=\"https:\/\/lottomat.com\/es\/loterias\/mega-millions\/\" \/>\n<meta property=\"og:site_name\" content=\"Lottomat\" \/>\n<meta property=\"article:modified_time\" content=\"2026-02-26T21:07:09+00:00\" \/>\n<meta property=\"og:image\" content=\"https:\/\/lottomat.com\/wp-content\/uploads\/2025\/10\/prizes-and-jackpot.webp\" \/>\n\t<meta property=\"og:image:width\" content=\"400\" \/>\n\t<meta property=\"og:image:height\" content=\"400\" \/>\n\t<meta property=\"og:image:type\" content=\"image\/webp\" \/>\n<meta name=\"twitter:card\" content=\"summary_large_image\" \/>\n<meta name=\"twitter:label1\" content=\"Tiempo de lectura\" \/>\n\t<meta name=\"twitter:data1\" content=\"8 minutos\" \/>\n<script type=\"application\/ld+json\" class=\"yoast-schema-graph\">{\"@context\":\"https:\/\/schema.org\",\"@graph\":[{\"@type\":\"WebPage\",\"@id\":\"https:\/\/lottomat.com\/es\/loterias\/mega-millions\/\",\"url\":\"https:\/\/lottomat.com\/es\/loterias\/mega-millions\/\",\"name\":\"Premios, Reglas y Jackpot de Mega Millions - Lottomat\",\"isPartOf\":{\"@id\":\"https:\/\/lottomat.com\/es\/#website\"},\"primaryImageOfPage\":{\"@id\":\"https:\/\/lottomat.com\/es\/loterias\/mega-millions\/#primaryimage\"},\"image\":{\"@id\":\"https:\/\/lottomat.com\/es\/loterias\/mega-millions\/#primaryimage\"},\"thumbnailUrl\":\"https:\/\/lottomat.com\/wp-content\/uploads\/2025\/10\/prizes-and-jackpot.webp\",\"datePublished\":\"2025-03-26T13:41:46+00:00\",\"dateModified\":\"2026-02-26T21:07:09+00:00\",\"description\":\"Tienes la oportunidad de ganar premios y el jackpot de Mega Millions. Mega Millions es una loter\u00eda incre\u00edble en la que los jackpots crecen como locos.\",\"breadcrumb\":{\"@id\":\"https:\/\/lottomat.com\/es\/loterias\/mega-millions\/#breadcrumb\"},\"inLanguage\":\"es\",\"potentialAction\":[{\"@type\":\"ReadAction\",\"target\":[\"https:\/\/lottomat.com\/es\/loterias\/mega-millions\/\"]}]},{\"@type\":\"ImageObject\",\"inLanguage\":\"es\",\"@id\":\"https:\/\/lottomat.com\/es\/loterias\/mega-millions\/#primaryimage\",\"url\":\"https:\/\/lottomat.com\/wp-content\/uploads\/2025\/10\/prizes-and-jackpot.webp\",\"contentUrl\":\"https:\/\/lottomat.com\/wp-content\/uploads\/2025\/10\/prizes-and-jackpot.webp\"},{\"@type\":\"BreadcrumbList\",\"@id\":\"https:\/\/lottomat.com\/es\/loterias\/mega-millions\/#breadcrumb\",\"itemListElement\":[{\"@type\":\"ListItem\",\"position\":1,\"name\":\"Home\",\"item\":\"https:\/\/lottomat.com\/es\/\"},{\"@type\":\"ListItem\",\"position\":2,\"name\":\"Reglas de Loter\u00eda: Premios, Premio Mayor y Probabilidades\",\"item\":\"https:\/\/lottomat.com\/es\/loterias\/\"},{\"@type\":\"ListItem\",\"position\":3,\"name\":\"Premios, Reglas y Jackpot de Mega Millions\"}]},{\"@type\":\"WebSite\",\"@id\":\"https:\/\/lottomat.com\/es\/#website\",\"url\":\"https:\/\/lottomat.com\/es\/\",\"name\":\"Lottomat\",\"description\":\"\",\"potentialAction\":[{\"@type\":\"SearchAction\",\"target\":{\"@type\":\"EntryPoint\",\"urlTemplate\":\"https:\/\/lottomat.com\/es\/?s={search_term_string}\"},\"query-input\":{\"@type\":\"PropertyValueSpecification\",\"valueRequired\":true,\"valueName\":\"search_term_string\"}}],\"inLanguage\":\"es\"}]}<\/script>\n<!-- \/ Yoast SEO plugin. -->","yoast_head_json":{"title":"Premios, Reglas y Jackpot de Mega Millions - Lottomat","description":"Tienes la oportunidad de ganar premios y el jackpot de Mega Millions. Mega Millions es una loter\u00eda incre\u00edble en la que los jackpots crecen como locos.","robots":{"index":"index","follow":"follow","max-snippet":"max-snippet:-1","max-image-preview":"max-image-preview:large","max-video-preview":"max-video-preview:-1"},"canonical":"https:\/\/lottomat.com\/es\/loterias\/mega-millions\/","og_locale":"es_ES","og_type":"article","og_title":"Premios, Reglas y Jackpot de Mega Millions - Lottomat","og_description":"Tienes la oportunidad de ganar premios y el jackpot de Mega Millions. Mega Millions es una loter\u00eda incre\u00edble en la que los jackpots crecen como locos.","og_url":"https:\/\/lottomat.com\/es\/loterias\/mega-millions\/","og_site_name":"Lottomat","article_modified_time":"2026-02-26T21:07:09+00:00","og_image":[{"width":400,"height":400,"url":"https:\/\/lottomat.com\/wp-content\/uploads\/2025\/10\/prizes-and-jackpot.webp","type":"image\/webp"}],"twitter_card":"summary_large_image","twitter_misc":{"Tiempo de lectura":"8 minutos"},"schema":{"@context":"https:\/\/schema.org","@graph":[{"@type":"WebPage","@id":"https:\/\/lottomat.com\/es\/loterias\/mega-millions\/","url":"https:\/\/lottomat.com\/es\/loterias\/mega-millions\/","name":"Premios, Reglas y Jackpot de Mega Millions - Lottomat","isPartOf":{"@id":"https:\/\/lottomat.com\/es\/#website"},"primaryImageOfPage":{"@id":"https:\/\/lottomat.com\/es\/loterias\/mega-millions\/#primaryimage"},"image":{"@id":"https:\/\/lottomat.com\/es\/loterias\/mega-millions\/#primaryimage"},"thumbnailUrl":"https:\/\/lottomat.com\/wp-content\/uploads\/2025\/10\/prizes-and-jackpot.webp","datePublished":"2025-03-26T13:41:46+00:00","dateModified":"2026-02-26T21:07:09+00:00","description":"Tienes la oportunidad de ganar premios y el jackpot de Mega Millions. Mega Millions es una loter\u00eda incre\u00edble en la que los jackpots crecen como locos.","breadcrumb":{"@id":"https:\/\/lottomat.com\/es\/loterias\/mega-millions\/#breadcrumb"},"inLanguage":"es","potentialAction":[{"@type":"ReadAction","target":["https:\/\/lottomat.com\/es\/loterias\/mega-millions\/"]}]},{"@type":"ImageObject","inLanguage":"es","@id":"https:\/\/lottomat.com\/es\/loterias\/mega-millions\/#primaryimage","url":"https:\/\/lottomat.com\/wp-content\/uploads\/2025\/10\/prizes-and-jackpot.webp","contentUrl":"https:\/\/lottomat.com\/wp-content\/uploads\/2025\/10\/prizes-and-jackpot.webp"},{"@type":"BreadcrumbList","@id":"https:\/\/lottomat.com\/es\/loterias\/mega-millions\/#breadcrumb","itemListElement":[{"@type":"ListItem","position":1,"name":"Home","item":"https:\/\/lottomat.com\/es\/"},{"@type":"ListItem","position":2,"name":"Reglas de Loter\u00eda: Premios, Premio Mayor y Probabilidades","item":"https:\/\/lottomat.com\/es\/loterias\/"},{"@type":"ListItem","position":3,"name":"Premios, Reglas y Jackpot de Mega Millions"}]},{"@type":"WebSite","@id":"https:\/\/lottomat.com\/es\/#website","url":"https:\/\/lottomat.com\/es\/","name":"Lottomat","description":"","potentialAction":[{"@type":"SearchAction","target":{"@type":"EntryPoint","urlTemplate":"https:\/\/lottomat.com\/es\/?s={search_term_string}"},"query-input":{"@type":"PropertyValueSpecification","valueRequired":true,"valueName":"search_term_string"}}],"inLanguage":"es"}]}},"_links":{"self":[{"href":"https:\/\/lottomat.com\/es\/wp-json\/wp\/v2\/pages\/10118","targetHints":{"allow":["GET"]}}],"collection":[{"href":"https:\/\/lottomat.com\/es\/wp-json\/wp\/v2\/pages"}],"about":[{"href":"https:\/\/lottomat.com\/es\/wp-json\/wp\/v2\/types\/page"}],"author":[{"embeddable":true,"href":"https:\/\/lottomat.com\/es\/wp-json\/wp\/v2\/users\/2"}],"replies":[{"embeddable":true,"href":"https:\/\/lottomat.com\/es\/wp-json\/wp\/v2\/comments?post=10118"}],"version-history":[{"count":3,"href":"https:\/\/lottomat.com\/es\/wp-json\/wp\/v2\/pages\/10118\/revisions"}],"predecessor-version":[{"id":271277,"href":"https:\/\/lottomat.com\/es\/wp-json\/wp\/v2\/pages\/10118\/revisions\/271277"}],"up":[{"embeddable":true,"href":"https:\/\/lottomat.com\/es\/wp-json\/wp\/v2\/pages\/6974"}],"wp:attachment":[{"href":"https:\/\/lottomat.com\/es\/wp-json\/wp\/v2\/media?parent=10118"}],"curies":[{"name":"wp","href":"https:\/\/api.w.org\/{rel}","templated":true}]}}