{"id":9928,"date":"2025-03-27T11:15:58","date_gmt":"2025-03-27T11:15:58","guid":{"rendered":"https:\/\/lottomat.net\/?page_id=9928"},"modified":"2025-04-10T08:50:20","modified_gmt":"2025-04-10T08:50:20","slug":"france-lotto","status":"publish","type":"page","link":"https:\/\/lottomat.com\/de\/ergebnisse\/france-lotto\/","title":{"rendered":"Franz\u00f6sische Lottozahlen"},"content":{"rendered":"\n\n<div class=\"kk-star-ratings kksr-auto kksr-align-left kksr-valign-top\"\n    data-payload='{&quot;align&quot;:&quot;left&quot;,&quot;id&quot;:&quot;9928&quot;,&quot;slug&quot;:&quot;default&quot;,&quot;valign&quot;:&quot;top&quot;,&quot;ignore&quot;:&quot;&quot;,&quot;reference&quot;:&quot;auto&quot;,&quot;class&quot;:&quot;&quot;,&quot;count&quot;:&quot;0&quot;,&quot;legendonly&quot;:&quot;&quot;,&quot;readonly&quot;:&quot;&quot;,&quot;score&quot;:&quot;0&quot;,&quot;starsonly&quot;:&quot;&quot;,&quot;best&quot;:&quot;5&quot;,&quot;gap&quot;:&quot;5&quot;,&quot;greet&quot;:&quot;Rate this page&quot;,&quot;legend&quot;:&quot;0\\\/5 - (0 votes)&quot;,&quot;size&quot;:&quot;30&quot;,&quot;title&quot;:&quot;Franz\u00f6sische Lottozahlen&quot;,&quot;width&quot;:&quot;0&quot;,&quot;_legend&quot;:&quot;{score}\\\/{best} - ({count} {votes})&quot;,&quot;font_factor&quot;:&quot;1.25&quot;}'>\n            \n<div class=\"kksr-stars\">\n    \n<div class=\"kksr-stars-inactive\">\n            <div class=\"kksr-star\" data-star=\"1\" style=\"padding-right: 5px\">\n            \n\n<div class=\"kksr-icon\" style=\"width: 30px; height: 30px;\"><\/div>\n        <\/div>\n            <div class=\"kksr-star\" data-star=\"2\" style=\"padding-right: 5px\">\n            \n\n<div class=\"kksr-icon\" style=\"width: 30px; height: 30px;\"><\/div>\n        <\/div>\n            <div class=\"kksr-star\" data-star=\"3\" style=\"padding-right: 5px\">\n            \n\n<div class=\"kksr-icon\" style=\"width: 30px; height: 30px;\"><\/div>\n        <\/div>\n            <div class=\"kksr-star\" data-star=\"4\" style=\"padding-right: 5px\">\n            \n\n<div class=\"kksr-icon\" style=\"width: 30px; height: 30px;\"><\/div>\n        <\/div>\n            <div class=\"kksr-star\" data-star=\"5\" style=\"padding-right: 5px\">\n            \n\n<div class=\"kksr-icon\" style=\"width: 30px; height: 30px;\"><\/div>\n        <\/div>\n    <\/div>\n    \n<div class=\"kksr-stars-active\" style=\"width: 0px;\">\n            <div class=\"kksr-star\" style=\"padding-right: 5px\">\n            \n\n<div class=\"kksr-icon\" style=\"width: 30px; height: 30px;\"><\/div>\n        <\/div>\n            <div class=\"kksr-star\" style=\"padding-right: 5px\">\n            \n\n<div class=\"kksr-icon\" style=\"width: 30px; height: 30px;\"><\/div>\n        <\/div>\n            <div class=\"kksr-star\" style=\"padding-right: 5px\">\n            \n\n<div class=\"kksr-icon\" style=\"width: 30px; height: 30px;\"><\/div>\n        <\/div>\n            <div class=\"kksr-star\" style=\"padding-right: 5px\">\n            \n\n<div class=\"kksr-icon\" style=\"width: 30px; height: 30px;\"><\/div>\n        <\/div>\n            <div class=\"kksr-star\" style=\"padding-right: 5px\">\n            \n\n<div class=\"kksr-icon\" style=\"width: 30px; height: 30px;\"><\/div>\n        <\/div>\n    <\/div>\n<\/div>\n                \n\n<div class=\"kksr-legend\" style=\"font-size: 24px;\">\n            <span class=\"kksr-muted\">Rate this page<\/span>\n    <\/div>\n    <\/div>\n<p>\u00dcberpr\u00fcfen Sie hier die Ergebnisse der franz\u00f6sischen Lotterie! Eine der beliebtesten Lotterien Europas ist nun f\u00fcr Spieler aus der ganzen Welt verf\u00fcgbar. Deshalb ist es wichtig, dass Sie nicht nur die Spielweise \u00fcberpr\u00fcfen, sondern auch genau wissen, wie und wann Sie die neuesten Ergebnisse der Frankreich Lotto 5\/49 Ziehung \u00fcberpr\u00fcfen m\u00fcssen. Wir laden Sie ein, Teil unserer Spielgemeinschaft bei Lottomat zu werden, wo Sie Lottoergebnisse online einsehen k\u00f6nnen.<\/p>\n<h2>Was waren die letzten Ergebnisse der Frankreich Lotto 5\/49 Ziehung?<\/h2>\n<p>Die letzten Ergebnisse der franz\u00f6sischen Lotterieziehung haben betr\u00e4chtliche Gewinne erzielt. Es ist erw\u00e4hnenswert, dass die Betr\u00e4ge, die an die Spieler ausgezahlt werden, von Ausgabe zu Ausgabe unterschiedlich sein k\u00f6nnen, auch abh\u00e4ngig von der Anzahl der Spieler. Gleichzeitig h\u00e4ngt die Art und Weise der Preisvergabe davon ab, wie viele Personen die gezogenen Zahlen korrekt getippt haben. Zum Beispiel \u00fcberstieg der Jackpot bei einer der letzten Frankreich Lotto Ziehungen 14 Millionen Euro.<\/p>\n<p>Daher k\u00f6nnen Sie erwarten, dass bei jeder Ausgabe der Frankreich Lotto 5\/49 die angebotenen Preise erheblich sind. Dank dieser beeindruckenden Betr\u00e4ge genie\u00dft Lotto Frankreich einen hervorragenden Ruf unter den internationalen Lotterien. Vergessen Sie nicht, das Spielarchiv zu \u00fcberpr\u00fcfen, bevor Sie an einer zuk\u00fcnftigen Ausgabe teilnehmen, um die Betr\u00e4ge zu verfolgen, die von Lotto Frankreich vergeben wurden. Spielen Sie Lotto Frankreich 5\/49 und gewinnen Sie ebenfalls einige der gr\u00f6\u00dften Preise mit Hilfe von Lottomat.<\/p>\n<h2>Wann finden die Frankreich Lotto 5\/49 Ziehungen statt?<\/h2>\n<p>Die Frankreich Lotto 5\/49 Ziehungen und Ergebnisse finden jeden Montag, Mittwoch und Samstag um 18:35 Uhr Ortszeit statt. Auf unserer Website k\u00f6nnen Sie die neuesten Ergebnisse der Ziehungen in Echtzeit verfolgen, und unsere Experten halten das Archiv der Lottoergebnisse immer auf dem neuesten Stand. Die auf unserer Plattform ver\u00f6ffentlichten Ergebnisse stammen aus offiziellen und \u00fcberpr\u00fcften Quellen.<br \/>\nDenken Sie nicht l\u00e4nger nach, spielen Sie und erfahren Sie die Ergebnisse der franz\u00f6sischen Lotterie direkt auf Lottomat.<\/p>\n<h2>Ergebnisse der franz\u00f6sischen Lotterie und besondere Ziehungen von Frankreich Lotto<\/h2>\n<p>Haupts\u00e4chlich gibt es zwei besondere Ziehungen der franz\u00f6sischen Lotterie: Grand Loto No\u00ebl und die Ziehung des Freitag, den 13. Grunds\u00e4tzlich gibt es zwei besondere Ziehungen: Die Ziehung des Freitag, den 13., und das Grand Loto de No\u00ebl.<br \/>\nDie Ziehung des Freitag, den 13., wird immer am Freitag, den 13., angesetzt \u2013 bei der eine erstaunliche Verlosung mit einem Sonderpreis von 13.000.000 \u20ac und zus\u00e4tzlichen 50 Festpreisen in einem 20.000 \u20ac Verlosungssystem durchgef\u00fchrt wird.<br \/>\nViele glauben, dass der Freitag, der 13., ein Ungl\u00fcckstag ist, aber die franz\u00f6sische Lotterie hat diesen Tag als besonderen Tag festgelegt, da die franz\u00f6sische Nationallotterie ihre erste Ziehung am Freitag, dem 13. Tag des Jahres 1930, hatte.<br \/>\nDas Grand Loto de No\u00ebl ist eine einzigartige Verlosung, die in Frankreich am 22. Dezember stattfindet, \u00e4hnlich dem Weihnachts-Gordo in Spanien. Die erste Gruppe hat einen Preiswert von 20.000.000 \u20ac \u2013 dieser Betrag wird zu den Preisen der anderen 8 Gruppen hinzugef\u00fcgt. Ein garantierter Preis von 20.000 \u20ac ist an besondere Verlosungen mit 100 Verlosungscodes gebunden.<\/p>\n<h2>Wie f\u00fcllt man Lotto-Tickets online aus?<\/h2>\n<p>Bei Lottomat haben Sie die M\u00f6glichkeit, neben der ber\u00fchmten Lotto Frankreich 5\/49 Lotterie auch viele andere Gl\u00fccksspiele zu spielen. Hier haben die Spieler die Freiheit, aus einer breiten Palette von Lotteriespielen zu w\u00e4hlen und noch vieles mehr.<br \/>\nWenn Sie sich entschieden haben, Lotto-Tickets f\u00fcr die n\u00e4chste Ziehung zu kaufen, sind dies die Schritte, die Sie unternehmen m\u00fcssen, um Ihre Erfahrung erfolgreich zu gestalten:<\/p>\n<ol>\n<li>Gehen Sie auf unsere Website, Lottomat, und w\u00e4hlen Sie die richtige Lotterie aus der Auswahl im Bereich &#8222;alle Lotterien&#8220;;<\/li>\n<li>Registrieren Sie sich mit einem neuen Benutzerkonto, das mit Ihren pers\u00f6nlichen Daten vervollst\u00e4ndigt wird;<\/li>\n<li>Nach der Validierung der Daten sind Sie bereit, Tickets online zu kaufen oder die Ergebnisse der franz\u00f6sischen Lotterie zu erfahren<\/li>\n<\/ol>\n<p>Sie k\u00f6nnen ein oder mehrere Tickets auf verschiedene Weisen ausf\u00fcllen. Wenn Sie ein Ticket kaufen, k\u00f6nnen Sie es manuell ausf\u00fcllen, indem Sie die Zahlen ausw\u00e4hlen, die Sie auf dem Ticket haben m\u00f6chten, oder Sie k\u00f6nnen die automatische Methode verwenden, die Ihr Ticket mit mehreren zuf\u00e4llig gew\u00e4hlten Zahlen aus dem Zahlengenerator ausf\u00fcllt.<br \/>\nSpielen Sie und gewinnen Sie den Lotto Frankreich Jackpot und Preise mit Lottomat, wo Sie auch die Ergebnisse der Frankreich Lotto 5\/49 einsehen k\u00f6nnen.<\/p>\n<h2>Frankreich Lotto Ergebnisse \u2013 am h\u00e4ufigsten gezogene Zahlen<\/h2>\n<p>Wie bei jedem anderen Gl\u00fccksspiel h\u00e4ngt das Erraten von Zahlen m\u00f6glicherweise nicht vollst\u00e4ndig von Statistiken oder anderen Ratschl\u00e4gen ab, die von verschiedenen Spielern gegeben werden. Wer jedoch seine Spieltaktik perfektionieren m\u00f6chte, kann auf verschiedene Methoden zur\u00fcckgreifen, um Ann\u00e4herungen an Zahlen zu erhalten, die ihnen g\u00fcnstige Ergebnisse bringen k\u00f6nnten.<\/p>\n<p>Zum Beispiel gibt es bestimmte Wahrscheinlichkeiten, die aus dem Archiv von Spielen extrahiert wurden und die von Experten als Zahlen mit h\u00f6herem Extraktionspotenzial dargestellt werden. Unsere Experten haben festgestellt, dass unter den am h\u00e4ufigsten gezogenen Zahlen aus der Frankreich Lotto Ziehung die folgenden Zahlen geh\u00f6ren: 1, 13, 16, 26, 29, 41. Ebenso ist die am wenigsten gl\u00fcckliche Zahl in dieser Ziehung die Zahl 19.<\/p>\n<h2>Warum sollten Sie Lotto Frankreich 5\/49 online spielen?<\/h2>\n<p>Lottos haben immer Spa\u00df gemacht, aber nicht viele verstehen die Faszination f\u00fcr dieses Spiel, obwohl es weltweit sehr verbreitet ist. Es gibt bestimmte Vorteile von Lotteriespielen wie Lotto Frankreich 5\/49.<br \/>\nErstens ist die Verf\u00fcgbarkeit des Spiels jetzt sehr einfach, da es in mehreren L\u00e4ndern direkt online verf\u00fcgbar ist. Zweitens zieht die Einfachheit des Spiels viele Teilnehmer an, was der Lotterie die M\u00f6glichkeit gibt, erhebliche Summen zu sammeln, um ebenso gro\u00dfe Preise anzubieten. Spielen Sie Lotto Frankreich 5\/49 online auf Lottomat und \u00fcberzeugen Sie sich selbst.<\/p>\n<h2>Erfahren Sie die Frankreich Lotto Ergebnisse bei Lottomat<\/h2>\n<p>Lotto Frankreich 5\/49 ist eine der besten Optionen, die Sie haben \u2013 mit einfachen Regeln und gro\u00dfen Preisen kann jeder Spieler der Gl\u00fcckliche sein. Spielen Sie und erfahren Sie sp\u00e4ter die Frankreich Lotto Ergebnisse direkt auf unserer Website.<br \/>\nSie k\u00f6nnen auch die neuesten Lottoergebnisse aller Lotterien einsehen, die auf unserer Website verf\u00fcgbar sind, dank unseres Lottoergebnis-Archivs. Viel Spa\u00df!<\/p>\n","protected":false},"excerpt":{"rendered":"<p>\u00dcberpr\u00fcfen Sie hier die Ergebnisse der franz\u00f6sischen Lotterie! Eine der beliebtesten Lotterien Europas ist nun f\u00fcr Spieler aus der ganzen Welt verf\u00fcgbar. Deshalb ist es wichtig, dass Sie nicht nur die Spielweise \u00fcberpr\u00fcfen, sondern auch genau wissen, wie und wann Sie die neuesten Ergebnisse der Frankreich Lotto 5\/49 Ziehung \u00fcberpr\u00fcfen m\u00fcssen. Wir laden Sie ein, [&hellip;]<\/p>\n","protected":false},"author":1,"featured_media":0,"parent":7413,"menu_order":11,"comment_status":"closed","ping_status":"closed","template":"lotto-fr-results.php","meta":{"_et_pb_use_builder":"","_et_pb_old_content":"","_et_gb_content_width":"","exclude_from_search":false,"footnotes":""},"class_list":["post-9928","page","type-page","status-publish","hentry"],"yoast_head":"<!-- This site is optimized with the Yoast SEO plugin v23.8 - https:\/\/yoast.com\/wordpress\/plugins\/seo\/ -->\n<title>Franz\u00f6sische Lottozahlen \u2013 Gewinnzahlen des franz\u00f6sischen Lottos \u2013 LottoMat<\/title>\n<meta name=\"description\" content=\"Franz\u00f6sische Lottozahlen und Gewinnzahlen \u2013 Sehen Sie sich jetzt die aktuellen Ziehungsergebnisse des franz\u00f6sischen Lottos an! Lotto France Zahlen.\" \/>\n<meta name=\"robots\" content=\"index, follow, max-snippet:-1, max-image-preview:large, max-video-preview:-1\" \/>\n<link rel=\"canonical\" href=\"https:\/\/lottomat.com\/de\/ergebnisse\/france-lotto\/\" \/>\n<meta property=\"og:locale\" content=\"de_DE\" \/>\n<meta property=\"og:type\" content=\"article\" \/>\n<meta property=\"og:title\" content=\"Franz\u00f6sische Lottozahlen \u2013 Gewinnzahlen des franz\u00f6sischen Lottos \u2013 LottoMat\" \/>\n<meta property=\"og:description\" content=\"Franz\u00f6sische Lottozahlen und Gewinnzahlen \u2013 Sehen Sie sich jetzt die aktuellen Ziehungsergebnisse des franz\u00f6sischen Lottos an! Lotto France Zahlen.\" \/>\n<meta property=\"og:url\" content=\"https:\/\/lottomat.com\/de\/ergebnisse\/france-lotto\/\" \/>\n<meta property=\"og:site_name\" content=\"Lottomat\" \/>\n<meta property=\"article:modified_time\" content=\"2025-04-10T08:50:20+00:00\" \/>\n<meta name=\"twitter:card\" content=\"summary_large_image\" \/>\n<meta name=\"twitter:label1\" content=\"Gesch\u00e4tzte Lesezeit\" \/>\n\t<meta name=\"twitter:data1\" content=\"5\u00a0Minuten\" \/>\n<script type=\"application\/ld+json\" class=\"yoast-schema-graph\">{\"@context\":\"https:\/\/schema.org\",\"@graph\":[{\"@type\":\"WebPage\",\"@id\":\"https:\/\/lottomat.com\/de\/ergebnisse\/france-lotto\/\",\"url\":\"https:\/\/lottomat.com\/de\/ergebnisse\/france-lotto\/\",\"name\":\"Franz\u00f6sische Lottozahlen \u2013 Gewinnzahlen des franz\u00f6sischen Lottos \u2013 LottoMat\",\"isPartOf\":{\"@id\":\"https:\/\/lottomat.com\/de\/#website\"},\"datePublished\":\"2025-03-27T11:15:58+00:00\",\"dateModified\":\"2025-04-10T08:50:20+00:00\",\"description\":\"Franz\u00f6sische Lottozahlen und Gewinnzahlen \u2013 Sehen Sie sich jetzt die aktuellen Ziehungsergebnisse des franz\u00f6sischen Lottos an! Lotto France Zahlen.\",\"breadcrumb\":{\"@id\":\"https:\/\/lottomat.com\/de\/ergebnisse\/france-lotto\/#breadcrumb\"},\"inLanguage\":\"de\",\"potentialAction\":[{\"@type\":\"ReadAction\",\"target\":[\"https:\/\/lottomat.com\/de\/ergebnisse\/france-lotto\/\"]}]},{\"@type\":\"BreadcrumbList\",\"@id\":\"https:\/\/lottomat.com\/de\/ergebnisse\/france-lotto\/#breadcrumb\",\"itemListElement\":[{\"@type\":\"ListItem\",\"position\":1,\"name\":\"Home\",\"item\":\"https:\/\/lottomat.com\/de\/\"},{\"@type\":\"ListItem\",\"position\":2,\"name\":\"Die Neuesten Lotterie-Ergebnisse &#038; Gewinnzahlen\",\"item\":\"https:\/\/lottomat.com\/de\/ergebnisse\/\"},{\"@type\":\"ListItem\",\"position\":3,\"name\":\"Franz\u00f6sische Lottozahlen\"}]},{\"@type\":\"WebSite\",\"@id\":\"https:\/\/lottomat.com\/de\/#website\",\"url\":\"https:\/\/lottomat.com\/de\/\",\"name\":\"Lottomat\",\"description\":\"\",\"potentialAction\":[{\"@type\":\"SearchAction\",\"target\":{\"@type\":\"EntryPoint\",\"urlTemplate\":\"https:\/\/lottomat.com\/de\/?s={search_term_string}\"},\"query-input\":{\"@type\":\"PropertyValueSpecification\",\"valueRequired\":true,\"valueName\":\"search_term_string\"}}],\"inLanguage\":\"de\"}]}<\/script>\n<!-- \/ Yoast SEO plugin. -->","yoast_head_json":{"title":"Franz\u00f6sische Lottozahlen \u2013 Gewinnzahlen des franz\u00f6sischen Lottos \u2013 LottoMat","description":"Franz\u00f6sische Lottozahlen und Gewinnzahlen \u2013 Sehen Sie sich jetzt die aktuellen Ziehungsergebnisse des franz\u00f6sischen Lottos an! Lotto France Zahlen.","robots":{"index":"index","follow":"follow","max-snippet":"max-snippet:-1","max-image-preview":"max-image-preview:large","max-video-preview":"max-video-preview:-1"},"canonical":"https:\/\/lottomat.com\/de\/ergebnisse\/france-lotto\/","og_locale":"de_DE","og_type":"article","og_title":"Franz\u00f6sische Lottozahlen \u2013 Gewinnzahlen des franz\u00f6sischen Lottos \u2013 LottoMat","og_description":"Franz\u00f6sische Lottozahlen und Gewinnzahlen \u2013 Sehen Sie sich jetzt die aktuellen Ziehungsergebnisse des franz\u00f6sischen Lottos an! Lotto France Zahlen.","og_url":"https:\/\/lottomat.com\/de\/ergebnisse\/france-lotto\/","og_site_name":"Lottomat","article_modified_time":"2025-04-10T08:50:20+00:00","twitter_card":"summary_large_image","twitter_misc":{"Gesch\u00e4tzte Lesezeit":"5\u00a0Minuten"},"schema":{"@context":"https:\/\/schema.org","@graph":[{"@type":"WebPage","@id":"https:\/\/lottomat.com\/de\/ergebnisse\/france-lotto\/","url":"https:\/\/lottomat.com\/de\/ergebnisse\/france-lotto\/","name":"Franz\u00f6sische Lottozahlen \u2013 Gewinnzahlen des franz\u00f6sischen Lottos \u2013 LottoMat","isPartOf":{"@id":"https:\/\/lottomat.com\/de\/#website"},"datePublished":"2025-03-27T11:15:58+00:00","dateModified":"2025-04-10T08:50:20+00:00","description":"Franz\u00f6sische Lottozahlen und Gewinnzahlen \u2013 Sehen Sie sich jetzt die aktuellen Ziehungsergebnisse des franz\u00f6sischen Lottos an! Lotto France Zahlen.","breadcrumb":{"@id":"https:\/\/lottomat.com\/de\/ergebnisse\/france-lotto\/#breadcrumb"},"inLanguage":"de","potentialAction":[{"@type":"ReadAction","target":["https:\/\/lottomat.com\/de\/ergebnisse\/france-lotto\/"]}]},{"@type":"BreadcrumbList","@id":"https:\/\/lottomat.com\/de\/ergebnisse\/france-lotto\/#breadcrumb","itemListElement":[{"@type":"ListItem","position":1,"name":"Home","item":"https:\/\/lottomat.com\/de\/"},{"@type":"ListItem","position":2,"name":"Die Neuesten Lotterie-Ergebnisse &#038; Gewinnzahlen","item":"https:\/\/lottomat.com\/de\/ergebnisse\/"},{"@type":"ListItem","position":3,"name":"Franz\u00f6sische Lottozahlen"}]},{"@type":"WebSite","@id":"https:\/\/lottomat.com\/de\/#website","url":"https:\/\/lottomat.com\/de\/","name":"Lottomat","description":"","potentialAction":[{"@type":"SearchAction","target":{"@type":"EntryPoint","urlTemplate":"https:\/\/lottomat.com\/de\/?s={search_term_string}"},"query-input":{"@type":"PropertyValueSpecification","valueRequired":true,"valueName":"search_term_string"}}],"inLanguage":"de"}]}},"_links":{"self":[{"href":"https:\/\/lottomat.com\/de\/wp-json\/wp\/v2\/pages\/9928","targetHints":{"allow":["GET"]}}],"collection":[{"href":"https:\/\/lottomat.com\/de\/wp-json\/wp\/v2\/pages"}],"about":[{"href":"https:\/\/lottomat.com\/de\/wp-json\/wp\/v2\/types\/page"}],"author":[{"embeddable":true,"href":"https:\/\/lottomat.com\/de\/wp-json\/wp\/v2\/users\/1"}],"replies":[{"embeddable":true,"href":"https:\/\/lottomat.com\/de\/wp-json\/wp\/v2\/comments?post=9928"}],"version-history":[{"count":0,"href":"https:\/\/lottomat.com\/de\/wp-json\/wp\/v2\/pages\/9928\/revisions"}],"up":[{"embeddable":true,"href":"https:\/\/lottomat.com\/de\/wp-json\/wp\/v2\/pages\/7413"}],"wp:attachment":[{"href":"https:\/\/lottomat.com\/de\/wp-json\/wp\/v2\/media?parent=9928"}],"curies":[{"name":"wp","href":"https:\/\/api.w.org\/{rel}","templated":true}]}}