{"id":9902,"date":"2025-03-27T11:37:07","date_gmt":"2025-03-27T11:37:07","guid":{"rendered":"https:\/\/lottomat.net\/lotterieergebnisse\/thunderball-ergebnisse\/"},"modified":"2025-04-08T09:30:05","modified_gmt":"2025-04-08T09:30:05","slug":"thunderball","status":"publish","type":"page","link":"https:\/\/lottomat.com\/de\/ergebnisse\/thunderball\/","title":{"rendered":"Thunderball-Ergebnisse"},"content":{"rendered":"\n\n<div class=\"kk-star-ratings kksr-auto kksr-align-left kksr-valign-top\"\n    data-payload='{&quot;align&quot;:&quot;left&quot;,&quot;id&quot;:&quot;9902&quot;,&quot;slug&quot;:&quot;default&quot;,&quot;valign&quot;:&quot;top&quot;,&quot;ignore&quot;:&quot;&quot;,&quot;reference&quot;:&quot;auto&quot;,&quot;class&quot;:&quot;&quot;,&quot;count&quot;:&quot;0&quot;,&quot;legendonly&quot;:&quot;&quot;,&quot;readonly&quot;:&quot;&quot;,&quot;score&quot;:&quot;0&quot;,&quot;starsonly&quot;:&quot;&quot;,&quot;best&quot;:&quot;5&quot;,&quot;gap&quot;:&quot;5&quot;,&quot;greet&quot;:&quot;Rate this page&quot;,&quot;legend&quot;:&quot;0\\\/5 - (0 votes)&quot;,&quot;size&quot;:&quot;30&quot;,&quot;title&quot;:&quot;Thunderball-Ergebnisse&quot;,&quot;width&quot;:&quot;0&quot;,&quot;_legend&quot;:&quot;{score}\\\/{best} - ({count} {votes})&quot;,&quot;font_factor&quot;:&quot;1.25&quot;}'>\n            \n<div class=\"kksr-stars\">\n    \n<div class=\"kksr-stars-inactive\">\n            <div class=\"kksr-star\" data-star=\"1\" style=\"padding-right: 5px\">\n            \n\n<div class=\"kksr-icon\" style=\"width: 30px; height: 30px;\"><\/div>\n        <\/div>\n            <div class=\"kksr-star\" data-star=\"2\" style=\"padding-right: 5px\">\n            \n\n<div class=\"kksr-icon\" style=\"width: 30px; height: 30px;\"><\/div>\n        <\/div>\n            <div class=\"kksr-star\" data-star=\"3\" style=\"padding-right: 5px\">\n            \n\n<div class=\"kksr-icon\" style=\"width: 30px; height: 30px;\"><\/div>\n        <\/div>\n            <div class=\"kksr-star\" data-star=\"4\" style=\"padding-right: 5px\">\n            \n\n<div class=\"kksr-icon\" style=\"width: 30px; height: 30px;\"><\/div>\n        <\/div>\n            <div class=\"kksr-star\" data-star=\"5\" style=\"padding-right: 5px\">\n            \n\n<div class=\"kksr-icon\" style=\"width: 30px; height: 30px;\"><\/div>\n        <\/div>\n    <\/div>\n    \n<div class=\"kksr-stars-active\" style=\"width: 0px;\">\n            <div class=\"kksr-star\" style=\"padding-right: 5px\">\n            \n\n<div class=\"kksr-icon\" style=\"width: 30px; height: 30px;\"><\/div>\n        <\/div>\n            <div class=\"kksr-star\" style=\"padding-right: 5px\">\n            \n\n<div class=\"kksr-icon\" style=\"width: 30px; height: 30px;\"><\/div>\n        <\/div>\n            <div class=\"kksr-star\" style=\"padding-right: 5px\">\n            \n\n<div class=\"kksr-icon\" style=\"width: 30px; height: 30px;\"><\/div>\n        <\/div>\n            <div class=\"kksr-star\" style=\"padding-right: 5px\">\n            \n\n<div class=\"kksr-icon\" style=\"width: 30px; height: 30px;\"><\/div>\n        <\/div>\n            <div class=\"kksr-star\" style=\"padding-right: 5px\">\n            \n\n<div class=\"kksr-icon\" style=\"width: 30px; height: 30px;\"><\/div>\n        <\/div>\n    <\/div>\n<\/div>\n                \n\n<div class=\"kksr-legend\" style=\"font-size: 24px;\">\n            <span class=\"kksr-muted\">Rate this page<\/span>\n    <\/div>\n    <\/div>\n<p>Lottomat ist die Anlaufstelle f\u00fcr alles rund ums Lotto. Von den aktuellsten Informationen und Tipps, wie Sie Ihre Thunderball-Gewinnchancen erh\u00f6hen, bis hin zu Gewinnaufschl\u00fcsselungen und nat\u00fcrlich den Ergebnissen. Neue Spieler k\u00f6nnen sich beim ersten Besuch unserer Seiten jedoch \u00fcberfordert f\u00fchlen. Genau deshalb haben wir diesen Text geschrieben. Danach k\u00f6nnen Sie die neuesten Thunderball-Ergebnisse schnell und effizient einsehen.<\/p>\n<h2><img loading=\"lazy\" decoding=\"async\" class=\"alignleft wp-image-5070\" src=\"https:\/\/lottomat.com\/wp-content\/uploads\/2025\/03\/All-You-Need-To-Know-About-Thunderball-Results-300x300.png\" alt=\"Alles, was Sie \u00fcber Thunderball-Ergebnisse wissen m\u00fcssen\" width=\"100\" height=\"100\" srcset=\"https:\/\/lottomat.com\/wp-content\/uploads\/2025\/03\/All-You-Need-To-Know-About-Thunderball-Results-300x300.png 300w, https:\/\/lottomat.com\/wp-content\/uploads\/2025\/03\/All-You-Need-To-Know-About-Thunderball-Results-150x150.png 150w, https:\/\/lottomat.com\/wp-content\/uploads\/2025\/03\/All-You-Need-To-Know-About-Thunderball-Results-100x100.png 100w, https:\/\/lottomat.com\/wp-content\/uploads\/2025\/03\/All-You-Need-To-Know-About-Thunderball-Results.png 400w\" sizes=\"auto, (max-width: 100px) 100vw, 100px\" \/>Alles, was Sie \u00fcber Thunderball-Ergebnisse wissen m\u00fcssen<\/h2>\n<p>Wir beginnen mit den Grundlagen. Thunderball-Ziehungen finden viermal pro Woche statt. Ja, Sie haben richtig gelesen. Es gibt nur wenige seri\u00f6se Lotterien mit so hohen Jackpots, die so h\u00e4ufig gezogen werden. Die Ziehungen finden jeweils Dienstag, Mittwoch, Freitag und Samstag statt. An jedem dieser Tage werden um 20 Uhr insgesamt sechs Zahlen gezogen: f\u00fcnf Hauptzahlen und eine Zusatzzahl, genannt \u201eThunderball\u201c.<\/p>\n<p>Ihr Gewinn h\u00e4ngt von der \u00dcbereinstimmung Ihrer getippten Zahlen mit denen aus dem Automaten ab. Thunderball-Gewinne sind in neun verschiedene Kategorien unterteilt:<\/p>\n<ol>\n<li>Hauptgewinn (Jackpot) \u2013 Gewinn bei allen sechs richtigen Zahlen inklusive Bonusball<\/li>\n<li>Zweiter Gewinn \u2013 Gewinn bei allen f\u00fcnf richtigen Zahlen, au\u00dfer der Bonuszahl<\/li>\n<li>Dritter Gewinn \u2013 Gewinn bei der richtigen 4+1-Kombination<\/li>\n<li>Vierter Gewinn \u2013 Gewinn bei vier richtigen Hauptzahlen<\/li>\n<li>F\u00fcnfter Gewinn \u2013 Die richtige 3+1-Kombination macht Sie zum Gewinner dieser Stufe<\/li>\n<li>Sechster Gewinn \u2013 Drei richtige Hauptzahlen gen\u00fcgen, um diesen Preis zu gewinnen<\/li>\n<li>Siebter Gewinn \u2013 Eine Kombination aus zwei Hauptzahlen und der Bonuszahl bringt Ihnen einen Gewinn<\/li>\n<li>Achter Gewinn \u2013 Eine richtige Hauptzahl und der Thunderball gen\u00fcgen, um diese Stufe zu gewinnen<\/li>\n<li>Neunter Gewinn \u2013 Der kleinste Geldpreis wird vergeben, indem Sie die richtige Thunderball-Zahl.<\/li>\n<\/ol>\n<p>Die f\u00fcnf Hauptzahlen k\u00f6nnen zwischen 1 und 50 liegen. Die Bonuszahl kann zwischen 1 und 12 liegen. Die Teilnahme mit Ihrem Los kostet nur 1 \u00a3 \u2013 ein Preis, der sich f\u00fcr die Chance lohnt, denn mit etwas Gl\u00fcck gewinnen Sie einen Jackpot, der ganz Ihnen geh\u00f6rt. Keine Aufteilung unter den Spielern!<\/p>\n<h2><img loading=\"lazy\" decoding=\"async\" class=\"alignleft wp-image-5099\" src=\"https:\/\/lottomat.com\/wp-content\/uploads\/2025\/03\/How-To-Check-The-Winning-Numbers-300x300.png\" alt=\"How To Check The Winning Numbers\" width=\"100\" height=\"100\" srcset=\"https:\/\/lottomat.com\/wp-content\/uploads\/2025\/03\/How-To-Check-The-Winning-Numbers-300x300.png 300w, https:\/\/lottomat.com\/wp-content\/uploads\/2025\/03\/How-To-Check-The-Winning-Numbers-150x150.png 150w, https:\/\/lottomat.com\/wp-content\/uploads\/2025\/03\/How-To-Check-The-Winning-Numbers-100x100.png 100w, https:\/\/lottomat.com\/wp-content\/uploads\/2025\/03\/How-To-Check-The-Winning-Numbers.png 400w\" sizes=\"auto, (max-width: 100px) 100vw, 100px\" \/>Wie kann man die Gewinnzahlen \u00fcberpr\u00fcfen?<\/h2>\n<p>Dies kann auf verschiedene Weise und an verschiedenen Orten erfolgen. Wenn Sie jedoch umfassende Ergebnisse mit allen Details zu jedem Datum erhalten m\u00f6chten, besuchen Sie am besten unsere Website. Dort k\u00f6nnen Sie Thunderball auch online spielen. Bevor wir beginnen, m\u00f6chten wir einige wichtige Fakten hervorheben, die unsere Behauptungen untermauern.<\/p>\n<ul>\n<li>Die Thunderball-Ergebnisse auf unserer Website sind f\u00fcr jeden zug\u00e4nglich. V\u00f6llig kostenlos!<\/li>\n<li>Wir erhalten die Ergebnisse direkt von der britischen Nationallotterie. Das bedeutet, dass sie 100 % genau und vertrauensw\u00fcrdig sind.<\/li>\n<li>Alles ist mit nur ein oder zwei Klicks leicht zug\u00e4nglich. Selbst wenn Sie nicht sehr technisch versiert sind, m\u00fcssen Sie nicht st\u00e4ndig um Hilfe bitten.<\/li>\n<\/ul>\n<p>Folgen Sie den f\u00fcnf einfachen Schritten unten, und Sie finden im Handumdrehen die gew\u00fcnschten Ergebnisse.<\/p>\n<ul>\n<li>Schritt 1: Rufen Sie die Lottomat-Website mit Ihrem bevorzugten Browser auf einem Desktop-Computer oder einem modernen Mobilger\u00e4t auf.<\/li>\n<li>Schritt 2: Suchen Sie nach der Startseite im oberen Men\u00fc nach der Option \u201eLotterieergebnisse\u201c. Klicken Sie darauf.<\/li>\n<li>Schritt 3: Sie werden zu einer Liste aller angebotenen Lotterien weitergeleitet. Suchen Sie nach Thunderball und klicken Sie auf \u201eErgebnisse\u201c.<\/li>\n<li>Schritt 4: Auf dem angezeigten Bildschirm finden Sie alle Details zur letzten Ziehung. Sie k\u00f6nnen die Gewinnzahlen, das Ziehungsdatum, den gesch\u00e4tzten Jackpot und die Gewinnaufschl\u00fcsselung einsehen.<\/li>\n<li>Schritt 5: Wenn Sie die neuesten Ergebnisse suchen, klicken Sie auf das Feld mit dem Datum und w\u00e4hlen Sie das Datum des vergangenen Ergebnisses aus, das Sie einsehen m\u00f6chten.<\/li>\n<\/ul>\n<h2><img loading=\"lazy\" decoding=\"async\" class=\"alignleft wp-image-5128\" src=\"https:\/\/lottomat.com\/wp-content\/uploads\/2025\/03\/Historical-Draws-and-Thunderball-Results-300x300.png\" alt=\"Historical Draws and Thunderball Results\" width=\"100\" height=\"100\" srcset=\"https:\/\/lottomat.com\/wp-content\/uploads\/2025\/03\/Historical-Draws-and-Thunderball-Results-300x300.png 300w, https:\/\/lottomat.com\/wp-content\/uploads\/2025\/03\/Historical-Draws-and-Thunderball-Results-150x150.png 150w, https:\/\/lottomat.com\/wp-content\/uploads\/2025\/03\/Historical-Draws-and-Thunderball-Results-100x100.png 100w, https:\/\/lottomat.com\/wp-content\/uploads\/2025\/03\/Historical-Draws-and-Thunderball-Results.png 400w\" sizes=\"auto, (max-width: 100px) 100vw, 100px\" \/>Kann ich historische Ziehungen und Thunderball-Ergebnisse einsehen?<\/h2>\n<p>Ja, das k\u00f6nnen Sie! Wie weit kann man in die Vergangenheit zur\u00fcckblicken? F\u00fcnf Jahre. Ganz genau: Unser Archiv mit Lotterieergebnissen enth\u00e4lt jede Thunderball-Ziehung der letzten f\u00fcnf Jahre. Dies kann Ihr Spielerlebnis deutlich verbessern. Eine gr\u00fcndliche Analyse und eingehende Analyse der Statistiken verbessern Ihre Gewinnchancen erheblich.<br \/>\nArchivierte Ergebnisse k\u00f6nnen wie oben beschrieben \u00fcberpr\u00fcft werden. Finden SieGeben Sie einfach das gew\u00fcnschte Datum ein \u2013 und das war\u2019s.<\/p>\n<h2><img loading=\"lazy\" decoding=\"async\" class=\"alignleft wp-image-5157\" src=\"https:\/\/lottomat.com\/wp-content\/uploads\/2025\/03\/National-Lottery-Thunderball-Results-300x300.png\" alt=\"National Lottery Thunderball Results\" width=\"100\" height=\"100\" srcset=\"https:\/\/lottomat.com\/wp-content\/uploads\/2025\/03\/National-Lottery-Thunderball-Results-300x300.png 300w, https:\/\/lottomat.com\/wp-content\/uploads\/2025\/03\/National-Lottery-Thunderball-Results-150x150.png 150w, https:\/\/lottomat.com\/wp-content\/uploads\/2025\/03\/National-Lottery-Thunderball-Results-100x100.png 100w, https:\/\/lottomat.com\/wp-content\/uploads\/2025\/03\/National-Lottery-Thunderball-Results.png 400w\" sizes=\"auto, (max-width: 100px) 100vw, 100px\" \/>National Lottery Thunderball Results \u2013 Die h\u00e4ufigsten und ungew\u00f6hnlichsten Zahlen<\/h2>\n<p>Wir pr\u00e4sentieren Ihnen etwas ganz Besonderes. Um Ihnen Zeit zu sparen und Ihnen den Einstieg zu erleichtern, haben wir unsere Analyse durchgef\u00fchrt. Nachfolgend finden Sie eine Liste der h\u00e4ufigsten und ungew\u00f6hnlichsten Zahlen der letzten 13 Jahre.<\/p>\n<h3>Die 5 h\u00e4ufigsten Zahlen<\/h3>\n<p>30 \u2013 Diese Zahl wurde 317 Mal gezogen.<br \/>\n29 \u2013 Diese Zahl wurde 308 Mal gezogen.<br \/>\n34 \u2013 Diese Zahl wurde 306 Mal gezogen.<br \/>\n18 \u2013 Diese Zahl wurde 305 Mal gezogen.<\/p>\n<h3>Die 5 h\u00e4ufigsten Donnerb\u00e4lle<\/h3>\n<p>13 \u2013 Die \u201eUngl\u00fcckszahl\u201c steht ganz oben; sie wurde 182 Mal gezogen.<br \/>\n3 \u2013 Diese Zahl wurde 179 Mal gezogen.<br \/>\n1 und 8 \u2013 Diese Zahl wurde jeweils 168 Mal gezogen.<br \/>\n14 \u2013 Diese Zahl wurde in 165 Ziehungen gezogen.<br \/>\n7 \u2013 Diese Zahl wurde 164 Mal gezogen.<\/p>\n<h3>Die 5 seltensten Zahlen<\/h3>\n<p>12 \u2013 Diese Zahl wurde nur in 258 Ziehungen gezogen.<br \/>\n35 \u2013 Diese Zahl wurde in 260 Ziehungen gezogen.<br \/>\n14 \u2013 Diese Zahl wurde 266 Mal gezogen.<br \/>\n25 \u2013 267 Ziehungen<br \/>\n37 \u2013 271 Ziehungen<\/p>\n<p>Die seltenste Thunderball-Zahl ist die 9. Wir haben sie nur in 135 Ziehungen beobachtet, und das letzte Mal vor \u00fcber 50 Tagen. Diese Lotterie gibt es seit 1999. Wenn Sie also noch nicht gespielt haben, ist jetzt der perfekte Zeitpunkt daf\u00fcr. Mit Lottomat ist es ganz einfach. Wenn Sie eine andere Lotterie spielen m\u00f6chten, sehen Sie sich unsere vollst\u00e4ndige Liste der Online-Lotterien an und w\u00e4hlen Sie mindestens eine aus.<\/p>\n","protected":false},"excerpt":{"rendered":"<p>Lottomat ist die Anlaufstelle f\u00fcr alles rund ums Lotto. Von den aktuellsten Informationen und Tipps, wie Sie Ihre Thunderball-Gewinnchancen erh\u00f6hen, bis hin zu Gewinnaufschl\u00fcsselungen und nat\u00fcrlich den Ergebnissen. Neue Spieler k\u00f6nnen sich beim ersten Besuch unserer Seiten jedoch \u00fcberfordert f\u00fchlen. Genau deshalb haben wir diesen Text geschrieben. Danach k\u00f6nnen Sie die neuesten Thunderball-Ergebnisse schnell und [&hellip;]<\/p>\n","protected":false},"author":1,"featured_media":0,"parent":7413,"menu_order":15,"comment_status":"closed","ping_status":"closed","template":"thunderball-results.php","meta":{"_et_pb_use_builder":"","_et_pb_old_content":"","_et_gb_content_width":"","exclude_from_search":false,"footnotes":""},"class_list":["post-9902","page","type-page","status-publish","hentry"],"yoast_head":"<!-- This site is optimized with the Yoast SEO plugin v23.8 - https:\/\/yoast.com\/wordpress\/plugins\/seo\/ -->\n<title>Thunderball-Ergebnisse \u2013 Wie kann man sie \u00fcberpr\u00fcfen? - Lottomat<\/title>\n<meta name=\"description\" content=\"Die besten und unentschiedensten Ergebnisse zu finden, ist nicht einfach. Wenn Sie jedoch nach den Thunderball-Ergebnissen suchen, sind Sie hier richtig.\" \/>\n<meta name=\"robots\" content=\"index, follow, max-snippet:-1, max-image-preview:large, max-video-preview:-1\" \/>\n<link rel=\"canonical\" href=\"https:\/\/lottomat.com\/de\/ergebnisse\/thunderball\/\" \/>\n<meta property=\"og:locale\" content=\"de_DE\" \/>\n<meta property=\"og:type\" content=\"article\" \/>\n<meta property=\"og:title\" content=\"Thunderball-Ergebnisse \u2013 Wie kann man sie \u00fcberpr\u00fcfen? - Lottomat\" \/>\n<meta property=\"og:description\" content=\"Die besten und unentschiedensten Ergebnisse zu finden, ist nicht einfach. Wenn Sie jedoch nach den Thunderball-Ergebnissen suchen, sind Sie hier richtig.\" \/>\n<meta property=\"og:url\" content=\"https:\/\/lottomat.com\/de\/ergebnisse\/thunderball\/\" \/>\n<meta property=\"og:site_name\" content=\"Lottomat\" \/>\n<meta property=\"article:modified_time\" content=\"2025-04-08T09:30:05+00:00\" \/>\n<meta property=\"og:image\" content=\"https:\/\/lottomat.com\/wp-content\/uploads\/2025\/03\/All-You-Need-To-Know-About-Thunderball-Results-300x300.png\" \/>\n<meta name=\"twitter:card\" content=\"summary_large_image\" \/>\n<meta name=\"twitter:label1\" content=\"Gesch\u00e4tzte Lesezeit\" \/>\n\t<meta name=\"twitter:data1\" content=\"4\u00a0Minuten\" \/>\n<script type=\"application\/ld+json\" class=\"yoast-schema-graph\">{\"@context\":\"https:\/\/schema.org\",\"@graph\":[{\"@type\":\"WebPage\",\"@id\":\"https:\/\/lottomat.com\/de\/ergebnisse\/thunderball\/\",\"url\":\"https:\/\/lottomat.com\/de\/ergebnisse\/thunderball\/\",\"name\":\"Thunderball-Ergebnisse \u2013 Wie kann man sie \u00fcberpr\u00fcfen? - Lottomat\",\"isPartOf\":{\"@id\":\"https:\/\/lottomat.com\/de\/#website\"},\"primaryImageOfPage\":{\"@id\":\"https:\/\/lottomat.com\/de\/ergebnisse\/thunderball\/#primaryimage\"},\"image\":{\"@id\":\"https:\/\/lottomat.com\/de\/ergebnisse\/thunderball\/#primaryimage\"},\"thumbnailUrl\":\"https:\/\/lottomat.com\/wp-content\/uploads\/2025\/03\/All-You-Need-To-Know-About-Thunderball-Results-300x300.png\",\"datePublished\":\"2025-03-27T11:37:07+00:00\",\"dateModified\":\"2025-04-08T09:30:05+00:00\",\"description\":\"Die besten und unentschiedensten Ergebnisse zu finden, ist nicht einfach. Wenn Sie jedoch nach den Thunderball-Ergebnissen suchen, sind Sie hier richtig.\",\"breadcrumb\":{\"@id\":\"https:\/\/lottomat.com\/de\/ergebnisse\/thunderball\/#breadcrumb\"},\"inLanguage\":\"de\",\"potentialAction\":[{\"@type\":\"ReadAction\",\"target\":[\"https:\/\/lottomat.com\/de\/ergebnisse\/thunderball\/\"]}]},{\"@type\":\"ImageObject\",\"inLanguage\":\"de\",\"@id\":\"https:\/\/lottomat.com\/de\/ergebnisse\/thunderball\/#primaryimage\",\"url\":\"https:\/\/lottomat.com\/wp-content\/uploads\/2025\/03\/All-You-Need-To-Know-About-Thunderball-Results-300x300.png\",\"contentUrl\":\"https:\/\/lottomat.com\/wp-content\/uploads\/2025\/03\/All-You-Need-To-Know-About-Thunderball-Results-300x300.png\"},{\"@type\":\"BreadcrumbList\",\"@id\":\"https:\/\/lottomat.com\/de\/ergebnisse\/thunderball\/#breadcrumb\",\"itemListElement\":[{\"@type\":\"ListItem\",\"position\":1,\"name\":\"Home\",\"item\":\"https:\/\/lottomat.com\/de\/\"},{\"@type\":\"ListItem\",\"position\":2,\"name\":\"Die Neuesten Lotterie-Ergebnisse &#038; Gewinnzahlen\",\"item\":\"https:\/\/lottomat.com\/de\/ergebnisse\/\"},{\"@type\":\"ListItem\",\"position\":3,\"name\":\"Thunderball-Ergebnisse\"}]},{\"@type\":\"WebSite\",\"@id\":\"https:\/\/lottomat.com\/de\/#website\",\"url\":\"https:\/\/lottomat.com\/de\/\",\"name\":\"Lottomat\",\"description\":\"\",\"potentialAction\":[{\"@type\":\"SearchAction\",\"target\":{\"@type\":\"EntryPoint\",\"urlTemplate\":\"https:\/\/lottomat.com\/de\/?s={search_term_string}\"},\"query-input\":{\"@type\":\"PropertyValueSpecification\",\"valueRequired\":true,\"valueName\":\"search_term_string\"}}],\"inLanguage\":\"de\"}]}<\/script>\n<!-- \/ Yoast SEO plugin. -->","yoast_head_json":{"title":"Thunderball-Ergebnisse \u2013 Wie kann man sie \u00fcberpr\u00fcfen? - Lottomat","description":"Die besten und unentschiedensten Ergebnisse zu finden, ist nicht einfach. Wenn Sie jedoch nach den Thunderball-Ergebnissen suchen, sind Sie hier richtig.","robots":{"index":"index","follow":"follow","max-snippet":"max-snippet:-1","max-image-preview":"max-image-preview:large","max-video-preview":"max-video-preview:-1"},"canonical":"https:\/\/lottomat.com\/de\/ergebnisse\/thunderball\/","og_locale":"de_DE","og_type":"article","og_title":"Thunderball-Ergebnisse \u2013 Wie kann man sie \u00fcberpr\u00fcfen? - Lottomat","og_description":"Die besten und unentschiedensten Ergebnisse zu finden, ist nicht einfach. Wenn Sie jedoch nach den Thunderball-Ergebnissen suchen, sind Sie hier richtig.","og_url":"https:\/\/lottomat.com\/de\/ergebnisse\/thunderball\/","og_site_name":"Lottomat","article_modified_time":"2025-04-08T09:30:05+00:00","og_image":[{"url":"https:\/\/lottomat.com\/wp-content\/uploads\/2025\/03\/All-You-Need-To-Know-About-Thunderball-Results-300x300.png"}],"twitter_card":"summary_large_image","twitter_misc":{"Gesch\u00e4tzte Lesezeit":"4\u00a0Minuten"},"schema":{"@context":"https:\/\/schema.org","@graph":[{"@type":"WebPage","@id":"https:\/\/lottomat.com\/de\/ergebnisse\/thunderball\/","url":"https:\/\/lottomat.com\/de\/ergebnisse\/thunderball\/","name":"Thunderball-Ergebnisse \u2013 Wie kann man sie \u00fcberpr\u00fcfen? - Lottomat","isPartOf":{"@id":"https:\/\/lottomat.com\/de\/#website"},"primaryImageOfPage":{"@id":"https:\/\/lottomat.com\/de\/ergebnisse\/thunderball\/#primaryimage"},"image":{"@id":"https:\/\/lottomat.com\/de\/ergebnisse\/thunderball\/#primaryimage"},"thumbnailUrl":"https:\/\/lottomat.com\/wp-content\/uploads\/2025\/03\/All-You-Need-To-Know-About-Thunderball-Results-300x300.png","datePublished":"2025-03-27T11:37:07+00:00","dateModified":"2025-04-08T09:30:05+00:00","description":"Die besten und unentschiedensten Ergebnisse zu finden, ist nicht einfach. Wenn Sie jedoch nach den Thunderball-Ergebnissen suchen, sind Sie hier richtig.","breadcrumb":{"@id":"https:\/\/lottomat.com\/de\/ergebnisse\/thunderball\/#breadcrumb"},"inLanguage":"de","potentialAction":[{"@type":"ReadAction","target":["https:\/\/lottomat.com\/de\/ergebnisse\/thunderball\/"]}]},{"@type":"ImageObject","inLanguage":"de","@id":"https:\/\/lottomat.com\/de\/ergebnisse\/thunderball\/#primaryimage","url":"https:\/\/lottomat.com\/wp-content\/uploads\/2025\/03\/All-You-Need-To-Know-About-Thunderball-Results-300x300.png","contentUrl":"https:\/\/lottomat.com\/wp-content\/uploads\/2025\/03\/All-You-Need-To-Know-About-Thunderball-Results-300x300.png"},{"@type":"BreadcrumbList","@id":"https:\/\/lottomat.com\/de\/ergebnisse\/thunderball\/#breadcrumb","itemListElement":[{"@type":"ListItem","position":1,"name":"Home","item":"https:\/\/lottomat.com\/de\/"},{"@type":"ListItem","position":2,"name":"Die Neuesten Lotterie-Ergebnisse &#038; Gewinnzahlen","item":"https:\/\/lottomat.com\/de\/ergebnisse\/"},{"@type":"ListItem","position":3,"name":"Thunderball-Ergebnisse"}]},{"@type":"WebSite","@id":"https:\/\/lottomat.com\/de\/#website","url":"https:\/\/lottomat.com\/de\/","name":"Lottomat","description":"","potentialAction":[{"@type":"SearchAction","target":{"@type":"EntryPoint","urlTemplate":"https:\/\/lottomat.com\/de\/?s={search_term_string}"},"query-input":{"@type":"PropertyValueSpecification","valueRequired":true,"valueName":"search_term_string"}}],"inLanguage":"de"}]}},"_links":{"self":[{"href":"https:\/\/lottomat.com\/de\/wp-json\/wp\/v2\/pages\/9902","targetHints":{"allow":["GET"]}}],"collection":[{"href":"https:\/\/lottomat.com\/de\/wp-json\/wp\/v2\/pages"}],"about":[{"href":"https:\/\/lottomat.com\/de\/wp-json\/wp\/v2\/types\/page"}],"author":[{"embeddable":true,"href":"https:\/\/lottomat.com\/de\/wp-json\/wp\/v2\/users\/1"}],"replies":[{"embeddable":true,"href":"https:\/\/lottomat.com\/de\/wp-json\/wp\/v2\/comments?post=9902"}],"version-history":[{"count":0,"href":"https:\/\/lottomat.com\/de\/wp-json\/wp\/v2\/pages\/9902\/revisions"}],"up":[{"embeddable":true,"href":"https:\/\/lottomat.com\/de\/wp-json\/wp\/v2\/pages\/7413"}],"wp:attachment":[{"href":"https:\/\/lottomat.com\/de\/wp-json\/wp\/v2\/media?parent=9902"}],"curies":[{"name":"wp","href":"https:\/\/api.w.org\/{rel}","templated":true}]}}