{"id":9637,"date":"2025-03-27T11:28:23","date_gmt":"2025-03-27T11:28:23","guid":{"rendered":"https:\/\/lottomat.net\/lotterieergebnisse\/mega-sena-ergebnisse\/"},"modified":"2025-04-17T11:14:45","modified_gmt":"2025-04-17T11:14:45","slug":"mega-sena","status":"publish","type":"page","link":"https:\/\/lottomat.com\/de\/ergebnisse\/mega-sena\/","title":{"rendered":"Mega-Sena-Ergebnisse"},"content":{"rendered":"\n\n<div class=\"kk-star-ratings kksr-auto kksr-align-left kksr-valign-top\"\n    data-payload='{&quot;align&quot;:&quot;left&quot;,&quot;id&quot;:&quot;9637&quot;,&quot;slug&quot;:&quot;default&quot;,&quot;valign&quot;:&quot;top&quot;,&quot;ignore&quot;:&quot;&quot;,&quot;reference&quot;:&quot;auto&quot;,&quot;class&quot;:&quot;&quot;,&quot;count&quot;:&quot;0&quot;,&quot;legendonly&quot;:&quot;&quot;,&quot;readonly&quot;:&quot;&quot;,&quot;score&quot;:&quot;0&quot;,&quot;starsonly&quot;:&quot;&quot;,&quot;best&quot;:&quot;5&quot;,&quot;gap&quot;:&quot;5&quot;,&quot;greet&quot;:&quot;Rate this page&quot;,&quot;legend&quot;:&quot;0\\\/5 - (0 votes)&quot;,&quot;size&quot;:&quot;30&quot;,&quot;title&quot;:&quot;Mega-Sena-Ergebnisse&quot;,&quot;width&quot;:&quot;0&quot;,&quot;_legend&quot;:&quot;{score}\\\/{best} - ({count} {votes})&quot;,&quot;font_factor&quot;:&quot;1.25&quot;}'>\n            \n<div class=\"kksr-stars\">\n    \n<div class=\"kksr-stars-inactive\">\n            <div class=\"kksr-star\" data-star=\"1\" style=\"padding-right: 5px\">\n            \n\n<div class=\"kksr-icon\" style=\"width: 30px; height: 30px;\"><\/div>\n        <\/div>\n            <div class=\"kksr-star\" data-star=\"2\" style=\"padding-right: 5px\">\n            \n\n<div class=\"kksr-icon\" style=\"width: 30px; height: 30px;\"><\/div>\n        <\/div>\n            <div class=\"kksr-star\" data-star=\"3\" style=\"padding-right: 5px\">\n            \n\n<div class=\"kksr-icon\" style=\"width: 30px; height: 30px;\"><\/div>\n        <\/div>\n            <div class=\"kksr-star\" data-star=\"4\" style=\"padding-right: 5px\">\n            \n\n<div class=\"kksr-icon\" style=\"width: 30px; height: 30px;\"><\/div>\n        <\/div>\n            <div class=\"kksr-star\" data-star=\"5\" style=\"padding-right: 5px\">\n            \n\n<div class=\"kksr-icon\" style=\"width: 30px; height: 30px;\"><\/div>\n        <\/div>\n    <\/div>\n    \n<div class=\"kksr-stars-active\" style=\"width: 0px;\">\n            <div class=\"kksr-star\" style=\"padding-right: 5px\">\n            \n\n<div class=\"kksr-icon\" style=\"width: 30px; height: 30px;\"><\/div>\n        <\/div>\n            <div class=\"kksr-star\" style=\"padding-right: 5px\">\n            \n\n<div class=\"kksr-icon\" style=\"width: 30px; height: 30px;\"><\/div>\n        <\/div>\n            <div class=\"kksr-star\" style=\"padding-right: 5px\">\n            \n\n<div class=\"kksr-icon\" style=\"width: 30px; height: 30px;\"><\/div>\n        <\/div>\n            <div class=\"kksr-star\" style=\"padding-right: 5px\">\n            \n\n<div class=\"kksr-icon\" style=\"width: 30px; height: 30px;\"><\/div>\n        <\/div>\n            <div class=\"kksr-star\" style=\"padding-right: 5px\">\n            \n\n<div class=\"kksr-icon\" style=\"width: 30px; height: 30px;\"><\/div>\n        <\/div>\n    <\/div>\n<\/div>\n                \n\n<div class=\"kksr-legend\" style=\"font-size: 24px;\">\n            <span class=\"kksr-muted\">Rate this page<\/span>\n    <\/div>\n    <\/div>\n<p>Sie spielen diese fantastische Lotterie, wissen aber nicht, wie und wo Sie die Mega Sena-Ergebnisse und Gewinnzahlen \u00fcberpr\u00fcfen k\u00f6nnen? Dann sind Sie hier richtig! Die Mega Sena-Ergebnisse bei Lottomat sind vertrauensw\u00fcrdig, pr\u00e4zise und seri\u00f6s.<\/p>\r\n<!-- \/wp:post-content -->\r\n\r\n<!-- wp:paragraph -->\r\n<p>Lesen Sie den Rest dieses Artikels und verpassen Sie kein Mega Sena-Ergebnis mehr.<\/p>\r\n<!-- \/wp:paragraph -->\r\n\r\n<!-- wp:image {\"align\":\"left\",\"id\":122783,\"width\":130,\"height\":130,\"sizeSlug\":\"full\",\"linkDestination\":\"none\"} -->\r\n<figure class=\"wp-block-image alignleft size-full is-resized\"><img loading=\"lazy\" decoding=\"async\" class=\"wp-image-122783\" src=\"https:\/\/lottomat.com\/wp-content\/uploads\/sites\/3\/Mega-Sena-result.png\" alt=\"Mega Sena-Ergebnis\" width=\"130\" height=\"130\" \/><\/figure>\r\n<!-- \/wp:image -->\r\n\r\n<!-- wp:heading -->\r\n<h2 class=\"wp-block-heading\">Wie kann man die heutigen Mega Sena-Ergebnisse in Brasilien \u00fcberpr\u00fcfen?<\/h2>\r\n<!-- \/wp:heading -->\r\n\r\n<!-- wp:paragraph -->\r\n<p>Wenn Sie Mega Sena in Brasilien spielen, haben Sie mehrere M\u00f6glichkeiten, die Mega Sena-Gewinnzahlen zu \u00fcberpr\u00fcfen. Nat\u00fcrlich denkt man zuerst an den \u00f6rtlichen Ticketh\u00e4ndler. Die Ergebnisse werden nach jeder Ziehung ver\u00f6ffentlicht.<\/p>\r\n<!-- \/wp:paragraph -->\r\n\r\n<!-- wp:paragraph -->\r\n<p>Eine weitere M\u00f6glichkeit, die Mega Sena-Ergebnisse zu \u00fcberpr\u00fcfen, ist das Live-Verfolgen der Ziehungen. Dies ist jedoch nicht f\u00fcr jeden praktisch, da die Ziehungen immer zur gleichen Zeit und an den gleichen Tagen stattfinden und manche Spieler zu dieser Zeit einfach nicht fernsehen k\u00f6nnen.<\/p>\r\n<!-- \/wp:paragraph -->\r\n\r\n<!-- wp:paragraph -->\r\n<p>Auch die Lekt\u00fcre der Lokalzeitung ist eine M\u00f6glichkeit, das Mega Sena-Ergebnis vom Vorabend zu \u00fcberpr\u00fcfen. Die Zeitung ver\u00f6ffentlicht grunds\u00e4tzlich die Gewinnkombinationen und die gewonnenen Preise in der Ausgabe, die am Tag nach der Ziehung erscheint.<\/p>\r\n<!-- \/wp:paragraph -->\r\n\r\n<!-- wp:image {\"align\":\"left\",\"id\":122813,\"width\":100,\"height\":100,\"sizeSlug\":\"full\",\"linkDestination\":\"none\"} -->\r\n<figure class=\"wp-block-image alignleft size-full is-resized\"><img loading=\"lazy\" decoding=\"async\" class=\"wp-image-122813\" src=\"https:\/\/lottomat.com\/wp-content\/uploads\/sites\/3\/Mega-Sena-results.png\" alt=\"Mega Sena Ergebnisse\" width=\"100\" height=\"100\" \/><\/figure>\r\n<!-- \/wp:image -->\r\n\r\n<!-- wp:heading {\"level\":3} -->\r\n<h3 class=\"wp-block-heading\">Heutige Mega Sena Gewinnzahlen bei Lottomat pr\u00fcfen!<\/h3>\r\n<!-- \/wp:heading -->\r\n\r\n<!-- wp:paragraph -->\r\n<p>Die zuverl\u00e4ssigste L\u00f6sung, um die aktuellen Mega Sena Ergebnisse zu pr\u00fcfen, ist nat\u00fcrlich die Lottomat-Website. Auf unserer Seite k\u00f6nnen Sie Ihre Kombination im Handumdrehen mit den gezogenen Zahlen vergleichen. Navigieren Sie einfach zu <a href=\"https:\/\/lottomat.com\/results\/\">unserem Lottoergebnisarchiv<\/a>, suchen Sie nach Mega Sena und klicken Sie auf \u201eErgebnisse\u201c. Sie sehen das aktuelle Mega Sena-Ergebnis, k\u00f6nnen aber auch die Zahlen aller Ziehungen der letzten f\u00fcnf Jahre einsehen.<\/p>\r\n<!-- \/wp:paragraph -->\r\n\r\n<!-- wp:paragraph -->\r\n<p>Das Beste daran: Es ist absolut kostenlos!<\/p>\r\n<!-- \/wp:paragraph -->\r\n\r\n<!-- wp:image {\"align\":\"left\",\"id\":122842,\"width\":130,\"height\":130,\"sizeSlug\":\"full\",\"linkDestination\":\"none\"} -->\r\n<figure class=\"wp-block-image alignleft size-full is-resized\"><img loading=\"lazy\" decoding=\"async\" class=\"wp-image-122842\" src=\"https:\/\/lottomat.com\/wp-content\/uploads\/sites\/3\/Mega-Sena-winning-numbers.png\" alt=\"Mega Sena Gewinnzahlen\" width=\"130\" height=\"130\" \/><\/figure>\r\n<!-- \/wp:image -->\r\n\r\n<!-- wp:heading -->\r\n<h2 class=\"wp-block-heading\">Mega Sena Ergebnisse \u2013 Wann findet die Ziehung statt?<\/h2>\r\n<!-- \/wp:heading -->\r\n\r\n<!-- wp:paragraph -->\r\n<p>Die Mega Sena Ergebnisse werden auf unserer Website ver\u00f6ffentlicht, sobald die Ziehung abgeschlossen ist und die Gewinnkombination vom Lotteriebetreiber best\u00e4tigt wurde. Falls Sie es noch nicht wissen: Die Ziehungen finden zweimal w\u00f6chentlich statt: jeden Mittwoch und Samstag um 20:00 Uhr (brasilianische Zeit).<\/p>\r\n<!-- \/wp:paragraph -->\r\n\r\n<!-- wp:paragraph -->\r\n<p>An Silvester findet au\u00dferdem eine Sonderziehung statt. Die richtigen Mega Sena-Gewinnzahlen in dieser Ziehung sind wertvoller als sonst, da der Jackpot in dieser Runde durch 5 % der Erl\u00f6se, die in allen anderen Ziehungen des Jahres zur\u00fcckgelegt wurden, besonders hoch ist.<\/p>\r\n<!-- \/wp:paragraph -->\r\n\r\n<!-- wp:paragraph -->\r\n<p>Kurz gesagt: Schauen Sie jeden Mittwoch und Samstag auf unserer Website vorbei. Die Mega Sena-Ergebnisse erhalten Sie, sobald wir die Gewinnkombination vom Veranstalter erhalten.<\/p>\r\n<!-- \/wp:paragraph -->\r\n\r\n<!-- wp:image {\"align\":\"left\",\"id\":122871,\"width\":130,\"height\":130,\"sizeSlug\":\"full\",\"linkDestination\":\"none\"} -->\r\n<figure class=\"wp-block-image alignleft size-full is-resized\"><img loading=\"lazy\" decoding=\"async\" class=\"wp-image-122871\" src=\"https:\/\/lottomat.com\/wp-content\/uploads\/sites\/3\/Mega-Sena-numbers.png\" alt=\"Mega Sena numbers\" width=\"130\" height=\"130\" \/><\/figure>\r\n<!-- \/wp:image -->\r\n\r\n<!-- wp:heading -->\r\n<h2 class=\"wp-block-heading\">Mega Sena-Ergebnisse und Gewinnzahlen Archiv<\/h2>\r\n<!-- \/wp:heading -->\r\n\r\n<!-- wp:paragraph -->\r\n<p>Wir haben bereits ein Archiv mit den Ergebnissen erw\u00e4hnt. Falls Sie Interesse daran haben, erfahren Sie hier, wie Sie darauf zugreifen und es nutzen k\u00f6nnen.<\/p>\r\n<!-- \/wp:paragraph-->\r\n\r\n<!-- wp:paragraph -->\r\n<p>Das Archiv ist f\u00fcr jedermann zug\u00e4nglich. Rufen Sie unsere Website einfach mit einem modernen Browser Ihrer Wahl auf. Klicken Sie auf der Startseite im Men\u00fc auf \u201eErgebnisse\u201c.<\/p>\r\n<!-- \/wp:paragraph -->\r\n\r\n<!-- wp:paragraph -->\r\n<p>Sie sehen nun eine <a href=\"https:\/\/lottomat.com\/play\/\">Liste aller von uns angebotenen Online-Lotterien<\/a>. Um die Mega Sena-Ergebnisse anzuzeigen, suchen Sie das Spiel in der Liste und klicken Sie erneut auf \u201eErgebnisse\u201c. Sie sehen nun die Mega Sena-Gewinnzahlen der letzten Runde sowie das Datum. Klicken Sie auf das Datum, um den Kalender zu \u00f6ffnen. Bl\u00e4ttern Sie durch die Monate und w\u00e4hlen Sie einfach den Tag aus, f\u00fcr den Sie die Ergebnisse sehen m\u00f6chten.<\/p>\r\n<!-- \/wp:paragraph -->\r\n\r\n<!-- wp:paragraph -->\r\n<p>Bingo! Jetzt k\u00f6nnen Sie das Mega Sena-Ergebnis f\u00fcr das ausgew\u00e4hlte Datum sehen. Wie bereits erw\u00e4hnt, werden alle Ziehungen der letzten f\u00fcnf Jahre hier gespeichert und k\u00f6nnen eingesehen werden. Das ist \u00e4u\u00dferst n\u00fctzlich, wenn es um die Erstellung zuk\u00fcnftiger Kombinationen geht, nicht wahr?<\/p>\r\n<!-- \/wp:paragraph -->\r\n\r\n<!-- wp:image {\"align\":\"left\",\"id\":122900,\"width\":130,\"height\":130,\"sizeSlug\":\"full\",\"linkDestination\":\"none\"} -->\r\n<figure class=\"wp-block-image alignleft size-full is-resized\"><img loading=\"lazy\" decoding=\"async\" class=\"wp-image-122900\" src=\"https:\/\/lottomat.com\/wp-content\/uploads\/sites\/3\/Mega-Sena-draw-results.png\" alt=\"Mega Sena Ziehungsergebnisse\" width=\"130\" height=\"130\" \/><\/figure>\r\n<!-- \/wp:image -->\r\n\r\n<!-- wp:heading -->\r\n<h2 class=\"wp-block-heading\">Mega Sena Ergebnisse: Gewinner &amp; Preise<\/h2>\r\n<!-- \/wp:heading -->\r\n\r\n<!-- wp:paragraph -->\r\n<p>Es ist ganz normal, dass Sie hoffen, dass Ihr Los die Mega Sena-Gewinnzahlen enth\u00e4lt. Sie w\u00fcrden ja nicht spielen, ohne auf den gro\u00dfen Gewinn zu hoffen. Ohne die Sonderziehung am Jahresende betrug der h\u00f6chste Gewinn, den Mega Sena-Gewinnzahlen jemals einbrachten, am 5. Dezember 2019 289,4 Millionen Won.<\/p>\r\n<!-- \/wp:paragraph -->\r\n\r\n<!-- wp:paragraph -->\r\n<p>Erw\u00e4hnenswert ist auch, dass Sie, falls Ihnen das neueste Mega Sena-Ergebnis einen Gewinn einbringt, 90 Tage Zeit haben, diesen einzufordern.<\/p>\r\n<!-- \/wp:paragraph -->\r\n\r\n<!-- wp:paragraph -->\r\n<p>M\u00f6chten Sie mehr erfahren? <a href=\"https:\/\/lottomat.com\/lotteries\/mega-sena\/\">Mega Sena-Gewinne, Jackpot<\/a> und Gewinnchancen ansehen.<\/p>\r\n<!-- \/wp:paragraph -->\r\n\r\n<!-- wp:image {\"align\":\"left\",\"id\":122929,\"width\":130,\"height\":130,\"sizeSlug\":\"full\",\"linkDestination\":\"none\"} -->\r\n<figure class=\"wp-block-image alignleft size-full is-resized\"><img loading=\"lazy\" decoding=\"async\" class=\"wp-image-122929\" src=\"https:\/\/lottomat.com\/wp-content\/uploads\/sites\/3\/Mega-Sena-draw.png\" alt=\"Mega Sena Ziehung\" width=\"130\" height=\"130\" \/><\/figure>\r\n<!-- \/wp:image -->\r\n\r\n<!-- wp:heading -->\r\n<h2 class=\"wp-block-heading\">Mega Sena Gewinnzahlen<\/h2>\r\n<!-- \/wp:heading -->\r\n\r\n<!-- wp:paragraph -->\r\n<p>Wie bei jeder anderen Lotterie ist die richtige Wahl der Zahlen entscheidend f\u00fcr Ihren Erfolg. Eine der besten M\u00f6glichkeiten, Mega Sena Gewinnzahlen zu erhalten, besteht darin, auf bestimmte Muster in den Ziehungen zu achten. Um diese Muster zu erkennen, m\u00fcssen Sie die in jeder Runde gezogenen Zahlen sorgf\u00e4ltig pr\u00fcfen.<\/p>\r\n<!-- \/wp:paragraph -->\r\n\r\n<!-- wp:paragraph -->\r\n<p>Machen Sie sich also ab den heutigen Mega Sena-Ergebnissen Notizen zu jeder Ziehung. Fr\u00fcher oder sp\u00e4ter werden Sie Muster erkennen, die Ihre Kombinationen verbessern k\u00f6nnen. Bis dahin k\u00f6nnen Sie sich gerne die am h\u00e4ufigsten und am seltensten gezogenen Zahlen in den Mega Sena-Ergebnissen ansehen.<\/p>\r\n<!-- \/wp:paragraph -->\r\n\r\n<!-- wp:image {\"align\":\"left\",\"id\":122958,\"width\":100,\"height\":100,\"sizeSlug\":\"full\",\"linkDestination\":\"none\"} -->\r\n<figure class=\"wp-block-image alignleft size-full is-resized\"><img loading=\"lazy\" decoding=\"async\" class=\"wp-image-122958\" src=\"https:\/\/lottomat.com\/wp-content\/uploads\/sites\/3\/Mega-Sena-results-2.png\" alt=\"Mega Sena Ergebnisse\" width=\"100\" height=\"100\" \/><\/figure>\r\n<!-- \/wp:image -->\r\n\r\n<!-- wp:heading {\"level\":3} -->\r\n<h3 class=\"wp-block-heading\">Mega Sena Ziehungsergebnisse \u2013 Die am h\u00e4ufigsten gezogenen Zahlen<\/h3>\r\n<!-- \/wp:heading -->\r\n\r\n<!-- wp:paragraph -->\r\n<p>Dies sind die sechs am h\u00e4ufigsten gezogenen Mega Sena Gewinnzahlen. Es ist ratsam, diese Zahlen in Ihre Kombinationen aufzunehmen, da sie voraussichtlich auch in Zukunft gezogen werden.<\/p>\r\n<!-- \/wp:paragraph -->\r\n\r\n<!-- wp:paragraph -->\r\n<p><strong>Zahl 10<\/strong> \u2013 An erster Stelle steht die Zahl 10. Sie wurde in 302 Runden gezogen, zuletzt vor 42 Tagen.<\/p>\r\n<!-- \/wp:paragraph -->\r\n\r\n<!-- wp:paragraph -->\r\n<p><strong>Zahl 53<\/strong> \u2013 Die Zahl an zweiter Stelle wurde in 301 Mega-Sena-Ergebnissen gezogen. Zuletzt vor 25 Tagen.<\/p>\r\n<!-- \/wp:paragraph -->\r\n\r\n<!-- wp:paragraph -->\r\n<p><strong>Zahl 5<\/strong> \u2013 Diese Zahl wurde 289 Mal gezogen. Das letzte Mega Sena-Ergebnis enth\u00e4lt diese Zahl.<\/p>\r\n<!-- \/wp:paragraph -->\r\n\r\n<!-- wp:paragraph -->\r\n<p><strong>Zahl 37<\/strong> \u2013 Die vierte Zahl auf dieser Liste war Teil von 283 Kombinationen. Zuletzt wurde sie vor 18 Tagen angezeigt.<\/p>\r\n<!-- \/wp:paragraph -->\r\n\r\n<!-- wp:paragraph -->\r\n<p><strong>Zahl 33<\/strong> \u2013 Diese Zahl wurde in 281 verschiedenen Runden bei Mega Sena gezogen. Von allen Zahlen auf dieser Liste wurde sie am l\u00e4ngsten nicht gezogen. Insgesamt sind 98 Tage vergangen, seit wir diese Zahl in der Gewinnkombination gesehen haben.<\/p>\r\n<!-- \/wp:paragraph -->\r\n\r\n<!-- wp:paragraph -->\r\n<p><strong>Zahl 34<\/strong> \u2013 Die letzte Zahl auf dieser Liste wurde 279 Mal gezogen. Das letzte Mal vor genau zwei Wochen.<\/p>\r\n<!-- \/wp:paragraph -->\r\n\r\n<!-- wp:paragraph -->\r\n<p>Die heutigen Mega Sena-Ergebnisse k\u00f6nnen Ihnen viel Freude und Gl\u00fcck bringen. Studieren Sie die gezogenen Zahlen daher sorgf\u00e4ltig, bevor Sie Ihre Kombination w\u00e4hlen. Die richtige Vorbereitung kann den entscheidenden Unterschied machen.<\/p>\r\n<!-- \/wp:paragraph -->\r\n\r\n<!-- wp:image {\"align\":\"left\",\"id\":122987,\"width\":100,\"height\":100,\"sizeSlug\":\"full\",\"linkDestination\":\"none\"} -->\r\n<figure class=\"wp-block-image alignleft size-full is-resized\"><img loading=\"lazy\" decoding=\"async\" class=\"wp-image-122987\" src=\"https:\/\/lottomat.com\/wp-content\/uploads\/sites\/3\/Mega-Sena-winning-numbers-2.png\" alt=\"Mega Sena Gewinnzahlen\" width=\"100\" height=\"100\" \/><\/figure>\r\n<!-- \/wp:image -->\r\n\r\n<!-- wp:heading {\"level\":3} -->\r\n<h3 class=\"wp-block-heading\">Mega Sena Ziehungsergebnisse \u2013 Am seltensten gezogen Zahlen<\/h3>\r\n<!-- \/wp:heading -->\r\n\r\n<!-- wp:paragraph -->\r\n<p>Die unten aufgef\u00fchrten Mega Sena-Gewinnzahlen wurden am seltensten gezogen. Wir raten Ihnen zwar davon ab, diese Zahlen in Ihre Gewinnkombinationen aufzunehmen, aber das bedeutet nicht, dass sie nicht auch im letzten Mega Sena-Ergebnis gewinnen werden. Denken Sie daran: Alles h\u00e4ngt vom Gl\u00fcck und der sorgf\u00e4ltigen Wahl der Zahlen ab.<\/p>\r\n<!-- \/wp:paragraph -->\r\n\r\n<!-- wp:paragraph -->\r\n<p><strong>Zahl 26<\/strong> \u2013 Dies ist die seltenste Gewinnzahl. Sie wurde nur 218 Mal gezogen, zuletzt in der letzten Runde von Mega Sena.<\/p>\r\n<!-- \/wp:paragraph -->\r\n\r\n<!-- wp:paragraph -->\r\n<p><strong>Nummer 21<\/strong> \u2013 Diese Zahl, die wir in 220 Runden gesehen haben, belegt den zweiten Platz.<\/p>\r\n<!-- \/wp:paragraph -->\r\n\r\n<!-- wp:paragraph -->\r\n<p><strong>Nummer 55<\/strong> \u2013 Vor zwei Wochen sahen wir diese Zahl zum letzten Mal, sie war 222 Mal die Gewinnerzahl.<\/p>\r\n<!-- \/wp:paragraph -->\r\n\r\n<!-- wp:paragraph -->\r\n<p><strong>Nummer 15<\/strong> \u2013 Das Mega Sena-Ergebnis hatte die Nummer 15 in der Kombination in 228 Runden. Das letzte Mal geschah dies vor 46 Tagen.<\/p>\r\n<!-- \/wp:paragraph -->\r\n\r\n<!-- wp:paragraph -->\r\n<p><strong>Zahl 22<\/strong> \u2013 Spieler sahen diese Zahl in 235 verschiedenen Ziehungen. Das letzte Mega-Sena-Ergebnis, das diese Zahl enthielt, wurde vor zwei Runden gezogen.<\/p>\r\n<!-- \/wp:paragraph -->\r\n\r\n<!-- wp:paragraph -->\r\n<p><strong>Zahl 48<\/strong> \u2013 Die letzte Zahl in dieser \u00dcbersicht ist diejenige, die 240 Mal gezogen wurde. Das letzte Mal war vor 50 Tagen.<\/p>\r\n<!-- \/wp:paragraph -->\r\n\r\n<!-- wp:paragraph -->\r\n<p>M\u00f6chten Sie mitspielen? Klicken Sie und <a href=\"https:\/\/lottomat.com\/play\/mega-sena\/\">kaufen Sie Mega Sena-Tickets jederzeit online<\/a> auf unserer Website!<\/p><!-- \/wp:paragraph -->","protected":false},"excerpt":{"rendered":"<p>Sie spielen diese fantastische Lotterie, wissen aber nicht, wie und wo Sie die Mega Sena-Ergebnisse und Gewinnzahlen \u00fcberpr\u00fcfen k\u00f6nnen? Dann sind Sie hier richtig! Die Mega Sena-Ergebnisse bei Lottomat sind vertrauensw\u00fcrdig, pr\u00e4zise und seri\u00f6s. Lesen Sie den Rest dieses Artikels und verpassen Sie kein Mega Sena-Ergebnis mehr. Wie kann man die heutigen Mega Sena-Ergebnisse in [&hellip;]<\/p>\n","protected":false},"author":1,"featured_media":0,"parent":7413,"menu_order":13,"comment_status":"closed","ping_status":"closed","template":"megasena-results.php","meta":{"_et_pb_use_builder":"","_et_pb_old_content":"","_et_gb_content_width":"","exclude_from_search":false,"footnotes":""},"class_list":["post-9637","page","type-page","status-publish","hentry"],"yoast_head":"<!-- This site is optimized with the Yoast SEO plugin v23.8 - https:\/\/yoast.com\/wordpress\/plugins\/seo\/ -->\n<title>Mega-Sena Ergebnisse &amp; Gewinnzahlen<\/title>\n<meta name=\"description\" content=\"Hier k\u00f6nnen Sie Mega-Sena-Lottoscheine online kaufen und um au\u00dfergew\u00f6hnliche Gewinne spielen. \u00dcberzeugen Sie sich selbst, wie einfach es ist. Spielen Sie Mega Sena online!\" \/>\n<meta name=\"robots\" content=\"index, follow, max-snippet:-1, max-image-preview:large, max-video-preview:-1\" \/>\n<link rel=\"canonical\" href=\"https:\/\/lottomat.com\/de\/ergebnisse\/mega-sena\/\" \/>\n<meta property=\"og:locale\" content=\"de_DE\" \/>\n<meta property=\"og:type\" content=\"article\" \/>\n<meta property=\"og:title\" content=\"Mega-Sena Ergebnisse &amp; Gewinnzahlen\" \/>\n<meta property=\"og:description\" content=\"Hier k\u00f6nnen Sie Mega-Sena-Lottoscheine online kaufen und um au\u00dfergew\u00f6hnliche Gewinne spielen. \u00dcberzeugen Sie sich selbst, wie einfach es ist. Spielen Sie Mega Sena online!\" \/>\n<meta property=\"og:url\" content=\"https:\/\/lottomat.com\/de\/ergebnisse\/mega-sena\/\" \/>\n<meta property=\"og:site_name\" content=\"Lottomat\" \/>\n<meta property=\"article:modified_time\" content=\"2025-04-17T11:14:45+00:00\" \/>\n<meta property=\"og:image\" content=\"https:\/\/lottomat.com\/wp-content\/uploads\/sites\/3\/Mega-Sena-result.png\" \/>\n<meta name=\"twitter:card\" content=\"summary_large_image\" \/>\n<meta name=\"twitter:label1\" content=\"Gesch\u00e4tzte Lesezeit\" \/>\n\t<meta name=\"twitter:data1\" content=\"7\u00a0Minuten\" \/>\n<script type=\"application\/ld+json\" class=\"yoast-schema-graph\">{\"@context\":\"https:\/\/schema.org\",\"@graph\":[{\"@type\":\"WebPage\",\"@id\":\"https:\/\/lottomat.com\/de\/ergebnisse\/mega-sena\/\",\"url\":\"https:\/\/lottomat.com\/de\/ergebnisse\/mega-sena\/\",\"name\":\"Mega-Sena Ergebnisse & Gewinnzahlen\",\"isPartOf\":{\"@id\":\"https:\/\/lottomat.com\/de\/#website\"},\"primaryImageOfPage\":{\"@id\":\"https:\/\/lottomat.com\/de\/ergebnisse\/mega-sena\/#primaryimage\"},\"image\":{\"@id\":\"https:\/\/lottomat.com\/de\/ergebnisse\/mega-sena\/#primaryimage\"},\"thumbnailUrl\":\"https:\/\/lottomat.com\/wp-content\/uploads\/sites\/3\/Mega-Sena-result.png\",\"datePublished\":\"2025-03-27T11:28:23+00:00\",\"dateModified\":\"2025-04-17T11:14:45+00:00\",\"description\":\"Hier k\u00f6nnen Sie Mega-Sena-Lottoscheine online kaufen und um au\u00dfergew\u00f6hnliche Gewinne spielen. \u00dcberzeugen Sie sich selbst, wie einfach es ist. Spielen Sie Mega Sena online!\",\"breadcrumb\":{\"@id\":\"https:\/\/lottomat.com\/de\/ergebnisse\/mega-sena\/#breadcrumb\"},\"inLanguage\":\"de\",\"potentialAction\":[{\"@type\":\"ReadAction\",\"target\":[\"https:\/\/lottomat.com\/de\/ergebnisse\/mega-sena\/\"]}]},{\"@type\":\"ImageObject\",\"inLanguage\":\"de\",\"@id\":\"https:\/\/lottomat.com\/de\/ergebnisse\/mega-sena\/#primaryimage\",\"url\":\"https:\/\/lottomat.com\/wp-content\/uploads\/sites\/3\/Mega-Sena-result.png\",\"contentUrl\":\"https:\/\/lottomat.com\/wp-content\/uploads\/sites\/3\/Mega-Sena-result.png\"},{\"@type\":\"BreadcrumbList\",\"@id\":\"https:\/\/lottomat.com\/de\/ergebnisse\/mega-sena\/#breadcrumb\",\"itemListElement\":[{\"@type\":\"ListItem\",\"position\":1,\"name\":\"Home\",\"item\":\"https:\/\/lottomat.com\/de\/\"},{\"@type\":\"ListItem\",\"position\":2,\"name\":\"Die Neuesten Lotterie-Ergebnisse &#038; Gewinnzahlen\",\"item\":\"https:\/\/lottomat.com\/de\/ergebnisse\/\"},{\"@type\":\"ListItem\",\"position\":3,\"name\":\"Mega-Sena-Ergebnisse\"}]},{\"@type\":\"WebSite\",\"@id\":\"https:\/\/lottomat.com\/de\/#website\",\"url\":\"https:\/\/lottomat.com\/de\/\",\"name\":\"Lottomat\",\"description\":\"\",\"potentialAction\":[{\"@type\":\"SearchAction\",\"target\":{\"@type\":\"EntryPoint\",\"urlTemplate\":\"https:\/\/lottomat.com\/de\/?s={search_term_string}\"},\"query-input\":{\"@type\":\"PropertyValueSpecification\",\"valueRequired\":true,\"valueName\":\"search_term_string\"}}],\"inLanguage\":\"de\"}]}<\/script>\n<!-- \/ Yoast SEO plugin. -->","yoast_head_json":{"title":"Mega-Sena Ergebnisse & Gewinnzahlen","description":"Hier k\u00f6nnen Sie Mega-Sena-Lottoscheine online kaufen und um au\u00dfergew\u00f6hnliche Gewinne spielen. \u00dcberzeugen Sie sich selbst, wie einfach es ist. Spielen Sie Mega Sena online!","robots":{"index":"index","follow":"follow","max-snippet":"max-snippet:-1","max-image-preview":"max-image-preview:large","max-video-preview":"max-video-preview:-1"},"canonical":"https:\/\/lottomat.com\/de\/ergebnisse\/mega-sena\/","og_locale":"de_DE","og_type":"article","og_title":"Mega-Sena Ergebnisse & Gewinnzahlen","og_description":"Hier k\u00f6nnen Sie Mega-Sena-Lottoscheine online kaufen und um au\u00dfergew\u00f6hnliche Gewinne spielen. \u00dcberzeugen Sie sich selbst, wie einfach es ist. Spielen Sie Mega Sena online!","og_url":"https:\/\/lottomat.com\/de\/ergebnisse\/mega-sena\/","og_site_name":"Lottomat","article_modified_time":"2025-04-17T11:14:45+00:00","og_image":[{"url":"https:\/\/lottomat.com\/wp-content\/uploads\/sites\/3\/Mega-Sena-result.png"}],"twitter_card":"summary_large_image","twitter_misc":{"Gesch\u00e4tzte Lesezeit":"7\u00a0Minuten"},"schema":{"@context":"https:\/\/schema.org","@graph":[{"@type":"WebPage","@id":"https:\/\/lottomat.com\/de\/ergebnisse\/mega-sena\/","url":"https:\/\/lottomat.com\/de\/ergebnisse\/mega-sena\/","name":"Mega-Sena Ergebnisse & Gewinnzahlen","isPartOf":{"@id":"https:\/\/lottomat.com\/de\/#website"},"primaryImageOfPage":{"@id":"https:\/\/lottomat.com\/de\/ergebnisse\/mega-sena\/#primaryimage"},"image":{"@id":"https:\/\/lottomat.com\/de\/ergebnisse\/mega-sena\/#primaryimage"},"thumbnailUrl":"https:\/\/lottomat.com\/wp-content\/uploads\/sites\/3\/Mega-Sena-result.png","datePublished":"2025-03-27T11:28:23+00:00","dateModified":"2025-04-17T11:14:45+00:00","description":"Hier k\u00f6nnen Sie Mega-Sena-Lottoscheine online kaufen und um au\u00dfergew\u00f6hnliche Gewinne spielen. \u00dcberzeugen Sie sich selbst, wie einfach es ist. Spielen Sie Mega Sena online!","breadcrumb":{"@id":"https:\/\/lottomat.com\/de\/ergebnisse\/mega-sena\/#breadcrumb"},"inLanguage":"de","potentialAction":[{"@type":"ReadAction","target":["https:\/\/lottomat.com\/de\/ergebnisse\/mega-sena\/"]}]},{"@type":"ImageObject","inLanguage":"de","@id":"https:\/\/lottomat.com\/de\/ergebnisse\/mega-sena\/#primaryimage","url":"https:\/\/lottomat.com\/wp-content\/uploads\/sites\/3\/Mega-Sena-result.png","contentUrl":"https:\/\/lottomat.com\/wp-content\/uploads\/sites\/3\/Mega-Sena-result.png"},{"@type":"BreadcrumbList","@id":"https:\/\/lottomat.com\/de\/ergebnisse\/mega-sena\/#breadcrumb","itemListElement":[{"@type":"ListItem","position":1,"name":"Home","item":"https:\/\/lottomat.com\/de\/"},{"@type":"ListItem","position":2,"name":"Die Neuesten Lotterie-Ergebnisse &#038; Gewinnzahlen","item":"https:\/\/lottomat.com\/de\/ergebnisse\/"},{"@type":"ListItem","position":3,"name":"Mega-Sena-Ergebnisse"}]},{"@type":"WebSite","@id":"https:\/\/lottomat.com\/de\/#website","url":"https:\/\/lottomat.com\/de\/","name":"Lottomat","description":"","potentialAction":[{"@type":"SearchAction","target":{"@type":"EntryPoint","urlTemplate":"https:\/\/lottomat.com\/de\/?s={search_term_string}"},"query-input":{"@type":"PropertyValueSpecification","valueRequired":true,"valueName":"search_term_string"}}],"inLanguage":"de"}]}},"_links":{"self":[{"href":"https:\/\/lottomat.com\/de\/wp-json\/wp\/v2\/pages\/9637","targetHints":{"allow":["GET"]}}],"collection":[{"href":"https:\/\/lottomat.com\/de\/wp-json\/wp\/v2\/pages"}],"about":[{"href":"https:\/\/lottomat.com\/de\/wp-json\/wp\/v2\/types\/page"}],"author":[{"embeddable":true,"href":"https:\/\/lottomat.com\/de\/wp-json\/wp\/v2\/users\/1"}],"replies":[{"embeddable":true,"href":"https:\/\/lottomat.com\/de\/wp-json\/wp\/v2\/comments?post=9637"}],"version-history":[{"count":0,"href":"https:\/\/lottomat.com\/de\/wp-json\/wp\/v2\/pages\/9637\/revisions"}],"up":[{"embeddable":true,"href":"https:\/\/lottomat.com\/de\/wp-json\/wp\/v2\/pages\/7413"}],"wp:attachment":[{"href":"https:\/\/lottomat.com\/de\/wp-json\/wp\/v2\/media?parent=9637"}],"curies":[{"name":"wp","href":"https:\/\/api.w.org\/{rel}","templated":true}]}}