{"id":9586,"date":"2025-03-27T11:10:59","date_gmt":"2025-03-27T11:10:59","guid":{"rendered":"https:\/\/lottomat.net\/?page_id=9586"},"modified":"2025-04-08T09:28:27","modified_gmt":"2025-04-08T09:28:27","slug":"lotto-america","status":"publish","type":"page","link":"https:\/\/lottomat.com\/de\/ergebnisse\/lotto-america\/","title":{"rendered":"Lotto America Ergebnisse"},"content":{"rendered":"\n\n<div class=\"kk-star-ratings kksr-auto kksr-align-left kksr-valign-top\"\n    data-payload='{&quot;align&quot;:&quot;left&quot;,&quot;id&quot;:&quot;9586&quot;,&quot;slug&quot;:&quot;default&quot;,&quot;valign&quot;:&quot;top&quot;,&quot;ignore&quot;:&quot;&quot;,&quot;reference&quot;:&quot;auto&quot;,&quot;class&quot;:&quot;&quot;,&quot;count&quot;:&quot;0&quot;,&quot;legendonly&quot;:&quot;&quot;,&quot;readonly&quot;:&quot;&quot;,&quot;score&quot;:&quot;0&quot;,&quot;starsonly&quot;:&quot;&quot;,&quot;best&quot;:&quot;5&quot;,&quot;gap&quot;:&quot;5&quot;,&quot;greet&quot;:&quot;Rate this page&quot;,&quot;legend&quot;:&quot;0\\\/5 - (0 votes)&quot;,&quot;size&quot;:&quot;30&quot;,&quot;title&quot;:&quot;Lotto America Ergebnisse&quot;,&quot;width&quot;:&quot;0&quot;,&quot;_legend&quot;:&quot;{score}\\\/{best} - ({count} {votes})&quot;,&quot;font_factor&quot;:&quot;1.25&quot;}'>\n            \n<div class=\"kksr-stars\">\n    \n<div class=\"kksr-stars-inactive\">\n            <div class=\"kksr-star\" data-star=\"1\" style=\"padding-right: 5px\">\n            \n\n<div class=\"kksr-icon\" style=\"width: 30px; height: 30px;\"><\/div>\n        <\/div>\n            <div class=\"kksr-star\" data-star=\"2\" style=\"padding-right: 5px\">\n            \n\n<div class=\"kksr-icon\" style=\"width: 30px; height: 30px;\"><\/div>\n        <\/div>\n            <div class=\"kksr-star\" data-star=\"3\" style=\"padding-right: 5px\">\n            \n\n<div class=\"kksr-icon\" style=\"width: 30px; height: 30px;\"><\/div>\n        <\/div>\n            <div class=\"kksr-star\" data-star=\"4\" style=\"padding-right: 5px\">\n            \n\n<div class=\"kksr-icon\" style=\"width: 30px; height: 30px;\"><\/div>\n        <\/div>\n            <div class=\"kksr-star\" data-star=\"5\" style=\"padding-right: 5px\">\n            \n\n<div class=\"kksr-icon\" style=\"width: 30px; height: 30px;\"><\/div>\n        <\/div>\n    <\/div>\n    \n<div class=\"kksr-stars-active\" style=\"width: 0px;\">\n            <div class=\"kksr-star\" style=\"padding-right: 5px\">\n            \n\n<div class=\"kksr-icon\" style=\"width: 30px; height: 30px;\"><\/div>\n        <\/div>\n            <div class=\"kksr-star\" style=\"padding-right: 5px\">\n            \n\n<div class=\"kksr-icon\" style=\"width: 30px; height: 30px;\"><\/div>\n        <\/div>\n            <div class=\"kksr-star\" style=\"padding-right: 5px\">\n            \n\n<div class=\"kksr-icon\" style=\"width: 30px; height: 30px;\"><\/div>\n        <\/div>\n            <div class=\"kksr-star\" style=\"padding-right: 5px\">\n            \n\n<div class=\"kksr-icon\" style=\"width: 30px; height: 30px;\"><\/div>\n        <\/div>\n            <div class=\"kksr-star\" style=\"padding-right: 5px\">\n            \n\n<div class=\"kksr-icon\" style=\"width: 30px; height: 30px;\"><\/div>\n        <\/div>\n    <\/div>\n<\/div>\n                \n\n<div class=\"kksr-legend\" style=\"font-size: 24px;\">\n            <span class=\"kksr-muted\">Rate this page<\/span>\n    <\/div>\n    <\/div>\n<h2><img loading=\"lazy\" decoding=\"async\" class=\"alignleft wp-image-2442\" src=\"https:\/\/lottomat.com\/wp-content\/uploads\/2025\/03\/Thrill-of-Lotto-America-300x300.png\" alt=\"Thrill of Lotto America\" width=\"100\" height=\"100\" srcset=\"https:\/\/lottomat.com\/wp-content\/uploads\/2025\/03\/Thrill-of-Lotto-America-300x300.png 300w, https:\/\/lottomat.com\/wp-content\/uploads\/2025\/03\/Thrill-of-Lotto-America-150x150.png 150w, https:\/\/lottomat.com\/wp-content\/uploads\/2025\/03\/Thrill-of-Lotto-America-100x100.png 100w, https:\/\/lottomat.com\/wp-content\/uploads\/2025\/03\/Thrill-of-Lotto-America.png 400w\" sizes=\"auto, (max-width: 100px) 100vw, 100px\" \/>Entdecke den Nervenkitzel von Lotto America: Die neuesten Ergebnisse enth\u00fcllt<\/h2>\n<p>Lotto America ist ein faszinierendes Lottospiel, das die Herzen und Tr\u00e4ume von Spielern in den Vereinigten Staaten erobert hat. Mit seinen aufregenden Ziehungen und lebensver\u00e4ndernden Preisen ist es kein Wunder, dass Lotto America bei Lottoliebhabern so beliebt ist. Wenn du jemals davon getr\u00e4umt hast, gro\u00df zu gewinnen, ist jetzt der perfekte Zeitpunkt, in den Nervenkitzel einzutauchen und die neuesten Ergebnisse zu sehen.<\/p>\n<h2><img loading=\"lazy\" decoding=\"async\" class=\"alignleft wp-image-2472\" src=\"https:\/\/lottomat.com\/wp-content\/uploads\/2025\/03\/How-Often-is-Lotto-America-Drawn-300x300.png\" alt=\"How Often is Lotto America Drawn\" width=\"100\" height=\"100\" srcset=\"https:\/\/lottomat.com\/wp-content\/uploads\/2025\/03\/How-Often-is-Lotto-America-Drawn-300x300.png 300w, https:\/\/lottomat.com\/wp-content\/uploads\/2025\/03\/How-Often-is-Lotto-America-Drawn-150x150.png 150w, https:\/\/lottomat.com\/wp-content\/uploads\/2025\/03\/How-Often-is-Lotto-America-Drawn-100x100.png 100w, https:\/\/lottomat.com\/wp-content\/uploads\/2025\/03\/How-Often-is-Lotto-America-Drawn.png 400w\" sizes=\"auto, (max-width: 100px) 100vw, 100px\" \/>Wie oft wird Lotto America gezogen?<\/h2>\n<p>Lotto America bietet den Spielern dreimal pro Woche die Chance, fantastische Preise zu gewinnen, da die Ziehungen jeden Montag, Mittwoch und Samstag stattfinden. Dieser h\u00e4ufige Zeitplan bedeutet zahlreiche Gelegenheiten, dein Gl\u00fcck zu testen und dein Leben f\u00fcr immer zu ver\u00e4ndern. Die Spannung vor jeder Ziehung ist elektrisierend, wenn die Spieler gespannt darauf warten, ob ihre ausgew\u00e4hlten Zahlen die gl\u00fccklichen sind.<\/p>\n<h2><img loading=\"lazy\" decoding=\"async\" class=\"alignleft wp-image-2502\" src=\"https:\/\/lottomat.com\/wp-content\/uploads\/2025\/03\/Most-Frequently-Drawn-Numbers-2-300x300.png\" alt=\"Most Frequently Drawn Numbers\" width=\"100\" height=\"100\" srcset=\"https:\/\/lottomat.com\/wp-content\/uploads\/2025\/03\/Most-Frequently-Drawn-Numbers-2-300x300.png 300w, https:\/\/lottomat.com\/wp-content\/uploads\/2025\/03\/Most-Frequently-Drawn-Numbers-2-150x150.png 150w, https:\/\/lottomat.com\/wp-content\/uploads\/2025\/03\/Most-Frequently-Drawn-Numbers-2-100x100.png 100w, https:\/\/lottomat.com\/wp-content\/uploads\/2025\/03\/Most-Frequently-Drawn-Numbers-2.png 400w\" sizes=\"auto, (max-width: 100px) 100vw, 100px\" \/>Die am h\u00e4ufigsten gezogenen Zahlen<\/h2>\n<p>Im Laufe der Jahre sind einige Zahlen h\u00e4ufiger aufgetreten als andere, was bei den Spielern Neugier und Spekulationen ausl\u00f6st. Obwohl jede Ziehung unabh\u00e4ngig und zuf\u00e4llig ist, wurden Zahlen wie 3, 7, 21, 33 und 44 bei Lotto America h\u00e4ufiger gezogen. Viele Spieler entscheiden sich daf\u00fcr, diese Zahlen in ihren Tippscheinen zu verwenden, in der Hoffnung, dass sie ihnen bei zuk\u00fcnftigen Ziehungen Gl\u00fcck bringen.<\/p>\n<h2><img loading=\"lazy\" decoding=\"async\" class=\"alignleft wp-image-2531\" src=\"https:\/\/lottomat.com\/wp-content\/uploads\/2025\/03\/Record-Breaking-Wins-300x300.png\" alt=\"Record-Breaking Wins\" width=\"100\" height=\"100\" srcset=\"https:\/\/lottomat.com\/wp-content\/uploads\/2025\/03\/Record-Breaking-Wins-300x300.png 300w, https:\/\/lottomat.com\/wp-content\/uploads\/2025\/03\/Record-Breaking-Wins-150x150.png 150w, https:\/\/lottomat.com\/wp-content\/uploads\/2025\/03\/Record-Breaking-Wins-100x100.png 100w, https:\/\/lottomat.com\/wp-content\/uploads\/2025\/03\/Record-Breaking-Wins.png 400w\" sizes=\"auto, (max-width: 100px) 100vw, 100px\" \/>Rekordbrechende Gewinne: Wo und wann<\/h2>\n<p>Lotto America hat einige unglaubliche Gewinne gesehen, die das Leben der Gewinner \u00fcber Nacht ver\u00e4ndert haben. Der gr\u00f6\u00dfte jemals gewonnene Jackpot betrug satte 22 Millionen Dollar und wurde im M\u00e4rz 2018 von einem gl\u00fccklichen Ticketinhaber aus Minnesota gewonnen. Dieser monumentale Gewinn ist ein Beweis f\u00fcr das lebensver\u00e4ndernde Potenzial von Lotto America. Weitere bemerkenswerte Gewinne gab es in Staaten wie Iowa und Tennessee, wo Spieler Millionen gewonnen haben und ihre Tr\u00e4ume in die Realit\u00e4t umgesetzt wurden.<\/p>\n<h2><img loading=\"lazy\" decoding=\"async\" class=\"alignleft wp-image-2560\" src=\"https:\/\/lottomat.com\/wp-content\/uploads\/2025\/03\/Why-Play-Lotto-America-300x300.png\" alt=\"Why Play Lotto America\" width=\"100\" height=\"100\" srcset=\"https:\/\/lottomat.com\/wp-content\/uploads\/2025\/03\/Why-Play-Lotto-America-300x300.png 300w, https:\/\/lottomat.com\/wp-content\/uploads\/2025\/03\/Why-Play-Lotto-America-150x150.png 150w, https:\/\/lottomat.com\/wp-content\/uploads\/2025\/03\/Why-Play-Lotto-America-100x100.png 100w, https:\/\/lottomat.com\/wp-content\/uploads\/2025\/03\/Why-Play-Lotto-America.png 400w\" sizes=\"auto, (max-width: 100px) 100vw, 100px\" \/>Warum Lotto America spielen?<\/h2>\n<p>Lotto America zu spielen geht nicht nur um die M\u00f6glichkeit, gro\u00df zu gewinnen; es geht um den Nervenkitzel und die Aufregung jeder Ziehung. Was du mit einem riesigen Gewinn machen k\u00f6nntest, ist grenzenlos aufregend. Ob du dir ein Traumhaus kaufst, die Welt bereist oder eine sichere Zukunft f\u00fcr deine Familie schaffst, die M\u00f6glichkeiten sind endlos.<\/p>\n<p>Dar\u00fcber hinaus erh\u00f6ht regelm\u00e4\u00dfige Teilnahme an Lotto America deine Gewinnchancen. Konsistenz ist der Schl\u00fcssel; mit jedem Ticket, das du kaufst, gibst du dir eine weitere Gelegenheit, den Jackpot zu knacken. Der Nervenkitzel des Spielens und die Vorfreude auf jede Ziehung machen Lotto America zu einer aufregenden Erfahrung.<\/p>\n<h2><img loading=\"lazy\" decoding=\"async\" class=\"alignleft wp-image-2589\" src=\"https:\/\/lottomat.com\/wp-content\/uploads\/2025\/03\/Explore-More-Opportunities-with-Lottomat-300x300.png\" alt=\"Explore More Opportunities with Lottomat\" width=\"100\" height=\"100\" srcset=\"https:\/\/lottomat.com\/wp-content\/uploads\/2025\/03\/Explore-More-Opportunities-with-Lottomat-300x300.png 300w, https:\/\/lottomat.com\/wp-content\/uploads\/2025\/03\/Explore-More-Opportunities-with-Lottomat-150x150.png 150w, https:\/\/lottomat.com\/wp-content\/uploads\/2025\/03\/Explore-More-Opportunities-with-Lottomat-100x100.png 100w, https:\/\/lottomat.com\/wp-content\/uploads\/2025\/03\/Explore-More-Opportunities-with-Lottomat.png 400w\" sizes=\"auto, (max-width: 100px) 100vw, 100px\" \/>Entdecke mehr M\u00f6glichkeiten mit Lottomat<\/h2>\n<p>Lotto America ist nur eines der vielen aufregenden Lotteriespiele, die auf Lottomat verf\u00fcgbar sind. Wenn du dein Gl\u00fcck bei anderen spannenden Spielen versuchen m\u00f6chtest, bietet Lottomat eine breite Palette an Optionen, darunter Powerball, SuperEnalotto, EuroMillions, Eurojackpot und Mega Millions. Jede dieser Lotterien bietet einzigartige M\u00f6glichkeiten und riesige Jackpots, die dir noch mehr Chancen zum Gewinnen bieten.<\/p>\n<p>Das Spielen in mehreren Lotterien erh\u00f6ht deine Chancen auf einen Gewinn und sorgt f\u00fcr Abwechslung und Spannung in deinem Lotteriespielerlebnis. Mit so vielen Optionen zur Verf\u00fcgung bringt jede Ziehung neue Hoffnung und das Potenzial f\u00fcr unglaubliche Belohnungen.<\/p>\n<h2><img loading=\"lazy\" decoding=\"async\" class=\"alignleft wp-image-2618\" src=\"https:\/\/lottomat.com\/wp-content\/uploads\/2025\/03\/allure-of-Lotto-America-300x300.png\" alt=\"allure of Lotto America\" width=\"100\" height=\"100\" srcset=\"https:\/\/lottomat.com\/wp-content\/uploads\/2025\/03\/allure-of-Lotto-America-300x300.png 300w, https:\/\/lottomat.com\/wp-content\/uploads\/2025\/03\/allure-of-Lotto-America-150x150.png 150w, https:\/\/lottomat.com\/wp-content\/uploads\/2025\/03\/allure-of-Lotto-America-100x100.png 100w, https:\/\/lottomat.com\/wp-content\/uploads\/2025\/03\/allure-of-Lotto-America.png 400w\" sizes=\"auto, (max-width: 100px) 100vw, 100px\" \/>Die Aufregung erwartet dich<\/h2>\n<p>Der Reiz von Lotto America liegt in seiner F\u00e4higkeit, Leben mit nur einem einzigen Ticket zu ver\u00e4ndern. Die Aufregung des Spiels, kombiniert mit dem Traum, den Jackpot zu knacken, sorgt f\u00fcr ein spannendes und lohnendes Erlebnis. Egal, ob du ein erfahrener Spieler oder ein Neuling in der Welt der Lotterien bist, Lotto America bietet dir eine unwiderstehliche Gelegenheit, deine Tr\u00e4ume zu verfolgen.<\/p>\n<p>Denke daran, um gro\u00df zu gewinnen, musst du spielen. Mit konstantem Spielen und etwas Gl\u00fcck k\u00f6nntest du zu den wenigen Gl\u00fccklichen geh\u00f6ren, die ihre Tr\u00e4ume in die Realit\u00e4t umgesetzt haben. Warum also warten? Tauche in den Nervenkitzel von Lotto America ein und entdecke die endlosen M\u00f6glichkeiten, die auf dich warten.<\/p>\n","protected":false},"excerpt":{"rendered":"<p>Entdecke den Nervenkitzel von Lotto America: Die neuesten Ergebnisse enth\u00fcllt Lotto America ist ein faszinierendes Lottospiel, das die Herzen und Tr\u00e4ume von Spielern in den Vereinigten Staaten erobert hat. Mit seinen aufregenden Ziehungen und lebensver\u00e4ndernden Preisen ist es kein Wunder, dass Lotto America bei Lottoliebhabern so beliebt ist. Wenn du jemals davon getr\u00e4umt hast, gro\u00df [&hellip;]<\/p>\n","protected":false},"author":1,"featured_media":0,"parent":7413,"menu_order":10,"comment_status":"closed","ping_status":"closed","template":"lotto-america-results.php","meta":{"_et_pb_use_builder":"","_et_pb_old_content":"","_et_gb_content_width":"","exclude_from_search":false,"footnotes":""},"class_list":["post-9586","page","type-page","status-publish","hentry"],"yoast_head":"<!-- This site is optimized with the Yoast SEO plugin v23.8 - https:\/\/yoast.com\/wordpress\/plugins\/seo\/ -->\n<title>\u00dcberpr\u00fcfen Sie die Lotto America-Ergebnisse<\/title>\n<meta name=\"description\" content=\"Lotto America bietet seinen Spielern jede Woche drei Chancen auf fantastische Gewinne. Die Ziehungen finden jeden Montag, Mittwoch und Samstag statt.\" \/>\n<meta name=\"robots\" content=\"index, follow, max-snippet:-1, max-image-preview:large, max-video-preview:-1\" \/>\n<link rel=\"canonical\" href=\"https:\/\/lottomat.com\/de\/ergebnisse\/lotto-america\/\" \/>\n<meta property=\"og:locale\" content=\"de_DE\" \/>\n<meta property=\"og:type\" content=\"article\" \/>\n<meta property=\"og:title\" content=\"\u00dcberpr\u00fcfen Sie die Lotto America-Ergebnisse\" \/>\n<meta property=\"og:description\" content=\"Lotto America bietet seinen Spielern jede Woche drei Chancen auf fantastische Gewinne. Die Ziehungen finden jeden Montag, Mittwoch und Samstag statt.\" \/>\n<meta property=\"og:url\" content=\"https:\/\/lottomat.com\/de\/ergebnisse\/lotto-america\/\" \/>\n<meta property=\"og:site_name\" content=\"Lottomat\" \/>\n<meta property=\"article:modified_time\" content=\"2025-04-08T09:28:27+00:00\" \/>\n<meta property=\"og:image\" content=\"https:\/\/lottomat.com\/wp-content\/uploads\/2025\/03\/Thrill-of-Lotto-America-300x300.png\" \/>\n<meta name=\"twitter:card\" content=\"summary_large_image\" \/>\n<meta name=\"twitter:label1\" content=\"Gesch\u00e4tzte Lesezeit\" \/>\n\t<meta name=\"twitter:data1\" content=\"5\u00a0Minuten\" \/>\n<script type=\"application\/ld+json\" class=\"yoast-schema-graph\">{\"@context\":\"https:\/\/schema.org\",\"@graph\":[{\"@type\":\"WebPage\",\"@id\":\"https:\/\/lottomat.com\/de\/ergebnisse\/lotto-america\/\",\"url\":\"https:\/\/lottomat.com\/de\/ergebnisse\/lotto-america\/\",\"name\":\"\u00dcberpr\u00fcfen Sie die Lotto America-Ergebnisse\",\"isPartOf\":{\"@id\":\"https:\/\/lottomat.com\/de\/#website\"},\"primaryImageOfPage\":{\"@id\":\"https:\/\/lottomat.com\/de\/ergebnisse\/lotto-america\/#primaryimage\"},\"image\":{\"@id\":\"https:\/\/lottomat.com\/de\/ergebnisse\/lotto-america\/#primaryimage\"},\"thumbnailUrl\":\"https:\/\/lottomat.com\/wp-content\/uploads\/2025\/03\/Thrill-of-Lotto-America-300x300.png\",\"datePublished\":\"2025-03-27T11:10:59+00:00\",\"dateModified\":\"2025-04-08T09:28:27+00:00\",\"description\":\"Lotto America bietet seinen Spielern jede Woche drei Chancen auf fantastische Gewinne. Die Ziehungen finden jeden Montag, Mittwoch und Samstag statt.\",\"breadcrumb\":{\"@id\":\"https:\/\/lottomat.com\/de\/ergebnisse\/lotto-america\/#breadcrumb\"},\"inLanguage\":\"de\",\"potentialAction\":[{\"@type\":\"ReadAction\",\"target\":[\"https:\/\/lottomat.com\/de\/ergebnisse\/lotto-america\/\"]}]},{\"@type\":\"ImageObject\",\"inLanguage\":\"de\",\"@id\":\"https:\/\/lottomat.com\/de\/ergebnisse\/lotto-america\/#primaryimage\",\"url\":\"https:\/\/lottomat.com\/wp-content\/uploads\/2025\/03\/Thrill-of-Lotto-America-300x300.png\",\"contentUrl\":\"https:\/\/lottomat.com\/wp-content\/uploads\/2025\/03\/Thrill-of-Lotto-America-300x300.png\"},{\"@type\":\"BreadcrumbList\",\"@id\":\"https:\/\/lottomat.com\/de\/ergebnisse\/lotto-america\/#breadcrumb\",\"itemListElement\":[{\"@type\":\"ListItem\",\"position\":1,\"name\":\"Home\",\"item\":\"https:\/\/lottomat.com\/de\/\"},{\"@type\":\"ListItem\",\"position\":2,\"name\":\"Die Neuesten Lotterie-Ergebnisse &#038; Gewinnzahlen\",\"item\":\"https:\/\/lottomat.com\/de\/ergebnisse\/\"},{\"@type\":\"ListItem\",\"position\":3,\"name\":\"Lotto America Ergebnisse\"}]},{\"@type\":\"WebSite\",\"@id\":\"https:\/\/lottomat.com\/de\/#website\",\"url\":\"https:\/\/lottomat.com\/de\/\",\"name\":\"Lottomat\",\"description\":\"\",\"potentialAction\":[{\"@type\":\"SearchAction\",\"target\":{\"@type\":\"EntryPoint\",\"urlTemplate\":\"https:\/\/lottomat.com\/de\/?s={search_term_string}\"},\"query-input\":{\"@type\":\"PropertyValueSpecification\",\"valueRequired\":true,\"valueName\":\"search_term_string\"}}],\"inLanguage\":\"de\"}]}<\/script>\n<!-- \/ Yoast SEO plugin. -->","yoast_head_json":{"title":"\u00dcberpr\u00fcfen Sie die Lotto America-Ergebnisse","description":"Lotto America bietet seinen Spielern jede Woche drei Chancen auf fantastische Gewinne. Die Ziehungen finden jeden Montag, Mittwoch und Samstag statt.","robots":{"index":"index","follow":"follow","max-snippet":"max-snippet:-1","max-image-preview":"max-image-preview:large","max-video-preview":"max-video-preview:-1"},"canonical":"https:\/\/lottomat.com\/de\/ergebnisse\/lotto-america\/","og_locale":"de_DE","og_type":"article","og_title":"\u00dcberpr\u00fcfen Sie die Lotto America-Ergebnisse","og_description":"Lotto America bietet seinen Spielern jede Woche drei Chancen auf fantastische Gewinne. Die Ziehungen finden jeden Montag, Mittwoch und Samstag statt.","og_url":"https:\/\/lottomat.com\/de\/ergebnisse\/lotto-america\/","og_site_name":"Lottomat","article_modified_time":"2025-04-08T09:28:27+00:00","og_image":[{"url":"https:\/\/lottomat.com\/wp-content\/uploads\/2025\/03\/Thrill-of-Lotto-America-300x300.png"}],"twitter_card":"summary_large_image","twitter_misc":{"Gesch\u00e4tzte Lesezeit":"5\u00a0Minuten"},"schema":{"@context":"https:\/\/schema.org","@graph":[{"@type":"WebPage","@id":"https:\/\/lottomat.com\/de\/ergebnisse\/lotto-america\/","url":"https:\/\/lottomat.com\/de\/ergebnisse\/lotto-america\/","name":"\u00dcberpr\u00fcfen Sie die Lotto America-Ergebnisse","isPartOf":{"@id":"https:\/\/lottomat.com\/de\/#website"},"primaryImageOfPage":{"@id":"https:\/\/lottomat.com\/de\/ergebnisse\/lotto-america\/#primaryimage"},"image":{"@id":"https:\/\/lottomat.com\/de\/ergebnisse\/lotto-america\/#primaryimage"},"thumbnailUrl":"https:\/\/lottomat.com\/wp-content\/uploads\/2025\/03\/Thrill-of-Lotto-America-300x300.png","datePublished":"2025-03-27T11:10:59+00:00","dateModified":"2025-04-08T09:28:27+00:00","description":"Lotto America bietet seinen Spielern jede Woche drei Chancen auf fantastische Gewinne. Die Ziehungen finden jeden Montag, Mittwoch und Samstag statt.","breadcrumb":{"@id":"https:\/\/lottomat.com\/de\/ergebnisse\/lotto-america\/#breadcrumb"},"inLanguage":"de","potentialAction":[{"@type":"ReadAction","target":["https:\/\/lottomat.com\/de\/ergebnisse\/lotto-america\/"]}]},{"@type":"ImageObject","inLanguage":"de","@id":"https:\/\/lottomat.com\/de\/ergebnisse\/lotto-america\/#primaryimage","url":"https:\/\/lottomat.com\/wp-content\/uploads\/2025\/03\/Thrill-of-Lotto-America-300x300.png","contentUrl":"https:\/\/lottomat.com\/wp-content\/uploads\/2025\/03\/Thrill-of-Lotto-America-300x300.png"},{"@type":"BreadcrumbList","@id":"https:\/\/lottomat.com\/de\/ergebnisse\/lotto-america\/#breadcrumb","itemListElement":[{"@type":"ListItem","position":1,"name":"Home","item":"https:\/\/lottomat.com\/de\/"},{"@type":"ListItem","position":2,"name":"Die Neuesten Lotterie-Ergebnisse &#038; Gewinnzahlen","item":"https:\/\/lottomat.com\/de\/ergebnisse\/"},{"@type":"ListItem","position":3,"name":"Lotto America Ergebnisse"}]},{"@type":"WebSite","@id":"https:\/\/lottomat.com\/de\/#website","url":"https:\/\/lottomat.com\/de\/","name":"Lottomat","description":"","potentialAction":[{"@type":"SearchAction","target":{"@type":"EntryPoint","urlTemplate":"https:\/\/lottomat.com\/de\/?s={search_term_string}"},"query-input":{"@type":"PropertyValueSpecification","valueRequired":true,"valueName":"search_term_string"}}],"inLanguage":"de"}]}},"_links":{"self":[{"href":"https:\/\/lottomat.com\/de\/wp-json\/wp\/v2\/pages\/9586","targetHints":{"allow":["GET"]}}],"collection":[{"href":"https:\/\/lottomat.com\/de\/wp-json\/wp\/v2\/pages"}],"about":[{"href":"https:\/\/lottomat.com\/de\/wp-json\/wp\/v2\/types\/page"}],"author":[{"embeddable":true,"href":"https:\/\/lottomat.com\/de\/wp-json\/wp\/v2\/users\/1"}],"replies":[{"embeddable":true,"href":"https:\/\/lottomat.com\/de\/wp-json\/wp\/v2\/comments?post=9586"}],"version-history":[{"count":0,"href":"https:\/\/lottomat.com\/de\/wp-json\/wp\/v2\/pages\/9586\/revisions"}],"up":[{"embeddable":true,"href":"https:\/\/lottomat.com\/de\/wp-json\/wp\/v2\/pages\/7413"}],"wp:attachment":[{"href":"https:\/\/lottomat.com\/de\/wp-json\/wp\/v2\/media?parent=9586"}],"curies":[{"name":"wp","href":"https:\/\/api.w.org\/{rel}","templated":true}]}}