{"id":9541,"date":"2025-03-27T11:23:45","date_gmt":"2025-03-27T11:23:45","guid":{"rendered":"https:\/\/lottomat.net\/lotterieergebnisse\/deutsche-lottozahlen\/"},"modified":"2025-04-24T12:07:08","modified_gmt":"2025-04-24T12:07:08","slug":"lotto-6aus49","status":"publish","type":"page","link":"https:\/\/lottomat.com\/de\/ergebnisse\/lotto-6aus49\/","title":{"rendered":"Deutsche Lottozahlen"},"content":{"rendered":"\n\n<div class=\"kk-star-ratings kksr-auto kksr-align-left kksr-valign-top\"\n    data-payload='{&quot;align&quot;:&quot;left&quot;,&quot;id&quot;:&quot;9541&quot;,&quot;slug&quot;:&quot;default&quot;,&quot;valign&quot;:&quot;top&quot;,&quot;ignore&quot;:&quot;&quot;,&quot;reference&quot;:&quot;auto&quot;,&quot;class&quot;:&quot;&quot;,&quot;count&quot;:&quot;0&quot;,&quot;legendonly&quot;:&quot;&quot;,&quot;readonly&quot;:&quot;&quot;,&quot;score&quot;:&quot;0&quot;,&quot;starsonly&quot;:&quot;&quot;,&quot;best&quot;:&quot;5&quot;,&quot;gap&quot;:&quot;5&quot;,&quot;greet&quot;:&quot;Rate this page&quot;,&quot;legend&quot;:&quot;0\\\/5 - (0 votes)&quot;,&quot;size&quot;:&quot;30&quot;,&quot;title&quot;:&quot;Deutsche Lottozahlen&quot;,&quot;width&quot;:&quot;0&quot;,&quot;_legend&quot;:&quot;{score}\\\/{best} - ({count} {votes})&quot;,&quot;font_factor&quot;:&quot;1.25&quot;}'>\n            \n<div class=\"kksr-stars\">\n    \n<div class=\"kksr-stars-inactive\">\n            <div class=\"kksr-star\" data-star=\"1\" style=\"padding-right: 5px\">\n            \n\n<div class=\"kksr-icon\" style=\"width: 30px; height: 30px;\"><\/div>\n        <\/div>\n            <div class=\"kksr-star\" data-star=\"2\" style=\"padding-right: 5px\">\n            \n\n<div class=\"kksr-icon\" style=\"width: 30px; height: 30px;\"><\/div>\n        <\/div>\n            <div class=\"kksr-star\" data-star=\"3\" style=\"padding-right: 5px\">\n            \n\n<div class=\"kksr-icon\" style=\"width: 30px; height: 30px;\"><\/div>\n        <\/div>\n            <div class=\"kksr-star\" data-star=\"4\" style=\"padding-right: 5px\">\n            \n\n<div class=\"kksr-icon\" style=\"width: 30px; height: 30px;\"><\/div>\n        <\/div>\n            <div class=\"kksr-star\" data-star=\"5\" style=\"padding-right: 5px\">\n            \n\n<div class=\"kksr-icon\" style=\"width: 30px; height: 30px;\"><\/div>\n        <\/div>\n    <\/div>\n    \n<div class=\"kksr-stars-active\" style=\"width: 0px;\">\n            <div class=\"kksr-star\" style=\"padding-right: 5px\">\n            \n\n<div class=\"kksr-icon\" style=\"width: 30px; height: 30px;\"><\/div>\n        <\/div>\n            <div class=\"kksr-star\" style=\"padding-right: 5px\">\n            \n\n<div class=\"kksr-icon\" style=\"width: 30px; height: 30px;\"><\/div>\n        <\/div>\n            <div class=\"kksr-star\" style=\"padding-right: 5px\">\n            \n\n<div class=\"kksr-icon\" style=\"width: 30px; height: 30px;\"><\/div>\n        <\/div>\n            <div class=\"kksr-star\" style=\"padding-right: 5px\">\n            \n\n<div class=\"kksr-icon\" style=\"width: 30px; height: 30px;\"><\/div>\n        <\/div>\n            <div class=\"kksr-star\" style=\"padding-right: 5px\">\n            \n\n<div class=\"kksr-icon\" style=\"width: 30px; height: 30px;\"><\/div>\n        <\/div>\n    <\/div>\n<\/div>\n                \n\n<div class=\"kksr-legend\" style=\"font-size: 24px;\">\n            <span class=\"kksr-muted\">Rate this page<\/span>\n    <\/div>\n    <\/div>\n<p>Auf dieser Seite finden Sie die aktuellsten Informationen zu den Lotto 6aus49 Ziehungsergebnissen, dem voraussichtlichen Jackpot dieser Ziehung sowie weitere wichtige Details f\u00fcr Ihre Spielplanung. Hier k\u00f6nnen Sie auch auf das Lotto 6aus49 Archiv zugreifen.<\/p>\n<p>Rechts neben der Gewinnkombination der letzten Ziehung befinden sich drei Felder. Das mittlere Feld zeigt das Datum der letzten Ziehung. Links und rechts davon befinden sich Pfeile, mit denen Sie die vorherigen Ziehungsdaten durchsuchen und zum aktuellsten Datum gelangen k\u00f6nnen.<\/p>\n<p>Ergebnisse und Gewinne der letzten Ziehung im Lotto 6aus49 Archiv<br \/>\nEine gro\u00dfe Tabelle zeigt die Ergebnisse und die Gewinnverteilung nach Kategorien der heutigen Lotto 6aus49 Ziehung.<\/p>\n<p>Die Gewinnkategorien (bis zu 9 verschiedene Kategorien), die erforderlichen Ergebnisse f\u00fcr die jeweilige Gewinnkategorie, die Gewinner jeder Kategorie sowie die jeweiligen Gewinne. Unten in diesem gro\u00dfen Fenster werden die Gesamtzahl der Gewinner dieser Ziehung und die an alle Gewinner ausgesch\u00fcttete Gesamtsumme angezeigt.<\/p>\n<h2>Wie kann ich die Lotto 6\/49 Ergebnisse abrufen? Lotto 6\/49 Archiv<\/h2>\n<p>Auf der LottoMat-Website k\u00f6nnen Sie alle Ergebnisse und das Lotto 6\/49 Archiv durchsuchen. Direkt neben den zuletzt gezogenen Zahlen wird das Datum der letzten Ziehung angezeigt. Ein Klick auf dieses Datum \u00f6ffnet einen Kalender mit archivierten Ziehungen. W\u00e4hlen Sie einfach das gew\u00fcnschte Datum aus und suchen Sie nach fr\u00fcheren Ergebnissen der deutschen Lottoziehungen. Wir erfassen Daten der letzten 12 Monate, und Sie k\u00f6nnen darauf vertrauen, dass diese zuverl\u00e4ssig und vor allem pr\u00e4zise verwaltet werden.<\/p>\n<p>Warum ist das Lotto 6\/49 Archiv so n\u00fctzlich? Daf\u00fcr gibt es drei Hauptgr\u00fcnde. Erstens k\u00f6nnen Sie damit Ihre eigene Strategie entwickeln, indem Sie die zuletzt gezogenen Zahlen \u00fcberpr\u00fcfen und Ihre Gewinnchancen bestimmen. Zweitens k\u00f6nnen Sie \u00fcberpr\u00fcfen, ob es in einer Lotterie sechs Gl\u00fcckszahlen gab, ob es einen Jackpot gab und wie hoch der h\u00f6chste Gewinn der letzten Zeit war, um Ihren potenziellen Gewinn zu berechnen. Drittens k\u00f6nnen Sie sehen, wie viele Gewinner es im Deutschen Lotto gibt und welche Gewinne sie erzielen, selbst wenn nicht alle gezogenen Zahlen richtig sind \u2013 und es gibt immer Hunderttausende!<\/p>\n<p>Jetzt m\u00fcssen Sie nur noch die 6aus49-Lose kaufen und Ihr Leben grundlegend ver\u00e4ndern! Und denken Sie daran: Jedes Los bringt Sie einem Gewinn im 6aus49-Onlinelotto n\u00e4her.<\/p>\n<h2>Die am h\u00e4ufigsten gezogenen Zahlen im Deutschen Lotto \u2013 Lotto 6\/49 Archiv<\/h2>\n<p>Wenn Sie sich f\u00fcr Statistiken interessieren, k\u00f6nnen Sie einige unserer besonderen Tricks nutzen. Einer davon ist, mit den am h\u00e4ufigsten und am seltensten gezogenen Zahlen zu spielen. Diese Informationen stammen aus den Tabellen im Lotto 6\/49-Archiv und k\u00f6nnen dann verwendet werden, um eine Liste mit interessanten und weniger wahrscheinlichen Zahlen zu erstellen. Bestimmte Zahlen werden h\u00e4ufiger gezogen als andere, was beim Spielen hilfreich ist. Neben den Lottoergebnissen finden Sie hier auch n\u00fctzliche Informationen zu den Regeln des Deutschen Lottos. Anzahl H\u00e4ufigkeit<br \/>\n&lt;<\/p>\n<table class=\"responsive-table\">\n<thead>\n<tr>\n<th style=\"width: 625.484px;\">Number<\/th>\n<th style=\"width: 636.516px;\">Frequency<\/th>\n<\/tr>\n<\/thead>\n<tbody>\n<tr>\n<td style=\"width: 625.484px;\">38<\/td>\n<td style=\"width: 636.516px;\">865<\/td>\n<\/tr>\n<tr>\n<td style=\"width: 625.484px;\">6<\/td>\n<td style=\"width: 636.516px;\">859<\/td>\n<\/tr>\n<tr>\n<td style=\"width: 625.484px;\">31<\/td>\n<td style=\"width: 636.516px;\">845<\/td>\n<\/tr>\n<tr>\n<td style=\"width: 625.484px;\">33<\/td>\n<td style=\"width: 636.516px;\">836<\/td>\n<\/tr>\n<tr>\n<td style=\"width: 625.484px;\">26<\/td>\n<td style=\"width: 636.516px;\">834<\/td>\n<\/tr>\n<tr>\n<td style=\"width: 625.484px;\">27<\/td>\n<td style=\"width: 636.516px;\">834<\/td>\n<\/tr>\n<tr>\n<td style=\"width: 625.484px;\">43<\/td>\n<td style=\"width: 636.516px;\">834<\/td>\n<\/tr>\n<tr>\n<td style=\"width: 625.484px;\">3<\/td>\n<td style=\"width: 636.516px;\">833<\/td>\n<\/tr>\n<tr>\n<td style=\"width: 625.484px;\">11<\/td>\n<td style=\"width: 636.516px;\">827<\/td>\n<\/tr>\n<tr>\n<td style=\"width: 625.484px;\">49<\/td>\n<td style=\"width: 636.516px;\">827<\/td>\n<\/tr>\n<tr>\n<td style=\"width: 625.484px;\">42<\/td>\n<td style=\"width: 636.516px;\">824<\/td>\n<\/tr>\n<tr>\n<td style=\"width: 625.484px;\">41<\/td>\n<td style=\"width: 636.516px;\">823<\/td>\n<\/tr>\n<tr>\n<td style=\"width: 625.484px;\">22<\/td>\n<td style=\"width: 636.516px;\">820<\/td>\n<\/tr>\n<tr>\n<td style=\"width: 625.484px;\">25<\/td>\n<td style=\"width: 636.516px;\">817<\/td>\n<\/tr>\n<tr>\n<td style=\"width: 625.484px;\">47<\/td>\n<td style=\"width: 636.516px;\">813<\/td>\n<\/tr>\n<tr>\n<td style=\"width: 625.484px;\">16<\/td>\n<td style=\"width: 636.516px;\">808<\/td>\n<\/tr>\n<tr>\n<td style=\"width: 625.484px;\">19<\/td>\n<td style=\"width: 636.516px;\">806<\/td>\n<\/tr>\n<tr>\n<td style=\"width: 625.484px;\">32<\/td>\n<td style=\"width: 636.516px;\">805<\/td>\n<\/tr>\n<tr>\n<td style=\"width: 625.484px;\">1<\/td>\n<td style=\"width: 636.516px;\">801<\/td>\n<\/tr>\n<tr>\n<td style=\"width: 625.484px;\">7<\/td>\n<td style=\"width: 636.516px;\">801<\/td>\n<\/tr>\n<tr>\n<td style=\"width: 625.484px;\">2<\/td>\n<td style=\"width: 636.516px;\">799<\/td>\n<\/tr>\n<tr>\n<td style=\"width: 625.484px;\">48<\/td>\n<td style=\"width: 636.516px;\">799<\/td>\n<\/tr>\n<tr>\n<td style=\"width: 625.484px;\">36<\/td>\n<td style=\"width: 636.516px;\">797<\/td>\n<\/tr>\n<tr>\n<td style=\"width: 625.484px;\">4<\/td>\n<td style=\"width: 636.516px;\">795<\/td>\n<\/tr>\n<tr>\n<td style=\"width: 625.484px;\">9<\/td>\n<td style=\"width: 636.516px;\">795<\/td>\n<\/tr>\n<tr>\n<td style=\"width: 625.484px;\">17<\/td>\n<td style=\"width: 636.516px;\">794<\/td>\n<\/tr>\n<tr>\n<td style=\"width: 625.484px;\">18<\/td>\n<td style=\"width: 636.516px;\">794<\/td>\n<\/tr>\n<tr>\n<td style=\"width: 625.484px;\">37<\/td>\n<td style=\"width: 636.516px;\">793<\/td>\n<\/tr>\n<tr>\n<td style=\"width: 625.484px;\">5<\/td>\n<td style=\"width: 636.516px;\">790<\/td>\n<\/tr>\n<tr>\n<td style=\"width: 625.484px;\">39<\/td>\n<td style=\"width: 636.516px;\">788<\/td>\n<\/tr>\n<tr>\n<td style=\"width: 625.484px;\">44<\/td>\n<td style=\"width: 636.516px;\">787<\/td>\n<\/tr>\n<tr>\n<td style=\"width: 625.484px;\">35<\/td>\n<td style=\"width: 636.516px;\">785<\/td>\n<\/tr>\n<tr>\n<td style=\"width: 625.484px;\">10<\/td>\n<td style=\"width: 636.516px;\">783<\/td>\n<\/tr>\n<tr>\n<td style=\"width: 625.484px;\">30<\/td>\n<td style=\"width: 636.516px;\">780<\/td>\n<\/tr>\n<tr>\n<td style=\"width: 625.484px;\">23<\/td>\n<td style=\"width: 636.516px;\">778<\/td>\n<\/tr>\n<tr>\n<td style=\"width: 625.484px;\">24<\/td>\n<td style=\"width: 636.516px;\">778<\/td>\n<\/tr>\n<tr>\n<td style=\"width: 625.484px;\">29<\/td>\n<td style=\"width: 636.516px;\">777<\/td>\n<\/tr>\n<tr>\n<td style=\"width: 625.484px;\">40<\/td>\n<td style=\"width: 636.516px;\">774<\/td>\n<\/tr>\n<tr>\n<td style=\"width: 625.484px;\">12<\/td>\n<td style=\"width: 636.516px;\">773<\/td>\n<\/tr>\n<tr>\n<td style=\"width: 625.484px;\">14<\/td>\n<td style=\"width: 636.516px;\">773<\/td>\n<\/tr>\n<tr>\n<td style=\"width: 625.484px;\">34<\/td>\n<td style=\"width: 636.516px;\">772<\/td>\n<\/tr>\n<tr>\n<td style=\"width: 625.484px;\">46<\/td>\n<td style=\"width: 636.516px;\">768<\/td>\n<\/tr>\n<tr>\n<td style=\"width: 625.484px;\">15<\/td>\n<td style=\"width: 636.516px;\">767<\/td>\n<\/tr>\n<tr>\n<td style=\"width: 625.484px;\">21<\/td>\n<td style=\"width: 636.516px;\">765<\/td>\n<\/tr>\n<tr>\n<td style=\"width: 625.484px;\">20<\/td>\n<td style=\"width: 636.516px;\">758<\/td>\n<\/tr>\n<tr>\n<td style=\"width: 625.484px;\">28<\/td>\n<td style=\"width: 636.516px;\">750<\/td>\n<\/tr>\n<tr>\n<td style=\"width: 625.484px;\">8<\/td>\n<td style=\"width: 636.516px;\">748<\/td>\n<\/tr>\n<tr>\n<td style=\"width: 625.484px;\">13<\/td>\n<td style=\"width: 636.516px;\">727<\/td>\n<\/tr>\n<tr>\n<td style=\"width: 625.484px;\">45<\/td>\n<td style=\"width: 636.516px;\">725<\/td>\n<\/tr>\n<\/tbody>\n<\/table>\n<h2>Hei\u00dfe und kalte Zahlen beim Lotto 6aus49<\/h2>\n<p>Hei\u00dfe Zahlen beim deutschen Lotto 6aus49 sind diejenigen, die am h\u00e4ufigsten in den Ziehungen vorkommen. Kalte Zahlen beim deutschen Lotto 6aus49 sind diejenigen, die seltener vorkommen. Manche Lottospieler w\u00e4hlen sie gezielt aufgrund ihrer H\u00e4ufigkeit, da sie glauben, ihr Wiederauftauchen bei den Ziehungen des deutschen Lottos 6aus49 sei nur eine Frage der Zeit, w\u00e4hrend andere sie meiden.<\/p>\n<p>Die folgende Liste pr\u00e4sentiert die Geschichte der deutschen Lottoziehungen der letzten 30 Jahre. Die Analyse des Lotto 6 aus 49-Archivs aus diesem Zeitraum erm\u00f6glichte die Erstellung einer Liste der hei\u00dfen und kalten Zahlen im Lotto 6 aus 49.<\/p>\n<p>Hei\u00dfe Zahlen: 06, 07, 11, 22, 31, 43<br \/>\nKalte Zahlen: 02, 15, 21, 45, 46, 48<\/p>\n<h2>Gewinnm\u00f6glichkeiten beim Lotto 6 aus 49<\/h2>\n<p>Bereits mit zwei Hauptzahlen und der Superzahl erhalten Sie einen festen Gewinn. Die H\u00f6he der Gewinne variiert von Ziehung zu Ziehung, da sie von den Losverk\u00e4ufen und den Gewinnern in den einzelnen Kategorien abh\u00e4ngt.<\/p>\n","protected":false},"excerpt":{"rendered":"<p>Auf dieser Seite finden Sie die aktuellsten Informationen zu den Lotto 6aus49 Ziehungsergebnissen, dem voraussichtlichen Jackpot dieser Ziehung sowie weitere wichtige Details f\u00fcr Ihre Spielplanung. Hier k\u00f6nnen Sie auch auf das Lotto 6aus49 Archiv zugreifen. Rechts neben der Gewinnkombination der letzten Ziehung befinden sich drei Felder. Das mittlere Feld zeigt das Datum der letzten Ziehung. [&hellip;]<\/p>\n","protected":false},"author":1,"featured_media":0,"parent":7413,"menu_order":12,"comment_status":"closed","ping_status":"closed","template":"lotto-german-results.php","meta":{"_et_pb_use_builder":"","_et_pb_old_content":"","_et_gb_content_width":"","exclude_from_search":false,"footnotes":""},"class_list":["post-9541","page","type-page","status-publish","hentry"],"yoast_head":"<!-- This site is optimized with the Yoast SEO plugin v23.8 - https:\/\/yoast.com\/wordpress\/plugins\/seo\/ -->\n<title>Lotto 6aus49 Ergebnisse und Gewinnzahlen - Lottoziehung - LottoMat<\/title>\n<meta name=\"description\" content=\"Hier finden Sie die aktuellen Ziehungsergebnisse von Lotto 6aus49. Sie k\u00f6nnen Lottoscheine auch online kaufen. Lottoziehung.\" \/>\n<meta name=\"robots\" content=\"index, follow, max-snippet:-1, max-image-preview:large, max-video-preview:-1\" \/>\n<link rel=\"canonical\" href=\"https:\/\/lottomat.com\/de\/ergebnisse\/lotto-6aus49\/\" \/>\n<meta property=\"og:locale\" content=\"de_DE\" \/>\n<meta property=\"og:type\" content=\"article\" \/>\n<meta property=\"og:title\" content=\"Lotto 6aus49 Ergebnisse und Gewinnzahlen - Lottoziehung - LottoMat\" \/>\n<meta property=\"og:description\" content=\"Hier finden Sie die aktuellen Ziehungsergebnisse von Lotto 6aus49. Sie k\u00f6nnen Lottoscheine auch online kaufen. Lottoziehung.\" \/>\n<meta property=\"og:url\" content=\"https:\/\/lottomat.com\/de\/ergebnisse\/lotto-6aus49\/\" \/>\n<meta property=\"og:site_name\" content=\"Lottomat\" \/>\n<meta property=\"article:modified_time\" content=\"2025-04-24T12:07:08+00:00\" \/>\n<meta name=\"twitter:card\" content=\"summary_large_image\" \/>\n<meta name=\"twitter:label1\" content=\"Gesch\u00e4tzte Lesezeit\" \/>\n\t<meta name=\"twitter:data1\" content=\"4\u00a0Minuten\" \/>\n<script type=\"application\/ld+json\" class=\"yoast-schema-graph\">{\"@context\":\"https:\/\/schema.org\",\"@graph\":[{\"@type\":\"WebPage\",\"@id\":\"https:\/\/lottomat.com\/de\/ergebnisse\/lotto-6aus49\/\",\"url\":\"https:\/\/lottomat.com\/de\/ergebnisse\/lotto-6aus49\/\",\"name\":\"Lotto 6aus49 Ergebnisse und Gewinnzahlen - Lottoziehung - LottoMat\",\"isPartOf\":{\"@id\":\"https:\/\/lottomat.com\/de\/#website\"},\"datePublished\":\"2025-03-27T11:23:45+00:00\",\"dateModified\":\"2025-04-24T12:07:08+00:00\",\"description\":\"Hier finden Sie die aktuellen Ziehungsergebnisse von Lotto 6aus49. Sie k\u00f6nnen Lottoscheine auch online kaufen. Lottoziehung.\",\"breadcrumb\":{\"@id\":\"https:\/\/lottomat.com\/de\/ergebnisse\/lotto-6aus49\/#breadcrumb\"},\"inLanguage\":\"de\",\"potentialAction\":[{\"@type\":\"ReadAction\",\"target\":[\"https:\/\/lottomat.com\/de\/ergebnisse\/lotto-6aus49\/\"]}]},{\"@type\":\"BreadcrumbList\",\"@id\":\"https:\/\/lottomat.com\/de\/ergebnisse\/lotto-6aus49\/#breadcrumb\",\"itemListElement\":[{\"@type\":\"ListItem\",\"position\":1,\"name\":\"Home\",\"item\":\"https:\/\/lottomat.com\/de\/\"},{\"@type\":\"ListItem\",\"position\":2,\"name\":\"Die Neuesten Lotterie-Ergebnisse &#038; Gewinnzahlen\",\"item\":\"https:\/\/lottomat.com\/de\/ergebnisse\/\"},{\"@type\":\"ListItem\",\"position\":3,\"name\":\"Deutsche Lottozahlen\"}]},{\"@type\":\"WebSite\",\"@id\":\"https:\/\/lottomat.com\/de\/#website\",\"url\":\"https:\/\/lottomat.com\/de\/\",\"name\":\"Lottomat\",\"description\":\"\",\"potentialAction\":[{\"@type\":\"SearchAction\",\"target\":{\"@type\":\"EntryPoint\",\"urlTemplate\":\"https:\/\/lottomat.com\/de\/?s={search_term_string}\"},\"query-input\":{\"@type\":\"PropertyValueSpecification\",\"valueRequired\":true,\"valueName\":\"search_term_string\"}}],\"inLanguage\":\"de\"}]}<\/script>\n<!-- \/ Yoast SEO plugin. -->","yoast_head_json":{"title":"Lotto 6aus49 Ergebnisse und Gewinnzahlen - Lottoziehung - LottoMat","description":"Hier finden Sie die aktuellen Ziehungsergebnisse von Lotto 6aus49. Sie k\u00f6nnen Lottoscheine auch online kaufen. Lottoziehung.","robots":{"index":"index","follow":"follow","max-snippet":"max-snippet:-1","max-image-preview":"max-image-preview:large","max-video-preview":"max-video-preview:-1"},"canonical":"https:\/\/lottomat.com\/de\/ergebnisse\/lotto-6aus49\/","og_locale":"de_DE","og_type":"article","og_title":"Lotto 6aus49 Ergebnisse und Gewinnzahlen - Lottoziehung - LottoMat","og_description":"Hier finden Sie die aktuellen Ziehungsergebnisse von Lotto 6aus49. Sie k\u00f6nnen Lottoscheine auch online kaufen. Lottoziehung.","og_url":"https:\/\/lottomat.com\/de\/ergebnisse\/lotto-6aus49\/","og_site_name":"Lottomat","article_modified_time":"2025-04-24T12:07:08+00:00","twitter_card":"summary_large_image","twitter_misc":{"Gesch\u00e4tzte Lesezeit":"4\u00a0Minuten"},"schema":{"@context":"https:\/\/schema.org","@graph":[{"@type":"WebPage","@id":"https:\/\/lottomat.com\/de\/ergebnisse\/lotto-6aus49\/","url":"https:\/\/lottomat.com\/de\/ergebnisse\/lotto-6aus49\/","name":"Lotto 6aus49 Ergebnisse und Gewinnzahlen - Lottoziehung - LottoMat","isPartOf":{"@id":"https:\/\/lottomat.com\/de\/#website"},"datePublished":"2025-03-27T11:23:45+00:00","dateModified":"2025-04-24T12:07:08+00:00","description":"Hier finden Sie die aktuellen Ziehungsergebnisse von Lotto 6aus49. Sie k\u00f6nnen Lottoscheine auch online kaufen. Lottoziehung.","breadcrumb":{"@id":"https:\/\/lottomat.com\/de\/ergebnisse\/lotto-6aus49\/#breadcrumb"},"inLanguage":"de","potentialAction":[{"@type":"ReadAction","target":["https:\/\/lottomat.com\/de\/ergebnisse\/lotto-6aus49\/"]}]},{"@type":"BreadcrumbList","@id":"https:\/\/lottomat.com\/de\/ergebnisse\/lotto-6aus49\/#breadcrumb","itemListElement":[{"@type":"ListItem","position":1,"name":"Home","item":"https:\/\/lottomat.com\/de\/"},{"@type":"ListItem","position":2,"name":"Die Neuesten Lotterie-Ergebnisse &#038; Gewinnzahlen","item":"https:\/\/lottomat.com\/de\/ergebnisse\/"},{"@type":"ListItem","position":3,"name":"Deutsche Lottozahlen"}]},{"@type":"WebSite","@id":"https:\/\/lottomat.com\/de\/#website","url":"https:\/\/lottomat.com\/de\/","name":"Lottomat","description":"","potentialAction":[{"@type":"SearchAction","target":{"@type":"EntryPoint","urlTemplate":"https:\/\/lottomat.com\/de\/?s={search_term_string}"},"query-input":{"@type":"PropertyValueSpecification","valueRequired":true,"valueName":"search_term_string"}}],"inLanguage":"de"}]}},"_links":{"self":[{"href":"https:\/\/lottomat.com\/de\/wp-json\/wp\/v2\/pages\/9541","targetHints":{"allow":["GET"]}}],"collection":[{"href":"https:\/\/lottomat.com\/de\/wp-json\/wp\/v2\/pages"}],"about":[{"href":"https:\/\/lottomat.com\/de\/wp-json\/wp\/v2\/types\/page"}],"author":[{"embeddable":true,"href":"https:\/\/lottomat.com\/de\/wp-json\/wp\/v2\/users\/1"}],"replies":[{"embeddable":true,"href":"https:\/\/lottomat.com\/de\/wp-json\/wp\/v2\/comments?post=9541"}],"version-history":[{"count":0,"href":"https:\/\/lottomat.com\/de\/wp-json\/wp\/v2\/pages\/9541\/revisions"}],"up":[{"embeddable":true,"href":"https:\/\/lottomat.com\/de\/wp-json\/wp\/v2\/pages\/7413"}],"wp:attachment":[{"href":"https:\/\/lottomat.com\/de\/wp-json\/wp\/v2\/media?parent=9541"}],"curies":[{"name":"wp","href":"https:\/\/api.w.org\/{rel}","templated":true}]}}