{"id":9463,"date":"2025-03-26T08:35:10","date_gmt":"2025-03-26T08:35:10","guid":{"rendered":"https:\/\/lottomat.net\/lotto-spielen\/superenalotto-online-spielen\/"},"modified":"2026-02-01T15:28:21","modified_gmt":"2026-02-01T15:28:21","slug":"superenalotto","status":"publish","type":"page","link":"https:\/\/lottomat.com\/de\/spielen\/superenalotto\/","title":{"rendered":"SuperEnalotto Online &#8211; SuperEnalotto-Scheine"},"content":{"rendered":"\n\n<div class=\"kk-star-ratings kksr-auto kksr-align-left kksr-valign-top\"\n    data-payload='{&quot;align&quot;:&quot;left&quot;,&quot;id&quot;:&quot;9463&quot;,&quot;slug&quot;:&quot;default&quot;,&quot;valign&quot;:&quot;top&quot;,&quot;ignore&quot;:&quot;&quot;,&quot;reference&quot;:&quot;auto&quot;,&quot;class&quot;:&quot;&quot;,&quot;count&quot;:&quot;0&quot;,&quot;legendonly&quot;:&quot;&quot;,&quot;readonly&quot;:&quot;&quot;,&quot;score&quot;:&quot;0&quot;,&quot;starsonly&quot;:&quot;&quot;,&quot;best&quot;:&quot;5&quot;,&quot;gap&quot;:&quot;5&quot;,&quot;greet&quot;:&quot;Rate this page&quot;,&quot;legend&quot;:&quot;0\\\/5 - (0 votes)&quot;,&quot;size&quot;:&quot;30&quot;,&quot;title&quot;:&quot;SuperEnalotto Online - SuperEnalotto-Scheine&quot;,&quot;width&quot;:&quot;0&quot;,&quot;_legend&quot;:&quot;{score}\\\/{best} - ({count} {votes})&quot;,&quot;font_factor&quot;:&quot;1.25&quot;}'>\n            \n<div class=\"kksr-stars\">\n    \n<div class=\"kksr-stars-inactive\">\n            <div class=\"kksr-star\" data-star=\"1\" style=\"padding-right: 5px\">\n            \n\n<div class=\"kksr-icon\" style=\"width: 30px; height: 30px;\"><\/div>\n        <\/div>\n            <div class=\"kksr-star\" data-star=\"2\" style=\"padding-right: 5px\">\n            \n\n<div class=\"kksr-icon\" style=\"width: 30px; height: 30px;\"><\/div>\n        <\/div>\n            <div class=\"kksr-star\" data-star=\"3\" style=\"padding-right: 5px\">\n            \n\n<div class=\"kksr-icon\" style=\"width: 30px; height: 30px;\"><\/div>\n        <\/div>\n            <div class=\"kksr-star\" data-star=\"4\" style=\"padding-right: 5px\">\n            \n\n<div class=\"kksr-icon\" style=\"width: 30px; height: 30px;\"><\/div>\n        <\/div>\n            <div class=\"kksr-star\" data-star=\"5\" style=\"padding-right: 5px\">\n            \n\n<div class=\"kksr-icon\" style=\"width: 30px; height: 30px;\"><\/div>\n        <\/div>\n    <\/div>\n    \n<div class=\"kksr-stars-active\" style=\"width: 0px;\">\n            <div class=\"kksr-star\" style=\"padding-right: 5px\">\n            \n\n<div class=\"kksr-icon\" style=\"width: 30px; height: 30px;\"><\/div>\n        <\/div>\n            <div class=\"kksr-star\" style=\"padding-right: 5px\">\n            \n\n<div class=\"kksr-icon\" style=\"width: 30px; height: 30px;\"><\/div>\n        <\/div>\n            <div class=\"kksr-star\" style=\"padding-right: 5px\">\n            \n\n<div class=\"kksr-icon\" style=\"width: 30px; height: 30px;\"><\/div>\n        <\/div>\n            <div class=\"kksr-star\" style=\"padding-right: 5px\">\n            \n\n<div class=\"kksr-icon\" style=\"width: 30px; height: 30px;\"><\/div>\n        <\/div>\n            <div class=\"kksr-star\" style=\"padding-right: 5px\">\n            \n\n<div class=\"kksr-icon\" style=\"width: 30px; height: 30px;\"><\/div>\n        <\/div>\n    <\/div>\n<\/div>\n                \n\n<div class=\"kksr-legend\" style=\"font-size: 24px;\">\n            <span class=\"kksr-muted\">Rate this page<\/span>\n    <\/div>\n    <\/div>\n<h2><img loading=\"lazy\" decoding=\"async\" class=\"alignleft wp-image-252554\" src=\"https:\/\/lottomat.com\/wp-content\/uploads\/2025\/10\/Italian-lottery-online-300x300.webp\" alt=\"Italienische Lotterie online\" width=\"200\" height=\"200\" srcset=\"https:\/\/lottomat.com\/wp-content\/uploads\/2025\/10\/Italian-lottery-online-300x300.webp 300w, https:\/\/lottomat.com\/wp-content\/uploads\/2025\/10\/Italian-lottery-online-150x150.webp 150w, https:\/\/lottomat.com\/wp-content\/uploads\/2025\/10\/Italian-lottery-online-100x100.webp 100w, https:\/\/lottomat.com\/wp-content\/uploads\/2025\/10\/Italian-lottery-online.webp 400w\" sizes=\"auto, (max-width: 200px) 100vw, 200px\" \/>Was Ist SuperEnalotto?<\/h2>\n<p><strong>SuperEnalotto ist Italiens beliebtestes und renommiertestes Lotteriespiel<\/strong>, bekannt daf\u00fcr, einige der gr\u00f6\u00dften Jackpots in der europ\u00e4ischen Lotterie-Geschichte anzubieten. Diese ikonische italienische Lotterie fasziniert seit 1997 Spieler mit ihrem einzigartigen Format und au\u00dfergew\u00f6hnlichem Preispotenzial. <strong>SuperEnalotto-Ziehungen finden dreimal pro Woche statt<\/strong> &#8211; dienstags, donnerstags und samstags &#8211; und geben Spielern mehrere Gelegenheiten, lebensver\u00e4ndernde Betr\u00e4ge zu gewinnen. Was diese italienische Lotterie auszeichnet, ist das Fehlen einer Jackpot-Obergrenze, was bedeutet, dass Preise unbegrenzt \u00fcbertragen werden k\u00f6nnen, bis jemand gewinnt, oft astronomische Zahlen erreichend, die internationale Aufmerksamkeit erregen. M\u00f6chten Sie SuperEnalotto online spielen? Finden wir mehr heraus!<\/p>\n<h2><img loading=\"lazy\" decoding=\"async\" class=\"alignright wp-image-252584\" src=\"https:\/\/lottomat.com\/wp-content\/uploads\/2025\/10\/play-SuperEnalotto-300x300.webp\" alt=\"SuperEnalotto spielen\" width=\"200\" height=\"200\" srcset=\"https:\/\/lottomat.com\/wp-content\/uploads\/2025\/10\/play-SuperEnalotto-300x300.webp 300w, https:\/\/lottomat.com\/wp-content\/uploads\/2025\/10\/play-SuperEnalotto-150x150.webp 150w, https:\/\/lottomat.com\/wp-content\/uploads\/2025\/10\/play-SuperEnalotto-100x100.webp 100w, https:\/\/lottomat.com\/wp-content\/uploads\/2025\/10\/play-SuperEnalotto.webp 400w\" sizes=\"auto, (max-width: 200px) 100vw, 200px\" \/>Wie Spielt Man SuperEnalotto Online?<\/h2>\n<p><strong>Das Online-Spielen von SuperEnalotto \u00fcber LottoMat ist unglaublich bequem und von \u00fcberall auf der Welt, zu jeder Zeit zug\u00e4nglich<\/strong>. Der Prozess ist unkompliziert und benutzerfreundlich &#8211; registrieren Sie sich einfach auf <a href=\"https:\/\/lottomat.com\/de\/\">der LottoMat-Website<\/a>, w\u00e4hlen Sie Ihre Gl\u00fcckszahlen und kaufen Sie Ihre Scheine online, ohne jemals Ihr Zuhause zu verlassen. <strong>Sie k\u00f6nnen Ihre Zahlen manuell basierend auf Ihrer pers\u00f6nlichen Strategie w\u00e4hlen oder die Schnelltipp-Option f\u00fcr zuf\u00e4llige Zahlenauswahl verwenden<\/strong>. Diese Flexibilit\u00e4t erm\u00f6glicht es sowohl strategischen Spielern als auch denen, die es vorziehen, ihr Schicksal dem Zufall zu \u00fcberlassen, die Aufregung der f\u00fchrenden italienischen Lotterie zu genie\u00dfen. Online-Spiel beseitigt geografische Barrieren und erm\u00f6glicht es internationalen Spielern, an einem der aufregendsten Lotteriespiele Europas teilzunehmen.<\/p>\n<h2>Wie Kauft Man SuperEnalotto-Scheine Online?<\/h2>\n<p><strong>Der Kauf von SuperEnalotto-Scheinen online erfordert die Verwendung Ihrer bevorzugten Online-Zahlungsmethode \u00fcber die sichere LottoMat-Plattform<\/strong>. Alle Scheine sind auf der LottoMat-Website leicht verf\u00fcgbar, um sicherzustellen, dass Sie nie eine Ziehungsgelegenheit verpassen. <strong>Wir garantieren die Authentizit\u00e4t Ihrer Eintr\u00e4ge, indem wir Original-Scheine scannen, die von unseren lizenzierten Vertretern direkt in Italien gekauft wurden<\/strong>. Dieser Prozess stellt sicher, dass Ihre <a href=\"https:\/\/lottomat.com\/de\/spielen\/\">Online-Lotteriescheine<\/a> durch echte, physische Lotteriescheine unterst\u00fctzt werden, die bei autorisierten italienischen H\u00e4ndlern gekauft wurden. Die digitalen Kopien Ihrer Scheine werden sicher in Ihrem Konto gespeichert und bieten vollst\u00e4ndige Transparenz und Sicherheit f\u00fcr Ihre Lotterie-Investitionen. Dieses System kombiniert die Bequemlichkeit des Online-Spiels mit der Zuverl\u00e4ssigkeit des traditionellen Scheinkaufs.<\/p>\n<h2><img loading=\"lazy\" decoding=\"async\" class=\"wp-image-252614 alignleft\" src=\"https:\/\/lottomat.com\/wp-content\/uploads\/2025\/10\/SuperEnalotto-online-300x300.webp\" alt=\"SuperEnalotto online\" width=\"200\" height=\"200\" srcset=\"https:\/\/lottomat.com\/wp-content\/uploads\/2025\/10\/SuperEnalotto-online-300x300.webp 300w, https:\/\/lottomat.com\/wp-content\/uploads\/2025\/10\/SuperEnalotto-online-150x150.webp 150w, https:\/\/lottomat.com\/wp-content\/uploads\/2025\/10\/SuperEnalotto-online-100x100.webp 100w, https:\/\/lottomat.com\/wp-content\/uploads\/2025\/10\/SuperEnalotto-online.webp 400w\" sizes=\"auto, (max-width: 200px) 100vw, 200px\" \/>K\u00f6nnen Sie Mehrere SuperEnalotto-Scheine Kaufen?<\/h2>\n<p><strong>Ja, Sie k\u00f6nnen Ihre Gewinnchancen erheblich erh\u00f6hen, indem Sie mehrere SuperEnalotto-Scheine in einer einzigen Transaktion kaufen<\/strong>. LottoMat bietet die bequeme Option \u201emehr Reihen&#8220; an, mit der Sie bis zu 20 SuperEnalotto-Scheine auf einmal kaufen k\u00f6nnen. Diese Funktion ist perfekt f\u00fcr Spieler, die ihr Gewinnpotenzial maximieren m\u00f6chten, oder f\u00fcr Lotterie-Syndikate, die ihre Ressourcen b\u00fcndeln m\u00f6chten. <strong>Der Kauf mehrerer Scheine erh\u00f6ht nicht nur Ihre Gewinnchancen, sondern erleichtert auch die Verwaltung Ihrer Lotterie-Eintr\u00e4ge<\/strong> in einer einfachen Transaktion.<\/p>\n<h2>K\u00f6nnen Sie SuperEnalotto-Scheine f\u00fcr Mehrere Ziehungen Kaufen?<\/h2>\n<p><strong>Absolut! LottoMat erm\u00f6glicht es Ihnen, SuperEnalotto-Scheine f\u00fcr bis zu 8 aufeinanderfolgende Ziehungen zu kaufen<\/strong>, um sicherzustellen, dass Sie nie eine Gewinnchance verpassen. Diese Vorabkaufoption ist ideal f\u00fcr besch\u00e4ftigte Spieler, die eine konsistente Teilnahme aufrechterhalten m\u00f6chten, ohne sich daran erinnern zu m\u00fcssen, vor jeder Ziehung Scheine zu kaufen. <strong>Das Spielen mehrerer Ziehungen mit denselben Zahlen kann Teil einer langfristigen Lotterie-Strategie sein<\/strong>, und viele Spieler bevorzugen diesen Ansatz aus Gr\u00fcnden der Bequemlichkeit und Konsistenz.<\/p>\n<h2>Was Ist der Preis von SuperEnalotto-Scheinen Online?<img loading=\"lazy\" decoding=\"async\" class=\"alignright wp-image-252644\" src=\"https:\/\/lottomat.com\/wp-content\/uploads\/2025\/10\/SuperEnalotto-tickets-300x300.webp\" alt=\"SuperEnalotto-Scheine\" width=\"200\" height=\"200\" srcset=\"https:\/\/lottomat.com\/wp-content\/uploads\/2025\/10\/SuperEnalotto-tickets-300x300.webp 300w, https:\/\/lottomat.com\/wp-content\/uploads\/2025\/10\/SuperEnalotto-tickets-150x150.webp 150w, https:\/\/lottomat.com\/wp-content\/uploads\/2025\/10\/SuperEnalotto-tickets-100x100.webp 100w, https:\/\/lottomat.com\/wp-content\/uploads\/2025\/10\/SuperEnalotto-tickets.webp 400w\" sizes=\"auto, (max-width: 200px) 100vw, 200px\" \/><\/h2>\n<p><strong>Nach Auswahl Ihrer gew\u00fcnschten Anzahl von Reihen auf LottoMat berechnet unser automatischer Rechner sofort die Gesamtkosten Ihrer SuperEnalotto-Scheine<\/strong>. Die Preisgestaltung ist transparent und wird vor Abschluss Ihres Kaufs klar angezeigt, um sicherzustellen, dass es keine versteckten Geb\u00fchren oder \u00dcberraschungen gibt. <strong>Unser Preissystem ber\u00fccksichtigt die Anzahl der Reihen, Ziehungen und alle zus\u00e4tzlichen Optionen, die Sie ausgew\u00e4hlt haben<\/strong>, und bietet Ihnen eine umfassende Aufschl\u00fcsselung Ihrer Lotterie-Investition. Diese automatische Berechnungsfunktion macht die Budgetierung f\u00fcr Ihr Lotteriespiel einfach und unkompliziert.<\/p>\n<h2>Was Sind die Besten Tipps f\u00fcr das Online-Spielen von SuperEnalotto?<\/h2>\n<p><strong>Erfolgreiches SuperEnalotto-Spiel kombiniert Strategie mit verantwortungsvollen Spielpraktiken<\/strong>. Erw\u00e4gen Sie, eine Mischung aus h\u00e4ufig gezogenen &#8222;hei\u00dfen&#8220; Zahlen und weniger h\u00e4ufigen &#8222;kalten&#8220; Zahlen zu verwenden, obwohl Sie daran denken sollten, dass jede Ziehung unabh\u00e4ngig und zuf\u00e4llig ist. <strong>Systemeintr\u00e4ge k\u00f6nnen Ihre Gewinnchancen erh\u00f6hen, indem sie mehr Zahlenkombinationen abdecken<\/strong>, w\u00e4hrend das konsequente Spielen mit denselben Zahlen viele engagierte Spieler anspricht. Setzen Sie sich ein komfortables Budget und halten Sie sich daran, behandeln Sie Lotteriespiel als Unterhaltung und nicht als Anlagestrategie. <strong>Nutzen Sie Multi-Ziehungs-Optionen, um Konsistenz zu wahren<\/strong>, und erw\u00e4gen Sie, einem Syndikat beizutreten oder eines zu gr\u00fcnden, um Ressourcen zu b\u00fcndeln und die kollektiven Chancen Ihrer Gruppe zu erh\u00f6hen. Viele erfolgreiche Spieler verfolgen <a href=\"https:\/\/lottomat.com\/de\/ergebnisse\/superenalotto-ergebnisse\/\">SuperEnalotto-Ziehungsergebnisse<\/a> und Muster, obwohl es wichtig ist zu bedenken, dass Lotteriespiele letztendlich auf Zufall basieren. <strong>Der Schl\u00fcssel ist, verantwortungsvoll zu spielen und gleichzeitig Ihr Vergn\u00fcgen an dieser aufregenden italienischen Lotterie zu maximieren<\/strong>.<\/p>\n<h2>Lohnt Es Sich, SuperEnalotto Online zu Spielen?<\/h2>\n<p><strong>Das Online-Spielen von SuperEnalotto bietet au\u00dfergew\u00f6hnlichen Wert f\u00fcr Lotterie-Enthusiasten, die die gr\u00f6\u00dftm\u00f6glichen Jackpots in Europa suchen<\/strong>. Die Bequemlichkeit des Online-Spiels, kombiniert mit SuperEnalottos unbegrenztem Jackpot-Potenzial, macht es zu einer attraktiven Option f\u00fcr ernsthafte Lotterie-Spieler. <strong>Die M\u00f6glichkeit, von \u00fcberall auf der Welt, zu jeder Zeit, ohne geografische Einschr\u00e4nkungen teilzunehmen, bietet enormen Wert<\/strong>. Mit drei Ziehungen pro Woche und einigen der gr\u00f6\u00dften Preise in der Lotterie-Geschichte bietet SuperEnalotto mehr Gelegenheiten und gr\u00f6\u00dferes potenzielles Belohnungspotenzial als viele andere europ\u00e4ische Lotterien. <strong>Die Kombination aus Zug\u00e4nglichkeit, Sicherheit und massivem Preispotenzial macht das Online-SuperEnalotto-Spiel zu einer lohnenden Wahl f\u00fcr engagierte Lotterie-Spieler<\/strong>. Lesen Sie mehr \u00fcber <a href=\"https:\/\/lottomat.com\/de\/lotterie\/superenalotto\/\">SuperEnalotto-Preise und Jackpot<\/a> auf unserer Website.<\/p>\n<h2>Sind SuperEnalotto-Scheine, die Online \u00dcber LottoMat Gekauft Werden, Sicher?<\/h2>\n<p><strong>Ja, \u00fcber LottoMat gekaufte SuperEnalotto-Scheine sind v\u00f6llig sicher und gesch\u00fctzt<\/strong>. Wir garantieren die sichere Aufbewahrung und Verwaltung aller Ihrer Lotteriescheine durch unser fortschrittliches digitales System. <strong>Jeder Schein wird professionell gescannt und in Ihrem pers\u00f6nlichen Konto gespeichert<\/strong>, wodurch Sie permanenten Zugang zu Ihren Eintr\u00e4gen haben und jedes Risiko verlorener oder besch\u00e4digter physischer Scheine eliminiert wird. Unsere lizenzierten Vertreter kaufen Original-Scheine direkt bei autorisierten italienischen H\u00e4ndlern und gew\u00e4hrleisten vollst\u00e4ndige Authentizit\u00e4t und Legitimit\u00e4t. <strong>LottoMats Sicherheitsma\u00dfnahmen umfassen verschl\u00fcsselte Transaktionen, sichere Datenspeicherung und vollst\u00e4ndige regulatorische Compliance<\/strong>, wodurch Sie Sicherheit haben, dass Ihre Lotterie-Investitionen gesch\u00fctzt sind. Ihre Gewinne sind garantiert und werden automatisch Ihrem Konto gutgeschrieben, wodurch der gesamte Prozess transparent und vertrauensw\u00fcrdig wird.<\/p>\n","protected":false},"excerpt":{"rendered":"<p>Was Ist SuperEnalotto? SuperEnalotto ist Italiens beliebtestes und renommiertestes Lotteriespiel, bekannt daf\u00fcr, einige der gr\u00f6\u00dften Jackpots in der europ\u00e4ischen Lotterie-Geschichte anzubieten. Diese ikonische italienische Lotterie fasziniert seit 1997 Spieler mit ihrem einzigartigen Format und au\u00dfergew\u00f6hnlichem Preispotenzial. SuperEnalotto-Ziehungen finden dreimal pro Woche statt &#8211; dienstags, donnerstags und samstags &#8211; und geben Spielern mehrere Gelegenheiten, lebensver\u00e4ndernde Betr\u00e4ge [&hellip;]<\/p>\n","protected":false},"author":1,"featured_media":0,"parent":6772,"menu_order":5,"comment_status":"closed","ping_status":"closed","template":"superenalotto.php","meta":{"_et_pb_use_builder":"","_et_pb_old_content":"","_et_gb_content_width":"","exclude_from_search":false,"footnotes":""},"class_list":["post-9463","page","type-page","status-publish","hentry"],"yoast_head":"<!-- This site is optimized with the Yoast SEO plugin v23.8 - https:\/\/yoast.com\/wordpress\/plugins\/seo\/ -->\n<title>SuperEnalotto Online - SuperEnalotto-Scheine - LottoMat<\/title>\n<meta name=\"description\" content=\"Spielen Sie italienisches SuperEnalotto online und gewinnen Sie ein Verm\u00f6gen! Kaufen Sie SuperEnalotto-Scheine bei LottoMat und nehmen Sie an der n\u00e4chsten italienischen Lotto-Ziehung teil.\" \/>\n<meta name=\"robots\" content=\"index, follow, max-snippet:-1, max-image-preview:large, max-video-preview:-1\" \/>\n<link rel=\"canonical\" href=\"https:\/\/lottomat.com\/de\/spielen\/superenalotto\/\" \/>\n<meta property=\"og:locale\" content=\"de_DE\" \/>\n<meta property=\"og:type\" content=\"article\" \/>\n<meta property=\"og:title\" content=\"SuperEnalotto Online - SuperEnalotto-Scheine - LottoMat\" \/>\n<meta property=\"og:description\" content=\"Spielen Sie italienisches SuperEnalotto online und gewinnen Sie ein Verm\u00f6gen! Kaufen Sie SuperEnalotto-Scheine bei LottoMat und nehmen Sie an der n\u00e4chsten italienischen Lotto-Ziehung teil.\" \/>\n<meta property=\"og:url\" content=\"https:\/\/lottomat.com\/de\/spielen\/superenalotto\/\" \/>\n<meta property=\"og:site_name\" content=\"Lottomat\" \/>\n<meta property=\"article:modified_time\" content=\"2026-02-01T15:28:21+00:00\" \/>\n<meta property=\"og:image\" content=\"https:\/\/lottomat.com\/wp-content\/uploads\/2025\/10\/Italian-lottery-online-300x300.webp\" \/>\n<meta name=\"twitter:card\" content=\"summary_large_image\" \/>\n<meta name=\"twitter:label1\" content=\"Gesch\u00e4tzte Lesezeit\" \/>\n\t<meta name=\"twitter:data1\" content=\"6\u00a0Minuten\" \/>\n<script type=\"application\/ld+json\" class=\"yoast-schema-graph\">{\"@context\":\"https:\/\/schema.org\",\"@graph\":[{\"@type\":\"WebPage\",\"@id\":\"https:\/\/lottomat.com\/de\/spielen\/superenalotto\/\",\"url\":\"https:\/\/lottomat.com\/de\/spielen\/superenalotto\/\",\"name\":\"SuperEnalotto Online - SuperEnalotto-Scheine - LottoMat\",\"isPartOf\":{\"@id\":\"https:\/\/lottomat.com\/de\/#website\"},\"primaryImageOfPage\":{\"@id\":\"https:\/\/lottomat.com\/de\/spielen\/superenalotto\/#primaryimage\"},\"image\":{\"@id\":\"https:\/\/lottomat.com\/de\/spielen\/superenalotto\/#primaryimage\"},\"thumbnailUrl\":\"https:\/\/lottomat.com\/wp-content\/uploads\/2025\/10\/Italian-lottery-online-300x300.webp\",\"datePublished\":\"2025-03-26T08:35:10+00:00\",\"dateModified\":\"2026-02-01T15:28:21+00:00\",\"description\":\"Spielen Sie italienisches SuperEnalotto online und gewinnen Sie ein Verm\u00f6gen! Kaufen Sie SuperEnalotto-Scheine bei LottoMat und nehmen Sie an der n\u00e4chsten italienischen Lotto-Ziehung teil.\",\"breadcrumb\":{\"@id\":\"https:\/\/lottomat.com\/de\/spielen\/superenalotto\/#breadcrumb\"},\"inLanguage\":\"de\",\"potentialAction\":[{\"@type\":\"ReadAction\",\"target\":[\"https:\/\/lottomat.com\/de\/spielen\/superenalotto\/\"]}]},{\"@type\":\"ImageObject\",\"inLanguage\":\"de\",\"@id\":\"https:\/\/lottomat.com\/de\/spielen\/superenalotto\/#primaryimage\",\"url\":\"https:\/\/lottomat.com\/wp-content\/uploads\/2025\/10\/Italian-lottery-online-300x300.webp\",\"contentUrl\":\"https:\/\/lottomat.com\/wp-content\/uploads\/2025\/10\/Italian-lottery-online-300x300.webp\"},{\"@type\":\"BreadcrumbList\",\"@id\":\"https:\/\/lottomat.com\/de\/spielen\/superenalotto\/#breadcrumb\",\"itemListElement\":[{\"@type\":\"ListItem\",\"position\":1,\"name\":\"Home\",\"item\":\"https:\/\/lottomat.com\/de\/\"},{\"@type\":\"ListItem\",\"position\":2,\"name\":\"Lotto Online Spielen\",\"item\":\"https:\/\/lottomat.com\/de\/spielen\/\"},{\"@type\":\"ListItem\",\"position\":3,\"name\":\"SuperEnalotto Online &#8211; SuperEnalotto-Scheine\"}]},{\"@type\":\"WebSite\",\"@id\":\"https:\/\/lottomat.com\/de\/#website\",\"url\":\"https:\/\/lottomat.com\/de\/\",\"name\":\"Lottomat\",\"description\":\"\",\"potentialAction\":[{\"@type\":\"SearchAction\",\"target\":{\"@type\":\"EntryPoint\",\"urlTemplate\":\"https:\/\/lottomat.com\/de\/?s={search_term_string}\"},\"query-input\":{\"@type\":\"PropertyValueSpecification\",\"valueRequired\":true,\"valueName\":\"search_term_string\"}}],\"inLanguage\":\"de\"}]}<\/script>\n<!-- \/ Yoast SEO plugin. -->","yoast_head_json":{"title":"SuperEnalotto Online - SuperEnalotto-Scheine - LottoMat","description":"Spielen Sie italienisches SuperEnalotto online und gewinnen Sie ein Verm\u00f6gen! Kaufen Sie SuperEnalotto-Scheine bei LottoMat und nehmen Sie an der n\u00e4chsten italienischen Lotto-Ziehung teil.","robots":{"index":"index","follow":"follow","max-snippet":"max-snippet:-1","max-image-preview":"max-image-preview:large","max-video-preview":"max-video-preview:-1"},"canonical":"https:\/\/lottomat.com\/de\/spielen\/superenalotto\/","og_locale":"de_DE","og_type":"article","og_title":"SuperEnalotto Online - SuperEnalotto-Scheine - LottoMat","og_description":"Spielen Sie italienisches SuperEnalotto online und gewinnen Sie ein Verm\u00f6gen! Kaufen Sie SuperEnalotto-Scheine bei LottoMat und nehmen Sie an der n\u00e4chsten italienischen Lotto-Ziehung teil.","og_url":"https:\/\/lottomat.com\/de\/spielen\/superenalotto\/","og_site_name":"Lottomat","article_modified_time":"2026-02-01T15:28:21+00:00","og_image":[{"url":"https:\/\/lottomat.com\/wp-content\/uploads\/2025\/10\/Italian-lottery-online-300x300.webp"}],"twitter_card":"summary_large_image","twitter_misc":{"Gesch\u00e4tzte Lesezeit":"6\u00a0Minuten"},"schema":{"@context":"https:\/\/schema.org","@graph":[{"@type":"WebPage","@id":"https:\/\/lottomat.com\/de\/spielen\/superenalotto\/","url":"https:\/\/lottomat.com\/de\/spielen\/superenalotto\/","name":"SuperEnalotto Online - SuperEnalotto-Scheine - LottoMat","isPartOf":{"@id":"https:\/\/lottomat.com\/de\/#website"},"primaryImageOfPage":{"@id":"https:\/\/lottomat.com\/de\/spielen\/superenalotto\/#primaryimage"},"image":{"@id":"https:\/\/lottomat.com\/de\/spielen\/superenalotto\/#primaryimage"},"thumbnailUrl":"https:\/\/lottomat.com\/wp-content\/uploads\/2025\/10\/Italian-lottery-online-300x300.webp","datePublished":"2025-03-26T08:35:10+00:00","dateModified":"2026-02-01T15:28:21+00:00","description":"Spielen Sie italienisches SuperEnalotto online und gewinnen Sie ein Verm\u00f6gen! Kaufen Sie SuperEnalotto-Scheine bei LottoMat und nehmen Sie an der n\u00e4chsten italienischen Lotto-Ziehung teil.","breadcrumb":{"@id":"https:\/\/lottomat.com\/de\/spielen\/superenalotto\/#breadcrumb"},"inLanguage":"de","potentialAction":[{"@type":"ReadAction","target":["https:\/\/lottomat.com\/de\/spielen\/superenalotto\/"]}]},{"@type":"ImageObject","inLanguage":"de","@id":"https:\/\/lottomat.com\/de\/spielen\/superenalotto\/#primaryimage","url":"https:\/\/lottomat.com\/wp-content\/uploads\/2025\/10\/Italian-lottery-online-300x300.webp","contentUrl":"https:\/\/lottomat.com\/wp-content\/uploads\/2025\/10\/Italian-lottery-online-300x300.webp"},{"@type":"BreadcrumbList","@id":"https:\/\/lottomat.com\/de\/spielen\/superenalotto\/#breadcrumb","itemListElement":[{"@type":"ListItem","position":1,"name":"Home","item":"https:\/\/lottomat.com\/de\/"},{"@type":"ListItem","position":2,"name":"Lotto Online Spielen","item":"https:\/\/lottomat.com\/de\/spielen\/"},{"@type":"ListItem","position":3,"name":"SuperEnalotto Online &#8211; SuperEnalotto-Scheine"}]},{"@type":"WebSite","@id":"https:\/\/lottomat.com\/de\/#website","url":"https:\/\/lottomat.com\/de\/","name":"Lottomat","description":"","potentialAction":[{"@type":"SearchAction","target":{"@type":"EntryPoint","urlTemplate":"https:\/\/lottomat.com\/de\/?s={search_term_string}"},"query-input":{"@type":"PropertyValueSpecification","valueRequired":true,"valueName":"search_term_string"}}],"inLanguage":"de"}]}},"_links":{"self":[{"href":"https:\/\/lottomat.com\/de\/wp-json\/wp\/v2\/pages\/9463","targetHints":{"allow":["GET"]}}],"collection":[{"href":"https:\/\/lottomat.com\/de\/wp-json\/wp\/v2\/pages"}],"about":[{"href":"https:\/\/lottomat.com\/de\/wp-json\/wp\/v2\/types\/page"}],"author":[{"embeddable":true,"href":"https:\/\/lottomat.com\/de\/wp-json\/wp\/v2\/users\/1"}],"replies":[{"embeddable":true,"href":"https:\/\/lottomat.com\/de\/wp-json\/wp\/v2\/comments?post=9463"}],"version-history":[{"count":1,"href":"https:\/\/lottomat.com\/de\/wp-json\/wp\/v2\/pages\/9463\/revisions"}],"predecessor-version":[{"id":270056,"href":"https:\/\/lottomat.com\/de\/wp-json\/wp\/v2\/pages\/9463\/revisions\/270056"}],"up":[{"embeddable":true,"href":"https:\/\/lottomat.com\/de\/wp-json\/wp\/v2\/pages\/6772"}],"wp:attachment":[{"href":"https:\/\/lottomat.com\/de\/wp-json\/wp\/v2\/media?parent=9463"}],"curies":[{"name":"wp","href":"https:\/\/api.w.org\/{rel}","templated":true}]}}