{"id":9450,"date":"2025-03-26T15:31:13","date_gmt":"2025-03-26T15:31:13","guid":{"rendered":"https:\/\/lottomat.net\/informationen-zur-lotterie\/informationen-zum-samstagslotto\/"},"modified":"2025-04-08T09:26:45","modified_gmt":"2025-04-08T09:26:45","slug":"saturdayl-lotto","status":"publish","type":"page","link":"https:\/\/lottomat.com\/de\/lotterie\/saturdayl-lotto\/","title":{"rendered":"Informationen zum Samstagslotto"},"content":{"rendered":"\n\n<div class=\"kk-star-ratings kksr-auto kksr-align-left kksr-valign-top\"\n    data-payload='{&quot;align&quot;:&quot;left&quot;,&quot;id&quot;:&quot;9450&quot;,&quot;slug&quot;:&quot;default&quot;,&quot;valign&quot;:&quot;top&quot;,&quot;ignore&quot;:&quot;&quot;,&quot;reference&quot;:&quot;auto&quot;,&quot;class&quot;:&quot;&quot;,&quot;count&quot;:&quot;0&quot;,&quot;legendonly&quot;:&quot;&quot;,&quot;readonly&quot;:&quot;&quot;,&quot;score&quot;:&quot;0&quot;,&quot;starsonly&quot;:&quot;&quot;,&quot;best&quot;:&quot;5&quot;,&quot;gap&quot;:&quot;5&quot;,&quot;greet&quot;:&quot;Rate this page&quot;,&quot;legend&quot;:&quot;0\\\/5 - (0 votes)&quot;,&quot;size&quot;:&quot;30&quot;,&quot;title&quot;:&quot;Informationen zum Samstagslotto&quot;,&quot;width&quot;:&quot;0&quot;,&quot;_legend&quot;:&quot;{score}\\\/{best} - ({count} {votes})&quot;,&quot;font_factor&quot;:&quot;1.25&quot;}'>\n            \n<div class=\"kksr-stars\">\n    \n<div class=\"kksr-stars-inactive\">\n            <div class=\"kksr-star\" data-star=\"1\" style=\"padding-right: 5px\">\n            \n\n<div class=\"kksr-icon\" style=\"width: 30px; height: 30px;\"><\/div>\n        <\/div>\n            <div class=\"kksr-star\" data-star=\"2\" style=\"padding-right: 5px\">\n            \n\n<div class=\"kksr-icon\" style=\"width: 30px; height: 30px;\"><\/div>\n        <\/div>\n            <div class=\"kksr-star\" data-star=\"3\" style=\"padding-right: 5px\">\n            \n\n<div class=\"kksr-icon\" style=\"width: 30px; height: 30px;\"><\/div>\n        <\/div>\n            <div class=\"kksr-star\" data-star=\"4\" style=\"padding-right: 5px\">\n            \n\n<div class=\"kksr-icon\" style=\"width: 30px; height: 30px;\"><\/div>\n        <\/div>\n            <div class=\"kksr-star\" data-star=\"5\" style=\"padding-right: 5px\">\n            \n\n<div class=\"kksr-icon\" style=\"width: 30px; height: 30px;\"><\/div>\n        <\/div>\n    <\/div>\n    \n<div class=\"kksr-stars-active\" style=\"width: 0px;\">\n            <div class=\"kksr-star\" style=\"padding-right: 5px\">\n            \n\n<div class=\"kksr-icon\" style=\"width: 30px; height: 30px;\"><\/div>\n        <\/div>\n            <div class=\"kksr-star\" style=\"padding-right: 5px\">\n            \n\n<div class=\"kksr-icon\" style=\"width: 30px; height: 30px;\"><\/div>\n        <\/div>\n            <div class=\"kksr-star\" style=\"padding-right: 5px\">\n            \n\n<div class=\"kksr-icon\" style=\"width: 30px; height: 30px;\"><\/div>\n        <\/div>\n            <div class=\"kksr-star\" style=\"padding-right: 5px\">\n            \n\n<div class=\"kksr-icon\" style=\"width: 30px; height: 30px;\"><\/div>\n        <\/div>\n            <div class=\"kksr-star\" style=\"padding-right: 5px\">\n            \n\n<div class=\"kksr-icon\" style=\"width: 30px; height: 30px;\"><\/div>\n        <\/div>\n    <\/div>\n<\/div>\n                \n\n<div class=\"kksr-legend\" style=\"font-size: 24px;\">\n            <span class=\"kksr-muted\">Rate this page<\/span>\n    <\/div>\n    <\/div>\n<h2><img loading=\"lazy\" decoding=\"async\" class=\"alignleft wp-image-1243\" src=\"https:\/\/lottomat.com\/wp-content\/uploads\/2025\/03\/Saturday-Lotto-rules-300x300.png\" alt=\"Saturday Lotto Regeln\" width=\"100\" height=\"100\" srcset=\"https:\/\/lottomat.com\/wp-content\/uploads\/2025\/03\/Saturday-Lotto-rules-300x300.png 300w, https:\/\/lottomat.com\/wp-content\/uploads\/2025\/03\/Saturday-Lotto-rules-150x150.png 150w, https:\/\/lottomat.com\/wp-content\/uploads\/2025\/03\/Saturday-Lotto-rules-100x100.png 100w, https:\/\/lottomat.com\/wp-content\/uploads\/2025\/03\/Saturday-Lotto-rules.png 400w\" sizes=\"auto, (max-width: 100px) 100vw, 100px\" \/>Saturday Lotto Regeln<\/h2>\n<p>Das Saturday Lotto ist eine australische Lotterie, die samstagabends gezogen wird. Unabh\u00e4ngig von seinem nationalen Status war das <a href=\"https:\/\/lottomat.com\/play\/saturday-lotto-au\/\">Saturday Lotto Online<\/a> auch unter verschiedenen Namen bekannt; diese Namen leiten sich von den jeweiligen Regionen ab, in denen diese Lotterien vertrieben wurden. Erfahren Sie mehr \u00fcber die Gewinne und Spielregeln des Saturday Lotto.<br \/>\nLotto Saturday Online ist eine einfach zu spielende Online-Lotterie. Dabei muss der Spieler sechs Zahlen aus 45 m\u00f6glichen Zahlen ausw\u00e4hlen. Diese Zahlen m\u00fcssen den von 1 bis 45 nummerierten Kugeln entsprechen.<br \/>\nDas Durchschnittsalter f\u00fcr den legalen Erwerb von Lotterieprodukten betr\u00e4gt 18 Jahre. Diese Regelung gilt in allen Bundesstaaten mit Ausnahme von Westaustralien, wo der Erwerb von Lotterieprodukten erst ab 16 Jahren m\u00f6glich ist.<\/p>\n<h2><img loading=\"lazy\" decoding=\"async\" class=\"alignleft wp-image-1272\" src=\"https:\/\/lottomat.com\/wp-content\/uploads\/2025\/03\/Complementary-numbers-of-the-Saturday-Lotto-online-300x300.png\" alt=\"Komplement\u00e4rzahlen des Samstagslottos online\" width=\"100\" height=\"100\" srcset=\"https:\/\/lottomat.com\/wp-content\/uploads\/2025\/03\/Complementary-numbers-of-the-Saturday-Lotto-online-300x300.png 300w, https:\/\/lottomat.com\/wp-content\/uploads\/2025\/03\/Complementary-numbers-of-the-Saturday-Lotto-online-150x150.png 150w, https:\/\/lottomat.com\/wp-content\/uploads\/2025\/03\/Complementary-numbers-of-the-Saturday-Lotto-online-100x100.png 100w, https:\/\/lottomat.com\/wp-content\/uploads\/2025\/03\/Complementary-numbers-of-the-Saturday-Lotto-online.png 400w\" sizes=\"auto, (max-width: 100px) 100vw, 100px\" \/>Komplement\u00e4rzahlen des Samstagslottos online<\/h2>\n<p>Zus\u00e4tzlich zu den sechs Kugeln, die die Gewinnzahlenkombination des <a href=\"https:\/\/lottomat.com\/results\/saturday-lotto-au\/\">Samstagslotto<\/a> bilden, werden zwei weitere Kugeln gezogen, auch \u201eKomplement\u00e4rkugeln\u201c genannt. Die Komplement\u00e4rkugeln haben keinen Einfluss auf die maximale Gewinnklasse; sie dienen prim\u00e4r der Bestimmung der zweiten und f\u00fcnften Gewinnklasse.<\/p>\n<p>Die Komplement\u00e4rzahl wird ben\u00f6tigt, um ein oder zwei Treffer der zentralen Zahlenkombination zu erg\u00e4nzen und so die Gewinnklasse des Samstagslottos festzulegen.<\/p>\n<h2><img loading=\"lazy\" decoding=\"async\" class=\"alignleft wp-image-1301\" src=\"https:\/\/lottomat.com\/wp-content\/uploads\/2025\/03\/Saturday-Lotto-Jackpot-300x300.png\" alt=\"Saturday Lotto Jackpot\" width=\"100\" height=\"100\" srcset=\"https:\/\/lottomat.com\/wp-content\/uploads\/2025\/03\/Saturday-Lotto-Jackpot-300x300.png 300w, https:\/\/lottomat.com\/wp-content\/uploads\/2025\/03\/Saturday-Lotto-Jackpot-150x150.png 150w, https:\/\/lottomat.com\/wp-content\/uploads\/2025\/03\/Saturday-Lotto-Jackpot-100x100.png 100w, https:\/\/lottomat.com\/wp-content\/uploads\/2025\/03\/Saturday-Lotto-Jackpot.png 400w\" sizes=\"auto, (max-width: 100px) 100vw, 100px\" \/>Saturday Lotto Jackpot<\/h2>\n<p>Beim Online-Samstagslotto sollten Spieler den Gewinn der ersten Kategorie nicht als Lotterie-Jackpot betrachten, da er, wie bei anderen Lotterien \u00fcblich, im Voraus festgelegt ist. Jeder Gewinner erh\u00e4lt einen Geldpreis von 1.000.000 AUD, der H\u00f6chstbetrag betr\u00e4gt 4.000.000 AUD.<\/p>\n<p>Beim Online-Samstagslotto gibt es mehr als vier Gewinner, sodass sich ein Gesamtbetrag von 4.000.000 AUD ergibt, der gleichm\u00e4\u00dfig unter allen Gewinnern aufgeteilt wird.<br \/>\nZusammenfassend l\u00e4sst sich sagen, dass es bei Lottoserien h\u00e4ufig Premiumgewinner gibt, die sich den Gewinn untereinander aufteilen. Dies ist m\u00f6glich, da es einfach ist, sechs Zahlen aus 45 Zahlengruppen auszuw\u00e4hlen.<\/p>\n<h3 style=\"text-align: center;\">Gewinne und Gewinnchancen beim Samstagslotto<\/h3>\n","protected":false},"excerpt":{"rendered":"<p>Saturday Lotto Regeln Das Saturday Lotto ist eine australische Lotterie, die samstagabends gezogen wird. Unabh\u00e4ngig von seinem nationalen Status war das Saturday Lotto Online auch unter verschiedenen Namen bekannt; diese Namen leiten sich von den jeweiligen Regionen ab, in denen diese Lotterien vertrieben wurden. Erfahren Sie mehr \u00fcber die Gewinne und Spielregeln des Saturday Lotto. [&hellip;]<\/p>\n","protected":false},"author":2,"featured_media":0,"parent":6865,"menu_order":18,"comment_status":"closed","ping_status":"closed","template":"saturday-lotto-info.php","meta":{"_et_pb_use_builder":"","_et_pb_old_content":"","_et_gb_content_width":"","exclude_from_search":false,"footnotes":""},"class_list":["post-9450","page","type-page","status-publish","hentry"],"yoast_head":"<!-- This site is optimized with the Yoast SEO plugin v23.8 - https:\/\/yoast.com\/wordpress\/plugins\/seo\/ -->\n<title>Informationen zum Samstagslotto - Lottomat<\/title>\n<meta name=\"description\" content=\"Samstagslotto online. Spieler m\u00fcssen sechs von 45 m\u00f6glichen Zahlen ausw\u00e4hlen. Informationen zum Samstagslotto.\" \/>\n<meta name=\"robots\" content=\"index, follow, max-snippet:-1, max-image-preview:large, max-video-preview:-1\" \/>\n<link rel=\"canonical\" href=\"https:\/\/lottomat.com\/de\/lotterie\/saturdayl-lotto\/\" \/>\n<meta property=\"og:locale\" content=\"de_DE\" \/>\n<meta property=\"og:type\" content=\"article\" \/>\n<meta property=\"og:title\" content=\"Informationen zum Samstagslotto - Lottomat\" \/>\n<meta property=\"og:description\" content=\"Samstagslotto online. Spieler m\u00fcssen sechs von 45 m\u00f6glichen Zahlen ausw\u00e4hlen. Informationen zum Samstagslotto.\" \/>\n<meta property=\"og:url\" content=\"https:\/\/lottomat.com\/de\/lotterie\/saturdayl-lotto\/\" \/>\n<meta property=\"og:site_name\" content=\"Lottomat\" \/>\n<meta property=\"article:modified_time\" content=\"2025-04-08T09:26:45+00:00\" \/>\n<meta property=\"og:image\" content=\"https:\/\/lottomat.com\/wp-content\/uploads\/2025\/03\/Saturday-Lotto-rules-300x300.png\" \/>\n<meta name=\"twitter:card\" content=\"summary_large_image\" \/>\n<meta name=\"twitter:label1\" content=\"Gesch\u00e4tzte Lesezeit\" \/>\n\t<meta name=\"twitter:data1\" content=\"1\u00a0Minute\" \/>\n<script type=\"application\/ld+json\" class=\"yoast-schema-graph\">{\"@context\":\"https:\/\/schema.org\",\"@graph\":[{\"@type\":\"WebPage\",\"@id\":\"https:\/\/lottomat.com\/de\/lotterie\/saturdayl-lotto\/\",\"url\":\"https:\/\/lottomat.com\/de\/lotterie\/saturdayl-lotto\/\",\"name\":\"Informationen zum Samstagslotto - Lottomat\",\"isPartOf\":{\"@id\":\"https:\/\/lottomat.com\/de\/#website\"},\"primaryImageOfPage\":{\"@id\":\"https:\/\/lottomat.com\/de\/lotterie\/saturdayl-lotto\/#primaryimage\"},\"image\":{\"@id\":\"https:\/\/lottomat.com\/de\/lotterie\/saturdayl-lotto\/#primaryimage\"},\"thumbnailUrl\":\"https:\/\/lottomat.com\/wp-content\/uploads\/2025\/03\/Saturday-Lotto-rules-300x300.png\",\"datePublished\":\"2025-03-26T15:31:13+00:00\",\"dateModified\":\"2025-04-08T09:26:45+00:00\",\"description\":\"Samstagslotto online. Spieler m\u00fcssen sechs von 45 m\u00f6glichen Zahlen ausw\u00e4hlen. Informationen zum Samstagslotto.\",\"breadcrumb\":{\"@id\":\"https:\/\/lottomat.com\/de\/lotterie\/saturdayl-lotto\/#breadcrumb\"},\"inLanguage\":\"de\",\"potentialAction\":[{\"@type\":\"ReadAction\",\"target\":[\"https:\/\/lottomat.com\/de\/lotterie\/saturdayl-lotto\/\"]}]},{\"@type\":\"ImageObject\",\"inLanguage\":\"de\",\"@id\":\"https:\/\/lottomat.com\/de\/lotterie\/saturdayl-lotto\/#primaryimage\",\"url\":\"https:\/\/lottomat.com\/wp-content\/uploads\/2025\/03\/Saturday-Lotto-rules-300x300.png\",\"contentUrl\":\"https:\/\/lottomat.com\/wp-content\/uploads\/2025\/03\/Saturday-Lotto-rules-300x300.png\"},{\"@type\":\"BreadcrumbList\",\"@id\":\"https:\/\/lottomat.com\/de\/lotterie\/saturdayl-lotto\/#breadcrumb\",\"itemListElement\":[{\"@type\":\"ListItem\",\"position\":1,\"name\":\"Home\",\"item\":\"https:\/\/lottomat.com\/de\/\"},{\"@type\":\"ListItem\",\"position\":2,\"name\":\"Lotterie-Regeln: Preise, Jackpot &#038; Gewinnchancen\",\"item\":\"https:\/\/lottomat.com\/de\/lotterie\/\"},{\"@type\":\"ListItem\",\"position\":3,\"name\":\"Informationen zum Samstagslotto\"}]},{\"@type\":\"WebSite\",\"@id\":\"https:\/\/lottomat.com\/de\/#website\",\"url\":\"https:\/\/lottomat.com\/de\/\",\"name\":\"Lottomat\",\"description\":\"\",\"potentialAction\":[{\"@type\":\"SearchAction\",\"target\":{\"@type\":\"EntryPoint\",\"urlTemplate\":\"https:\/\/lottomat.com\/de\/?s={search_term_string}\"},\"query-input\":{\"@type\":\"PropertyValueSpecification\",\"valueRequired\":true,\"valueName\":\"search_term_string\"}}],\"inLanguage\":\"de\"}]}<\/script>\n<!-- \/ Yoast SEO plugin. -->","yoast_head_json":{"title":"Informationen zum Samstagslotto - Lottomat","description":"Samstagslotto online. Spieler m\u00fcssen sechs von 45 m\u00f6glichen Zahlen ausw\u00e4hlen. Informationen zum Samstagslotto.","robots":{"index":"index","follow":"follow","max-snippet":"max-snippet:-1","max-image-preview":"max-image-preview:large","max-video-preview":"max-video-preview:-1"},"canonical":"https:\/\/lottomat.com\/de\/lotterie\/saturdayl-lotto\/","og_locale":"de_DE","og_type":"article","og_title":"Informationen zum Samstagslotto - Lottomat","og_description":"Samstagslotto online. Spieler m\u00fcssen sechs von 45 m\u00f6glichen Zahlen ausw\u00e4hlen. Informationen zum Samstagslotto.","og_url":"https:\/\/lottomat.com\/de\/lotterie\/saturdayl-lotto\/","og_site_name":"Lottomat","article_modified_time":"2025-04-08T09:26:45+00:00","og_image":[{"url":"https:\/\/lottomat.com\/wp-content\/uploads\/2025\/03\/Saturday-Lotto-rules-300x300.png"}],"twitter_card":"summary_large_image","twitter_misc":{"Gesch\u00e4tzte Lesezeit":"1\u00a0Minute"},"schema":{"@context":"https:\/\/schema.org","@graph":[{"@type":"WebPage","@id":"https:\/\/lottomat.com\/de\/lotterie\/saturdayl-lotto\/","url":"https:\/\/lottomat.com\/de\/lotterie\/saturdayl-lotto\/","name":"Informationen zum Samstagslotto - Lottomat","isPartOf":{"@id":"https:\/\/lottomat.com\/de\/#website"},"primaryImageOfPage":{"@id":"https:\/\/lottomat.com\/de\/lotterie\/saturdayl-lotto\/#primaryimage"},"image":{"@id":"https:\/\/lottomat.com\/de\/lotterie\/saturdayl-lotto\/#primaryimage"},"thumbnailUrl":"https:\/\/lottomat.com\/wp-content\/uploads\/2025\/03\/Saturday-Lotto-rules-300x300.png","datePublished":"2025-03-26T15:31:13+00:00","dateModified":"2025-04-08T09:26:45+00:00","description":"Samstagslotto online. Spieler m\u00fcssen sechs von 45 m\u00f6glichen Zahlen ausw\u00e4hlen. Informationen zum Samstagslotto.","breadcrumb":{"@id":"https:\/\/lottomat.com\/de\/lotterie\/saturdayl-lotto\/#breadcrumb"},"inLanguage":"de","potentialAction":[{"@type":"ReadAction","target":["https:\/\/lottomat.com\/de\/lotterie\/saturdayl-lotto\/"]}]},{"@type":"ImageObject","inLanguage":"de","@id":"https:\/\/lottomat.com\/de\/lotterie\/saturdayl-lotto\/#primaryimage","url":"https:\/\/lottomat.com\/wp-content\/uploads\/2025\/03\/Saturday-Lotto-rules-300x300.png","contentUrl":"https:\/\/lottomat.com\/wp-content\/uploads\/2025\/03\/Saturday-Lotto-rules-300x300.png"},{"@type":"BreadcrumbList","@id":"https:\/\/lottomat.com\/de\/lotterie\/saturdayl-lotto\/#breadcrumb","itemListElement":[{"@type":"ListItem","position":1,"name":"Home","item":"https:\/\/lottomat.com\/de\/"},{"@type":"ListItem","position":2,"name":"Lotterie-Regeln: Preise, Jackpot &#038; Gewinnchancen","item":"https:\/\/lottomat.com\/de\/lotterie\/"},{"@type":"ListItem","position":3,"name":"Informationen zum Samstagslotto"}]},{"@type":"WebSite","@id":"https:\/\/lottomat.com\/de\/#website","url":"https:\/\/lottomat.com\/de\/","name":"Lottomat","description":"","potentialAction":[{"@type":"SearchAction","target":{"@type":"EntryPoint","urlTemplate":"https:\/\/lottomat.com\/de\/?s={search_term_string}"},"query-input":{"@type":"PropertyValueSpecification","valueRequired":true,"valueName":"search_term_string"}}],"inLanguage":"de"}]}},"_links":{"self":[{"href":"https:\/\/lottomat.com\/de\/wp-json\/wp\/v2\/pages\/9450","targetHints":{"allow":["GET"]}}],"collection":[{"href":"https:\/\/lottomat.com\/de\/wp-json\/wp\/v2\/pages"}],"about":[{"href":"https:\/\/lottomat.com\/de\/wp-json\/wp\/v2\/types\/page"}],"author":[{"embeddable":true,"href":"https:\/\/lottomat.com\/de\/wp-json\/wp\/v2\/users\/2"}],"replies":[{"embeddable":true,"href":"https:\/\/lottomat.com\/de\/wp-json\/wp\/v2\/comments?post=9450"}],"version-history":[{"count":0,"href":"https:\/\/lottomat.com\/de\/wp-json\/wp\/v2\/pages\/9450\/revisions"}],"up":[{"embeddable":true,"href":"https:\/\/lottomat.com\/de\/wp-json\/wp\/v2\/pages\/6865"}],"wp:attachment":[{"href":"https:\/\/lottomat.com\/de\/wp-json\/wp\/v2\/media?parent=9450"}],"curies":[{"name":"wp","href":"https:\/\/api.w.org\/{rel}","templated":true}]}}