{"id":9341,"date":"2025-03-26T15:55:00","date_gmt":"2025-03-26T15:55:00","guid":{"rendered":"https:\/\/lottomat.net\/informationen-zur-lotterie\/powerball-australien-informationen-preise-und-jackpot\/"},"modified":"2025-04-08T09:26:33","modified_gmt":"2025-04-08T09:26:33","slug":"powerball-au","status":"publish","type":"page","link":"https:\/\/lottomat.com\/de\/lotterie\/powerball-au\/","title":{"rendered":"Powerball Australien Informationen: Preise und Jackpot"},"content":{"rendered":"\n\n<div class=\"kk-star-ratings kksr-auto kksr-align-left kksr-valign-top\"\n    data-payload='{&quot;align&quot;:&quot;left&quot;,&quot;id&quot;:&quot;9341&quot;,&quot;slug&quot;:&quot;default&quot;,&quot;valign&quot;:&quot;top&quot;,&quot;ignore&quot;:&quot;&quot;,&quot;reference&quot;:&quot;auto&quot;,&quot;class&quot;:&quot;&quot;,&quot;count&quot;:&quot;0&quot;,&quot;legendonly&quot;:&quot;&quot;,&quot;readonly&quot;:&quot;&quot;,&quot;score&quot;:&quot;0&quot;,&quot;starsonly&quot;:&quot;&quot;,&quot;best&quot;:&quot;5&quot;,&quot;gap&quot;:&quot;5&quot;,&quot;greet&quot;:&quot;Rate this page&quot;,&quot;legend&quot;:&quot;0\\\/5 - (0 votes)&quot;,&quot;size&quot;:&quot;30&quot;,&quot;title&quot;:&quot;Powerball Australien Informationen: Preise und Jackpot&quot;,&quot;width&quot;:&quot;0&quot;,&quot;_legend&quot;:&quot;{score}\\\/{best} - ({count} {votes})&quot;,&quot;font_factor&quot;:&quot;1.25&quot;}'>\n            \n<div class=\"kksr-stars\">\n    \n<div class=\"kksr-stars-inactive\">\n            <div class=\"kksr-star\" data-star=\"1\" style=\"padding-right: 5px\">\n            \n\n<div class=\"kksr-icon\" style=\"width: 30px; height: 30px;\"><\/div>\n        <\/div>\n            <div class=\"kksr-star\" data-star=\"2\" style=\"padding-right: 5px\">\n            \n\n<div class=\"kksr-icon\" style=\"width: 30px; height: 30px;\"><\/div>\n        <\/div>\n            <div class=\"kksr-star\" data-star=\"3\" style=\"padding-right: 5px\">\n            \n\n<div class=\"kksr-icon\" style=\"width: 30px; height: 30px;\"><\/div>\n        <\/div>\n            <div class=\"kksr-star\" data-star=\"4\" style=\"padding-right: 5px\">\n            \n\n<div class=\"kksr-icon\" style=\"width: 30px; height: 30px;\"><\/div>\n        <\/div>\n            <div class=\"kksr-star\" data-star=\"5\" style=\"padding-right: 5px\">\n            \n\n<div class=\"kksr-icon\" style=\"width: 30px; height: 30px;\"><\/div>\n        <\/div>\n    <\/div>\n    \n<div class=\"kksr-stars-active\" style=\"width: 0px;\">\n            <div class=\"kksr-star\" style=\"padding-right: 5px\">\n            \n\n<div class=\"kksr-icon\" style=\"width: 30px; height: 30px;\"><\/div>\n        <\/div>\n            <div class=\"kksr-star\" style=\"padding-right: 5px\">\n            \n\n<div class=\"kksr-icon\" style=\"width: 30px; height: 30px;\"><\/div>\n        <\/div>\n            <div class=\"kksr-star\" style=\"padding-right: 5px\">\n            \n\n<div class=\"kksr-icon\" style=\"width: 30px; height: 30px;\"><\/div>\n        <\/div>\n            <div class=\"kksr-star\" style=\"padding-right: 5px\">\n            \n\n<div class=\"kksr-icon\" style=\"width: 30px; height: 30px;\"><\/div>\n        <\/div>\n            <div class=\"kksr-star\" style=\"padding-right: 5px\">\n            \n\n<div class=\"kksr-icon\" style=\"width: 30px; height: 30px;\"><\/div>\n        <\/div>\n    <\/div>\n<\/div>\n                \n\n<div class=\"kksr-legend\" style=\"font-size: 24px;\">\n            <span class=\"kksr-muted\">Rate this page<\/span>\n    <\/div>\n    <\/div>\n<h2><img loading=\"lazy\" decoding=\"async\" class=\"alignleft wp-image-4450\" src=\"https:\/\/lottomat.com\/wp-content\/uploads\/2025\/03\/information-about-Australian-Powerball-1-300x300.png\" alt=\"information about Australian Powerball\" width=\"100\" height=\"100\" srcset=\"https:\/\/lottomat.com\/wp-content\/uploads\/2025\/03\/information-about-Australian-Powerball-1-300x300.png 300w, https:\/\/lottomat.com\/wp-content\/uploads\/2025\/03\/information-about-Australian-Powerball-1-150x150.png 150w, https:\/\/lottomat.com\/wp-content\/uploads\/2025\/03\/information-about-Australian-Powerball-1-100x100.png 100w, https:\/\/lottomat.com\/wp-content\/uploads\/2025\/03\/information-about-Australian-Powerball-1.png 400w\" sizes=\"auto, (max-width: 100px) 100vw, 100px\" \/>Wichtigste Informationen zum australischen Powerball<\/h2>\n<p>AU Powerball wurde am 23. M\u00e4rz 1996 eingef\u00fchrt. Damals mussten die Spieler f\u00fcnf aus 45 Zahlen w\u00e4hlen, die den ersten Teil der Tafel bilden, sowie eine zweite Zusatzzahl, genannt \u201ePowerball\u201c, in der zweiten Kategorie. Wie kann man teilnehmen? Hier k\u00f6nnen Sie australisches Powerball online spielen und die besten Powerball-Preise Australiens gewinnen.<\/p>\n<h2><img loading=\"lazy\" decoding=\"async\" class=\"alignleft wp-image-4479\" src=\"https:\/\/lottomat.com\/wp-content\/uploads\/2025\/03\/Powerball-Australia-Rules-2-300x300.png\" alt=\"Powerball Australien Regeln\" width=\"100\" height=\"100\" srcset=\"https:\/\/lottomat.com\/wp-content\/uploads\/2025\/03\/Powerball-Australia-Rules-2-300x300.png 300w, https:\/\/lottomat.com\/wp-content\/uploads\/2025\/03\/Powerball-Australia-Rules-2-150x150.png 150w, https:\/\/lottomat.com\/wp-content\/uploads\/2025\/03\/Powerball-Australia-Rules-2-100x100.png 100w, https:\/\/lottomat.com\/wp-content\/uploads\/2025\/03\/Powerball-Australia-Rules-2.png 400w\" sizes=\"auto, (max-width: 100px) 100vw, 100px\" \/>Powerball Australien Regeln<\/h2>\n<p>Die Powerball Australien Regeln wurden im M\u00e4rz 2013 ge\u00e4ndert. Nach der \u00c4nderung wurde festgelegt, dass die Gewinnkombination aus sechs von 40 Zahlen \u2013 der ersten Kategorie in der Spalte \u2013 und einer unter den 20 m\u00f6glichen Zahlen ausgew\u00e4hlten Kugel gebildet wird. Diese Regel\u00e4nderung f\u00fchrte eine neue Gewinnkategorie bei Powerball Australien ein.<br \/>\nIm April 2018 wurde eine neue Variante eingef\u00fchrt, bei der die Anzahl der Kugeln der ersten Kategorie auf 35 reduziert wurde. Statt sechs Kugeln ben\u00f6tigt ein Spieler nun sieben Kugeln, um eine Gewinnkombination zu bilden, und zus\u00e4tzlich einen PowerBall aus der zweiten Gruppe, der unver\u00e4ndert bleibt.<\/p>\n<h2><img loading=\"lazy\" decoding=\"async\" class=\"alignleft wp-image-4508\" src=\"https:\/\/lottomat.com\/wp-content\/uploads\/2025\/03\/Benefits-of-playing-the-Australian-PowerBall-online-1-300x300.png\" alt=\"Vorteile des australischen PowerBall Online-Spielens\" width=\"100\" height=\"100\" srcset=\"https:\/\/lottomat.com\/wp-content\/uploads\/2025\/03\/Benefits-of-playing-the-Australian-PowerBall-online-1-300x300.png 300w, https:\/\/lottomat.com\/wp-content\/uploads\/2025\/03\/Benefits-of-playing-the-Australian-PowerBall-online-1-150x150.png 150w, https:\/\/lottomat.com\/wp-content\/uploads\/2025\/03\/Benefits-of-playing-the-Australian-PowerBall-online-1-100x100.png 100w, https:\/\/lottomat.com\/wp-content\/uploads\/2025\/03\/Benefits-of-playing-the-Australian-PowerBall-online-1.png 400w\" sizes=\"auto, (max-width: 100px) 100vw, 100px\" \/>Vorteile des australischen PowerBall Online-Spielens<\/h2>\n<p>PowerBall Australien online zu spielen bietet folgende Vorteile:<\/p>\n<ul>\n<li>Einfach, bequem und schnell.<\/li>\n<li>Spieler k\u00f6nnen von \u00fcberall auf der Welt teilnehmen, ohne nach Australien reisen zu m\u00fcssen, um am Jackpot teilzunehmen.<\/li>\n<li>Man kann problemlos von jedem mobilen Ger\u00e4t aus auf das PowerBall Australien Online-Spiel zugreifen, einschlie\u00dflich Desktops, Smartphones und Tablets mit Internetzugang.<\/li>\n<li>Spieler erhalten st\u00e4ndig Informationen zu folgenden Themen: Angesammelte Jackpots, gewonnene Preise sowie aktuelle und archivierte Powerball Australien-Ergebnisse.<\/li>\n<li>Es bietet eine zuverl\u00e4ssige und sichere Zahlungsmethode.<\/li>\n<li>Jeder gewonnene Preis wird automatisch dem Konto eines Nutzers gutgeschrieben.<\/li>\n<\/ul>\n<h2><img loading=\"lazy\" decoding=\"async\" class=\"alignleft wp-image-4537\" src=\"https:\/\/lottomat.com\/wp-content\/uploads\/2025\/03\/Powerball-Australia-Jackpot-1-300x300.png\" alt=\"Powerball Australien Jackpot\" width=\"100\" height=\"100\" srcset=\"https:\/\/lottomat.com\/wp-content\/uploads\/2025\/03\/Powerball-Australia-Jackpot-1-300x300.png 300w, https:\/\/lottomat.com\/wp-content\/uploads\/2025\/03\/Powerball-Australia-Jackpot-1-150x150.png 150w, https:\/\/lottomat.com\/wp-content\/uploads\/2025\/03\/Powerball-Australia-Jackpot-1-100x100.png 100w, https:\/\/lottomat.com\/wp-content\/uploads\/2025\/03\/Powerball-Australia-Jackpot-1.png 400w\" sizes=\"auto, (max-width: 100px) 100vw, 100px\" \/>Powerball Australien Jackpot<\/h2>\n<ul>\n<li>Der niedrigste garantierte Jackpot f\u00fcr Powerball Australien betr\u00e4gt 3 Millionen AUD, ohne Anh\u00e4ufungslimit. Dadurch kann der Jackpot exponentiell auf mehrere Millionen Dollar anwachsen.<\/li>\n<li>Der aktuell verzeichnete Jackpot betr\u00e4gt 80 Millionen AUD. Er wurde im Juli 2009 geknackt und unter zwei Gewinnern aus Victoria und New South Wales aufgeteilt.<\/li>\n<li>Seit der letzten Aktualisierung im April 2018 wurde der PowerBall Australien-Jackpot nur zweimal geknackt.<\/li>\n<li>Am 19. April 2018 wurde bei der ersten Ziehung der neuen PowerBall Australien-Regeln ein Gewinn von 8 Millionen AUD als Preis der ersten Kategorie vergeben.<\/li>\n<li>Zus\u00e4tzlich erhielt der Gewinner am 7. Juni 2018 einen Bargeldpreis im Gegenwert von 50 Millionen AUD.<\/li>\n<\/ul>\n<h3 style=\"text-align: center;\">PowerBall Australien-Preise und Gewinnchancen<\/h3>\n","protected":false},"excerpt":{"rendered":"<p>Wichtigste Informationen zum australischen Powerball AU Powerball wurde am 23. M\u00e4rz 1996 eingef\u00fchrt. Damals mussten die Spieler f\u00fcnf aus 45 Zahlen w\u00e4hlen, die den ersten Teil der Tafel bilden, sowie eine zweite Zusatzzahl, genannt \u201ePowerball\u201c, in der zweiten Kategorie. Wie kann man teilnehmen? Hier k\u00f6nnen Sie australisches Powerball online spielen und die besten Powerball-Preise Australiens [&hellip;]<\/p>\n","protected":false},"author":2,"featured_media":0,"parent":6865,"menu_order":17,"comment_status":"closed","ping_status":"closed","template":"powerball-au-info.php","meta":{"_et_pb_use_builder":"","_et_pb_old_content":"","_et_gb_content_width":"","exclude_from_search":false,"footnotes":""},"class_list":["post-9341","page","type-page","status-publish","hentry"],"yoast_head":"<!-- This site is optimized with the Yoast SEO plugin v23.8 - https:\/\/yoast.com\/wordpress\/plugins\/seo\/ -->\n<title>Powerball Australien Informationen: Preise und Jackpot - Lottomat<\/title>\n<meta name=\"description\" content=\"Sie k\u00f6nnen hier australisches Powerball online spielen und die besten Powerball-Preise Australiens gewinnen. Powerball-Regeln Australien.\" \/>\n<meta name=\"robots\" content=\"index, follow, max-snippet:-1, max-image-preview:large, max-video-preview:-1\" \/>\n<link rel=\"canonical\" href=\"https:\/\/lottomat.com\/de\/lotterie\/powerball-au\/\" \/>\n<meta property=\"og:locale\" content=\"de_DE\" \/>\n<meta property=\"og:type\" content=\"article\" \/>\n<meta property=\"og:title\" content=\"Powerball Australien Informationen: Preise und Jackpot - Lottomat\" \/>\n<meta property=\"og:description\" content=\"Sie k\u00f6nnen hier australisches Powerball online spielen und die besten Powerball-Preise Australiens gewinnen. Powerball-Regeln Australien.\" \/>\n<meta property=\"og:url\" content=\"https:\/\/lottomat.com\/de\/lotterie\/powerball-au\/\" \/>\n<meta property=\"og:site_name\" content=\"Lottomat\" \/>\n<meta property=\"article:modified_time\" content=\"2025-04-08T09:26:33+00:00\" \/>\n<meta property=\"og:image\" content=\"https:\/\/lottomat.com\/wp-content\/uploads\/2025\/03\/information-about-Australian-Powerball-1-300x300.png\" \/>\n<meta name=\"twitter:card\" content=\"summary_large_image\" \/>\n<meta name=\"twitter:label1\" content=\"Gesch\u00e4tzte Lesezeit\" \/>\n\t<meta name=\"twitter:data1\" content=\"2\u00a0Minuten\" \/>\n<script type=\"application\/ld+json\" class=\"yoast-schema-graph\">{\"@context\":\"https:\/\/schema.org\",\"@graph\":[{\"@type\":\"WebPage\",\"@id\":\"https:\/\/lottomat.com\/de\/lotterie\/powerball-au\/\",\"url\":\"https:\/\/lottomat.com\/de\/lotterie\/powerball-au\/\",\"name\":\"Powerball Australien Informationen: Preise und Jackpot - Lottomat\",\"isPartOf\":{\"@id\":\"https:\/\/lottomat.com\/de\/#website\"},\"primaryImageOfPage\":{\"@id\":\"https:\/\/lottomat.com\/de\/lotterie\/powerball-au\/#primaryimage\"},\"image\":{\"@id\":\"https:\/\/lottomat.com\/de\/lotterie\/powerball-au\/#primaryimage\"},\"thumbnailUrl\":\"https:\/\/lottomat.com\/wp-content\/uploads\/2025\/03\/information-about-Australian-Powerball-1-300x300.png\",\"datePublished\":\"2025-03-26T15:55:00+00:00\",\"dateModified\":\"2025-04-08T09:26:33+00:00\",\"description\":\"Sie k\u00f6nnen hier australisches Powerball online spielen und die besten Powerball-Preise Australiens gewinnen. Powerball-Regeln Australien.\",\"breadcrumb\":{\"@id\":\"https:\/\/lottomat.com\/de\/lotterie\/powerball-au\/#breadcrumb\"},\"inLanguage\":\"de\",\"potentialAction\":[{\"@type\":\"ReadAction\",\"target\":[\"https:\/\/lottomat.com\/de\/lotterie\/powerball-au\/\"]}]},{\"@type\":\"ImageObject\",\"inLanguage\":\"de\",\"@id\":\"https:\/\/lottomat.com\/de\/lotterie\/powerball-au\/#primaryimage\",\"url\":\"https:\/\/lottomat.com\/wp-content\/uploads\/2025\/03\/information-about-Australian-Powerball-1-300x300.png\",\"contentUrl\":\"https:\/\/lottomat.com\/wp-content\/uploads\/2025\/03\/information-about-Australian-Powerball-1-300x300.png\"},{\"@type\":\"BreadcrumbList\",\"@id\":\"https:\/\/lottomat.com\/de\/lotterie\/powerball-au\/#breadcrumb\",\"itemListElement\":[{\"@type\":\"ListItem\",\"position\":1,\"name\":\"Home\",\"item\":\"https:\/\/lottomat.com\/de\/\"},{\"@type\":\"ListItem\",\"position\":2,\"name\":\"Lotterie-Regeln: Preise, Jackpot &#038; Gewinnchancen\",\"item\":\"https:\/\/lottomat.com\/de\/lotterie\/\"},{\"@type\":\"ListItem\",\"position\":3,\"name\":\"Powerball Australien Informationen: Preise und Jackpot\"}]},{\"@type\":\"WebSite\",\"@id\":\"https:\/\/lottomat.com\/de\/#website\",\"url\":\"https:\/\/lottomat.com\/de\/\",\"name\":\"Lottomat\",\"description\":\"\",\"potentialAction\":[{\"@type\":\"SearchAction\",\"target\":{\"@type\":\"EntryPoint\",\"urlTemplate\":\"https:\/\/lottomat.com\/de\/?s={search_term_string}\"},\"query-input\":{\"@type\":\"PropertyValueSpecification\",\"valueRequired\":true,\"valueName\":\"search_term_string\"}}],\"inLanguage\":\"de\"}]}<\/script>\n<!-- \/ Yoast SEO plugin. -->","yoast_head_json":{"title":"Powerball Australien Informationen: Preise und Jackpot - Lottomat","description":"Sie k\u00f6nnen hier australisches Powerball online spielen und die besten Powerball-Preise Australiens gewinnen. Powerball-Regeln Australien.","robots":{"index":"index","follow":"follow","max-snippet":"max-snippet:-1","max-image-preview":"max-image-preview:large","max-video-preview":"max-video-preview:-1"},"canonical":"https:\/\/lottomat.com\/de\/lotterie\/powerball-au\/","og_locale":"de_DE","og_type":"article","og_title":"Powerball Australien Informationen: Preise und Jackpot - Lottomat","og_description":"Sie k\u00f6nnen hier australisches Powerball online spielen und die besten Powerball-Preise Australiens gewinnen. Powerball-Regeln Australien.","og_url":"https:\/\/lottomat.com\/de\/lotterie\/powerball-au\/","og_site_name":"Lottomat","article_modified_time":"2025-04-08T09:26:33+00:00","og_image":[{"url":"https:\/\/lottomat.com\/wp-content\/uploads\/2025\/03\/information-about-Australian-Powerball-1-300x300.png"}],"twitter_card":"summary_large_image","twitter_misc":{"Gesch\u00e4tzte Lesezeit":"2\u00a0Minuten"},"schema":{"@context":"https:\/\/schema.org","@graph":[{"@type":"WebPage","@id":"https:\/\/lottomat.com\/de\/lotterie\/powerball-au\/","url":"https:\/\/lottomat.com\/de\/lotterie\/powerball-au\/","name":"Powerball Australien Informationen: Preise und Jackpot - Lottomat","isPartOf":{"@id":"https:\/\/lottomat.com\/de\/#website"},"primaryImageOfPage":{"@id":"https:\/\/lottomat.com\/de\/lotterie\/powerball-au\/#primaryimage"},"image":{"@id":"https:\/\/lottomat.com\/de\/lotterie\/powerball-au\/#primaryimage"},"thumbnailUrl":"https:\/\/lottomat.com\/wp-content\/uploads\/2025\/03\/information-about-Australian-Powerball-1-300x300.png","datePublished":"2025-03-26T15:55:00+00:00","dateModified":"2025-04-08T09:26:33+00:00","description":"Sie k\u00f6nnen hier australisches Powerball online spielen und die besten Powerball-Preise Australiens gewinnen. Powerball-Regeln Australien.","breadcrumb":{"@id":"https:\/\/lottomat.com\/de\/lotterie\/powerball-au\/#breadcrumb"},"inLanguage":"de","potentialAction":[{"@type":"ReadAction","target":["https:\/\/lottomat.com\/de\/lotterie\/powerball-au\/"]}]},{"@type":"ImageObject","inLanguage":"de","@id":"https:\/\/lottomat.com\/de\/lotterie\/powerball-au\/#primaryimage","url":"https:\/\/lottomat.com\/wp-content\/uploads\/2025\/03\/information-about-Australian-Powerball-1-300x300.png","contentUrl":"https:\/\/lottomat.com\/wp-content\/uploads\/2025\/03\/information-about-Australian-Powerball-1-300x300.png"},{"@type":"BreadcrumbList","@id":"https:\/\/lottomat.com\/de\/lotterie\/powerball-au\/#breadcrumb","itemListElement":[{"@type":"ListItem","position":1,"name":"Home","item":"https:\/\/lottomat.com\/de\/"},{"@type":"ListItem","position":2,"name":"Lotterie-Regeln: Preise, Jackpot &#038; Gewinnchancen","item":"https:\/\/lottomat.com\/de\/lotterie\/"},{"@type":"ListItem","position":3,"name":"Powerball Australien Informationen: Preise und Jackpot"}]},{"@type":"WebSite","@id":"https:\/\/lottomat.com\/de\/#website","url":"https:\/\/lottomat.com\/de\/","name":"Lottomat","description":"","potentialAction":[{"@type":"SearchAction","target":{"@type":"EntryPoint","urlTemplate":"https:\/\/lottomat.com\/de\/?s={search_term_string}"},"query-input":{"@type":"PropertyValueSpecification","valueRequired":true,"valueName":"search_term_string"}}],"inLanguage":"de"}]}},"_links":{"self":[{"href":"https:\/\/lottomat.com\/de\/wp-json\/wp\/v2\/pages\/9341","targetHints":{"allow":["GET"]}}],"collection":[{"href":"https:\/\/lottomat.com\/de\/wp-json\/wp\/v2\/pages"}],"about":[{"href":"https:\/\/lottomat.com\/de\/wp-json\/wp\/v2\/types\/page"}],"author":[{"embeddable":true,"href":"https:\/\/lottomat.com\/de\/wp-json\/wp\/v2\/users\/2"}],"replies":[{"embeddable":true,"href":"https:\/\/lottomat.com\/de\/wp-json\/wp\/v2\/comments?post=9341"}],"version-history":[{"count":0,"href":"https:\/\/lottomat.com\/de\/wp-json\/wp\/v2\/pages\/9341\/revisions"}],"up":[{"embeddable":true,"href":"https:\/\/lottomat.com\/de\/wp-json\/wp\/v2\/pages\/6865"}],"wp:attachment":[{"href":"https:\/\/lottomat.com\/de\/wp-json\/wp\/v2\/media?parent=9341"}],"curies":[{"name":"wp","href":"https:\/\/api.w.org\/{rel}","templated":true}]}}