{"id":9194,"date":"2025-03-27T11:04:30","date_gmt":"2025-03-27T11:04:30","guid":{"rendered":"https:\/\/lottomat.net\/?page_id=9194"},"modified":"2025-04-08T09:28:02","modified_gmt":"2025-04-08T09:28:02","slug":"uk-lotto","status":"publish","type":"page","link":"https:\/\/lottomat.com\/de\/ergebnisse\/uk-lotto\/","title":{"rendered":"UK-Lotto-Ergebnisse"},"content":{"rendered":"\n\n<div class=\"kk-star-ratings kksr-auto kksr-align-left kksr-valign-top\"\n    data-payload='{&quot;align&quot;:&quot;left&quot;,&quot;id&quot;:&quot;9194&quot;,&quot;slug&quot;:&quot;default&quot;,&quot;valign&quot;:&quot;top&quot;,&quot;ignore&quot;:&quot;&quot;,&quot;reference&quot;:&quot;auto&quot;,&quot;class&quot;:&quot;&quot;,&quot;count&quot;:&quot;0&quot;,&quot;legendonly&quot;:&quot;&quot;,&quot;readonly&quot;:&quot;&quot;,&quot;score&quot;:&quot;0&quot;,&quot;starsonly&quot;:&quot;&quot;,&quot;best&quot;:&quot;5&quot;,&quot;gap&quot;:&quot;5&quot;,&quot;greet&quot;:&quot;Rate this page&quot;,&quot;legend&quot;:&quot;0\\\/5 - (0 votes)&quot;,&quot;size&quot;:&quot;30&quot;,&quot;title&quot;:&quot;UK-Lotto-Ergebnisse&quot;,&quot;width&quot;:&quot;0&quot;,&quot;_legend&quot;:&quot;{score}\\\/{best} - ({count} {votes})&quot;,&quot;font_factor&quot;:&quot;1.25&quot;}'>\n            \n<div class=\"kksr-stars\">\n    \n<div class=\"kksr-stars-inactive\">\n            <div class=\"kksr-star\" data-star=\"1\" style=\"padding-right: 5px\">\n            \n\n<div class=\"kksr-icon\" style=\"width: 30px; height: 30px;\"><\/div>\n        <\/div>\n            <div class=\"kksr-star\" data-star=\"2\" style=\"padding-right: 5px\">\n            \n\n<div class=\"kksr-icon\" style=\"width: 30px; height: 30px;\"><\/div>\n        <\/div>\n            <div class=\"kksr-star\" data-star=\"3\" style=\"padding-right: 5px\">\n            \n\n<div class=\"kksr-icon\" style=\"width: 30px; height: 30px;\"><\/div>\n        <\/div>\n            <div class=\"kksr-star\" data-star=\"4\" style=\"padding-right: 5px\">\n            \n\n<div class=\"kksr-icon\" style=\"width: 30px; height: 30px;\"><\/div>\n        <\/div>\n            <div class=\"kksr-star\" data-star=\"5\" style=\"padding-right: 5px\">\n            \n\n<div class=\"kksr-icon\" style=\"width: 30px; height: 30px;\"><\/div>\n        <\/div>\n    <\/div>\n    \n<div class=\"kksr-stars-active\" style=\"width: 0px;\">\n            <div class=\"kksr-star\" style=\"padding-right: 5px\">\n            \n\n<div class=\"kksr-icon\" style=\"width: 30px; height: 30px;\"><\/div>\n        <\/div>\n            <div class=\"kksr-star\" style=\"padding-right: 5px\">\n            \n\n<div class=\"kksr-icon\" style=\"width: 30px; height: 30px;\"><\/div>\n        <\/div>\n            <div class=\"kksr-star\" style=\"padding-right: 5px\">\n            \n\n<div class=\"kksr-icon\" style=\"width: 30px; height: 30px;\"><\/div>\n        <\/div>\n            <div class=\"kksr-star\" style=\"padding-right: 5px\">\n            \n\n<div class=\"kksr-icon\" style=\"width: 30px; height: 30px;\"><\/div>\n        <\/div>\n            <div class=\"kksr-star\" style=\"padding-right: 5px\">\n            \n\n<div class=\"kksr-icon\" style=\"width: 30px; height: 30px;\"><\/div>\n        <\/div>\n    <\/div>\n<\/div>\n                \n\n<div class=\"kksr-legend\" style=\"font-size: 24px;\">\n            <span class=\"kksr-muted\">Rate this page<\/span>\n    <\/div>\n    <\/div>\n<h2 class=\"wp-block-heading\"><span class=\"VIiyi\" lang=\"de\"><span class=\"JLqJ4b ChMk0b\" data-language-for-alternatives=\"de\" data-language-to-translate-into=\"pl\" data-phrase-index=\"0\" data-number-of-phrases=\"1\"><img loading=\"lazy\" decoding=\"async\" class=\"alignleft wp-image-74402\" src=\"https:\/\/lottomat.com\/wp-content\/uploads\/sites\/3\/UK-lotto-winning-numbers.png\" alt=\"UK Lotto Ergebnisse\" width=\"130\" height=\"130\" \/>UK Lotto Ergebnisse<\/span><\/span><\/h2>\r\nErgebnisse, oh Ergebnisse \u2013 die UK Lotto Ziehung sorgt f\u00fcr viele Emotionen und l\u00e4sst uns nerv\u00f6s die Ergebnisseite aktualisieren. Kein Wunder! <a href=\"https:\/\/lottomat.com\/play\/\" target=\"_blank\" rel=\"noreferrer noopener\">Online-Lotto spielen<\/a> ist wirklich aufregend, und das Warten auf die Ergebnisse stellt unsere Geduld auf die Probe. Um die Wartezeit angenehmer zu gestalten, kann es hilfreich sein, bereits zu planen, wie Sie Ihren Gewinn verwenden w\u00fcrden \u2013 sei es eine Reise oder eine kluge Investition. Hier auf <a href=\"https:\/\/lottomat.com\/\">LottoMat<\/a> k\u00f6nnen Sie \u00fcberpr\u00fcfen, ob Ihre Tr\u00e4ume wahr geworden sind. Sehen Sie sich die neuesten UK Lotto Ergebnisse an und finden Sie heraus, ob Sie einer der gl\u00fccklichen Gewinner sind. Dies ist eine der beliebtesten Lotterien im Vereinigten K\u00f6nigreich und bietet hohe Gewinnchancen in britischen Pfund, was bedeutet, dass die Jackpots oft enorm sind. Unsere ver\u00f6ffentlichten Ergebnisse stammen direkt vom Veranstalter und werden so schnell wie m\u00f6glich auf unserer Website aktualisiert, damit unsere Spieler sofort wissen, ob sie gewonnen haben.\r\n<h2 class=\"wp-block-heading\"><img loading=\"lazy\" decoding=\"async\" class=\"alignleft wp-image-74430\" src=\"https:\/\/lottomat.com\/wp-content\/uploads\/sites\/3\/Current-UK-Lotto-drawing-results.png\" alt=\"Aktuelle UK Lotto Ergebnisse\" width=\"130\" height=\"130\" \/>Aktuelle UK Lotto Ergebnisse<\/h2>\r\nWie bereits erw\u00e4hnt, ver\u00f6ffentlichen wir die <strong>UK Lotto Ergebnisse<\/strong> (ebenso wie andere Lotterieergebnisse), sobald sie verf\u00fcgbar sind. Sie k\u00f6nnen nicht nur \u00fcberpr\u00fcfen, ob Sie gewonnen haben, sondern auch die sechs Gewinnstufen analysieren, sehen, wie viele Spieler die Zahlen richtig getippt haben und ob jemand den Jackpot geknackt hat. Ja, Sie haben richtig geh\u00f6rt! Sie m\u00fcssen nicht alle sechs Zahlen richtig haben, um zu gewinnen \u2013 es gibt insgesamt sechs verschiedene Gewinnstufen.\u00a0Die neuesten UK Lotto Ergebnisse finden Sie am oberen Rand dieser Seite. Das Ziehungsdatum wird rechts angezeigt. Au\u00dferdem k\u00f6nnen Sie die Bonuszahl sehen, die f\u00fcr Spieler im Vereinigten K\u00f6nigreich relevant ist. F\u00fcr Ihr Spiel hat diese jedoch keine Auswirkungen, da Ihre Chancen auf den Jackpot gleich bleiben.\r\n<h2 class=\"wp-block-heading\"><img loading=\"lazy\" decoding=\"async\" class=\"alignleft wp-image-74458\" src=\"https:\/\/lottomat.com\/wp-content\/uploads\/sites\/3\/Archived-UK-Lotto-results.png\" alt=\"Archivierte UK Lotto Ergebnisse\" width=\"130\" height=\"130\" \/>Archivierte UK Lotto Ergebnisse<\/h2>\r\nAuf LottoMat k\u00f6nnen Sie nicht nur die neuesten, sondern auch die Ergebnisse der letzten 12 Monate im <a href=\"https:\/\/lottomat.com\/results\/\">Archiv<\/a> einsehen. So k\u00f6nnen Sie vergangene Gewinnzahlen durchsehen. Nutzen Sie einfach unsere Kalenderfunktion, w\u00e4hlen Sie ein Datum aus und sehen Sie sich die entsprechenden Ergebnisse an.\u00a0Das Studium vergangener Ziehungsergebnisse kann Ihnen helfen, eine eigene Spielstrategie zu entwickeln. Sie k\u00f6nnen analysieren, welche Zahlen am h\u00e4ufigsten erschienen sind, wie viele Preise ausgezahlt wurden und wie oft jemand den Jackpot gewonnen hat. Diese Daten erm\u00f6glichen es Ihnen, Ihre zuk\u00fcnftigen Zahlen mit mehr \u00dcberlegung auszuw\u00e4hlen.\r\n<h2 class=\"wp-block-heading\"><img loading=\"lazy\" decoding=\"async\" class=\"alignleft wp-image-74486\" src=\"https:\/\/lottomat.com\/wp-content\/uploads\/sites\/3\/most-drawn-numbers-in-the-UK-Lotto.png\" alt=\"H\u00e4ufigste UK Lotto Zahlen\" width=\"130\" height=\"130\" \/>H\u00e4ufigste UK Lotto Zahlen<\/h2>\r\nWenn Sie ein Fan von Statistiken sind, gibt es einige Tricks, die Sie anwenden k\u00f6nnen. Eine beliebte Strategie ist die Verwendung der h\u00e4ufigsten und seltensten gezogenen Zahlen. Diese Daten stammen aus der Geschichte der vergangenen Ziehungen in unserem Archiv und zeigen, welche Zahlen besonders oft oder selten gezogen wurden. Manche Zahlen haben eine h\u00f6here Wahrscheinlichkeit, gezogen zu werden, was Ihnen bei der Wahl Ihrer Zahlen helfen k\u00f6nnte.\u00a0Wenn Sie die h\u00e4ufigsten Zahlen verwenden m\u00f6chten, k\u00f6nnten Sie sich f\u00fcr 9, 12, 15, 17 und 19 entscheiden. Wenn Sie dagegen vermeiden m\u00f6chten, selten gezogene Zahlen zu w\u00e4hlen, sollten Sie vielleicht 1, 2, 6, 32 und 47 meiden, da diese statistisch gesehen seltener vorkommen.","protected":false},"excerpt":{"rendered":"<p>UK Lotto Ergebnisse Ergebnisse, oh Ergebnisse \u2013 die UK Lotto Ziehung sorgt f\u00fcr viele Emotionen und l\u00e4sst uns nerv\u00f6s die Ergebnisseite aktualisieren. Kein Wunder! Online-Lotto spielen ist wirklich aufregend, und das Warten auf die Ergebnisse stellt unsere Geduld auf die Probe. Um die Wartezeit angenehmer zu gestalten, kann es hilfreich sein, bereits zu planen, wie [&hellip;]<\/p>\n","protected":false},"author":1,"featured_media":0,"parent":7413,"menu_order":8,"comment_status":"closed","ping_status":"closed","template":"lotto-uk-results.php","meta":{"_et_pb_use_builder":"","_et_pb_old_content":"","_et_gb_content_width":"","exclude_from_search":false,"footnotes":""},"class_list":["post-9194","page","type-page","status-publish","hentry"],"yoast_head":"<!-- This site is optimized with the Yoast SEO plugin v23.8 - https:\/\/yoast.com\/wordpress\/plugins\/seo\/ -->\n<title>UK-Lotto-Ergebnisse \u2013 Gl\u00fcckszahlen im UK-Lotto \u2013 LottoMat<\/title>\n<meta name=\"description\" content=\"Haben Sie einen UK-Lottoschein gekauft? Pr\u00fcfen Sie die UK-Lotto-Ergebnisse und vergleichen Sie sie mit den Zahlen auf Ihrem Schein.\" \/>\n<meta name=\"robots\" content=\"index, follow, max-snippet:-1, max-image-preview:large, max-video-preview:-1\" \/>\n<link rel=\"canonical\" href=\"https:\/\/lottomat.com\/de\/ergebnisse\/uk-lotto\/\" \/>\n<meta property=\"og:locale\" content=\"de_DE\" \/>\n<meta property=\"og:type\" content=\"article\" \/>\n<meta property=\"og:title\" content=\"UK-Lotto-Ergebnisse \u2013 Gl\u00fcckszahlen im UK-Lotto \u2013 LottoMat\" \/>\n<meta property=\"og:description\" content=\"Haben Sie einen UK-Lottoschein gekauft? Pr\u00fcfen Sie die UK-Lotto-Ergebnisse und vergleichen Sie sie mit den Zahlen auf Ihrem Schein.\" \/>\n<meta property=\"og:url\" content=\"https:\/\/lottomat.com\/de\/ergebnisse\/uk-lotto\/\" \/>\n<meta property=\"og:site_name\" content=\"Lottomat\" \/>\n<meta property=\"article:modified_time\" content=\"2025-04-08T09:28:02+00:00\" \/>\n<meta property=\"og:image\" content=\"https:\/\/lottomat.com\/wp-content\/uploads\/sites\/3\/UK-lotto-winning-numbers.png\" \/>\n<meta name=\"twitter:card\" content=\"summary_large_image\" \/>\n<meta name=\"twitter:label1\" content=\"Gesch\u00e4tzte Lesezeit\" \/>\n\t<meta name=\"twitter:data1\" content=\"3\u00a0Minuten\" \/>\n<script type=\"application\/ld+json\" class=\"yoast-schema-graph\">{\"@context\":\"https:\/\/schema.org\",\"@graph\":[{\"@type\":\"WebPage\",\"@id\":\"https:\/\/lottomat.com\/de\/ergebnisse\/uk-lotto\/\",\"url\":\"https:\/\/lottomat.com\/de\/ergebnisse\/uk-lotto\/\",\"name\":\"UK-Lotto-Ergebnisse \u2013 Gl\u00fcckszahlen im UK-Lotto \u2013 LottoMat\",\"isPartOf\":{\"@id\":\"https:\/\/lottomat.com\/de\/#website\"},\"primaryImageOfPage\":{\"@id\":\"https:\/\/lottomat.com\/de\/ergebnisse\/uk-lotto\/#primaryimage\"},\"image\":{\"@id\":\"https:\/\/lottomat.com\/de\/ergebnisse\/uk-lotto\/#primaryimage\"},\"thumbnailUrl\":\"https:\/\/lottomat.com\/wp-content\/uploads\/sites\/3\/UK-lotto-winning-numbers.png\",\"datePublished\":\"2025-03-27T11:04:30+00:00\",\"dateModified\":\"2025-04-08T09:28:02+00:00\",\"description\":\"Haben Sie einen UK-Lottoschein gekauft? Pr\u00fcfen Sie die UK-Lotto-Ergebnisse und vergleichen Sie sie mit den Zahlen auf Ihrem Schein.\",\"breadcrumb\":{\"@id\":\"https:\/\/lottomat.com\/de\/ergebnisse\/uk-lotto\/#breadcrumb\"},\"inLanguage\":\"de\",\"potentialAction\":[{\"@type\":\"ReadAction\",\"target\":[\"https:\/\/lottomat.com\/de\/ergebnisse\/uk-lotto\/\"]}]},{\"@type\":\"ImageObject\",\"inLanguage\":\"de\",\"@id\":\"https:\/\/lottomat.com\/de\/ergebnisse\/uk-lotto\/#primaryimage\",\"url\":\"https:\/\/lottomat.com\/wp-content\/uploads\/sites\/3\/UK-lotto-winning-numbers.png\",\"contentUrl\":\"https:\/\/lottomat.com\/wp-content\/uploads\/sites\/3\/UK-lotto-winning-numbers.png\"},{\"@type\":\"BreadcrumbList\",\"@id\":\"https:\/\/lottomat.com\/de\/ergebnisse\/uk-lotto\/#breadcrumb\",\"itemListElement\":[{\"@type\":\"ListItem\",\"position\":1,\"name\":\"Home\",\"item\":\"https:\/\/lottomat.com\/de\/\"},{\"@type\":\"ListItem\",\"position\":2,\"name\":\"Die Neuesten Lotterie-Ergebnisse &#038; Gewinnzahlen\",\"item\":\"https:\/\/lottomat.com\/de\/ergebnisse\/\"},{\"@type\":\"ListItem\",\"position\":3,\"name\":\"UK-Lotto-Ergebnisse\"}]},{\"@type\":\"WebSite\",\"@id\":\"https:\/\/lottomat.com\/de\/#website\",\"url\":\"https:\/\/lottomat.com\/de\/\",\"name\":\"Lottomat\",\"description\":\"\",\"potentialAction\":[{\"@type\":\"SearchAction\",\"target\":{\"@type\":\"EntryPoint\",\"urlTemplate\":\"https:\/\/lottomat.com\/de\/?s={search_term_string}\"},\"query-input\":{\"@type\":\"PropertyValueSpecification\",\"valueRequired\":true,\"valueName\":\"search_term_string\"}}],\"inLanguage\":\"de\"}]}<\/script>\n<!-- \/ Yoast SEO plugin. -->","yoast_head_json":{"title":"UK-Lotto-Ergebnisse \u2013 Gl\u00fcckszahlen im UK-Lotto \u2013 LottoMat","description":"Haben Sie einen UK-Lottoschein gekauft? Pr\u00fcfen Sie die UK-Lotto-Ergebnisse und vergleichen Sie sie mit den Zahlen auf Ihrem Schein.","robots":{"index":"index","follow":"follow","max-snippet":"max-snippet:-1","max-image-preview":"max-image-preview:large","max-video-preview":"max-video-preview:-1"},"canonical":"https:\/\/lottomat.com\/de\/ergebnisse\/uk-lotto\/","og_locale":"de_DE","og_type":"article","og_title":"UK-Lotto-Ergebnisse \u2013 Gl\u00fcckszahlen im UK-Lotto \u2013 LottoMat","og_description":"Haben Sie einen UK-Lottoschein gekauft? Pr\u00fcfen Sie die UK-Lotto-Ergebnisse und vergleichen Sie sie mit den Zahlen auf Ihrem Schein.","og_url":"https:\/\/lottomat.com\/de\/ergebnisse\/uk-lotto\/","og_site_name":"Lottomat","article_modified_time":"2025-04-08T09:28:02+00:00","og_image":[{"url":"https:\/\/lottomat.com\/wp-content\/uploads\/sites\/3\/UK-lotto-winning-numbers.png"}],"twitter_card":"summary_large_image","twitter_misc":{"Gesch\u00e4tzte Lesezeit":"3\u00a0Minuten"},"schema":{"@context":"https:\/\/schema.org","@graph":[{"@type":"WebPage","@id":"https:\/\/lottomat.com\/de\/ergebnisse\/uk-lotto\/","url":"https:\/\/lottomat.com\/de\/ergebnisse\/uk-lotto\/","name":"UK-Lotto-Ergebnisse \u2013 Gl\u00fcckszahlen im UK-Lotto \u2013 LottoMat","isPartOf":{"@id":"https:\/\/lottomat.com\/de\/#website"},"primaryImageOfPage":{"@id":"https:\/\/lottomat.com\/de\/ergebnisse\/uk-lotto\/#primaryimage"},"image":{"@id":"https:\/\/lottomat.com\/de\/ergebnisse\/uk-lotto\/#primaryimage"},"thumbnailUrl":"https:\/\/lottomat.com\/wp-content\/uploads\/sites\/3\/UK-lotto-winning-numbers.png","datePublished":"2025-03-27T11:04:30+00:00","dateModified":"2025-04-08T09:28:02+00:00","description":"Haben Sie einen UK-Lottoschein gekauft? Pr\u00fcfen Sie die UK-Lotto-Ergebnisse und vergleichen Sie sie mit den Zahlen auf Ihrem Schein.","breadcrumb":{"@id":"https:\/\/lottomat.com\/de\/ergebnisse\/uk-lotto\/#breadcrumb"},"inLanguage":"de","potentialAction":[{"@type":"ReadAction","target":["https:\/\/lottomat.com\/de\/ergebnisse\/uk-lotto\/"]}]},{"@type":"ImageObject","inLanguage":"de","@id":"https:\/\/lottomat.com\/de\/ergebnisse\/uk-lotto\/#primaryimage","url":"https:\/\/lottomat.com\/wp-content\/uploads\/sites\/3\/UK-lotto-winning-numbers.png","contentUrl":"https:\/\/lottomat.com\/wp-content\/uploads\/sites\/3\/UK-lotto-winning-numbers.png"},{"@type":"BreadcrumbList","@id":"https:\/\/lottomat.com\/de\/ergebnisse\/uk-lotto\/#breadcrumb","itemListElement":[{"@type":"ListItem","position":1,"name":"Home","item":"https:\/\/lottomat.com\/de\/"},{"@type":"ListItem","position":2,"name":"Die Neuesten Lotterie-Ergebnisse &#038; Gewinnzahlen","item":"https:\/\/lottomat.com\/de\/ergebnisse\/"},{"@type":"ListItem","position":3,"name":"UK-Lotto-Ergebnisse"}]},{"@type":"WebSite","@id":"https:\/\/lottomat.com\/de\/#website","url":"https:\/\/lottomat.com\/de\/","name":"Lottomat","description":"","potentialAction":[{"@type":"SearchAction","target":{"@type":"EntryPoint","urlTemplate":"https:\/\/lottomat.com\/de\/?s={search_term_string}"},"query-input":{"@type":"PropertyValueSpecification","valueRequired":true,"valueName":"search_term_string"}}],"inLanguage":"de"}]}},"_links":{"self":[{"href":"https:\/\/lottomat.com\/de\/wp-json\/wp\/v2\/pages\/9194","targetHints":{"allow":["GET"]}}],"collection":[{"href":"https:\/\/lottomat.com\/de\/wp-json\/wp\/v2\/pages"}],"about":[{"href":"https:\/\/lottomat.com\/de\/wp-json\/wp\/v2\/types\/page"}],"author":[{"embeddable":true,"href":"https:\/\/lottomat.com\/de\/wp-json\/wp\/v2\/users\/1"}],"replies":[{"embeddable":true,"href":"https:\/\/lottomat.com\/de\/wp-json\/wp\/v2\/comments?post=9194"}],"version-history":[{"count":0,"href":"https:\/\/lottomat.com\/de\/wp-json\/wp\/v2\/pages\/9194\/revisions"}],"up":[{"embeddable":true,"href":"https:\/\/lottomat.com\/de\/wp-json\/wp\/v2\/pages\/7413"}],"wp:attachment":[{"href":"https:\/\/lottomat.com\/de\/wp-json\/wp\/v2\/media?parent=9194"}],"curies":[{"name":"wp","href":"https:\/\/api.w.org\/{rel}","templated":true}]}}