{"id":9045,"date":"2025-03-26T15:44:04","date_gmt":"2025-03-26T15:44:04","guid":{"rendered":"https:\/\/lottomat.net\/informationen-zur-lotterie\/informationen-zum-set-for-life-lotto\/"},"modified":"2025-04-08T09:25:30","modified_gmt":"2025-04-08T09:25:30","slug":"set-for-life","status":"publish","type":"page","link":"https:\/\/lottomat.com\/de\/lotterie\/set-for-life\/","title":{"rendered":"Informationen zum Set For Life Lotto"},"content":{"rendered":"\n\n<div class=\"kk-star-ratings kksr-auto kksr-align-left kksr-valign-top\"\n    data-payload='{&quot;align&quot;:&quot;left&quot;,&quot;id&quot;:&quot;9045&quot;,&quot;slug&quot;:&quot;default&quot;,&quot;valign&quot;:&quot;top&quot;,&quot;ignore&quot;:&quot;&quot;,&quot;reference&quot;:&quot;auto&quot;,&quot;class&quot;:&quot;&quot;,&quot;count&quot;:&quot;0&quot;,&quot;legendonly&quot;:&quot;&quot;,&quot;readonly&quot;:&quot;&quot;,&quot;score&quot;:&quot;0&quot;,&quot;starsonly&quot;:&quot;&quot;,&quot;best&quot;:&quot;5&quot;,&quot;gap&quot;:&quot;5&quot;,&quot;greet&quot;:&quot;Rate this page&quot;,&quot;legend&quot;:&quot;0\\\/5 - (0 votes)&quot;,&quot;size&quot;:&quot;30&quot;,&quot;title&quot;:&quot;Informationen zum Set For Life Lotto&quot;,&quot;width&quot;:&quot;0&quot;,&quot;_legend&quot;:&quot;{score}\\\/{best} - ({count} {votes})&quot;,&quot;font_factor&quot;:&quot;1.25&quot;}'>\n            \n<div class=\"kksr-stars\">\n    \n<div class=\"kksr-stars-inactive\">\n            <div class=\"kksr-star\" data-star=\"1\" style=\"padding-right: 5px\">\n            \n\n<div class=\"kksr-icon\" style=\"width: 30px; height: 30px;\"><\/div>\n        <\/div>\n            <div class=\"kksr-star\" data-star=\"2\" style=\"padding-right: 5px\">\n            \n\n<div class=\"kksr-icon\" style=\"width: 30px; height: 30px;\"><\/div>\n        <\/div>\n            <div class=\"kksr-star\" data-star=\"3\" style=\"padding-right: 5px\">\n            \n\n<div class=\"kksr-icon\" style=\"width: 30px; height: 30px;\"><\/div>\n        <\/div>\n            <div class=\"kksr-star\" data-star=\"4\" style=\"padding-right: 5px\">\n            \n\n<div class=\"kksr-icon\" style=\"width: 30px; height: 30px;\"><\/div>\n        <\/div>\n            <div class=\"kksr-star\" data-star=\"5\" style=\"padding-right: 5px\">\n            \n\n<div class=\"kksr-icon\" style=\"width: 30px; height: 30px;\"><\/div>\n        <\/div>\n    <\/div>\n    \n<div class=\"kksr-stars-active\" style=\"width: 0px;\">\n            <div class=\"kksr-star\" style=\"padding-right: 5px\">\n            \n\n<div class=\"kksr-icon\" style=\"width: 30px; height: 30px;\"><\/div>\n        <\/div>\n            <div class=\"kksr-star\" style=\"padding-right: 5px\">\n            \n\n<div class=\"kksr-icon\" style=\"width: 30px; height: 30px;\"><\/div>\n        <\/div>\n            <div class=\"kksr-star\" style=\"padding-right: 5px\">\n            \n\n<div class=\"kksr-icon\" style=\"width: 30px; height: 30px;\"><\/div>\n        <\/div>\n            <div class=\"kksr-star\" style=\"padding-right: 5px\">\n            \n\n<div class=\"kksr-icon\" style=\"width: 30px; height: 30px;\"><\/div>\n        <\/div>\n            <div class=\"kksr-star\" style=\"padding-right: 5px\">\n            \n\n<div class=\"kksr-icon\" style=\"width: 30px; height: 30px;\"><\/div>\n        <\/div>\n    <\/div>\n<\/div>\n                \n\n<div class=\"kksr-legend\" style=\"font-size: 24px;\">\n            <span class=\"kksr-muted\">Rate this page<\/span>\n    <\/div>\n    <\/div>\n<h2><img loading=\"lazy\" decoding=\"async\" class=\"alignleft wp-image-4096\" src=\"https:\/\/lottomat.com\/wp-content\/uploads\/2025\/03\/Set-for-Life-Information-1-300x300.png\" alt=\"Set for Life Informationen\" width=\"100\" height=\"100\" srcset=\"https:\/\/lottomat.com\/wp-content\/uploads\/2025\/03\/Set-for-Life-Information-1-300x300.png 300w, https:\/\/lottomat.com\/wp-content\/uploads\/2025\/03\/Set-for-Life-Information-1-150x150.png 150w, https:\/\/lottomat.com\/wp-content\/uploads\/2025\/03\/Set-for-Life-Information-1-100x100.png 100w, https:\/\/lottomat.com\/wp-content\/uploads\/2025\/03\/Set-for-Life-Information-1.png 400w\" sizes=\"auto, (max-width: 100px) 100vw, 100px\" \/>Set for Life Informationen<\/h2>\n<p>Wenn Sie Spa\u00df haben m\u00f6chten und dieses Lotteriespiel Ihr Interesse geweckt hat, sind Sie hier genau richtig. Das Wetten auf die <a href=\"https:\/\/lottomat.com\/results\/set-for-life-uk\/\">Ergebnisse von Set for Life<\/a> wird Ihnen viel leichter fallen, nachdem Sie unsere Zusammenfassung der wichtigsten Informationen gelesen haben. Lottomat \u2013 Lotteriewetten.<br \/>\nEntdecken Sie die Geschichte dieser Lotterie, ihre Entwicklung im Laufe der Zeit, interessante Fakten \u00fcber die Lose, den h\u00f6chsten Gewinn und viele weitere faszinierende Details, die Sie kennen sollten.<\/p>\n<h2><img loading=\"lazy\" decoding=\"async\" class=\"alignleft wp-image-4125\" src=\"https:\/\/lottomat.com\/wp-content\/uploads\/2025\/03\/Set-For-Life-Lotto-Betting-1-300x300.png\" alt=\"Set For Life Lotto Betting\" width=\"100\" height=\"100\" srcset=\"https:\/\/lottomat.com\/wp-content\/uploads\/2025\/03\/Set-For-Life-Lotto-Betting-1-300x300.png 300w, https:\/\/lottomat.com\/wp-content\/uploads\/2025\/03\/Set-For-Life-Lotto-Betting-1-150x150.png 150w, https:\/\/lottomat.com\/wp-content\/uploads\/2025\/03\/Set-For-Life-Lotto-Betting-1-100x100.png 100w, https:\/\/lottomat.com\/wp-content\/uploads\/2025\/03\/Set-For-Life-Lotto-Betting-1.png 400w\" sizes=\"auto, (max-width: 100px) 100vw, 100px\" \/>Set For Life Lotto Betting \u2013 Wie hoch sind meine Gewinnchancen?<\/h2>\n<p>Einer der Hauptvorteile des Spiels sind die acht Gewinnstufen. Mit anderen Worten: Schon mit zwei richtigen Zahlen gewinnen Sie einen Gewinn. Dieser mag zwar klein ausfallen, reicht aber aus, um Ihren Einsatz zu decken.<br \/>\nDie Gewinnchancen liegen bei 1 zu 15.339.390. Auf den ersten Blick mag das unwahrscheinlich erscheinen, aber im Vergleich zu anderen Spielen wie Eurojackpot sind diese Quoten durchaus angemessen.<br \/>\nDie Gewinnchancen f\u00fcr ein Los mit einer Kombination aus der zweiten Gewinnklasse sind jedoch mit 1 zu 1.704.377 recht gut.<\/p>\n<p>Die Gewinnchancen f\u00fcr ausreichende Zahlen liegen insgesamt bei 1 zu 12,4. Das hei\u00dft: Von zw\u00f6lf Losen sollte mindestens eines gewinnen.<\/p>\n<h2><img loading=\"lazy\" decoding=\"async\" class=\"alignleft wp-image-4154\" src=\"https:\/\/lottomat.com\/wp-content\/uploads\/2025\/03\/Set-For-Life-\u2013-Betting-History-1-300x300.png\" alt=\"Set For Life \u2013 Wettverlauf\" width=\"100\" height=\"100\" srcset=\"https:\/\/lottomat.com\/wp-content\/uploads\/2025\/03\/Set-For-Life-\u2013-Betting-History-1-300x300.png 300w, https:\/\/lottomat.com\/wp-content\/uploads\/2025\/03\/Set-For-Life-\u2013-Betting-History-1-150x150.png 150w, https:\/\/lottomat.com\/wp-content\/uploads\/2025\/03\/Set-For-Life-\u2013-Betting-History-1-100x100.png 100w, https:\/\/lottomat.com\/wp-content\/uploads\/2025\/03\/Set-For-Life-\u2013-Betting-History-1.png 400w\" sizes=\"auto, (max-width: 100px) 100vw, 100px\" \/>Set For Life \u2013 Wettverlauf<\/h2>\n<p>Set For Life ist eines der Spiele von Camelot, einem weltweit f\u00fchrenden Lotterieveranstalter. Die erste Ziehung dieser Lotterie fand erst vor relativ kurzer Zeit, am 18. M\u00e4rz 2019, statt. Damals wurden die Lottokugeln gezogen und die erste Zahlenkombination bekannt gegeben.<br \/>\nDa dieses Spiel erst seit etwas mehr als drei Jahren auf dem Markt ist, ist es interessant zu sehen, dass es bereits mehrere Millionen Spieler hat. Jedes Jahr seit Beginn dieser Lotterie sorgte f\u00fcr neue Spannung, und wir sind sicher, dass es auch 2022 nicht anders sein wird.<\/p>\n<h2><img loading=\"lazy\" decoding=\"async\" class=\"alignleft wp-image-4183\" src=\"https:\/\/lottomat.com\/wp-content\/uploads\/2025\/03\/Set-for-Life-Combinations-1-300x300.png\" alt=\"Set for Life-Kombinationen\" width=\"100\" height=\"100\" srcset=\"https:\/\/lottomat.com\/wp-content\/uploads\/2025\/03\/Set-for-Life-Combinations-1-300x300.png 300w, https:\/\/lottomat.com\/wp-content\/uploads\/2025\/03\/Set-for-Life-Combinations-1-150x150.png 150w, https:\/\/lottomat.com\/wp-content\/uploads\/2025\/03\/Set-for-Life-Combinations-1-100x100.png 100w, https:\/\/lottomat.com\/wp-content\/uploads\/2025\/03\/Set-for-Life-Combinations-1.png 400w\" sizes=\"auto, (max-width: 100px) 100vw, 100px\" \/>Wo k\u00f6nnen Sie Kombinationen eingeben?<\/h2>\n<p>Au\u00dferhalb Gro\u00dfbritanniens kann Set for Life in den meisten europ\u00e4ischen L\u00e4ndern online gespielt werden. Es ist bekannt, dass die kroatische Lotterie nur Eurojackpot-Gewinne aus ausl\u00e4ndischen Spielen anbietet. Teilnehmer aus Kroatien m\u00fcssen daher \u00fcber die Lottomat-Website spielen.<br \/>\nEin Vorteil dieser Methode ist, dass Sie Ihre Kombination jederzeit und an jedem Wochentag eingeben k\u00f6nnen. Zus\u00e4tzlich steht Ihnen ein Tippscheingenerator zur schnellen Eingabe zur Verf\u00fcgung, mit dem Sie den Vorgang mit nur wenigen Klicks abschlie\u00dfen k\u00f6nnen. Bei Problemen bieten wir Ihnen einen hervorragenden Kundenservice.<br \/>\nDie Ziehungen finden zweimal w\u00f6chentlich statt, montags und donnerstags um 21:00 Uhr unserer Zeit. Die Ergebnisse dieser und anderer Lotteriespiele in unserem Angebot werden direkt nach der Ziehung angezeigt.<br \/>\nSie k\u00f6nnen Ihren Tippschein noch heute f\u00fcr 3,70 \u20ac eingeben.<\/p>\n<h2><img loading=\"lazy\" decoding=\"async\" class=\"alignleft wp-image-4212\" src=\"https:\/\/lottomat.com\/wp-content\/uploads\/2025\/03\/What-Prizes-Can-Be-Won-in-This-Game-1-300x300.png\" alt=\"Welche Preise k\u00f6nnen in diesem Spiel gewonnen werden?\" width=\"100\" height=\"100\" srcset=\"https:\/\/lottomat.com\/wp-content\/uploads\/2025\/03\/What-Prizes-Can-Be-Won-in-This-Game-1-300x300.png 300w, https:\/\/lottomat.com\/wp-content\/uploads\/2025\/03\/What-Prizes-Can-Be-Won-in-This-Game-1-150x150.png 150w, https:\/\/lottomat.com\/wp-content\/uploads\/2025\/03\/What-Prizes-Can-Be-Won-in-This-Game-1-100x100.png 100w, https:\/\/lottomat.com\/wp-content\/uploads\/2025\/03\/What-Prizes-Can-Be-Won-in-This-Game-1.png 400w\" sizes=\"auto, (max-width: 100px) 100vw, 100px\" \/>Welche Preise k\u00f6nnen in diesem Spiel gewonnen werden?<\/h2>\n<p>Wie bereits erw\u00e4hnt, gibt es bei diesem Spiel keinen Jackpot-Rollover. Stattdessen ist der Jackpot pro Ziehung auf 3,6 Millionen Pfund festgelegt und wird \u00fcber 30 Jahre ausgezahlt. Anders ausgedr\u00fcckt: F\u00fcr eine Gewinnkombination aus sechs Zahlen (5+1) erhalten Sie monatlich 10.000 Pfund.<br \/>\nDer zweith\u00f6chste Gewinn betr\u00e4gt 120.000 Pfund, was etwa einer Million Kuna entspricht. Sie gewinnen diesen Betrag, wenn Sie f\u00fcnf Zahlen richtig haben. Der Gewinn wird in zw\u00f6lf monatlichen Raten von jeweils 10.000 \u00a3 ausgezahlt.<br \/>\nSpieler, die eine 4+1-Kombination richtig haben, erhalten 250 \u00a3, w\u00e4hrend der Gewinner der niedrigsten Gewinnklasse (zwei richtige Zahlen) 5 \u00a3 gewinnt.<\/p>\n<h2><img loading=\"lazy\" decoding=\"async\" class=\"alignleft wp-image-4241\" src=\"https:\/\/lottomat.com\/wp-content\/uploads\/2025\/03\/Most-Frequently-Drawn-Numbers-1-300x300.png\" alt=\"H\u00e4ufigste gezogene Zahlen\" width=\"100\" height=\"100\" srcset=\"https:\/\/lottomat.com\/wp-content\/uploads\/2025\/03\/Most-Frequently-Drawn-Numbers-1-300x300.png 300w, https:\/\/lottomat.com\/wp-content\/uploads\/2025\/03\/Most-Frequently-Drawn-Numbers-1-150x150.png 150w, https:\/\/lottomat.com\/wp-content\/uploads\/2025\/03\/Most-Frequently-Drawn-Numbers-1-100x100.png 100w, https:\/\/lottomat.com\/wp-content\/uploads\/2025\/03\/Most-Frequently-Drawn-Numbers-1.png 400w\" sizes=\"auto, (max-width: 100px) 100vw, 100px\" \/>H\u00e4ufigste gezogene Zahlen \u2013 Lotteriewetten<\/h2>\n<p>Unter den 47 gezogenen Zahlen kommen einige h\u00e4ufiger vor als andere. Diese Information ist sicherlich hilfreich. Lesen Sie weiter, um herauszufinden, welche Zahlen h\u00e4ufiger vorkommen.<br \/>\nDie Zahlen 32 und 42 \u2013 Diese Zahlen wurden 49 Mal gezogen. Die 29 \u2013 Diese Zahl erschien 46 Mal in Set For Life-Ziehungen. Die 21, 26, 38 \u2013 Diese drei Zahlen haben die gleiche Platz, jeweils 45-mal gezogen.<br \/>\nSieh dir nun an, wie oft die Zusatzzahlen von 1 bis 10 gezogen wurden: 7 \u2013 Diese Zahl wurde 41-mal gezogen. 9 \u2013 Diese Zahl wurde in 40 Ziehungen gezogen. 3 \u2013 Diese Zahl wurde 36-mal als Zusatz gezogen.<br \/>\nDu hast die Wahl. Bleibst du bei diesen Zahlen oder \u00e4nderst du deine Kombinationen leicht? Eines ist sicher: Es gibt viele Kombinationen, und es ist wichtig, sich mit den Statistiken vertraut zu machen. Eine gute Analyse f\u00fchrt zu den besten Ergebnissen. Unser Archiv, das die Ergebnisse dieses britischen Lotteriespiels bis zu f\u00fcnf Jahre lang speichert, wird dich bei deiner Analyse erheblich unterst\u00fctzen.<\/p>\n<h2><img loading=\"lazy\" decoding=\"async\" class=\"alignleft wp-image-4270\" src=\"https:\/\/lottomat.com\/wp-content\/uploads\/2025\/03\/Lottery-Betting-1-300x300.png\" alt=\"Lotteriewetten\" width=\"100\" height=\"100\" srcset=\"https:\/\/lottomat.com\/wp-content\/uploads\/2025\/03\/Lottery-Betting-1-300x300.png 300w, https:\/\/lottomat.com\/wp-content\/uploads\/2025\/03\/Lottery-Betting-1-150x150.png 150w, https:\/\/lottomat.com\/wp-content\/uploads\/2025\/03\/Lottery-Betting-1-100x100.png 100w, https:\/\/lottomat.com\/wp-content\/uploads\/2025\/03\/Lottery-Betting-1.png 400w\" sizes=\"auto, (max-width: 100px) 100vw, 100px\" \/>Set For Life bietet Spa\u00df und Millionengewinne \u2013 Lotteriewetten<\/h2>\n<p>Suchen Sie ein Spiel mit guten Gewinnchancen und viel Spa\u00df? Dann sind Sie hier genau richtig. Das Spiel selbst verspricht, dass Sie mit einem Jackpot in dieser Lotterie alle Ihre Probleme f\u00fcrs Leben l\u00f6sen. Stellen Sie sich vor, Sie erhalten jeden Monat fast 100.000 Kuna auf Ihr Konto.<\/p>\n<p>Spielen Sie also noch heute Ihr Los, denn die n\u00e4chste Ziehung steht vor der T\u00fcr. Tippen Sie die <a href=\"https:\/\/lottomat.com\/results\/\">Gewinnzahlen<\/a> mit Ihrer Familie oder Ihren Kollegen und teilen Sie den Gewinn. Dies ist der einfachste Weg, Ihre Tr\u00e4ume zu verwirklichen und finanzielle Sorgen zu l\u00f6sen.<\/p>\n","protected":false},"excerpt":{"rendered":"<p>Set for Life Informationen Wenn Sie Spa\u00df haben m\u00f6chten und dieses Lotteriespiel Ihr Interesse geweckt hat, sind Sie hier genau richtig. Das Wetten auf die Ergebnisse von Set for Life wird Ihnen viel leichter fallen, nachdem Sie unsere Zusammenfassung der wichtigsten Informationen gelesen haben. Lottomat \u2013 Lotteriewetten. Entdecken Sie die Geschichte dieser Lotterie, ihre Entwicklung [&hellip;]<\/p>\n","protected":false},"author":2,"featured_media":0,"parent":6865,"menu_order":15,"comment_status":"closed","ping_status":"closed","template":"set-for-life-info.php","meta":{"_et_pb_use_builder":"","_et_pb_old_content":"","_et_gb_content_width":"","exclude_from_search":false,"footnotes":""},"class_list":["post-9045","page","type-page","status-publish","hentry"],"yoast_head":"<!-- This site is optimized with the Yoast SEO plugin v23.8 - https:\/\/yoast.com\/wordpress\/plugins\/seo\/ -->\n<title>Informationen zum Set For Life Lotto - Lottomat<\/title>\n<meta name=\"description\" content=\"Wenn Sie auf der Suche nach etwas Spa\u00df sind und dieses Lotteriespiel Ihr Interesse geweckt hat, sind Sie hier richtig. Set For Life Lotto \u2013 Wichtige Informationen.\" \/>\n<meta name=\"robots\" content=\"index, follow, max-snippet:-1, max-image-preview:large, max-video-preview:-1\" \/>\n<link rel=\"canonical\" href=\"https:\/\/lottomat.com\/de\/lotterie\/set-for-life\/\" \/>\n<meta property=\"og:locale\" content=\"de_DE\" \/>\n<meta property=\"og:type\" content=\"article\" \/>\n<meta property=\"og:title\" content=\"Informationen zum Set For Life Lotto - Lottomat\" \/>\n<meta property=\"og:description\" content=\"Wenn Sie auf der Suche nach etwas Spa\u00df sind und dieses Lotteriespiel Ihr Interesse geweckt hat, sind Sie hier richtig. Set For Life Lotto \u2013 Wichtige Informationen.\" \/>\n<meta property=\"og:url\" content=\"https:\/\/lottomat.com\/de\/lotterie\/set-for-life\/\" \/>\n<meta property=\"og:site_name\" content=\"Lottomat\" \/>\n<meta property=\"article:modified_time\" content=\"2025-04-08T09:25:30+00:00\" \/>\n<meta property=\"og:image\" content=\"https:\/\/lottomat.com\/wp-content\/uploads\/2025\/03\/Set-for-Life-Information-1-300x300.png\" \/>\n<meta name=\"twitter:card\" content=\"summary_large_image\" \/>\n<meta name=\"twitter:label1\" content=\"Gesch\u00e4tzte Lesezeit\" \/>\n\t<meta name=\"twitter:data1\" content=\"4\u00a0Minuten\" \/>\n<script type=\"application\/ld+json\" class=\"yoast-schema-graph\">{\"@context\":\"https:\/\/schema.org\",\"@graph\":[{\"@type\":\"WebPage\",\"@id\":\"https:\/\/lottomat.com\/de\/lotterie\/set-for-life\/\",\"url\":\"https:\/\/lottomat.com\/de\/lotterie\/set-for-life\/\",\"name\":\"Informationen zum Set For Life Lotto - Lottomat\",\"isPartOf\":{\"@id\":\"https:\/\/lottomat.com\/de\/#website\"},\"primaryImageOfPage\":{\"@id\":\"https:\/\/lottomat.com\/de\/lotterie\/set-for-life\/#primaryimage\"},\"image\":{\"@id\":\"https:\/\/lottomat.com\/de\/lotterie\/set-for-life\/#primaryimage\"},\"thumbnailUrl\":\"https:\/\/lottomat.com\/wp-content\/uploads\/2025\/03\/Set-for-Life-Information-1-300x300.png\",\"datePublished\":\"2025-03-26T15:44:04+00:00\",\"dateModified\":\"2025-04-08T09:25:30+00:00\",\"description\":\"Wenn Sie auf der Suche nach etwas Spa\u00df sind und dieses Lotteriespiel Ihr Interesse geweckt hat, sind Sie hier richtig. Set For Life Lotto \u2013 Wichtige Informationen.\",\"breadcrumb\":{\"@id\":\"https:\/\/lottomat.com\/de\/lotterie\/set-for-life\/#breadcrumb\"},\"inLanguage\":\"de\",\"potentialAction\":[{\"@type\":\"ReadAction\",\"target\":[\"https:\/\/lottomat.com\/de\/lotterie\/set-for-life\/\"]}]},{\"@type\":\"ImageObject\",\"inLanguage\":\"de\",\"@id\":\"https:\/\/lottomat.com\/de\/lotterie\/set-for-life\/#primaryimage\",\"url\":\"https:\/\/lottomat.com\/wp-content\/uploads\/2025\/03\/Set-for-Life-Information-1-300x300.png\",\"contentUrl\":\"https:\/\/lottomat.com\/wp-content\/uploads\/2025\/03\/Set-for-Life-Information-1-300x300.png\"},{\"@type\":\"BreadcrumbList\",\"@id\":\"https:\/\/lottomat.com\/de\/lotterie\/set-for-life\/#breadcrumb\",\"itemListElement\":[{\"@type\":\"ListItem\",\"position\":1,\"name\":\"Home\",\"item\":\"https:\/\/lottomat.com\/de\/\"},{\"@type\":\"ListItem\",\"position\":2,\"name\":\"Lotterie-Regeln: Preise, Jackpot &#038; Gewinnchancen\",\"item\":\"https:\/\/lottomat.com\/de\/lotterie\/\"},{\"@type\":\"ListItem\",\"position\":3,\"name\":\"Informationen zum Set For Life Lotto\"}]},{\"@type\":\"WebSite\",\"@id\":\"https:\/\/lottomat.com\/de\/#website\",\"url\":\"https:\/\/lottomat.com\/de\/\",\"name\":\"Lottomat\",\"description\":\"\",\"potentialAction\":[{\"@type\":\"SearchAction\",\"target\":{\"@type\":\"EntryPoint\",\"urlTemplate\":\"https:\/\/lottomat.com\/de\/?s={search_term_string}\"},\"query-input\":{\"@type\":\"PropertyValueSpecification\",\"valueRequired\":true,\"valueName\":\"search_term_string\"}}],\"inLanguage\":\"de\"}]}<\/script>\n<!-- \/ Yoast SEO plugin. -->","yoast_head_json":{"title":"Informationen zum Set For Life Lotto - Lottomat","description":"Wenn Sie auf der Suche nach etwas Spa\u00df sind und dieses Lotteriespiel Ihr Interesse geweckt hat, sind Sie hier richtig. Set For Life Lotto \u2013 Wichtige Informationen.","robots":{"index":"index","follow":"follow","max-snippet":"max-snippet:-1","max-image-preview":"max-image-preview:large","max-video-preview":"max-video-preview:-1"},"canonical":"https:\/\/lottomat.com\/de\/lotterie\/set-for-life\/","og_locale":"de_DE","og_type":"article","og_title":"Informationen zum Set For Life Lotto - Lottomat","og_description":"Wenn Sie auf der Suche nach etwas Spa\u00df sind und dieses Lotteriespiel Ihr Interesse geweckt hat, sind Sie hier richtig. Set For Life Lotto \u2013 Wichtige Informationen.","og_url":"https:\/\/lottomat.com\/de\/lotterie\/set-for-life\/","og_site_name":"Lottomat","article_modified_time":"2025-04-08T09:25:30+00:00","og_image":[{"url":"https:\/\/lottomat.com\/wp-content\/uploads\/2025\/03\/Set-for-Life-Information-1-300x300.png"}],"twitter_card":"summary_large_image","twitter_misc":{"Gesch\u00e4tzte Lesezeit":"4\u00a0Minuten"},"schema":{"@context":"https:\/\/schema.org","@graph":[{"@type":"WebPage","@id":"https:\/\/lottomat.com\/de\/lotterie\/set-for-life\/","url":"https:\/\/lottomat.com\/de\/lotterie\/set-for-life\/","name":"Informationen zum Set For Life Lotto - Lottomat","isPartOf":{"@id":"https:\/\/lottomat.com\/de\/#website"},"primaryImageOfPage":{"@id":"https:\/\/lottomat.com\/de\/lotterie\/set-for-life\/#primaryimage"},"image":{"@id":"https:\/\/lottomat.com\/de\/lotterie\/set-for-life\/#primaryimage"},"thumbnailUrl":"https:\/\/lottomat.com\/wp-content\/uploads\/2025\/03\/Set-for-Life-Information-1-300x300.png","datePublished":"2025-03-26T15:44:04+00:00","dateModified":"2025-04-08T09:25:30+00:00","description":"Wenn Sie auf der Suche nach etwas Spa\u00df sind und dieses Lotteriespiel Ihr Interesse geweckt hat, sind Sie hier richtig. Set For Life Lotto \u2013 Wichtige Informationen.","breadcrumb":{"@id":"https:\/\/lottomat.com\/de\/lotterie\/set-for-life\/#breadcrumb"},"inLanguage":"de","potentialAction":[{"@type":"ReadAction","target":["https:\/\/lottomat.com\/de\/lotterie\/set-for-life\/"]}]},{"@type":"ImageObject","inLanguage":"de","@id":"https:\/\/lottomat.com\/de\/lotterie\/set-for-life\/#primaryimage","url":"https:\/\/lottomat.com\/wp-content\/uploads\/2025\/03\/Set-for-Life-Information-1-300x300.png","contentUrl":"https:\/\/lottomat.com\/wp-content\/uploads\/2025\/03\/Set-for-Life-Information-1-300x300.png"},{"@type":"BreadcrumbList","@id":"https:\/\/lottomat.com\/de\/lotterie\/set-for-life\/#breadcrumb","itemListElement":[{"@type":"ListItem","position":1,"name":"Home","item":"https:\/\/lottomat.com\/de\/"},{"@type":"ListItem","position":2,"name":"Lotterie-Regeln: Preise, Jackpot &#038; Gewinnchancen","item":"https:\/\/lottomat.com\/de\/lotterie\/"},{"@type":"ListItem","position":3,"name":"Informationen zum Set For Life Lotto"}]},{"@type":"WebSite","@id":"https:\/\/lottomat.com\/de\/#website","url":"https:\/\/lottomat.com\/de\/","name":"Lottomat","description":"","potentialAction":[{"@type":"SearchAction","target":{"@type":"EntryPoint","urlTemplate":"https:\/\/lottomat.com\/de\/?s={search_term_string}"},"query-input":{"@type":"PropertyValueSpecification","valueRequired":true,"valueName":"search_term_string"}}],"inLanguage":"de"}]}},"_links":{"self":[{"href":"https:\/\/lottomat.com\/de\/wp-json\/wp\/v2\/pages\/9045","targetHints":{"allow":["GET"]}}],"collection":[{"href":"https:\/\/lottomat.com\/de\/wp-json\/wp\/v2\/pages"}],"about":[{"href":"https:\/\/lottomat.com\/de\/wp-json\/wp\/v2\/types\/page"}],"author":[{"embeddable":true,"href":"https:\/\/lottomat.com\/de\/wp-json\/wp\/v2\/users\/2"}],"replies":[{"embeddable":true,"href":"https:\/\/lottomat.com\/de\/wp-json\/wp\/v2\/comments?post=9045"}],"version-history":[{"count":0,"href":"https:\/\/lottomat.com\/de\/wp-json\/wp\/v2\/pages\/9045\/revisions"}],"up":[{"embeddable":true,"href":"https:\/\/lottomat.com\/de\/wp-json\/wp\/v2\/pages\/6865"}],"wp:attachment":[{"href":"https:\/\/lottomat.com\/de\/wp-json\/wp\/v2\/media?parent=9045"}],"curies":[{"name":"wp","href":"https:\/\/api.w.org\/{rel}","templated":true}]}}