{"id":8902,"date":"2025-03-26T14:35:29","date_gmt":"2025-03-26T14:35:29","guid":{"rendered":"https:\/\/lottomat.net\/informationen-zur-lotterie\/informationen-zum-deutschen-lotto\/"},"modified":"2025-04-08T09:25:12","modified_gmt":"2025-04-08T09:25:12","slug":"lotto-6aus49","status":"publish","type":"page","link":"https:\/\/lottomat.com\/de\/lotterie\/lotto-6aus49\/","title":{"rendered":"Informationen zum deutschen Lotto"},"content":{"rendered":"\n\n<div class=\"kk-star-ratings kksr-auto kksr-align-left kksr-valign-top\"\n    data-payload='{&quot;align&quot;:&quot;left&quot;,&quot;id&quot;:&quot;8902&quot;,&quot;slug&quot;:&quot;default&quot;,&quot;valign&quot;:&quot;top&quot;,&quot;ignore&quot;:&quot;&quot;,&quot;reference&quot;:&quot;auto&quot;,&quot;class&quot;:&quot;&quot;,&quot;count&quot;:&quot;0&quot;,&quot;legendonly&quot;:&quot;&quot;,&quot;readonly&quot;:&quot;&quot;,&quot;score&quot;:&quot;0&quot;,&quot;starsonly&quot;:&quot;&quot;,&quot;best&quot;:&quot;5&quot;,&quot;gap&quot;:&quot;5&quot;,&quot;greet&quot;:&quot;Rate this page&quot;,&quot;legend&quot;:&quot;0\\\/5 - (0 votes)&quot;,&quot;size&quot;:&quot;30&quot;,&quot;title&quot;:&quot;Informationen zum deutschen Lotto&quot;,&quot;width&quot;:&quot;0&quot;,&quot;_legend&quot;:&quot;{score}\\\/{best} - ({count} {votes})&quot;,&quot;font_factor&quot;:&quot;1.25&quot;}'>\n            \n<div class=\"kksr-stars\">\n    \n<div class=\"kksr-stars-inactive\">\n            <div class=\"kksr-star\" data-star=\"1\" style=\"padding-right: 5px\">\n            \n\n<div class=\"kksr-icon\" style=\"width: 30px; height: 30px;\"><\/div>\n        <\/div>\n            <div class=\"kksr-star\" data-star=\"2\" style=\"padding-right: 5px\">\n            \n\n<div class=\"kksr-icon\" style=\"width: 30px; height: 30px;\"><\/div>\n        <\/div>\n            <div class=\"kksr-star\" data-star=\"3\" style=\"padding-right: 5px\">\n            \n\n<div class=\"kksr-icon\" style=\"width: 30px; height: 30px;\"><\/div>\n        <\/div>\n            <div class=\"kksr-star\" data-star=\"4\" style=\"padding-right: 5px\">\n            \n\n<div class=\"kksr-icon\" style=\"width: 30px; height: 30px;\"><\/div>\n        <\/div>\n            <div class=\"kksr-star\" data-star=\"5\" style=\"padding-right: 5px\">\n            \n\n<div class=\"kksr-icon\" style=\"width: 30px; height: 30px;\"><\/div>\n        <\/div>\n    <\/div>\n    \n<div class=\"kksr-stars-active\" style=\"width: 0px;\">\n            <div class=\"kksr-star\" style=\"padding-right: 5px\">\n            \n\n<div class=\"kksr-icon\" style=\"width: 30px; height: 30px;\"><\/div>\n        <\/div>\n            <div class=\"kksr-star\" style=\"padding-right: 5px\">\n            \n\n<div class=\"kksr-icon\" style=\"width: 30px; height: 30px;\"><\/div>\n        <\/div>\n            <div class=\"kksr-star\" style=\"padding-right: 5px\">\n            \n\n<div class=\"kksr-icon\" style=\"width: 30px; height: 30px;\"><\/div>\n        <\/div>\n            <div class=\"kksr-star\" style=\"padding-right: 5px\">\n            \n\n<div class=\"kksr-icon\" style=\"width: 30px; height: 30px;\"><\/div>\n        <\/div>\n            <div class=\"kksr-star\" style=\"padding-right: 5px\">\n            \n\n<div class=\"kksr-icon\" style=\"width: 30px; height: 30px;\"><\/div>\n        <\/div>\n    <\/div>\n<\/div>\n                \n\n<div class=\"kksr-legend\" style=\"font-size: 24px;\">\n            <span class=\"kksr-muted\">Rate this page<\/span>\n    <\/div>\n    <\/div>\n<p><img loading=\"lazy\" decoding=\"async\" class=\"alignleft wp-image-674\" src=\"https:\/\/lottomat.com\/wp-content\/uploads\/2025\/03\/German-Lotto-300x300.png\" alt=\"German Lotto\" width=\"130\" height=\"130\" srcset=\"https:\/\/lottomat.com\/wp-content\/uploads\/2025\/03\/German-Lotto-300x300.png 300w, https:\/\/lottomat.com\/wp-content\/uploads\/2025\/03\/German-Lotto-150x150.png 150w, https:\/\/lottomat.com\/wp-content\/uploads\/2025\/03\/German-Lotto-100x100.png 100w, https:\/\/lottomat.com\/wp-content\/uploads\/2025\/03\/German-Lotto.png 400w\" sizes=\"auto, (max-width: 130px) 100vw, 130px\" \/>Das Deutsche Lotto, auch bekannt als Lotto 6aus49, ist eine der bekanntesten Lotterien Europas. Hier finden Sie alle wichtigen Informationen zur Teilnahme an dieser spannenden deutschen Lotterie mit gro\u00dfartigen Gewinnchancen.<\/p>\n<p>Wussten Sie, dass das Deutsche Lotto eine der \u00e4ltesten europ\u00e4ischen Lotterien ist und die erste Ziehung am 9. Oktober 1955 stattfand? Das Spiel besteht seit \u00fcber einem halben Jahrhundert und wird derzeit vom Deutschen Lotto- und Totoblock betrieben, einem Konsortium aus 16 Lotteriegesellschaften in Deutschland.<\/p>\n<p>Die Struktur ist besonders interessant, da sich die einzelnen Lotterien mit der Leitung abwechseln und alle drei Jahre einer von ihnen die Leitung der Gruppe \u00fcbernimmt.<br \/>\nAnfangs erfreute sich Lotto keiner gro\u00dfen Beliebtheit, und Ziehungen fanden nur selten statt. Die Ziehungen im deutschen Lotto fanden urspr\u00fcnglich einmal w\u00f6chentlich samstags statt, doch 1982 wurde eine zus\u00e4tzliche Ziehung mittwochs eingef\u00fchrt.<br \/>\nZu Beginn war die Spielmatrix 7\/38, d. h. man konnte 7 aus 38 Zahlen ausw\u00e4hlen. Im Juni 1986 wurde das heutige 6aus49-Format eingef\u00fchrt, und im Mai 2013 kam die Superzahl hinzu, die die Gewinnchancen deutlich von 1 zu 54 auf 1 zu 31 erh\u00f6hte.<\/p>\n<h2>\n<img loading=\"lazy\" decoding=\"async\" class=\"alignleft wp-image-703\" src=\"https:\/\/lottomat.com\/wp-content\/uploads\/2025\/03\/Advantages-of-Playing-Lotto-6aus49-Online-300x300.png\" alt=\"Vorteile des Online-Lottospiels 6aus49\" width=\"130\" height=\"130\" srcset=\"https:\/\/lottomat.com\/wp-content\/uploads\/2025\/03\/Advantages-of-Playing-Lotto-6aus49-Online-300x300.png 300w, https:\/\/lottomat.com\/wp-content\/uploads\/2025\/03\/Advantages-of-Playing-Lotto-6aus49-Online-150x150.png 150w, https:\/\/lottomat.com\/wp-content\/uploads\/2025\/03\/Advantages-of-Playing-Lotto-6aus49-Online-100x100.png 100w, https:\/\/lottomat.com\/wp-content\/uploads\/2025\/03\/Advantages-of-Playing-Lotto-6aus49-Online.png 400w\" sizes=\"auto, (max-width: 130px) 100vw, 130px\" \/>Vorteile des Online-Lottospiels 6aus49<\/h2>\n<p>\u2013 Einer der gro\u00dfen Vorteile des <a href=\"https:\/\/lottomat.com\/play\/lotto-6aus49\/\">deutschen Lottospiels<\/a> ist die bequeme M\u00f6glichkeit, rund um die Uhr spielen zu k\u00f6nnen. Rund um die Uhr, 365 Tage im Jahr, einfach mit einem Mobilger\u00e4t, Tablet oder Desktop-Computer \u2013 \u00fcberall auf der Welt.<br \/>\n\u2013 Auch wer nicht in Deutschland wohnt, hat die Chance, \u00fcber Online-Plattformen wie Lottomat.com von \u00fcberall auf der Welt an dieser verlockenden Lotterie mit ihren hohen Jackpots teilzunehmen.<br \/>\n\u2013 Tickets k\u00f6nnen direkt bei autorisierten H\u00e4ndlern erworben werden, was eine echte Teilnahme garantiert.<br \/>\n\u2013 Spieler k\u00f6nnen ein gescanntes echtes Ticket in ihrem Konto einsehen. Gewinne bis zu 2.500 \u20ac werden sofort nach Ver\u00f6ffentlichung der offiziellen Ergebnisse gutgeschrieben.<br \/>\n\u2013 Es gibt au\u00dferdem eine Datenbank mit allen durchgef\u00fchrten Transaktionen und die Aufbewahrung der gekauften Tickets, um Verlust oder Vergessen zu vermeiden.<br \/>\n\u2013 Sie erhalten zeitnahe Benachrichtigungen \u00fcber alle Ziehungen, damit Sie keine Chance zur Teilnahme verpassen.<br \/>\n\u2013 Es steht Ihnen eine gro\u00dfe Auswahl an Zahlungsmethoden sowie Ein- und Auszahlungen zur Verf\u00fcgung.<br \/>\nWie Sie sehen, ist es ganz einfach. Warten Sie also nicht l\u00e4nger und er\u00f6ffnen Sie ein sicheres Spielerkonto. Die aktuellen Pandemiebeschr\u00e4nkungen hindern Sie nicht daran, sicher und systematisch Deutsches Lotto zu spielen.<\/p>\n<h2>\n<img loading=\"lazy\" decoding=\"async\" class=\"alignleft wp-image-732\" src=\"https:\/\/lottomat.com\/wp-content\/uploads\/2025\/03\/Chances-of-Winning-a-Prize-in-German-Lotto-300x300.png\" alt=\"Gewinnchancen im Deutschen Lotto\" width=\"130\" height=\"130\" srcset=\"https:\/\/lottomat.com\/wp-content\/uploads\/2025\/03\/Chances-of-Winning-a-Prize-in-German-Lotto-300x300.png 300w, https:\/\/lottomat.com\/wp-content\/uploads\/2025\/03\/Chances-of-Winning-a-Prize-in-German-Lotto-150x150.png 150w, https:\/\/lottomat.com\/wp-content\/uploads\/2025\/03\/Chances-of-Winning-a-Prize-in-German-Lotto-100x100.png 100w, https:\/\/lottomat.com\/wp-content\/uploads\/2025\/03\/Chances-of-Winning-a-Prize-in-German-Lotto.png 400w\" sizes=\"auto, (max-width: 130px) 100vw, 130px\" \/>Gewinnchancen im Deutschen Lotto<\/h2>\n<p>In der folgenden Tabelle finden Sie die durchschnittlichen Gewinnbetr\u00e4ge in jeder Kategorie sowie die statistische Wahrscheinlichkeit, den Jackpot oder einen der anderen Preise in den verbleibenden acht Kategorien zu gewinnen.<br \/>\nUm zu sehen, ob Sie im Lotto 6aus49 gewonnen haben, vergleichen Sie einfach Ihre Losnummern mit den auf Lottomat angezeigten <a href=\"https:\/\/lottomat.com\/results\/lotto-6aus49\/\">Gewinnzahlen des Deutschen Lottos<\/a>.<\/p>\n<p>Wenn Sie in einer der im Deutschen Lotto aufgef\u00fchrten Kategorien gewinnen, wird der Gewinn automatisch Ihrem Konto gutgeschrieben.<\/p>\n<h2>\n<img loading=\"lazy\" decoding=\"async\" class=\"alignleft wp-image-761\" src=\"https:\/\/lottomat.com\/wp-content\/uploads\/2025\/03\/Lotto-6aus49-Jackpot-300x300.png\" alt=\"Lotto 6aus49 Jackpot\" width=\"130\" height=\"130\" srcset=\"https:\/\/lottomat.com\/wp-content\/uploads\/2025\/03\/Lotto-6aus49-Jackpot-300x300.png 300w, https:\/\/lottomat.com\/wp-content\/uploads\/2025\/03\/Lotto-6aus49-Jackpot-150x150.png 150w, https:\/\/lottomat.com\/wp-content\/uploads\/2025\/03\/Lotto-6aus49-Jackpot-100x100.png 100w, https:\/\/lottomat.com\/wp-content\/uploads\/2025\/03\/Lotto-6aus49-Jackpot.png 400w\" sizes=\"auto, (max-width: 130px) 100vw, 130px\" \/>Verhalten des Lotto 6aus49 Jackpots<\/h2>\n<p>Gem\u00e4\u00df den offiziellen Lotterieregeln kann der Jackpot in der ersten Kategorie nur gewonnen werden, wenn Sie alle sechs Zahlen plus die Superzahl richtig tippen. Ein Jackpot entsteht, wenn es in der ersten Gewinnklasse einer Ziehung keinen Gewinner gibt. Die geplanten Gewinne werden dann in den Jackpot der n\u00e4chsten Ziehung \u00fcbertragen, sodass dieser von Ziehung zu Ziehung w\u00e4chst. Seit dem 1.1.2009 ist das Jackpot-Wachstum auf 12 aufeinanderfolgende Ziehungen begrenzt. Sollte in der 13. Ziehung niemand den Jackpot knacken, wird der Jackpot zwangsweise auf die n\u00e4chste Gewinnklasse verteilt.<\/p>\n<h2>\n<img loading=\"lazy\" decoding=\"async\" class=\"alignleft wp-image-790\" src=\"https:\/\/lottomat.com\/wp-content\/uploads\/2025\/03\/Record-Jackpot-in-German-Lotto-300x300.png\" alt=\"Rekordjackpot im Deutschen Lotto\" width=\"130\" height=\"130\" srcset=\"https:\/\/lottomat.com\/wp-content\/uploads\/2025\/03\/Record-Jackpot-in-German-Lotto-300x300.png 300w, https:\/\/lottomat.com\/wp-content\/uploads\/2025\/03\/Record-Jackpot-in-German-Lotto-150x150.png 150w, https:\/\/lottomat.com\/wp-content\/uploads\/2025\/03\/Record-Jackpot-in-German-Lotto-100x100.png 100w, https:\/\/lottomat.com\/wp-content\/uploads\/2025\/03\/Record-Jackpot-in-German-Lotto.png 400w\" sizes=\"auto, (max-width: 130px) 100vw, 130px\" \/>Rekordjackpot im Deutschen Lotto<\/h2>\n<p>Das Deutsche Lotto bietet einige der h\u00f6chsten Jackpots Europas. Der gr\u00f6\u00dfte deutsche Lotto-Jackpot aller Zeiten wurde am 5. Dezember 2007 geknackt. Nach 13 Ziehungen ohne Gewinner tippte ein gl\u00fccklicher Spieler die Zahlen 28, 30, 31, 34, 41 und 48 richtig und gewann \u00fcber 45,4 Millionen Euro! Der h\u00f6chste Jackpot wurde ein Jahr nach dem zweiten Jackpot aller Zeiten geknackt. Am 7. Oktober 2007, nach 12 Ziehungen ohne Gewinner,Der Hauptpreis in H\u00f6he von 37,7 Millionen Euro wurde gewonnen. Die gezogenen Zahlen waren: 28, 30, 31, 34, 41, 48.<\/p>\n","protected":false},"excerpt":{"rendered":"<p>Das Deutsche Lotto, auch bekannt als Lotto 6aus49, ist eine der bekanntesten Lotterien Europas. Hier finden Sie alle wichtigen Informationen zur Teilnahme an dieser spannenden deutschen Lotterie mit gro\u00dfartigen Gewinnchancen. Wussten Sie, dass das Deutsche Lotto eine der \u00e4ltesten europ\u00e4ischen Lotterien ist und die erste Ziehung am 9. Oktober 1955 stattfand? Das Spiel besteht seit [&hellip;]<\/p>\n","protected":false},"author":2,"featured_media":0,"parent":6865,"menu_order":13,"comment_status":"closed","ping_status":"closed","template":"lotto-german-info.php","meta":{"_et_pb_use_builder":"","_et_pb_old_content":"","_et_gb_content_width":"","exclude_from_search":false,"footnotes":""},"class_list":["post-8902","page","type-page","status-publish","hentry"],"yoast_head":"<!-- This site is optimized with the Yoast SEO plugin v23.8 - https:\/\/yoast.com\/wordpress\/plugins\/seo\/ -->\n<title>Informationen zum deutschen Lotto - Lottomat<\/title>\n<meta name=\"description\" content=\"Hier finden Sie alle wichtigen Informationen zur Teilnahme an dieser spannenden deutschen Lotterie mit tollen Gewinnchancen. Lottomat - Lotto 6aus49\" \/>\n<meta name=\"robots\" content=\"index, follow, max-snippet:-1, max-image-preview:large, max-video-preview:-1\" \/>\n<link rel=\"canonical\" href=\"https:\/\/lottomat.com\/de\/lotterie\/lotto-6aus49\/\" \/>\n<meta property=\"og:locale\" content=\"de_DE\" \/>\n<meta property=\"og:type\" content=\"article\" \/>\n<meta property=\"og:title\" content=\"Informationen zum deutschen Lotto - Lottomat\" \/>\n<meta property=\"og:description\" content=\"Hier finden Sie alle wichtigen Informationen zur Teilnahme an dieser spannenden deutschen Lotterie mit tollen Gewinnchancen. Lottomat - Lotto 6aus49\" \/>\n<meta property=\"og:url\" content=\"https:\/\/lottomat.com\/de\/lotterie\/lotto-6aus49\/\" \/>\n<meta property=\"og:site_name\" content=\"Lottomat\" \/>\n<meta property=\"article:modified_time\" content=\"2025-04-08T09:25:12+00:00\" \/>\n<meta property=\"og:image\" content=\"https:\/\/lottomat.com\/wp-content\/uploads\/2025\/03\/German-Lotto-300x300.png\" \/>\n<meta name=\"twitter:card\" content=\"summary_large_image\" \/>\n<meta name=\"twitter:label1\" content=\"Gesch\u00e4tzte Lesezeit\" \/>\n\t<meta name=\"twitter:data1\" content=\"3\u00a0Minuten\" \/>\n<script type=\"application\/ld+json\" class=\"yoast-schema-graph\">{\"@context\":\"https:\/\/schema.org\",\"@graph\":[{\"@type\":\"WebPage\",\"@id\":\"https:\/\/lottomat.com\/de\/lotterie\/lotto-6aus49\/\",\"url\":\"https:\/\/lottomat.com\/de\/lotterie\/lotto-6aus49\/\",\"name\":\"Informationen zum deutschen Lotto - Lottomat\",\"isPartOf\":{\"@id\":\"https:\/\/lottomat.com\/de\/#website\"},\"primaryImageOfPage\":{\"@id\":\"https:\/\/lottomat.com\/de\/lotterie\/lotto-6aus49\/#primaryimage\"},\"image\":{\"@id\":\"https:\/\/lottomat.com\/de\/lotterie\/lotto-6aus49\/#primaryimage\"},\"thumbnailUrl\":\"https:\/\/lottomat.com\/wp-content\/uploads\/2025\/03\/German-Lotto-300x300.png\",\"datePublished\":\"2025-03-26T14:35:29+00:00\",\"dateModified\":\"2025-04-08T09:25:12+00:00\",\"description\":\"Hier finden Sie alle wichtigen Informationen zur Teilnahme an dieser spannenden deutschen Lotterie mit tollen Gewinnchancen. Lottomat - Lotto 6aus49\",\"breadcrumb\":{\"@id\":\"https:\/\/lottomat.com\/de\/lotterie\/lotto-6aus49\/#breadcrumb\"},\"inLanguage\":\"de\",\"potentialAction\":[{\"@type\":\"ReadAction\",\"target\":[\"https:\/\/lottomat.com\/de\/lotterie\/lotto-6aus49\/\"]}]},{\"@type\":\"ImageObject\",\"inLanguage\":\"de\",\"@id\":\"https:\/\/lottomat.com\/de\/lotterie\/lotto-6aus49\/#primaryimage\",\"url\":\"https:\/\/lottomat.com\/wp-content\/uploads\/2025\/03\/German-Lotto-300x300.png\",\"contentUrl\":\"https:\/\/lottomat.com\/wp-content\/uploads\/2025\/03\/German-Lotto-300x300.png\"},{\"@type\":\"BreadcrumbList\",\"@id\":\"https:\/\/lottomat.com\/de\/lotterie\/lotto-6aus49\/#breadcrumb\",\"itemListElement\":[{\"@type\":\"ListItem\",\"position\":1,\"name\":\"Home\",\"item\":\"https:\/\/lottomat.com\/de\/\"},{\"@type\":\"ListItem\",\"position\":2,\"name\":\"Lotterie-Regeln: Preise, Jackpot &#038; Gewinnchancen\",\"item\":\"https:\/\/lottomat.com\/de\/lotterie\/\"},{\"@type\":\"ListItem\",\"position\":3,\"name\":\"Informationen zum deutschen Lotto\"}]},{\"@type\":\"WebSite\",\"@id\":\"https:\/\/lottomat.com\/de\/#website\",\"url\":\"https:\/\/lottomat.com\/de\/\",\"name\":\"Lottomat\",\"description\":\"\",\"potentialAction\":[{\"@type\":\"SearchAction\",\"target\":{\"@type\":\"EntryPoint\",\"urlTemplate\":\"https:\/\/lottomat.com\/de\/?s={search_term_string}\"},\"query-input\":{\"@type\":\"PropertyValueSpecification\",\"valueRequired\":true,\"valueName\":\"search_term_string\"}}],\"inLanguage\":\"de\"}]}<\/script>\n<!-- \/ Yoast SEO plugin. -->","yoast_head_json":{"title":"Informationen zum deutschen Lotto - Lottomat","description":"Hier finden Sie alle wichtigen Informationen zur Teilnahme an dieser spannenden deutschen Lotterie mit tollen Gewinnchancen. Lottomat - Lotto 6aus49","robots":{"index":"index","follow":"follow","max-snippet":"max-snippet:-1","max-image-preview":"max-image-preview:large","max-video-preview":"max-video-preview:-1"},"canonical":"https:\/\/lottomat.com\/de\/lotterie\/lotto-6aus49\/","og_locale":"de_DE","og_type":"article","og_title":"Informationen zum deutschen Lotto - Lottomat","og_description":"Hier finden Sie alle wichtigen Informationen zur Teilnahme an dieser spannenden deutschen Lotterie mit tollen Gewinnchancen. Lottomat - Lotto 6aus49","og_url":"https:\/\/lottomat.com\/de\/lotterie\/lotto-6aus49\/","og_site_name":"Lottomat","article_modified_time":"2025-04-08T09:25:12+00:00","og_image":[{"url":"https:\/\/lottomat.com\/wp-content\/uploads\/2025\/03\/German-Lotto-300x300.png"}],"twitter_card":"summary_large_image","twitter_misc":{"Gesch\u00e4tzte Lesezeit":"3\u00a0Minuten"},"schema":{"@context":"https:\/\/schema.org","@graph":[{"@type":"WebPage","@id":"https:\/\/lottomat.com\/de\/lotterie\/lotto-6aus49\/","url":"https:\/\/lottomat.com\/de\/lotterie\/lotto-6aus49\/","name":"Informationen zum deutschen Lotto - Lottomat","isPartOf":{"@id":"https:\/\/lottomat.com\/de\/#website"},"primaryImageOfPage":{"@id":"https:\/\/lottomat.com\/de\/lotterie\/lotto-6aus49\/#primaryimage"},"image":{"@id":"https:\/\/lottomat.com\/de\/lotterie\/lotto-6aus49\/#primaryimage"},"thumbnailUrl":"https:\/\/lottomat.com\/wp-content\/uploads\/2025\/03\/German-Lotto-300x300.png","datePublished":"2025-03-26T14:35:29+00:00","dateModified":"2025-04-08T09:25:12+00:00","description":"Hier finden Sie alle wichtigen Informationen zur Teilnahme an dieser spannenden deutschen Lotterie mit tollen Gewinnchancen. Lottomat - Lotto 6aus49","breadcrumb":{"@id":"https:\/\/lottomat.com\/de\/lotterie\/lotto-6aus49\/#breadcrumb"},"inLanguage":"de","potentialAction":[{"@type":"ReadAction","target":["https:\/\/lottomat.com\/de\/lotterie\/lotto-6aus49\/"]}]},{"@type":"ImageObject","inLanguage":"de","@id":"https:\/\/lottomat.com\/de\/lotterie\/lotto-6aus49\/#primaryimage","url":"https:\/\/lottomat.com\/wp-content\/uploads\/2025\/03\/German-Lotto-300x300.png","contentUrl":"https:\/\/lottomat.com\/wp-content\/uploads\/2025\/03\/German-Lotto-300x300.png"},{"@type":"BreadcrumbList","@id":"https:\/\/lottomat.com\/de\/lotterie\/lotto-6aus49\/#breadcrumb","itemListElement":[{"@type":"ListItem","position":1,"name":"Home","item":"https:\/\/lottomat.com\/de\/"},{"@type":"ListItem","position":2,"name":"Lotterie-Regeln: Preise, Jackpot &#038; Gewinnchancen","item":"https:\/\/lottomat.com\/de\/lotterie\/"},{"@type":"ListItem","position":3,"name":"Informationen zum deutschen Lotto"}]},{"@type":"WebSite","@id":"https:\/\/lottomat.com\/de\/#website","url":"https:\/\/lottomat.com\/de\/","name":"Lottomat","description":"","potentialAction":[{"@type":"SearchAction","target":{"@type":"EntryPoint","urlTemplate":"https:\/\/lottomat.com\/de\/?s={search_term_string}"},"query-input":{"@type":"PropertyValueSpecification","valueRequired":true,"valueName":"search_term_string"}}],"inLanguage":"de"}]}},"_links":{"self":[{"href":"https:\/\/lottomat.com\/de\/wp-json\/wp\/v2\/pages\/8902","targetHints":{"allow":["GET"]}}],"collection":[{"href":"https:\/\/lottomat.com\/de\/wp-json\/wp\/v2\/pages"}],"about":[{"href":"https:\/\/lottomat.com\/de\/wp-json\/wp\/v2\/types\/page"}],"author":[{"embeddable":true,"href":"https:\/\/lottomat.com\/de\/wp-json\/wp\/v2\/users\/2"}],"replies":[{"embeddable":true,"href":"https:\/\/lottomat.com\/de\/wp-json\/wp\/v2\/comments?post=8902"}],"version-history":[{"count":0,"href":"https:\/\/lottomat.com\/de\/wp-json\/wp\/v2\/pages\/8902\/revisions"}],"up":[{"embeddable":true,"href":"https:\/\/lottomat.com\/de\/wp-json\/wp\/v2\/pages\/6865"}],"wp:attachment":[{"href":"https:\/\/lottomat.com\/de\/wp-json\/wp\/v2\/media?parent=8902"}],"curies":[{"name":"wp","href":"https:\/\/api.w.org\/{rel}","templated":true}]}}