{"id":8831,"date":"2025-03-26T10:08:47","date_gmt":"2025-03-26T10:08:47","guid":{"rendered":"https:\/\/lottomat.net\/lotto-spielen\/spielen-sie-samstag-lotto-australien\/"},"modified":"2025-04-07T07:30:35","modified_gmt":"2025-04-07T07:30:35","slug":"saturday-lotto-au","status":"publish","type":"page","link":"https:\/\/lottomat.com\/de\/spielen\/saturday-lotto-au\/","title":{"rendered":"Spielen Sie Samstag Lotto Australien"},"content":{"rendered":"\n\n<div class=\"kk-star-ratings kksr-auto kksr-align-left kksr-valign-top\"\n    data-payload='{&quot;align&quot;:&quot;left&quot;,&quot;id&quot;:&quot;8831&quot;,&quot;slug&quot;:&quot;default&quot;,&quot;valign&quot;:&quot;top&quot;,&quot;ignore&quot;:&quot;&quot;,&quot;reference&quot;:&quot;auto&quot;,&quot;class&quot;:&quot;&quot;,&quot;count&quot;:&quot;0&quot;,&quot;legendonly&quot;:&quot;&quot;,&quot;readonly&quot;:&quot;&quot;,&quot;score&quot;:&quot;0&quot;,&quot;starsonly&quot;:&quot;&quot;,&quot;best&quot;:&quot;5&quot;,&quot;gap&quot;:&quot;5&quot;,&quot;greet&quot;:&quot;Rate this page&quot;,&quot;legend&quot;:&quot;0\\\/5 - (0 votes)&quot;,&quot;size&quot;:&quot;30&quot;,&quot;title&quot;:&quot;Spielen Sie Samstag Lotto Australien&quot;,&quot;width&quot;:&quot;0&quot;,&quot;_legend&quot;:&quot;{score}\\\/{best} - ({count} {votes})&quot;,&quot;font_factor&quot;:&quot;1.25&quot;}'>\n            \n<div class=\"kksr-stars\">\n    \n<div class=\"kksr-stars-inactive\">\n            <div class=\"kksr-star\" data-star=\"1\" style=\"padding-right: 5px\">\n            \n\n<div class=\"kksr-icon\" style=\"width: 30px; height: 30px;\"><\/div>\n        <\/div>\n            <div class=\"kksr-star\" data-star=\"2\" style=\"padding-right: 5px\">\n            \n\n<div class=\"kksr-icon\" style=\"width: 30px; height: 30px;\"><\/div>\n        <\/div>\n            <div class=\"kksr-star\" data-star=\"3\" style=\"padding-right: 5px\">\n            \n\n<div class=\"kksr-icon\" style=\"width: 30px; height: 30px;\"><\/div>\n        <\/div>\n            <div class=\"kksr-star\" data-star=\"4\" style=\"padding-right: 5px\">\n            \n\n<div class=\"kksr-icon\" style=\"width: 30px; height: 30px;\"><\/div>\n        <\/div>\n            <div class=\"kksr-star\" data-star=\"5\" style=\"padding-right: 5px\">\n            \n\n<div class=\"kksr-icon\" style=\"width: 30px; height: 30px;\"><\/div>\n        <\/div>\n    <\/div>\n    \n<div class=\"kksr-stars-active\" style=\"width: 0px;\">\n            <div class=\"kksr-star\" style=\"padding-right: 5px\">\n            \n\n<div class=\"kksr-icon\" style=\"width: 30px; height: 30px;\"><\/div>\n        <\/div>\n            <div class=\"kksr-star\" style=\"padding-right: 5px\">\n            \n\n<div class=\"kksr-icon\" style=\"width: 30px; height: 30px;\"><\/div>\n        <\/div>\n            <div class=\"kksr-star\" style=\"padding-right: 5px\">\n            \n\n<div class=\"kksr-icon\" style=\"width: 30px; height: 30px;\"><\/div>\n        <\/div>\n            <div class=\"kksr-star\" style=\"padding-right: 5px\">\n            \n\n<div class=\"kksr-icon\" style=\"width: 30px; height: 30px;\"><\/div>\n        <\/div>\n            <div class=\"kksr-star\" style=\"padding-right: 5px\">\n            \n\n<div class=\"kksr-icon\" style=\"width: 30px; height: 30px;\"><\/div>\n        <\/div>\n    <\/div>\n<\/div>\n                \n\n<div class=\"kksr-legend\" style=\"font-size: 24px;\">\n            <span class=\"kksr-muted\">Rate this page<\/span>\n    <\/div>\n    <\/div>\n<h2><img loading=\"lazy\" decoding=\"async\" class=\"alignleft wp-image-4745\" src=\"https:\/\/lottomat.com\/wp-content\/uploads\/2025\/03\/Discover-the-Australian-Saturday-Lotto-300x300.png\" alt=\"Entdecken Sie das australische Samstagslotto\" width=\"100\" height=\"100\" srcset=\"https:\/\/lottomat.com\/wp-content\/uploads\/2025\/03\/Discover-the-Australian-Saturday-Lotto-300x300.png 300w, https:\/\/lottomat.com\/wp-content\/uploads\/2025\/03\/Discover-the-Australian-Saturday-Lotto-150x150.png 150w, https:\/\/lottomat.com\/wp-content\/uploads\/2025\/03\/Discover-the-Australian-Saturday-Lotto-100x100.png 100w, https:\/\/lottomat.com\/wp-content\/uploads\/2025\/03\/Discover-the-Australian-Saturday-Lotto.png 400w\" sizes=\"auto, (max-width: 100px) 100vw, 100px\" \/>Entdecken Sie das australische Samstagslotto<\/h2>\n<p>Stellen Sie sich eine Welt vor, in der jeder Samstag die aufregende M\u00f6glichkeit bietet, Ihr Leben f\u00fcr immer zu ver\u00e4ndern. Willkommen beim australischen Samstagslotto, einer beliebten Tradition, die seit 1972 Million\u00e4re hervorbringt. Mit nur einem einfachen Los k\u00f6nnten Sie Tr\u00e4ume verwirklichen, die Sie nie f\u00fcr m\u00f6glich gehalten h\u00e4tten. Wir zeigen Ihnen, wie Sie ganz einfach an dieser aufregenden Lotterie teilnehmen k\u00f6nnen und welche unglaublichen Ver\u00e4nderungen ein Gewinn in Ihr Leben bringen k\u00f6nnte.<\/p>\n<h2><img loading=\"lazy\" decoding=\"async\" class=\"alignleft wp-image-4774\" src=\"https:\/\/lottomat.com\/wp-content\/uploads\/2025\/03\/How-to-Play-the-Australian-Saturday-Lotto-Online-300x300.png\" alt=\"So spielen Sie das australische Samstagslotto online\" width=\"100\" height=\"100\" srcset=\"https:\/\/lottomat.com\/wp-content\/uploads\/2025\/03\/How-to-Play-the-Australian-Saturday-Lotto-Online-300x300.png 300w, https:\/\/lottomat.com\/wp-content\/uploads\/2025\/03\/How-to-Play-the-Australian-Saturday-Lotto-Online-150x150.png 150w, https:\/\/lottomat.com\/wp-content\/uploads\/2025\/03\/How-to-Play-the-Australian-Saturday-Lotto-Online-100x100.png 100w, https:\/\/lottomat.com\/wp-content\/uploads\/2025\/03\/How-to-Play-the-Australian-Saturday-Lotto-Online.png 400w\" sizes=\"auto, (max-width: 100px) 100vw, 100px\" \/>So spielen Sie das australische Samstagslotto online<\/h2>\n<p>Das australische Samstagslotto zu spielen war noch nie so bequem. Dank Plattformen wie Lottomat k\u00f6nnen Sie Ihre Lose bequem von zu Hause aus online kaufen. Kein Anstehen mehr und keine Angst mehr, Ihr Los zu verlieren. W\u00e4hlen Sie Ihre Zahlen oder entscheiden Sie sich f\u00fcr eine Schnellauswahl, und mit wenigen Klicks sind Sie im Spiel.<\/p>\n<p>Der Vorgang ist unkompliziert und benutzerfreundlich. Registrieren Sie sich bei Lottomat, w\u00e4hlen Sie das australische Samstagslotto aus der Liste der verf\u00fcgbaren Lotterien und legen Sie fest, wie viele Tippreihen Sie spielen m\u00f6chten. Sobald Ihre Zahlung bearbeitet wurde, ist Ihr Los sicher in Ihrem Konto gespeichert und Sie k\u00f6nnen mit der n\u00e4chsten Ziehung gespannt sein.<\/p>\n<h2><img loading=\"lazy\" decoding=\"async\" class=\"alignleft wp-image-4803\" src=\"https:\/\/lottomat.com\/wp-content\/uploads\/2025\/03\/Winning-the-Australian-Saturday-Lotto-300x300.png\" alt=\"Gewinn im australischen Samstagslotto\" width=\"100\" height=\"100\" srcset=\"https:\/\/lottomat.com\/wp-content\/uploads\/2025\/03\/Winning-the-Australian-Saturday-Lotto-300x300.png 300w, https:\/\/lottomat.com\/wp-content\/uploads\/2025\/03\/Winning-the-Australian-Saturday-Lotto-150x150.png 150w, https:\/\/lottomat.com\/wp-content\/uploads\/2025\/03\/Winning-the-Australian-Saturday-Lotto-100x100.png 100w, https:\/\/lottomat.com\/wp-content\/uploads\/2025\/03\/Winning-the-Australian-Saturday-Lotto.png 400w\" sizes=\"auto, (max-width: 100px) 100vw, 100px\" \/>Ver\u00e4ndere dein Leben mit einem Gl\u00fcckslos<\/h2>\n<p>Ein Gewinn im australischen Samstagslotto bedeutet nicht nur Geld \u2013 sondern auch Freiheit und M\u00f6glichkeiten. Stellen Sie sich vor, Sie wachen auf und stellen fest, dass Ihrem Bankkonto pl\u00f6tzlich Millionen von Dollar gutgeschrieben wurden. Was w\u00fcrden Sie als Erstes tun? Die Welt bereisen, Ihr Traumhaus kaufen, ein Unternehmen gr\u00fcnden oder vielleicht Ihre Lieblingswohlt\u00e4tigkeitsorganisation unterst\u00fctzen?<\/p>\n<p>Die M\u00f6glichkeiten sind endlos und beginnen alle mit der Entscheidung zu spielen. Gl\u00fcck spielt zwar eine gro\u00dfe Rolle, aber regelm\u00e4\u00dfiges Spielen erh\u00f6ht Ihre Chancen auf den Jackpot. Viele Gewinner berichten, dass Best\u00e4ndigkeit ein Schl\u00fcsselfaktor f\u00fcr ihren Erfolg war. Wer regelm\u00e4\u00dfig spielt, h\u00e4lt seinen Traum nicht nur am Leben, sondern verfolgt ihn auch aktiv.<\/p>\n<h2><img loading=\"lazy\" decoding=\"async\" class=\"alignleft wp-image-4832\" src=\"https:\/\/lottomat.com\/wp-content\/uploads\/2025\/03\/The-Joy-of-Winning-300x300.png\" alt=\"Die Freude am Gewinnen\" width=\"100\" height=\"100\" srcset=\"https:\/\/lottomat.com\/wp-content\/uploads\/2025\/03\/The-Joy-of-Winning-300x300.png 300w, https:\/\/lottomat.com\/wp-content\/uploads\/2025\/03\/The-Joy-of-Winning-150x150.png 150w, https:\/\/lottomat.com\/wp-content\/uploads\/2025\/03\/The-Joy-of-Winning-100x100.png 100w, https:\/\/lottomat.com\/wp-content\/uploads\/2025\/03\/The-Joy-of-Winning.png 400w\" sizes=\"auto, (max-width: 100px) 100vw, 100px\" \/>Die Freude am Gewinnen: Echte Geschichten, echte Menschen<\/h2>\n<p>Das australische Samstagslotto hat schon immer aus ganz normalen Menschen au\u00dfergew\u00f6hnliche Erfolgsgeschichten gemacht. Von jungen Paaren, die ihr erstes Eigenheim kaufen, bis hin zu Rentnern, die sich eine sichere Zukunft sichern \u2013 die Freude am Gewinnen ist universell. Diese Geschichten zeugen von der lebensver\u00e4ndernden Wirkung dieser fantastischen Lotterie.<\/p>\n<p>Denken Sie an die Geschichte eines Kleinstadtlehrers, der einen betr\u00e4chtlichen Betrag gewann und damit ein Gemeindezentrum baute, oder an die alleinerziehende Mutter, die in die Ausbildung und Zukunft ihres Kindes investierte. Jeder Gewinner f\u00fcgt der Geschichte des australischen Samstagslottos ein einzigartiges Kapitel hinzu und beweist, dass Tr\u00e4ume wahr werden k\u00f6nnen.<\/p>\n<h3>Entdecken Sie eine Welt voller M\u00f6glichkeiten mit Lottomat<\/h3>\n<p>W\u00e4hrend das australische Samstagslotto unglaubliche Spannung bietet, \u00f6ffnet Lottomat Ihnen die T\u00fcr zu einer Welt voller Lotterien aus aller Welt. Ob Sie sich f\u00fcr die riesigen Jackpots des amerikanischen Powerballs oder die einzigartige Struktur der europ\u00e4ischen EuroMillionen interessieren \u2013 Lottomat macht es Ihnen leicht, an mehreren Lotterien teilzunehmen.<\/p>\n<p>Diese Vielfalt erm\u00f6glicht es Ihnen, Ihre Gewinnchancen zu diversifizieren und den Nervenkitzel internationaler Lotterien bequem von zu Hause aus zu erleben. Jede Lotterie hat ihren einzigartigen Charme und das Potenzial f\u00fcr lebensver\u00e4ndernde Gewinne, was jede Ziehung zu einem mit Spannung erwarteten Ereignis macht.<\/p>\n<h2><img loading=\"lazy\" decoding=\"async\" class=\"alignleft wp-image-4861\" src=\"https:\/\/lottomat.com\/wp-content\/uploads\/2025\/03\/Play-Today-Win-Tomorrow-300x300.png\" alt=\"Heute spielen, morgen gewinnen\" width=\"100\" height=\"100\" srcset=\"https:\/\/lottomat.com\/wp-content\/uploads\/2025\/03\/Play-Today-Win-Tomorrow-300x300.png 300w, https:\/\/lottomat.com\/wp-content\/uploads\/2025\/03\/Play-Today-Win-Tomorrow-150x150.png 150w, https:\/\/lottomat.com\/wp-content\/uploads\/2025\/03\/Play-Today-Win-Tomorrow-100x100.png 100w, https:\/\/lottomat.com\/wp-content\/uploads\/2025\/03\/Play-Today-Win-Tomorrow.png 400w\" sizes=\"auto, (max-width: 100px) 100vw, 100px\" \/>Heute spielen, morgen gewinnen<\/h2>\n<p>Der Weg zum Lottogewinn beginnt mit einem einzigen Schritt: dem Kauf eines Loses. Wenn Sie das australische Samstagslotto \u00fcber Lottomat spielen, kaufen Sie nicht nur eine Gewinnchance \u2013 Sie investieren in die M\u00f6glichkeit einer Zukunft voller Spannung, Freiheit und endloser M\u00f6glichkeiten.<\/p>\n<p>Worauf warten Sie also? Tauchen Sie ein in die Welt des australischen Samstagslottos und lassen Sie sich vom Nervenkitzel des Spiels inspirieren, um gr\u00f6\u00dfere Tr\u00e4ume zu haben. Denken Sie daran: Wer gewinnen will, muss erst spielen. Nutzen Sie die Chance, Ihr Leben zu ver\u00e4ndern und beginnen Sie Ihre Reise noch heute.<\/p>\n<p>Beachten Sie beim Entdecken der Vielzahl von Lotterien auf Lottomat Folgendes:<br \/>\nMit jedem Los kommen Sie Ihren Tr\u00e4umen einen Schritt n\u00e4her. Die Spannung der n\u00e4chsten Ziehung wartet und mit ihr das Potenzial, Ihr Leben f\u00fcr immer zu ver\u00e4ndern.<\/p>\n","protected":false},"excerpt":{"rendered":"<p>Entdecken Sie das australische Samstagslotto Stellen Sie sich eine Welt vor, in der jeder Samstag die aufregende M\u00f6glichkeit bietet, Ihr Leben f\u00fcr immer zu ver\u00e4ndern. Willkommen beim australischen Samstagslotto, einer beliebten Tradition, die seit 1972 Million\u00e4re hervorbringt. Mit nur einem einfachen Los k\u00f6nnten Sie Tr\u00e4ume verwirklichen, die Sie nie f\u00fcr m\u00f6glich gehalten h\u00e4tten. Wir zeigen [&hellip;]<\/p>\n","protected":false},"author":1,"featured_media":0,"parent":6772,"menu_order":18,"comment_status":"closed","ping_status":"closed","template":"saturday-lotto.php","meta":{"_et_pb_use_builder":"","_et_pb_old_content":"","_et_gb_content_width":"","exclude_from_search":false,"footnotes":""},"class_list":["post-8831","page","type-page","status-publish","hentry"],"yoast_head":"<!-- This site is optimized with the Yoast SEO plugin v23.8 - https:\/\/yoast.com\/wordpress\/plugins\/seo\/ -->\n<title>Spielen Sie Samstagslotto, Samstagslottoscheine, [6\/45] - Lottomat<\/title>\n<meta name=\"description\" content=\"Samstagslotto ist eine Lotterie, die neue Spieler anlockt! Nehmen Sie an einem Samstagslotto-Jackpot teil und werden Sie Million\u00e4r! Pr\u00fcfen Sie, wie einfach es ist.\" \/>\n<meta name=\"robots\" content=\"index, follow, max-snippet:-1, max-image-preview:large, max-video-preview:-1\" \/>\n<link rel=\"canonical\" href=\"https:\/\/lottomat.com\/de\/spielen\/saturday-lotto-au\/\" \/>\n<meta property=\"og:locale\" content=\"de_DE\" \/>\n<meta property=\"og:type\" content=\"article\" \/>\n<meta property=\"og:title\" content=\"Spielen Sie Samstagslotto, Samstagslottoscheine, [6\/45] - Lottomat\" \/>\n<meta property=\"og:description\" content=\"Samstagslotto ist eine Lotterie, die neue Spieler anlockt! Nehmen Sie an einem Samstagslotto-Jackpot teil und werden Sie Million\u00e4r! Pr\u00fcfen Sie, wie einfach es ist.\" \/>\n<meta property=\"og:url\" content=\"https:\/\/lottomat.com\/de\/spielen\/saturday-lotto-au\/\" \/>\n<meta property=\"og:site_name\" content=\"Lottomat\" \/>\n<meta property=\"article:modified_time\" content=\"2025-04-07T07:30:35+00:00\" \/>\n<meta property=\"og:image\" content=\"https:\/\/lottomat.com\/wp-content\/uploads\/2025\/03\/Discover-the-Australian-Saturday-Lotto-300x300.png\" \/>\n<meta name=\"twitter:card\" content=\"summary_large_image\" \/>\n<meta name=\"twitter:label1\" content=\"Gesch\u00e4tzte Lesezeit\" \/>\n\t<meta name=\"twitter:data1\" content=\"4\u00a0Minuten\" \/>\n<script type=\"application\/ld+json\" class=\"yoast-schema-graph\">{\"@context\":\"https:\/\/schema.org\",\"@graph\":[{\"@type\":\"WebPage\",\"@id\":\"https:\/\/lottomat.com\/de\/spielen\/saturday-lotto-au\/\",\"url\":\"https:\/\/lottomat.com\/de\/spielen\/saturday-lotto-au\/\",\"name\":\"Spielen Sie Samstagslotto, Samstagslottoscheine, [6\/45] - Lottomat\",\"isPartOf\":{\"@id\":\"https:\/\/lottomat.com\/de\/#website\"},\"primaryImageOfPage\":{\"@id\":\"https:\/\/lottomat.com\/de\/spielen\/saturday-lotto-au\/#primaryimage\"},\"image\":{\"@id\":\"https:\/\/lottomat.com\/de\/spielen\/saturday-lotto-au\/#primaryimage\"},\"thumbnailUrl\":\"https:\/\/lottomat.com\/wp-content\/uploads\/2025\/03\/Discover-the-Australian-Saturday-Lotto-300x300.png\",\"datePublished\":\"2025-03-26T10:08:47+00:00\",\"dateModified\":\"2025-04-07T07:30:35+00:00\",\"description\":\"Samstagslotto ist eine Lotterie, die neue Spieler anlockt! Nehmen Sie an einem Samstagslotto-Jackpot teil und werden Sie Million\u00e4r! Pr\u00fcfen Sie, wie einfach es ist.\",\"breadcrumb\":{\"@id\":\"https:\/\/lottomat.com\/de\/spielen\/saturday-lotto-au\/#breadcrumb\"},\"inLanguage\":\"de\",\"potentialAction\":[{\"@type\":\"ReadAction\",\"target\":[\"https:\/\/lottomat.com\/de\/spielen\/saturday-lotto-au\/\"]}]},{\"@type\":\"ImageObject\",\"inLanguage\":\"de\",\"@id\":\"https:\/\/lottomat.com\/de\/spielen\/saturday-lotto-au\/#primaryimage\",\"url\":\"https:\/\/lottomat.com\/wp-content\/uploads\/2025\/03\/Discover-the-Australian-Saturday-Lotto-300x300.png\",\"contentUrl\":\"https:\/\/lottomat.com\/wp-content\/uploads\/2025\/03\/Discover-the-Australian-Saturday-Lotto-300x300.png\"},{\"@type\":\"BreadcrumbList\",\"@id\":\"https:\/\/lottomat.com\/de\/spielen\/saturday-lotto-au\/#breadcrumb\",\"itemListElement\":[{\"@type\":\"ListItem\",\"position\":1,\"name\":\"Home\",\"item\":\"https:\/\/lottomat.com\/de\/\"},{\"@type\":\"ListItem\",\"position\":2,\"name\":\"Lotto Online Spielen\",\"item\":\"https:\/\/lottomat.com\/de\/spielen\/\"},{\"@type\":\"ListItem\",\"position\":3,\"name\":\"Spielen Sie Samstag Lotto Australien\"}]},{\"@type\":\"WebSite\",\"@id\":\"https:\/\/lottomat.com\/de\/#website\",\"url\":\"https:\/\/lottomat.com\/de\/\",\"name\":\"Lottomat\",\"description\":\"\",\"potentialAction\":[{\"@type\":\"SearchAction\",\"target\":{\"@type\":\"EntryPoint\",\"urlTemplate\":\"https:\/\/lottomat.com\/de\/?s={search_term_string}\"},\"query-input\":{\"@type\":\"PropertyValueSpecification\",\"valueRequired\":true,\"valueName\":\"search_term_string\"}}],\"inLanguage\":\"de\"}]}<\/script>\n<!-- \/ Yoast SEO plugin. -->","yoast_head_json":{"title":"Spielen Sie Samstagslotto, Samstagslottoscheine, [6\/45] - Lottomat","description":"Samstagslotto ist eine Lotterie, die neue Spieler anlockt! Nehmen Sie an einem Samstagslotto-Jackpot teil und werden Sie Million\u00e4r! Pr\u00fcfen Sie, wie einfach es ist.","robots":{"index":"index","follow":"follow","max-snippet":"max-snippet:-1","max-image-preview":"max-image-preview:large","max-video-preview":"max-video-preview:-1"},"canonical":"https:\/\/lottomat.com\/de\/spielen\/saturday-lotto-au\/","og_locale":"de_DE","og_type":"article","og_title":"Spielen Sie Samstagslotto, Samstagslottoscheine, [6\/45] - Lottomat","og_description":"Samstagslotto ist eine Lotterie, die neue Spieler anlockt! Nehmen Sie an einem Samstagslotto-Jackpot teil und werden Sie Million\u00e4r! Pr\u00fcfen Sie, wie einfach es ist.","og_url":"https:\/\/lottomat.com\/de\/spielen\/saturday-lotto-au\/","og_site_name":"Lottomat","article_modified_time":"2025-04-07T07:30:35+00:00","og_image":[{"url":"https:\/\/lottomat.com\/wp-content\/uploads\/2025\/03\/Discover-the-Australian-Saturday-Lotto-300x300.png"}],"twitter_card":"summary_large_image","twitter_misc":{"Gesch\u00e4tzte Lesezeit":"4\u00a0Minuten"},"schema":{"@context":"https:\/\/schema.org","@graph":[{"@type":"WebPage","@id":"https:\/\/lottomat.com\/de\/spielen\/saturday-lotto-au\/","url":"https:\/\/lottomat.com\/de\/spielen\/saturday-lotto-au\/","name":"Spielen Sie Samstagslotto, Samstagslottoscheine, [6\/45] - Lottomat","isPartOf":{"@id":"https:\/\/lottomat.com\/de\/#website"},"primaryImageOfPage":{"@id":"https:\/\/lottomat.com\/de\/spielen\/saturday-lotto-au\/#primaryimage"},"image":{"@id":"https:\/\/lottomat.com\/de\/spielen\/saturday-lotto-au\/#primaryimage"},"thumbnailUrl":"https:\/\/lottomat.com\/wp-content\/uploads\/2025\/03\/Discover-the-Australian-Saturday-Lotto-300x300.png","datePublished":"2025-03-26T10:08:47+00:00","dateModified":"2025-04-07T07:30:35+00:00","description":"Samstagslotto ist eine Lotterie, die neue Spieler anlockt! Nehmen Sie an einem Samstagslotto-Jackpot teil und werden Sie Million\u00e4r! Pr\u00fcfen Sie, wie einfach es ist.","breadcrumb":{"@id":"https:\/\/lottomat.com\/de\/spielen\/saturday-lotto-au\/#breadcrumb"},"inLanguage":"de","potentialAction":[{"@type":"ReadAction","target":["https:\/\/lottomat.com\/de\/spielen\/saturday-lotto-au\/"]}]},{"@type":"ImageObject","inLanguage":"de","@id":"https:\/\/lottomat.com\/de\/spielen\/saturday-lotto-au\/#primaryimage","url":"https:\/\/lottomat.com\/wp-content\/uploads\/2025\/03\/Discover-the-Australian-Saturday-Lotto-300x300.png","contentUrl":"https:\/\/lottomat.com\/wp-content\/uploads\/2025\/03\/Discover-the-Australian-Saturday-Lotto-300x300.png"},{"@type":"BreadcrumbList","@id":"https:\/\/lottomat.com\/de\/spielen\/saturday-lotto-au\/#breadcrumb","itemListElement":[{"@type":"ListItem","position":1,"name":"Home","item":"https:\/\/lottomat.com\/de\/"},{"@type":"ListItem","position":2,"name":"Lotto Online Spielen","item":"https:\/\/lottomat.com\/de\/spielen\/"},{"@type":"ListItem","position":3,"name":"Spielen Sie Samstag Lotto Australien"}]},{"@type":"WebSite","@id":"https:\/\/lottomat.com\/de\/#website","url":"https:\/\/lottomat.com\/de\/","name":"Lottomat","description":"","potentialAction":[{"@type":"SearchAction","target":{"@type":"EntryPoint","urlTemplate":"https:\/\/lottomat.com\/de\/?s={search_term_string}"},"query-input":{"@type":"PropertyValueSpecification","valueRequired":true,"valueName":"search_term_string"}}],"inLanguage":"de"}]}},"_links":{"self":[{"href":"https:\/\/lottomat.com\/de\/wp-json\/wp\/v2\/pages\/8831","targetHints":{"allow":["GET"]}}],"collection":[{"href":"https:\/\/lottomat.com\/de\/wp-json\/wp\/v2\/pages"}],"about":[{"href":"https:\/\/lottomat.com\/de\/wp-json\/wp\/v2\/types\/page"}],"author":[{"embeddable":true,"href":"https:\/\/lottomat.com\/de\/wp-json\/wp\/v2\/users\/1"}],"replies":[{"embeddable":true,"href":"https:\/\/lottomat.com\/de\/wp-json\/wp\/v2\/comments?post=8831"}],"version-history":[{"count":0,"href":"https:\/\/lottomat.com\/de\/wp-json\/wp\/v2\/pages\/8831\/revisions"}],"up":[{"embeddable":true,"href":"https:\/\/lottomat.com\/de\/wp-json\/wp\/v2\/pages\/6772"}],"wp:attachment":[{"href":"https:\/\/lottomat.com\/de\/wp-json\/wp\/v2\/media?parent=8831"}],"curies":[{"name":"wp","href":"https:\/\/api.w.org\/{rel}","templated":true}]}}