{"id":8761,"date":"2025-03-26T10:02:44","date_gmt":"2025-03-26T10:02:44","guid":{"rendered":"https:\/\/lottomat.net\/lotto-spielen\/spielen-sie-powerball-au\/"},"modified":"2025-04-07T07:29:53","modified_gmt":"2025-04-07T07:29:53","slug":"powerball-au","status":"publish","type":"page","link":"https:\/\/lottomat.com\/de\/spielen\/powerball-au\/","title":{"rendered":"Spielen Sie Powerball AU"},"content":{"rendered":"\n\n<div class=\"kk-star-ratings kksr-auto kksr-align-left kksr-valign-top\"\n    data-payload='{&quot;align&quot;:&quot;left&quot;,&quot;id&quot;:&quot;8761&quot;,&quot;slug&quot;:&quot;default&quot;,&quot;valign&quot;:&quot;top&quot;,&quot;ignore&quot;:&quot;&quot;,&quot;reference&quot;:&quot;auto&quot;,&quot;class&quot;:&quot;&quot;,&quot;count&quot;:&quot;0&quot;,&quot;legendonly&quot;:&quot;&quot;,&quot;readonly&quot;:&quot;&quot;,&quot;score&quot;:&quot;0&quot;,&quot;starsonly&quot;:&quot;&quot;,&quot;best&quot;:&quot;5&quot;,&quot;gap&quot;:&quot;5&quot;,&quot;greet&quot;:&quot;Rate this page&quot;,&quot;legend&quot;:&quot;0\\\/5 - (0 votes)&quot;,&quot;size&quot;:&quot;30&quot;,&quot;title&quot;:&quot;Spielen Sie Powerball AU&quot;,&quot;width&quot;:&quot;0&quot;,&quot;_legend&quot;:&quot;{score}\\\/{best} - ({count} {votes})&quot;,&quot;font_factor&quot;:&quot;1.25&quot;}'>\n            \n<div class=\"kksr-stars\">\n    \n<div class=\"kksr-stars-inactive\">\n            <div class=\"kksr-star\" data-star=\"1\" style=\"padding-right: 5px\">\n            \n\n<div class=\"kksr-icon\" style=\"width: 30px; height: 30px;\"><\/div>\n        <\/div>\n            <div class=\"kksr-star\" data-star=\"2\" style=\"padding-right: 5px\">\n            \n\n<div class=\"kksr-icon\" style=\"width: 30px; height: 30px;\"><\/div>\n        <\/div>\n            <div class=\"kksr-star\" data-star=\"3\" style=\"padding-right: 5px\">\n            \n\n<div class=\"kksr-icon\" style=\"width: 30px; height: 30px;\"><\/div>\n        <\/div>\n            <div class=\"kksr-star\" data-star=\"4\" style=\"padding-right: 5px\">\n            \n\n<div class=\"kksr-icon\" style=\"width: 30px; height: 30px;\"><\/div>\n        <\/div>\n            <div class=\"kksr-star\" data-star=\"5\" style=\"padding-right: 5px\">\n            \n\n<div class=\"kksr-icon\" style=\"width: 30px; height: 30px;\"><\/div>\n        <\/div>\n    <\/div>\n    \n<div class=\"kksr-stars-active\" style=\"width: 0px;\">\n            <div class=\"kksr-star\" style=\"padding-right: 5px\">\n            \n\n<div class=\"kksr-icon\" style=\"width: 30px; height: 30px;\"><\/div>\n        <\/div>\n            <div class=\"kksr-star\" style=\"padding-right: 5px\">\n            \n\n<div class=\"kksr-icon\" style=\"width: 30px; height: 30px;\"><\/div>\n        <\/div>\n            <div class=\"kksr-star\" style=\"padding-right: 5px\">\n            \n\n<div class=\"kksr-icon\" style=\"width: 30px; height: 30px;\"><\/div>\n        <\/div>\n            <div class=\"kksr-star\" style=\"padding-right: 5px\">\n            \n\n<div class=\"kksr-icon\" style=\"width: 30px; height: 30px;\"><\/div>\n        <\/div>\n            <div class=\"kksr-star\" style=\"padding-right: 5px\">\n            \n\n<div class=\"kksr-icon\" style=\"width: 30px; height: 30px;\"><\/div>\n        <\/div>\n    <\/div>\n<\/div>\n                \n\n<div class=\"kksr-legend\" style=\"font-size: 24px;\">\n            <span class=\"kksr-muted\">Rate this page<\/span>\n    <\/div>\n    <\/div>\n<h2><img loading=\"lazy\" decoding=\"async\" class=\"alignleft wp-image-4569\" src=\"https:\/\/lottomat.com\/wp-content\/uploads\/2025\/03\/Play-the-Australian-Powerball-Lottery-300x300.png\" alt=\"Spielen Sie die australische Powerball-Lotterie\" width=\"100\" height=\"100\" srcset=\"https:\/\/lottomat.com\/wp-content\/uploads\/2025\/03\/Play-the-Australian-Powerball-Lottery-300x300.png 300w, https:\/\/lottomat.com\/wp-content\/uploads\/2025\/03\/Play-the-Australian-Powerball-Lottery-150x150.png 150w, https:\/\/lottomat.com\/wp-content\/uploads\/2025\/03\/Play-the-Australian-Powerball-Lottery-100x100.png 100w, https:\/\/lottomat.com\/wp-content\/uploads\/2025\/03\/Play-the-Australian-Powerball-Lottery.png 400w\" sizes=\"auto, (max-width: 100px) 100vw, 100px\" \/>Spielen Sie die australische Powerball-Lotterie<\/h2>\n<p>Stellen Sie sich vor, Sie wachen eines Morgens auf und stellen fest, dass sich Ihr Leben f\u00fcr immer ver\u00e4ndert hat. Die australische Powerball-Lotterie bietet Ihnen die Chance, Ihre Tr\u00e4ume mit nur einem Los wahr werden zu lassen. Mit ihren riesigen Jackpots und spannenden Ziehungen ist Powerball eine der aufregendsten Lotterien \u00fcberhaupt. Hier erfahren Sie, warum Sie sich f\u00fcr den Kauf eines Loses entscheiden sollten und wie einfach es online ist.<\/p>\n<h2><img loading=\"lazy\" decoding=\"async\" class=\"alignleft wp-image-4598\" src=\"https:\/\/lottomat.com\/wp-content\/uploads\/2025\/03\/Why-Play-the-Australian-Powerball-2-300x300.png\" alt=\"Warum australischen Powerball spielen?\" width=\"100\" height=\"100\" srcset=\"https:\/\/lottomat.com\/wp-content\/uploads\/2025\/03\/Why-Play-the-Australian-Powerball-2-300x300.png 300w, https:\/\/lottomat.com\/wp-content\/uploads\/2025\/03\/Why-Play-the-Australian-Powerball-2-150x150.png 150w, https:\/\/lottomat.com\/wp-content\/uploads\/2025\/03\/Why-Play-the-Australian-Powerball-2-100x100.png 100w, https:\/\/lottomat.com\/wp-content\/uploads\/2025\/03\/Why-Play-the-Australian-Powerball-2.png 400w\" sizes=\"auto, (max-width: 100px) 100vw, 100px\" \/>Warum australischen Powerball spielen?<\/h2>\n<p>Die australische Powerball-Lotterie ist bekannt f\u00fcr ihre enormen Jackpots, mit denen Sie lebensver\u00e4ndernde Summen gewinnen k\u00f6nnen. Ob Sie von einer Weltreise, dem Kauf Ihres Traumhauses oder der Unterst\u00fctzung Ihrer Lieblingsprojekte tr\u00e4umen \u2013 Powerball macht es m\u00f6glich. Die Spannung jeder Ziehung l\u00e4sst die Spieler Woche f\u00fcr Woche wiederkommen, in der Hoffnung, den Jackpot zu knacken.<\/p>\n<p>Powerball zu spielen ist ganz einfach. W\u00e4hlen Sie pro Spiel sieben Zahlen von 1 bis 35 und eine Powerball-Zahl von 1 bis 20. Wenn Sie alle Zahlen richtig haben, k\u00f6nnten Sie der n\u00e4chste gro\u00dfe Gewinner sein! Die Einfachheit und der Nervenkitzel der Ziehung machen Powerball f\u00fcr viele zu einem unwiderstehlichen Spiel.<\/p>\n<h2><img loading=\"lazy\" decoding=\"async\" class=\"alignleft wp-image-4627\" src=\"https:\/\/lottomat.com\/wp-content\/uploads\/2025\/03\/How-to-Buy-Your-Ticket-Online-300x300.png\" alt=\"So kaufen Sie Ihr Los online\" width=\"100\" height=\"100\" srcset=\"https:\/\/lottomat.com\/wp-content\/uploads\/2025\/03\/How-to-Buy-Your-Ticket-Online-300x300.png 300w, https:\/\/lottomat.com\/wp-content\/uploads\/2025\/03\/How-to-Buy-Your-Ticket-Online-150x150.png 150w, https:\/\/lottomat.com\/wp-content\/uploads\/2025\/03\/How-to-Buy-Your-Ticket-Online-100x100.png 100w, https:\/\/lottomat.com\/wp-content\/uploads\/2025\/03\/How-to-Buy-Your-Ticket-Online.png 400w\" sizes=\"auto, (max-width: 100px) 100vw, 100px\" \/>So kaufen Sie Ihr Los online<\/h2>\n<p>Der Online-Kauf Ihres Powerball-Loses war noch nie so einfach. Mit nur wenigen Klicks k\u00f6nnen Sie die Spannung und Vorfreude auf die n\u00e4chste gro\u00dfe Ziehung miterleben. Unsere Plattform Lottomat bietet Ihnen ein nahtloses Erlebnis: W\u00e4hlen Sie Ihre Zahlen, kaufen Sie Ihr Los und sehen Sie sich die Ergebnisse an \u2013 alles bequem von zu Hause aus.<\/p>\n<p>Erstellen Sie ein Konto, w\u00e4hlen Sie Ihre Zahlen und schon k\u00f6nnen Sie spielen. Unsere sicheren Zahlungsoptionen gew\u00e4hrleisten eine sichere und unkomplizierte Transaktion. Zus\u00e4tzlich erhalten Sie Benachrichtigungen \u00fcber Ihre Gewinne, sodass Sie nie wieder einen Preis verpassen.<\/p>\n<h2><img loading=\"lazy\" decoding=\"async\" class=\"alignleft wp-image-4656\" src=\"https:\/\/lottomat.com\/wp-content\/uploads\/2025\/03\/Transform-Your-Life-with-a-Powerball-Win-300x300.png\" alt=\"Verwandeln Sie Ihr Leben mit einem Powerball-Gewinn\" width=\"100\" height=\"100\" srcset=\"https:\/\/lottomat.com\/wp-content\/uploads\/2025\/03\/Transform-Your-Life-with-a-Powerball-Win-300x300.png 300w, https:\/\/lottomat.com\/wp-content\/uploads\/2025\/03\/Transform-Your-Life-with-a-Powerball-Win-150x150.png 150w, https:\/\/lottomat.com\/wp-content\/uploads\/2025\/03\/Transform-Your-Life-with-a-Powerball-Win-100x100.png 100w, https:\/\/lottomat.com\/wp-content\/uploads\/2025\/03\/Transform-Your-Life-with-a-Powerball-Win.png 400w\" sizes=\"auto, (max-width: 100px) 100vw, 100px\" \/>Verwandeln Sie Ihr Leben mit einem Powerball-Gewinn<\/h2>\n<p>Ein Powerball-Gewinn kann Ihr Leben grundlegend ver\u00e4ndern. Stellen Sie sich die Freiheit und die M\u00f6glichkeiten vor, die ein so gro\u00dfer finanzieller Gl\u00fccksfall mit sich bringt. Von luxuri\u00f6sen Urlauben bis hin zum Aufbau einer sicheren Zukunft f\u00fcr Ihre Familie \u2013 die M\u00f6glichkeiten sind endlos. Die Geschichten fr\u00fcherer Gewinner sind voller Freude und Begeisterung und zeugen vom lebensver\u00e4ndernden Potenzial der Powerball-Lotterie.<\/p>\n<p>Regelm\u00e4\u00dfiges Spielen erh\u00f6ht au\u00dferdem Ihre Gewinnchancen. Indem Sie an jeder Ziehung teilnehmen, halten Sie Ihren Traum Woche f\u00fcr Woche am Leben. Viele Gewinner f\u00fchren ihren Erfolg auf regelm\u00e4\u00dfiges Spielen zur\u00fcck. Warum also nicht Powerball zu einem Teil Ihrer Routine machen?<\/p>\n<h2><img loading=\"lazy\" decoding=\"async\" class=\"alignleft wp-image-4685\" src=\"https:\/\/lottomat.com\/wp-content\/uploads\/2025\/03\/Lotteries-on-Lottomat-300x300.png\" alt=\"Lotterien auf Lottomat\" width=\"100\" height=\"100\" srcset=\"https:\/\/lottomat.com\/wp-content\/uploads\/2025\/03\/Lotteries-on-Lottomat-300x300.png 300w, https:\/\/lottomat.com\/wp-content\/uploads\/2025\/03\/Lotteries-on-Lottomat-150x150.png 150w, https:\/\/lottomat.com\/wp-content\/uploads\/2025\/03\/Lotteries-on-Lottomat-100x100.png 100w, https:\/\/lottomat.com\/wp-content\/uploads\/2025\/03\/Lotteries-on-Lottomat.png 400w\" sizes=\"auto, (max-width: 100px) 100vw, 100px\" \/>Entdecken Sie weitere Lotterien auf Lottomat<\/h2>\n<p>Der australische Powerball ist eine fantastische Wahl, aber Lottomat bietet eine gro\u00dfe Auswahl an Lotterien aus aller Welt. Jede bietet Ihnen die einzigartige Chance, einen betr\u00e4chtlichen Betrag zu gewinnen. Indem Sie an mehreren Lotterien teilnehmen, erh\u00f6hen Sie Ihre Chancen auf den Jackpot. Ob amerikanische Mega Millions oder EuroMillionen \u2013 f\u00fcr jeden ist das passende Spiel dabei.<\/p>\n<p>Unsere Plattform macht es Ihnen leicht, verschiedene Lotterien zu entdecken und zu spielen. Mit detaillierten Informationen und Anleitungen zu jedem Spiel k\u00f6nnen Sie fundierte Entscheidungen treffen, wo Sie Ihr Gl\u00fcck als N\u00e4chstes versuchen m\u00f6chten.<\/p>\n<h2><img loading=\"lazy\" decoding=\"async\" class=\"alignleft wp-image-4714\" src=\"https:\/\/lottomat.com\/wp-content\/uploads\/2025\/03\/Australian-Powerball-Lottery-300x300.png\" alt=\"Australian Powerball Lottery\" width=\"100\" height=\"100\" srcset=\"https:\/\/lottomat.com\/wp-content\/uploads\/2025\/03\/Australian-Powerball-Lottery-300x300.png 300w, https:\/\/lottomat.com\/wp-content\/uploads\/2025\/03\/Australian-Powerball-Lottery-150x150.png 150w, https:\/\/lottomat.com\/wp-content\/uploads\/2025\/03\/Australian-Powerball-Lottery-100x100.png 100w, https:\/\/lottomat.com\/wp-content\/uploads\/2025\/03\/Australian-Powerball-Lottery.png 400w\" sizes=\"auto, (max-width: 100px) 100vw, 100px\" \/>Fazit<\/h2>\n<p>Die australische Powerball-Lotterie ist mehr als nur ein Spiel \u2013 sie er\u00f6ffnet Ihnen eine Welt voller M\u00f6glichkeiten. Mit ihren enormen Jackpots und dem einfachen Online-Zugang \u00fcber Lottomat gibt es keinen Grund, sie nicht auszuprobieren. Denken Sie daran: Wer gro\u00df gewinnen will, muss spielen. Regelm\u00e4\u00dfigkeit ist der Schl\u00fcssel, und mit der gro\u00dfen Auswahl an internationalen Lotterien sind Ihre Gewinnchancen besser denn je.<\/p>\n<p>Worauf warten Sie also noch? Entdecken Sie den Nervenkitzel der australischen Powerball-Lotterie und anderer internationaler Lotterien. Ihr Traumleben k\u00f6nnte nur einen Katzensprung entfernt sein. Werden Sie Teil der Millionen von Spielern und Gewinnern und sehen Sie, wohin Ihr Gl\u00fcck Sie f\u00fchrt!<\/p>\n","protected":false},"excerpt":{"rendered":"<p>Spielen Sie die australische Powerball-Lotterie Stellen Sie sich vor, Sie wachen eines Morgens auf und stellen fest, dass sich Ihr Leben f\u00fcr immer ver\u00e4ndert hat. Die australische Powerball-Lotterie bietet Ihnen die Chance, Ihre Tr\u00e4ume mit nur einem Los wahr werden zu lassen. Mit ihren riesigen Jackpots und spannenden Ziehungen ist Powerball eine der aufregendsten Lotterien [&hellip;]<\/p>\n","protected":false},"author":1,"featured_media":0,"parent":6772,"menu_order":17,"comment_status":"closed","ping_status":"closed","template":"powerball-au.php","meta":{"_et_pb_use_builder":"","_et_pb_old_content":"","_et_gb_content_width":"","exclude_from_search":false,"footnotes":""},"class_list":["post-8761","page","type-page","status-publish","hentry"],"yoast_head":"<!-- This site is optimized with the Yoast SEO plugin v23.8 - https:\/\/yoast.com\/wordpress\/plugins\/seo\/ -->\n<title>Spielen Sie Powerball AU, Powerball AU-Tickets online - Lottomat<\/title>\n<meta name=\"description\" content=\"Die Powerball AU-Lotterie ist eine australische Megalotterie und Sie k\u00f6nnen sie ab sofort auch auf der LottoMat-Website spielen! Spielen Sie jetzt online.\" \/>\n<meta name=\"robots\" content=\"index, follow, max-snippet:-1, max-image-preview:large, max-video-preview:-1\" \/>\n<link rel=\"canonical\" href=\"https:\/\/lottomat.com\/de\/spielen\/powerball-au\/\" \/>\n<meta property=\"og:locale\" content=\"de_DE\" \/>\n<meta property=\"og:type\" content=\"article\" \/>\n<meta property=\"og:title\" content=\"Spielen Sie Powerball AU, Powerball AU-Tickets online - Lottomat\" \/>\n<meta property=\"og:description\" content=\"Die Powerball AU-Lotterie ist eine australische Megalotterie und Sie k\u00f6nnen sie ab sofort auch auf der LottoMat-Website spielen! Spielen Sie jetzt online.\" \/>\n<meta property=\"og:url\" content=\"https:\/\/lottomat.com\/de\/spielen\/powerball-au\/\" \/>\n<meta property=\"og:site_name\" content=\"Lottomat\" \/>\n<meta property=\"article:modified_time\" content=\"2025-04-07T07:29:53+00:00\" \/>\n<meta property=\"og:image\" content=\"https:\/\/lottomat.com\/wp-content\/uploads\/2025\/03\/Play-the-Australian-Powerball-Lottery-300x300.png\" \/>\n<meta name=\"twitter:card\" content=\"summary_large_image\" \/>\n<meta name=\"twitter:label1\" content=\"Gesch\u00e4tzte Lesezeit\" \/>\n\t<meta name=\"twitter:data1\" content=\"3\u00a0Minuten\" \/>\n<script type=\"application\/ld+json\" class=\"yoast-schema-graph\">{\"@context\":\"https:\/\/schema.org\",\"@graph\":[{\"@type\":\"WebPage\",\"@id\":\"https:\/\/lottomat.com\/de\/spielen\/powerball-au\/\",\"url\":\"https:\/\/lottomat.com\/de\/spielen\/powerball-au\/\",\"name\":\"Spielen Sie Powerball AU, Powerball AU-Tickets online - Lottomat\",\"isPartOf\":{\"@id\":\"https:\/\/lottomat.com\/de\/#website\"},\"primaryImageOfPage\":{\"@id\":\"https:\/\/lottomat.com\/de\/spielen\/powerball-au\/#primaryimage\"},\"image\":{\"@id\":\"https:\/\/lottomat.com\/de\/spielen\/powerball-au\/#primaryimage\"},\"thumbnailUrl\":\"https:\/\/lottomat.com\/wp-content\/uploads\/2025\/03\/Play-the-Australian-Powerball-Lottery-300x300.png\",\"datePublished\":\"2025-03-26T10:02:44+00:00\",\"dateModified\":\"2025-04-07T07:29:53+00:00\",\"description\":\"Die Powerball AU-Lotterie ist eine australische Megalotterie und Sie k\u00f6nnen sie ab sofort auch auf der LottoMat-Website spielen! Spielen Sie jetzt online.\",\"breadcrumb\":{\"@id\":\"https:\/\/lottomat.com\/de\/spielen\/powerball-au\/#breadcrumb\"},\"inLanguage\":\"de\",\"potentialAction\":[{\"@type\":\"ReadAction\",\"target\":[\"https:\/\/lottomat.com\/de\/spielen\/powerball-au\/\"]}]},{\"@type\":\"ImageObject\",\"inLanguage\":\"de\",\"@id\":\"https:\/\/lottomat.com\/de\/spielen\/powerball-au\/#primaryimage\",\"url\":\"https:\/\/lottomat.com\/wp-content\/uploads\/2025\/03\/Play-the-Australian-Powerball-Lottery-300x300.png\",\"contentUrl\":\"https:\/\/lottomat.com\/wp-content\/uploads\/2025\/03\/Play-the-Australian-Powerball-Lottery-300x300.png\"},{\"@type\":\"BreadcrumbList\",\"@id\":\"https:\/\/lottomat.com\/de\/spielen\/powerball-au\/#breadcrumb\",\"itemListElement\":[{\"@type\":\"ListItem\",\"position\":1,\"name\":\"Home\",\"item\":\"https:\/\/lottomat.com\/de\/\"},{\"@type\":\"ListItem\",\"position\":2,\"name\":\"Lotto Online Spielen\",\"item\":\"https:\/\/lottomat.com\/de\/spielen\/\"},{\"@type\":\"ListItem\",\"position\":3,\"name\":\"Spielen Sie Powerball AU\"}]},{\"@type\":\"WebSite\",\"@id\":\"https:\/\/lottomat.com\/de\/#website\",\"url\":\"https:\/\/lottomat.com\/de\/\",\"name\":\"Lottomat\",\"description\":\"\",\"potentialAction\":[{\"@type\":\"SearchAction\",\"target\":{\"@type\":\"EntryPoint\",\"urlTemplate\":\"https:\/\/lottomat.com\/de\/?s={search_term_string}\"},\"query-input\":{\"@type\":\"PropertyValueSpecification\",\"valueRequired\":true,\"valueName\":\"search_term_string\"}}],\"inLanguage\":\"de\"}]}<\/script>\n<!-- \/ Yoast SEO plugin. -->","yoast_head_json":{"title":"Spielen Sie Powerball AU, Powerball AU-Tickets online - Lottomat","description":"Die Powerball AU-Lotterie ist eine australische Megalotterie und Sie k\u00f6nnen sie ab sofort auch auf der LottoMat-Website spielen! Spielen Sie jetzt online.","robots":{"index":"index","follow":"follow","max-snippet":"max-snippet:-1","max-image-preview":"max-image-preview:large","max-video-preview":"max-video-preview:-1"},"canonical":"https:\/\/lottomat.com\/de\/spielen\/powerball-au\/","og_locale":"de_DE","og_type":"article","og_title":"Spielen Sie Powerball AU, Powerball AU-Tickets online - Lottomat","og_description":"Die Powerball AU-Lotterie ist eine australische Megalotterie und Sie k\u00f6nnen sie ab sofort auch auf der LottoMat-Website spielen! Spielen Sie jetzt online.","og_url":"https:\/\/lottomat.com\/de\/spielen\/powerball-au\/","og_site_name":"Lottomat","article_modified_time":"2025-04-07T07:29:53+00:00","og_image":[{"url":"https:\/\/lottomat.com\/wp-content\/uploads\/2025\/03\/Play-the-Australian-Powerball-Lottery-300x300.png"}],"twitter_card":"summary_large_image","twitter_misc":{"Gesch\u00e4tzte Lesezeit":"3\u00a0Minuten"},"schema":{"@context":"https:\/\/schema.org","@graph":[{"@type":"WebPage","@id":"https:\/\/lottomat.com\/de\/spielen\/powerball-au\/","url":"https:\/\/lottomat.com\/de\/spielen\/powerball-au\/","name":"Spielen Sie Powerball AU, Powerball AU-Tickets online - Lottomat","isPartOf":{"@id":"https:\/\/lottomat.com\/de\/#website"},"primaryImageOfPage":{"@id":"https:\/\/lottomat.com\/de\/spielen\/powerball-au\/#primaryimage"},"image":{"@id":"https:\/\/lottomat.com\/de\/spielen\/powerball-au\/#primaryimage"},"thumbnailUrl":"https:\/\/lottomat.com\/wp-content\/uploads\/2025\/03\/Play-the-Australian-Powerball-Lottery-300x300.png","datePublished":"2025-03-26T10:02:44+00:00","dateModified":"2025-04-07T07:29:53+00:00","description":"Die Powerball AU-Lotterie ist eine australische Megalotterie und Sie k\u00f6nnen sie ab sofort auch auf der LottoMat-Website spielen! Spielen Sie jetzt online.","breadcrumb":{"@id":"https:\/\/lottomat.com\/de\/spielen\/powerball-au\/#breadcrumb"},"inLanguage":"de","potentialAction":[{"@type":"ReadAction","target":["https:\/\/lottomat.com\/de\/spielen\/powerball-au\/"]}]},{"@type":"ImageObject","inLanguage":"de","@id":"https:\/\/lottomat.com\/de\/spielen\/powerball-au\/#primaryimage","url":"https:\/\/lottomat.com\/wp-content\/uploads\/2025\/03\/Play-the-Australian-Powerball-Lottery-300x300.png","contentUrl":"https:\/\/lottomat.com\/wp-content\/uploads\/2025\/03\/Play-the-Australian-Powerball-Lottery-300x300.png"},{"@type":"BreadcrumbList","@id":"https:\/\/lottomat.com\/de\/spielen\/powerball-au\/#breadcrumb","itemListElement":[{"@type":"ListItem","position":1,"name":"Home","item":"https:\/\/lottomat.com\/de\/"},{"@type":"ListItem","position":2,"name":"Lotto Online Spielen","item":"https:\/\/lottomat.com\/de\/spielen\/"},{"@type":"ListItem","position":3,"name":"Spielen Sie Powerball AU"}]},{"@type":"WebSite","@id":"https:\/\/lottomat.com\/de\/#website","url":"https:\/\/lottomat.com\/de\/","name":"Lottomat","description":"","potentialAction":[{"@type":"SearchAction","target":{"@type":"EntryPoint","urlTemplate":"https:\/\/lottomat.com\/de\/?s={search_term_string}"},"query-input":{"@type":"PropertyValueSpecification","valueRequired":true,"valueName":"search_term_string"}}],"inLanguage":"de"}]}},"_links":{"self":[{"href":"https:\/\/lottomat.com\/de\/wp-json\/wp\/v2\/pages\/8761","targetHints":{"allow":["GET"]}}],"collection":[{"href":"https:\/\/lottomat.com\/de\/wp-json\/wp\/v2\/pages"}],"about":[{"href":"https:\/\/lottomat.com\/de\/wp-json\/wp\/v2\/types\/page"}],"author":[{"embeddable":true,"href":"https:\/\/lottomat.com\/de\/wp-json\/wp\/v2\/users\/1"}],"replies":[{"embeddable":true,"href":"https:\/\/lottomat.com\/de\/wp-json\/wp\/v2\/comments?post=8761"}],"version-history":[{"count":0,"href":"https:\/\/lottomat.com\/de\/wp-json\/wp\/v2\/pages\/8761\/revisions"}],"up":[{"embeddable":true,"href":"https:\/\/lottomat.com\/de\/wp-json\/wp\/v2\/pages\/6772"}],"wp:attachment":[{"href":"https:\/\/lottomat.com\/de\/wp-json\/wp\/v2\/media?parent=8761"}],"curies":[{"name":"wp","href":"https:\/\/api.w.org\/{rel}","templated":true}]}}