{"id":8680,"date":"2025-03-26T10:00:21","date_gmt":"2025-03-26T10:00:21","guid":{"rendered":"https:\/\/lottomat.net\/lotto-spielen\/thunderball-online-spielen\/"},"modified":"2025-04-07T07:29:23","modified_gmt":"2025-04-07T07:29:23","slug":"thunderball","status":"publish","type":"page","link":"https:\/\/lottomat.com\/de\/spielen\/thunderball\/","title":{"rendered":"Thunderball online spielen"},"content":{"rendered":"\n\n<div class=\"kk-star-ratings kksr-auto kksr-align-left kksr-valign-top\"\n    data-payload='{&quot;align&quot;:&quot;left&quot;,&quot;id&quot;:&quot;8680&quot;,&quot;slug&quot;:&quot;default&quot;,&quot;valign&quot;:&quot;top&quot;,&quot;ignore&quot;:&quot;&quot;,&quot;reference&quot;:&quot;auto&quot;,&quot;class&quot;:&quot;&quot;,&quot;count&quot;:&quot;0&quot;,&quot;legendonly&quot;:&quot;&quot;,&quot;readonly&quot;:&quot;&quot;,&quot;score&quot;:&quot;0&quot;,&quot;starsonly&quot;:&quot;&quot;,&quot;best&quot;:&quot;5&quot;,&quot;gap&quot;:&quot;5&quot;,&quot;greet&quot;:&quot;Rate this page&quot;,&quot;legend&quot;:&quot;0\\\/5 - (0 votes)&quot;,&quot;size&quot;:&quot;30&quot;,&quot;title&quot;:&quot;Thunderball online spielen&quot;,&quot;width&quot;:&quot;0&quot;,&quot;_legend&quot;:&quot;{score}\\\/{best} - ({count} {votes})&quot;,&quot;font_factor&quot;:&quot;1.25&quot;}'>\n            \n<div class=\"kksr-stars\">\n    \n<div class=\"kksr-stars-inactive\">\n            <div class=\"kksr-star\" data-star=\"1\" style=\"padding-right: 5px\">\n            \n\n<div class=\"kksr-icon\" style=\"width: 30px; height: 30px;\"><\/div>\n        <\/div>\n            <div class=\"kksr-star\" data-star=\"2\" style=\"padding-right: 5px\">\n            \n\n<div class=\"kksr-icon\" style=\"width: 30px; height: 30px;\"><\/div>\n        <\/div>\n            <div class=\"kksr-star\" data-star=\"3\" style=\"padding-right: 5px\">\n            \n\n<div class=\"kksr-icon\" style=\"width: 30px; height: 30px;\"><\/div>\n        <\/div>\n            <div class=\"kksr-star\" data-star=\"4\" style=\"padding-right: 5px\">\n            \n\n<div class=\"kksr-icon\" style=\"width: 30px; height: 30px;\"><\/div>\n        <\/div>\n            <div class=\"kksr-star\" data-star=\"5\" style=\"padding-right: 5px\">\n            \n\n<div class=\"kksr-icon\" style=\"width: 30px; height: 30px;\"><\/div>\n        <\/div>\n    <\/div>\n    \n<div class=\"kksr-stars-active\" style=\"width: 0px;\">\n            <div class=\"kksr-star\" style=\"padding-right: 5px\">\n            \n\n<div class=\"kksr-icon\" style=\"width: 30px; height: 30px;\"><\/div>\n        <\/div>\n            <div class=\"kksr-star\" style=\"padding-right: 5px\">\n            \n\n<div class=\"kksr-icon\" style=\"width: 30px; height: 30px;\"><\/div>\n        <\/div>\n            <div class=\"kksr-star\" style=\"padding-right: 5px\">\n            \n\n<div class=\"kksr-icon\" style=\"width: 30px; height: 30px;\"><\/div>\n        <\/div>\n            <div class=\"kksr-star\" style=\"padding-right: 5px\">\n            \n\n<div class=\"kksr-icon\" style=\"width: 30px; height: 30px;\"><\/div>\n        <\/div>\n            <div class=\"kksr-star\" style=\"padding-right: 5px\">\n            \n\n<div class=\"kksr-icon\" style=\"width: 30px; height: 30px;\"><\/div>\n        <\/div>\n    <\/div>\n<\/div>\n                \n\n<div class=\"kksr-legend\" style=\"font-size: 24px;\">\n            <span class=\"kksr-muted\">Rate this page<\/span>\n    <\/div>\n    <\/div>\n<h2><img loading=\"lazy\" decoding=\"async\" class=\"alignleft wp-image-5189\" src=\"https:\/\/lottomat.com\/wp-content\/uploads\/2025\/03\/Winning-with-the-UK-Thunderball-Lottery-300x300.png\" alt=\"Gewinnen mit der UK Thunderball Lottery\" width=\"100\" height=\"100\" srcset=\"https:\/\/lottomat.com\/wp-content\/uploads\/2025\/03\/Winning-with-the-UK-Thunderball-Lottery-300x300.png 300w, https:\/\/lottomat.com\/wp-content\/uploads\/2025\/03\/Winning-with-the-UK-Thunderball-Lottery-150x150.png 150w, https:\/\/lottomat.com\/wp-content\/uploads\/2025\/03\/Winning-with-the-UK-Thunderball-Lottery-100x100.png 100w, https:\/\/lottomat.com\/wp-content\/uploads\/2025\/03\/Winning-with-the-UK-Thunderball-Lottery.png 400w\" sizes=\"auto, (max-width: 100px) 100vw, 100px\" \/>Entdecken Sie den Nervenkitzel eines Gewinns mit der UK Thunderball Lottery<\/h2>\n<p>Sind Sie bereit f\u00fcr den Nervenkitzel eines gro\u00dfen Gewinns? Die UK Thunderball Lottery ruft nach Ihnen! Bekannt f\u00fcr ihre fantastischen Gewinnchancen und das spannende Spiel bietet Thunderball Ihnen die Chance, Ihre Tr\u00e4ume wahr werden zu lassen. Mit mehreren Ziehungen pro Woche bietet diese Lotterie zahlreiche Chancen auf lebensver\u00e4ndernde Preise. Erleben Sie die Spannung und kaufen Sie Ihre Lose online bei Lottomat \u2013 eine Welt voller M\u00f6glichkeiten erwartet Sie.<\/p>\n<h2><img loading=\"lazy\" decoding=\"async\" class=\"alignleft wp-image-5218\" src=\"https:\/\/lottomat.com\/wp-content\/uploads\/2025\/03\/Frequent-Draws-for-More-Chances-to-Win-300x300.png\" alt=\"H\u00e4ufige Ziehungen f\u00fcr h\u00f6here Gewinnchancen\" width=\"100\" height=\"100\" srcset=\"https:\/\/lottomat.com\/wp-content\/uploads\/2025\/03\/Frequent-Draws-for-More-Chances-to-Win-300x300.png 300w, https:\/\/lottomat.com\/wp-content\/uploads\/2025\/03\/Frequent-Draws-for-More-Chances-to-Win-150x150.png 150w, https:\/\/lottomat.com\/wp-content\/uploads\/2025\/03\/Frequent-Draws-for-More-Chances-to-Win-100x100.png 100w, https:\/\/lottomat.com\/wp-content\/uploads\/2025\/03\/Frequent-Draws-for-More-Chances-to-Win.png 400w\" sizes=\"auto, (max-width: 100px) 100vw, 100px\" \/>H\u00e4ufige Ziehungen f\u00fcr h\u00f6here Gewinnchancen<\/h2>\n<p>Die Thunderball Lotterie findet viermal w\u00f6chentlich statt: dienstags, mittwochs, freitags und samstags. Durch diesen regelm\u00e4\u00dfigen Ziehungsrhythmus erh\u00f6hen sich Ihre Gewinnchancen jede Woche. Stellen Sie sich den Nervenkitzel vor, auf die Zahlen zu warten und zu wissen, dass sich Ihr Leben augenblicklich \u00e4ndern k\u00f6nnte. Regelm\u00e4\u00dfiges Spielen erh\u00f6ht Ihre Chancen auf den Jackpot und die Freude \u00fcber einen gro\u00dfen Gewinn.<\/p>\n<h2><img loading=\"lazy\" decoding=\"async\" class=\"alignleft wp-image-5247\" src=\"https:\/\/lottomat.com\/wp-content\/uploads\/2025\/03\/The-Excitement-of-Systematic-Play-300x300.png\" alt=\"Die Spannung des systematischen Spielens\" width=\"100\" height=\"100\" srcset=\"https:\/\/lottomat.com\/wp-content\/uploads\/2025\/03\/The-Excitement-of-Systematic-Play-300x300.png 300w, https:\/\/lottomat.com\/wp-content\/uploads\/2025\/03\/The-Excitement-of-Systematic-Play-150x150.png 150w, https:\/\/lottomat.com\/wp-content\/uploads\/2025\/03\/The-Excitement-of-Systematic-Play-100x100.png 100w, https:\/\/lottomat.com\/wp-content\/uploads\/2025\/03\/The-Excitement-of-Systematic-Play.png 400w\" sizes=\"auto, (max-width: 100px) 100vw, 100px\" \/>Die Spannung des systematischen Spielens<\/h2>\n<p>Ein Lottogewinn ist f\u00fcr viele ein Traum, und der Schl\u00fcssel zur Verwirklichung ist regelm\u00e4\u00dfiges Spielen. Indem Sie an jeder Ziehung teilnehmen, maximieren Sie Ihre Gewinnchancen. Stellen Sie sich die Aufregung vor, wenn Sie Ihre Zahlen \u00fcberpr\u00fcfen und feststellen, dass Sie das Gewinnerlos in der Hand haben. Mit Thunderball tr\u00e4umen Sie nicht nur vom Gewinn \u2013 Sie setzen sich daf\u00fcr ein. Denken Sie daran: Um gro\u00df zu gewinnen, m\u00fcssen Sie regelm\u00e4\u00dfig spielen.<\/p>\n<h2><img loading=\"lazy\" decoding=\"async\" class=\"alignleft wp-image-5276\" src=\"https:\/\/lottomat.com\/wp-content\/uploads\/2025\/03\/More-Than-Just-Thunderball-300x300.png\" alt=\"Mehr als nur Thunderball\" width=\"100\" height=\"100\" srcset=\"https:\/\/lottomat.com\/wp-content\/uploads\/2025\/03\/More-Than-Just-Thunderball-300x300.png 300w, https:\/\/lottomat.com\/wp-content\/uploads\/2025\/03\/More-Than-Just-Thunderball-150x150.png 150w, https:\/\/lottomat.com\/wp-content\/uploads\/2025\/03\/More-Than-Just-Thunderball-100x100.png 100w, https:\/\/lottomat.com\/wp-content\/uploads\/2025\/03\/More-Than-Just-Thunderball.png 400w\" sizes=\"auto, (max-width: 100px) 100vw, 100px\" \/>Mehr als nur Thunderball<\/h2>\n<p>Thunderball bietet zwar unglaubliche Spannung, ist aber nur eine von vielen spannenden Lotterien bei Lottomat. Entdecken Sie auch andere beliebte britische Lotterien wie UK Lotto und EuroMillions. Jedes Spiel hat seinen eigenen Charme und seine eigene Gewinnstruktur, die Ihnen mehr Gewinnm\u00f6glichkeiten bietet. Das Spielen verschiedener Lotterien steigert nicht nur die Spannung, sondern erh\u00f6ht auch Ihre Chancen auf einen gro\u00dfen Gewinn. Mit zahlreichen Optionen sind die M\u00f6glichkeiten endlos.<\/p>\n<h2><img loading=\"lazy\" decoding=\"async\" class=\"alignleft wp-image-5305\" src=\"https:\/\/lottomat.com\/wp-content\/uploads\/2025\/03\/Winning-big-on-the-Thunderball-Lottery-300x300.png\" alt=\"Gro\u00dfer Gewinn bei der Thunderball-Lotterie\" width=\"100\" height=\"100\" srcset=\"https:\/\/lottomat.com\/wp-content\/uploads\/2025\/03\/Winning-big-on-the-Thunderball-Lottery-300x300.png 300w, https:\/\/lottomat.com\/wp-content\/uploads\/2025\/03\/Winning-big-on-the-Thunderball-Lottery-150x150.png 150w, https:\/\/lottomat.com\/wp-content\/uploads\/2025\/03\/Winning-big-on-the-Thunderball-Lottery-100x100.png 100w, https:\/\/lottomat.com\/wp-content\/uploads\/2025\/03\/Winning-big-on-the-Thunderball-Lottery.png 400w\" sizes=\"auto, (max-width: 100px) 100vw, 100px\" \/>Entfesseln Sie die Macht gro\u00dfer Gewinne<\/h2>\n<p>Ein gro\u00dfer Gewinn bei der Thunderball-Lotterie kann Ihnen T\u00fcren zu einer Welt voller M\u00f6glichkeiten \u00f6ffnen. Stellen Sie sich die Freiheit finanzieller Sicherheit vor, die Freude, zu Ihren Traumzielen zu reisen, oder die Zufriedenheit, Ihren Lieben zu helfen. Gro\u00dfe Gewinne k\u00f6nnen Ihr Leben auf eine Weise ver\u00e4ndern, die Sie sich nie vorgestellt haben. Der Nervenkitzel beim Lottospielen liegt nicht nur im potenziellen Gewinn, sondern auch in den Tr\u00e4umen, die er erf\u00fcllen kann. Wenn Sie Thunderball spielen, kaufen Sie nicht nur ein Los; Sie investieren in eine Zukunft voller Spannung und M\u00f6glichkeiten.<\/p>\n<p>Worauf warten Sie also? Tauchen Sie noch heute in die spannende Welt der britischen Thunderball-Lotterie ein. Kaufen Sie Ihre Lose online bei Lottomat und erleben Sie die Spannung jeder Ziehung. Denken Sie daran: Jedes Los ist eine Chance, Ihre Tr\u00e4ume wahr werden zu lassen. Ob Thunderball oder andere spannende britische Lotterien \u2013 Ihr Weg zum Gewinn beginnt hier. Spielen Sie systematisch, entdecken Sie verschiedene Spiele und erh\u00f6hen Sie Ihre Chancen auf einen gro\u00dfen Gewinn. Der n\u00e4chste Jackpot k\u00f6nnte Ihnen geh\u00f6ren!<\/p>\n","protected":false},"excerpt":{"rendered":"<p>Entdecken Sie den Nervenkitzel eines Gewinns mit der UK Thunderball Lottery Sind Sie bereit f\u00fcr den Nervenkitzel eines gro\u00dfen Gewinns? Die UK Thunderball Lottery ruft nach Ihnen! Bekannt f\u00fcr ihre fantastischen Gewinnchancen und das spannende Spiel bietet Thunderball Ihnen die Chance, Ihre Tr\u00e4ume wahr werden zu lassen. Mit mehreren Ziehungen pro Woche bietet diese Lotterie [&hellip;]<\/p>\n","protected":false},"author":1,"featured_media":0,"parent":6772,"menu_order":16,"comment_status":"closed","ping_status":"closed","template":"thunderball.php","meta":{"_et_pb_use_builder":"","_et_pb_old_content":"","_et_gb_content_width":"","exclude_from_search":false,"footnotes":""},"class_list":["post-8680","page","type-page","status-publish","hentry"],"yoast_head":"<!-- This site is optimized with the Yoast SEO plugin v23.8 - https:\/\/yoast.com\/wordpress\/plugins\/seo\/ -->\n<title>Thunderball online spielen - Lottoscheine online - Lottomat%<\/title>\n<meta name=\"description\" content=\"Hier k\u00f6nnen Sie Thunderball-Lotteriescheine online kaufen und um au\u00dfergew\u00f6hnliche Gewinne spielen. Pr\u00fcfen Sie, wie einfach es ist. Lottoscheine online.\" \/>\n<meta name=\"robots\" content=\"index, follow, max-snippet:-1, max-image-preview:large, max-video-preview:-1\" \/>\n<link rel=\"canonical\" href=\"https:\/\/lottomat.com\/de\/spielen\/thunderball\/\" \/>\n<meta property=\"og:locale\" content=\"de_DE\" \/>\n<meta property=\"og:type\" content=\"article\" \/>\n<meta property=\"og:title\" content=\"Thunderball online spielen - Lottoscheine online - Lottomat%\" \/>\n<meta property=\"og:description\" content=\"Hier k\u00f6nnen Sie Thunderball-Lotteriescheine online kaufen und um au\u00dfergew\u00f6hnliche Gewinne spielen. Pr\u00fcfen Sie, wie einfach es ist. Lottoscheine online.\" \/>\n<meta property=\"og:url\" content=\"https:\/\/lottomat.com\/de\/spielen\/thunderball\/\" \/>\n<meta property=\"og:site_name\" content=\"Lottomat\" \/>\n<meta property=\"article:modified_time\" content=\"2025-04-07T07:29:23+00:00\" \/>\n<meta property=\"og:image\" content=\"https:\/\/lottomat.com\/wp-content\/uploads\/2025\/03\/Winning-with-the-UK-Thunderball-Lottery-300x300.png\" \/>\n<meta name=\"twitter:card\" content=\"summary_large_image\" \/>\n<meta name=\"twitter:label1\" content=\"Gesch\u00e4tzte Lesezeit\" \/>\n\t<meta name=\"twitter:data1\" content=\"3\u00a0Minuten\" \/>\n<script type=\"application\/ld+json\" class=\"yoast-schema-graph\">{\"@context\":\"https:\/\/schema.org\",\"@graph\":[{\"@type\":\"WebPage\",\"@id\":\"https:\/\/lottomat.com\/de\/spielen\/thunderball\/\",\"url\":\"https:\/\/lottomat.com\/de\/spielen\/thunderball\/\",\"name\":\"Thunderball online spielen - Lottoscheine online - Lottomat%\",\"isPartOf\":{\"@id\":\"https:\/\/lottomat.com\/de\/#website\"},\"primaryImageOfPage\":{\"@id\":\"https:\/\/lottomat.com\/de\/spielen\/thunderball\/#primaryimage\"},\"image\":{\"@id\":\"https:\/\/lottomat.com\/de\/spielen\/thunderball\/#primaryimage\"},\"thumbnailUrl\":\"https:\/\/lottomat.com\/wp-content\/uploads\/2025\/03\/Winning-with-the-UK-Thunderball-Lottery-300x300.png\",\"datePublished\":\"2025-03-26T10:00:21+00:00\",\"dateModified\":\"2025-04-07T07:29:23+00:00\",\"description\":\"Hier k\u00f6nnen Sie Thunderball-Lotteriescheine online kaufen und um au\u00dfergew\u00f6hnliche Gewinne spielen. Pr\u00fcfen Sie, wie einfach es ist. Lottoscheine online.\",\"breadcrumb\":{\"@id\":\"https:\/\/lottomat.com\/de\/spielen\/thunderball\/#breadcrumb\"},\"inLanguage\":\"de\",\"potentialAction\":[{\"@type\":\"ReadAction\",\"target\":[\"https:\/\/lottomat.com\/de\/spielen\/thunderball\/\"]}]},{\"@type\":\"ImageObject\",\"inLanguage\":\"de\",\"@id\":\"https:\/\/lottomat.com\/de\/spielen\/thunderball\/#primaryimage\",\"url\":\"https:\/\/lottomat.com\/wp-content\/uploads\/2025\/03\/Winning-with-the-UK-Thunderball-Lottery-300x300.png\",\"contentUrl\":\"https:\/\/lottomat.com\/wp-content\/uploads\/2025\/03\/Winning-with-the-UK-Thunderball-Lottery-300x300.png\"},{\"@type\":\"BreadcrumbList\",\"@id\":\"https:\/\/lottomat.com\/de\/spielen\/thunderball\/#breadcrumb\",\"itemListElement\":[{\"@type\":\"ListItem\",\"position\":1,\"name\":\"Home\",\"item\":\"https:\/\/lottomat.com\/de\/\"},{\"@type\":\"ListItem\",\"position\":2,\"name\":\"Lotto Online Spielen\",\"item\":\"https:\/\/lottomat.com\/de\/spielen\/\"},{\"@type\":\"ListItem\",\"position\":3,\"name\":\"Thunderball online spielen\"}]},{\"@type\":\"WebSite\",\"@id\":\"https:\/\/lottomat.com\/de\/#website\",\"url\":\"https:\/\/lottomat.com\/de\/\",\"name\":\"Lottomat\",\"description\":\"\",\"potentialAction\":[{\"@type\":\"SearchAction\",\"target\":{\"@type\":\"EntryPoint\",\"urlTemplate\":\"https:\/\/lottomat.com\/de\/?s={search_term_string}\"},\"query-input\":{\"@type\":\"PropertyValueSpecification\",\"valueRequired\":true,\"valueName\":\"search_term_string\"}}],\"inLanguage\":\"de\"}]}<\/script>\n<!-- \/ Yoast SEO plugin. -->","yoast_head_json":{"title":"Thunderball online spielen - Lottoscheine online - Lottomat%","description":"Hier k\u00f6nnen Sie Thunderball-Lotteriescheine online kaufen und um au\u00dfergew\u00f6hnliche Gewinne spielen. Pr\u00fcfen Sie, wie einfach es ist. Lottoscheine online.","robots":{"index":"index","follow":"follow","max-snippet":"max-snippet:-1","max-image-preview":"max-image-preview:large","max-video-preview":"max-video-preview:-1"},"canonical":"https:\/\/lottomat.com\/de\/spielen\/thunderball\/","og_locale":"de_DE","og_type":"article","og_title":"Thunderball online spielen - Lottoscheine online - Lottomat%","og_description":"Hier k\u00f6nnen Sie Thunderball-Lotteriescheine online kaufen und um au\u00dfergew\u00f6hnliche Gewinne spielen. Pr\u00fcfen Sie, wie einfach es ist. Lottoscheine online.","og_url":"https:\/\/lottomat.com\/de\/spielen\/thunderball\/","og_site_name":"Lottomat","article_modified_time":"2025-04-07T07:29:23+00:00","og_image":[{"url":"https:\/\/lottomat.com\/wp-content\/uploads\/2025\/03\/Winning-with-the-UK-Thunderball-Lottery-300x300.png"}],"twitter_card":"summary_large_image","twitter_misc":{"Gesch\u00e4tzte Lesezeit":"3\u00a0Minuten"},"schema":{"@context":"https:\/\/schema.org","@graph":[{"@type":"WebPage","@id":"https:\/\/lottomat.com\/de\/spielen\/thunderball\/","url":"https:\/\/lottomat.com\/de\/spielen\/thunderball\/","name":"Thunderball online spielen - Lottoscheine online - Lottomat%","isPartOf":{"@id":"https:\/\/lottomat.com\/de\/#website"},"primaryImageOfPage":{"@id":"https:\/\/lottomat.com\/de\/spielen\/thunderball\/#primaryimage"},"image":{"@id":"https:\/\/lottomat.com\/de\/spielen\/thunderball\/#primaryimage"},"thumbnailUrl":"https:\/\/lottomat.com\/wp-content\/uploads\/2025\/03\/Winning-with-the-UK-Thunderball-Lottery-300x300.png","datePublished":"2025-03-26T10:00:21+00:00","dateModified":"2025-04-07T07:29:23+00:00","description":"Hier k\u00f6nnen Sie Thunderball-Lotteriescheine online kaufen und um au\u00dfergew\u00f6hnliche Gewinne spielen. Pr\u00fcfen Sie, wie einfach es ist. Lottoscheine online.","breadcrumb":{"@id":"https:\/\/lottomat.com\/de\/spielen\/thunderball\/#breadcrumb"},"inLanguage":"de","potentialAction":[{"@type":"ReadAction","target":["https:\/\/lottomat.com\/de\/spielen\/thunderball\/"]}]},{"@type":"ImageObject","inLanguage":"de","@id":"https:\/\/lottomat.com\/de\/spielen\/thunderball\/#primaryimage","url":"https:\/\/lottomat.com\/wp-content\/uploads\/2025\/03\/Winning-with-the-UK-Thunderball-Lottery-300x300.png","contentUrl":"https:\/\/lottomat.com\/wp-content\/uploads\/2025\/03\/Winning-with-the-UK-Thunderball-Lottery-300x300.png"},{"@type":"BreadcrumbList","@id":"https:\/\/lottomat.com\/de\/spielen\/thunderball\/#breadcrumb","itemListElement":[{"@type":"ListItem","position":1,"name":"Home","item":"https:\/\/lottomat.com\/de\/"},{"@type":"ListItem","position":2,"name":"Lotto Online Spielen","item":"https:\/\/lottomat.com\/de\/spielen\/"},{"@type":"ListItem","position":3,"name":"Thunderball online spielen"}]},{"@type":"WebSite","@id":"https:\/\/lottomat.com\/de\/#website","url":"https:\/\/lottomat.com\/de\/","name":"Lottomat","description":"","potentialAction":[{"@type":"SearchAction","target":{"@type":"EntryPoint","urlTemplate":"https:\/\/lottomat.com\/de\/?s={search_term_string}"},"query-input":{"@type":"PropertyValueSpecification","valueRequired":true,"valueName":"search_term_string"}}],"inLanguage":"de"}]}},"_links":{"self":[{"href":"https:\/\/lottomat.com\/de\/wp-json\/wp\/v2\/pages\/8680","targetHints":{"allow":["GET"]}}],"collection":[{"href":"https:\/\/lottomat.com\/de\/wp-json\/wp\/v2\/pages"}],"about":[{"href":"https:\/\/lottomat.com\/de\/wp-json\/wp\/v2\/types\/page"}],"author":[{"embeddable":true,"href":"https:\/\/lottomat.com\/de\/wp-json\/wp\/v2\/users\/1"}],"replies":[{"embeddable":true,"href":"https:\/\/lottomat.com\/de\/wp-json\/wp\/v2\/comments?post=8680"}],"version-history":[{"count":0,"href":"https:\/\/lottomat.com\/de\/wp-json\/wp\/v2\/pages\/8680\/revisions"}],"up":[{"embeddable":true,"href":"https:\/\/lottomat.com\/de\/wp-json\/wp\/v2\/pages\/6772"}],"wp:attachment":[{"href":"https:\/\/lottomat.com\/de\/wp-json\/wp\/v2\/media?parent=8680"}],"curies":[{"name":"wp","href":"https:\/\/api.w.org\/{rel}","templated":true}]}}