{"id":8596,"date":"2025-03-26T07:54:05","date_gmt":"2025-03-26T07:54:05","guid":{"rendered":"https:\/\/lottomat.net\/lotto-spielen\/mega-millions-online-spielen\/"},"modified":"2026-02-01T14:40:27","modified_gmt":"2026-02-01T14:40:27","slug":"mega-millions","status":"publish","type":"page","link":"https:\/\/lottomat.com\/de\/spielen\/mega-millions\/","title":{"rendered":"Mega Millions Online Spielen \u2013 Mega Millions-Scheine"},"content":{"rendered":"\n\n<div class=\"kk-star-ratings kksr-auto kksr-align-left kksr-valign-top\"\n    data-payload='{&quot;align&quot;:&quot;left&quot;,&quot;id&quot;:&quot;8596&quot;,&quot;slug&quot;:&quot;default&quot;,&quot;valign&quot;:&quot;top&quot;,&quot;ignore&quot;:&quot;&quot;,&quot;reference&quot;:&quot;auto&quot;,&quot;class&quot;:&quot;&quot;,&quot;count&quot;:&quot;0&quot;,&quot;legendonly&quot;:&quot;&quot;,&quot;readonly&quot;:&quot;&quot;,&quot;score&quot;:&quot;0&quot;,&quot;starsonly&quot;:&quot;&quot;,&quot;best&quot;:&quot;5&quot;,&quot;gap&quot;:&quot;5&quot;,&quot;greet&quot;:&quot;Rate this page&quot;,&quot;legend&quot;:&quot;0\\\/5 - (0 votes)&quot;,&quot;size&quot;:&quot;30&quot;,&quot;title&quot;:&quot;Mega Millions Online Spielen \u2013 Mega Millions-Scheine&quot;,&quot;width&quot;:&quot;0&quot;,&quot;_legend&quot;:&quot;{score}\\\/{best} - ({count} {votes})&quot;,&quot;font_factor&quot;:&quot;1.25&quot;}'>\n            \n<div class=\"kksr-stars\">\n    \n<div class=\"kksr-stars-inactive\">\n            <div class=\"kksr-star\" data-star=\"1\" style=\"padding-right: 5px\">\n            \n\n<div class=\"kksr-icon\" style=\"width: 30px; height: 30px;\"><\/div>\n        <\/div>\n            <div class=\"kksr-star\" data-star=\"2\" style=\"padding-right: 5px\">\n            \n\n<div class=\"kksr-icon\" style=\"width: 30px; height: 30px;\"><\/div>\n        <\/div>\n            <div class=\"kksr-star\" data-star=\"3\" style=\"padding-right: 5px\">\n            \n\n<div class=\"kksr-icon\" style=\"width: 30px; height: 30px;\"><\/div>\n        <\/div>\n            <div class=\"kksr-star\" data-star=\"4\" style=\"padding-right: 5px\">\n            \n\n<div class=\"kksr-icon\" style=\"width: 30px; height: 30px;\"><\/div>\n        <\/div>\n            <div class=\"kksr-star\" data-star=\"5\" style=\"padding-right: 5px\">\n            \n\n<div class=\"kksr-icon\" style=\"width: 30px; height: 30px;\"><\/div>\n        <\/div>\n    <\/div>\n    \n<div class=\"kksr-stars-active\" style=\"width: 0px;\">\n            <div class=\"kksr-star\" style=\"padding-right: 5px\">\n            \n\n<div class=\"kksr-icon\" style=\"width: 30px; height: 30px;\"><\/div>\n        <\/div>\n            <div class=\"kksr-star\" style=\"padding-right: 5px\">\n            \n\n<div class=\"kksr-icon\" style=\"width: 30px; height: 30px;\"><\/div>\n        <\/div>\n            <div class=\"kksr-star\" style=\"padding-right: 5px\">\n            \n\n<div class=\"kksr-icon\" style=\"width: 30px; height: 30px;\"><\/div>\n        <\/div>\n            <div class=\"kksr-star\" style=\"padding-right: 5px\">\n            \n\n<div class=\"kksr-icon\" style=\"width: 30px; height: 30px;\"><\/div>\n        <\/div>\n            <div class=\"kksr-star\" style=\"padding-right: 5px\">\n            \n\n<div class=\"kksr-icon\" style=\"width: 30px; height: 30px;\"><\/div>\n        <\/div>\n    <\/div>\n<\/div>\n                \n\n<div class=\"kksr-legend\" style=\"font-size: 24px;\">\n            <span class=\"kksr-muted\">Rate this page<\/span>\n    <\/div>\n    <\/div>\n<h2>Wie Funktioniert die Mega Millions Lotterie?<\/h2>\n<p>Die Mega Millions Online-Lotterie ist ein unkompliziertes Zahlenspiel mit einfachen Regeln, die leicht zu merken sind. Die Aufgabe jedes Spielers besteht darin, f\u00fcnf Hauptzahlen im Bereich von 1 bis 70 auszuw\u00e4hlen und den Mega Ball zu w\u00e4hlen, eine einzigartige Bonuszahl im Bereich von 1 bis 24. Der Hauptpreis ist f\u00fcr den Gewinner vorgesehen, dessen Schein alle sechs gezogenen Zahlen enth\u00e4lt, die aus f\u00fcnf Hauptzahlen und einer Bonuszahl bestehen. Es ist erw\u00e4hnenswert, dass <strong>Mega Millions eine Lotterie ist, die ganze neun Gewinnstufen hat<\/strong>, auf denen jeder Spieler eine Geldpr\u00e4mie erhalten kann. Noch wichtiger ist, dass ein Mega Millions-Schein auch gewinnt, wenn nur der Mega Ball richtig ausgew\u00e4hlt wurde. Wie wir oben beschrieben haben, ist Mega Millions eine Lotterie, die wirklich gro\u00dfartige Chancen bietet, Millionen von Dollar zu gewinnen. Lesen Sie <a href=\"https:\/\/lottomat.com\/de\/lotterie\/mega-millions\/\">mehr \u00fcber Mega Millions-Regeln<\/a> auf unserer Website und erfahren Sie mehr.<\/p>\n<h2><img loading=\"lazy\" decoding=\"async\" class=\"alignleft wp-image-251833\" src=\"https:\/\/lottomat.com\/wp-content\/uploads\/2025\/10\/play-Mega-Millions.webp\" alt=\"Mega Millions spielen\" width=\"200\" height=\"200\" srcset=\"https:\/\/lottomat.com\/wp-content\/uploads\/2025\/10\/play-Mega-Millions.webp 400w, https:\/\/lottomat.com\/wp-content\/uploads\/2025\/10\/play-Mega-Millions-300x300.webp 300w, https:\/\/lottomat.com\/wp-content\/uploads\/2025\/10\/play-Mega-Millions-150x150.webp 150w, https:\/\/lottomat.com\/wp-content\/uploads\/2025\/10\/play-Mega-Millions-100x100.webp 100w\" sizes=\"auto, (max-width: 200px) 100vw, 200px\" \/>Wie Viel K\u00f6nnen Sie Dank Mega Millions Online Gewinnen?<\/h2>\n<p>Die richtige Auswahl aller gezogenen Zahlen garantiert den Gewinn des Hauptpreises oder einen Anteil daran, wenn es mehr als einen Gewinner gibt. Wenn mehrere Spieler alle gezogenen Lottozahlen ausw\u00e4hlen, wird der Hauptgeldpreis proportional unter allen Teilnehmern aufgeteilt. Wenn Sie f\u00fcnf Hauptzahlen treffen, aber den Mega Ball verfehlen, erhalten Sie einen <strong>garantierten Preis von 1.000.000 $<\/strong> (ja, Sie sehen richtig; wir sprechen von einer Million Dollar f\u00fcr f\u00fcnf richtig erratene Zahlen!). Mega Millions ist eine Lotterie mit h\u00e4ufigen Jackpots, die auf unvorstellbare Geldsummen anwachsen k\u00f6nnen, sodass gewinnende Scheine dieser Lotterie den Gewinnern sehr betr\u00e4chtliche Gewinne bescheren. Mega Millions bietet Spielern zwei interessante Optionen. Leider sind diese Zusatzoptionen, einschlie\u00dflich der M\u00f6glichkeit, einen g\u00fcnstigeren Schein nur f\u00fcr den Jackpot zu kaufen und Gewinne aus den unteren Stufen des Spiels zu multiplizieren, nur f\u00fcr B\u00fcrger bestimmter US-Bundesstaaten verf\u00fcgbar; jedoch sind der Hauptpreis und seine unteren Stufen f\u00fcr alle anderen Spieler verf\u00fcgbar.<\/p>\n<h2>Was Kostet ein Mega Millions Online-Lotterie-Schein?<\/h2>\n<p>Um die Kosten f\u00fcr einen einzelnen Schein oder eine gr\u00f6\u00dfere Menge zu \u00fcberpr\u00fcfen, nutzen Sie die LottoMat-Website und verwenden Sie die Option zur Auswahl der Gewinnzahlen. Nach dem Ausf\u00fcllen des Scheins wird sein Preis unter den Scheinen angezeigt. <strong>Der Rechner berechnet automatisch den Zahlungswert<\/strong> basierend auf der Anzahl der ausgew\u00e4hlten Mega Millions-Online-Scheine. Der Preis eines Scheins beinhaltet die Kosten des Scheins sowie alle anfallenden Provisionsgeb\u00fchren und ist endg\u00fcltig. Sie m\u00fcssen sich um nichts anderes k\u00fcmmern; warten Sie einfach auf die <a href=\"https:\/\/lottomat.com\/de\/ergebnisse\/mega-millions\/\">aktuellen Mega Millions-Ziehungsergebnisse<\/a>.<\/p>\n<h2>Wie Kauft Man einen Mega Millions Online-Schein?<img loading=\"lazy\" decoding=\"async\" class=\"alignright wp-image-251863\" src=\"https:\/\/lottomat.com\/wp-content\/uploads\/2025\/10\/Mega-Millions-tickets.webp\" alt=\"Mega Millions-Scheine\" width=\"200\" height=\"200\" srcset=\"https:\/\/lottomat.com\/wp-content\/uploads\/2025\/10\/Mega-Millions-tickets.webp 400w, https:\/\/lottomat.com\/wp-content\/uploads\/2025\/10\/Mega-Millions-tickets-300x300.webp 300w, https:\/\/lottomat.com\/wp-content\/uploads\/2025\/10\/Mega-Millions-tickets-150x150.webp 150w, https:\/\/lottomat.com\/wp-content\/uploads\/2025\/10\/Mega-Millions-tickets-100x100.webp 100w\" sizes=\"auto, (max-width: 200px) 100vw, 200px\" \/><\/h2>\n<p>Bei Mega Millions-Preisziehungen ist es nicht zwingend erforderlich, in den Vereinigten Staaten zu leben, aber <strong>die einzige Option ist der Online-Kauf eines Mega Millions-Scheins<\/strong>. Station\u00e4re Lotterie-B\u00fcros sind nur in den USA verf\u00fcgbar. Das Einzige, was Sie tun m\u00fcssen, ist einen Schein auf der LottoMat-Website auszuf\u00fcllen und dann daf\u00fcr zu bezahlen (es stehen mehrere bevorzugte Zahlungsmethoden zur Verf\u00fcgung). Millionen von Dollar sind in Reichweite, ohne das Haus zu verlassen, 24 Stunden am Tag, 7 Tage die Woche. Heutzutage k\u00f6nnen Sie die Mega Millions-Lotterie online bequem von Ihrem Sessel aus spielen. Online-Lotterien sind heutzutage die Hauptgrundlage dieses Gesch\u00e4fts.<\/p>\n<h3>Ziehungsplan und Ergebnisse<\/h3>\n<p>Ihr Schein wird an der amerikanischen Lotterie teilnehmen, und wenn Sie gewinnen, wird der Preis vollst\u00e4ndig oder in Raten gesendet, je nachdem, welche Option Sie gew\u00e4hlt haben. <strong>Ziehungen finden am Mittwoch und Samstag statt<\/strong>, und <a href=\"https:\/\/lottomat.com\/de\/ergebnisse\/\">die aktuellen Lottoziehungsergebnisse<\/a> k\u00f6nnen auf der LottoMat-Website nachgeschlagen werden. Gehen Sie zur Spielen-Option und sehen Sie, wie einfach es ist, einen Lottoschein online zu kaufen. Alles, was Sie zum Gewinnen brauchen, ist Gl\u00fcck!<\/p>\n<h2>Wie Spielt Man die Mega Millions Lotterie Online?<\/h2>\n<p>Dank unserer Website m\u00fcssen Sie nicht in die USA gehen, um einen Mega Millions-Lotterieschein zu kaufen. Das Einzige, was Sie tun m\u00fcssen, ist f\u00fcnf Hauptzahlen im Bereich von 1 bis 70 und eine zus\u00e4tzliche Mega Ball-Zahl im Bereich von 1 bis 24 auszuw\u00e4hlen. Sie k\u00f6nnen auch die Zufallsoption verwenden, bei der die Zahlen zuf\u00e4llig ausgew\u00e4hlt werden. Um den Hauptpreis zu gewinnen, m\u00fcssen Sie alle erscheinenden Zahlen richtig ausw\u00e4hlen. Je weniger Zahlen Sie treffen, desto niedriger werden Ihre Gewinne sein. <strong>W\u00e4hlen Sie f\u00fcnf Hauptzahlen im Bereich von 1 bis 70 und eine einzigartige Zahl namens Mega Ball von 1 bis 24.<\/strong> W\u00e4hlen Sie Ihre Zahlen und spielen Sie heute um Millionen!<\/p>\n<h2><img loading=\"lazy\" decoding=\"async\" class=\"alignleft wp-image-251893\" src=\"https:\/\/lottomat.com\/wp-content\/uploads\/2025\/10\/buy-Mega-Millions-tickets.webp\" alt=\"Mega Millions-Scheine kaufen\" width=\"200\" height=\"200\" srcset=\"https:\/\/lottomat.com\/wp-content\/uploads\/2025\/10\/buy-Mega-Millions-tickets.webp 400w, https:\/\/lottomat.com\/wp-content\/uploads\/2025\/10\/buy-Mega-Millions-tickets-300x300.webp 300w, https:\/\/lottomat.com\/wp-content\/uploads\/2025\/10\/buy-Mega-Millions-tickets-150x150.webp 150w, https:\/\/lottomat.com\/wp-content\/uploads\/2025\/10\/buy-Mega-Millions-tickets-100x100.webp 100w\" sizes=\"auto, (max-width: 200px) 100vw, 200px\" \/>Was Sind die Besten Tipps, Um Mega Millions Online zu Spielen und zu Gewinnen?<\/h2>\n<p>Intelligent zu spielen ist der Schl\u00fcssel, um Ihr Lotterie-Erlebnis zu maximieren und gleichzeitig Ihr Budget effektiv zu verwalten. Hier sind einige bew\u00e4hrte Strategien, die Ihre Gewinnchancen erh\u00f6hen k\u00f6nnen.<\/p>\n<h3>Gruppenspiel-Strategie<\/h3>\n<p>Was kann man tun, um zu vermeiden, ein Verm\u00f6gen f\u00fcr das Spiel auszugeben, w\u00e4hrend man dennoch in der Lage ist, an der Lotterie mit einer betr\u00e4chtlichen Anzahl von Scheinen teilzunehmen? Das ist einfach \u2013 <strong>spielen Sie nur, wenn es eine \u00dcbertragung gibt, und laden Sie Ihre Freunde oder Familie zum Mitspielen ein<\/strong>. Es ist der beste Weg zu gewinnen, indem die Kosten f\u00fcr Mega Millions-Scheine unter den Spielteilnehmern der Familie aufgeteilt werden. Denken Sie daran, dass die Gewinnchancen mit der Anzahl der gekauften Scheine steigen.<\/p>\n<h3>Zahlenauswahlmethoden<\/h3>\n<p>Die Art und Weise, wie Sie die Zahlen w\u00e4hlen, h\u00e4ngt nur von Ihnen ab. Sie k\u00f6nnen die Zufallsoption verwenden, um den Mega Millions-Schein mit Zufallszahlen zu f\u00fcllen, oder Ihre Gl\u00fcckszahlen verwenden. Wenn Sie m\u00f6chten, k\u00f6nnen Sie auch die Ergebnisse fr\u00fcherer Lottoziehungen \u00fcberpr\u00fcfen, um die am h\u00e4ufigsten und am seltensten gezogenen Zahlen bei Mega Millions zu identifizieren und Ihre Strategie f\u00fcr Zahlenspiele zu entwickeln. Sie <a href=\"https:\/\/lottomat.com\/de\/spielen\/\">kaufen einen Lottoschein<\/a>, und wir w\u00fcnschen Ihnen viel Gl\u00fcck!<\/p>\n<h2>K\u00f6nnen Sie Mehr Mega Millions-Scheine Online Kaufen?<\/h2>\n<p>Ja, nutzen Sie die <strong>Option \u201eMehr Reihen&#8220; und w\u00e4hlen Sie so viele Reihen, wie Sie ben\u00f6tigen<\/strong>. Diese Funktion erm\u00f6glicht es Ihnen, Ihre Gewinnchancen zu erh\u00f6hen, indem Sie mehrere Scheine in einer einzigen Transaktion kaufen. Je mehr Reihen Sie spielen, desto besser sind Ihre Chancen, die gewinnende Kombination zu treffen.<\/p>\n<h2>K\u00f6nnen Sie Mega Millions-Scheine Online f\u00fcr Mehrere Ziehungen Kaufen?<img loading=\"lazy\" decoding=\"async\" class=\"alignright wp-image-251923\" src=\"https:\/\/lottomat.com\/wp-content\/uploads\/2025\/10\/Mega-Millions-online.webp\" alt=\"Mega Millions online\" width=\"200\" height=\"200\" srcset=\"https:\/\/lottomat.com\/wp-content\/uploads\/2025\/10\/Mega-Millions-online.webp 400w, https:\/\/lottomat.com\/wp-content\/uploads\/2025\/10\/Mega-Millions-online-300x300.webp 300w, https:\/\/lottomat.com\/wp-content\/uploads\/2025\/10\/Mega-Millions-online-150x150.webp 150w, https:\/\/lottomat.com\/wp-content\/uploads\/2025\/10\/Mega-Millions-online-100x100.webp 100w\" sizes=\"auto, (max-width: 200px) 100vw, 200px\" \/><\/h2>\n<p>Ja, auf LottoMat k\u00f6nnen Sie <strong>Scheine f\u00fcr bis zu 8 Ziehungen im Voraus kaufen<\/strong>. Diese bequeme Funktion bedeutet, dass Sie sich nicht daran erinnern m\u00fcssen, Scheine f\u00fcr jede einzelne Ziehung zu kaufen. Sie k\u00f6nnen Ihre Zahlen einmal einrichten und sie automatisch f\u00fcr aufeinanderfolgende Ziehungen spielen lassen. Diese Vorabkaufoption ist perfekt f\u00fcr Spieler, die ihre Lieblingszahlen haben und sicherstellen m\u00f6chten, dass sie nie eine Ziehung verpassen.<\/p>\n<h2>Ist das Online-Spielen von Mega Millions Sicher?<\/h2>\n<p>Das Spielen auf der LottoMat-Website ist <strong>v\u00f6llig sicher und gesch\u00fctzt<\/strong>. Wir scannen alle Scheine und k\u00fcmmern uns sehr um unsere Kunden, um sicherzustellen, dass Ihre pers\u00f6nlichen und finanziellen Informationen mit den h\u00f6chsten Sicherheitsstandards gesch\u00fctzt sind. Unsere Plattform verwendet fortschrittliche Verschl\u00fcsselungstechnologie, um alle Transaktionen und Scheink\u00e4ufe zu sichern. Es ist jedoch wichtig zu bedenken, dass <strong>das Spielen von Mega Millions als Unterhaltung und Spa\u00df behandelt werden sollte<\/strong>. Sie sollten niemals Geld riskieren, das Sie sich nicht leisten k\u00f6nnen zu verlieren. Spielen Sie immer verantwortungsvoll und innerhalb Ihrer M\u00f6glichkeiten und behandeln Sie Lottoscheine als eine Form der Unterhaltung und nicht als Anlagestrategie.<\/p>\n","protected":false},"excerpt":{"rendered":"<p>Wie Funktioniert die Mega Millions Lotterie? Die Mega Millions Online-Lotterie ist ein unkompliziertes Zahlenspiel mit einfachen Regeln, die leicht zu merken sind. Die Aufgabe jedes Spielers besteht darin, f\u00fcnf Hauptzahlen im Bereich von 1 bis 70 auszuw\u00e4hlen und den Mega Ball zu w\u00e4hlen, eine einzigartige Bonuszahl im Bereich von 1 bis 24. Der Hauptpreis ist [&hellip;]<\/p>\n","protected":false},"author":1,"featured_media":0,"parent":6772,"menu_order":2,"comment_status":"closed","ping_status":"closed","template":"megamillion.php","meta":{"_et_pb_use_builder":"","_et_pb_old_content":"","_et_gb_content_width":"","exclude_from_search":false,"footnotes":""},"class_list":["post-8596","page","type-page","status-publish","hentry"],"yoast_head":"<!-- This site is optimized with the Yoast SEO plugin v23.8 - https:\/\/yoast.com\/wordpress\/plugins\/seo\/ -->\n<title>Mega Millions Lotterie-Scheine - Mega Millions Online Spielen - LottoMat<\/title>\n<meta name=\"description\" content=\"Spielen Sie Mega Millions Online-Lotterie bei LottoMat und gewinnen Sie ein Verm\u00f6gen! Kaufen Sie heute Mega Millions-Scheine online - machen Sie mit! Knacken Sie jetzt den Jackpot!\" \/>\n<meta name=\"robots\" content=\"index, follow, max-snippet:-1, max-image-preview:large, max-video-preview:-1\" \/>\n<link rel=\"canonical\" href=\"https:\/\/lottomat.com\/de\/spielen\/mega-millions\/\" \/>\n<meta property=\"og:locale\" content=\"de_DE\" \/>\n<meta property=\"og:type\" content=\"article\" \/>\n<meta property=\"og:title\" content=\"Mega Millions Lotterie-Scheine - Mega Millions Online Spielen - LottoMat\" \/>\n<meta property=\"og:description\" content=\"Spielen Sie Mega Millions Online-Lotterie bei LottoMat und gewinnen Sie ein Verm\u00f6gen! Kaufen Sie heute Mega Millions-Scheine online - machen Sie mit! Knacken Sie jetzt den Jackpot!\" \/>\n<meta property=\"og:url\" content=\"https:\/\/lottomat.com\/de\/spielen\/mega-millions\/\" \/>\n<meta property=\"og:site_name\" content=\"Lottomat\" \/>\n<meta property=\"article:modified_time\" content=\"2026-02-01T14:40:27+00:00\" \/>\n<meta property=\"og:image\" content=\"https:\/\/lottomat.com\/wp-content\/uploads\/2025\/10\/play-Mega-Millions.webp\" \/>\n<meta name=\"twitter:card\" content=\"summary_large_image\" \/>\n<meta name=\"twitter:label1\" content=\"Gesch\u00e4tzte Lesezeit\" \/>\n\t<meta name=\"twitter:data1\" content=\"7\u00a0Minuten\" \/>\n<script type=\"application\/ld+json\" class=\"yoast-schema-graph\">{\"@context\":\"https:\/\/schema.org\",\"@graph\":[{\"@type\":\"WebPage\",\"@id\":\"https:\/\/lottomat.com\/de\/spielen\/mega-millions\/\",\"url\":\"https:\/\/lottomat.com\/de\/spielen\/mega-millions\/\",\"name\":\"Mega Millions Lotterie-Scheine - Mega Millions Online Spielen - LottoMat\",\"isPartOf\":{\"@id\":\"https:\/\/lottomat.com\/de\/#website\"},\"primaryImageOfPage\":{\"@id\":\"https:\/\/lottomat.com\/de\/spielen\/mega-millions\/#primaryimage\"},\"image\":{\"@id\":\"https:\/\/lottomat.com\/de\/spielen\/mega-millions\/#primaryimage\"},\"thumbnailUrl\":\"https:\/\/lottomat.com\/wp-content\/uploads\/2025\/10\/play-Mega-Millions.webp\",\"datePublished\":\"2025-03-26T07:54:05+00:00\",\"dateModified\":\"2026-02-01T14:40:27+00:00\",\"description\":\"Spielen Sie Mega Millions Online-Lotterie bei LottoMat und gewinnen Sie ein Verm\u00f6gen! Kaufen Sie heute Mega Millions-Scheine online - machen Sie mit! Knacken Sie jetzt den Jackpot!\",\"breadcrumb\":{\"@id\":\"https:\/\/lottomat.com\/de\/spielen\/mega-millions\/#breadcrumb\"},\"inLanguage\":\"de\",\"potentialAction\":[{\"@type\":\"ReadAction\",\"target\":[\"https:\/\/lottomat.com\/de\/spielen\/mega-millions\/\"]}]},{\"@type\":\"ImageObject\",\"inLanguage\":\"de\",\"@id\":\"https:\/\/lottomat.com\/de\/spielen\/mega-millions\/#primaryimage\",\"url\":\"https:\/\/lottomat.com\/wp-content\/uploads\/2025\/10\/play-Mega-Millions.webp\",\"contentUrl\":\"https:\/\/lottomat.com\/wp-content\/uploads\/2025\/10\/play-Mega-Millions.webp\"},{\"@type\":\"BreadcrumbList\",\"@id\":\"https:\/\/lottomat.com\/de\/spielen\/mega-millions\/#breadcrumb\",\"itemListElement\":[{\"@type\":\"ListItem\",\"position\":1,\"name\":\"Home\",\"item\":\"https:\/\/lottomat.com\/de\/\"},{\"@type\":\"ListItem\",\"position\":2,\"name\":\"Lotto Online Spielen\",\"item\":\"https:\/\/lottomat.com\/de\/spielen\/\"},{\"@type\":\"ListItem\",\"position\":3,\"name\":\"Mega Millions Online Spielen \u2013 Mega Millions-Scheine\"}]},{\"@type\":\"WebSite\",\"@id\":\"https:\/\/lottomat.com\/de\/#website\",\"url\":\"https:\/\/lottomat.com\/de\/\",\"name\":\"Lottomat\",\"description\":\"\",\"potentialAction\":[{\"@type\":\"SearchAction\",\"target\":{\"@type\":\"EntryPoint\",\"urlTemplate\":\"https:\/\/lottomat.com\/de\/?s={search_term_string}\"},\"query-input\":{\"@type\":\"PropertyValueSpecification\",\"valueRequired\":true,\"valueName\":\"search_term_string\"}}],\"inLanguage\":\"de\"}]}<\/script>\n<!-- \/ Yoast SEO plugin. -->","yoast_head_json":{"title":"Mega Millions Lotterie-Scheine - Mega Millions Online Spielen - LottoMat","description":"Spielen Sie Mega Millions Online-Lotterie bei LottoMat und gewinnen Sie ein Verm\u00f6gen! Kaufen Sie heute Mega Millions-Scheine online - machen Sie mit! Knacken Sie jetzt den Jackpot!","robots":{"index":"index","follow":"follow","max-snippet":"max-snippet:-1","max-image-preview":"max-image-preview:large","max-video-preview":"max-video-preview:-1"},"canonical":"https:\/\/lottomat.com\/de\/spielen\/mega-millions\/","og_locale":"de_DE","og_type":"article","og_title":"Mega Millions Lotterie-Scheine - Mega Millions Online Spielen - LottoMat","og_description":"Spielen Sie Mega Millions Online-Lotterie bei LottoMat und gewinnen Sie ein Verm\u00f6gen! Kaufen Sie heute Mega Millions-Scheine online - machen Sie mit! Knacken Sie jetzt den Jackpot!","og_url":"https:\/\/lottomat.com\/de\/spielen\/mega-millions\/","og_site_name":"Lottomat","article_modified_time":"2026-02-01T14:40:27+00:00","og_image":[{"url":"https:\/\/lottomat.com\/wp-content\/uploads\/2025\/10\/play-Mega-Millions.webp"}],"twitter_card":"summary_large_image","twitter_misc":{"Gesch\u00e4tzte Lesezeit":"7\u00a0Minuten"},"schema":{"@context":"https:\/\/schema.org","@graph":[{"@type":"WebPage","@id":"https:\/\/lottomat.com\/de\/spielen\/mega-millions\/","url":"https:\/\/lottomat.com\/de\/spielen\/mega-millions\/","name":"Mega Millions Lotterie-Scheine - Mega Millions Online Spielen - LottoMat","isPartOf":{"@id":"https:\/\/lottomat.com\/de\/#website"},"primaryImageOfPage":{"@id":"https:\/\/lottomat.com\/de\/spielen\/mega-millions\/#primaryimage"},"image":{"@id":"https:\/\/lottomat.com\/de\/spielen\/mega-millions\/#primaryimage"},"thumbnailUrl":"https:\/\/lottomat.com\/wp-content\/uploads\/2025\/10\/play-Mega-Millions.webp","datePublished":"2025-03-26T07:54:05+00:00","dateModified":"2026-02-01T14:40:27+00:00","description":"Spielen Sie Mega Millions Online-Lotterie bei LottoMat und gewinnen Sie ein Verm\u00f6gen! Kaufen Sie heute Mega Millions-Scheine online - machen Sie mit! Knacken Sie jetzt den Jackpot!","breadcrumb":{"@id":"https:\/\/lottomat.com\/de\/spielen\/mega-millions\/#breadcrumb"},"inLanguage":"de","potentialAction":[{"@type":"ReadAction","target":["https:\/\/lottomat.com\/de\/spielen\/mega-millions\/"]}]},{"@type":"ImageObject","inLanguage":"de","@id":"https:\/\/lottomat.com\/de\/spielen\/mega-millions\/#primaryimage","url":"https:\/\/lottomat.com\/wp-content\/uploads\/2025\/10\/play-Mega-Millions.webp","contentUrl":"https:\/\/lottomat.com\/wp-content\/uploads\/2025\/10\/play-Mega-Millions.webp"},{"@type":"BreadcrumbList","@id":"https:\/\/lottomat.com\/de\/spielen\/mega-millions\/#breadcrumb","itemListElement":[{"@type":"ListItem","position":1,"name":"Home","item":"https:\/\/lottomat.com\/de\/"},{"@type":"ListItem","position":2,"name":"Lotto Online Spielen","item":"https:\/\/lottomat.com\/de\/spielen\/"},{"@type":"ListItem","position":3,"name":"Mega Millions Online Spielen \u2013 Mega Millions-Scheine"}]},{"@type":"WebSite","@id":"https:\/\/lottomat.com\/de\/#website","url":"https:\/\/lottomat.com\/de\/","name":"Lottomat","description":"","potentialAction":[{"@type":"SearchAction","target":{"@type":"EntryPoint","urlTemplate":"https:\/\/lottomat.com\/de\/?s={search_term_string}"},"query-input":{"@type":"PropertyValueSpecification","valueRequired":true,"valueName":"search_term_string"}}],"inLanguage":"de"}]}},"_links":{"self":[{"href":"https:\/\/lottomat.com\/de\/wp-json\/wp\/v2\/pages\/8596","targetHints":{"allow":["GET"]}}],"collection":[{"href":"https:\/\/lottomat.com\/de\/wp-json\/wp\/v2\/pages"}],"about":[{"href":"https:\/\/lottomat.com\/de\/wp-json\/wp\/v2\/types\/page"}],"author":[{"embeddable":true,"href":"https:\/\/lottomat.com\/de\/wp-json\/wp\/v2\/users\/1"}],"replies":[{"embeddable":true,"href":"https:\/\/lottomat.com\/de\/wp-json\/wp\/v2\/comments?post=8596"}],"version-history":[{"count":1,"href":"https:\/\/lottomat.com\/de\/wp-json\/wp\/v2\/pages\/8596\/revisions"}],"predecessor-version":[{"id":269977,"href":"https:\/\/lottomat.com\/de\/wp-json\/wp\/v2\/pages\/8596\/revisions\/269977"}],"up":[{"embeddable":true,"href":"https:\/\/lottomat.com\/de\/wp-json\/wp\/v2\/pages\/6772"}],"wp:attachment":[{"href":"https:\/\/lottomat.com\/de\/wp-json\/wp\/v2\/media?parent=8596"}],"curies":[{"name":"wp","href":"https:\/\/api.w.org\/{rel}","templated":true}]}}