{"id":8436,"date":"2025-03-26T09:57:55","date_gmt":"2025-03-26T09:57:55","guid":{"rendered":"https:\/\/lottomat.net\/lotto-spielen\/set-for-life-online-spielen\/"},"modified":"2026-05-11T14:33:44","modified_gmt":"2026-05-11T14:33:44","slug":"set-for-life","status":"publish","type":"page","link":"https:\/\/lottomat.com\/de\/spielen\/set-for-life\/","title":{"rendered":"Set for Life Online spielen &#8211; Set For Life UK Tickets"},"content":{"rendered":"\n\n<div class=\"kk-star-ratings kksr-auto kksr-align-left kksr-valign-top\"\n    data-payload='{&quot;align&quot;:&quot;left&quot;,&quot;id&quot;:&quot;8436&quot;,&quot;slug&quot;:&quot;default&quot;,&quot;valign&quot;:&quot;top&quot;,&quot;ignore&quot;:&quot;&quot;,&quot;reference&quot;:&quot;auto&quot;,&quot;class&quot;:&quot;&quot;,&quot;count&quot;:&quot;0&quot;,&quot;legendonly&quot;:&quot;&quot;,&quot;readonly&quot;:&quot;&quot;,&quot;score&quot;:&quot;0&quot;,&quot;starsonly&quot;:&quot;&quot;,&quot;best&quot;:&quot;5&quot;,&quot;gap&quot;:&quot;5&quot;,&quot;greet&quot;:&quot;Rate this page&quot;,&quot;legend&quot;:&quot;0\\\/5 - (0 votes)&quot;,&quot;size&quot;:&quot;30&quot;,&quot;title&quot;:&quot;Set for Life Online spielen - Set For Life UK Tickets&quot;,&quot;width&quot;:&quot;0&quot;,&quot;_legend&quot;:&quot;{score}\\\/{best} - ({count} {votes})&quot;,&quot;font_factor&quot;:&quot;1.25&quot;}'>\n            \n<div class=\"kksr-stars\">\n    \n<div class=\"kksr-stars-inactive\">\n            <div class=\"kksr-star\" data-star=\"1\" style=\"padding-right: 5px\">\n            \n\n<div class=\"kksr-icon\" style=\"width: 30px; height: 30px;\"><\/div>\n        <\/div>\n            <div class=\"kksr-star\" data-star=\"2\" style=\"padding-right: 5px\">\n            \n\n<div class=\"kksr-icon\" style=\"width: 30px; height: 30px;\"><\/div>\n        <\/div>\n            <div class=\"kksr-star\" data-star=\"3\" style=\"padding-right: 5px\">\n            \n\n<div class=\"kksr-icon\" style=\"width: 30px; height: 30px;\"><\/div>\n        <\/div>\n            <div class=\"kksr-star\" data-star=\"4\" style=\"padding-right: 5px\">\n            \n\n<div class=\"kksr-icon\" style=\"width: 30px; height: 30px;\"><\/div>\n        <\/div>\n            <div class=\"kksr-star\" data-star=\"5\" style=\"padding-right: 5px\">\n            \n\n<div class=\"kksr-icon\" style=\"width: 30px; height: 30px;\"><\/div>\n        <\/div>\n    <\/div>\n    \n<div class=\"kksr-stars-active\" style=\"width: 0px;\">\n            <div class=\"kksr-star\" style=\"padding-right: 5px\">\n            \n\n<div class=\"kksr-icon\" style=\"width: 30px; height: 30px;\"><\/div>\n        <\/div>\n            <div class=\"kksr-star\" style=\"padding-right: 5px\">\n            \n\n<div class=\"kksr-icon\" style=\"width: 30px; height: 30px;\"><\/div>\n        <\/div>\n            <div class=\"kksr-star\" style=\"padding-right: 5px\">\n            \n\n<div class=\"kksr-icon\" style=\"width: 30px; height: 30px;\"><\/div>\n        <\/div>\n            <div class=\"kksr-star\" style=\"padding-right: 5px\">\n            \n\n<div class=\"kksr-icon\" style=\"width: 30px; height: 30px;\"><\/div>\n        <\/div>\n            <div class=\"kksr-star\" style=\"padding-right: 5px\">\n            \n\n<div class=\"kksr-icon\" style=\"width: 30px; height: 30px;\"><\/div>\n        <\/div>\n    <\/div>\n<\/div>\n                \n\n<div class=\"kksr-legend\" style=\"font-size: 24px;\">\n            <span class=\"kksr-muted\">Rate this page<\/span>\n    <\/div>\n    <\/div>\n<h2>Was ist Set For Life UK?<\/h2>\n<p>Set For Life UK ist ein besonderes Lotteriespiel der National Lottery, das im M\u00e4rz 2019 eingef\u00fchrt wurde. Im Gegensatz zu herk\u00f6mmlichen Lotterien, die Einmalzahlungen anbieten, garantiert Set For Life monatliche Zahlungen \u00fcber einen l\u00e4ngeren Zeitraum. Sie k\u00f6nnen Set For Life online und offline spielen.<img loading=\"lazy\" decoding=\"async\" class=\"alignright wp-image-265638\" src=\"https:\/\/lottomat.com\/wp-content\/uploads\/2026\/01\/buy-Set-For-Life-ticket.webp\" alt=\"Set For Life Ticket kaufen\" width=\"200\" height=\"200\" srcset=\"https:\/\/lottomat.com\/wp-content\/uploads\/2026\/01\/buy-Set-For-Life-ticket.webp 400w, https:\/\/lottomat.com\/wp-content\/uploads\/2026\/01\/buy-Set-For-Life-ticket-300x300.webp 300w, https:\/\/lottomat.com\/wp-content\/uploads\/2026\/01\/buy-Set-For-Life-ticket-150x150.webp 150w, https:\/\/lottomat.com\/wp-content\/uploads\/2026\/01\/buy-Set-For-Life-ticket-100x100.webp 100w\" sizes=\"auto, (max-width: 200px) 100vw, 200px\" \/><\/p>\n<p>Die Spieler w\u00e4hlen <strong>f\u00fcnf Hauptzahlen von 1 bis 47<\/strong> sowie <strong>eine Life Ball-Zahl von 1 bis 10<\/strong>. Die Ziehungen finden zweimal w\u00f6chentlich montags und donnerstags abends gegen 20:00 Uhr statt. Der Hauptgewinn betr\u00e4gt <strong>\u00a310.000 monatlich f\u00fcr 30 Jahre \u2013<\/strong> insgesamt \u00a33,6 Millionen. Der zweite Gewinn bietet \u00a310.000 monatlich f\u00fcr ein Jahr.<\/p>\n<p>Der Hauptgewinn wird nicht \u00fcbertragen, wenn er nicht gewonnen wird; er bleibt konstant bei \u00a310.000 monatlich f\u00fcr 30 Jahre. Wenn mehrere Spieler den Jackpot gewinnen, erh\u00e4lt jeder Gewinner die vollen \u00a310.000 monatlich individuell \u2013 der Preis wird nicht geteilt. Die Gesamtgewinnchance betr\u00e4gt <strong>1 zu 12,4<\/strong>. Die Chance, den Hauptgewinn zu gewinnen, liegt bei <strong>1 zu 15.339.390<\/strong>.<\/p>\n<h2>Wie kauft man Set For Life UK Tickets?<\/h2>\n<p>F\u00fcr britische Spieler ist der Kauf von Set For Life Lotteriescheinen bei rund 45.000 autorisierten National Lottery-Verkaufsstellen unkompliziert. Jede Reihe kostet <strong>\u00a31,50<\/strong>, und Sie k\u00f6nnen bis zu sieben Reihen pro Spielschein spielen. Sie k\u00f6nnen Ihre eigenen Zahlen ausw\u00e4hlen oder Lucky Dip f\u00fcr zuf\u00e4llige Auswahlen w\u00e4hlen. Au\u00dferdem m\u00fcssen die Tickets an Ziehungstagen (Montag und Donnerstag) vor 19:30 Uhr gekauft werden. Sie k\u00f6nnen Tickets bis zu vier Wochen im Voraus kaufen.<\/p>\n<h2>Wie kauft man Set For Life UK Tickets online?<\/h2>\n<p>Internationale Spieler und Personen au\u00dferhalb des Vereinigten K\u00f6nigreichs k\u00f6nnen \u00fcber lizenzierte Lotterie-Kurierdienste wie <strong>Lottomat<\/strong> teilnehmen. Diese Plattformen besch\u00e4ftigen lokale Agenten im Vereinigten K\u00f6nigreich, die autorisierte H\u00e4ndler pers\u00f6nlich aufsuchen, um <a href=\"https:\/\/lottomat.com\/de\/spielen\/\">offizielle Lotteriescheine<\/a> in Ihrem Auftrag zu kaufen.<\/p>\n<p><img loading=\"lazy\" decoding=\"async\" class=\"alignleft wp-image-265669\" src=\"https:\/\/lottomat.com\/wp-content\/uploads\/2026\/01\/play-Set-For-Life.webp\" alt=\"Set For Life spielen\" width=\"200\" height=\"200\" srcset=\"https:\/\/lottomat.com\/wp-content\/uploads\/2026\/01\/play-Set-For-Life.webp 400w, https:\/\/lottomat.com\/wp-content\/uploads\/2026\/01\/play-Set-For-Life-300x300.webp 300w, https:\/\/lottomat.com\/wp-content\/uploads\/2026\/01\/play-Set-For-Life-150x150.webp 150w, https:\/\/lottomat.com\/wp-content\/uploads\/2026\/01\/play-Set-For-Life-100x100.webp 100w\" sizes=\"auto, (max-width: 200px) 100vw, 200px\" \/>Wenn Sie eine Bestellung \u00fcber Lottomat aufgeben, w\u00e4hlen Sie Ihre f\u00fcnf Hauptzahlen (1\u201347) und einen Life Ball (1\u201310) oder entscheiden sich f\u00fcr Quick Pick. Nach der sicheren Zahlung kaufen Lottomats Agenten Ihre offiziellen Tickets vor dem Einsendeschluss. Anschlie\u00dfend wird jedes Ticket digital gescannt und in Ihr sicheres Konto hochgeladen, was einen nachpr\u00fcfbaren Nachweis liefert. Die physischen Tickets werden sicher aufbewahrt und sind vor Verlust oder Besch\u00e4digung gesch\u00fctzt.<\/p>\n<p>Dieser Online-Zugang erm\u00f6glicht es Spielern aus Europa, Asien, Australien und dar\u00fcber hinaus, um dieselben lebensver\u00e4ndernden monatlichen Zahlungen wie britische Einwohner zu konkurrieren.<\/p>\n<h2>Was kostet ein Set For Life UK Ticket?<\/h2>\n<p>Offizielle Set For Life Tickets kosten \u00a31,50 pro Reihe bei britischen H\u00e4ndlern. Beim Spielen \u00fcber die <a href=\"https:\/\/lottomat.com\/de\/\">Lottomat-Plattform<\/a> umfasst der Preis die offiziellen Ticketkosten zuz\u00fcglich Servicegeb\u00fchren. <strong>F\u00fcgen Sie einfach die gew\u00fcnschte Anzahl an Reihen in Ihren Warenkorb<\/strong>, und das Bestellformular von Lottomat zeigt den Gesamtbetrag vor dem Kauf an. Dieser transparente Preis beinhaltet den Ticketpreis, Servicegeb\u00fchren, Scandienstleistungen, automatische Ergebnis\u00fcberpr\u00fcfung und Hilfe bei der Gewinnanspruchstellung.<\/p>\n<h2>Wie spielt man Set For Life UK online?<\/h2>\n<p>Das Spielen \u00fcber Lottomat ist unkompliziert. Erstellen Sie zun\u00e4chst ein Konto mit grundlegenden Angaben und Altersverifizierung. Navigieren Sie dann zum Set For Life UK-Bereich und w\u00e4hlen Sie Ihre f\u00fcnf Hauptzahlen (1\u201347) und einen Life Ball (1\u201310), oder nutzen Sie Quick Pick f\u00fcr eine zuf\u00e4llige Auswahl. Geben Sie anschlie\u00dfend an, an welchen Ziehungen Sie teilnehmen m\u00f6chten \u2013 Montag, Donnerstag oder beide \u2013 und f\u00fcr wie viele aufeinanderfolgende Wochen Sie spielen m\u00f6chten.<\/p>\n<p>Nach der Zahlungsbest\u00e4tigung kaufen Lottomats Agenten Ihre offiziellen Tickets vor dem Einsendeschluss. Die gescannten Tickets werden anschlie\u00dfend innerhalb weniger Stunden in Ihr Konto hochgeladen und liefern einen digitalen Nachweis. Nach jeder Ziehung \u00fcberpr\u00fcft Lottomat automatisch die Tickets und benachrichtigt Sie \u00fcber Gewinne. Kleine Gewinne werden Ihrem Konto gutgeschrieben, w\u00e4hrend bei gr\u00f6\u00dferen Gewinnen Unterst\u00fctzung bei der Anspruchstellung geleistet wird.<\/p>\n<h2>Kann ich mehrere Set For Life UK Tickets online kaufen?<\/h2>\n<p>Ja, Lottomat erm\u00f6glicht den Kauf von <strong>bis zu 20 Reihen in einer einzigen Bestellung<\/strong>. Dies kommt verschiedenen Spielstilen entgegen \u2013 Gelegenheitsspieler kaufen vielleicht eine oder zwei Reihen, w\u00e4hrend begeisterte Enthusiasten das Limit von 20 Reihen aussch\u00f6pfen k\u00f6nnen, um 20 Gewinnchancen zu erhalten. Dar\u00fcber hinaus erm\u00f6glicht die Mehrfachreihen-Option das gleichzeitige Testen verschiedener Strategien und eignet sich f\u00fcr Lotterie-Pools oder Syndikate. Der Kauf mehrerer Reihen in einer Bestellung ist effizienter, mit einer zusammengefassten<img loading=\"lazy\" decoding=\"async\" class=\"alignright wp-image-265700\" src=\"https:\/\/lottomat.com\/wp-content\/uploads\/2026\/01\/Set-For-Life-online.webp\" alt=\"Set For Life online\" width=\"200\" height=\"200\" srcset=\"https:\/\/lottomat.com\/wp-content\/uploads\/2026\/01\/Set-For-Life-online.webp 400w, https:\/\/lottomat.com\/wp-content\/uploads\/2026\/01\/Set-For-Life-online-300x300.webp 300w, https:\/\/lottomat.com\/wp-content\/uploads\/2026\/01\/Set-For-Life-online-150x150.webp 150w, https:\/\/lottomat.com\/wp-content\/uploads\/2026\/01\/Set-For-Life-online-100x100.webp 100w\" sizes=\"auto, (max-width: 200px) 100vw, 200px\" \/> Best\u00e4tigung und allen Tickets \u00fcbersichtlich zusammen organisiert.<\/p>\n<h2>Kann ich Set For Life UK Tickets online f\u00fcr mehrere Ziehungen kaufen?<\/h2>\n<p>Absolut. Lottomat erm\u00f6glicht den Kauf von Tickets f\u00fcr <strong>bis zu acht aufeinanderfolgende Ziehungen<\/strong>. Bei zweimal w\u00f6chentlichen Ziehungen decken acht aufeinanderfolgende Ziehungen vier volle Wochen ab. Dies ist ideal f\u00fcr volle Terminkalender oder kontinuierliches Spielen ohne wiederholte Anmeldungen. Sie k\u00f6nnten zum Beispiel 20 Reihen f\u00fcr acht aufeinanderfolgende Ziehungen in einer Transaktion kaufen und so an insgesamt 16 Ziehungen mit jeweils 20 Kombinationen teilnehmen. Dieser Voraustkauf funktioniert au\u00dferdem wie ein Abonnement ohne automatische Verl\u00e4ngerung \u2013 nach acht Ziehungen entscheiden Sie, ob Sie erneut kaufen m\u00f6chten.<\/p>\n<h2>Wie \u00fcberpr\u00fcft man Set For Life UK Online-Ergebnisse?<\/h2>\n<p><a href=\"https:\/\/lottomat.com\/de\/ergebnisse\/\">Die \u00dcberpr\u00fcfung von Lotterieergebnissen<\/a> \u00fcber Lottomat ist mit mehreren verf\u00fcgbaren Methoden ganz einfach. Das automatische Ergebnisbenachrichtigungssystem vergleicht Ihre Tickets nach jeder Ziehung mit den offiziellen Ergebnissen und sendet E-Mail-Benachrichtigungen bei Gewinnen. Dar\u00fcber hinaus k\u00f6nnen Sie die <a href=\"https:\/\/lottomat.com\/de\/ergebnisse\/set-for-life\/\">Set For Life UK-Ergebnisse<\/a> direkt in Ihrem Lottomat-Konto einsehen, das den Ticket-Status \u00fcbersichtlich anzeigt. Die Plattform pflegt eine umfassende Ziehungshistorie zur \u00dcberpr\u00fcfung vergangener Ergebnisse.<\/p>\n<p>F\u00fcr eine Echtzeit-\u00dcberpr\u00fcfung ver\u00f6ffentlicht die Website der National Lottery kurz nach jeder Ziehung um 20:00 Uhr die Gewinnzahlen, wobei die Ziehungen live auf der Website der National Lottery und auf dem YouTube-Kanal \u00fcbertragen werden.<\/p>\n<h2>Scannt LottoMat Set For Life UK Tickets online?<\/h2>\n<p><img loading=\"lazy\" decoding=\"async\" class=\"alignleft wp-image-265730\" src=\"https:\/\/lottomat.com\/wp-content\/uploads\/2026\/01\/Set-For-Life-tickets.webp\" alt=\"Set For Life Tickets\" width=\"200\" height=\"200\" srcset=\"https:\/\/lottomat.com\/wp-content\/uploads\/2026\/01\/Set-For-Life-tickets.webp 400w, https:\/\/lottomat.com\/wp-content\/uploads\/2026\/01\/Set-For-Life-tickets-300x300.webp 300w, https:\/\/lottomat.com\/wp-content\/uploads\/2026\/01\/Set-For-Life-tickets-150x150.webp 150w, https:\/\/lottomat.com\/wp-content\/uploads\/2026\/01\/Set-For-Life-tickets-100x100.webp 100w\" sizes=\"auto, (max-width: 200px) 100vw, 200px\" \/>Ja, Lottomat scannt und speichert jeden offiziellen Set For Life UK Lottoschein digital. Kurz nachdem die Agenten Ihre Tickets gekauft haben, wird jedes einzelne mit hochwertiger Bildtechnologie digital gescannt, wobei alle wichtigen Informationen erfasst werden. Diese Scans werden in Ihr sicheres Konto hochgeladen, in der Regel innerhalb weniger Stunden und immer vor der Ziehung.<\/p>\n<p>Sie k\u00f6nnen klare Bilder jedes Tickets einsehen, die einen nachpr\u00fcfbaren Nachweis liefern. Die gescannten Tickets best\u00e4tigen insbesondere sofort die erfolgreiche Bestellabwicklung, dienen als digitale Sicherungskopien und erm\u00f6glichen die \u00dcberpr\u00fcfung, ob die Zahlen korrekt erfasst wurden. Die physischen Tickets werden derweil sicher aufbewahrt und vor Verlust oder Besch\u00e4digung gesch\u00fctzt. Bei Gewinnreklamationen erweist sich das Vorhandensein sowohl physischer Tickets als auch digitaler Scans als unsch\u00e4tzbar wertvoll.<\/p>\n<h2>Was sind die besten Tipps f\u00fcr Set For Life UK online?<\/h2>\n<p>Um das Beste aus Ihrem Set For Life UK-Erlebnis herauszuholen, empfehlen sich folgende clevere Strategien:<\/p>\n<ul class=\"list\">\n<li><strong>Chancen verstehen<\/strong>: Die Hauptgewinnchance liegt bei 1 zu 15.339.390, w\u00e4hrend die Gesamtgewinnchance bei 1 zu 12,4 liegt. Das Verst\u00e4ndnis dieser Chancen hilft dabei, realistische Erwartungen zu setzen und ein verantwortungsbewusstes Budget einzuhalten.<\/li>\n<li><strong>Verantwortungsvoll spielen<\/strong>: Geben Sie nie mehr aus, als Sie sich leisten k\u00f6nnen zu verlieren. Setzen Sie strenge Budgetgrenzen und betrachten Sie das Lotteriespiel als Unterhaltung, nicht als Investition.<\/li>\n<li><strong>Vorausplanung nutzen<\/strong>: Kaufen Sie Tickets f\u00fcr bis zu acht aufeinanderfolgende Ziehungen, um keine Ziehung zu verpassen. Kontinuierliche Teilnahme bedeutet, dass Sie immer im Rennen sind.<\/li>\n<li><strong>Manuelle Auswahl und Quick Pick kombinieren<\/strong>: Verbinden Sie pers\u00f6nliche Gl\u00fcckszahlen mit zuf\u00e4lligen Quick Pick-Auswahlen f\u00fcr mehr Abwechslung in Ihrer Strategie.<\/li>\n<li><strong>Den Life Ball ber\u00fccksichtigen<\/strong>: Der Life Ball wird aus nur 10 Zahlen (1\u201310) gezogen und ist entscheidend f\u00fcr die beiden h\u00f6chsten Gewinnklassen. Er kann mit einer Hauptzahl \u00fcbereinstimmen.<\/li>\n<li><strong>Mehrere Reihen nutzen<\/strong>: Bis zu 20 Reihen pro Ziehung zu spielen erh\u00f6ht Ihre Chancen proportional. 20 verschiedene Kombinationen geben Ihnen 20 M\u00f6glichkeiten, die Gewinnzahlen zu treffen.<\/li>\n<li><strong><img loading=\"lazy\" decoding=\"async\" class=\"alignright wp-image-265761\" style=\"font-weight: 500;\" src=\"https:\/\/lottomat.com\/wp-content\/uploads\/2026\/01\/Set-For-Life-UK-online.webp\" alt=\"Set For Life UK online\" width=\"200\" height=\"200\" srcset=\"https:\/\/lottomat.com\/wp-content\/uploads\/2026\/01\/Set-For-Life-UK-online.webp 400w, https:\/\/lottomat.com\/wp-content\/uploads\/2026\/01\/Set-For-Life-UK-online-300x300.webp 300w, https:\/\/lottomat.com\/wp-content\/uploads\/2026\/01\/Set-For-Life-UK-online-150x150.webp 150w, https:\/\/lottomat.com\/wp-content\/uploads\/2026\/01\/Set-For-Life-UK-online-100x100.webp 100w\" sizes=\"auto, (max-width: 200px) 100vw, 200px\" \/>Lotterie-Pools beitreten<\/strong>: Als Teil eines Syndikats zu spielen erm\u00f6glicht den Kauf von mehr Reihen bei geteilten Kosten, was die Gewinnchancen der Gruppe erheblich steigert und gleichzeitig die individuellen Kosten \u00fcberschaubar h\u00e4lt.<\/li>\n<li><strong>Tickets sofort \u00fcberpr\u00fcfen<\/strong>: Kontrollieren Sie die gescannten Tickets, sobald sie in Ihrem Konto erscheinen, um sicherzustellen, dass die Zahlen korrekt erfasst wurden.<\/li>\n<li><strong>Die Rentenstruktur verstehen<\/strong>: Der Jackpot bietet \u00a310.000 monatlich f\u00fcr 30 Jahre (insgesamt \u00a33,6 Millionen), w\u00e4hrend der zweite Gewinn \u00a310.000 monatlich f\u00fcr ein Jahr bietet. Dabei handelt es sich um echte Rentengewinne mit garantierten Zahlungen.<\/li>\n<li><strong>Auf dem Laufenden bleiben<\/strong>: Die Ziehungen finden jeden Montag und Donnerstag um 20:00 Uhr statt, wobei der Verkauf um 19:30 Uhr endet. Den Zeitplan zu kennen hilft bei der Planung Ihrer Teilnahme.<\/li>\n<\/ul>\n<p>Durch die Anwendung dieser Strategien auf der Lottomat-Plattform optimieren Sie Ihr Set For Life UK-Erlebnis. Auch wenn keine Strategie den Erfolg garantiert, macht informiertes Spielen mehr Freude und hilft dabei, das Budget verantwortungsvoll zu verwalten.<\/p>\n<p><strong>Sind Sie bereit, Set For Life UK online zu spielen? Machen Sie jetzt mit!<\/strong><\/p>\n","protected":false},"excerpt":{"rendered":"<p>Was ist Set For Life UK? Set For Life UK ist ein besonderes Lotteriespiel der National Lottery, das im M\u00e4rz 2019 eingef\u00fchrt wurde. Im Gegensatz zu herk\u00f6mmlichen Lotterien, die Einmalzahlungen anbieten, garantiert Set For Life monatliche Zahlungen \u00fcber einen l\u00e4ngeren Zeitraum. Sie k\u00f6nnen Set For Life online und offline spielen. Die Spieler w\u00e4hlen f\u00fcnf Hauptzahlen [&hellip;]<\/p>\n","protected":false},"author":1,"featured_media":0,"parent":6772,"menu_order":15,"comment_status":"closed","ping_status":"closed","template":"set-for-life.php","meta":{"_et_pb_use_builder":"","_et_pb_old_content":"","_et_gb_content_width":"","exclude_from_search":false,"footnotes":""},"class_list":["post-8436","page","type-page","status-publish","hentry"],"yoast_head":"<!-- This site is optimized with the Yoast SEO plugin v23.8 - https:\/\/yoast.com\/wordpress\/plugins\/seo\/ -->\n<title>Set for Life Online spielen - Set For Life UK Tickets - Lottomat<\/title>\n<meta name=\"description\" content=\"Spielen Sie Set for Life noch heute online und gewinnen Sie morgen! Hier k\u00f6nnen Sie Set for Life Lotteriescheine online kaufen.\" \/>\n<meta name=\"robots\" content=\"index, follow, max-snippet:-1, max-image-preview:large, max-video-preview:-1\" \/>\n<link rel=\"canonical\" href=\"https:\/\/lottomat.com\/de\/spielen\/set-for-life\/\" \/>\n<meta property=\"og:locale\" content=\"de_DE\" \/>\n<meta property=\"og:type\" content=\"article\" \/>\n<meta property=\"og:title\" content=\"Set for Life Online spielen - Set For Life UK Tickets - Lottomat\" \/>\n<meta property=\"og:description\" content=\"Spielen Sie Set for Life noch heute online und gewinnen Sie morgen! Hier k\u00f6nnen Sie Set for Life Lotteriescheine online kaufen.\" \/>\n<meta property=\"og:url\" content=\"https:\/\/lottomat.com\/de\/spielen\/set-for-life\/\" \/>\n<meta property=\"og:site_name\" content=\"Lottomat\" \/>\n<meta property=\"article:modified_time\" content=\"2026-05-11T14:33:44+00:00\" \/>\n<meta property=\"og:image\" content=\"https:\/\/lottomat.com\/wp-content\/uploads\/2026\/01\/buy-Set-For-Life-ticket.webp\" \/>\n\t<meta property=\"og:image:width\" content=\"400\" \/>\n\t<meta property=\"og:image:height\" content=\"400\" \/>\n\t<meta property=\"og:image:type\" content=\"image\/webp\" \/>\n<meta name=\"twitter:card\" content=\"summary_large_image\" \/>\n<meta name=\"twitter:label1\" content=\"Gesch\u00e4tzte Lesezeit\" \/>\n\t<meta name=\"twitter:data1\" content=\"7\u00a0Minuten\" \/>\n<script type=\"application\/ld+json\" class=\"yoast-schema-graph\">{\"@context\":\"https:\/\/schema.org\",\"@graph\":[{\"@type\":\"WebPage\",\"@id\":\"https:\/\/lottomat.com\/de\/spielen\/set-for-life\/\",\"url\":\"https:\/\/lottomat.com\/de\/spielen\/set-for-life\/\",\"name\":\"Set for Life Online spielen - Set For Life UK Tickets - Lottomat\",\"isPartOf\":{\"@id\":\"https:\/\/lottomat.com\/de\/#website\"},\"primaryImageOfPage\":{\"@id\":\"https:\/\/lottomat.com\/de\/spielen\/set-for-life\/#primaryimage\"},\"image\":{\"@id\":\"https:\/\/lottomat.com\/de\/spielen\/set-for-life\/#primaryimage\"},\"thumbnailUrl\":\"https:\/\/lottomat.com\/wp-content\/uploads\/2026\/01\/buy-Set-For-Life-ticket.webp\",\"datePublished\":\"2025-03-26T09:57:55+00:00\",\"dateModified\":\"2026-05-11T14:33:44+00:00\",\"description\":\"Spielen Sie Set for Life noch heute online und gewinnen Sie morgen! Hier k\u00f6nnen Sie Set for Life Lotteriescheine online kaufen.\",\"breadcrumb\":{\"@id\":\"https:\/\/lottomat.com\/de\/spielen\/set-for-life\/#breadcrumb\"},\"inLanguage\":\"de\",\"potentialAction\":[{\"@type\":\"ReadAction\",\"target\":[\"https:\/\/lottomat.com\/de\/spielen\/set-for-life\/\"]}]},{\"@type\":\"ImageObject\",\"inLanguage\":\"de\",\"@id\":\"https:\/\/lottomat.com\/de\/spielen\/set-for-life\/#primaryimage\",\"url\":\"https:\/\/lottomat.com\/wp-content\/uploads\/2026\/01\/buy-Set-For-Life-ticket.webp\",\"contentUrl\":\"https:\/\/lottomat.com\/wp-content\/uploads\/2026\/01\/buy-Set-For-Life-ticket.webp\"},{\"@type\":\"BreadcrumbList\",\"@id\":\"https:\/\/lottomat.com\/de\/spielen\/set-for-life\/#breadcrumb\",\"itemListElement\":[{\"@type\":\"ListItem\",\"position\":1,\"name\":\"Home\",\"item\":\"https:\/\/lottomat.com\/de\/\"},{\"@type\":\"ListItem\",\"position\":2,\"name\":\"Lotto Online Spielen\",\"item\":\"https:\/\/lottomat.com\/de\/spielen\/\"},{\"@type\":\"ListItem\",\"position\":3,\"name\":\"Set for Life Online spielen &#8211; Set For Life UK Tickets\"}]},{\"@type\":\"WebSite\",\"@id\":\"https:\/\/lottomat.com\/de\/#website\",\"url\":\"https:\/\/lottomat.com\/de\/\",\"name\":\"Lottomat\",\"description\":\"\",\"potentialAction\":[{\"@type\":\"SearchAction\",\"target\":{\"@type\":\"EntryPoint\",\"urlTemplate\":\"https:\/\/lottomat.com\/de\/?s={search_term_string}\"},\"query-input\":{\"@type\":\"PropertyValueSpecification\",\"valueRequired\":true,\"valueName\":\"search_term_string\"}}],\"inLanguage\":\"de\"}]}<\/script>\n<!-- \/ Yoast SEO plugin. -->","yoast_head_json":{"title":"Set for Life Online spielen - Set For Life UK Tickets - Lottomat","description":"Spielen Sie Set for Life noch heute online und gewinnen Sie morgen! Hier k\u00f6nnen Sie Set for Life Lotteriescheine online kaufen.","robots":{"index":"index","follow":"follow","max-snippet":"max-snippet:-1","max-image-preview":"max-image-preview:large","max-video-preview":"max-video-preview:-1"},"canonical":"https:\/\/lottomat.com\/de\/spielen\/set-for-life\/","og_locale":"de_DE","og_type":"article","og_title":"Set for Life Online spielen - Set For Life UK Tickets - Lottomat","og_description":"Spielen Sie Set for Life noch heute online und gewinnen Sie morgen! Hier k\u00f6nnen Sie Set for Life Lotteriescheine online kaufen.","og_url":"https:\/\/lottomat.com\/de\/spielen\/set-for-life\/","og_site_name":"Lottomat","article_modified_time":"2026-05-11T14:33:44+00:00","og_image":[{"width":400,"height":400,"url":"https:\/\/lottomat.com\/wp-content\/uploads\/2026\/01\/buy-Set-For-Life-ticket.webp","type":"image\/webp"}],"twitter_card":"summary_large_image","twitter_misc":{"Gesch\u00e4tzte Lesezeit":"7\u00a0Minuten"},"schema":{"@context":"https:\/\/schema.org","@graph":[{"@type":"WebPage","@id":"https:\/\/lottomat.com\/de\/spielen\/set-for-life\/","url":"https:\/\/lottomat.com\/de\/spielen\/set-for-life\/","name":"Set for Life Online spielen - Set For Life UK Tickets - Lottomat","isPartOf":{"@id":"https:\/\/lottomat.com\/de\/#website"},"primaryImageOfPage":{"@id":"https:\/\/lottomat.com\/de\/spielen\/set-for-life\/#primaryimage"},"image":{"@id":"https:\/\/lottomat.com\/de\/spielen\/set-for-life\/#primaryimage"},"thumbnailUrl":"https:\/\/lottomat.com\/wp-content\/uploads\/2026\/01\/buy-Set-For-Life-ticket.webp","datePublished":"2025-03-26T09:57:55+00:00","dateModified":"2026-05-11T14:33:44+00:00","description":"Spielen Sie Set for Life noch heute online und gewinnen Sie morgen! Hier k\u00f6nnen Sie Set for Life Lotteriescheine online kaufen.","breadcrumb":{"@id":"https:\/\/lottomat.com\/de\/spielen\/set-for-life\/#breadcrumb"},"inLanguage":"de","potentialAction":[{"@type":"ReadAction","target":["https:\/\/lottomat.com\/de\/spielen\/set-for-life\/"]}]},{"@type":"ImageObject","inLanguage":"de","@id":"https:\/\/lottomat.com\/de\/spielen\/set-for-life\/#primaryimage","url":"https:\/\/lottomat.com\/wp-content\/uploads\/2026\/01\/buy-Set-For-Life-ticket.webp","contentUrl":"https:\/\/lottomat.com\/wp-content\/uploads\/2026\/01\/buy-Set-For-Life-ticket.webp"},{"@type":"BreadcrumbList","@id":"https:\/\/lottomat.com\/de\/spielen\/set-for-life\/#breadcrumb","itemListElement":[{"@type":"ListItem","position":1,"name":"Home","item":"https:\/\/lottomat.com\/de\/"},{"@type":"ListItem","position":2,"name":"Lotto Online Spielen","item":"https:\/\/lottomat.com\/de\/spielen\/"},{"@type":"ListItem","position":3,"name":"Set for Life Online spielen &#8211; Set For Life UK Tickets"}]},{"@type":"WebSite","@id":"https:\/\/lottomat.com\/de\/#website","url":"https:\/\/lottomat.com\/de\/","name":"Lottomat","description":"","potentialAction":[{"@type":"SearchAction","target":{"@type":"EntryPoint","urlTemplate":"https:\/\/lottomat.com\/de\/?s={search_term_string}"},"query-input":{"@type":"PropertyValueSpecification","valueRequired":true,"valueName":"search_term_string"}}],"inLanguage":"de"}]}},"_links":{"self":[{"href":"https:\/\/lottomat.com\/de\/wp-json\/wp\/v2\/pages\/8436","targetHints":{"allow":["GET"]}}],"collection":[{"href":"https:\/\/lottomat.com\/de\/wp-json\/wp\/v2\/pages"}],"about":[{"href":"https:\/\/lottomat.com\/de\/wp-json\/wp\/v2\/types\/page"}],"author":[{"embeddable":true,"href":"https:\/\/lottomat.com\/de\/wp-json\/wp\/v2\/users\/1"}],"replies":[{"embeddable":true,"href":"https:\/\/lottomat.com\/de\/wp-json\/wp\/v2\/comments?post=8436"}],"version-history":[{"count":3,"href":"https:\/\/lottomat.com\/de\/wp-json\/wp\/v2\/pages\/8436\/revisions"}],"predecessor-version":[{"id":277680,"href":"https:\/\/lottomat.com\/de\/wp-json\/wp\/v2\/pages\/8436\/revisions\/277680"}],"up":[{"embeddable":true,"href":"https:\/\/lottomat.com\/de\/wp-json\/wp\/v2\/pages\/6772"}],"wp:attachment":[{"href":"https:\/\/lottomat.com\/de\/wp-json\/wp\/v2\/media?parent=8436"}],"curies":[{"name":"wp","href":"https:\/\/api.w.org\/{rel}","templated":true}]}}