{"id":8386,"date":"2025-03-26T07:52:23","date_gmt":"2025-03-26T07:52:23","guid":{"rendered":"https:\/\/lottomat.net\/lotto-spielen\/powerball-online-spielen\/"},"modified":"2026-02-01T14:53:17","modified_gmt":"2026-02-01T14:53:17","slug":"powerball","status":"publish","type":"page","link":"https:\/\/lottomat.com\/de\/spielen\/powerball\/","title":{"rendered":"Powerball Online Spielen &#8211; Powerball-Scheine"},"content":{"rendered":"\n\n<div class=\"kk-star-ratings kksr-auto kksr-align-left kksr-valign-top\"\n    data-payload='{&quot;align&quot;:&quot;left&quot;,&quot;id&quot;:&quot;8386&quot;,&quot;slug&quot;:&quot;default&quot;,&quot;valign&quot;:&quot;top&quot;,&quot;ignore&quot;:&quot;&quot;,&quot;reference&quot;:&quot;auto&quot;,&quot;class&quot;:&quot;&quot;,&quot;count&quot;:&quot;0&quot;,&quot;legendonly&quot;:&quot;&quot;,&quot;readonly&quot;:&quot;&quot;,&quot;score&quot;:&quot;0&quot;,&quot;starsonly&quot;:&quot;&quot;,&quot;best&quot;:&quot;5&quot;,&quot;gap&quot;:&quot;5&quot;,&quot;greet&quot;:&quot;Rate this page&quot;,&quot;legend&quot;:&quot;0\\\/5 - (0 votes)&quot;,&quot;size&quot;:&quot;30&quot;,&quot;title&quot;:&quot;Powerball Online Spielen - Powerball-Scheine&quot;,&quot;width&quot;:&quot;0&quot;,&quot;_legend&quot;:&quot;{score}\\\/{best} - ({count} {votes})&quot;,&quot;font_factor&quot;:&quot;1.25&quot;}'>\n            \n<div class=\"kksr-stars\">\n    \n<div class=\"kksr-stars-inactive\">\n            <div class=\"kksr-star\" data-star=\"1\" style=\"padding-right: 5px\">\n            \n\n<div class=\"kksr-icon\" style=\"width: 30px; height: 30px;\"><\/div>\n        <\/div>\n            <div class=\"kksr-star\" data-star=\"2\" style=\"padding-right: 5px\">\n            \n\n<div class=\"kksr-icon\" style=\"width: 30px; height: 30px;\"><\/div>\n        <\/div>\n            <div class=\"kksr-star\" data-star=\"3\" style=\"padding-right: 5px\">\n            \n\n<div class=\"kksr-icon\" style=\"width: 30px; height: 30px;\"><\/div>\n        <\/div>\n            <div class=\"kksr-star\" data-star=\"4\" style=\"padding-right: 5px\">\n            \n\n<div class=\"kksr-icon\" style=\"width: 30px; height: 30px;\"><\/div>\n        <\/div>\n            <div class=\"kksr-star\" data-star=\"5\" style=\"padding-right: 5px\">\n            \n\n<div class=\"kksr-icon\" style=\"width: 30px; height: 30px;\"><\/div>\n        <\/div>\n    <\/div>\n    \n<div class=\"kksr-stars-active\" style=\"width: 0px;\">\n            <div class=\"kksr-star\" style=\"padding-right: 5px\">\n            \n\n<div class=\"kksr-icon\" style=\"width: 30px; height: 30px;\"><\/div>\n        <\/div>\n            <div class=\"kksr-star\" style=\"padding-right: 5px\">\n            \n\n<div class=\"kksr-icon\" style=\"width: 30px; height: 30px;\"><\/div>\n        <\/div>\n            <div class=\"kksr-star\" style=\"padding-right: 5px\">\n            \n\n<div class=\"kksr-icon\" style=\"width: 30px; height: 30px;\"><\/div>\n        <\/div>\n            <div class=\"kksr-star\" style=\"padding-right: 5px\">\n            \n\n<div class=\"kksr-icon\" style=\"width: 30px; height: 30px;\"><\/div>\n        <\/div>\n            <div class=\"kksr-star\" style=\"padding-right: 5px\">\n            \n\n<div class=\"kksr-icon\" style=\"width: 30px; height: 30px;\"><\/div>\n        <\/div>\n    <\/div>\n<\/div>\n                \n\n<div class=\"kksr-legend\" style=\"font-size: 24px;\">\n            <span class=\"kksr-muted\">Rate this page<\/span>\n    <\/div>\n    <\/div>\n<h2><img loading=\"lazy\" decoding=\"async\" class=\"alignleft wp-image-252142\" src=\"https:\/\/lottomat.com\/wp-content\/uploads\/2025\/10\/play-Powerball-150x150.webp\" alt=\"Powerball spielen\" width=\"200\" height=\"200\" srcset=\"https:\/\/lottomat.com\/wp-content\/uploads\/2025\/10\/play-Powerball-150x150.webp 150w, https:\/\/lottomat.com\/wp-content\/uploads\/2025\/10\/play-Powerball-300x300.webp 300w, https:\/\/lottomat.com\/wp-content\/uploads\/2025\/10\/play-Powerball-100x100.webp 100w, https:\/\/lottomat.com\/wp-content\/uploads\/2025\/10\/play-Powerball.webp 400w\" sizes=\"auto, (max-width: 200px) 100vw, 200px\" \/>Was Ist die Powerball Lotterie?<\/h2>\n<p>Beginnen wir mit den Regeln der ber\u00fchmten Lotterie, die sehr einfach sind, und Sie werden zweifellos schnell lernen, wie man Powerball online spielt. Das Spiel besteht darin, f\u00fcnf Zahlen aus dem Bereich von 1 bis 69 und 1 zus\u00e4tzliche, genannt Power Ball, aus dem Zahlenpool von 1 bis 26 zu w\u00e4hlen. Wenn alle gewinnenden Lottozahlen ausgew\u00e4hlt werden, gewinnt der Spieler den garantierten Hauptpreis, aber denken Sie daran, dass es <strong>9 Gewinnstufen<\/strong> gibt. Ein Preis wird auch von einem Spieler gewonnen, der nur den zus\u00e4tzlichen Power Ball richtig ausw\u00e4hlt, der die Bonuszahl ist. Bei der Powerball-Lotterie online gibt es auch eine interessante L\u00f6sung f\u00fcr Spieler. Sie wird <strong>Power Play<\/strong> genannt und ist eine Zusatzoption, die es erm\u00f6glicht, Gewinne au\u00dferhalb des Hauptpreises zu multiplizieren. Sie ist jedoch nur auf dem Territorium der Vereinigten Staaten verf\u00fcgbar, wenn man pers\u00f6nlich einen Schein in einem Powerball-B\u00fcro kauft. Ein Spieler, der alle gezogenen Lottozahlen ausw\u00e4hlt, gewinnt den Hauptpreis, aber wenn er nicht die richtige Powerball-Bonuszahl w\u00e4hlt, erh\u00e4lt er den garantierten Preis von <strong>1.000.000 Dollar<\/strong>. Mit anderen Worten, jemand, der 5 Hauptzahlen trifft, erh\u00e4lt eine Million Dollar. Klicken Sie und lesen Sie <a href=\"https:\/\/lottomat.com\/de\/lotterie\/powerball\/\">mehr \u00fcber Powerball-Regeln und Preise<\/a> auf unserer Website. Nat\u00fcrlich gibt es, genau wie bei anderen <a href=\"https:\/\/lottomat.com\/de\/\">besten Lotterien der Welt<\/a>, bei Fehlen eines Gewinners eine Lotto-\u00dcbertragung, was zu einer Gelegenheit f\u00fchrt, riesige Geldsummen und das in Dollar zu gewinnen. Powerball wurde ber\u00fchmt f\u00fcr gewinnende Scheine, die sich in Millionen von Dollar verwandelten. Der gr\u00f6\u00dfte \u00dcbertragungsgewinn in der amerikanischen Lotterie ereignete sich am <strong>7. November 2022<\/strong> und belief sich auf <strong>2,04 Milliarden $<\/strong> mit einem Barwert von <strong>997,6 Millionen $<\/strong>.<\/p>\n<h2>Wie Kauft Man Powerball-Scheine?<img loading=\"lazy\" decoding=\"async\" class=\"alignright wp-image-252172\" src=\"https:\/\/lottomat.com\/wp-content\/uploads\/2025\/10\/Powerball-lottery-tickets-300x300.webp\" alt=\"Powerball-Lotteriescheine\" width=\"200\" height=\"200\" srcset=\"https:\/\/lottomat.com\/wp-content\/uploads\/2025\/10\/Powerball-lottery-tickets-300x300.webp 300w, https:\/\/lottomat.com\/wp-content\/uploads\/2025\/10\/Powerball-lottery-tickets-150x150.webp 150w, https:\/\/lottomat.com\/wp-content\/uploads\/2025\/10\/Powerball-lottery-tickets-100x100.webp 100w, https:\/\/lottomat.com\/wp-content\/uploads\/2025\/10\/Powerball-lottery-tickets.webp 400w\" sizes=\"auto, (max-width: 200px) 100vw, 200px\" \/><\/h2>\n<p>Dank der \u00c4nderungen der Regeln f\u00fcr das Spielen von Powerball m\u00fcssen Sie kein B\u00fcrger der Vereinigten Staaten sein oder sich auf deren Territorium aufhalten. Sie k\u00f6nnen an der <strong>Powerball-Lotterie online \u00fcber die LottoMat-Website<\/strong> teilnehmen. Es ist sehr bequem, au\u00dferdem k\u00f6nnen Sie jederzeit, Tag und Nacht, sieben Tage die Woche Powerball-Scheine kaufen. Alles, was Sie tun m\u00fcssen, ist die Spielen-Option auf der LottoMat-Website zu w\u00e4hlen und die entsprechende Anzahl von Scheinen auszuf\u00fcllen. Dann m\u00fcssen Sie geduldig sein und auf die Ziehung warten, die jeden <strong>Dienstag, Donnerstag und Sonntag um 02:59 UTC<\/strong> stattfindet. Die LottoMat-Website garantiert, dass der Lotterieschein g\u00fcltig ist und an einer Powerball-Preisziehung teilnimmt. Sie k\u00f6nnen einen Kauf mit einem Computer oder Handy von <strong>\u00fcberall auf der Welt und zu jeder Zeit<\/strong> t\u00e4tigen. Alles, was Sie tun m\u00fcssen, ist ein sicheres Benutzerkonto zu erstellen, einen Schein zu kaufen und auf den Gewinn zu warten!<\/p>\n<h2>Was Kostet ein Powerball Online-Lotterieschein?<\/h2>\n<p>Um die Kosten eines Scheins zu berechnen, muss man nur einen Schein oder einige davon auf der LottoMat-Website ausf\u00fcllen. Nach der Auswahl der Zahlen <strong>wird der Preis unter allen Scheinen sichtbar sein<\/strong>. Nach dem Ausf\u00fcllen von mehr als einem Schein berechnet der Rechner den f\u00e4lligen Betrag, der der Endpreis ist. Er enth\u00e4lt den Preis aller Powerball-Scheine und die Provisionszahlungen.<\/p>\n<h2><img loading=\"lazy\" decoding=\"async\" class=\"alignleft wp-image-252202\" src=\"https:\/\/lottomat.com\/wp-content\/uploads\/2025\/10\/Powerball-online-tickets-300x300.webp\" alt=\"Powerball-Online-Scheine\" width=\"200\" height=\"200\" srcset=\"https:\/\/lottomat.com\/wp-content\/uploads\/2025\/10\/Powerball-online-tickets-300x300.webp 300w, https:\/\/lottomat.com\/wp-content\/uploads\/2025\/10\/Powerball-online-tickets-150x150.webp 150w, https:\/\/lottomat.com\/wp-content\/uploads\/2025\/10\/Powerball-online-tickets-100x100.webp 100w, https:\/\/lottomat.com\/wp-content\/uploads\/2025\/10\/Powerball-online-tickets.webp 400w\" sizes=\"auto, (max-width: 200px) 100vw, 200px\" \/><\/h2>\n<h2>Wie Spielt Man Powerball Online?<\/h2>\n<p>Dank unserer Website ist die beliebteste Lotterie der Welt jetzt verf\u00fcgbar, ohne das Haus zu verlassen. Um Powerball online zu spielen, w\u00e4hlen Sie <strong>f\u00fcnf Hauptzahlen von 1 bis 69 plus eine zus\u00e4tzliche Power Ball-Zahl von 1 bis 26<\/strong>. Sie k\u00f6nnen Ihre Zahlen manuell w\u00e4hlen oder die <strong>Schnelltipp-Option f\u00fcr zuf\u00e4llige Auswahl verwenden<\/strong>. So einfach ist das! Das Spielen mit LottoMat ist v\u00f6llig sicher und gesch\u00fctzt. <strong>Wir scannen alle gekauften Scheine, um ihre G\u00fcltigkeit und Ihre Sicherheit zu gew\u00e4hrleisten.<\/strong> Mit LottoMat k\u00f6nnen Sie Powerball online von \u00fcberall auf der Welt spielen \u2013 alles, was Sie brauchen, ist <strong>Internetzugang und Online-Zahlungsm\u00f6glichkeiten.<\/strong> Diese globale Zug\u00e4nglichkeit macht es einfacher denn je, an einer der aufregendsten Lotterien der Welt teilzunehmen.<\/p>\n<h2>Kann Ich Mehr Powerball-Scheine Online Kaufen?<\/h2>\n<p><strong>Ja, Sie k\u00f6nnen definitiv mehrere Powerball-Scheine online kaufen<\/strong>, um Ihre Gewinnchancen zu erh\u00f6hen. W\u00e4hlen Sie einfach die <strong>Option \u201emehr Reihen&#8220;<\/strong> beim Spielen und w\u00e4hlen Sie so viele Reihen, wie Sie spielen m\u00f6chten. Jede zus\u00e4tzliche Reihe stellt eine weitere Chance dar, den Jackpot oder einen der Nebenpreise zu gewinnen. Je mehr Scheine Sie kaufen, desto besser werden Ihre Chancen, die gewinnenden Zahlen zu treffen.<\/p>\n<h2>Kann Ich Powerball-Scheine Online f\u00fcr Mehrere Ziehungen Kaufen?<\/h2>\n<h2><img loading=\"lazy\" decoding=\"async\" class=\"alignright wp-image-252232\" src=\"https:\/\/lottomat.com\/wp-content\/uploads\/2025\/10\/Powerball-online-300x300.webp\" alt=\"Powerball online\" width=\"200\" height=\"200\" srcset=\"https:\/\/lottomat.com\/wp-content\/uploads\/2025\/10\/Powerball-online-300x300.webp 300w, https:\/\/lottomat.com\/wp-content\/uploads\/2025\/10\/Powerball-online-150x150.webp 150w, https:\/\/lottomat.com\/wp-content\/uploads\/2025\/10\/Powerball-online-100x100.webp 100w, https:\/\/lottomat.com\/wp-content\/uploads\/2025\/10\/Powerball-online.webp 400w\" sizes=\"auto, (max-width: 200px) 100vw, 200px\" \/><\/h2>\n<p>Absolut! Auf LottoMat k\u00f6nnen Sie <strong>Powerball-Scheine f\u00fcr bis zu 8 aufeinanderfolgende Ziehungen<\/strong> im Voraus kaufen. Diese bequeme Funktion bedeutet, dass Sie sich nicht daran erinnern m\u00fcssen, Scheine f\u00fcr jede einzelne Ziehung zu kaufen \u2013 Ihre Zahlen werden automatisch in mehrere zuk\u00fcnftige Ziehungen eingetragen. Diese Vorabkaufoption stellt sicher, dass <strong>Sie nie eine Ziehung verpassen<\/strong> und gibt Ihnen anhaltende Teilnahme an der Lotterie \u00fcber mehrere Wochen hinweg.<\/p>\n<h2>Wie \u00dcberpr\u00fcft Man Powerball Online-Lotterie-Ergebnisse?<\/h2>\n<p>Sie k\u00f6nnen sowohl <a href=\"https:\/\/lottomat.com\/de\/ergebnisse\/powerball\/\">die neuesten als auch archivierte Powerball-Ergebnisse<\/a> direkt auf der LottoMat-Website \u00fcberpr\u00fcfen. Unsere Ergebnisseite wird unmittelbar nach jeder Ziehung aktualisiert und bietet Ihnen <strong>genaue und aktuelle Gewinnzahlen.<\/strong> Ob Sie k\u00fcrzliche Ziehungen \u00fcberpr\u00fcfen oder auf historische Ergebnisse zur\u00fcckblicken m\u00f6chten, alle Informationen sind auf Knopfdruck verf\u00fcgbar. Diese bequeme Funktion erm\u00f6glicht es Ihnen, schnell zu verifizieren, ob Ihre Zahlen gewonnen haben, ohne mehrere Quellen durchsuchen zu m\u00fcssen.<\/p>\n<h2><img loading=\"lazy\" decoding=\"async\" class=\"alignleft wp-image-252262\" src=\"https:\/\/lottomat.com\/wp-content\/uploads\/2025\/10\/Powerball-tickets-300x300.webp\" alt=\"Powerball-Scheine\" width=\"200\" height=\"200\" srcset=\"https:\/\/lottomat.com\/wp-content\/uploads\/2025\/10\/Powerball-tickets-300x300.webp 300w, https:\/\/lottomat.com\/wp-content\/uploads\/2025\/10\/Powerball-tickets-150x150.webp 150w, https:\/\/lottomat.com\/wp-content\/uploads\/2025\/10\/Powerball-tickets-100x100.webp 100w, https:\/\/lottomat.com\/wp-content\/uploads\/2025\/10\/Powerball-tickets.webp 400w\" sizes=\"auto, (max-width: 200px) 100vw, 200px\" \/>Scannt LottoMat Powerball-Scheine Online?<\/h2>\n<p><strong>Ja, absolut!<\/strong> Unsere autorisierten Vertreter kaufen physisch Powerball-Scheine an offiziellen, lizenzierten Einzelhandelsstandorten in Ihrem Namen. <strong>Wir scannen und speichern die Originalscheine sicher<\/strong>, um vollst\u00e4ndige Transparenz und Sicherheit f\u00fcr unsere Spieler zu gew\u00e4hrleisten. Das bedeutet, dass Sie einen Nachweis \u00fcber Ihren Scheinkauf haben und sicher sein k\u00f6nnen, dass Ihre Teilnahme f\u00fcr die offizielle Powerball-Ziehung g\u00fcltig ist. Die Originalscheine werden sicher in unseren gesicherten Einrichtungen aufbewahrt, was Ihnen Sicherheit bez\u00fcglich Ihrer Investition gibt.<\/p>\n<h2>Was Sind die Besten Powerball Online-Tipps?<\/h2>\n<p>Spielen Sie, besonders wenn es eine \u00dcbertragung gegeben hat. <strong>Powerball hat die weltweit gr\u00f6\u00dften \u00dcbertragungen,<\/strong> und selbst mit nur einem Schein haben Sie eine Gewinnchance. Der gr\u00f6\u00dfte Jackpot erreichte ganze <strong>2,04 Milliarden $!<\/strong> Sie k\u00f6nnen auch die am h\u00e4ufigsten gezogenen Zahlen verwenden, die Sie auf der <a href=\"https:\/\/lottomat.com\/de\/ergebnisse\/\">Lottoziehungsergebnisseite<\/a> finden k\u00f6nnen. Sie hat sowohl aktuelle Ziehungsergebnisse als auch archivierte. Denken Sie daran, dass <strong>das Online-Spielen von Powerball eine Form der Unterhaltung sein sollte,<\/strong> daher ist es wichtig, verantwortungsvoll zu spielen und gutes Urteilsverm\u00f6gen zu bewahren. Setzen Sie sich ein Budget und halten Sie sich daran, behandeln Sie Lotteriescheine als eine unterhaltsame Aktivit\u00e4t und nicht als Anlagestrategie.<\/p>\n<h3>Tipps, Die Helfen K\u00f6nnen, Ihre Gewinnchancen zu Erh\u00f6hen<\/h3>\n<p>Der Kauf von mehr als einem Powerball-Schein bedeutet, dass jeder zus\u00e4tzliche Schein gr\u00f6\u00dfere Chancen bietet, die gezogenen Zahlen zu erhalten. Stellen Sie sicher, dass die Zahlen, die Sie ausw\u00e4hlen, vielf\u00e4ltig sind, da der Pool gro\u00df ist, also beschr\u00e4nken Sie sich nicht auf Dinge wie Geburtsdaten, die Ihren Bereich erheblich einschr\u00e4nken. Um die Kosten f\u00fcr das <a href=\"https:\/\/lottomat.com\/de\/spielen\/\">Online-Kaufen von Lottoscheinen<\/a> zu senken, k\u00f6nnen Sie Ihre Liebsten zum Mitspielen einladen, was erh\u00f6hte Gewinnchancen garantiert. Die Kosten f\u00fcr Scheine k\u00f6nnen unter einer gr\u00f6\u00dferen Anzahl von Personen aufgeteilt werden, was es f\u00fcr alle Beteiligten erschwinglicher macht. Spielen Sie, wenn es <a href=\"https:\/\/lottomat.com\/de\/lotterie\/\">die gr\u00f6\u00dften Lotterie-\u00dcbertragungen<\/a> gibt, denn beim gesamten Powerball-Spiel geht es um die Gewinnchance! <strong>Sie k\u00f6nnen jederzeit einen gewinnenden Schein kaufen und Million\u00e4r werden!<\/strong><\/p>\n","protected":false},"excerpt":{"rendered":"<p>Was Ist die Powerball Lotterie? Beginnen wir mit den Regeln der ber\u00fchmten Lotterie, die sehr einfach sind, und Sie werden zweifellos schnell lernen, wie man Powerball online spielt. Das Spiel besteht darin, f\u00fcnf Zahlen aus dem Bereich von 1 bis 69 und 1 zus\u00e4tzliche, genannt Power Ball, aus dem Zahlenpool von 1 bis 26 zu [&hellip;]<\/p>\n","protected":false},"author":1,"featured_media":0,"parent":6772,"menu_order":1,"comment_status":"closed","ping_status":"closed","template":"powerball-usa.php","meta":{"_et_pb_use_builder":"","_et_pb_old_content":"","_et_gb_content_width":"","exclude_from_search":false,"footnotes":""},"class_list":["post-8386","page","type-page","status-publish","hentry"],"yoast_head":"<!-- This site is optimized with the Yoast SEO plugin v23.8 - https:\/\/yoast.com\/wordpress\/plugins\/seo\/ -->\n<title>Powerball Online Spielen - Powerball-Scheine - LottoMat<\/title>\n<meta name=\"description\" content=\"M\u00f6chten Sie die Powerball Online-Lotterie spielen? Erfahren Sie, wie man Powerball spielt und Million\u00e4r wird! Kaufen Sie jederzeit Powerball-Scheine online!\" \/>\n<meta name=\"robots\" content=\"index, follow, max-snippet:-1, max-image-preview:large, max-video-preview:-1\" \/>\n<link rel=\"canonical\" href=\"https:\/\/lottomat.com\/de\/spielen\/powerball\/\" \/>\n<meta property=\"og:locale\" content=\"de_DE\" \/>\n<meta property=\"og:type\" content=\"article\" \/>\n<meta property=\"og:title\" content=\"Powerball Online Spielen - Powerball-Scheine - LottoMat\" \/>\n<meta property=\"og:description\" content=\"M\u00f6chten Sie die Powerball Online-Lotterie spielen? Erfahren Sie, wie man Powerball spielt und Million\u00e4r wird! Kaufen Sie jederzeit Powerball-Scheine online!\" \/>\n<meta property=\"og:url\" content=\"https:\/\/lottomat.com\/de\/spielen\/powerball\/\" \/>\n<meta property=\"og:site_name\" content=\"Lottomat\" \/>\n<meta property=\"article:modified_time\" content=\"2026-02-01T14:53:17+00:00\" \/>\n<meta property=\"og:image\" content=\"https:\/\/lottomat.com\/wp-content\/uploads\/2025\/10\/play-Powerball-150x150.webp\" \/>\n<meta name=\"twitter:card\" content=\"summary_large_image\" \/>\n<meta name=\"twitter:label1\" content=\"Gesch\u00e4tzte Lesezeit\" \/>\n\t<meta name=\"twitter:data1\" content=\"7\u00a0Minuten\" \/>\n<script type=\"application\/ld+json\" class=\"yoast-schema-graph\">{\"@context\":\"https:\/\/schema.org\",\"@graph\":[{\"@type\":\"WebPage\",\"@id\":\"https:\/\/lottomat.com\/de\/spielen\/powerball\/\",\"url\":\"https:\/\/lottomat.com\/de\/spielen\/powerball\/\",\"name\":\"Powerball Online Spielen - Powerball-Scheine - LottoMat\",\"isPartOf\":{\"@id\":\"https:\/\/lottomat.com\/de\/#website\"},\"primaryImageOfPage\":{\"@id\":\"https:\/\/lottomat.com\/de\/spielen\/powerball\/#primaryimage\"},\"image\":{\"@id\":\"https:\/\/lottomat.com\/de\/spielen\/powerball\/#primaryimage\"},\"thumbnailUrl\":\"https:\/\/lottomat.com\/wp-content\/uploads\/2025\/10\/play-Powerball-150x150.webp\",\"datePublished\":\"2025-03-26T07:52:23+00:00\",\"dateModified\":\"2026-02-01T14:53:17+00:00\",\"description\":\"M\u00f6chten Sie die Powerball Online-Lotterie spielen? Erfahren Sie, wie man Powerball spielt und Million\u00e4r wird! Kaufen Sie jederzeit Powerball-Scheine online!\",\"breadcrumb\":{\"@id\":\"https:\/\/lottomat.com\/de\/spielen\/powerball\/#breadcrumb\"},\"inLanguage\":\"de\",\"potentialAction\":[{\"@type\":\"ReadAction\",\"target\":[\"https:\/\/lottomat.com\/de\/spielen\/powerball\/\"]}]},{\"@type\":\"ImageObject\",\"inLanguage\":\"de\",\"@id\":\"https:\/\/lottomat.com\/de\/spielen\/powerball\/#primaryimage\",\"url\":\"https:\/\/lottomat.com\/wp-content\/uploads\/2025\/10\/play-Powerball-150x150.webp\",\"contentUrl\":\"https:\/\/lottomat.com\/wp-content\/uploads\/2025\/10\/play-Powerball-150x150.webp\"},{\"@type\":\"BreadcrumbList\",\"@id\":\"https:\/\/lottomat.com\/de\/spielen\/powerball\/#breadcrumb\",\"itemListElement\":[{\"@type\":\"ListItem\",\"position\":1,\"name\":\"Home\",\"item\":\"https:\/\/lottomat.com\/de\/\"},{\"@type\":\"ListItem\",\"position\":2,\"name\":\"Lotto Online Spielen\",\"item\":\"https:\/\/lottomat.com\/de\/spielen\/\"},{\"@type\":\"ListItem\",\"position\":3,\"name\":\"Powerball Online Spielen &#8211; Powerball-Scheine\"}]},{\"@type\":\"WebSite\",\"@id\":\"https:\/\/lottomat.com\/de\/#website\",\"url\":\"https:\/\/lottomat.com\/de\/\",\"name\":\"Lottomat\",\"description\":\"\",\"potentialAction\":[{\"@type\":\"SearchAction\",\"target\":{\"@type\":\"EntryPoint\",\"urlTemplate\":\"https:\/\/lottomat.com\/de\/?s={search_term_string}\"},\"query-input\":{\"@type\":\"PropertyValueSpecification\",\"valueRequired\":true,\"valueName\":\"search_term_string\"}}],\"inLanguage\":\"de\"}]}<\/script>\n<!-- \/ Yoast SEO plugin. -->","yoast_head_json":{"title":"Powerball Online Spielen - Powerball-Scheine - LottoMat","description":"M\u00f6chten Sie die Powerball Online-Lotterie spielen? Erfahren Sie, wie man Powerball spielt und Million\u00e4r wird! Kaufen Sie jederzeit Powerball-Scheine online!","robots":{"index":"index","follow":"follow","max-snippet":"max-snippet:-1","max-image-preview":"max-image-preview:large","max-video-preview":"max-video-preview:-1"},"canonical":"https:\/\/lottomat.com\/de\/spielen\/powerball\/","og_locale":"de_DE","og_type":"article","og_title":"Powerball Online Spielen - Powerball-Scheine - LottoMat","og_description":"M\u00f6chten Sie die Powerball Online-Lotterie spielen? Erfahren Sie, wie man Powerball spielt und Million\u00e4r wird! Kaufen Sie jederzeit Powerball-Scheine online!","og_url":"https:\/\/lottomat.com\/de\/spielen\/powerball\/","og_site_name":"Lottomat","article_modified_time":"2026-02-01T14:53:17+00:00","og_image":[{"url":"https:\/\/lottomat.com\/wp-content\/uploads\/2025\/10\/play-Powerball-150x150.webp"}],"twitter_card":"summary_large_image","twitter_misc":{"Gesch\u00e4tzte Lesezeit":"7\u00a0Minuten"},"schema":{"@context":"https:\/\/schema.org","@graph":[{"@type":"WebPage","@id":"https:\/\/lottomat.com\/de\/spielen\/powerball\/","url":"https:\/\/lottomat.com\/de\/spielen\/powerball\/","name":"Powerball Online Spielen - Powerball-Scheine - LottoMat","isPartOf":{"@id":"https:\/\/lottomat.com\/de\/#website"},"primaryImageOfPage":{"@id":"https:\/\/lottomat.com\/de\/spielen\/powerball\/#primaryimage"},"image":{"@id":"https:\/\/lottomat.com\/de\/spielen\/powerball\/#primaryimage"},"thumbnailUrl":"https:\/\/lottomat.com\/wp-content\/uploads\/2025\/10\/play-Powerball-150x150.webp","datePublished":"2025-03-26T07:52:23+00:00","dateModified":"2026-02-01T14:53:17+00:00","description":"M\u00f6chten Sie die Powerball Online-Lotterie spielen? Erfahren Sie, wie man Powerball spielt und Million\u00e4r wird! Kaufen Sie jederzeit Powerball-Scheine online!","breadcrumb":{"@id":"https:\/\/lottomat.com\/de\/spielen\/powerball\/#breadcrumb"},"inLanguage":"de","potentialAction":[{"@type":"ReadAction","target":["https:\/\/lottomat.com\/de\/spielen\/powerball\/"]}]},{"@type":"ImageObject","inLanguage":"de","@id":"https:\/\/lottomat.com\/de\/spielen\/powerball\/#primaryimage","url":"https:\/\/lottomat.com\/wp-content\/uploads\/2025\/10\/play-Powerball-150x150.webp","contentUrl":"https:\/\/lottomat.com\/wp-content\/uploads\/2025\/10\/play-Powerball-150x150.webp"},{"@type":"BreadcrumbList","@id":"https:\/\/lottomat.com\/de\/spielen\/powerball\/#breadcrumb","itemListElement":[{"@type":"ListItem","position":1,"name":"Home","item":"https:\/\/lottomat.com\/de\/"},{"@type":"ListItem","position":2,"name":"Lotto Online Spielen","item":"https:\/\/lottomat.com\/de\/spielen\/"},{"@type":"ListItem","position":3,"name":"Powerball Online Spielen &#8211; Powerball-Scheine"}]},{"@type":"WebSite","@id":"https:\/\/lottomat.com\/de\/#website","url":"https:\/\/lottomat.com\/de\/","name":"Lottomat","description":"","potentialAction":[{"@type":"SearchAction","target":{"@type":"EntryPoint","urlTemplate":"https:\/\/lottomat.com\/de\/?s={search_term_string}"},"query-input":{"@type":"PropertyValueSpecification","valueRequired":true,"valueName":"search_term_string"}}],"inLanguage":"de"}]}},"_links":{"self":[{"href":"https:\/\/lottomat.com\/de\/wp-json\/wp\/v2\/pages\/8386","targetHints":{"allow":["GET"]}}],"collection":[{"href":"https:\/\/lottomat.com\/de\/wp-json\/wp\/v2\/pages"}],"about":[{"href":"https:\/\/lottomat.com\/de\/wp-json\/wp\/v2\/types\/page"}],"author":[{"embeddable":true,"href":"https:\/\/lottomat.com\/de\/wp-json\/wp\/v2\/users\/1"}],"replies":[{"embeddable":true,"href":"https:\/\/lottomat.com\/de\/wp-json\/wp\/v2\/comments?post=8386"}],"version-history":[{"count":2,"href":"https:\/\/lottomat.com\/de\/wp-json\/wp\/v2\/pages\/8386\/revisions"}],"predecessor-version":[{"id":270013,"href":"https:\/\/lottomat.com\/de\/wp-json\/wp\/v2\/pages\/8386\/revisions\/270013"}],"up":[{"embeddable":true,"href":"https:\/\/lottomat.com\/de\/wp-json\/wp\/v2\/pages\/6772"}],"wp:attachment":[{"href":"https:\/\/lottomat.com\/de\/wp-json\/wp\/v2\/media?parent=8386"}],"curies":[{"name":"wp","href":"https:\/\/api.w.org\/{rel}","templated":true}]}}