{"id":8126,"date":"2025-03-26T14:47:18","date_gmt":"2025-03-26T14:47:18","guid":{"rendered":"https:\/\/lottomat.net\/?page_id=8126"},"modified":"2025-04-10T10:22:49","modified_gmt":"2025-04-10T10:22:49","slug":"el-gordo-primitiva","status":"publish","type":"page","link":"https:\/\/lottomat.com\/de\/lotterie\/el-gordo-primitiva\/","title":{"rendered":"El Gordo Information"},"content":{"rendered":"\n\n<div class=\"kk-star-ratings kksr-auto kksr-align-left kksr-valign-top\"\n    data-payload='{&quot;align&quot;:&quot;left&quot;,&quot;id&quot;:&quot;8126&quot;,&quot;slug&quot;:&quot;default&quot;,&quot;valign&quot;:&quot;top&quot;,&quot;ignore&quot;:&quot;&quot;,&quot;reference&quot;:&quot;auto&quot;,&quot;class&quot;:&quot;&quot;,&quot;count&quot;:&quot;0&quot;,&quot;legendonly&quot;:&quot;&quot;,&quot;readonly&quot;:&quot;&quot;,&quot;score&quot;:&quot;0&quot;,&quot;starsonly&quot;:&quot;&quot;,&quot;best&quot;:&quot;5&quot;,&quot;gap&quot;:&quot;5&quot;,&quot;greet&quot;:&quot;Rate this page&quot;,&quot;legend&quot;:&quot;0\\\/5 - (0 votes)&quot;,&quot;size&quot;:&quot;30&quot;,&quot;title&quot;:&quot;El Gordo Information&quot;,&quot;width&quot;:&quot;0&quot;,&quot;_legend&quot;:&quot;{score}\\\/{best} - ({count} {votes})&quot;,&quot;font_factor&quot;:&quot;1.25&quot;}'>\n            \n<div class=\"kksr-stars\">\n    \n<div class=\"kksr-stars-inactive\">\n            <div class=\"kksr-star\" data-star=\"1\" style=\"padding-right: 5px\">\n            \n\n<div class=\"kksr-icon\" style=\"width: 30px; height: 30px;\"><\/div>\n        <\/div>\n            <div class=\"kksr-star\" data-star=\"2\" style=\"padding-right: 5px\">\n            \n\n<div class=\"kksr-icon\" style=\"width: 30px; height: 30px;\"><\/div>\n        <\/div>\n            <div class=\"kksr-star\" data-star=\"3\" style=\"padding-right: 5px\">\n            \n\n<div class=\"kksr-icon\" style=\"width: 30px; height: 30px;\"><\/div>\n        <\/div>\n            <div class=\"kksr-star\" data-star=\"4\" style=\"padding-right: 5px\">\n            \n\n<div class=\"kksr-icon\" style=\"width: 30px; height: 30px;\"><\/div>\n        <\/div>\n            <div class=\"kksr-star\" data-star=\"5\" style=\"padding-right: 5px\">\n            \n\n<div class=\"kksr-icon\" style=\"width: 30px; height: 30px;\"><\/div>\n        <\/div>\n    <\/div>\n    \n<div class=\"kksr-stars-active\" style=\"width: 0px;\">\n            <div class=\"kksr-star\" style=\"padding-right: 5px\">\n            \n\n<div class=\"kksr-icon\" style=\"width: 30px; height: 30px;\"><\/div>\n        <\/div>\n            <div class=\"kksr-star\" style=\"padding-right: 5px\">\n            \n\n<div class=\"kksr-icon\" style=\"width: 30px; height: 30px;\"><\/div>\n        <\/div>\n            <div class=\"kksr-star\" style=\"padding-right: 5px\">\n            \n\n<div class=\"kksr-icon\" style=\"width: 30px; height: 30px;\"><\/div>\n        <\/div>\n            <div class=\"kksr-star\" style=\"padding-right: 5px\">\n            \n\n<div class=\"kksr-icon\" style=\"width: 30px; height: 30px;\"><\/div>\n        <\/div>\n            <div class=\"kksr-star\" style=\"padding-right: 5px\">\n            \n\n<div class=\"kksr-icon\" style=\"width: 30px; height: 30px;\"><\/div>\n        <\/div>\n    <\/div>\n<\/div>\n                \n\n<div class=\"kksr-legend\" style=\"font-size: 24px;\">\n            <span class=\"kksr-muted\">Rate this page<\/span>\n    <\/div>\n    <\/div>\n<h2><img loading=\"lazy\" decoding=\"async\" class=\"alignleft wp-image-821\" src=\"https:\/\/lottomat.com\/wp-content\/uploads\/2025\/03\/El-Gordo-\u2013-Spanish-online-lottery-300x300.png\" alt=\"El Gordo \u2013 Spanische Online-Lotterie\" width=\"100\" height=\"100\" srcset=\"https:\/\/lottomat.com\/wp-content\/uploads\/2025\/03\/El-Gordo-\u2013-Spanish-online-lottery-300x300.png 300w, https:\/\/lottomat.com\/wp-content\/uploads\/2025\/03\/El-Gordo-\u2013-Spanish-online-lottery-150x150.png 150w, https:\/\/lottomat.com\/wp-content\/uploads\/2025\/03\/El-Gordo-\u2013-Spanish-online-lottery-100x100.png 100w, https:\/\/lottomat.com\/wp-content\/uploads\/2025\/03\/El-Gordo-\u2013-Spanish-online-lottery.png 400w\" sizes=\"auto, (max-width: 100px) 100vw, 100px\" \/>El Gordo \u2013 Spanische Online-Lotterie<\/h2>\n<p>Das Spiel El Gordo online de la Primitiva wurde von Loter\u00edas y Apuestas del Estado (LAE) in Spanien ins Leben gerufen, als Erg\u00e4nzung zu den beiden anderen Lotteriespielen, La Primitiva und BonoLoto.<br \/>\nDie erste Ziehung fand am 31. Oktober 1993 statt und war bemerkenswert f\u00fcr ihr einzigartiges Merkmal einer einzigen monatlichen Ziehung am letzten Sonntag jedes Monats.<br \/>\nMit einem Startpreis von 500 Pts (was heute 3,00 \u20ac entspricht) erhielten die Spieler eine doppelte Chance, am Spiel teilzunehmen. Sie konnten sich f\u00fcr ein vorab gedrucktes Ticket entscheiden, das die f\u00fcnf Hauptzahlen mit der R\u00fcckzahlungsnummer kombinierte. Oder der Spieler konnte durch ein Ticket in einer anderen Farbe direkt die Kombination von Zahlen ankreuzen, die ihm gefiel.<br \/>\nDieses System blieb bis Oktober 1997 erhalten, als die Ziehungen auf w\u00f6chentliche, immer sonnt\u00e4gliche Ereignisse umgestellt wurden und dabei einige wesentliche \u00c4nderungen der Vorschriften eingef\u00fchrt wurden.<br \/>\nDie folgenden Ziehungen sind den Gewinnern der ersten Kategorie vorbehalten, mit der M\u00f6glichkeit, einen kumulierten Jackpot zu gewinnen, wenn es im vorherigen Ziehung keine Gewinner gab.<br \/>\nAm 31. Januar 2005 wurde eine bedeutende \u00c4nderung der Vorschriften vorgenommen, bei der ein garantierter Mindestjackpot von El Gordo in H\u00f6he von 5.000.000 \u20ac eingef\u00fchrt wurde und bis zu acht Preiskategorien hinzugef\u00fcgt wurden, sowie eine R\u00fcckzahlungsnummer, um die Chancen auf einen Gewinn erheblich zu steigern. Lassen Sie uns mehr \u00fcber die El Gordo Preise erfahren.<\/p>\n<h2><img loading=\"lazy\" decoding=\"async\" class=\"alignleft wp-image-850\" src=\"https:\/\/lottomat.com\/wp-content\/uploads\/2025\/03\/What-is-El-Gordo-de-la-Primitiva-300x300.png\" alt=\"Was ist El Gordo de la Primitiva?\" width=\"100\" height=\"100\" srcset=\"https:\/\/lottomat.com\/wp-content\/uploads\/2025\/03\/What-is-El-Gordo-de-la-Primitiva-300x300.png 300w, https:\/\/lottomat.com\/wp-content\/uploads\/2025\/03\/What-is-El-Gordo-de-la-Primitiva-150x150.png 150w, https:\/\/lottomat.com\/wp-content\/uploads\/2025\/03\/What-is-El-Gordo-de-la-Primitiva-100x100.png 100w, https:\/\/lottomat.com\/wp-content\/uploads\/2025\/03\/What-is-El-Gordo-de-la-Primitiva.png 400w\" sizes=\"auto, (max-width: 100px) 100vw, 100px\" \/>Was ist El Gordo de la Primitiva?<\/h2>\n<p><a href=\"https:\/\/lottomat.com\/play\/el-gordo-primitiva\/\">El Gordo de la Primitiva online<\/a> ist im Wesentlichen ein Gl\u00fccksspiel, bei dem der Spieler versucht, so viele Zahlen wie m\u00f6glich zu treffen.<br \/>\nBei der Ziehung werden f\u00fcnf Kugeln zuf\u00e4llig aus den 54 Kugeln gezogen, die jeweils eine Zahl zwischen 1 und 54 haben.<br \/>\nEbenso wird eine Kugel aus einem zweiten Trommel mit 10 Kugeln, nummeriert von 0 bis 9, gezogen, die die Schl\u00fcsselzahl oder R\u00fcckzahlungsnummer darstellt.<br \/>\nDer Spieler kann so viele Wetten abgeben, wie er m\u00f6chte, und er kann dies manuell tun, indem er die Zahlen selbst ausw\u00e4hlt, oder er kann das System eine zuf\u00e4llige Kombination w\u00e4hlen lassen.<\/p>\n<h2><img loading=\"lazy\" decoding=\"async\" class=\"alignleft wp-image-879\" src=\"https:\/\/lottomat.com\/wp-content\/uploads\/2025\/03\/Odds-of-winning-el-Gordo-300x300.png\" alt=\"Gewinnchancen El Gordo\" width=\"100\" height=\"100\" srcset=\"https:\/\/lottomat.com\/wp-content\/uploads\/2025\/03\/Odds-of-winning-el-Gordo-300x300.png 300w, https:\/\/lottomat.com\/wp-content\/uploads\/2025\/03\/Odds-of-winning-el-Gordo-150x150.png 150w, https:\/\/lottomat.com\/wp-content\/uploads\/2025\/03\/Odds-of-winning-el-Gordo-100x100.png 100w, https:\/\/lottomat.com\/wp-content\/uploads\/2025\/03\/Odds-of-winning-el-Gordo.png 400w\" sizes=\"auto, (max-width: 100px) 100vw, 100px\" \/>Gewinnchancen f\u00fcr El Gordo de la Primitiva Preise und Jackpot<\/h2>\n<p>Die Gewinnchancen f\u00fcr einen El Gordo Preis liegen bei 1 zu 19 (wenn zwei Hauptzahlen \u00fcbereinstimmen), w\u00e4hrend die Chancen, den ersten Preis zu gewinnen, auf 1 zu 31.625.100 steigen.<br \/>\nEs mag sehr weit entfernt erscheinen, wenn man es mit La Primitiva vergleicht, bei der die Chancen bei 1 zu 13.983.816 liegen, und es ist viel einfacher als bei Euromillions, bei dem die Chancen bei 1 zu 76.275.360 liegen.<\/p>\n<h2><img loading=\"lazy\" decoding=\"async\" class=\"alignleft wp-image-908\" src=\"https:\/\/lottomat.com\/wp-content\/uploads\/2025\/03\/Most-awarded-numbers-of-el-Gordo-300x300.png\" alt=\"Am meisten gezogene Zahlen von El Gordo\" width=\"100\" height=\"100\" srcset=\"https:\/\/lottomat.com\/wp-content\/uploads\/2025\/03\/Most-awarded-numbers-of-el-Gordo-300x300.png 300w, https:\/\/lottomat.com\/wp-content\/uploads\/2025\/03\/Most-awarded-numbers-of-el-Gordo-150x150.png 150w, https:\/\/lottomat.com\/wp-content\/uploads\/2025\/03\/Most-awarded-numbers-of-el-Gordo-100x100.png 100w, https:\/\/lottomat.com\/wp-content\/uploads\/2025\/03\/Most-awarded-numbers-of-el-Gordo.png 400w\" sizes=\"auto, (max-width: 100px) 100vw, 100px\" \/>Die meistgezogenen Zahlen von El Gordo<\/h2>\n<p>Wenn wir nach den 10 Zahlen suchen, die seit der ersten Ziehung mehr als einmal in den Gewinnkombinationen erschienen sind, sehen wir, dass sie in dieser Reihenfolge vom h\u00e4ufigsten zum seltensten angeordnet sind: 3, 6, 18, 21, 23, 11, 34, 27, 9 und 4.<br \/>\nIm Gegenteil, die Zahlen, die weniger h\u00e4ufig gezogen wurden, begannen mit 52, dann 50, 54, 51, 49, 46, 48, 47, 43 und 53.<br \/>\nNeugierig, oder? Die Zahlen, die weniger h\u00e4ufig gezogen wurden, sind gerade die h\u00f6chsten. Sie k\u00f6nnen Ihre Gewinnzahlen vorbereiten, indem Sie die <a href=\"https:\/\/lottomat.com\/results\/el-gordo-primitiva\/\">aktuellen und archivierten El Gordo Ergebnisse<\/a> analysieren.<\/p>\n<h3 style=\"text-align: center;\">El Gordo Preise und Gewinnchancen<\/h3>\n","protected":false},"excerpt":{"rendered":"<p>El Gordo \u2013 Spanische Online-Lotterie Das Spiel El Gordo online de la Primitiva wurde von Loter\u00edas y Apuestas del Estado (LAE) in Spanien ins Leben gerufen, als Erg\u00e4nzung zu den beiden anderen Lotteriespielen, La Primitiva und BonoLoto. Die erste Ziehung fand am 31. Oktober 1993 statt und war bemerkenswert f\u00fcr ihr einzigartiges Merkmal einer einzigen [&hellip;]<\/p>\n","protected":false},"author":1,"featured_media":0,"parent":6865,"menu_order":7,"comment_status":"closed","ping_status":"closed","template":"el-gordo-info.php","meta":{"_et_pb_use_builder":"","_et_pb_old_content":"","_et_gb_content_width":"","exclude_from_search":false,"footnotes":""},"class_list":["post-8126","page","type-page","status-publish","hentry"],"yoast_head":"<!-- This site is optimized with the Yoast SEO plugin v23.8 - https:\/\/yoast.com\/wordpress\/plugins\/seo\/ -->\n<title>\u00dcberpr\u00fcfen Sie die Informationen zu El Gordo<\/title>\n<meta name=\"description\" content=\"Informationen zu El Gordo\u00dcberpr\u00fcfen Sie die El Gordo-InformationenDas Online-Spiel El Gordo de la Primitiva wurde von Loterias y Apuestas del Estado (LAE) in Spanien entwickelt. El Gordo-Preise und Jackpot.\" \/>\n<meta name=\"robots\" content=\"index, follow, max-snippet:-1, max-image-preview:large, max-video-preview:-1\" \/>\n<link rel=\"canonical\" href=\"https:\/\/lottomat.com\/de\/lotterie\/el-gordo-primitiva\/\" \/>\n<meta property=\"og:locale\" content=\"de_DE\" \/>\n<meta property=\"og:type\" content=\"article\" \/>\n<meta property=\"og:title\" content=\"\u00dcberpr\u00fcfen Sie die Informationen zu El Gordo\" \/>\n<meta property=\"og:description\" content=\"Informationen zu El Gordo\u00dcberpr\u00fcfen Sie die El Gordo-InformationenDas Online-Spiel El Gordo de la Primitiva wurde von Loterias y Apuestas del Estado (LAE) in Spanien entwickelt. El Gordo-Preise und Jackpot.\" \/>\n<meta property=\"og:url\" content=\"https:\/\/lottomat.com\/de\/lotterie\/el-gordo-primitiva\/\" \/>\n<meta property=\"og:site_name\" content=\"Lottomat\" \/>\n<meta property=\"article:modified_time\" content=\"2025-04-10T10:22:49+00:00\" \/>\n<meta property=\"og:image\" content=\"https:\/\/lottomat.com\/wp-content\/uploads\/2025\/03\/What-is-El-Gordo-de-la-Primitiva-300x300.png\" \/>\n<meta name=\"twitter:card\" content=\"summary_large_image\" \/>\n<meta name=\"twitter:label1\" content=\"Gesch\u00e4tzte Lesezeit\" \/>\n\t<meta name=\"twitter:data1\" content=\"4\u00a0Minuten\" \/>\n<script type=\"application\/ld+json\" class=\"yoast-schema-graph\">{\"@context\":\"https:\/\/schema.org\",\"@graph\":[{\"@type\":\"WebPage\",\"@id\":\"https:\/\/lottomat.com\/de\/lotterie\/el-gordo-primitiva\/\",\"url\":\"https:\/\/lottomat.com\/de\/lotterie\/el-gordo-primitiva\/\",\"name\":\"\u00dcberpr\u00fcfen Sie die Informationen zu El Gordo\",\"isPartOf\":{\"@id\":\"https:\/\/lottomat.com\/de\/#website\"},\"primaryImageOfPage\":{\"@id\":\"https:\/\/lottomat.com\/de\/lotterie\/el-gordo-primitiva\/#primaryimage\"},\"image\":{\"@id\":\"https:\/\/lottomat.com\/de\/lotterie\/el-gordo-primitiva\/#primaryimage\"},\"thumbnailUrl\":\"https:\/\/lottomat.com\/wp-content\/uploads\/2025\/03\/What-is-El-Gordo-de-la-Primitiva-300x300.png\",\"datePublished\":\"2025-03-26T14:47:18+00:00\",\"dateModified\":\"2025-04-10T10:22:49+00:00\",\"description\":\"Informationen zu El Gordo\u00dcberpr\u00fcfen Sie die El Gordo-InformationenDas Online-Spiel El Gordo de la Primitiva wurde von Loterias y Apuestas del Estado (LAE) in Spanien entwickelt. El Gordo-Preise und Jackpot.\",\"breadcrumb\":{\"@id\":\"https:\/\/lottomat.com\/de\/lotterie\/el-gordo-primitiva\/#breadcrumb\"},\"inLanguage\":\"de\",\"potentialAction\":[{\"@type\":\"ReadAction\",\"target\":[\"https:\/\/lottomat.com\/de\/lotterie\/el-gordo-primitiva\/\"]}]},{\"@type\":\"ImageObject\",\"inLanguage\":\"de\",\"@id\":\"https:\/\/lottomat.com\/de\/lotterie\/el-gordo-primitiva\/#primaryimage\",\"url\":\"https:\/\/lottomat.com\/wp-content\/uploads\/2025\/03\/What-is-El-Gordo-de-la-Primitiva-300x300.png\",\"contentUrl\":\"https:\/\/lottomat.com\/wp-content\/uploads\/2025\/03\/What-is-El-Gordo-de-la-Primitiva-300x300.png\"},{\"@type\":\"BreadcrumbList\",\"@id\":\"https:\/\/lottomat.com\/de\/lotterie\/el-gordo-primitiva\/#breadcrumb\",\"itemListElement\":[{\"@type\":\"ListItem\",\"position\":1,\"name\":\"Home\",\"item\":\"https:\/\/lottomat.com\/de\/\"},{\"@type\":\"ListItem\",\"position\":2,\"name\":\"Lotterie-Regeln: Preise, Jackpot &#038; Gewinnchancen\",\"item\":\"https:\/\/lottomat.com\/de\/lotterie\/\"},{\"@type\":\"ListItem\",\"position\":3,\"name\":\"El Gordo Information\"}]},{\"@type\":\"WebSite\",\"@id\":\"https:\/\/lottomat.com\/de\/#website\",\"url\":\"https:\/\/lottomat.com\/de\/\",\"name\":\"Lottomat\",\"description\":\"\",\"potentialAction\":[{\"@type\":\"SearchAction\",\"target\":{\"@type\":\"EntryPoint\",\"urlTemplate\":\"https:\/\/lottomat.com\/de\/?s={search_term_string}\"},\"query-input\":{\"@type\":\"PropertyValueSpecification\",\"valueRequired\":true,\"valueName\":\"search_term_string\"}}],\"inLanguage\":\"de\"}]}<\/script>\n<!-- \/ Yoast SEO plugin. -->","yoast_head_json":{"title":"\u00dcberpr\u00fcfen Sie die Informationen zu El Gordo","description":"Informationen zu El Gordo\u00dcberpr\u00fcfen Sie die El Gordo-InformationenDas Online-Spiel El Gordo de la Primitiva wurde von Loterias y Apuestas del Estado (LAE) in Spanien entwickelt. El Gordo-Preise und Jackpot.","robots":{"index":"index","follow":"follow","max-snippet":"max-snippet:-1","max-image-preview":"max-image-preview:large","max-video-preview":"max-video-preview:-1"},"canonical":"https:\/\/lottomat.com\/de\/lotterie\/el-gordo-primitiva\/","og_locale":"de_DE","og_type":"article","og_title":"\u00dcberpr\u00fcfen Sie die Informationen zu El Gordo","og_description":"Informationen zu El Gordo\u00dcberpr\u00fcfen Sie die El Gordo-InformationenDas Online-Spiel El Gordo de la Primitiva wurde von Loterias y Apuestas del Estado (LAE) in Spanien entwickelt. El Gordo-Preise und Jackpot.","og_url":"https:\/\/lottomat.com\/de\/lotterie\/el-gordo-primitiva\/","og_site_name":"Lottomat","article_modified_time":"2025-04-10T10:22:49+00:00","og_image":[{"url":"https:\/\/lottomat.com\/wp-content\/uploads\/2025\/03\/What-is-El-Gordo-de-la-Primitiva-300x300.png"}],"twitter_card":"summary_large_image","twitter_misc":{"Gesch\u00e4tzte Lesezeit":"4\u00a0Minuten"},"schema":{"@context":"https:\/\/schema.org","@graph":[{"@type":"WebPage","@id":"https:\/\/lottomat.com\/de\/lotterie\/el-gordo-primitiva\/","url":"https:\/\/lottomat.com\/de\/lotterie\/el-gordo-primitiva\/","name":"\u00dcberpr\u00fcfen Sie die Informationen zu El Gordo","isPartOf":{"@id":"https:\/\/lottomat.com\/de\/#website"},"primaryImageOfPage":{"@id":"https:\/\/lottomat.com\/de\/lotterie\/el-gordo-primitiva\/#primaryimage"},"image":{"@id":"https:\/\/lottomat.com\/de\/lotterie\/el-gordo-primitiva\/#primaryimage"},"thumbnailUrl":"https:\/\/lottomat.com\/wp-content\/uploads\/2025\/03\/What-is-El-Gordo-de-la-Primitiva-300x300.png","datePublished":"2025-03-26T14:47:18+00:00","dateModified":"2025-04-10T10:22:49+00:00","description":"Informationen zu El Gordo\u00dcberpr\u00fcfen Sie die El Gordo-InformationenDas Online-Spiel El Gordo de la Primitiva wurde von Loterias y Apuestas del Estado (LAE) in Spanien entwickelt. El Gordo-Preise und Jackpot.","breadcrumb":{"@id":"https:\/\/lottomat.com\/de\/lotterie\/el-gordo-primitiva\/#breadcrumb"},"inLanguage":"de","potentialAction":[{"@type":"ReadAction","target":["https:\/\/lottomat.com\/de\/lotterie\/el-gordo-primitiva\/"]}]},{"@type":"ImageObject","inLanguage":"de","@id":"https:\/\/lottomat.com\/de\/lotterie\/el-gordo-primitiva\/#primaryimage","url":"https:\/\/lottomat.com\/wp-content\/uploads\/2025\/03\/What-is-El-Gordo-de-la-Primitiva-300x300.png","contentUrl":"https:\/\/lottomat.com\/wp-content\/uploads\/2025\/03\/What-is-El-Gordo-de-la-Primitiva-300x300.png"},{"@type":"BreadcrumbList","@id":"https:\/\/lottomat.com\/de\/lotterie\/el-gordo-primitiva\/#breadcrumb","itemListElement":[{"@type":"ListItem","position":1,"name":"Home","item":"https:\/\/lottomat.com\/de\/"},{"@type":"ListItem","position":2,"name":"Lotterie-Regeln: Preise, Jackpot &#038; Gewinnchancen","item":"https:\/\/lottomat.com\/de\/lotterie\/"},{"@type":"ListItem","position":3,"name":"El Gordo Information"}]},{"@type":"WebSite","@id":"https:\/\/lottomat.com\/de\/#website","url":"https:\/\/lottomat.com\/de\/","name":"Lottomat","description":"","potentialAction":[{"@type":"SearchAction","target":{"@type":"EntryPoint","urlTemplate":"https:\/\/lottomat.com\/de\/?s={search_term_string}"},"query-input":{"@type":"PropertyValueSpecification","valueRequired":true,"valueName":"search_term_string"}}],"inLanguage":"de"}]}},"_links":{"self":[{"href":"https:\/\/lottomat.com\/de\/wp-json\/wp\/v2\/pages\/8126","targetHints":{"allow":["GET"]}}],"collection":[{"href":"https:\/\/lottomat.com\/de\/wp-json\/wp\/v2\/pages"}],"about":[{"href":"https:\/\/lottomat.com\/de\/wp-json\/wp\/v2\/types\/page"}],"author":[{"embeddable":true,"href":"https:\/\/lottomat.com\/de\/wp-json\/wp\/v2\/users\/1"}],"replies":[{"embeddable":true,"href":"https:\/\/lottomat.com\/de\/wp-json\/wp\/v2\/comments?post=8126"}],"version-history":[{"count":0,"href":"https:\/\/lottomat.com\/de\/wp-json\/wp\/v2\/pages\/8126\/revisions"}],"up":[{"embeddable":true,"href":"https:\/\/lottomat.com\/de\/wp-json\/wp\/v2\/pages\/6865"}],"wp:attachment":[{"href":"https:\/\/lottomat.com\/de\/wp-json\/wp\/v2\/media?parent=8126"}],"curies":[{"name":"wp","href":"https:\/\/api.w.org\/{rel}","templated":true}]}}