{"id":8053,"date":"2025-03-26T15:19:57","date_gmt":"2025-03-26T15:19:57","guid":{"rendered":"https:\/\/lottomat.net\/?page_id=8053"},"modified":"2025-04-08T09:35:00","modified_gmt":"2025-04-08T09:35:00","slug":"la-primitiva","status":"publish","type":"page","link":"https:\/\/lottomat.com\/de\/lotterie\/la-primitiva\/","title":{"rendered":"Informationen zu La Primitiva"},"content":{"rendered":"\n\n<div class=\"kk-star-ratings kksr-auto kksr-align-left kksr-valign-top\"\n    data-payload='{&quot;align&quot;:&quot;left&quot;,&quot;id&quot;:&quot;8053&quot;,&quot;slug&quot;:&quot;default&quot;,&quot;valign&quot;:&quot;top&quot;,&quot;ignore&quot;:&quot;&quot;,&quot;reference&quot;:&quot;auto&quot;,&quot;class&quot;:&quot;&quot;,&quot;count&quot;:&quot;0&quot;,&quot;legendonly&quot;:&quot;&quot;,&quot;readonly&quot;:&quot;&quot;,&quot;score&quot;:&quot;0&quot;,&quot;starsonly&quot;:&quot;&quot;,&quot;best&quot;:&quot;5&quot;,&quot;gap&quot;:&quot;5&quot;,&quot;greet&quot;:&quot;Rate this page&quot;,&quot;legend&quot;:&quot;0\\\/5 - (0 votes)&quot;,&quot;size&quot;:&quot;30&quot;,&quot;title&quot;:&quot;Informationen zu La Primitiva&quot;,&quot;width&quot;:&quot;0&quot;,&quot;_legend&quot;:&quot;{score}\\\/{best} - ({count} {votes})&quot;,&quot;font_factor&quot;:&quot;1.25&quot;}'>\n            \n<div class=\"kksr-stars\">\n    \n<div class=\"kksr-stars-inactive\">\n            <div class=\"kksr-star\" data-star=\"1\" style=\"padding-right: 5px\">\n            \n\n<div class=\"kksr-icon\" style=\"width: 30px; height: 30px;\"><\/div>\n        <\/div>\n            <div class=\"kksr-star\" data-star=\"2\" style=\"padding-right: 5px\">\n            \n\n<div class=\"kksr-icon\" style=\"width: 30px; height: 30px;\"><\/div>\n        <\/div>\n            <div class=\"kksr-star\" data-star=\"3\" style=\"padding-right: 5px\">\n            \n\n<div class=\"kksr-icon\" style=\"width: 30px; height: 30px;\"><\/div>\n        <\/div>\n            <div class=\"kksr-star\" data-star=\"4\" style=\"padding-right: 5px\">\n            \n\n<div class=\"kksr-icon\" style=\"width: 30px; height: 30px;\"><\/div>\n        <\/div>\n            <div class=\"kksr-star\" data-star=\"5\" style=\"padding-right: 5px\">\n            \n\n<div class=\"kksr-icon\" style=\"width: 30px; height: 30px;\"><\/div>\n        <\/div>\n    <\/div>\n    \n<div class=\"kksr-stars-active\" style=\"width: 0px;\">\n            <div class=\"kksr-star\" style=\"padding-right: 5px\">\n            \n\n<div class=\"kksr-icon\" style=\"width: 30px; height: 30px;\"><\/div>\n        <\/div>\n            <div class=\"kksr-star\" style=\"padding-right: 5px\">\n            \n\n<div class=\"kksr-icon\" style=\"width: 30px; height: 30px;\"><\/div>\n        <\/div>\n            <div class=\"kksr-star\" style=\"padding-right: 5px\">\n            \n\n<div class=\"kksr-icon\" style=\"width: 30px; height: 30px;\"><\/div>\n        <\/div>\n            <div class=\"kksr-star\" style=\"padding-right: 5px\">\n            \n\n<div class=\"kksr-icon\" style=\"width: 30px; height: 30px;\"><\/div>\n        <\/div>\n            <div class=\"kksr-star\" style=\"padding-right: 5px\">\n            \n\n<div class=\"kksr-icon\" style=\"width: 30px; height: 30px;\"><\/div>\n        <\/div>\n    <\/div>\n<\/div>\n                \n\n<div class=\"kksr-legend\" style=\"font-size: 24px;\">\n            <span class=\"kksr-muted\">Rate this page<\/span>\n    <\/div>\n    <\/div>\n<h2><img loading=\"lazy\" decoding=\"async\" class=\"alignleft wp-image-1123\" src=\"https:\/\/lottomat.com\/wp-content\/uploads\/2025\/03\/La-Primitiva-Rules-300x300.png\" alt=\"La Primitiva Spielregeln\" width=\"130\" height=\"130\" srcset=\"https:\/\/lottomat.com\/wp-content\/uploads\/2025\/03\/La-Primitiva-Rules-300x300.png 300w, https:\/\/lottomat.com\/wp-content\/uploads\/2025\/03\/La-Primitiva-Rules-150x150.png 150w, https:\/\/lottomat.com\/wp-content\/uploads\/2025\/03\/La-Primitiva-Rules-100x100.png 100w, https:\/\/lottomat.com\/wp-content\/uploads\/2025\/03\/La-Primitiva-Rules.png 400w\" sizes=\"auto, (max-width: 130px) 100vw, 130px\" \/>La Primitiva Spielregeln<\/h2>\n<p>M\u00f6chten Sie bei La Primitiva gewinnen und den Jackpot knacken? Hier finden Sie alle Informationen zur beliebtesten spanischen Lotterie.<br \/>\nBei diesem Spiel m\u00fcssen Sie sechs von 49 m\u00f6glichen Zahlen erraten. Das Online-Lotto La Primitiva stammt aus den Anf\u00e4ngen des spanischen Lottos im Jahr 1763.<br \/>\n<a href=\"https:\/\/lottomat.com\/play\/la-primitiva\/\">La Primitiva online<\/a> hat einfache Regeln. Das Spiel basiert auf der Vorhersage von sechs Zahlen in einer Tabelle mit 49 Feldern, die von 1 bis 49 nummeriert sind.<\/p>\n<h2><img loading=\"lazy\" decoding=\"async\" class=\"alignleft wp-image-1152\" src=\"https:\/\/lottomat.com\/wp-content\/uploads\/2025\/03\/Benefits-of-playing-the-La-Primitiva-online-300x300.png\" alt=\"Vorteile des Online-Spielens von La Primitiva\" width=\"130\" height=\"130\" srcset=\"https:\/\/lottomat.com\/wp-content\/uploads\/2025\/03\/Benefits-of-playing-the-La-Primitiva-online-300x300.png 300w, https:\/\/lottomat.com\/wp-content\/uploads\/2025\/03\/Benefits-of-playing-the-La-Primitiva-online-150x150.png 150w, https:\/\/lottomat.com\/wp-content\/uploads\/2025\/03\/Benefits-of-playing-the-La-Primitiva-online-100x100.png 100w, https:\/\/lottomat.com\/wp-content\/uploads\/2025\/03\/Benefits-of-playing-the-La-Primitiva-online.png 400w\" sizes=\"auto, (max-width: 130px) 100vw, 130px\" \/>Vorteile des Online-Spielens von La Primitiva<\/h2>\n<p>Der moderne technologische Fortschritt hat das Spielen von La Primitiva sehr einfach und f\u00fcr jedermann zug\u00e4nglich gemacht. Online-Spielen ist so einfach wie das Surfen im Internet. Mit einer Internetverbindung k\u00f6nnen Sie bequem von zu Hause, vom Arbeitsplatz oder in der Freizeit auf dieses Online-Lotteriespiel zugreifen. Mit diesem einfachen Schritt erhalten Sie direkten Zugriff auf alle Lotterien und k\u00f6nnen dort Wetten platzieren.<\/p>\n<h2><img loading=\"lazy\" decoding=\"async\" class=\"alignleft wp-image-1181\" src=\"https:\/\/lottomat.com\/wp-content\/uploads\/2025\/03\/playing-La-Primitiva-300x300.png\" alt=\"playing La Primitiva\" width=\"130\" height=\"130\" srcset=\"https:\/\/lottomat.com\/wp-content\/uploads\/2025\/03\/playing-La-Primitiva-300x300.png 300w, https:\/\/lottomat.com\/wp-content\/uploads\/2025\/03\/playing-La-Primitiva-150x150.png 150w, https:\/\/lottomat.com\/wp-content\/uploads\/2025\/03\/playing-La-Primitiva-100x100.png 100w, https:\/\/lottomat.com\/wp-content\/uploads\/2025\/03\/playing-La-Primitiva.png 400w\" sizes=\"auto, (max-width: 130px) 100vw, 130px\" \/>La Primitiva bietet zahlreiche Vorteile<\/h2>\n<ul>\n<li>Es ist schnell, einfach und bequem, ganz ohne Warteschlangen.<\/li>\n<li>Nutzer mit einem La Primitiva Online-Konto erhalten st\u00e4ndig Informationen zu allen Verlosungen, den gewonnenen Preisen und den angesammelten La Primitiva Jackpots.<\/li>\n<li>La Primitiva Online bietet eine zuverl\u00e4ssige und sichere Methode f\u00fcr alle Online-Banking-Transaktionen.<\/li>\n<li>Registrierte Nutzer verlieren ihre Tickets nicht und werden stets zeitnah \u00fcber alle durchgef\u00fchrten Transaktionen informiert: Einz\u00fcge, Zahlungen, K\u00e4ufe usw.<\/li>\n<li>Wenn ein Benutzer einen Preis gewinnt, wird der entsprechende Barbetrag seinem Konto gutgeschrieben. Dieser programmierte Vorgang wird automatisch ausgef\u00fchrt.<\/li>\n<li>Unsere Spieler haben au\u00dferdem sofortigen Zugriff auf die <a href=\"https:\/\/lottomat.com\/results\/la-primitiva\/\">aktuellen Ergebnisse der La Primitiva-Ziehung<\/a>.<\/li>\n<\/ul>\n<h2><img loading=\"lazy\" decoding=\"async\" class=\"alignleft wp-image-1210\" src=\"https:\/\/lottomat.com\/wp-content\/uploads\/2025\/03\/La-Primitiva-jackpot-and-prizes-300x300.png\" alt=\"La Primitiva Jackpot und Preise\" width=\"130\" height=\"130\" srcset=\"https:\/\/lottomat.com\/wp-content\/uploads\/2025\/03\/La-Primitiva-jackpot-and-prizes-300x300.png 300w, https:\/\/lottomat.com\/wp-content\/uploads\/2025\/03\/La-Primitiva-jackpot-and-prizes-150x150.png 150w, https:\/\/lottomat.com\/wp-content\/uploads\/2025\/03\/La-Primitiva-jackpot-and-prizes-100x100.png 100w, https:\/\/lottomat.com\/wp-content\/uploads\/2025\/03\/La-Primitiva-jackpot-and-prizes.png 400w\" sizes=\"auto, (max-width: 130px) 100vw, 130px\" \/>La Primitiva Jackpot und Preise<\/h2>\n<p>Der Jackpot, auch \u201eSonderkategorie\u201c genannt, beginnt immer bei 2.000.000 \u20ac, dem garantierten Mindestbetrag.<br \/>\nWird bei einer Ziehung der maximalen Kategorie kein Gewinner ermittelt, wird der Betrag der n\u00e4chsten Ziehung derselben Kategorie addiert. Dieser Vorgang wird so lange fortgesetzt, bis jemand den Hauptpreis gewinnt.<\/p>\n<p>Der erste Jackpot seit der Erfindung von La Primitiva betrug 62 Millionen Peseten (ca. 372.000 \u20ac). Der bisher h\u00f6chste Jackpot betrug 101.724.559,10 \u20ac und wurde r\u00fcckwirkend auf den 15. Oktober 2015 ausgezahlt.<\/p>\n","protected":false},"excerpt":{"rendered":"<p>La Primitiva Spielregeln M\u00f6chten Sie bei La Primitiva gewinnen und den Jackpot knacken? Hier finden Sie alle Informationen zur beliebtesten spanischen Lotterie. Bei diesem Spiel m\u00fcssen Sie sechs von 49 m\u00f6glichen Zahlen erraten. Das Online-Lotto La Primitiva stammt aus den Anf\u00e4ngen des spanischen Lottos im Jahr 1763. La Primitiva online hat einfache Regeln. Das Spiel [&hellip;]<\/p>\n","protected":false},"author":1,"featured_media":0,"parent":6865,"menu_order":8,"comment_status":"closed","ping_status":"closed","template":"la-primitiva-info.php","meta":{"_et_pb_use_builder":"","_et_pb_old_content":"","_et_gb_content_width":"","exclude_from_search":false,"footnotes":""},"class_list":["post-8053","page","type-page","status-publish","hentry"],"yoast_head":"<!-- This site is optimized with the Yoast SEO plugin v23.8 - https:\/\/yoast.com\/wordpress\/plugins\/seo\/ -->\n<title>Informationen zu La Primitiva<\/title>\n<meta name=\"description\" content=\"La Primitiva Preise &amp; Regeln. Das Spiel basiert auf der Vorhersage von sechs Zahlen in einer Tabelle mit 49 Feldern, die von 1 bis 49 nummeriert sind.\" \/>\n<meta name=\"robots\" content=\"index, follow, max-snippet:-1, max-image-preview:large, max-video-preview:-1\" \/>\n<link rel=\"canonical\" href=\"https:\/\/lottomat.com\/de\/lotterie\/la-primitiva\/\" \/>\n<meta property=\"og:locale\" content=\"de_DE\" \/>\n<meta property=\"og:type\" content=\"article\" \/>\n<meta property=\"og:title\" content=\"Informationen zu La Primitiva\" \/>\n<meta property=\"og:description\" content=\"La Primitiva Preise &amp; Regeln. Das Spiel basiert auf der Vorhersage von sechs Zahlen in einer Tabelle mit 49 Feldern, die von 1 bis 49 nummeriert sind.\" \/>\n<meta property=\"og:url\" content=\"https:\/\/lottomat.com\/de\/lotterie\/la-primitiva\/\" \/>\n<meta property=\"og:site_name\" content=\"Lottomat\" \/>\n<meta property=\"article:modified_time\" content=\"2025-04-08T09:35:00+00:00\" \/>\n<meta property=\"og:image\" content=\"https:\/\/lottomat.com\/wp-content\/uploads\/2025\/03\/La-Primitiva-Rules-300x300.png\" \/>\n<meta name=\"twitter:card\" content=\"summary_large_image\" \/>\n<meta name=\"twitter:label1\" content=\"Gesch\u00e4tzte Lesezeit\" \/>\n\t<meta name=\"twitter:data1\" content=\"3\u00a0Minuten\" \/>\n<script type=\"application\/ld+json\" class=\"yoast-schema-graph\">{\"@context\":\"https:\/\/schema.org\",\"@graph\":[{\"@type\":\"WebPage\",\"@id\":\"https:\/\/lottomat.com\/de\/lotterie\/la-primitiva\/\",\"url\":\"https:\/\/lottomat.com\/de\/lotterie\/la-primitiva\/\",\"name\":\"Informationen zu La Primitiva\",\"isPartOf\":{\"@id\":\"https:\/\/lottomat.com\/de\/#website\"},\"primaryImageOfPage\":{\"@id\":\"https:\/\/lottomat.com\/de\/lotterie\/la-primitiva\/#primaryimage\"},\"image\":{\"@id\":\"https:\/\/lottomat.com\/de\/lotterie\/la-primitiva\/#primaryimage\"},\"thumbnailUrl\":\"https:\/\/lottomat.com\/wp-content\/uploads\/2025\/03\/La-Primitiva-Rules-300x300.png\",\"datePublished\":\"2025-03-26T15:19:57+00:00\",\"dateModified\":\"2025-04-08T09:35:00+00:00\",\"description\":\"La Primitiva Preise & Regeln. Das Spiel basiert auf der Vorhersage von sechs Zahlen in einer Tabelle mit 49 Feldern, die von 1 bis 49 nummeriert sind.\",\"breadcrumb\":{\"@id\":\"https:\/\/lottomat.com\/de\/lotterie\/la-primitiva\/#breadcrumb\"},\"inLanguage\":\"de\",\"potentialAction\":[{\"@type\":\"ReadAction\",\"target\":[\"https:\/\/lottomat.com\/de\/lotterie\/la-primitiva\/\"]}]},{\"@type\":\"ImageObject\",\"inLanguage\":\"de\",\"@id\":\"https:\/\/lottomat.com\/de\/lotterie\/la-primitiva\/#primaryimage\",\"url\":\"https:\/\/lottomat.com\/wp-content\/uploads\/2025\/03\/La-Primitiva-Rules-300x300.png\",\"contentUrl\":\"https:\/\/lottomat.com\/wp-content\/uploads\/2025\/03\/La-Primitiva-Rules-300x300.png\"},{\"@type\":\"BreadcrumbList\",\"@id\":\"https:\/\/lottomat.com\/de\/lotterie\/la-primitiva\/#breadcrumb\",\"itemListElement\":[{\"@type\":\"ListItem\",\"position\":1,\"name\":\"Home\",\"item\":\"https:\/\/lottomat.com\/de\/\"},{\"@type\":\"ListItem\",\"position\":2,\"name\":\"Lotterie-Regeln: Preise, Jackpot &#038; Gewinnchancen\",\"item\":\"https:\/\/lottomat.com\/de\/lotterie\/\"},{\"@type\":\"ListItem\",\"position\":3,\"name\":\"Informationen zu La Primitiva\"}]},{\"@type\":\"WebSite\",\"@id\":\"https:\/\/lottomat.com\/de\/#website\",\"url\":\"https:\/\/lottomat.com\/de\/\",\"name\":\"Lottomat\",\"description\":\"\",\"potentialAction\":[{\"@type\":\"SearchAction\",\"target\":{\"@type\":\"EntryPoint\",\"urlTemplate\":\"https:\/\/lottomat.com\/de\/?s={search_term_string}\"},\"query-input\":{\"@type\":\"PropertyValueSpecification\",\"valueRequired\":true,\"valueName\":\"search_term_string\"}}],\"inLanguage\":\"de\"}]}<\/script>\n<!-- \/ Yoast SEO plugin. -->","yoast_head_json":{"title":"Informationen zu La Primitiva","description":"La Primitiva Preise & Regeln. Das Spiel basiert auf der Vorhersage von sechs Zahlen in einer Tabelle mit 49 Feldern, die von 1 bis 49 nummeriert sind.","robots":{"index":"index","follow":"follow","max-snippet":"max-snippet:-1","max-image-preview":"max-image-preview:large","max-video-preview":"max-video-preview:-1"},"canonical":"https:\/\/lottomat.com\/de\/lotterie\/la-primitiva\/","og_locale":"de_DE","og_type":"article","og_title":"Informationen zu La Primitiva","og_description":"La Primitiva Preise & Regeln. Das Spiel basiert auf der Vorhersage von sechs Zahlen in einer Tabelle mit 49 Feldern, die von 1 bis 49 nummeriert sind.","og_url":"https:\/\/lottomat.com\/de\/lotterie\/la-primitiva\/","og_site_name":"Lottomat","article_modified_time":"2025-04-08T09:35:00+00:00","og_image":[{"url":"https:\/\/lottomat.com\/wp-content\/uploads\/2025\/03\/La-Primitiva-Rules-300x300.png"}],"twitter_card":"summary_large_image","twitter_misc":{"Gesch\u00e4tzte Lesezeit":"3\u00a0Minuten"},"schema":{"@context":"https:\/\/schema.org","@graph":[{"@type":"WebPage","@id":"https:\/\/lottomat.com\/de\/lotterie\/la-primitiva\/","url":"https:\/\/lottomat.com\/de\/lotterie\/la-primitiva\/","name":"Informationen zu La Primitiva","isPartOf":{"@id":"https:\/\/lottomat.com\/de\/#website"},"primaryImageOfPage":{"@id":"https:\/\/lottomat.com\/de\/lotterie\/la-primitiva\/#primaryimage"},"image":{"@id":"https:\/\/lottomat.com\/de\/lotterie\/la-primitiva\/#primaryimage"},"thumbnailUrl":"https:\/\/lottomat.com\/wp-content\/uploads\/2025\/03\/La-Primitiva-Rules-300x300.png","datePublished":"2025-03-26T15:19:57+00:00","dateModified":"2025-04-08T09:35:00+00:00","description":"La Primitiva Preise & Regeln. Das Spiel basiert auf der Vorhersage von sechs Zahlen in einer Tabelle mit 49 Feldern, die von 1 bis 49 nummeriert sind.","breadcrumb":{"@id":"https:\/\/lottomat.com\/de\/lotterie\/la-primitiva\/#breadcrumb"},"inLanguage":"de","potentialAction":[{"@type":"ReadAction","target":["https:\/\/lottomat.com\/de\/lotterie\/la-primitiva\/"]}]},{"@type":"ImageObject","inLanguage":"de","@id":"https:\/\/lottomat.com\/de\/lotterie\/la-primitiva\/#primaryimage","url":"https:\/\/lottomat.com\/wp-content\/uploads\/2025\/03\/La-Primitiva-Rules-300x300.png","contentUrl":"https:\/\/lottomat.com\/wp-content\/uploads\/2025\/03\/La-Primitiva-Rules-300x300.png"},{"@type":"BreadcrumbList","@id":"https:\/\/lottomat.com\/de\/lotterie\/la-primitiva\/#breadcrumb","itemListElement":[{"@type":"ListItem","position":1,"name":"Home","item":"https:\/\/lottomat.com\/de\/"},{"@type":"ListItem","position":2,"name":"Lotterie-Regeln: Preise, Jackpot &#038; Gewinnchancen","item":"https:\/\/lottomat.com\/de\/lotterie\/"},{"@type":"ListItem","position":3,"name":"Informationen zu La Primitiva"}]},{"@type":"WebSite","@id":"https:\/\/lottomat.com\/de\/#website","url":"https:\/\/lottomat.com\/de\/","name":"Lottomat","description":"","potentialAction":[{"@type":"SearchAction","target":{"@type":"EntryPoint","urlTemplate":"https:\/\/lottomat.com\/de\/?s={search_term_string}"},"query-input":{"@type":"PropertyValueSpecification","valueRequired":true,"valueName":"search_term_string"}}],"inLanguage":"de"}]}},"_links":{"self":[{"href":"https:\/\/lottomat.com\/de\/wp-json\/wp\/v2\/pages\/8053","targetHints":{"allow":["GET"]}}],"collection":[{"href":"https:\/\/lottomat.com\/de\/wp-json\/wp\/v2\/pages"}],"about":[{"href":"https:\/\/lottomat.com\/de\/wp-json\/wp\/v2\/types\/page"}],"author":[{"embeddable":true,"href":"https:\/\/lottomat.com\/de\/wp-json\/wp\/v2\/users\/1"}],"replies":[{"embeddable":true,"href":"https:\/\/lottomat.com\/de\/wp-json\/wp\/v2\/comments?post=8053"}],"version-history":[{"count":0,"href":"https:\/\/lottomat.com\/de\/wp-json\/wp\/v2\/pages\/8053\/revisions"}],"up":[{"embeddable":true,"href":"https:\/\/lottomat.com\/de\/wp-json\/wp\/v2\/pages\/6865"}],"wp:attachment":[{"href":"https:\/\/lottomat.com\/de\/wp-json\/wp\/v2\/media?parent=8053"}],"curies":[{"name":"wp","href":"https:\/\/api.w.org\/{rel}","templated":true}]}}