{"id":7843,"date":"2025-03-26T09:26:39","date_gmt":"2025-03-26T09:26:39","guid":{"rendered":"https:\/\/lottomat.net\/?page_id=7843"},"modified":"2025-04-07T07:26:15","modified_gmt":"2025-04-07T07:26:15","slug":"lotto-uk","status":"publish","type":"page","link":"https:\/\/lottomat.com\/de\/spielen\/lotto-uk\/","title":{"rendered":"UK Lotto online spielen"},"content":{"rendered":"\n\n<div class=\"kk-star-ratings kksr-auto kksr-align-left kksr-valign-top\"\n    data-payload='{&quot;align&quot;:&quot;left&quot;,&quot;id&quot;:&quot;7843&quot;,&quot;slug&quot;:&quot;default&quot;,&quot;valign&quot;:&quot;top&quot;,&quot;ignore&quot;:&quot;&quot;,&quot;reference&quot;:&quot;auto&quot;,&quot;class&quot;:&quot;&quot;,&quot;count&quot;:&quot;0&quot;,&quot;legendonly&quot;:&quot;&quot;,&quot;readonly&quot;:&quot;&quot;,&quot;score&quot;:&quot;0&quot;,&quot;starsonly&quot;:&quot;&quot;,&quot;best&quot;:&quot;5&quot;,&quot;gap&quot;:&quot;5&quot;,&quot;greet&quot;:&quot;Rate this page&quot;,&quot;legend&quot;:&quot;0\\\/5 - (0 votes)&quot;,&quot;size&quot;:&quot;30&quot;,&quot;title&quot;:&quot;UK Lotto online spielen&quot;,&quot;width&quot;:&quot;0&quot;,&quot;_legend&quot;:&quot;{score}\\\/{best} - ({count} {votes})&quot;,&quot;font_factor&quot;:&quot;1.25&quot;}'>\n            \n<div class=\"kksr-stars\">\n    \n<div class=\"kksr-stars-inactive\">\n            <div class=\"kksr-star\" data-star=\"1\" style=\"padding-right: 5px\">\n            \n\n<div class=\"kksr-icon\" style=\"width: 30px; height: 30px;\"><\/div>\n        <\/div>\n            <div class=\"kksr-star\" data-star=\"2\" style=\"padding-right: 5px\">\n            \n\n<div class=\"kksr-icon\" style=\"width: 30px; height: 30px;\"><\/div>\n        <\/div>\n            <div class=\"kksr-star\" data-star=\"3\" style=\"padding-right: 5px\">\n            \n\n<div class=\"kksr-icon\" style=\"width: 30px; height: 30px;\"><\/div>\n        <\/div>\n            <div class=\"kksr-star\" data-star=\"4\" style=\"padding-right: 5px\">\n            \n\n<div class=\"kksr-icon\" style=\"width: 30px; height: 30px;\"><\/div>\n        <\/div>\n            <div class=\"kksr-star\" data-star=\"5\" style=\"padding-right: 5px\">\n            \n\n<div class=\"kksr-icon\" style=\"width: 30px; height: 30px;\"><\/div>\n        <\/div>\n    <\/div>\n    \n<div class=\"kksr-stars-active\" style=\"width: 0px;\">\n            <div class=\"kksr-star\" style=\"padding-right: 5px\">\n            \n\n<div class=\"kksr-icon\" style=\"width: 30px; height: 30px;\"><\/div>\n        <\/div>\n            <div class=\"kksr-star\" style=\"padding-right: 5px\">\n            \n\n<div class=\"kksr-icon\" style=\"width: 30px; height: 30px;\"><\/div>\n        <\/div>\n            <div class=\"kksr-star\" style=\"padding-right: 5px\">\n            \n\n<div class=\"kksr-icon\" style=\"width: 30px; height: 30px;\"><\/div>\n        <\/div>\n            <div class=\"kksr-star\" style=\"padding-right: 5px\">\n            \n\n<div class=\"kksr-icon\" style=\"width: 30px; height: 30px;\"><\/div>\n        <\/div>\n            <div class=\"kksr-star\" style=\"padding-right: 5px\">\n            \n\n<div class=\"kksr-icon\" style=\"width: 30px; height: 30px;\"><\/div>\n        <\/div>\n    <\/div>\n<\/div>\n                \n\n<div class=\"kksr-legend\" style=\"font-size: 24px;\">\n            <span class=\"kksr-muted\">Rate this page<\/span>\n    <\/div>\n    <\/div>\n<h2 class=\"wp-block-heading\"><img loading=\"lazy\" decoding=\"async\" class=\"alignleft wp-image-74604\" src=\"https:\/\/lottomat.com\/wp-content\/uploads\/sites\/3\/how-to-check-UK-lotto-results.png\" alt=\"Wie \u00fcberpr\u00fcft man die UK Lotto-Ergebnisse?\" width=\"130\" height=\"130\" \/>Wie spielt man UK Lotto, was kann man gewinnen und wie \u00fcberpr\u00fcft man die Ergebnisse?<\/h2>Die <a href=\"https:\/\/lottomat.com\/lotteries\/lotto-uk\/\">Regeln des UK Lotto<\/a> sind sehr einfach \u2013 es ist ein Zahlenspiel, das leicht zu verstehen ist. Sie m\u00fcssen einfach sechs Zahlen zwischen 1 und 59 ausw\u00e4hlen. Der Jackpot geht an den Spieler, der alle sechs Gewinnzahlen richtig tippt. Falls es mehrere Gewinner gibt, wird der Jackpot gleichm\u00e4\u00dfig aufgeteilt. Falls niemand gewinnt, gibt es einen \u201eRollover\u201c, was bedeutet, dass der Jackpot in die n\u00e4chste Ziehung \u00fcbertragen wird und eine betr\u00e4chtliche Summe erreichen kann. Schauen wir uns die <a href=\"https:\/\/lottomat.com\/lotteries\/lotto-uk\/\">UK Lotto-Gewinne<\/a> genauer an. <strong>UK Lotto<\/strong> hat f\u00fcnf Gewinnstufen, aber nur vier davon bieten eine Geldpr\u00e4mie. Der niedrigste Gewinn, zwei richtige Zahlen, bringt Ihnen ein kostenloses Ticket f\u00fcr die n\u00e4chste Ziehung. Der kleinste Geldgewinn betr\u00e4gt 25 Britische Pfund. <a href=\"https:\/\/lottomat.com\/results\/lotto-uk\/\">Die Preise des UK Lotto<\/a> sind variabel \u2013 beispielsweise betr\u00e4gt der Jackpot am Mittwoch 2.000.000 \u00a3 und am Samstag zwischen 3,8 und 4.000.000 \u00a3. Im <strong>UK Lotto<\/strong> gibt es h\u00e4ufig Rollovers, wodurch der Jackpot auf mehrere zehn Millionen Pfund anwachsen kann. Das maximale Rollover-Limit liegt bei 22.000.000 \u00a3, aber die Organisatoren k\u00f6nnen diesen Betrag anpassen. Falls niemand den Jackpot gewinnt, wird das Geld unter den Spielern aufgeteilt, die f\u00fcnf Zahlen richtig getippt haben. Sie k\u00f6nnen die neuesten <a href=\"https:\/\/lottomat.com\/results\/lotto-uk\/\">UK Lotto-Ergebnisse<\/a> auf unserer speziellen Seite \u00fcberpr\u00fcfen.<h2 class=\"wp-block-heading\"><img loading=\"lazy\" decoding=\"async\" class=\"alignleft wp-image-74632\" src=\"https:\/\/lottomat.com\/wp-content\/uploads\/sites\/3\/Whats-the-price-of-a-UK-Lottery-ticket.png\" alt=\"Wie viel kostet ein UK Lotto-Ticket?\" width=\"130\" height=\"130\" \/>Wie viel kostet ein UK Lotto-Ticket?<\/h2>Sehen Sie sich die Preise f\u00fcr ein oder mehrere Tickets an, indem Sie Ihre Spieloptionen ausw\u00e4hlen. F\u00fcllen Sie Ihr Ticket mit Ihren bevorzugten Zahlen aus oder nutzen Sie den Zufallszahlengenerator. Der Preis wird automatisch im Rechner unterhalb der Tickets angezeigt. Falls Sie mehrere Tickets kaufen, zeigt Ihnen das System die Gesamtkosten an. Der Preis des Tickets (oder der Tickets) ist endg\u00fcltig und umfasst sowohl den Ticketpreis als auch die Servicegeb\u00fchr. Wir bieten einige der wettbewerbsf\u00e4higsten Preise auf dem Markt.<h2 class=\"wp-block-heading\"><img loading=\"lazy\" decoding=\"async\" class=\"alignleft wp-image-74660\" src=\"https:\/\/lottomat.com\/wp-content\/uploads\/sites\/3\/How-to-purchase-a-UK-Lottery-ticket.png\" alt=\"Wie kauft man ein UK Lotto-Ticket?\" width=\"130\" height=\"130\" \/>Wie kauft man ein UK Lotto-Ticket?<\/h2>Es gibt zwei M\u00f6glichkeiten, ein UK Lotto-Ticket zu kaufen. Erstens k\u00f6nnen Sie Ihre Zahlen manuell ausw\u00e4hlen. Alternativ k\u00f6nnen Sie den Zufallszahlengenerator nutzen und die Auswahl dem Computer \u00fcberlassen. W\u00e4hlen Sie anschlie\u00dfend aus, an wie vielen Ziehungen Sie teilnehmen m\u00f6chten \u2013 nur an einer oder an mehreren. F\u00fcgen Sie Ihre Tickets dem Warenkorb hinzu und bezahlen Sie mit einer der verf\u00fcgbaren Zahlungsmethoden auf unserer Website. Nach dem Kauf sind Ihre Tickets in Ihrem Konto verf\u00fcgbar, und Sie k\u00f6nnen die Ergebnisse online \u00fcberpr\u00fcfen, sobald sie ver\u00f6ffentlicht werden.","protected":false},"excerpt":{"rendered":"<p>Wie spielt man UK Lotto, was kann man gewinnen und wie \u00fcberpr\u00fcft man die Ergebnisse? Wie viel kostet ein UK Lotto-Ticket? Sehen Sie sich die Preise f\u00fcr ein oder mehrere Tickets an, indem Sie Ihre Spieloptionen ausw\u00e4hlen. F\u00fcllen Sie Ihr Ticket mit Ihren bevorzugten Zahlen aus oder nutzen Sie den Zufallszahlengenerator. Der Preis wird automatisch [&hellip;]<\/p>\n","protected":false},"author":1,"featured_media":0,"parent":6772,"menu_order":9,"comment_status":"closed","ping_status":"closed","template":"lotto-uk.php","meta":{"_et_pb_use_builder":"","_et_pb_old_content":"","_et_gb_content_width":"","exclude_from_search":false,"footnotes":""},"class_list":["post-7843","page","type-page","status-publish","hentry"],"yoast_head":"<!-- This site is optimized with the Yoast SEO plugin v23.8 - https:\/\/yoast.com\/wordpress\/plugins\/seo\/ -->\n<title>UK Lotto online \u2013 spielen Sie UK Lotto online und gewinnen Sie! \u2013 LottoMat<\/title>\n<meta name=\"description\" content=\"Tr\u00e4umen Sie von einem unvergesslichen Urlaub am anderen Ende der Welt? Oder m\u00f6chten Sie vielleicht Ihr Traumhaus bauen? Spielen Sie UK Lotto online!\" \/>\n<meta name=\"robots\" content=\"index, follow, max-snippet:-1, max-image-preview:large, max-video-preview:-1\" \/>\n<link rel=\"canonical\" href=\"https:\/\/lottomat.com\/de\/spielen\/lotto-uk\/\" \/>\n<meta property=\"og:locale\" content=\"de_DE\" \/>\n<meta property=\"og:type\" content=\"article\" \/>\n<meta property=\"og:title\" content=\"UK Lotto online \u2013 spielen Sie UK Lotto online und gewinnen Sie! \u2013 LottoMat\" \/>\n<meta property=\"og:description\" content=\"Tr\u00e4umen Sie von einem unvergesslichen Urlaub am anderen Ende der Welt? Oder m\u00f6chten Sie vielleicht Ihr Traumhaus bauen? Spielen Sie UK Lotto online!\" \/>\n<meta property=\"og:url\" content=\"https:\/\/lottomat.com\/de\/spielen\/lotto-uk\/\" \/>\n<meta property=\"og:site_name\" content=\"Lottomat\" \/>\n<meta property=\"article:modified_time\" content=\"2025-04-07T07:26:15+00:00\" \/>\n<meta property=\"og:image\" content=\"https:\/\/lottomat.com\/wp-content\/uploads\/sites\/3\/how-to-check-UK-lotto-results.png\" \/>\n<meta name=\"twitter:card\" content=\"summary_large_image\" \/>\n<meta name=\"twitter:label1\" content=\"Gesch\u00e4tzte Lesezeit\" \/>\n\t<meta name=\"twitter:data1\" content=\"3\u00a0Minuten\" \/>\n<script type=\"application\/ld+json\" class=\"yoast-schema-graph\">{\"@context\":\"https:\/\/schema.org\",\"@graph\":[{\"@type\":\"WebPage\",\"@id\":\"https:\/\/lottomat.com\/de\/spielen\/lotto-uk\/\",\"url\":\"https:\/\/lottomat.com\/de\/spielen\/lotto-uk\/\",\"name\":\"UK Lotto online \u2013 spielen Sie UK Lotto online und gewinnen Sie! \u2013 LottoMat\",\"isPartOf\":{\"@id\":\"https:\/\/lottomat.com\/de\/#website\"},\"primaryImageOfPage\":{\"@id\":\"https:\/\/lottomat.com\/de\/spielen\/lotto-uk\/#primaryimage\"},\"image\":{\"@id\":\"https:\/\/lottomat.com\/de\/spielen\/lotto-uk\/#primaryimage\"},\"thumbnailUrl\":\"https:\/\/lottomat.com\/wp-content\/uploads\/sites\/3\/how-to-check-UK-lotto-results.png\",\"datePublished\":\"2025-03-26T09:26:39+00:00\",\"dateModified\":\"2025-04-07T07:26:15+00:00\",\"description\":\"Tr\u00e4umen Sie von einem unvergesslichen Urlaub am anderen Ende der Welt? Oder m\u00f6chten Sie vielleicht Ihr Traumhaus bauen? Spielen Sie UK Lotto online!\",\"breadcrumb\":{\"@id\":\"https:\/\/lottomat.com\/de\/spielen\/lotto-uk\/#breadcrumb\"},\"inLanguage\":\"de\",\"potentialAction\":[{\"@type\":\"ReadAction\",\"target\":[\"https:\/\/lottomat.com\/de\/spielen\/lotto-uk\/\"]}]},{\"@type\":\"ImageObject\",\"inLanguage\":\"de\",\"@id\":\"https:\/\/lottomat.com\/de\/spielen\/lotto-uk\/#primaryimage\",\"url\":\"https:\/\/lottomat.com\/wp-content\/uploads\/sites\/3\/how-to-check-UK-lotto-results.png\",\"contentUrl\":\"https:\/\/lottomat.com\/wp-content\/uploads\/sites\/3\/how-to-check-UK-lotto-results.png\"},{\"@type\":\"BreadcrumbList\",\"@id\":\"https:\/\/lottomat.com\/de\/spielen\/lotto-uk\/#breadcrumb\",\"itemListElement\":[{\"@type\":\"ListItem\",\"position\":1,\"name\":\"Home\",\"item\":\"https:\/\/lottomat.com\/de\/\"},{\"@type\":\"ListItem\",\"position\":2,\"name\":\"Lotto Online Spielen\",\"item\":\"https:\/\/lottomat.com\/de\/spielen\/\"},{\"@type\":\"ListItem\",\"position\":3,\"name\":\"UK Lotto online spielen\"}]},{\"@type\":\"WebSite\",\"@id\":\"https:\/\/lottomat.com\/de\/#website\",\"url\":\"https:\/\/lottomat.com\/de\/\",\"name\":\"Lottomat\",\"description\":\"\",\"potentialAction\":[{\"@type\":\"SearchAction\",\"target\":{\"@type\":\"EntryPoint\",\"urlTemplate\":\"https:\/\/lottomat.com\/de\/?s={search_term_string}\"},\"query-input\":{\"@type\":\"PropertyValueSpecification\",\"valueRequired\":true,\"valueName\":\"search_term_string\"}}],\"inLanguage\":\"de\"}]}<\/script>\n<!-- \/ Yoast SEO plugin. -->","yoast_head_json":{"title":"UK Lotto online \u2013 spielen Sie UK Lotto online und gewinnen Sie! \u2013 LottoMat","description":"Tr\u00e4umen Sie von einem unvergesslichen Urlaub am anderen Ende der Welt? Oder m\u00f6chten Sie vielleicht Ihr Traumhaus bauen? Spielen Sie UK Lotto online!","robots":{"index":"index","follow":"follow","max-snippet":"max-snippet:-1","max-image-preview":"max-image-preview:large","max-video-preview":"max-video-preview:-1"},"canonical":"https:\/\/lottomat.com\/de\/spielen\/lotto-uk\/","og_locale":"de_DE","og_type":"article","og_title":"UK Lotto online \u2013 spielen Sie UK Lotto online und gewinnen Sie! \u2013 LottoMat","og_description":"Tr\u00e4umen Sie von einem unvergesslichen Urlaub am anderen Ende der Welt? Oder m\u00f6chten Sie vielleicht Ihr Traumhaus bauen? Spielen Sie UK Lotto online!","og_url":"https:\/\/lottomat.com\/de\/spielen\/lotto-uk\/","og_site_name":"Lottomat","article_modified_time":"2025-04-07T07:26:15+00:00","og_image":[{"url":"https:\/\/lottomat.com\/wp-content\/uploads\/sites\/3\/how-to-check-UK-lotto-results.png"}],"twitter_card":"summary_large_image","twitter_misc":{"Gesch\u00e4tzte Lesezeit":"3\u00a0Minuten"},"schema":{"@context":"https:\/\/schema.org","@graph":[{"@type":"WebPage","@id":"https:\/\/lottomat.com\/de\/spielen\/lotto-uk\/","url":"https:\/\/lottomat.com\/de\/spielen\/lotto-uk\/","name":"UK Lotto online \u2013 spielen Sie UK Lotto online und gewinnen Sie! \u2013 LottoMat","isPartOf":{"@id":"https:\/\/lottomat.com\/de\/#website"},"primaryImageOfPage":{"@id":"https:\/\/lottomat.com\/de\/spielen\/lotto-uk\/#primaryimage"},"image":{"@id":"https:\/\/lottomat.com\/de\/spielen\/lotto-uk\/#primaryimage"},"thumbnailUrl":"https:\/\/lottomat.com\/wp-content\/uploads\/sites\/3\/how-to-check-UK-lotto-results.png","datePublished":"2025-03-26T09:26:39+00:00","dateModified":"2025-04-07T07:26:15+00:00","description":"Tr\u00e4umen Sie von einem unvergesslichen Urlaub am anderen Ende der Welt? Oder m\u00f6chten Sie vielleicht Ihr Traumhaus bauen? Spielen Sie UK Lotto online!","breadcrumb":{"@id":"https:\/\/lottomat.com\/de\/spielen\/lotto-uk\/#breadcrumb"},"inLanguage":"de","potentialAction":[{"@type":"ReadAction","target":["https:\/\/lottomat.com\/de\/spielen\/lotto-uk\/"]}]},{"@type":"ImageObject","inLanguage":"de","@id":"https:\/\/lottomat.com\/de\/spielen\/lotto-uk\/#primaryimage","url":"https:\/\/lottomat.com\/wp-content\/uploads\/sites\/3\/how-to-check-UK-lotto-results.png","contentUrl":"https:\/\/lottomat.com\/wp-content\/uploads\/sites\/3\/how-to-check-UK-lotto-results.png"},{"@type":"BreadcrumbList","@id":"https:\/\/lottomat.com\/de\/spielen\/lotto-uk\/#breadcrumb","itemListElement":[{"@type":"ListItem","position":1,"name":"Home","item":"https:\/\/lottomat.com\/de\/"},{"@type":"ListItem","position":2,"name":"Lotto Online Spielen","item":"https:\/\/lottomat.com\/de\/spielen\/"},{"@type":"ListItem","position":3,"name":"UK Lotto online spielen"}]},{"@type":"WebSite","@id":"https:\/\/lottomat.com\/de\/#website","url":"https:\/\/lottomat.com\/de\/","name":"Lottomat","description":"","potentialAction":[{"@type":"SearchAction","target":{"@type":"EntryPoint","urlTemplate":"https:\/\/lottomat.com\/de\/?s={search_term_string}"},"query-input":{"@type":"PropertyValueSpecification","valueRequired":true,"valueName":"search_term_string"}}],"inLanguage":"de"}]}},"_links":{"self":[{"href":"https:\/\/lottomat.com\/de\/wp-json\/wp\/v2\/pages\/7843","targetHints":{"allow":["GET"]}}],"collection":[{"href":"https:\/\/lottomat.com\/de\/wp-json\/wp\/v2\/pages"}],"about":[{"href":"https:\/\/lottomat.com\/de\/wp-json\/wp\/v2\/types\/page"}],"author":[{"embeddable":true,"href":"https:\/\/lottomat.com\/de\/wp-json\/wp\/v2\/users\/1"}],"replies":[{"embeddable":true,"href":"https:\/\/lottomat.com\/de\/wp-json\/wp\/v2\/comments?post=7843"}],"version-history":[{"count":0,"href":"https:\/\/lottomat.com\/de\/wp-json\/wp\/v2\/pages\/7843\/revisions"}],"up":[{"embeddable":true,"href":"https:\/\/lottomat.com\/de\/wp-json\/wp\/v2\/pages\/6772"}],"wp:attachment":[{"href":"https:\/\/lottomat.com\/de\/wp-json\/wp\/v2\/media?parent=7843"}],"curies":[{"name":"wp","href":"https:\/\/api.w.org\/{rel}","templated":true}]}}