{"id":7828,"date":"2025-03-26T09:39:58","date_gmt":"2025-03-26T09:39:58","guid":{"rendered":"https:\/\/lottomat.net\/lotto-spielen\/%d0%b8%d0%b3%d1%80%d0%b0%d1%82%d1%8c-%d0%b2%d0%be-%d1%84%d1%80%d0%b0%d0%bd%d1%86%d1%83%d0%b7%d1%81%d0%ba%d0%be%d0%b5-%d0%bb%d0%be%d1%82%d0%be-%d0%be%d0%bd%d0%bb%d0%b0%d0%b9%d0%bd\/"},"modified":"2025-04-08T09:31:12","modified_gmt":"2025-04-08T09:31:12","slug":"france-lotto","status":"publish","type":"page","link":"https:\/\/lottomat.com\/de\/spielen\/france-lotto\/","title":{"rendered":"\u0418\u0433\u0440\u0430\u0442\u044c \u0432\u043e \u0444\u0440\u0430\u043d\u0446\u0443\u0437\u0441\u043a\u043e\u0435 \u043b\u043e\u0442\u043e \u043e\u043d\u043b\u0430\u0439\u043d"},"content":{"rendered":"\n\n<div class=\"kk-star-ratings kksr-auto kksr-align-left kksr-valign-top\"\n    data-payload='{&quot;align&quot;:&quot;left&quot;,&quot;id&quot;:&quot;7828&quot;,&quot;slug&quot;:&quot;default&quot;,&quot;valign&quot;:&quot;top&quot;,&quot;ignore&quot;:&quot;&quot;,&quot;reference&quot;:&quot;auto&quot;,&quot;class&quot;:&quot;&quot;,&quot;count&quot;:&quot;0&quot;,&quot;legendonly&quot;:&quot;&quot;,&quot;readonly&quot;:&quot;&quot;,&quot;score&quot;:&quot;0&quot;,&quot;starsonly&quot;:&quot;&quot;,&quot;best&quot;:&quot;5&quot;,&quot;gap&quot;:&quot;5&quot;,&quot;greet&quot;:&quot;Rate this page&quot;,&quot;legend&quot;:&quot;0\\\/5 - (0 votes)&quot;,&quot;size&quot;:&quot;30&quot;,&quot;title&quot;:&quot;\u0418\u0433\u0440\u0430\u0442\u044c \u0432\u043e \u0444\u0440\u0430\u043d\u0446\u0443\u0437\u0441\u043a\u043e\u0435 \u043b\u043e\u0442\u043e \u043e\u043d\u043b\u0430\u0439\u043d&quot;,&quot;width&quot;:&quot;0&quot;,&quot;_legend&quot;:&quot;{score}\\\/{best} - ({count} {votes})&quot;,&quot;font_factor&quot;:&quot;1.25&quot;}'>\n            \n<div class=\"kksr-stars\">\n    \n<div class=\"kksr-stars-inactive\">\n            <div class=\"kksr-star\" data-star=\"1\" style=\"padding-right: 5px\">\n            \n\n<div class=\"kksr-icon\" style=\"width: 30px; height: 30px;\"><\/div>\n        <\/div>\n            <div class=\"kksr-star\" data-star=\"2\" style=\"padding-right: 5px\">\n            \n\n<div class=\"kksr-icon\" style=\"width: 30px; height: 30px;\"><\/div>\n        <\/div>\n            <div class=\"kksr-star\" data-star=\"3\" style=\"padding-right: 5px\">\n            \n\n<div class=\"kksr-icon\" style=\"width: 30px; height: 30px;\"><\/div>\n        <\/div>\n            <div class=\"kksr-star\" data-star=\"4\" style=\"padding-right: 5px\">\n            \n\n<div class=\"kksr-icon\" style=\"width: 30px; height: 30px;\"><\/div>\n        <\/div>\n            <div class=\"kksr-star\" data-star=\"5\" style=\"padding-right: 5px\">\n            \n\n<div class=\"kksr-icon\" style=\"width: 30px; height: 30px;\"><\/div>\n        <\/div>\n    <\/div>\n    \n<div class=\"kksr-stars-active\" style=\"width: 0px;\">\n            <div class=\"kksr-star\" style=\"padding-right: 5px\">\n            \n\n<div class=\"kksr-icon\" style=\"width: 30px; height: 30px;\"><\/div>\n        <\/div>\n            <div class=\"kksr-star\" style=\"padding-right: 5px\">\n            \n\n<div class=\"kksr-icon\" style=\"width: 30px; height: 30px;\"><\/div>\n        <\/div>\n            <div class=\"kksr-star\" style=\"padding-right: 5px\">\n            \n\n<div class=\"kksr-icon\" style=\"width: 30px; height: 30px;\"><\/div>\n        <\/div>\n            <div class=\"kksr-star\" style=\"padding-right: 5px\">\n            \n\n<div class=\"kksr-icon\" style=\"width: 30px; height: 30px;\"><\/div>\n        <\/div>\n            <div class=\"kksr-star\" style=\"padding-right: 5px\">\n            \n\n<div class=\"kksr-icon\" style=\"width: 30px; height: 30px;\"><\/div>\n        <\/div>\n    <\/div>\n<\/div>\n                \n\n<div class=\"kksr-legend\" style=\"font-size: 24px;\">\n            <span class=\"kksr-muted\">Rate this page<\/span>\n    <\/div>\n    <\/div>\n<h2>Franz\u00f6sische Lotterie (France Loto 5\/49 online) \u2013 Entdecken Sie die au\u00dfergew\u00f6hnliche Lotterie<\/h2>\n<p>Auf unserer Plattform haben Sie die M\u00f6glichkeit, aus einer gro\u00dfen Auswahl an Spielen zu w\u00e4hlen, darunter Lotto France 5\/49, aber auch viele andere Spiele mit hohem Gewinnpotenzial. Spielen Sie Lotto France direkt auf unserer Website und sehen Sie sich dort auch die aktuellen Ergebnisse der franz\u00f6sischen Lotterie 5\/49 an.<\/p>\n<h2>Wie entstand Loto France 5\/49?<\/h2>\n<p>Wenige wissen, dass Loto France auf eine lange Geschichte von fast einem Jahrhundert zur\u00fcckblickt. 1936 eingef\u00fchrt, machte die franz\u00f6sische Lotterie die Franzosen mit dem Spiel bekannt, das zu einem der beliebtesten Spiele des Landes werden sollte. Erst Anfang der 70er Jahre wurde Loto France 5\/49 eingef\u00fchrt und erfreute sich schnell gro\u00dfer Beliebtheit bei Gl\u00fccksspielfans in Frankreich und dar\u00fcber hinaus.<br \/>\nUnd heute erfreut sich Loto France 5\/49 bei Spielern weltweit gro\u00dfer Beliebtheit. Ab heute k\u00f6nnen Sie auch online Lottoscheine f\u00fcr die franz\u00f6sische Lotterie kaufen.<\/p>\n<h2>Wann wurde die franz\u00f6sische Lotterie (Loto France) online eingef\u00fchrt?<\/h2>\n<p>Da das Spiel seit 2009 beliebt ist, ist die franz\u00f6sische Nationallotterie auch online verf\u00fcgbar. Immer mehr Spieler spielen daher France Lotto, da sie die M\u00f6glichkeit haben, die franz\u00f6sische Lotterie 5\/49 zu spielen, ohne Partner-Lotterien aufsuchen zu m\u00fcssen.<br \/>\nDieser erste Schritt der franz\u00f6sischen Lotterie, Online-Spielern den Online-Kauf von Lottoscheinen zu erm\u00f6glichen, hat dem Gl\u00fccksspiel in der Gl\u00fccksspielbranche zu einem hervorragenden Ruf verholfen.<\/p>\n<h2>Regeln der franz\u00f6sischen Lotterie: Wie spielt man Lotto France 5\/49 online?<\/h2>\n<p>Wie bei jedem anderen Lotteriespiel zeichnet sich auch die franz\u00f6sische Online-Lotterie durch ihre Einfachheit und ihre Regeln aus, was sie bei Gl\u00fccksspielern beliebt gemacht hat. Immer mehr Menschen bevorzugen das Lottospiel gegen\u00fcber den klassischen Casinospielen. Spielen Sie Lotto France 5\/49 und \u00fcberzeugen Sie sich selbst!<br \/>\nDie Regeln von Lotto France 5\/49 sind kinderleicht: Spieler m\u00fcssen mindestens f\u00fcnf Zahlen aus dem Zahlenbereich von 1 bis 49 tippen. Die Gewinnchancen sind besonders attraktiv, da Spieler je nach Anzahl der richtigen Zahlen Preise gewinnen k\u00f6nnen.<br \/>\nZus\u00e4tzlich zum Hauptpreis gibt es bei Lotto France 5\/49 sechs Gewinnkategorien, die an Spieler vergeben werden, die bestimmte Zahlen in der Ziehungsreihenfolge richtig getippt haben.<br \/>\nDen niedrigsten Preis erhalten Spieler, die mindestens zwei richtige Zahlen getippt haben. Angesichts der vielen Gewinnchancen beim France Lotto online ist es kein Wunder, dass sich immer mehr Spieler f\u00fcr diese Spielvariante entscheiden. Wenn Sie sich auch f\u00fcr die Gewinnchancen interessieren, informieren Sie sich \u00fcber die Preise und Wahrscheinlichkeiten bei Lotto France forward. Spielen Sie Lotto France!<\/p>\n<h2> Wie \u00fcberpr\u00fcfe ich Frankreich Lotto 5\/49 Ergebnisse? <\/ H2><br \/>\nF\u00fcr Spieler, die sich f\u00fcr Lotto France online bei Lottomat entscheiden, ist der Prozess sehr einfach. Nachdem Sie Lotto -Tickets direkt von unserer Plattform online gekauft haben, m\u00fcssen Sie nur die Live -Ergebnisse direkt auf unserer Website verfolgen. Unsere Experten halten die internationale Lotterie -Datenbank aktiv, und jeder Spieler kann die neuesten Ergebnisse zeitnah und einfach \u00fcberpr\u00fcfen.<br \/>\nUm die neuesten Ergebnisse zu \u00fcberpr\u00fcfen, m\u00fcssen Sie auf den speziellen Abschnitt zugreifen, der Lotto France Online gewidmet ist, wo Sie in Echtzeit die neuesten Ergebnisse unserer Experten herausfinden, nachdem Sie sie aus offiziellen Quellen \u00fcberpr\u00fcft haben. So k\u00f6nnen Sie die Frankreich -Loto -Ergebnisse 5\/49 direkt auf unserer offiziellen Website \u00fcberpr\u00fcfen, auf der Sie auch Tickets kaufen k\u00f6nnen.<\/p>\n<h2> Wie f\u00fclle ich franz\u00f6sische Lotto -Tickets online bei Lottomat aus? <\/h2>\n<p>Auf Lottomat haben unsere Spieler die M\u00f6glichkeit, Lotto -Tickets online f\u00fcr eine Vielzahl von Spielen zu f\u00fcllen und zu kaufen, darunter Lotto France Online. Wenn Sie sich also entschlossen haben, Tickets f\u00fcr die n\u00e4chste Ziehung zu kaufen, sind dies die Schritte, die Sie unternehmen m\u00fcssen, um Ihre Erfahrung zu einem garantierten Erfolg zu machen:<\/p>\n<ol>\n<li> Gehen Sie zu unserer Website, Lottomat, und w\u00e4hlen Sie die richtige Lotterie f\u00fcr Sie in unserem Fall, Lotto France 5\/49; <\/li>\n<li> Registrieren Sie sich bei einem neuen Benutzerkonto mit personenbezogenen Daten; <\/li>\n<li> Nach der Validierung der Daten sind Sie bereit, Tickets online f\u00fcr die franz\u00f6sische Lotterie zu kaufen. <\/li>\n<li> Wenn Sie an anderen Spielen teilnehmen m\u00f6chten, k\u00f6nnen Sie die vollst\u00e4ndige Liste der Lotterien direkt online auf unserer Website \u00fcberpr\u00fcfen. <\/li>\n<\/ol>\n<h2> Methoden zur Maximierung der Chancen, franz\u00f6sische Lotterie online zu gewinnen <\/H2><br \/>\nWenn Sie immer noch nicht \u00fcberzeugt sind, wie Sie das Gewinnerticket in Lotto France 5\/49 erreichen und den gro\u00dfen Preis erhalten, haben wir die Antworten, nach denen Sie suchen. Bevor Sie Frankreich Lotto -Tickets online kaufen, m\u00fcssen Sie wissen, welche Methoden Ihnen helfen, Ihre Erfolgschancen zu erh\u00f6hen.<br \/>\nHier sind einige der Anzeichen unserer Fachkr\u00e4fte im Zusammenhang mit der Modalit\u00e4t des Spiels, die von jedem Spieler angewendet werden sollten:<\/p>\n<ul>\n<li> Spielen Sie die franz\u00f6sische Lotterie so oft wie m\u00f6glich und kaufen Sie Lotto -Frankreich -Tickets online f\u00fcr mehrere Ziehungen &#8211; je \u00f6fter Sie spielen, desto mehr Chancen haben Sie. Dieser Tipp mag seltsam erscheinen, aber je \u00f6fter Sie spielen, desto h\u00f6her ist Ihre Gewinnchancen. Wenn Sie ein einzelnes Ticket f\u00fcr eine einzige Ausgabe spielen, sind sie minimal. Wenn Sie jedoch an mehreren Online -Zeichnungen bei Lotto France online teilnehmen (Ziehungen, die dreimal pro Woche stattfinden), sind die Chancen viel h\u00f6her, um zu gewinnen! <\/Li>\n<li> Kaufen Sie mehrere Tickets gleichzeitig und spielen Sie in Frankreich Lotto online &#8211; wenn Sie dies nicht tun k\u00f6nnen, k\u00f6nnen Sie mehrere Tickets mit vertrauensw\u00fcrdigen Freunden oder Familienmitgliedern kaufen und den Preis proportional teilen.\n<li> \u00dcberpr\u00fcfen und analysieren Sie die Ergebnisse der Ergebnisse fr\u00fcherer Zeichnungen, wenn es in den 5 von 49 fr\u00fcheren Lotto-Editionen wiederkehrende Zahlen gibt, indem Sie die von fr\u00fcheren Gewinnern ausgew\u00e4hlten Gl\u00fcckszahlen \u00fcberpr\u00fcfen. Sie k\u00f6nnen dies auf unserer Website tun, auf der wir ein aktualisiertes Archiv fr\u00fcherer Spiele auf dem Laufenden halten. <\/Li>\n<\/ul>\n<h2> Lotto Frankreich mit Lottomat heute <\/H2> spielen <\/H2><br \/>\nFrankreich Loto 5\/49 Unentschieden findet jeden Montag, Mittwoch und Samstag um 18.35 Uhr Ortszeit statt. Spielen Sie also franz\u00f6sische Lotterie und finden Sie die neuesten Lotto -Ergebnisse direkt auf Lottomat, wo Sie das m\u00f6gliche Gewinnticket problemlos kaufen k\u00f6nnen. Spielen Sie Frankreich Lotto 5\/49!<\/p>\n","protected":false},"excerpt":{"rendered":"<p>Franz\u00f6sische Lotterie (France Loto 5\/49 online) \u2013 Entdecken Sie die au\u00dfergew\u00f6hnliche Lotterie Auf unserer Plattform haben Sie die M\u00f6glichkeit, aus einer gro\u00dfen Auswahl an Spielen zu w\u00e4hlen, darunter Lotto France 5\/49, aber auch viele andere Spiele mit hohem Gewinnpotenzial. Spielen Sie Lotto France direkt auf unserer Website und sehen Sie sich dort auch die aktuellen [&hellip;]<\/p>\n","protected":false},"author":1,"featured_media":0,"parent":6772,"menu_order":12,"comment_status":"closed","ping_status":"closed","template":"lotto-fr.php","meta":{"_et_pb_use_builder":"","_et_pb_old_content":"","_et_gb_content_width":"","exclude_from_search":false,"footnotes":""},"class_list":["post-7828","page","type-page","status-publish","hentry"],"yoast_head":"<!-- This site is optimized with the Yoast SEO plugin v23.8 - https:\/\/yoast.com\/wordpress\/plugins\/seo\/ -->\n<title>\u0418\u0433\u0440\u0430\u0442\u044c \u0432\u043e \u0444\u0440\u0430\u043d\u0446\u0443\u0437\u0441\u043a\u0443\u044e \u043b\u043e\u0442\u0435\u0440\u0435\u044e \u043e\u043d\u043b\u0430\u0439\u043d - \u041b\u043e\u0442\u043e \u0424\u0440\u0430\u043d\u0446\u0438\u0438 - \u0424\u0440\u0430\u043d\u0446\u0443\u0437\u0441\u043a\u043e\u0435 \u043b\u043e\u0442\u043e - LottoMat<\/title>\n<meta name=\"description\" content=\"\u0418\u0433\u0440\u0430\u0439\u0442\u0435 \u0432\u043e \u0444\u0440\u0430\u043d\u0446\u0443\u0437\u0441\u043a\u0443\u044e \u043b\u043e\u0442\u0435\u0440\u0435\u044e \u043e\u043d\u043b\u0430\u0439\u043d \u043d\u0430 \u043d\u0430\u0448\u0435\u043c \u0441\u0430\u0439\u0442\u0435. \u0412 Lottomat \u0432\u044b \u043c\u043e\u0436\u0435\u0442\u0435 \u043b\u0435\u0433\u043a\u043e \u043a\u0443\u043f\u0438\u0442\u044c \u0431\u0438\u043b\u0435\u0442\u044b \u041b\u043e\u0442\u043e \u0424\u0440\u0430\u043d\u0446\u0438\u0438 \u043e\u043d\u043b\u0430\u0439\u043d. \u0412\u044b\u0438\u0433\u0440\u0430\u0439\u0442\u0435 \u0432\u043e \u0444\u0440\u0430\u043d\u0446\u0443\u0437\u0441\u043a\u0443\u044e \u043b\u043e\u0442\u0435\u0440\u0435\u044e \u043f\u0440\u044f\u043c\u043e \u0441\u0435\u0439\u0447\u0430\u0441!\" \/>\n<meta name=\"robots\" content=\"index, follow, max-snippet:-1, max-image-preview:large, max-video-preview:-1\" \/>\n<link rel=\"canonical\" href=\"https:\/\/lottomat.com\/de\/spielen\/france-lotto\/\" \/>\n<meta property=\"og:locale\" content=\"de_DE\" \/>\n<meta property=\"og:type\" content=\"article\" \/>\n<meta property=\"og:title\" content=\"\u0418\u0433\u0440\u0430\u0442\u044c \u0432\u043e \u0444\u0440\u0430\u043d\u0446\u0443\u0437\u0441\u043a\u0443\u044e \u043b\u043e\u0442\u0435\u0440\u0435\u044e \u043e\u043d\u043b\u0430\u0439\u043d - \u041b\u043e\u0442\u043e \u0424\u0440\u0430\u043d\u0446\u0438\u0438 - \u0424\u0440\u0430\u043d\u0446\u0443\u0437\u0441\u043a\u043e\u0435 \u043b\u043e\u0442\u043e - LottoMat\" \/>\n<meta property=\"og:description\" content=\"\u0418\u0433\u0440\u0430\u0439\u0442\u0435 \u0432\u043e \u0444\u0440\u0430\u043d\u0446\u0443\u0437\u0441\u043a\u0443\u044e \u043b\u043e\u0442\u0435\u0440\u0435\u044e \u043e\u043d\u043b\u0430\u0439\u043d \u043d\u0430 \u043d\u0430\u0448\u0435\u043c \u0441\u0430\u0439\u0442\u0435. \u0412 Lottomat \u0432\u044b \u043c\u043e\u0436\u0435\u0442\u0435 \u043b\u0435\u0433\u043a\u043e \u043a\u0443\u043f\u0438\u0442\u044c \u0431\u0438\u043b\u0435\u0442\u044b \u041b\u043e\u0442\u043e \u0424\u0440\u0430\u043d\u0446\u0438\u0438 \u043e\u043d\u043b\u0430\u0439\u043d. \u0412\u044b\u0438\u0433\u0440\u0430\u0439\u0442\u0435 \u0432\u043e \u0444\u0440\u0430\u043d\u0446\u0443\u0437\u0441\u043a\u0443\u044e \u043b\u043e\u0442\u0435\u0440\u0435\u044e \u043f\u0440\u044f\u043c\u043e \u0441\u0435\u0439\u0447\u0430\u0441!\" \/>\n<meta property=\"og:url\" content=\"https:\/\/lottomat.com\/de\/spielen\/france-lotto\/\" \/>\n<meta property=\"og:site_name\" content=\"Lottomat\" \/>\n<meta property=\"article:modified_time\" content=\"2025-04-08T09:31:12+00:00\" \/>\n<meta name=\"twitter:card\" content=\"summary_large_image\" \/>\n<meta name=\"twitter:label1\" content=\"Gesch\u00e4tzte Lesezeit\" \/>\n\t<meta name=\"twitter:data1\" content=\"5\u00a0Minuten\" \/>\n<script type=\"application\/ld+json\" class=\"yoast-schema-graph\">{\"@context\":\"https:\/\/schema.org\",\"@graph\":[{\"@type\":\"WebPage\",\"@id\":\"https:\/\/lottomat.com\/de\/spielen\/france-lotto\/\",\"url\":\"https:\/\/lottomat.com\/de\/spielen\/france-lotto\/\",\"name\":\"\u0418\u0433\u0440\u0430\u0442\u044c \u0432\u043e \u0444\u0440\u0430\u043d\u0446\u0443\u0437\u0441\u043a\u0443\u044e \u043b\u043e\u0442\u0435\u0440\u0435\u044e \u043e\u043d\u043b\u0430\u0439\u043d - \u041b\u043e\u0442\u043e \u0424\u0440\u0430\u043d\u0446\u0438\u0438 - \u0424\u0440\u0430\u043d\u0446\u0443\u0437\u0441\u043a\u043e\u0435 \u043b\u043e\u0442\u043e - LottoMat\",\"isPartOf\":{\"@id\":\"https:\/\/lottomat.com\/de\/#website\"},\"datePublished\":\"2025-03-26T09:39:58+00:00\",\"dateModified\":\"2025-04-08T09:31:12+00:00\",\"description\":\"\u0418\u0433\u0440\u0430\u0439\u0442\u0435 \u0432\u043e \u0444\u0440\u0430\u043d\u0446\u0443\u0437\u0441\u043a\u0443\u044e \u043b\u043e\u0442\u0435\u0440\u0435\u044e \u043e\u043d\u043b\u0430\u0439\u043d \u043d\u0430 \u043d\u0430\u0448\u0435\u043c \u0441\u0430\u0439\u0442\u0435. \u0412 Lottomat \u0432\u044b \u043c\u043e\u0436\u0435\u0442\u0435 \u043b\u0435\u0433\u043a\u043e \u043a\u0443\u043f\u0438\u0442\u044c \u0431\u0438\u043b\u0435\u0442\u044b \u041b\u043e\u0442\u043e \u0424\u0440\u0430\u043d\u0446\u0438\u0438 \u043e\u043d\u043b\u0430\u0439\u043d. \u0412\u044b\u0438\u0433\u0440\u0430\u0439\u0442\u0435 \u0432\u043e \u0444\u0440\u0430\u043d\u0446\u0443\u0437\u0441\u043a\u0443\u044e \u043b\u043e\u0442\u0435\u0440\u0435\u044e \u043f\u0440\u044f\u043c\u043e \u0441\u0435\u0439\u0447\u0430\u0441!\",\"breadcrumb\":{\"@id\":\"https:\/\/lottomat.com\/de\/spielen\/france-lotto\/#breadcrumb\"},\"inLanguage\":\"de\",\"potentialAction\":[{\"@type\":\"ReadAction\",\"target\":[\"https:\/\/lottomat.com\/de\/spielen\/france-lotto\/\"]}]},{\"@type\":\"BreadcrumbList\",\"@id\":\"https:\/\/lottomat.com\/de\/spielen\/france-lotto\/#breadcrumb\",\"itemListElement\":[{\"@type\":\"ListItem\",\"position\":1,\"name\":\"Home\",\"item\":\"https:\/\/lottomat.com\/de\/\"},{\"@type\":\"ListItem\",\"position\":2,\"name\":\"Lotto Online Spielen\",\"item\":\"https:\/\/lottomat.com\/de\/spielen\/\"},{\"@type\":\"ListItem\",\"position\":3,\"name\":\"\u0418\u0433\u0440\u0430\u0442\u044c \u0432\u043e \u0444\u0440\u0430\u043d\u0446\u0443\u0437\u0441\u043a\u043e\u0435 \u043b\u043e\u0442\u043e \u043e\u043d\u043b\u0430\u0439\u043d\"}]},{\"@type\":\"WebSite\",\"@id\":\"https:\/\/lottomat.com\/de\/#website\",\"url\":\"https:\/\/lottomat.com\/de\/\",\"name\":\"Lottomat\",\"description\":\"\",\"potentialAction\":[{\"@type\":\"SearchAction\",\"target\":{\"@type\":\"EntryPoint\",\"urlTemplate\":\"https:\/\/lottomat.com\/de\/?s={search_term_string}\"},\"query-input\":{\"@type\":\"PropertyValueSpecification\",\"valueRequired\":true,\"valueName\":\"search_term_string\"}}],\"inLanguage\":\"de\"}]}<\/script>\n<!-- \/ Yoast SEO plugin. -->","yoast_head_json":{"title":"\u0418\u0433\u0440\u0430\u0442\u044c \u0432\u043e \u0444\u0440\u0430\u043d\u0446\u0443\u0437\u0441\u043a\u0443\u044e \u043b\u043e\u0442\u0435\u0440\u0435\u044e \u043e\u043d\u043b\u0430\u0439\u043d - \u041b\u043e\u0442\u043e \u0424\u0440\u0430\u043d\u0446\u0438\u0438 - \u0424\u0440\u0430\u043d\u0446\u0443\u0437\u0441\u043a\u043e\u0435 \u043b\u043e\u0442\u043e - LottoMat","description":"\u0418\u0433\u0440\u0430\u0439\u0442\u0435 \u0432\u043e \u0444\u0440\u0430\u043d\u0446\u0443\u0437\u0441\u043a\u0443\u044e \u043b\u043e\u0442\u0435\u0440\u0435\u044e \u043e\u043d\u043b\u0430\u0439\u043d \u043d\u0430 \u043d\u0430\u0448\u0435\u043c \u0441\u0430\u0439\u0442\u0435. \u0412 Lottomat \u0432\u044b \u043c\u043e\u0436\u0435\u0442\u0435 \u043b\u0435\u0433\u043a\u043e \u043a\u0443\u043f\u0438\u0442\u044c \u0431\u0438\u043b\u0435\u0442\u044b \u041b\u043e\u0442\u043e \u0424\u0440\u0430\u043d\u0446\u0438\u0438 \u043e\u043d\u043b\u0430\u0439\u043d. \u0412\u044b\u0438\u0433\u0440\u0430\u0439\u0442\u0435 \u0432\u043e \u0444\u0440\u0430\u043d\u0446\u0443\u0437\u0441\u043a\u0443\u044e \u043b\u043e\u0442\u0435\u0440\u0435\u044e \u043f\u0440\u044f\u043c\u043e \u0441\u0435\u0439\u0447\u0430\u0441!","robots":{"index":"index","follow":"follow","max-snippet":"max-snippet:-1","max-image-preview":"max-image-preview:large","max-video-preview":"max-video-preview:-1"},"canonical":"https:\/\/lottomat.com\/de\/spielen\/france-lotto\/","og_locale":"de_DE","og_type":"article","og_title":"\u0418\u0433\u0440\u0430\u0442\u044c \u0432\u043e \u0444\u0440\u0430\u043d\u0446\u0443\u0437\u0441\u043a\u0443\u044e \u043b\u043e\u0442\u0435\u0440\u0435\u044e \u043e\u043d\u043b\u0430\u0439\u043d - \u041b\u043e\u0442\u043e \u0424\u0440\u0430\u043d\u0446\u0438\u0438 - \u0424\u0440\u0430\u043d\u0446\u0443\u0437\u0441\u043a\u043e\u0435 \u043b\u043e\u0442\u043e - LottoMat","og_description":"\u0418\u0433\u0440\u0430\u0439\u0442\u0435 \u0432\u043e \u0444\u0440\u0430\u043d\u0446\u0443\u0437\u0441\u043a\u0443\u044e \u043b\u043e\u0442\u0435\u0440\u0435\u044e \u043e\u043d\u043b\u0430\u0439\u043d \u043d\u0430 \u043d\u0430\u0448\u0435\u043c \u0441\u0430\u0439\u0442\u0435. \u0412 Lottomat \u0432\u044b \u043c\u043e\u0436\u0435\u0442\u0435 \u043b\u0435\u0433\u043a\u043e \u043a\u0443\u043f\u0438\u0442\u044c \u0431\u0438\u043b\u0435\u0442\u044b \u041b\u043e\u0442\u043e \u0424\u0440\u0430\u043d\u0446\u0438\u0438 \u043e\u043d\u043b\u0430\u0439\u043d. \u0412\u044b\u0438\u0433\u0440\u0430\u0439\u0442\u0435 \u0432\u043e \u0444\u0440\u0430\u043d\u0446\u0443\u0437\u0441\u043a\u0443\u044e \u043b\u043e\u0442\u0435\u0440\u0435\u044e \u043f\u0440\u044f\u043c\u043e \u0441\u0435\u0439\u0447\u0430\u0441!","og_url":"https:\/\/lottomat.com\/de\/spielen\/france-lotto\/","og_site_name":"Lottomat","article_modified_time":"2025-04-08T09:31:12+00:00","twitter_card":"summary_large_image","twitter_misc":{"Gesch\u00e4tzte Lesezeit":"5\u00a0Minuten"},"schema":{"@context":"https:\/\/schema.org","@graph":[{"@type":"WebPage","@id":"https:\/\/lottomat.com\/de\/spielen\/france-lotto\/","url":"https:\/\/lottomat.com\/de\/spielen\/france-lotto\/","name":"\u0418\u0433\u0440\u0430\u0442\u044c \u0432\u043e \u0444\u0440\u0430\u043d\u0446\u0443\u0437\u0441\u043a\u0443\u044e \u043b\u043e\u0442\u0435\u0440\u0435\u044e \u043e\u043d\u043b\u0430\u0439\u043d - \u041b\u043e\u0442\u043e \u0424\u0440\u0430\u043d\u0446\u0438\u0438 - \u0424\u0440\u0430\u043d\u0446\u0443\u0437\u0441\u043a\u043e\u0435 \u043b\u043e\u0442\u043e - LottoMat","isPartOf":{"@id":"https:\/\/lottomat.com\/de\/#website"},"datePublished":"2025-03-26T09:39:58+00:00","dateModified":"2025-04-08T09:31:12+00:00","description":"\u0418\u0433\u0440\u0430\u0439\u0442\u0435 \u0432\u043e \u0444\u0440\u0430\u043d\u0446\u0443\u0437\u0441\u043a\u0443\u044e \u043b\u043e\u0442\u0435\u0440\u0435\u044e \u043e\u043d\u043b\u0430\u0439\u043d \u043d\u0430 \u043d\u0430\u0448\u0435\u043c \u0441\u0430\u0439\u0442\u0435. \u0412 Lottomat \u0432\u044b \u043c\u043e\u0436\u0435\u0442\u0435 \u043b\u0435\u0433\u043a\u043e \u043a\u0443\u043f\u0438\u0442\u044c \u0431\u0438\u043b\u0435\u0442\u044b \u041b\u043e\u0442\u043e \u0424\u0440\u0430\u043d\u0446\u0438\u0438 \u043e\u043d\u043b\u0430\u0439\u043d. \u0412\u044b\u0438\u0433\u0440\u0430\u0439\u0442\u0435 \u0432\u043e \u0444\u0440\u0430\u043d\u0446\u0443\u0437\u0441\u043a\u0443\u044e \u043b\u043e\u0442\u0435\u0440\u0435\u044e \u043f\u0440\u044f\u043c\u043e \u0441\u0435\u0439\u0447\u0430\u0441!","breadcrumb":{"@id":"https:\/\/lottomat.com\/de\/spielen\/france-lotto\/#breadcrumb"},"inLanguage":"de","potentialAction":[{"@type":"ReadAction","target":["https:\/\/lottomat.com\/de\/spielen\/france-lotto\/"]}]},{"@type":"BreadcrumbList","@id":"https:\/\/lottomat.com\/de\/spielen\/france-lotto\/#breadcrumb","itemListElement":[{"@type":"ListItem","position":1,"name":"Home","item":"https:\/\/lottomat.com\/de\/"},{"@type":"ListItem","position":2,"name":"Lotto Online Spielen","item":"https:\/\/lottomat.com\/de\/spielen\/"},{"@type":"ListItem","position":3,"name":"\u0418\u0433\u0440\u0430\u0442\u044c \u0432\u043e \u0444\u0440\u0430\u043d\u0446\u0443\u0437\u0441\u043a\u043e\u0435 \u043b\u043e\u0442\u043e \u043e\u043d\u043b\u0430\u0439\u043d"}]},{"@type":"WebSite","@id":"https:\/\/lottomat.com\/de\/#website","url":"https:\/\/lottomat.com\/de\/","name":"Lottomat","description":"","potentialAction":[{"@type":"SearchAction","target":{"@type":"EntryPoint","urlTemplate":"https:\/\/lottomat.com\/de\/?s={search_term_string}"},"query-input":{"@type":"PropertyValueSpecification","valueRequired":true,"valueName":"search_term_string"}}],"inLanguage":"de"}]}},"_links":{"self":[{"href":"https:\/\/lottomat.com\/de\/wp-json\/wp\/v2\/pages\/7828","targetHints":{"allow":["GET"]}}],"collection":[{"href":"https:\/\/lottomat.com\/de\/wp-json\/wp\/v2\/pages"}],"about":[{"href":"https:\/\/lottomat.com\/de\/wp-json\/wp\/v2\/types\/page"}],"author":[{"embeddable":true,"href":"https:\/\/lottomat.com\/de\/wp-json\/wp\/v2\/users\/1"}],"replies":[{"embeddable":true,"href":"https:\/\/lottomat.com\/de\/wp-json\/wp\/v2\/comments?post=7828"}],"version-history":[{"count":0,"href":"https:\/\/lottomat.com\/de\/wp-json\/wp\/v2\/pages\/7828\/revisions"}],"up":[{"embeddable":true,"href":"https:\/\/lottomat.com\/de\/wp-json\/wp\/v2\/pages\/6772"}],"wp:attachment":[{"href":"https:\/\/lottomat.com\/de\/wp-json\/wp\/v2\/media?parent=7828"}],"curies":[{"name":"wp","href":"https:\/\/api.w.org\/{rel}","templated":true}]}}