{"id":7297,"date":"2025-03-26T13:55:26","date_gmt":"2025-03-26T13:55:26","guid":{"rendered":"https:\/\/lottomat.net\/?page_id=7297"},"modified":"2025-04-07T07:39:57","modified_gmt":"2025-04-07T07:39:57","slug":"lotto-america","status":"publish","type":"page","link":"https:\/\/lottomat.com\/de\/lotterie\/lotto-america\/","title":{"rendered":"Informationen zu Lotto America"},"content":{"rendered":"\n\n<div class=\"kk-star-ratings kksr-auto kksr-align-left kksr-valign-top\"\n    data-payload='{&quot;align&quot;:&quot;left&quot;,&quot;id&quot;:&quot;7297&quot;,&quot;slug&quot;:&quot;default&quot;,&quot;valign&quot;:&quot;top&quot;,&quot;ignore&quot;:&quot;&quot;,&quot;reference&quot;:&quot;auto&quot;,&quot;class&quot;:&quot;&quot;,&quot;count&quot;:&quot;0&quot;,&quot;legendonly&quot;:&quot;&quot;,&quot;readonly&quot;:&quot;&quot;,&quot;score&quot;:&quot;0&quot;,&quot;starsonly&quot;:&quot;&quot;,&quot;best&quot;:&quot;5&quot;,&quot;gap&quot;:&quot;5&quot;,&quot;greet&quot;:&quot;Rate this page&quot;,&quot;legend&quot;:&quot;0\\\/5 - (0 votes)&quot;,&quot;size&quot;:&quot;30&quot;,&quot;title&quot;:&quot;Informationen zu Lotto America&quot;,&quot;width&quot;:&quot;0&quot;,&quot;_legend&quot;:&quot;{score}\\\/{best} - ({count} {votes})&quot;,&quot;font_factor&quot;:&quot;1.25&quot;}'>\n            \n<div class=\"kksr-stars\">\n    \n<div class=\"kksr-stars-inactive\">\n            <div class=\"kksr-star\" data-star=\"1\" style=\"padding-right: 5px\">\n            \n\n<div class=\"kksr-icon\" style=\"width: 30px; height: 30px;\"><\/div>\n        <\/div>\n            <div class=\"kksr-star\" data-star=\"2\" style=\"padding-right: 5px\">\n            \n\n<div class=\"kksr-icon\" style=\"width: 30px; height: 30px;\"><\/div>\n        <\/div>\n            <div class=\"kksr-star\" data-star=\"3\" style=\"padding-right: 5px\">\n            \n\n<div class=\"kksr-icon\" style=\"width: 30px; height: 30px;\"><\/div>\n        <\/div>\n            <div class=\"kksr-star\" data-star=\"4\" style=\"padding-right: 5px\">\n            \n\n<div class=\"kksr-icon\" style=\"width: 30px; height: 30px;\"><\/div>\n        <\/div>\n            <div class=\"kksr-star\" data-star=\"5\" style=\"padding-right: 5px\">\n            \n\n<div class=\"kksr-icon\" style=\"width: 30px; height: 30px;\"><\/div>\n        <\/div>\n    <\/div>\n    \n<div class=\"kksr-stars-active\" style=\"width: 0px;\">\n            <div class=\"kksr-star\" style=\"padding-right: 5px\">\n            \n\n<div class=\"kksr-icon\" style=\"width: 30px; height: 30px;\"><\/div>\n        <\/div>\n            <div class=\"kksr-star\" style=\"padding-right: 5px\">\n            \n\n<div class=\"kksr-icon\" style=\"width: 30px; height: 30px;\"><\/div>\n        <\/div>\n            <div class=\"kksr-star\" style=\"padding-right: 5px\">\n            \n\n<div class=\"kksr-icon\" style=\"width: 30px; height: 30px;\"><\/div>\n        <\/div>\n            <div class=\"kksr-star\" style=\"padding-right: 5px\">\n            \n\n<div class=\"kksr-icon\" style=\"width: 30px; height: 30px;\"><\/div>\n        <\/div>\n            <div class=\"kksr-star\" style=\"padding-right: 5px\">\n            \n\n<div class=\"kksr-icon\" style=\"width: 30px; height: 30px;\"><\/div>\n        <\/div>\n    <\/div>\n<\/div>\n                \n\n<div class=\"kksr-legend\" style=\"font-size: 24px;\">\n            <span class=\"kksr-muted\">Rate this page<\/span>\n    <\/div>\n    <\/div>\n<h2><img loading=\"lazy\" decoding=\"async\" class=\"alignleft wp-image-473\" src=\"https:\/\/lottomat.com\/wp-content\/uploads\/2025\/03\/America-Lotto-300x300.png\" alt=\"America Lotto\" width=\"100\" height=\"100\" srcset=\"https:\/\/lottomat.com\/wp-content\/uploads\/2025\/03\/America-Lotto-300x300.png 300w, https:\/\/lottomat.com\/wp-content\/uploads\/2025\/03\/America-Lotto-150x150.png 150w, https:\/\/lottomat.com\/wp-content\/uploads\/2025\/03\/America-Lotto-100x100.png 100w, https:\/\/lottomat.com\/wp-content\/uploads\/2025\/03\/America-Lotto.png 400w\" sizes=\"auto, (max-width: 100px) 100vw, 100px\" \/>Alles, was Sie \u00fcber diese amerikanische Lotterie wissen m\u00fcssen<\/h2>\n<p>Alle wichtigen Informationen zu dieser amerikanischen Lotterie sind jetzt an einem Ort! Nachdem Sie die unten stehenden Informationen und Tipps gelesen haben, k\u00f6nnen Sie diese Lotterie problemlos spielen. Lottomat \u2013 Lotto America. Lassen Sie uns sehen, was dieses spannende Spiel zu bieten hat.<\/p>\n<h2><img loading=\"lazy\" decoding=\"async\" class=\"alignleft wp-image-473\" src=\"https:\/\/lottomat.com\/wp-content\/uploads\/2025\/03\/America-Lotto-300x300.png\" alt=\"Geschichte der Lotto\" width=\"100\" height=\"100\" srcset=\"https:\/\/lottomat.com\/wp-content\/uploads\/2025\/03\/America-Lotto-300x300.png 300w, https:\/\/lottomat.com\/wp-content\/uploads\/2025\/03\/America-Lotto-150x150.png 150w, https:\/\/lottomat.com\/wp-content\/uploads\/2025\/03\/America-Lotto-100x100.png 100w, https:\/\/lottomat.com\/wp-content\/uploads\/2025\/03\/America-Lotto.png 400w\" sizes=\"auto, (max-width: 100px) 100vw, 100px\" \/>Geschichte der Lotto<\/h2>\n<p>Lotto America wurde erstmals im Jahr 1988 gespielt. In seiner urspr\u00fcnglichen Form existierte es vier Jahre lang, bis 1992. Urspr\u00fcnglich wurde es im Lotto-7-Format gespielt. Spieler mussten sieben Zahlen aus insgesamt 40 ausw\u00e4hlen. Eine Kombination kostete einen Dollar, und wer vier Zahlen richtig tippte, gewann f\u00fcnf Dollar. F\u00fcnf richtige Zahlen brachten einen Gewinn aus dem Preispool, und wer alle sieben traf, gewann den Jackpot. Damals lag die Gewinnwahrscheinlichkeit f\u00fcr den Hauptpreis in Lotto America bei 1 zu 18 Millionen. Ein Jackpot-Gewinner konnte den gesamten Gewinn nicht auf einmal beanspruchen \u2013 die Auszahlung erfolgte in Raten \u00fcber 20 Jahre. Zwischen 1988 und 1992 \u00e4nderte sich das Format, und Spieler mussten nur noch sechs statt sieben Zahlen ausw\u00e4hlen.<br \/>\n<a href=\"https:\/\/lottomat.com\/play\/\">Lotto-Spiele<\/a> in den USA, die nach diesem Format gespielt wurden, waren viel beliebter.<\/p>\n<p>Nun mussten Teilnehmer sechs Zahlen aus 54 ausw\u00e4hlen, und f\u00fcr einen Dollar konnten sie zwei Kombinationen spielen, was die Gewinnchancen erh\u00f6hte. In dieser Zeit nahmen 16 Bundesstaaten an den Ziehungen teil.<br \/>\nDer rasante Anstieg der Popularit\u00e4t von Lotterien f\u00fchrte dazu, dass dieses Spiel durch das weitaus bekanntere <a href=\"https:\/\/lottomat.net\/de\/lotterie\/powerball\/\">Powerball<\/a> ersetzt wurde.<br \/>\nLotto America kehrte 2017 in seiner heutigen Form zur\u00fcck und wird seitdem weltweit erfolgreich gespielt.<\/p>\n<h2><img loading=\"lazy\" decoding=\"async\" class=\"alignleft wp-image-504\" src=\"https:\/\/lottomat.com\/wp-content\/uploads\/2025\/03\/Biggest-Win-in-Lotto-America-300x300.png\" alt=\"Gr\u00f6\u00dfter Gewinn in Lotto America\" width=\"100\" height=\"100\" srcset=\"https:\/\/lottomat.com\/wp-content\/uploads\/2025\/03\/Biggest-Win-in-Lotto-America-300x300.png 300w, https:\/\/lottomat.com\/wp-content\/uploads\/2025\/03\/Biggest-Win-in-Lotto-America-150x150.png 150w, https:\/\/lottomat.com\/wp-content\/uploads\/2025\/03\/Biggest-Win-in-Lotto-America-100x100.png 100w, https:\/\/lottomat.com\/wp-content\/uploads\/2025\/03\/Biggest-Win-in-Lotto-America.png 400w\" sizes=\"auto, (max-width: 100px) 100vw, 100px\" \/>Gr\u00f6\u00dfter Gewinn in Lotto America<\/h2>\n<p>Die <a href=\"https:\/\/lottomat.com\/results\/\">Liste der gr\u00f6\u00dften Gewinne<\/a> interessiert besonders diejenigen, die ein Lotterielos f\u00fcr dieses Spiel kaufen m\u00f6chten. Das ist verst\u00e4ndlich, denn niemand m\u00f6chte seine Zeit mit nicht attraktiven Preisen verschwenden. Lotto America hat zwar nicht die gr\u00f6\u00dften Gewinne unter den Lotteriespielen, aber seine Jackpots sind alles andere als unbedeutend. Hier ist eine Liste der gr\u00f6\u00dften Gewinne in diesem Gl\u00fccksspiel, zusammen mit einigen interessanten Fakten \u00fcber die Gewinne.<\/p>\n<p>22,8 Millionen Dollar<br \/>\nEine Familie aus Minnesota gewann diesen Preis im Jahr 2018. Debbie, das Familienmitglied, das das Ticket kaufte, sagte, sie spiele seit \u00fcber 20 Jahren Lotto, und dies sei ihr erster gro\u00dfer Gewinn. Nat\u00fcrlich k\u00fcndigte sie ihren Job, in dem sie t\u00e4glich 12 Stunden als Krankenschwester arbeitete.<\/p>\n<p>21,6 Millionen Dollar<br \/>\nDieser Jackpot wurde 2019 gewonnen. Interessanterweise wurde das Los, in einer Zeit, in der fast alle Tickets online gekauft wurden, an einer Tankstelle in Minnesota gekauft. Der Besitzer verga\u00df das Ticket, das mehrere Tage im Auto lag, bevor er es \u00fcberpr\u00fcfte und erkannte, dass er die <a href=\"https:\/\/lottomat.com\/results\/\">Gewinnzahlen<\/a> hatte und Million\u00e4r wurde.<\/p>\n<p>9,1 Millionen Dollar<br \/>\nAuf dem dritten Platz steht dieser Gewinn, der ausgerechnet am 1. April erzielt wurde. Stellen Sie sich vor, Sie \u00fcberpr\u00fcfen Ihre Kombination und stellen fest, dass Sie gewonnen haben \u2013 nur um dann zu merken, dass es der erste April ist!<br \/>\nDer Gewinner f\u00fchlte sich genauso, aber nachdem er die <a href=\"https:\/\/lottomat.com\/play\/lotto-america\/\">amerikanische Lotterie-Hotline<\/a> anrief, wurde ihm best\u00e4tigt, dass sein Ticket tats\u00e4chlich echt war.<\/p>\n<h2><img loading=\"lazy\" decoding=\"async\" class=\"alignleft wp-image-533\" src=\"https:\/\/lottomat.com\/wp-content\/uploads\/2025\/03\/Most-Common-Numbers-\u2013-Lotto-America-300x300.png\" alt=\"H\u00e4ufigste Zahlen \u2013 Lotto America\" width=\"100\" height=\"100\" srcset=\"https:\/\/lottomat.com\/wp-content\/uploads\/2025\/03\/Most-Common-Numbers-\u2013-Lotto-America-300x300.png 300w, https:\/\/lottomat.com\/wp-content\/uploads\/2025\/03\/Most-Common-Numbers-\u2013-Lotto-America-150x150.png 150w, https:\/\/lottomat.com\/wp-content\/uploads\/2025\/03\/Most-Common-Numbers-\u2013-Lotto-America-100x100.png 100w, https:\/\/lottomat.com\/wp-content\/uploads\/2025\/03\/Most-Common-Numbers-\u2013-Lotto-America.png 400w\" sizes=\"auto, (max-width: 100px) 100vw, 100px\" \/>H\u00e4ufigste Zahlen \u2013 Lotto America<\/h2>\n<p>Dies sind die am h\u00e4ufigsten gezogenen Zahlen im Lotto America:<\/p>\n<p>&#8211; Die Nummer 1 ist die h\u00e4ufigste. Sie wurde bisher 65-mal gezogen.<br \/>\n&#8211; Auf dem zweiten Platz steht die Nummer 35, die 61-mal gezogen wurde.<br \/>\n&#8211; Der dritte Platz geh\u00f6rt der Nummer 10, die in 58 Ziehungen vorkam.<br \/>\n&#8211; Gleiches gilt f\u00fcr die Nummer 25, die ebenfalls 58-mal gezogen wurde.<br \/>\n&#8211; Den letzten Platz auf dieser Liste belegt die Nummer 34 mit 56 Ziehungen.<\/p>\n<p>Wir hoffen, dass Sie diese Informationen gut nutzen und sie Ihnen helfen, zuk\u00fcnftige Kombinationen zu erstellen.<\/p>\n<h2><img loading=\"lazy\" decoding=\"async\" class=\"alignleft wp-image-608\" src=\"https:\/\/lottomat.com\/wp-content\/uploads\/2025\/03\/Lotto-Draw-300x300.png\" alt=\"Lotto-Ziehung\" width=\"100\" height=\"100\" srcset=\"https:\/\/lottomat.com\/wp-content\/uploads\/2025\/03\/Lotto-Draw-300x300.png 300w, https:\/\/lottomat.com\/wp-content\/uploads\/2025\/03\/Lotto-Draw-150x150.png 150w, https:\/\/lottomat.com\/wp-content\/uploads\/2025\/03\/Lotto-Draw-100x100.png 100w, https:\/\/lottomat.com\/wp-content\/uploads\/2025\/03\/Lotto-Draw.png 400w\" sizes=\"auto, (max-width: 100px) 100vw, 100px\" \/>Kann ich an dieser Lotto-Ziehung teilnehmen?<\/h2>\n<p>Ja, nat\u00fcrlich k\u00f6nnen Sie das!<br \/>\nMit der Hilfe der <a href=\"https:\/\/lottomat.com\/\">Lottomat<\/a>-Website k\u00f6nnen alle Bewohner der Welt teilnehmen. Sie m\u00fcssen lediglich ein Konto erstellen und Geld f\u00fcr das Spielen einzahlen.<br \/>\nDas Gleiche gilt f\u00fcr alle anderen Lotteriespiele, die in Ihrem Land nicht verf\u00fcgbar sind \u2013 Sie k\u00f6nnen sie alle auf unserer Website finden. <a href=\"https:\/\/lottomat.com\/play\/lotto-america\/\">Spielen Sie noch heute Lotto America<\/a>.<br \/>\nWer wei\u00df \u2013 vielleicht werden Sie der n\u00e4chste Million\u00e4r!<\/p>\n","protected":false},"excerpt":{"rendered":"<p>Alles, was Sie \u00fcber diese amerikanische Lotterie wissen m\u00fcssen Alle wichtigen Informationen zu dieser amerikanischen Lotterie sind jetzt an einem Ort! Nachdem Sie die unten stehenden Informationen und Tipps gelesen haben, k\u00f6nnen Sie diese Lotterie problemlos spielen. Lottomat \u2013 Lotto America. Lassen Sie uns sehen, was dieses spannende Spiel zu bieten hat. Geschichte der Lotto [&hellip;]<\/p>\n","protected":false},"author":1,"featured_media":0,"parent":6865,"menu_order":11,"comment_status":"closed","ping_status":"closed","template":"lotto-america-info.php","meta":{"_et_pb_use_builder":"","_et_pb_old_content":"","_et_gb_content_width":"","exclude_from_search":false,"footnotes":""},"class_list":["post-7297","page","type-page","status-publish","hentry"],"yoast_head":"<!-- This site is optimized with the Yoast SEO plugin v23.8 - https:\/\/yoast.com\/wordpress\/plugins\/seo\/ -->\n<title>Ihr Leitfaden Lotto America Informationen<\/title>\n<meta name=\"description\" content=\"Nachdem Sie alle unten aufgef\u00fchrten Informationen und Ratschl\u00e4ge gelesen haben, k\u00f6nnen Sie problemlos an dieser Lotterie teilnehmen.\" \/>\n<meta name=\"robots\" content=\"index, follow, max-snippet:-1, max-image-preview:large, max-video-preview:-1\" \/>\n<link rel=\"canonical\" href=\"https:\/\/lottomat.com\/de\/lotterie\/lotto-america\/\" \/>\n<meta property=\"og:locale\" content=\"de_DE\" \/>\n<meta property=\"og:type\" content=\"article\" \/>\n<meta property=\"og:title\" content=\"Ihr Leitfaden Lotto America Informationen\" \/>\n<meta property=\"og:description\" content=\"Nachdem Sie alle unten aufgef\u00fchrten Informationen und Ratschl\u00e4ge gelesen haben, k\u00f6nnen Sie problemlos an dieser Lotterie teilnehmen.\" \/>\n<meta property=\"og:url\" content=\"https:\/\/lottomat.com\/de\/lotterie\/lotto-america\/\" \/>\n<meta property=\"og:site_name\" content=\"Lottomat\" \/>\n<meta property=\"article:modified_time\" content=\"2025-04-07T07:39:57+00:00\" \/>\n<meta property=\"og:image\" content=\"https:\/\/lottomat.com\/wp-content\/uploads\/2025\/03\/America-Lotto-300x300.png\" \/>\n<meta name=\"twitter:card\" content=\"summary_large_image\" \/>\n<meta name=\"twitter:label1\" content=\"Gesch\u00e4tzte Lesezeit\" \/>\n\t<meta name=\"twitter:data1\" content=\"4\u00a0Minuten\" \/>\n<script type=\"application\/ld+json\" class=\"yoast-schema-graph\">{\"@context\":\"https:\/\/schema.org\",\"@graph\":[{\"@type\":\"WebPage\",\"@id\":\"https:\/\/lottomat.com\/de\/lotterie\/lotto-america\/\",\"url\":\"https:\/\/lottomat.com\/de\/lotterie\/lotto-america\/\",\"name\":\"Ihr Leitfaden Lotto America Informationen\",\"isPartOf\":{\"@id\":\"https:\/\/lottomat.com\/de\/#website\"},\"primaryImageOfPage\":{\"@id\":\"https:\/\/lottomat.com\/de\/lotterie\/lotto-america\/#primaryimage\"},\"image\":{\"@id\":\"https:\/\/lottomat.com\/de\/lotterie\/lotto-america\/#primaryimage\"},\"thumbnailUrl\":\"https:\/\/lottomat.com\/wp-content\/uploads\/2025\/03\/America-Lotto-300x300.png\",\"datePublished\":\"2025-03-26T13:55:26+00:00\",\"dateModified\":\"2025-04-07T07:39:57+00:00\",\"description\":\"Nachdem Sie alle unten aufgef\u00fchrten Informationen und Ratschl\u00e4ge gelesen haben, k\u00f6nnen Sie problemlos an dieser Lotterie teilnehmen.\",\"breadcrumb\":{\"@id\":\"https:\/\/lottomat.com\/de\/lotterie\/lotto-america\/#breadcrumb\"},\"inLanguage\":\"de\",\"potentialAction\":[{\"@type\":\"ReadAction\",\"target\":[\"https:\/\/lottomat.com\/de\/lotterie\/lotto-america\/\"]}]},{\"@type\":\"ImageObject\",\"inLanguage\":\"de\",\"@id\":\"https:\/\/lottomat.com\/de\/lotterie\/lotto-america\/#primaryimage\",\"url\":\"https:\/\/lottomat.com\/wp-content\/uploads\/2025\/03\/America-Lotto-300x300.png\",\"contentUrl\":\"https:\/\/lottomat.com\/wp-content\/uploads\/2025\/03\/America-Lotto-300x300.png\"},{\"@type\":\"BreadcrumbList\",\"@id\":\"https:\/\/lottomat.com\/de\/lotterie\/lotto-america\/#breadcrumb\",\"itemListElement\":[{\"@type\":\"ListItem\",\"position\":1,\"name\":\"Home\",\"item\":\"https:\/\/lottomat.com\/de\/\"},{\"@type\":\"ListItem\",\"position\":2,\"name\":\"Lotterie-Regeln: Preise, Jackpot &#038; Gewinnchancen\",\"item\":\"https:\/\/lottomat.com\/de\/lotterie\/\"},{\"@type\":\"ListItem\",\"position\":3,\"name\":\"Informationen zu Lotto America\"}]},{\"@type\":\"WebSite\",\"@id\":\"https:\/\/lottomat.com\/de\/#website\",\"url\":\"https:\/\/lottomat.com\/de\/\",\"name\":\"Lottomat\",\"description\":\"\",\"potentialAction\":[{\"@type\":\"SearchAction\",\"target\":{\"@type\":\"EntryPoint\",\"urlTemplate\":\"https:\/\/lottomat.com\/de\/?s={search_term_string}\"},\"query-input\":{\"@type\":\"PropertyValueSpecification\",\"valueRequired\":true,\"valueName\":\"search_term_string\"}}],\"inLanguage\":\"de\"}]}<\/script>\n<!-- \/ Yoast SEO plugin. -->","yoast_head_json":{"title":"Ihr Leitfaden Lotto America Informationen","description":"Nachdem Sie alle unten aufgef\u00fchrten Informationen und Ratschl\u00e4ge gelesen haben, k\u00f6nnen Sie problemlos an dieser Lotterie teilnehmen.","robots":{"index":"index","follow":"follow","max-snippet":"max-snippet:-1","max-image-preview":"max-image-preview:large","max-video-preview":"max-video-preview:-1"},"canonical":"https:\/\/lottomat.com\/de\/lotterie\/lotto-america\/","og_locale":"de_DE","og_type":"article","og_title":"Ihr Leitfaden Lotto America Informationen","og_description":"Nachdem Sie alle unten aufgef\u00fchrten Informationen und Ratschl\u00e4ge gelesen haben, k\u00f6nnen Sie problemlos an dieser Lotterie teilnehmen.","og_url":"https:\/\/lottomat.com\/de\/lotterie\/lotto-america\/","og_site_name":"Lottomat","article_modified_time":"2025-04-07T07:39:57+00:00","og_image":[{"url":"https:\/\/lottomat.com\/wp-content\/uploads\/2025\/03\/America-Lotto-300x300.png"}],"twitter_card":"summary_large_image","twitter_misc":{"Gesch\u00e4tzte Lesezeit":"4\u00a0Minuten"},"schema":{"@context":"https:\/\/schema.org","@graph":[{"@type":"WebPage","@id":"https:\/\/lottomat.com\/de\/lotterie\/lotto-america\/","url":"https:\/\/lottomat.com\/de\/lotterie\/lotto-america\/","name":"Ihr Leitfaden Lotto America Informationen","isPartOf":{"@id":"https:\/\/lottomat.com\/de\/#website"},"primaryImageOfPage":{"@id":"https:\/\/lottomat.com\/de\/lotterie\/lotto-america\/#primaryimage"},"image":{"@id":"https:\/\/lottomat.com\/de\/lotterie\/lotto-america\/#primaryimage"},"thumbnailUrl":"https:\/\/lottomat.com\/wp-content\/uploads\/2025\/03\/America-Lotto-300x300.png","datePublished":"2025-03-26T13:55:26+00:00","dateModified":"2025-04-07T07:39:57+00:00","description":"Nachdem Sie alle unten aufgef\u00fchrten Informationen und Ratschl\u00e4ge gelesen haben, k\u00f6nnen Sie problemlos an dieser Lotterie teilnehmen.","breadcrumb":{"@id":"https:\/\/lottomat.com\/de\/lotterie\/lotto-america\/#breadcrumb"},"inLanguage":"de","potentialAction":[{"@type":"ReadAction","target":["https:\/\/lottomat.com\/de\/lotterie\/lotto-america\/"]}]},{"@type":"ImageObject","inLanguage":"de","@id":"https:\/\/lottomat.com\/de\/lotterie\/lotto-america\/#primaryimage","url":"https:\/\/lottomat.com\/wp-content\/uploads\/2025\/03\/America-Lotto-300x300.png","contentUrl":"https:\/\/lottomat.com\/wp-content\/uploads\/2025\/03\/America-Lotto-300x300.png"},{"@type":"BreadcrumbList","@id":"https:\/\/lottomat.com\/de\/lotterie\/lotto-america\/#breadcrumb","itemListElement":[{"@type":"ListItem","position":1,"name":"Home","item":"https:\/\/lottomat.com\/de\/"},{"@type":"ListItem","position":2,"name":"Lotterie-Regeln: Preise, Jackpot &#038; Gewinnchancen","item":"https:\/\/lottomat.com\/de\/lotterie\/"},{"@type":"ListItem","position":3,"name":"Informationen zu Lotto America"}]},{"@type":"WebSite","@id":"https:\/\/lottomat.com\/de\/#website","url":"https:\/\/lottomat.com\/de\/","name":"Lottomat","description":"","potentialAction":[{"@type":"SearchAction","target":{"@type":"EntryPoint","urlTemplate":"https:\/\/lottomat.com\/de\/?s={search_term_string}"},"query-input":{"@type":"PropertyValueSpecification","valueRequired":true,"valueName":"search_term_string"}}],"inLanguage":"de"}]}},"_links":{"self":[{"href":"https:\/\/lottomat.com\/de\/wp-json\/wp\/v2\/pages\/7297","targetHints":{"allow":["GET"]}}],"collection":[{"href":"https:\/\/lottomat.com\/de\/wp-json\/wp\/v2\/pages"}],"about":[{"href":"https:\/\/lottomat.com\/de\/wp-json\/wp\/v2\/types\/page"}],"author":[{"embeddable":true,"href":"https:\/\/lottomat.com\/de\/wp-json\/wp\/v2\/users\/1"}],"replies":[{"embeddable":true,"href":"https:\/\/lottomat.com\/de\/wp-json\/wp\/v2\/comments?post=7297"}],"version-history":[{"count":0,"href":"https:\/\/lottomat.com\/de\/wp-json\/wp\/v2\/pages\/7297\/revisions"}],"up":[{"embeddable":true,"href":"https:\/\/lottomat.com\/de\/wp-json\/wp\/v2\/pages\/6865"}],"wp:attachment":[{"href":"https:\/\/lottomat.com\/de\/wp-json\/wp\/v2\/media?parent=7297"}],"curies":[{"name":"wp","href":"https:\/\/api.w.org\/{rel}","templated":true}]}}