{"id":6967,"date":"2025-03-26T15:01:45","date_gmt":"2025-03-26T15:01:45","guid":{"rendered":"https:\/\/lottomat.net\/?page_id=6967"},"modified":"2025-04-08T09:26:25","modified_gmt":"2025-04-08T09:26:25","slug":"france-lotto","status":"publish","type":"page","link":"https:\/\/lottomat.com\/de\/lotterie\/france-lotto\/","title":{"rendered":"Informationen zum franz\u00f6sischen Lotto"},"content":{"rendered":"\n\n<div class=\"kk-star-ratings kksr-auto kksr-align-left kksr-valign-top\"\n    data-payload='{&quot;align&quot;:&quot;left&quot;,&quot;id&quot;:&quot;6967&quot;,&quot;slug&quot;:&quot;default&quot;,&quot;valign&quot;:&quot;top&quot;,&quot;ignore&quot;:&quot;&quot;,&quot;reference&quot;:&quot;auto&quot;,&quot;class&quot;:&quot;&quot;,&quot;count&quot;:&quot;0&quot;,&quot;legendonly&quot;:&quot;&quot;,&quot;readonly&quot;:&quot;&quot;,&quot;score&quot;:&quot;0&quot;,&quot;starsonly&quot;:&quot;&quot;,&quot;best&quot;:&quot;5&quot;,&quot;gap&quot;:&quot;5&quot;,&quot;greet&quot;:&quot;Rate this page&quot;,&quot;legend&quot;:&quot;0\\\/5 - (0 votes)&quot;,&quot;size&quot;:&quot;30&quot;,&quot;title&quot;:&quot;Informationen zum franz\u00f6sischen Lotto&quot;,&quot;width&quot;:&quot;0&quot;,&quot;_legend&quot;:&quot;{score}\\\/{best} - ({count} {votes})&quot;,&quot;font_factor&quot;:&quot;1.25&quot;}'>\n            \n<div class=\"kksr-stars\">\n    \n<div class=\"kksr-stars-inactive\">\n            <div class=\"kksr-star\" data-star=\"1\" style=\"padding-right: 5px\">\n            \n\n<div class=\"kksr-icon\" style=\"width: 30px; height: 30px;\"><\/div>\n        <\/div>\n            <div class=\"kksr-star\" data-star=\"2\" style=\"padding-right: 5px\">\n            \n\n<div class=\"kksr-icon\" style=\"width: 30px; height: 30px;\"><\/div>\n        <\/div>\n            <div class=\"kksr-star\" data-star=\"3\" style=\"padding-right: 5px\">\n            \n\n<div class=\"kksr-icon\" style=\"width: 30px; height: 30px;\"><\/div>\n        <\/div>\n            <div class=\"kksr-star\" data-star=\"4\" style=\"padding-right: 5px\">\n            \n\n<div class=\"kksr-icon\" style=\"width: 30px; height: 30px;\"><\/div>\n        <\/div>\n            <div class=\"kksr-star\" data-star=\"5\" style=\"padding-right: 5px\">\n            \n\n<div class=\"kksr-icon\" style=\"width: 30px; height: 30px;\"><\/div>\n        <\/div>\n    <\/div>\n    \n<div class=\"kksr-stars-active\" style=\"width: 0px;\">\n            <div class=\"kksr-star\" style=\"padding-right: 5px\">\n            \n\n<div class=\"kksr-icon\" style=\"width: 30px; height: 30px;\"><\/div>\n        <\/div>\n            <div class=\"kksr-star\" style=\"padding-right: 5px\">\n            \n\n<div class=\"kksr-icon\" style=\"width: 30px; height: 30px;\"><\/div>\n        <\/div>\n            <div class=\"kksr-star\" style=\"padding-right: 5px\">\n            \n\n<div class=\"kksr-icon\" style=\"width: 30px; height: 30px;\"><\/div>\n        <\/div>\n            <div class=\"kksr-star\" style=\"padding-right: 5px\">\n            \n\n<div class=\"kksr-icon\" style=\"width: 30px; height: 30px;\"><\/div>\n        <\/div>\n            <div class=\"kksr-star\" style=\"padding-right: 5px\">\n            \n\n<div class=\"kksr-icon\" style=\"width: 30px; height: 30px;\"><\/div>\n        <\/div>\n    <\/div>\n<\/div>\n                \n\n<div class=\"kksr-legend\" style=\"font-size: 24px;\">\n            <span class=\"kksr-muted\">Rate this page<\/span>\n    <\/div>\n    <\/div>\n<h2><img loading=\"lazy\" decoding=\"async\" class=\"alignleft wp-image-942\" src=\"https:\/\/lottomat.com\/wp-content\/uploads\/2025\/03\/French-Lotto-Prizes-300x300.png\" alt=\"French Lotto Prizes\" width=\"130\" height=\"130\" srcset=\"https:\/\/lottomat.com\/wp-content\/uploads\/2025\/03\/French-Lotto-Prizes-300x300.png 300w, https:\/\/lottomat.com\/wp-content\/uploads\/2025\/03\/French-Lotto-Prizes-150x150.png 150w, https:\/\/lottomat.com\/wp-content\/uploads\/2025\/03\/French-Lotto-Prizes-100x100.png 100w, https:\/\/lottomat.com\/wp-content\/uploads\/2025\/03\/French-Lotto-Prizes.png 400w\" sizes=\"auto, (max-width: 130px) 100vw, 130px\" \/>Franz\u00f6sische Lotto-Preise<\/h2>\n<p>Erfahren Sie alles \u00fcber die Preise der franz\u00f6sischen Lotterie, aber lesen Sie zuerst die grundlegenden Informationen zu diesem Lotteriespiel.<br \/>\nDie franz\u00f6sische Lotto-Lotterie wird von der franz\u00f6sischen Regierung verwaltet und kontrolliert. Diese Lotterie wurde 1976 gegr\u00fcndet, aber das franz\u00f6sische Lotto wurde erst 2018 \u00f6ffentlich gemacht. Die Idee, das franz\u00f6sische Lotto wettbewerbsf\u00e4higer zu gestalten, hat seine Popularit\u00e4t um 50 % gesteigert.<br \/>\nDer niedrigste garantierte Jackpot f\u00fcr Premium-Gewinner (5+1) betr\u00e4gt 2.000.000 \u20ac. Wenn es mehrere Gewinner im franz\u00f6sischen Lotto gibt, wird der Betrag um 1.000.000 \u20ac erh\u00f6ht. Wenn es keine Gewinner gibt, wird der Jackpot in maximal 34 Ziehungen angesammelt.<br \/>\nWenn in den 34 Ziehungen kein Gewinner gefunden wird, wird der angesammelte Betrag unter den folgenden Kategorien aufgeteilt.<\/p>\n<h2><img loading=\"lazy\" decoding=\"async\" class=\"alignleft wp-image-971\" src=\"https:\/\/lottomat.com\/wp-content\/uploads\/2025\/03\/French-Lottery-prizes-\u2013-the-biggest-lotto-prizes-and-jackpots-300x300.png\" alt=\"French Lottery prizes \u2013 the biggest lotto prizes and jackpots\" width=\"130\" height=\"130\" srcset=\"https:\/\/lottomat.com\/wp-content\/uploads\/2025\/03\/French-Lottery-prizes-\u2013-the-biggest-lotto-prizes-and-jackpots-300x300.png 300w, https:\/\/lottomat.com\/wp-content\/uploads\/2025\/03\/French-Lottery-prizes-\u2013-the-biggest-lotto-prizes-and-jackpots-150x150.png 150w, https:\/\/lottomat.com\/wp-content\/uploads\/2025\/03\/French-Lottery-prizes-\u2013-the-biggest-lotto-prizes-and-jackpots-100x100.png 100w, https:\/\/lottomat.com\/wp-content\/uploads\/2025\/03\/French-Lottery-prizes-\u2013-the-biggest-lotto-prizes-and-jackpots.png 400w\" sizes=\"auto, (max-width: 130px) 100vw, 130px\" \/>Franz\u00f6sische Lotteriepreise \u2013 die gr\u00f6\u00dften Lotto-Preise und Jackpots<\/h2>\n<p>Interessieren Sie sich f\u00fcr Lotto Frankreich 5 aus 49, sind sich aber noch nicht sicher, ob Sie es ausprobieren sollten? Dann erfahren Sie jetzt, was die gr\u00f6\u00dften Preise waren, die jemals im Lotto Frankreich 5\/49 online gewonnen wurden, und wie Sie spielen und einen der Jackpots der franz\u00f6sischen Lotterie gewinnen k\u00f6nnen.<br \/>\n<a href=\"https:\/\/lottomat.com\/play\/lotto-fr\/\">Spielen Sie franz\u00f6sische Lotterie 5\/49 online<\/a> direkt bei Lottomat und sehen Sie selbst.<\/p>\n<h2><img loading=\"lazy\" decoding=\"async\" class=\"alignleft wp-image-1000\" src=\"https:\/\/lottomat.com\/wp-content\/uploads\/2025\/03\/The-biggest-French-Lotto-prizes-in-history-300x300.png\" alt=\"The biggest French Lotto prizes in history\" width=\"130\" height=\"130\" srcset=\"https:\/\/lottomat.com\/wp-content\/uploads\/2025\/03\/The-biggest-French-Lotto-prizes-in-history-300x300.png 300w, https:\/\/lottomat.com\/wp-content\/uploads\/2025\/03\/The-biggest-French-Lotto-prizes-in-history-150x150.png 150w, https:\/\/lottomat.com\/wp-content\/uploads\/2025\/03\/The-biggest-French-Lotto-prizes-in-history-100x100.png 100w, https:\/\/lottomat.com\/wp-content\/uploads\/2025\/03\/The-biggest-French-Lotto-prizes-in-history.png 400w\" sizes=\"auto, (max-width: 130px) 100vw, 130px\" \/>Die gr\u00f6\u00dften franz\u00f6sischen Lotto-Preise in der Geschichte<\/h2>\n<p>Im Laufe der Zeit haben die franz\u00f6sischen Lotto-Preise das Leben vieler gl\u00fccklicher Spieler ver\u00e4ndert. Aber unter den gr\u00f6\u00dften franz\u00f6sischen Lotto-Preisen aller Zeiten gab es beeindruckende Betr\u00e4ge, und jetzt stellen wir Ihnen einige der gr\u00f6\u00dften franz\u00f6sischen Lotto-Preise vor.<br \/>\nDer gr\u00f6\u00dfte jemals vergebene Jackpot in der Geschichte von Lotto Frankreich 5\/49 wurde 2016 vergeben und war 24 Millionen Euro wert. Der Preis wurde zwischen zwei Spielern aufgeteilt, was in die Geschichte der franz\u00f6sischen Lotterie einging.<br \/>\nAuf dem zweiten Platz liegt der franz\u00f6sische Lotto 5\/49-Preis, der 2006 vergeben wurde und 20,8 Millionen Euro betrug. Er blieb 10 Jahre lang der h\u00f6chste Preis bis 2016.<br \/>\nDer n\u00e4chste Preis in unserer Liste der beeindruckendsten Lotto Frankreich 5\/49-Gewinne wurde im September 2011 vergeben, als ein Spieler den Jackpot in H\u00f6he von 13,2 Millionen Euro gewann und sich daf\u00fcr entschied, anonym zu bleiben.<br \/>\nDer letzte der zahlreichen Lotto Frankreich 5\/49-Gewinne wurde von einem Spieler gewonnen, und der Preis betrug 13 Millionen Euro. Damit k\u00f6nnen wir sagen, dass das franz\u00f6sische Lotto seinen Spielern buchst\u00e4blich die M\u00f6glichkeit gibt, ihr Leben durch die enormen Betr\u00e4ge, die im Spiel sind, zu ver\u00e4ndern.<br \/>\n<a href=\"https:\/\/lottomat.com\/play\/\">Kaufen Sie Lotterietickets online<\/a> direkt bei Lottomat.<\/p>\n<h2><img loading=\"lazy\" decoding=\"async\" class=\"alignleft wp-image-1029\" src=\"https:\/\/lottomat.com\/wp-content\/uploads\/2025\/03\/French-Lotto-rules-300x300.png\" alt=\"French Lotto rules\" width=\"130\" height=\"130\" srcset=\"https:\/\/lottomat.com\/wp-content\/uploads\/2025\/03\/French-Lotto-rules-300x300.png 300w, https:\/\/lottomat.com\/wp-content\/uploads\/2025\/03\/French-Lotto-rules-150x150.png 150w, https:\/\/lottomat.com\/wp-content\/uploads\/2025\/03\/French-Lotto-rules-100x100.png 100w, https:\/\/lottomat.com\/wp-content\/uploads\/2025\/03\/French-Lotto-rules.png 400w\" sizes=\"auto, (max-width: 130px) 100vw, 130px\" \/>Franz\u00f6sische Lotto-Regeln<\/h2>\n<p>Das Online-Spiel Lotto in Frankreich wird nicht nur bei Franzosen, sondern auch bei internationalen Spielern immer beliebter, da es einfache Regeln hat, die den klassischen 6\/49-Regeln \u00e4hneln.<br \/>\nDas Spiel erfordert, dass die Spieler 5 Zahlen aus 1 bis 49 w\u00e4hlen, um ein oder mehrere Tickets auszuf\u00fcllen, und Preise werden basierend auf der Anzahl der korrekt gew\u00e4hlten Zahlen vergeben.<br \/>\nZus\u00e4tzlich zum Hauptpreis gibt es auch die M\u00f6glichkeit, eine zus\u00e4tzliche Belohnung durch die Regeln von Lotto Frankreich 5\/49 zu erhalten. Diese spezielle Lotterie hat nicht weniger als 6 verschiedene Preisstufen, die an diejenigen vergeben werden, die einige der gezogenen Zahlen richtig erraten.<br \/>\nLotto Frankreich 5\/49 bietet den Spielern eine breite Palette von Preisen, wobei der kleinste, gem\u00e4\u00df den Regeln von Lotto Frankreich, an diejenigen vergeben wird, die mindestens 2 richtige Zahlen haben.<br \/>\nErfahren Sie mehr \u00fcber die Regeln von Lotto Frankreich und <a href=\"https:\/\/lottomat.com\/results\/lotto-fr\/\">\u00fcberpr\u00fcfen Sie die neuesten Ergebnisse der franz\u00f6sischen Lotterie<\/a> auf unserer Plattform.<\/p>\n<h2><img loading=\"lazy\" decoding=\"async\" class=\"alignleft wp-image-1058\" src=\"https:\/\/lottomat.com\/wp-content\/uploads\/2025\/03\/Play-France-Lotto-549-300x300.png\" alt=\"Play France Lotto 5 49\" width=\"130\" height=\"130\" srcset=\"https:\/\/lottomat.com\/wp-content\/uploads\/2025\/03\/Play-France-Lotto-549-300x300.png 300w, https:\/\/lottomat.com\/wp-content\/uploads\/2025\/03\/Play-France-Lotto-549-150x150.png 150w, https:\/\/lottomat.com\/wp-content\/uploads\/2025\/03\/Play-France-Lotto-549-100x100.png 100w, https:\/\/lottomat.com\/wp-content\/uploads\/2025\/03\/Play-France-Lotto-549.png 400w\" sizes=\"auto, (max-width: 130px) 100vw, 130px\" \/>Spielen Sie Lotto Frankreich 5\/49 und entdecken Sie beeindruckende Preise<\/h2>\n<p>Angesichts der Bequemlichkeit, online zu spielen, ist es nicht \u00fcberraschend, dass immer mehr Spieler diese Version des Spiels w\u00e4hlen. Wenn Sie neugierig auf Ihre Gewinnchancen sind, werfen Sie einen Blick auf die Preise und Gewinnchancen des franz\u00f6sischen Lottos.<\/p>\n","protected":false},"excerpt":{"rendered":"<p>Franz\u00f6sische Lotto-Preise Erfahren Sie alles \u00fcber die Preise der franz\u00f6sischen Lotterie, aber lesen Sie zuerst die grundlegenden Informationen zu diesem Lotteriespiel. Die franz\u00f6sische Lotto-Lotterie wird von der franz\u00f6sischen Regierung verwaltet und kontrolliert. Diese Lotterie wurde 1976 gegr\u00fcndet, aber das franz\u00f6sische Lotto wurde erst 2018 \u00f6ffentlich gemacht. Die Idee, das franz\u00f6sische Lotto wettbewerbsf\u00e4higer zu gestalten, hat [&hellip;]<\/p>\n","protected":false},"author":1,"featured_media":0,"parent":6865,"menu_order":12,"comment_status":"closed","ping_status":"closed","template":"lotto-fr-info.php","meta":{"_et_pb_use_builder":"","_et_pb_old_content":"","_et_gb_content_width":"","exclude_from_search":false,"footnotes":""},"class_list":["post-6967","page","type-page","status-publish","hentry"],"yoast_head":"<!-- This site is optimized with the Yoast SEO plugin v23.8 - https:\/\/yoast.com\/wordpress\/plugins\/seo\/ -->\n<title>Informationen zum franz\u00f6sischen Lotto pr\u00fcfen<\/title>\n<meta name=\"description\" content=\"Erfahren Sie alles \u00fcber die Gewinne der franz\u00f6sischen Lotterie. Lesen Sie aber zun\u00e4chst die grundlegenden Informationen zu diesem Lottospiel. Lottomat \u2013 Franz\u00f6sisches Lotto.\" \/>\n<meta name=\"robots\" content=\"index, follow, max-snippet:-1, max-image-preview:large, max-video-preview:-1\" \/>\n<link rel=\"canonical\" href=\"https:\/\/lottomat.com\/de\/lotterie\/france-lotto\/\" \/>\n<meta property=\"og:locale\" content=\"de_DE\" \/>\n<meta property=\"og:type\" content=\"article\" \/>\n<meta property=\"og:title\" content=\"Informationen zum franz\u00f6sischen Lotto pr\u00fcfen\" \/>\n<meta property=\"og:description\" content=\"Erfahren Sie alles \u00fcber die Gewinne der franz\u00f6sischen Lotterie. Lesen Sie aber zun\u00e4chst die grundlegenden Informationen zu diesem Lottospiel. Lottomat \u2013 Franz\u00f6sisches Lotto.\" \/>\n<meta property=\"og:url\" content=\"https:\/\/lottomat.com\/de\/lotterie\/france-lotto\/\" \/>\n<meta property=\"og:site_name\" content=\"Lottomat\" \/>\n<meta property=\"article:modified_time\" content=\"2025-04-08T09:26:25+00:00\" \/>\n<meta property=\"og:image\" content=\"https:\/\/lottomat.com\/wp-content\/uploads\/2025\/03\/French-Lotto-Prizes-300x300.png\" \/>\n<meta name=\"twitter:card\" content=\"summary_large_image\" \/>\n<meta name=\"twitter:label1\" content=\"Gesch\u00e4tzte Lesezeit\" \/>\n\t<meta name=\"twitter:data1\" content=\"4\u00a0Minuten\" \/>\n<script type=\"application\/ld+json\" class=\"yoast-schema-graph\">{\"@context\":\"https:\/\/schema.org\",\"@graph\":[{\"@type\":\"WebPage\",\"@id\":\"https:\/\/lottomat.com\/de\/lotterie\/france-lotto\/\",\"url\":\"https:\/\/lottomat.com\/de\/lotterie\/france-lotto\/\",\"name\":\"Informationen zum franz\u00f6sischen Lotto pr\u00fcfen\",\"isPartOf\":{\"@id\":\"https:\/\/lottomat.com\/de\/#website\"},\"primaryImageOfPage\":{\"@id\":\"https:\/\/lottomat.com\/de\/lotterie\/france-lotto\/#primaryimage\"},\"image\":{\"@id\":\"https:\/\/lottomat.com\/de\/lotterie\/france-lotto\/#primaryimage\"},\"thumbnailUrl\":\"https:\/\/lottomat.com\/wp-content\/uploads\/2025\/03\/French-Lotto-Prizes-300x300.png\",\"datePublished\":\"2025-03-26T15:01:45+00:00\",\"dateModified\":\"2025-04-08T09:26:25+00:00\",\"description\":\"Erfahren Sie alles \u00fcber die Gewinne der franz\u00f6sischen Lotterie. Lesen Sie aber zun\u00e4chst die grundlegenden Informationen zu diesem Lottospiel. Lottomat \u2013 Franz\u00f6sisches Lotto.\",\"breadcrumb\":{\"@id\":\"https:\/\/lottomat.com\/de\/lotterie\/france-lotto\/#breadcrumb\"},\"inLanguage\":\"de\",\"potentialAction\":[{\"@type\":\"ReadAction\",\"target\":[\"https:\/\/lottomat.com\/de\/lotterie\/france-lotto\/\"]}]},{\"@type\":\"ImageObject\",\"inLanguage\":\"de\",\"@id\":\"https:\/\/lottomat.com\/de\/lotterie\/france-lotto\/#primaryimage\",\"url\":\"https:\/\/lottomat.com\/wp-content\/uploads\/2025\/03\/French-Lotto-Prizes-300x300.png\",\"contentUrl\":\"https:\/\/lottomat.com\/wp-content\/uploads\/2025\/03\/French-Lotto-Prizes-300x300.png\"},{\"@type\":\"BreadcrumbList\",\"@id\":\"https:\/\/lottomat.com\/de\/lotterie\/france-lotto\/#breadcrumb\",\"itemListElement\":[{\"@type\":\"ListItem\",\"position\":1,\"name\":\"Home\",\"item\":\"https:\/\/lottomat.com\/de\/\"},{\"@type\":\"ListItem\",\"position\":2,\"name\":\"Lotterie-Regeln: Preise, Jackpot &#038; Gewinnchancen\",\"item\":\"https:\/\/lottomat.com\/de\/lotterie\/\"},{\"@type\":\"ListItem\",\"position\":3,\"name\":\"Informationen zum franz\u00f6sischen Lotto\"}]},{\"@type\":\"WebSite\",\"@id\":\"https:\/\/lottomat.com\/de\/#website\",\"url\":\"https:\/\/lottomat.com\/de\/\",\"name\":\"Lottomat\",\"description\":\"\",\"potentialAction\":[{\"@type\":\"SearchAction\",\"target\":{\"@type\":\"EntryPoint\",\"urlTemplate\":\"https:\/\/lottomat.com\/de\/?s={search_term_string}\"},\"query-input\":{\"@type\":\"PropertyValueSpecification\",\"valueRequired\":true,\"valueName\":\"search_term_string\"}}],\"inLanguage\":\"de\"}]}<\/script>\n<!-- \/ Yoast SEO plugin. -->","yoast_head_json":{"title":"Informationen zum franz\u00f6sischen Lotto pr\u00fcfen","description":"Erfahren Sie alles \u00fcber die Gewinne der franz\u00f6sischen Lotterie. Lesen Sie aber zun\u00e4chst die grundlegenden Informationen zu diesem Lottospiel. Lottomat \u2013 Franz\u00f6sisches Lotto.","robots":{"index":"index","follow":"follow","max-snippet":"max-snippet:-1","max-image-preview":"max-image-preview:large","max-video-preview":"max-video-preview:-1"},"canonical":"https:\/\/lottomat.com\/de\/lotterie\/france-lotto\/","og_locale":"de_DE","og_type":"article","og_title":"Informationen zum franz\u00f6sischen Lotto pr\u00fcfen","og_description":"Erfahren Sie alles \u00fcber die Gewinne der franz\u00f6sischen Lotterie. Lesen Sie aber zun\u00e4chst die grundlegenden Informationen zu diesem Lottospiel. Lottomat \u2013 Franz\u00f6sisches Lotto.","og_url":"https:\/\/lottomat.com\/de\/lotterie\/france-lotto\/","og_site_name":"Lottomat","article_modified_time":"2025-04-08T09:26:25+00:00","og_image":[{"url":"https:\/\/lottomat.com\/wp-content\/uploads\/2025\/03\/French-Lotto-Prizes-300x300.png"}],"twitter_card":"summary_large_image","twitter_misc":{"Gesch\u00e4tzte Lesezeit":"4\u00a0Minuten"},"schema":{"@context":"https:\/\/schema.org","@graph":[{"@type":"WebPage","@id":"https:\/\/lottomat.com\/de\/lotterie\/france-lotto\/","url":"https:\/\/lottomat.com\/de\/lotterie\/france-lotto\/","name":"Informationen zum franz\u00f6sischen Lotto pr\u00fcfen","isPartOf":{"@id":"https:\/\/lottomat.com\/de\/#website"},"primaryImageOfPage":{"@id":"https:\/\/lottomat.com\/de\/lotterie\/france-lotto\/#primaryimage"},"image":{"@id":"https:\/\/lottomat.com\/de\/lotterie\/france-lotto\/#primaryimage"},"thumbnailUrl":"https:\/\/lottomat.com\/wp-content\/uploads\/2025\/03\/French-Lotto-Prizes-300x300.png","datePublished":"2025-03-26T15:01:45+00:00","dateModified":"2025-04-08T09:26:25+00:00","description":"Erfahren Sie alles \u00fcber die Gewinne der franz\u00f6sischen Lotterie. Lesen Sie aber zun\u00e4chst die grundlegenden Informationen zu diesem Lottospiel. Lottomat \u2013 Franz\u00f6sisches Lotto.","breadcrumb":{"@id":"https:\/\/lottomat.com\/de\/lotterie\/france-lotto\/#breadcrumb"},"inLanguage":"de","potentialAction":[{"@type":"ReadAction","target":["https:\/\/lottomat.com\/de\/lotterie\/france-lotto\/"]}]},{"@type":"ImageObject","inLanguage":"de","@id":"https:\/\/lottomat.com\/de\/lotterie\/france-lotto\/#primaryimage","url":"https:\/\/lottomat.com\/wp-content\/uploads\/2025\/03\/French-Lotto-Prizes-300x300.png","contentUrl":"https:\/\/lottomat.com\/wp-content\/uploads\/2025\/03\/French-Lotto-Prizes-300x300.png"},{"@type":"BreadcrumbList","@id":"https:\/\/lottomat.com\/de\/lotterie\/france-lotto\/#breadcrumb","itemListElement":[{"@type":"ListItem","position":1,"name":"Home","item":"https:\/\/lottomat.com\/de\/"},{"@type":"ListItem","position":2,"name":"Lotterie-Regeln: Preise, Jackpot &#038; Gewinnchancen","item":"https:\/\/lottomat.com\/de\/lotterie\/"},{"@type":"ListItem","position":3,"name":"Informationen zum franz\u00f6sischen Lotto"}]},{"@type":"WebSite","@id":"https:\/\/lottomat.com\/de\/#website","url":"https:\/\/lottomat.com\/de\/","name":"Lottomat","description":"","potentialAction":[{"@type":"SearchAction","target":{"@type":"EntryPoint","urlTemplate":"https:\/\/lottomat.com\/de\/?s={search_term_string}"},"query-input":{"@type":"PropertyValueSpecification","valueRequired":true,"valueName":"search_term_string"}}],"inLanguage":"de"}]}},"_links":{"self":[{"href":"https:\/\/lottomat.com\/de\/wp-json\/wp\/v2\/pages\/6967","targetHints":{"allow":["GET"]}}],"collection":[{"href":"https:\/\/lottomat.com\/de\/wp-json\/wp\/v2\/pages"}],"about":[{"href":"https:\/\/lottomat.com\/de\/wp-json\/wp\/v2\/types\/page"}],"author":[{"embeddable":true,"href":"https:\/\/lottomat.com\/de\/wp-json\/wp\/v2\/users\/1"}],"replies":[{"embeddable":true,"href":"https:\/\/lottomat.com\/de\/wp-json\/wp\/v2\/comments?post=6967"}],"version-history":[{"count":0,"href":"https:\/\/lottomat.com\/de\/wp-json\/wp\/v2\/pages\/6967\/revisions"}],"up":[{"embeddable":true,"href":"https:\/\/lottomat.com\/de\/wp-json\/wp\/v2\/pages\/6865"}],"wp:attachment":[{"href":"https:\/\/lottomat.com\/de\/wp-json\/wp\/v2\/media?parent=6967"}],"curies":[{"name":"wp","href":"https:\/\/api.w.org\/{rel}","templated":true}]}}